{"id":5679,"date":"2025-04-04T12:37:34","date_gmt":"2025-04-04T12:37:34","guid":{"rendered":"https:\/\/mx.motorad.com\/kraftstoffdampf-spuelmagnetventile\/"},"modified":"2026-03-17T14:25:58","modified_gmt":"2026-03-17T14:25:58","slug":"kraftstoffdampf-spuelmagnetventile","status":"publish","type":"page","link":"https:\/\/mx.motorad.com\/de\/produkte\/evap-system\/kraftstoffdampf-spuelmagnetventile\/","title":{"rendered":"Magnetventile zur Aktivkohlebeh\u00e4lter-Entl\u00fcftung"},"content":{"rendered":"<h1 style=\"margin-top:var(--wp--preset--spacing--60);margin-bottom:var(--wp--preset--spacing--60);\" class=\"wp-block-post-title\">Magnetventile zur Aktivkohlebeh\u00e4lter-Entl\u00fcftung<\/h1>\n<div class=\"wp-block-columns is-layout-flex wp-container-core-columns-is-layout-cbe57604 wp-block-columns-is-layout-flex\">\n<div class=\"wp-block-column is-layout-flow wp-block-column-is-layout-flow\" style=\"flex-basis:33.33%\">\n<figure class=\"wp-block-image size-full\"><img loading=\"lazy\" decoding=\"async\" width=\"2560\" height=\"2560\" src=\"https:\/\/mx.motorad.com\/wp-content\/uploads\/2025\/04\/EVP0091_Angle-1-scaled-1.jpg\" alt=\"\" class=\"wp-image-4537\" srcset=\"https:\/\/mx.motorad.com\/wp-content\/uploads\/2025\/04\/EVP0091_Angle-1-scaled-1.jpg 2560w, https:\/\/mx.motorad.com\/wp-content\/uploads\/2025\/04\/EVP0091_Angle-1-scaled-1-300x300.jpg 300w, https:\/\/mx.motorad.com\/wp-content\/uploads\/2025\/04\/EVP0091_Angle-1-scaled-1-1024x1024.jpg 1024w, https:\/\/mx.motorad.com\/wp-content\/uploads\/2025\/04\/EVP0091_Angle-1-scaled-1-150x150.jpg 150w, https:\/\/mx.motorad.com\/wp-content\/uploads\/2025\/04\/EVP0091_Angle-1-scaled-1-768x768.jpg 768w, https:\/\/mx.motorad.com\/wp-content\/uploads\/2025\/04\/EVP0091_Angle-1-scaled-1-1536x1536.jpg 1536w, https:\/\/mx.motorad.com\/wp-content\/uploads\/2025\/04\/EVP0091_Angle-1-scaled-1-2048x2048.jpg 2048w\" sizes=\"auto, (max-width: 2560px) 100vw, 2560px\" \/><\/figure>\n<\/div>\n\n\n\n<div class=\"wp-block-column is-layout-flow wp-block-column-is-layout-flow\" style=\"flex-basis:66.66%\">\n<p style=\"margin-bottom:var(--wp--preset--spacing--20)\">Das Magnetventil zur Aktivkohlebeh\u00e4lter-Entl\u00fcftung ist ein wesentlicher Bestandteil des Emissionskontrollsystems eines Fahrzeugs und steuert den Durchfluss von Kraftstoffd\u00e4mpfen vom Aktivkohlebeh\u00e4lter zum Motor zur Verbrennung. Dieser Prozess verhindert, dass sch\u00e4dliche Kraftstoffd\u00e4mpfe in die Atmosph\u00e4re gelangen, und unterst\u00fctzt sowohl die Umweltvertr\u00e4glichkeit als auch die Fahrzeugeffizienz. Durch die Steuerung des Dampfstroms tr\u00e4gt das Ventil zur Einhaltung von Emissionsstandards bei, reduziert die Umweltbelastung und f\u00f6rdert sauberere Luft.  <\/p>\n\n\n\n<p style=\"margin-bottom:var(--wp--preset--spacing--20)\">Ein hochwertiges Ersatz-Magnetventil zur Aktivkohlebeh\u00e4lter-Entl\u00fcftung ist entscheidend, um eine zuverl\u00e4ssige Leistung und eine wirksame Emissionskontrolle sicherzustellen. Magnetventile minderer Qualit\u00e4t k\u00f6nnen zu Problemen wie Motorfehlz\u00fcndungen, geringerem Kraftstoffwirkungsgrad und erh\u00f6hten Emissionen f\u00fchren. Die Investition in ein langlebiges, pr\u00e4zise konstruiertes Magnetventil sorgt f\u00fcr eine konstante Emissionskontrolle, optimiert den Kraftstoffverbrauch und minimiert den Verschlei\u00df von Motor und anderen Komponenten. Die Wahl eines hochwertigen Ersatzventils ist unerl\u00e4sslich, um die Motorgesundheit zu erhalten, die Kraftstoffeffizienz zu maximieren und verantwortungsbewusst mit der Umwelt umzugehen.   <\/p>\n<\/div>\n<\/div>\n\n<ul style=\"margin-top:var(--wp--preset--spacing--60);margin-bottom:var(--wp--preset--spacing--60)\" class=\"wp-block-list\">\n<li style=\"margin-bottom:var(--wp--preset--spacing--20)\">Verbessert die Gesamtleistung des Motors, indem es f\u00fcr den korrekten Dampfstrom sorgt und so das richtige Luft-Kraftstoff-Gemisch aufrechterh\u00e4lt<\/li>\n\n\n\n<li style=\"margin-bottom:var(--wp--preset--spacing--20)\">Hilft, sch\u00e4dliche Emissionen zu reduzieren, und stellt durch die Steuerung der Einleitung von Kraftstoffd\u00e4mpfen in den Motor die Einhaltung von Umweltvorschriften sicher<\/li>\n\n\n\n<li>Gew\u00e4hrleistet eine pr\u00e4zise Funktion nach elektromagnetischen Prinzipien, um den Durchfluss von Kraftstoffd\u00e4mpfen vom Aktivkohlebeh\u00e4lter zum Motor zu steuern<\/li>\n<\/ul>\n\n<hr class=\"wp-block-separator has-text-color has-palette-brand-3-color has-alpha-channel-opacity has-palette-brand-3-background-color has-background is-style-wide\" style=\"margin-top:var(--wp--preset--spacing--50);margin-bottom:var(--wp--preset--spacing--50)\"\/>\n\n<div class=\"wp-block-columns are-vertically-aligned-center is-layout-flex wp-container-core-columns-is-layout-06f677bf wp-block-columns-is-layout-flex\" style=\"margin-bottom:var(--wp--preset--spacing--70)\">\n<div class=\"wp-block-column is-vertically-aligned-center is-layout-flow wp-block-column-is-layout-flow\" style=\"flex-basis:33.33%\">\n<figure class=\"wp-block-image size-full\"><img loading=\"lazy\" decoding=\"async\" width=\"1200\" height=\"498\" src=\"https:\/\/mx.motorad.com\/wp-content\/uploads\/2025\/04\/24-evap-icon-1.jpg\" alt=\"\" class=\"wp-image-4518\" srcset=\"https:\/\/mx.motorad.com\/wp-content\/uploads\/2025\/04\/24-evap-icon-1.jpg 1200w, https:\/\/mx.motorad.com\/wp-content\/uploads\/2025\/04\/24-evap-icon-1-300x125.jpg 300w, https:\/\/mx.motorad.com\/wp-content\/uploads\/2025\/04\/24-evap-icon-1-1024x425.jpg 1024w, https:\/\/mx.motorad.com\/wp-content\/uploads\/2025\/04\/24-evap-icon-1-768x319.jpg 768w\" sizes=\"auto, (max-width: 1200px) 100vw, 1200px\" \/><\/figure>\n<\/div>\n\n\n\n<div class=\"wp-block-column is-vertically-aligned-center is-layout-flow wp-block-column-is-layout-flow\" style=\"flex-basis:66.66%\">\n<h2 class=\"wp-block-heading\" id=\"h-see-the-full-line-of-evap-system-products\"><a href=\"https:\/\/mx.motorad.com\/de\/produkte\/evap-system\/\">See the full line of EVAP System Products<\/a><\/h2>\n<\/div>\n<\/div>\n\n<div class=\"wp-block-cover alignfull is-light\" style=\"padding-top:var(--wp--preset--spacing--60);padding-bottom:var(--wp--preset--spacing--60)\"><span aria-hidden=\"true\" class=\"wp-block-cover__background has-background-dim-0 has-background-dim\" style=\"background-color:#ece5d9\"><\/span><img loading=\"lazy\" decoding=\"async\" width=\"1505\" height=\"305\" class=\"wp-block-cover__image-background wp-image-223\" alt=\"\" src=\"https:\/\/mx.motorad.com\/wp-content\/uploads\/2025\/03\/FooterCTA.jpg\" data-object-fit=\"cover\" srcset=\"https:\/\/mx.motorad.com\/wp-content\/uploads\/2025\/03\/FooterCTA.jpg 1505w, https:\/\/mx.motorad.com\/wp-content\/uploads\/2025\/03\/FooterCTA-300x61.jpg 300w, https:\/\/mx.motorad.com\/wp-content\/uploads\/2025\/03\/FooterCTA-1024x208.jpg 1024w, https:\/\/mx.motorad.com\/wp-content\/uploads\/2025\/03\/FooterCTA-768x156.jpg 768w\" sizes=\"auto, (max-width: 1505px) 100vw, 1505px\" \/><div class=\"wp-block-cover__inner-container is-layout-flow wp-block-cover-is-layout-flow\">\n<div class=\"wp-block-columns are-vertically-aligned-center is-layout-flex wp-container-core-columns-is-layout-cbe57604 wp-block-columns-is-layout-flex\">\n<div class=\"wp-block-column is-vertically-aligned-center is-layout-flow wp-block-column-is-layout-flow\" style=\"flex-basis:45%\">\n<h2 class=\"wp-block-heading has-text-align-center has-palette-text-color has-text-color\" id=\"h-need-help-finding-the-right-product\" style=\"margin-bottom:var(--wp--preset--spacing--40)\">Brauchen Sie Hilfe bei der Suche nach dem richtigen Produkt?<\/h2>\n\n\n\n<p class=\"has-text-align-center has-palette-text-color has-text-color\" style=\"margin-bottom:var(--wp--preset--spacing--50)\">Unser engagiertes Team ist hier, um Sie in die richtige Richtung zu lenken. Klicken Sie unten und lassen Sie uns wissen, wie wir Ihnen helfen k\u00f6nnen, das ideale Produkt f\u00fcr Ihren Bedarf zu finden. Ihre Reise zu BESSEREN Erfahrungen beginnt hier.  <\/p>\n\n\n\n<div class=\"wp-block-buttons is-content-justification-center is-layout-flex wp-container-core-buttons-is-layout-a89b3969 wp-block-buttons-is-layout-flex\">\n<div class=\"wp-block-button\"><a class=\"wp-block-button__link has-text-align-center wp-element-button\" href=\"https:\/\/mx.motorad.com\/contact\/need-help-finding-something\/\">Sprechen Sie mit einem MotoRad Spezialisten<\/a><\/div>\n<\/div>\n<\/div>\n\n\n\n<div class=\"wp-block-column is-layout-flow wp-block-column-is-layout-flow\" style=\"flex-basis:10%\"><\/div>\n\n\n\n<div class=\"wp-block-column is-layout-flow wp-block-column-is-layout-flow\" style=\"flex-basis:45%\">\n<h2 class=\"wp-block-heading has-text-align-center has-palette-text-color has-text-color\" id=\"h-looking-for-custom-development\" style=\"margin-bottom:var(--wp--preset--spacing--40)\">Suchen Sie eine individuelle Entwicklung?<\/h2>\n\n\n\n<p class=\"has-text-align-center has-palette-text-color has-text-color\" style=\"margin-bottom:var(--wp--preset--spacing--50)\">Bei uns geht es nicht nur um Produkte, sondern um ma\u00dfgeschneiderte L\u00f6sungen, die Ihren Bed\u00fcrfnissen entsprechen. Sind Sie bereit, Ihr neues Projekt zum Leben zu erwecken? Klicken Sie unten, und lassen Sie uns gemeinsam auf die Reise der individuellen Produktentwicklung gehen.  <\/p>\n\n\n\n<div class=\"wp-block-buttons is-content-justification-center is-layout-flex wp-container-core-buttons-is-layout-a89b3969 wp-block-buttons-is-layout-flex\">\n<div class=\"wp-block-button is-style-fill\"><a class=\"wp-block-button__link has-palette-bg-color has-palette-text-background-color has-text-color has-background has-text-align-center wp-element-button\" href=\"https:\/\/mx.motorad.com\/contact\/do-you-need-custom-development\/\">Wir m\u00f6chten Ihr Lieferant sein<\/a><\/div>\n<\/div>\n<\/div>\n<\/div>\n<\/div><\/div>\n","protected":false},"excerpt":{"rendered":"<p>Das Magnetventil zur Aktivkohlebeh\u00e4lter-Entl\u00fcftung ist ein wesentlicher Bestandteil des Emissionskontrollsystems eines Fahrzeugs und steuert den Durchfluss von Kraftstoffd\u00e4mpfen vom Aktivkohlebeh\u00e4lter [&#8230;]<\/p>\n","protected":false},"author":1,"featured_media":0,"parent":5833,"menu_order":0,"comment_status":"closed","ping_status":"closed","template":"","meta":{"_acf_changed":false,"footnotes":""},"class_list":["post-5679","page","type-page","status-publish","hentry"],"acf":[],"yoast_head":"<!-- This site is optimized with the Yoast SEO Premium plugin v27.2 (Yoast SEO v27.2) - https:\/\/yoast.com\/product\/yoast-seo-premium-wordpress\/ -->\n<title>Magnetventile zur Aktivkohlebeh\u00e4lter-Entl\u00fcftung - MotoRad<\/title>\n<meta name=\"description\" content=\"MotoRad - Magnetventile zur Aktivkohlebeh\u00e4lter-Entl\u00fcftung\" \/>\n<meta name=\"robots\" content=\"index, follow, max-snippet:-1, max-image-preview:large, max-video-preview:-1\" \/>\n<link rel=\"canonical\" href=\"https:\/\/mx.motorad.com\/de\/produkte\/evap-system\/kraftstoffdampf-spuelmagnetventile\/\" \/>\n<meta property=\"og:locale\" content=\"de_DE\" \/>\n<meta property=\"og:type\" content=\"article\" \/>\n<meta property=\"og:title\" content=\"Magnetventile zur Aktivkohlebeh\u00e4lter-Entl\u00fcftung\" \/>\n<meta property=\"og:description\" content=\"MotoRad - Magnetventile zur Aktivkohlebeh\u00e4lter-Entl\u00fcftung\" \/>\n<meta property=\"og:url\" content=\"https:\/\/mx.motorad.com\/de\/produkte\/evap-system\/kraftstoffdampf-spuelmagnetventile\/\" \/>\n<meta property=\"og:site_name\" content=\"MotoRad\" \/>\n<meta property=\"article:modified_time\" content=\"2026-03-17T14:25:58+00:00\" \/>\n<meta property=\"og:image\" content=\"https:\/\/mx.motorad.com\/wp-content\/uploads\/2025\/04\/EVP0091_Angle-1-scaled-1.jpg\" \/>\n\t<meta property=\"og:image:width\" content=\"2560\" \/>\n\t<meta property=\"og:image:height\" content=\"2560\" \/>\n\t<meta property=\"og:image:type\" content=\"image\/jpeg\" \/>\n<meta name=\"twitter:card\" content=\"summary_large_image\" \/>\n<meta name=\"twitter:label1\" content=\"Est. reading time\" \/>\n\t<meta name=\"twitter:data1\" content=\"1\u00a0Minute\" \/>\n<script type=\"application\/ld+json\" class=\"yoast-schema-graph\">{\"@context\":\"https:\/\/schema.org\",\"@graph\":[{\"@type\":\"WebPage\",\"@id\":\"https:\/\/mx.motorad.com\/de\/produkte\/evap-system\/kraftstoffdampf-spuelmagnetventile\/\",\"url\":\"https:\/\/mx.motorad.com\/de\/produkte\/evap-system\/kraftstoffdampf-spuelmagnetventile\/\",\"name\":\"Magnetventile zur Aktivkohlebeh\u00e4lter-Entl\u00fcftung - MotoRad\",\"isPartOf\":{\"@id\":\"https:\/\/mx.motorad.com\/de\/#website\"},\"primaryImageOfPage\":{\"@id\":\"https:\/\/mx.motorad.com\/de\/produkte\/evap-system\/kraftstoffdampf-spuelmagnetventile\/#primaryimage\"},\"image\":{\"@id\":\"https:\/\/mx.motorad.com\/de\/produkte\/evap-system\/kraftstoffdampf-spuelmagnetventile\/#primaryimage\"},\"thumbnailUrl\":\"https:\/\/mx.motorad.com\/wp-content\/uploads\/2025\/04\/EVP0091_Angle-1-scaled-1.jpg\",\"datePublished\":\"2025-04-04T12:37:34+00:00\",\"dateModified\":\"2026-03-17T14:25:58+00:00\",\"description\":\"MotoRad - Magnetventile zur Aktivkohlebeh\u00e4lter-Entl\u00fcftung\",\"breadcrumb\":{\"@id\":\"https:\/\/mx.motorad.com\/de\/produkte\/evap-system\/kraftstoffdampf-spuelmagnetventile\/#breadcrumb\"},\"inLanguage\":\"de\",\"potentialAction\":[{\"@type\":\"ReadAction\",\"target\":[\"https:\/\/mx.motorad.com\/de\/produkte\/evap-system\/kraftstoffdampf-spuelmagnetventile\/\"]}]},{\"@type\":\"ImageObject\",\"inLanguage\":\"de\",\"@id\":\"https:\/\/mx.motorad.com\/de\/produkte\/evap-system\/kraftstoffdampf-spuelmagnetventile\/#primaryimage\",\"url\":\"https:\/\/mx.motorad.com\/wp-content\/uploads\/2025\/04\/EVP0091_Angle-1-scaled-1.jpg\",\"contentUrl\":\"https:\/\/mx.motorad.com\/wp-content\/uploads\/2025\/04\/EVP0091_Angle-1-scaled-1.jpg\"},{\"@type\":\"BreadcrumbList\",\"@id\":\"https:\/\/mx.motorad.com\/de\/produkte\/evap-system\/kraftstoffdampf-spuelmagnetventile\/#breadcrumb\",\"itemListElement\":[{\"@type\":\"ListItem\",\"position\":1,\"name\":\"Home\",\"item\":\"https:\/\/mx.motorad.com\/de\/\"},{\"@type\":\"ListItem\",\"position\":2,\"name\":\"Produkte\",\"item\":\"https:\/\/motoradnew.test\/de\/produkte\/\"},{\"@type\":\"ListItem\",\"position\":3,\"name\":\"EVAP-System\",\"item\":\"https:\/\/mx.motorad.com\/de\/produkte\/evap-system\/\"},{\"@type\":\"ListItem\",\"position\":4,\"name\":\"Magnetventile zur Aktivkohlebeh\u00e4lter-Entl\u00fcftung\"}]},{\"@type\":\"WebSite\",\"@id\":\"https:\/\/mx.motorad.com\/de\/#website\",\"url\":\"https:\/\/mx.motorad.com\/de\/\",\"name\":\"MotoRad\",\"description\":\"Trusted to Deliver Better - Thermal Management, Emissions, Powertrain Controls\",\"potentialAction\":[{\"@type\":\"SearchAction\",\"target\":{\"@type\":\"EntryPoint\",\"urlTemplate\":\"https:\/\/mx.motorad.com\/de\/?s={search_term_string}\"},\"query-input\":{\"@type\":\"PropertyValueSpecification\",\"valueRequired\":true,\"valueName\":\"search_term_string\"}}],\"inLanguage\":\"de\"}]}<\/script>\n<!-- \/ Yoast SEO Premium plugin. -->","yoast_head_json":{"title":"Magnetventile zur Aktivkohlebeh\u00e4lter-Entl\u00fcftung - MotoRad","description":"MotoRad - Magnetventile zur Aktivkohlebeh\u00e4lter-Entl\u00fcftung","robots":{"index":"index","follow":"follow","max-snippet":"max-snippet:-1","max-image-preview":"max-image-preview:large","max-video-preview":"max-video-preview:-1"},"canonical":"https:\/\/mx.motorad.com\/de\/produkte\/evap-system\/kraftstoffdampf-spuelmagnetventile\/","og_locale":"de_DE","og_type":"article","og_title":"Magnetventile zur Aktivkohlebeh\u00e4lter-Entl\u00fcftung","og_description":"MotoRad - Magnetventile zur Aktivkohlebeh\u00e4lter-Entl\u00fcftung","og_url":"https:\/\/mx.motorad.com\/de\/produkte\/evap-system\/kraftstoffdampf-spuelmagnetventile\/","og_site_name":"MotoRad","article_modified_time":"2026-03-17T14:25:58+00:00","og_image":[{"width":2560,"height":2560,"url":"https:\/\/mx.motorad.com\/wp-content\/uploads\/2025\/04\/EVP0091_Angle-1-scaled-1.jpg","type":"image\/jpeg"}],"twitter_card":"summary_large_image","twitter_misc":{"Est. reading time":"1\u00a0Minute"},"schema":{"@context":"https:\/\/schema.org","@graph":[{"@type":"WebPage","@id":"https:\/\/mx.motorad.com\/de\/produkte\/evap-system\/kraftstoffdampf-spuelmagnetventile\/","url":"https:\/\/mx.motorad.com\/de\/produkte\/evap-system\/kraftstoffdampf-spuelmagnetventile\/","name":"Magnetventile zur Aktivkohlebeh\u00e4lter-Entl\u00fcftung - MotoRad","isPartOf":{"@id":"https:\/\/mx.motorad.com\/de\/#website"},"primaryImageOfPage":{"@id":"https:\/\/mx.motorad.com\/de\/produkte\/evap-system\/kraftstoffdampf-spuelmagnetventile\/#primaryimage"},"image":{"@id":"https:\/\/mx.motorad.com\/de\/produkte\/evap-system\/kraftstoffdampf-spuelmagnetventile\/#primaryimage"},"thumbnailUrl":"https:\/\/mx.motorad.com\/wp-content\/uploads\/2025\/04\/EVP0091_Angle-1-scaled-1.jpg","datePublished":"2025-04-04T12:37:34+00:00","dateModified":"2026-03-17T14:25:58+00:00","description":"MotoRad - Magnetventile zur Aktivkohlebeh\u00e4lter-Entl\u00fcftung","breadcrumb":{"@id":"https:\/\/mx.motorad.com\/de\/produkte\/evap-system\/kraftstoffdampf-spuelmagnetventile\/#breadcrumb"},"inLanguage":"de","potentialAction":[{"@type":"ReadAction","target":["https:\/\/mx.motorad.com\/de\/produkte\/evap-system\/kraftstoffdampf-spuelmagnetventile\/"]}]},{"@type":"ImageObject","inLanguage":"de","@id":"https:\/\/mx.motorad.com\/de\/produkte\/evap-system\/kraftstoffdampf-spuelmagnetventile\/#primaryimage","url":"https:\/\/mx.motorad.com\/wp-content\/uploads\/2025\/04\/EVP0091_Angle-1-scaled-1.jpg","contentUrl":"https:\/\/mx.motorad.com\/wp-content\/uploads\/2025\/04\/EVP0091_Angle-1-scaled-1.jpg"},{"@type":"BreadcrumbList","@id":"https:\/\/mx.motorad.com\/de\/produkte\/evap-system\/kraftstoffdampf-spuelmagnetventile\/#breadcrumb","itemListElement":[{"@type":"ListItem","position":1,"name":"Home","item":"https:\/\/mx.motorad.com\/de\/"},{"@type":"ListItem","position":2,"name":"Produkte","item":"https:\/\/motoradnew.test\/de\/produkte\/"},{"@type":"ListItem","position":3,"name":"EVAP-System","item":"https:\/\/mx.motorad.com\/de\/produkte\/evap-system\/"},{"@type":"ListItem","position":4,"name":"Magnetventile zur Aktivkohlebeh\u00e4lter-Entl\u00fcftung"}]},{"@type":"WebSite","@id":"https:\/\/mx.motorad.com\/de\/#website","url":"https:\/\/mx.motorad.com\/de\/","name":"MotoRad","description":"Trusted to Deliver Better - Thermal Management, Emissions, Powertrain Controls","potentialAction":[{"@type":"SearchAction","target":{"@type":"EntryPoint","urlTemplate":"https:\/\/mx.motorad.com\/de\/?s={search_term_string}"},"query-input":{"@type":"PropertyValueSpecification","valueRequired":true,"valueName":"search_term_string"}}],"inLanguage":"de"}]}},"_links":{"self":[{"href":"https:\/\/mx.motorad.com\/de\/wp-json\/wp\/v2\/pages\/5679","targetHints":{"allow":["GET"]}}],"collection":[{"href":"https:\/\/mx.motorad.com\/de\/wp-json\/wp\/v2\/pages"}],"about":[{"href":"https:\/\/mx.motorad.com\/de\/wp-json\/wp\/v2\/types\/page"}],"author":[{"embeddable":true,"href":"https:\/\/mx.motorad.com\/de\/wp-json\/wp\/v2\/users\/1"}],"replies":[{"embeddable":true,"href":"https:\/\/mx.motorad.com\/de\/wp-json\/wp\/v2\/comments?post=5679"}],"version-history":[{"count":3,"href":"https:\/\/mx.motorad.com\/de\/wp-json\/wp\/v2\/pages\/5679\/revisions"}],"predecessor-version":[{"id":87849,"href":"https:\/\/mx.motorad.com\/de\/wp-json\/wp\/v2\/pages\/5679\/revisions\/87849"}],"up":[{"embeddable":true,"href":"https:\/\/mx.motorad.com\/de\/wp-json\/wp\/v2\/pages\/5833"}],"wp:attachment":[{"href":"https:\/\/mx.motorad.com\/de\/wp-json\/wp\/v2\/media?parent=5679"}],"curies":[{"name":"wp","href":"https:\/\/api.w.org\/{rel}","templated":true}]}}