{"id":5728,"date":"2025-04-03T18:08:54","date_gmt":"2025-04-03T18:08:54","guid":{"rendered":"https:\/\/mx.motorad.com\/drosselklappensensoren\/"},"modified":"2025-06-13T12:48:35","modified_gmt":"2025-06-13T12:48:35","slug":"drosselklappensensoren","status":"publish","type":"page","link":"https:\/\/mx.motorad.com\/de\/produkte\/antriebsstrangsteuerungen\/drosselklappensensoren\/","title":{"rendered":"Drosselklappensensoren"},"content":{"rendered":"<h1 style=\"margin-top:var(--wp--preset--spacing--60);margin-bottom:var(--wp--preset--spacing--60);\" class=\"wp-block-post-title\">Drosselklappensensoren<\/h1>\n<p>MotoRad Drosselklappensensoren bieten pr\u00e4zise Signalgebung an das Motorsteuerger\u00e4t, um optimale Leistung und Kraftstoffeffizienz zu gew\u00e4hrleisten. Sie werden unter Verwendung der hochwertigsten OEM-zugelassenen Materialien hergestellt, was zu engeren Toleranzen und erh\u00f6hter Haltbarkeit f\u00fchrt. S\u00e4mtliche MotoRad Drosselklappensensoren sind darauf ausgelegt, die OEM-Spezifikationen in unseren ISO TS16949-zertifizierten Produktionsst\u00e4tten zu erf\u00fcllen oder zu \u00fcbertreffen.  <\/p>\n\n<div class=\"wp-block-columns is-layout-flex wp-container-core-columns-is-layout-95393138 wp-block-columns-is-layout-flex\" style=\"margin-top:var(--wp--preset--spacing--60);margin-bottom:var(--wp--preset--spacing--60)\">\n<div class=\"wp-block-column is-layout-flow wp-block-column-is-layout-flow\">\n<figure class=\"wp-block-image size-full\"><img loading=\"lazy\" decoding=\"async\" width=\"500\" height=\"500\" src=\"https:\/\/mx.motorad.com\/wp-content\/uploads\/2025\/04\/1TP1051_Orientation-View.jpg\" alt=\"\" class=\"wp-image-4140\" srcset=\"https:\/\/mx.motorad.com\/wp-content\/uploads\/2025\/04\/1TP1051_Orientation-View.jpg 500w, https:\/\/mx.motorad.com\/wp-content\/uploads\/2025\/04\/1TP1051_Orientation-View-300x300.jpg 300w, https:\/\/mx.motorad.com\/wp-content\/uploads\/2025\/04\/1TP1051_Orientation-View-150x150.jpg 150w\" sizes=\"auto, (max-width: 500px) 100vw, 500px\" \/><\/figure>\n<\/div>\n\n\n\n<div class=\"wp-block-column is-layout-flow wp-block-column-is-layout-flow\">\n<figure class=\"wp-block-image size-full\"><img loading=\"lazy\" decoding=\"async\" width=\"500\" height=\"500\" src=\"https:\/\/mx.motorad.com\/wp-content\/uploads\/2025\/04\/1TP1040_Top.jpg\" alt=\"\" class=\"wp-image-4126\" srcset=\"https:\/\/mx.motorad.com\/wp-content\/uploads\/2025\/04\/1TP1040_Top.jpg 500w, https:\/\/mx.motorad.com\/wp-content\/uploads\/2025\/04\/1TP1040_Top-300x300.jpg 300w, https:\/\/mx.motorad.com\/wp-content\/uploads\/2025\/04\/1TP1040_Top-150x150.jpg 150w\" sizes=\"auto, (max-width: 500px) 100vw, 500px\" \/><\/figure>\n<\/div>\n\n\n\n<div class=\"wp-block-column is-layout-flow wp-block-column-is-layout-flow\">\n<figure class=\"wp-block-image size-full\"><img loading=\"lazy\" decoding=\"async\" width=\"500\" height=\"500\" src=\"https:\/\/mx.motorad.com\/wp-content\/uploads\/2025\/04\/1TP1052_Bottom.jpg\" alt=\"\" class=\"wp-image-4147\" srcset=\"https:\/\/mx.motorad.com\/wp-content\/uploads\/2025\/04\/1TP1052_Bottom.jpg 500w, https:\/\/mx.motorad.com\/wp-content\/uploads\/2025\/04\/1TP1052_Bottom-300x300.jpg 300w, https:\/\/mx.motorad.com\/wp-content\/uploads\/2025\/04\/1TP1052_Bottom-150x150.jpg 150w\" sizes=\"auto, (max-width: 500px) 100vw, 500px\" \/><\/figure>\n<\/div>\n\n\n\n<div class=\"wp-block-column is-layout-flow wp-block-column-is-layout-flow\">\n<figure class=\"wp-block-image size-full\"><img loading=\"lazy\" decoding=\"async\" width=\"500\" height=\"500\" src=\"https:\/\/mx.motorad.com\/wp-content\/uploads\/2025\/04\/1TP1048_Angle-1.jpg\" alt=\"\" class=\"wp-image-4133\" srcset=\"https:\/\/mx.motorad.com\/wp-content\/uploads\/2025\/04\/1TP1048_Angle-1.jpg 500w, https:\/\/mx.motorad.com\/wp-content\/uploads\/2025\/04\/1TP1048_Angle-1-300x300.jpg 300w, https:\/\/mx.motorad.com\/wp-content\/uploads\/2025\/04\/1TP1048_Angle-1-150x150.jpg 150w\" sizes=\"auto, (max-width: 500px) 100vw, 500px\" \/><\/figure>\n<\/div>\n\n\n\n<div class=\"wp-block-column is-layout-flow wp-block-column-is-layout-flow\">\n<figure class=\"wp-block-image size-full\"><img loading=\"lazy\" decoding=\"async\" width=\"500\" height=\"500\" src=\"https:\/\/mx.motorad.com\/wp-content\/uploads\/2025\/04\/1TP1055_Front.jpg\" alt=\"\" class=\"wp-image-4154\" srcset=\"https:\/\/mx.motorad.com\/wp-content\/uploads\/2025\/04\/1TP1055_Front.jpg 500w, https:\/\/mx.motorad.com\/wp-content\/uploads\/2025\/04\/1TP1055_Front-300x300.jpg 300w, https:\/\/mx.motorad.com\/wp-content\/uploads\/2025\/04\/1TP1055_Front-150x150.jpg 150w\" sizes=\"auto, (max-width: 500px) 100vw, 500px\" \/><\/figure>\n<\/div>\n\n\n\n<div class=\"wp-block-column is-layout-flow wp-block-column-is-layout-flow\">\n<figure class=\"wp-block-image size-full\"><img loading=\"lazy\" decoding=\"async\" width=\"500\" height=\"500\" src=\"https:\/\/mx.motorad.com\/wp-content\/uploads\/2025\/04\/1TP1058_Right.jpg\" alt=\"\" class=\"wp-image-4161\" srcset=\"https:\/\/mx.motorad.com\/wp-content\/uploads\/2025\/04\/1TP1058_Right.jpg 500w, https:\/\/mx.motorad.com\/wp-content\/uploads\/2025\/04\/1TP1058_Right-300x300.jpg 300w, https:\/\/mx.motorad.com\/wp-content\/uploads\/2025\/04\/1TP1058_Right-150x150.jpg 150w\" sizes=\"auto, (max-width: 500px) 100vw, 500px\" \/><\/figure>\n<\/div>\n<\/div>\n\n<ul class=\"wp-block-list\">\n<li>Gefertigt, um eine \u00fcberlegene Abdichtung zu bieten, die vor allen Verunreinigungen im Motorraum sch\u00fctzt und eine Isolierung gegen extreme Hei\u00df- und Kalttemperaturen gew\u00e4hrleistet.<\/li>\n\n\n\n<li>100% kalibriert und am Ende der Fertigungslinie getestet, um eine sorgenfreie Leistung direkt nach dem Auspacken sicherzustellen.<\/li>\n\n\n\n<li>Konzipiert, um alle OEM-Spezifikationen hinsichtlich Passform, Form &amp; Funktion zu erf\u00fcllen oder zu \u00fcbertreffen<\/li>\n\n\n\n<li>Umfangreiche Produkttests, einschlie\u00dflich Salzspr\u00fchnebelpr\u00fcfung, Schlagpr\u00fcfung bei hohen\/niedrigen Temperaturen, thermische Zyklustests, Vibrationstests und Falltests, stellen sicher, dass alle Sensoren die OEM-Spezifikationen erf\u00fcllen oder \u00fcbertreffen.<\/li>\n<\/ul>\n\n<figure class=\"wp-block-image aligncenter size-full\" style=\"margin-right:var(--wp--preset--spacing--60);margin-left:var(--wp--preset--spacing--60)\"><img loading=\"lazy\" decoding=\"async\" width=\"1233\" height=\"679\" src=\"https:\/\/mx.motorad.com\/wp-content\/uploads\/2025\/04\/cts3-1.jpg\" alt=\"\" class=\"wp-image-4169\" srcset=\"https:\/\/mx.motorad.com\/wp-content\/uploads\/2025\/04\/cts3-1.jpg 1233w, https:\/\/mx.motorad.com\/wp-content\/uploads\/2025\/04\/cts3-1-300x165.jpg 300w, https:\/\/mx.motorad.com\/wp-content\/uploads\/2025\/04\/cts3-1-1024x564.jpg 1024w, https:\/\/mx.motorad.com\/wp-content\/uploads\/2025\/04\/cts3-1-768x423.jpg 768w\" sizes=\"auto, (max-width: 1233px) 100vw, 1233px\" \/><\/figure>\n\n<div class=\"wp-block-buttons is-layout-flex wp-block-buttons-is-layout-flex\" style=\"margin-bottom:var(--wp--preset--spacing--70)\">\n<div class=\"wp-block-button\"><a class=\"wp-block-button__link wp-element-button\" href=\"https:\/\/mx.motorad.com\/products\/\">Finden Sie Sensoren f\u00fcr Ihre Anwendung<\/a><\/div>\n<\/div>\n\n<div class=\"wp-block-cover alignfull is-light\" style=\"padding-top:var(--wp--preset--spacing--60);padding-bottom:var(--wp--preset--spacing--60)\"><span aria-hidden=\"true\" class=\"wp-block-cover__background has-background-dim-0 has-background-dim\" style=\"background-color:#ece5d9\"><\/span><img loading=\"lazy\" decoding=\"async\" width=\"1505\" height=\"305\" class=\"wp-block-cover__image-background wp-image-223\" alt=\"\" src=\"https:\/\/mx.motorad.com\/wp-content\/uploads\/2025\/03\/FooterCTA.jpg\" data-object-fit=\"cover\" srcset=\"https:\/\/mx.motorad.com\/wp-content\/uploads\/2025\/03\/FooterCTA.jpg 1505w, https:\/\/mx.motorad.com\/wp-content\/uploads\/2025\/03\/FooterCTA-300x61.jpg 300w, https:\/\/mx.motorad.com\/wp-content\/uploads\/2025\/03\/FooterCTA-1024x208.jpg 1024w, https:\/\/mx.motorad.com\/wp-content\/uploads\/2025\/03\/FooterCTA-768x156.jpg 768w\" sizes=\"auto, (max-width: 1505px) 100vw, 1505px\" \/><div class=\"wp-block-cover__inner-container is-layout-flow wp-block-cover-is-layout-flow\">\n<div class=\"wp-block-columns are-vertically-aligned-center is-layout-flex wp-container-core-columns-is-layout-cbe57604 wp-block-columns-is-layout-flex\">\n<div class=\"wp-block-column is-vertically-aligned-center is-layout-flow wp-block-column-is-layout-flow\" style=\"flex-basis:45%\">\n<h2 class=\"wp-block-heading has-text-align-center has-palette-text-color has-text-color\" id=\"h-need-help-finding-the-right-product\" style=\"margin-bottom:var(--wp--preset--spacing--40)\">Brauchen Sie Hilfe bei der Suche nach dem richtigen Produkt?<\/h2>\n\n\n\n<p class=\"has-text-align-center has-palette-text-color has-text-color\" style=\"margin-bottom:var(--wp--preset--spacing--50)\">Unser engagiertes Team ist hier, um Sie in die richtige Richtung zu lenken. Klicken Sie unten und lassen Sie uns wissen, wie wir Ihnen helfen k\u00f6nnen, das ideale Produkt f\u00fcr Ihren Bedarf zu finden. Ihre Reise zu BESSEREN Erfahrungen beginnt hier.  <\/p>\n\n\n\n<div class=\"wp-block-buttons is-content-justification-center is-layout-flex wp-container-core-buttons-is-layout-a89b3969 wp-block-buttons-is-layout-flex\">\n<div class=\"wp-block-button\"><a class=\"wp-block-button__link has-text-align-center wp-element-button\" href=\"https:\/\/mx.motorad.com\/contact\/need-help-finding-something\/\">Sprechen Sie mit einem MotoRad Spezialisten<\/a><\/div>\n<\/div>\n<\/div>\n\n\n\n<div class=\"wp-block-column is-layout-flow wp-block-column-is-layout-flow\" style=\"flex-basis:10%\"><\/div>\n\n\n\n<div class=\"wp-block-column is-layout-flow wp-block-column-is-layout-flow\" style=\"flex-basis:45%\">\n<h2 class=\"wp-block-heading has-text-align-center has-palette-text-color has-text-color\" id=\"h-looking-for-custom-development\" style=\"margin-bottom:var(--wp--preset--spacing--40)\">Suchen Sie eine individuelle Entwicklung?<\/h2>\n\n\n\n<p class=\"has-text-align-center has-palette-text-color has-text-color\" style=\"margin-bottom:var(--wp--preset--spacing--50)\">Bei uns geht es nicht nur um Produkte, sondern um ma\u00dfgeschneiderte L\u00f6sungen, die Ihren Bed\u00fcrfnissen entsprechen. Sind Sie bereit, Ihr neues Projekt zum Leben zu erwecken? Klicken Sie unten, und lassen Sie uns gemeinsam auf die Reise der individuellen Produktentwicklung gehen.  <\/p>\n\n\n\n<div class=\"wp-block-buttons is-content-justification-center is-layout-flex wp-container-core-buttons-is-layout-a89b3969 wp-block-buttons-is-layout-flex\">\n<div class=\"wp-block-button is-style-fill\"><a class=\"wp-block-button__link has-palette-bg-color has-palette-text-background-color has-text-color has-background has-text-align-center wp-element-button\" href=\"https:\/\/mx.motorad.com\/contact\/do-you-need-custom-development\/\">Wir m\u00f6chten Ihr Lieferant sein<\/a><\/div>\n<\/div>\n<\/div>\n<\/div>\n<\/div><\/div>\n","protected":false},"excerpt":{"rendered":"<p>MotoRad Drosselklappensensoren bieten pr\u00e4zise Signalgebung an das Motorsteuerger\u00e4t, um optimale Leistung und Kraftstoffeffizienz zu gew\u00e4hrleisten. Sie werden unter Verwendung der [&#8230;]<\/p>\n","protected":false},"author":1,"featured_media":0,"parent":5873,"menu_order":0,"comment_status":"closed","ping_status":"closed","template":"","meta":{"_acf_changed":false,"footnotes":""},"class_list":["post-5728","page","type-page","status-publish","hentry"],"acf":[],"yoast_head":"<!-- This site is optimized with the Yoast SEO Premium plugin v27.2 (Yoast SEO v27.2) - https:\/\/yoast.com\/product\/yoast-seo-premium-wordpress\/ -->\n<title>Drosselklappensensoren - MotoRad<\/title>\n<meta name=\"description\" content=\"MotoRad - Drosselklappensensoren\" \/>\n<meta name=\"robots\" content=\"index, follow, max-snippet:-1, max-image-preview:large, max-video-preview:-1\" \/>\n<link rel=\"canonical\" href=\"https:\/\/mx.motorad.com\/de\/produkte\/antriebsstrangsteuerungen\/drosselklappensensoren\/\" \/>\n<meta property=\"og:locale\" content=\"de_DE\" \/>\n<meta property=\"og:type\" content=\"article\" \/>\n<meta property=\"og:title\" content=\"Drosselklappensensoren\" \/>\n<meta property=\"og:description\" content=\"MotoRad - Drosselklappensensoren\" \/>\n<meta property=\"og:url\" content=\"https:\/\/mx.motorad.com\/de\/produkte\/antriebsstrangsteuerungen\/drosselklappensensoren\/\" \/>\n<meta property=\"og:site_name\" content=\"MotoRad\" \/>\n<meta property=\"article:modified_time\" content=\"2025-06-13T12:48:35+00:00\" \/>\n<meta property=\"og:image\" content=\"https:\/\/mx.motorad.com\/wp-content\/uploads\/2025\/04\/1TP1051_Orientation-View.jpg\" \/>\n\t<meta property=\"og:image:width\" content=\"500\" \/>\n\t<meta property=\"og:image:height\" content=\"500\" \/>\n\t<meta property=\"og:image:type\" content=\"image\/jpeg\" \/>\n<meta name=\"twitter:card\" content=\"summary_large_image\" \/>\n<meta name=\"twitter:label1\" content=\"Est. reading time\" \/>\n\t<meta name=\"twitter:data1\" content=\"1\u00a0Minute\" \/>\n<script type=\"application\/ld+json\" class=\"yoast-schema-graph\">{\"@context\":\"https:\/\/schema.org\",\"@graph\":[{\"@type\":\"WebPage\",\"@id\":\"https:\/\/mx.motorad.com\/de\/produkte\/antriebsstrangsteuerungen\/drosselklappensensoren\/\",\"url\":\"https:\/\/mx.motorad.com\/de\/produkte\/antriebsstrangsteuerungen\/drosselklappensensoren\/\",\"name\":\"Drosselklappensensoren - MotoRad\",\"isPartOf\":{\"@id\":\"https:\/\/mx.motorad.com\/de\/#website\"},\"primaryImageOfPage\":{\"@id\":\"https:\/\/mx.motorad.com\/de\/produkte\/antriebsstrangsteuerungen\/drosselklappensensoren\/#primaryimage\"},\"image\":{\"@id\":\"https:\/\/mx.motorad.com\/de\/produkte\/antriebsstrangsteuerungen\/drosselklappensensoren\/#primaryimage\"},\"thumbnailUrl\":\"https:\/\/mx.motorad.com\/wp-content\/uploads\/2025\/04\/1TP1051_Orientation-View.jpg\",\"datePublished\":\"2025-04-03T18:08:54+00:00\",\"dateModified\":\"2025-06-13T12:48:35+00:00\",\"description\":\"MotoRad - Drosselklappensensoren\",\"breadcrumb\":{\"@id\":\"https:\/\/mx.motorad.com\/de\/produkte\/antriebsstrangsteuerungen\/drosselklappensensoren\/#breadcrumb\"},\"inLanguage\":\"de\",\"potentialAction\":[{\"@type\":\"ReadAction\",\"target\":[\"https:\/\/mx.motorad.com\/de\/produkte\/antriebsstrangsteuerungen\/drosselklappensensoren\/\"]}]},{\"@type\":\"ImageObject\",\"inLanguage\":\"de\",\"@id\":\"https:\/\/mx.motorad.com\/de\/produkte\/antriebsstrangsteuerungen\/drosselklappensensoren\/#primaryimage\",\"url\":\"https:\/\/mx.motorad.com\/wp-content\/uploads\/2025\/04\/1TP1051_Orientation-View.jpg\",\"contentUrl\":\"https:\/\/mx.motorad.com\/wp-content\/uploads\/2025\/04\/1TP1051_Orientation-View.jpg\"},{\"@type\":\"BreadcrumbList\",\"@id\":\"https:\/\/mx.motorad.com\/de\/produkte\/antriebsstrangsteuerungen\/drosselklappensensoren\/#breadcrumb\",\"itemListElement\":[{\"@type\":\"ListItem\",\"position\":1,\"name\":\"Home\",\"item\":\"https:\/\/mx.motorad.com\/de\/\"},{\"@type\":\"ListItem\",\"position\":2,\"name\":\"Produkte\",\"item\":\"https:\/\/motoradnew.test\/de\/produkte\/\"},{\"@type\":\"ListItem\",\"position\":3,\"name\":\"Antriebsstrangsteuerungen\",\"item\":\"https:\/\/mx.motorad.com\/de\/produkte\/antriebsstrangsteuerungen\/\"},{\"@type\":\"ListItem\",\"position\":4,\"name\":\"Drosselklappensensoren\"}]},{\"@type\":\"WebSite\",\"@id\":\"https:\/\/mx.motorad.com\/de\/#website\",\"url\":\"https:\/\/mx.motorad.com\/de\/\",\"name\":\"MotoRad\",\"description\":\"Trusted to Deliver Better - Thermal Management, Emissions, Powertrain Controls\",\"potentialAction\":[{\"@type\":\"SearchAction\",\"target\":{\"@type\":\"EntryPoint\",\"urlTemplate\":\"https:\/\/mx.motorad.com\/de\/?s={search_term_string}\"},\"query-input\":{\"@type\":\"PropertyValueSpecification\",\"valueRequired\":true,\"valueName\":\"search_term_string\"}}],\"inLanguage\":\"de\"}]}<\/script>\n<!-- \/ Yoast SEO Premium plugin. -->","yoast_head_json":{"title":"Drosselklappensensoren - MotoRad","description":"MotoRad - Drosselklappensensoren","robots":{"index":"index","follow":"follow","max-snippet":"max-snippet:-1","max-image-preview":"max-image-preview:large","max-video-preview":"max-video-preview:-1"},"canonical":"https:\/\/mx.motorad.com\/de\/produkte\/antriebsstrangsteuerungen\/drosselklappensensoren\/","og_locale":"de_DE","og_type":"article","og_title":"Drosselklappensensoren","og_description":"MotoRad - Drosselklappensensoren","og_url":"https:\/\/mx.motorad.com\/de\/produkte\/antriebsstrangsteuerungen\/drosselklappensensoren\/","og_site_name":"MotoRad","article_modified_time":"2025-06-13T12:48:35+00:00","og_image":[{"width":500,"height":500,"url":"https:\/\/mx.motorad.com\/wp-content\/uploads\/2025\/04\/1TP1051_Orientation-View.jpg","type":"image\/jpeg"}],"twitter_card":"summary_large_image","twitter_misc":{"Est. reading time":"1\u00a0Minute"},"schema":{"@context":"https:\/\/schema.org","@graph":[{"@type":"WebPage","@id":"https:\/\/mx.motorad.com\/de\/produkte\/antriebsstrangsteuerungen\/drosselklappensensoren\/","url":"https:\/\/mx.motorad.com\/de\/produkte\/antriebsstrangsteuerungen\/drosselklappensensoren\/","name":"Drosselklappensensoren - MotoRad","isPartOf":{"@id":"https:\/\/mx.motorad.com\/de\/#website"},"primaryImageOfPage":{"@id":"https:\/\/mx.motorad.com\/de\/produkte\/antriebsstrangsteuerungen\/drosselklappensensoren\/#primaryimage"},"image":{"@id":"https:\/\/mx.motorad.com\/de\/produkte\/antriebsstrangsteuerungen\/drosselklappensensoren\/#primaryimage"},"thumbnailUrl":"https:\/\/mx.motorad.com\/wp-content\/uploads\/2025\/04\/1TP1051_Orientation-View.jpg","datePublished":"2025-04-03T18:08:54+00:00","dateModified":"2025-06-13T12:48:35+00:00","description":"MotoRad - Drosselklappensensoren","breadcrumb":{"@id":"https:\/\/mx.motorad.com\/de\/produkte\/antriebsstrangsteuerungen\/drosselklappensensoren\/#breadcrumb"},"inLanguage":"de","potentialAction":[{"@type":"ReadAction","target":["https:\/\/mx.motorad.com\/de\/produkte\/antriebsstrangsteuerungen\/drosselklappensensoren\/"]}]},{"@type":"ImageObject","inLanguage":"de","@id":"https:\/\/mx.motorad.com\/de\/produkte\/antriebsstrangsteuerungen\/drosselklappensensoren\/#primaryimage","url":"https:\/\/mx.motorad.com\/wp-content\/uploads\/2025\/04\/1TP1051_Orientation-View.jpg","contentUrl":"https:\/\/mx.motorad.com\/wp-content\/uploads\/2025\/04\/1TP1051_Orientation-View.jpg"},{"@type":"BreadcrumbList","@id":"https:\/\/mx.motorad.com\/de\/produkte\/antriebsstrangsteuerungen\/drosselklappensensoren\/#breadcrumb","itemListElement":[{"@type":"ListItem","position":1,"name":"Home","item":"https:\/\/mx.motorad.com\/de\/"},{"@type":"ListItem","position":2,"name":"Produkte","item":"https:\/\/motoradnew.test\/de\/produkte\/"},{"@type":"ListItem","position":3,"name":"Antriebsstrangsteuerungen","item":"https:\/\/mx.motorad.com\/de\/produkte\/antriebsstrangsteuerungen\/"},{"@type":"ListItem","position":4,"name":"Drosselklappensensoren"}]},{"@type":"WebSite","@id":"https:\/\/mx.motorad.com\/de\/#website","url":"https:\/\/mx.motorad.com\/de\/","name":"MotoRad","description":"Trusted to Deliver Better - Thermal Management, Emissions, Powertrain Controls","potentialAction":[{"@type":"SearchAction","target":{"@type":"EntryPoint","urlTemplate":"https:\/\/mx.motorad.com\/de\/?s={search_term_string}"},"query-input":{"@type":"PropertyValueSpecification","valueRequired":true,"valueName":"search_term_string"}}],"inLanguage":"de"}]}},"_links":{"self":[{"href":"https:\/\/mx.motorad.com\/de\/wp-json\/wp\/v2\/pages\/5728","targetHints":{"allow":["GET"]}}],"collection":[{"href":"https:\/\/mx.motorad.com\/de\/wp-json\/wp\/v2\/pages"}],"about":[{"href":"https:\/\/mx.motorad.com\/de\/wp-json\/wp\/v2\/types\/page"}],"author":[{"embeddable":true,"href":"https:\/\/mx.motorad.com\/de\/wp-json\/wp\/v2\/users\/1"}],"replies":[{"embeddable":true,"href":"https:\/\/mx.motorad.com\/de\/wp-json\/wp\/v2\/comments?post=5728"}],"version-history":[{"count":1,"href":"https:\/\/mx.motorad.com\/de\/wp-json\/wp\/v2\/pages\/5728\/revisions"}],"predecessor-version":[{"id":5731,"href":"https:\/\/mx.motorad.com\/de\/wp-json\/wp\/v2\/pages\/5728\/revisions\/5731"}],"up":[{"embeddable":true,"href":"https:\/\/mx.motorad.com\/de\/wp-json\/wp\/v2\/pages\/5873"}],"wp:attachment":[{"href":"https:\/\/mx.motorad.com\/de\/wp-json\/wp\/v2\/media?parent=5728"}],"curies":[{"name":"wp","href":"https:\/\/api.w.org\/{rel}","templated":true}]}}