{"id":5755,"date":"2025-04-03T18:48:17","date_gmt":"2025-04-03T18:48:17","guid":{"rendered":"https:\/\/mx.motorad.com\/befestigter-tankdeckel\/"},"modified":"2025-06-13T12:48:58","modified_gmt":"2025-06-13T12:48:58","slug":"befestigter-tankdeckel","status":"publish","type":"page","link":"https:\/\/mx.motorad.com\/de\/produkte\/verschluesse\/befestigter-tankdeckel\/","title":{"rendered":"BEFESTIGTER TANKDECKEL"},"content":{"rendered":"\n<h1 class=\"wp-block-heading\" id=\"h-tethered-fuel-cap\" style=\"margin-top:var(--wp--preset--spacing--60);margin-bottom:var(--wp--preset--spacing--60)\">BEFESTIGTER TANKDECKEL<\/h1>\n\n<p style=\"margin-bottom:var(--wp--preset--spacing--60)\">Die Auswahl an befestigten Tankdeckeln von MotoRad bedeutet, dass Sie nicht l\u00e4nger zum H\u00e4ndler gehen m\u00fcssen, um Ihren alten, abgenutzten oder besch\u00e4digten befestigten Tankdeckel zu ersetzen. Es handelt sich um eine perfekte, kosteng\u00fcnstige Option als direkter Ersatz f\u00fcr Ihren Original-Tankdeckel mit Befestigung, der schnell und einfach zu installieren ist. Hergestellt aus hochwertigen Materialien f\u00fcr langanhaltende Haltbarkeit.  <\/p>\n\n<h2 class=\"wp-block-heading\" id=\"h-why-choose-a-tethered-fuel-cap\" style=\"margin-bottom:var(--wp--preset--spacing--40)\">Weshalb sollte man einen befestigten Tankdeckel w\u00e4hlen? <\/h2>\n\n<p>Die Vorteile liegen auf der Hand. Mit einem befestigten Design k\u00f6nnen Sie verlegten oder verlorenen Tankdeckeln Lebewohl sagen, was das Risiko der Kraftstoffverdunstung reduziert und eine Verunreinigung des Kraftstoffsystems Ihres Fahrzeugs verhindert. Dar\u00fcber hinaus gew\u00e4hrleistet der Befestigungsmechanismus einen bequemen Zugang und sicheren Verschluss, was Fahrern auf der Stra\u00dfe Seelenfrieden verschafft.  <\/p>\n\n<div class=\"wp-block-columns is-layout-flex wp-container-core-columns-is-layout-95393138 wp-block-columns-is-layout-flex\" style=\"margin-top:var(--wp--preset--spacing--60);margin-bottom:var(--wp--preset--spacing--60)\">\n<div class=\"wp-block-column is-layout-flow wp-block-column-is-layout-flow\" style=\"flex-basis:33.33%\">\n<figure class=\"wp-block-image alignleft size-full\"><img loading=\"lazy\" decoding=\"async\" width=\"240\" height=\"248\" src=\"https:\/\/mx.motorad.com\/wp-content\/uploads\/2025\/04\/MGC4837T-1.webp\" alt=\"\" class=\"wp-image-4459\"\/><\/figure>\n<\/div>\n\n\n\n<div class=\"wp-block-column is-layout-flow wp-block-column-is-layout-flow\" style=\"flex-basis:66.66%\">\n<ul class=\"wp-block-list\">\n<li>Vormontiertert f\u00fcr schnelle und einfache Installation<\/li>\n\n\n\n<li>Mehrere Befestigungsoptionen, passend f\u00fcr jede Konfiguration des Tankdeckelfachs<\/li>\n\n\n\n<li>Passt f\u00fcr Fahrzeuge, die urspr\u00fcnglich mit einer Befestigung ausgestattet waren<\/li>\n\n\n\n<li>Reduziert Luftverschmutzung durch ordnungsgem\u00e4\u00dfe Abdichtung und Bel\u00fcftung<\/li>\n\n\n\n<li>Hergestellt aus langlebigen Materialien mit langer Lebensdauer<\/li>\n<\/ul>\n<\/div>\n<\/div>\n\n<p style=\"margin-bottom:var(--wp--preset--spacing--20)\">Als vertrauensw\u00fcrdiger Hersteller von Automobilkomponenten pr\u00e4sentiert MotoRad einen umfassenden Katalog hochwertiger Tankdeckel, die f\u00fcr optimale Leistung und Haltbarkeit konzipiert sind. Unsere Produkte verf\u00fcgen \u00fcber eine umfangreiche Austauschkompatibilit\u00e4t, die eine nahtlose Integration in verschiedene Fahrzeugmodelle gew\u00e4hrleistet. <\/p>\n\n<p style=\"margin-bottom:var(--wp--preset--spacing--20)\">Jeder Tankdeckel wird entwickelt und rigoros getestet, um OEM-Qualit\u00e4tsstandards zu erf\u00fcllen und somit Zuverl\u00e4ssigkeit und Langlebigkeit zu garantieren. Mit unserem Streben nach Exzellenz ist MotoRad ein bevorzugter Lieferant f\u00fcr Unternehmen und Einzelpersonen, die Tier-1-Automobilll\u00f6sungen suchen. <\/p>\n\n<p style=\"margin-bottom:var(--wp--preset--spacing--20)\">Erkunden Sie unsere umfangreiche Auswahl an befestigten Tankdeckeln mit unterschiedlichen Teilenummern und umfassender Abdeckung, um den vielf\u00e4ltigen Bed\u00fcrfnissen unserer Kunden gerecht zu werden. Ob Sie Mechaniker, Einzelh\u00e4ndler oder Distributor sind, MotoRad ist Ihr vertrauensw\u00fcrdiger Gesch\u00e4ftspartner f\u00fcr den Bezug hochwertiger Automobilkomponenten. <\/p>\n\n<div class=\"wp-block-buttons is-layout-flex wp-block-buttons-is-layout-flex\" style=\"margin-top:var(--wp--preset--spacing--60);margin-bottom:var(--wp--preset--spacing--70)\">\n<div class=\"wp-block-button\"><a class=\"wp-block-button__link wp-element-button\" href=\"https:\/\/mx.motorad.com\/products\/?categories=caps&#038;subcategories=tethered-fuel-cap\">Finden Sie den befestigten Tankdeckel f\u00fcr Ihre Anwendung<\/a><\/div>\n<\/div>\n\n<div class=\"wp-block-cover alignfull is-light\" style=\"padding-top:var(--wp--preset--spacing--60);padding-bottom:var(--wp--preset--spacing--60)\"><span aria-hidden=\"true\" class=\"wp-block-cover__background has-background-dim-0 has-background-dim\" style=\"background-color:#ece5d9\"><\/span><img loading=\"lazy\" decoding=\"async\" width=\"1505\" height=\"305\" class=\"wp-block-cover__image-background wp-image-223\" alt=\"\" src=\"https:\/\/mx.motorad.com\/wp-content\/uploads\/2025\/03\/FooterCTA.jpg\" data-object-fit=\"cover\" srcset=\"https:\/\/mx.motorad.com\/wp-content\/uploads\/2025\/03\/FooterCTA.jpg 1505w, https:\/\/mx.motorad.com\/wp-content\/uploads\/2025\/03\/FooterCTA-300x61.jpg 300w, https:\/\/mx.motorad.com\/wp-content\/uploads\/2025\/03\/FooterCTA-1024x208.jpg 1024w, https:\/\/mx.motorad.com\/wp-content\/uploads\/2025\/03\/FooterCTA-768x156.jpg 768w\" sizes=\"auto, (max-width: 1505px) 100vw, 1505px\" \/><div class=\"wp-block-cover__inner-container is-layout-flow wp-block-cover-is-layout-flow\">\n<div class=\"wp-block-columns are-vertically-aligned-center is-layout-flex wp-container-core-columns-is-layout-cbe57604 wp-block-columns-is-layout-flex\">\n<div class=\"wp-block-column is-vertically-aligned-center is-layout-flow wp-block-column-is-layout-flow\" style=\"flex-basis:45%\">\n<h2 class=\"wp-block-heading has-text-align-center has-palette-text-color has-text-color\" id=\"h-need-help-finding-the-right-product\" style=\"margin-bottom:var(--wp--preset--spacing--40)\">Brauchen Sie Hilfe bei der Suche nach dem richtigen Produkt?<\/h2>\n\n\n\n<p class=\"has-text-align-center has-palette-text-color has-text-color\" style=\"margin-bottom:var(--wp--preset--spacing--50)\">Unser engagiertes Team ist hier, um Sie in die richtige Richtung zu lenken. Klicken Sie unten und lassen Sie uns wissen, wie wir Ihnen helfen k\u00f6nnen, das ideale Produkt f\u00fcr Ihren Bedarf zu finden. Ihre Reise zu BESSEREN Erfahrungen beginnt hier.  <\/p>\n\n\n\n<div class=\"wp-block-buttons is-content-justification-center is-layout-flex wp-container-core-buttons-is-layout-a89b3969 wp-block-buttons-is-layout-flex\">\n<div class=\"wp-block-button\"><a class=\"wp-block-button__link has-text-align-center wp-element-button\" href=\"https:\/\/mx.motorad.com\/contact\/need-help-finding-something\/\">Sprechen Sie mit einem MotoRad Spezialisten<\/a><\/div>\n<\/div>\n<\/div>\n\n\n\n<div class=\"wp-block-column is-layout-flow wp-block-column-is-layout-flow\" style=\"flex-basis:10%\"><\/div>\n\n\n\n<div class=\"wp-block-column is-layout-flow wp-block-column-is-layout-flow\" style=\"flex-basis:45%\">\n<h2 class=\"wp-block-heading has-text-align-center has-palette-text-color has-text-color\" id=\"h-looking-for-custom-development\" style=\"margin-bottom:var(--wp--preset--spacing--40)\">Suchen Sie eine individuelle Entwicklung?<\/h2>\n\n\n\n<p class=\"has-text-align-center has-palette-text-color has-text-color\" style=\"margin-bottom:var(--wp--preset--spacing--50)\">Bei uns geht es nicht nur um Produkte, sondern um ma\u00dfgeschneiderte L\u00f6sungen, die Ihren Bed\u00fcrfnissen entsprechen. Sind Sie bereit, Ihr neues Projekt zum Leben zu erwecken? Klicken Sie unten, und lassen Sie uns gemeinsam auf die Reise der individuellen Produktentwicklung gehen.  <\/p>\n\n\n\n<div class=\"wp-block-buttons is-content-justification-center is-layout-flex wp-container-core-buttons-is-layout-a89b3969 wp-block-buttons-is-layout-flex\">\n<div class=\"wp-block-button is-style-fill\"><a class=\"wp-block-button__link has-palette-bg-color has-palette-text-background-color has-text-color has-background has-text-align-center wp-element-button\" href=\"https:\/\/mx.motorad.com\/contact\/do-you-need-custom-development\/\">Wir m\u00f6chten Ihr Lieferant sein<\/a><\/div>\n<\/div>\n<\/div>\n<\/div>\n<\/div><\/div>\n","protected":false},"excerpt":{"rendered":"<p>BEFESTIGTER TANKDECKEL Die Auswahl an befestigten Tankdeckeln von MotoRad bedeutet, dass Sie nicht l\u00e4nger zum H\u00e4ndler gehen m\u00fcssen, um Ihren [&#8230;]<\/p>\n","protected":false},"author":1,"featured_media":0,"parent":5912,"menu_order":0,"comment_status":"closed","ping_status":"closed","template":"","meta":{"_acf_changed":false,"footnotes":""},"class_list":["post-5755","page","type-page","status-publish","hentry"],"acf":[],"yoast_head":"<!-- This site is optimized with the Yoast SEO Premium plugin v27.2 (Yoast SEO v27.2) - https:\/\/yoast.com\/product\/yoast-seo-premium-wordpress\/ -->\n<title>BEFESTIGTER TANKDECKEL - MotoRad<\/title>\n<meta name=\"description\" content=\"MotoRad - BEFESTIGTER TANKDECKEL\" \/>\n<meta name=\"robots\" content=\"index, follow, max-snippet:-1, max-image-preview:large, max-video-preview:-1\" \/>\n<link rel=\"canonical\" href=\"https:\/\/mx.motorad.com\/de\/produkte\/verschluesse\/befestigter-tankdeckel\/\" \/>\n<meta property=\"og:locale\" content=\"de_DE\" \/>\n<meta property=\"og:type\" content=\"article\" \/>\n<meta property=\"og:title\" content=\"BEFESTIGTER TANKDECKEL\" \/>\n<meta property=\"og:description\" content=\"MotoRad - BEFESTIGTER TANKDECKEL\" \/>\n<meta property=\"og:url\" content=\"https:\/\/mx.motorad.com\/de\/produkte\/verschluesse\/befestigter-tankdeckel\/\" \/>\n<meta property=\"og:site_name\" content=\"MotoRad\" \/>\n<meta property=\"article:modified_time\" content=\"2025-06-13T12:48:58+00:00\" \/>\n<meta property=\"og:image\" content=\"https:\/\/mx.motorad.com\/wp-content\/uploads\/2025\/04\/MGC4837T-1.webp\" \/>\n\t<meta property=\"og:image:width\" content=\"240\" \/>\n\t<meta property=\"og:image:height\" content=\"248\" \/>\n\t<meta property=\"og:image:type\" content=\"image\/webp\" \/>\n<meta name=\"twitter:card\" content=\"summary_large_image\" \/>\n<meta name=\"twitter:label1\" content=\"Est. reading time\" \/>\n\t<meta name=\"twitter:data1\" content=\"2\u00a0Minuten\" \/>\n<script type=\"application\/ld+json\" class=\"yoast-schema-graph\">{\"@context\":\"https:\/\/schema.org\",\"@graph\":[{\"@type\":\"WebPage\",\"@id\":\"https:\/\/mx.motorad.com\/de\/produkte\/verschluesse\/befestigter-tankdeckel\/\",\"url\":\"https:\/\/mx.motorad.com\/de\/produkte\/verschluesse\/befestigter-tankdeckel\/\",\"name\":\"BEFESTIGTER TANKDECKEL - MotoRad\",\"isPartOf\":{\"@id\":\"https:\/\/mx.motorad.com\/de\/#website\"},\"primaryImageOfPage\":{\"@id\":\"https:\/\/mx.motorad.com\/de\/produkte\/verschluesse\/befestigter-tankdeckel\/#primaryimage\"},\"image\":{\"@id\":\"https:\/\/mx.motorad.com\/de\/produkte\/verschluesse\/befestigter-tankdeckel\/#primaryimage\"},\"thumbnailUrl\":\"https:\/\/mx.motorad.com\/wp-content\/uploads\/2025\/04\/MGC4837T-1.webp\",\"datePublished\":\"2025-04-03T18:48:17+00:00\",\"dateModified\":\"2025-06-13T12:48:58+00:00\",\"description\":\"MotoRad - BEFESTIGTER TANKDECKEL\",\"breadcrumb\":{\"@id\":\"https:\/\/mx.motorad.com\/de\/produkte\/verschluesse\/befestigter-tankdeckel\/#breadcrumb\"},\"inLanguage\":\"de\",\"potentialAction\":[{\"@type\":\"ReadAction\",\"target\":[\"https:\/\/mx.motorad.com\/de\/produkte\/verschluesse\/befestigter-tankdeckel\/\"]}]},{\"@type\":\"ImageObject\",\"inLanguage\":\"de\",\"@id\":\"https:\/\/mx.motorad.com\/de\/produkte\/verschluesse\/befestigter-tankdeckel\/#primaryimage\",\"url\":\"https:\/\/mx.motorad.com\/wp-content\/uploads\/2025\/04\/MGC4837T-1.webp\",\"contentUrl\":\"https:\/\/mx.motorad.com\/wp-content\/uploads\/2025\/04\/MGC4837T-1.webp\"},{\"@type\":\"BreadcrumbList\",\"@id\":\"https:\/\/mx.motorad.com\/de\/produkte\/verschluesse\/befestigter-tankdeckel\/#breadcrumb\",\"itemListElement\":[{\"@type\":\"ListItem\",\"position\":1,\"name\":\"Home\",\"item\":\"https:\/\/mx.motorad.com\/de\/\"},{\"@type\":\"ListItem\",\"position\":2,\"name\":\"Produkte\",\"item\":\"https:\/\/motoradnew.test\/de\/produkte\/\"},{\"@type\":\"ListItem\",\"position\":3,\"name\":\"Verschl\u00fcsse\",\"item\":\"https:\/\/motoradnew.test\/de\/produkte\/verschluesse\/\"},{\"@type\":\"ListItem\",\"position\":4,\"name\":\"BEFESTIGTER TANKDECKEL\"}]},{\"@type\":\"WebSite\",\"@id\":\"https:\/\/mx.motorad.com\/de\/#website\",\"url\":\"https:\/\/mx.motorad.com\/de\/\",\"name\":\"MotoRad\",\"description\":\"Trusted to Deliver Better - Thermal Management, Emissions, Powertrain Controls\",\"potentialAction\":[{\"@type\":\"SearchAction\",\"target\":{\"@type\":\"EntryPoint\",\"urlTemplate\":\"https:\/\/mx.motorad.com\/de\/?s={search_term_string}\"},\"query-input\":{\"@type\":\"PropertyValueSpecification\",\"valueRequired\":true,\"valueName\":\"search_term_string\"}}],\"inLanguage\":\"de\"}]}<\/script>\n<!-- \/ Yoast SEO Premium plugin. -->","yoast_head_json":{"title":"BEFESTIGTER TANKDECKEL - MotoRad","description":"MotoRad - BEFESTIGTER TANKDECKEL","robots":{"index":"index","follow":"follow","max-snippet":"max-snippet:-1","max-image-preview":"max-image-preview:large","max-video-preview":"max-video-preview:-1"},"canonical":"https:\/\/mx.motorad.com\/de\/produkte\/verschluesse\/befestigter-tankdeckel\/","og_locale":"de_DE","og_type":"article","og_title":"BEFESTIGTER TANKDECKEL","og_description":"MotoRad - BEFESTIGTER TANKDECKEL","og_url":"https:\/\/mx.motorad.com\/de\/produkte\/verschluesse\/befestigter-tankdeckel\/","og_site_name":"MotoRad","article_modified_time":"2025-06-13T12:48:58+00:00","og_image":[{"width":240,"height":248,"url":"https:\/\/mx.motorad.com\/wp-content\/uploads\/2025\/04\/MGC4837T-1.webp","type":"image\/webp"}],"twitter_card":"summary_large_image","twitter_misc":{"Est. reading time":"2\u00a0Minuten"},"schema":{"@context":"https:\/\/schema.org","@graph":[{"@type":"WebPage","@id":"https:\/\/mx.motorad.com\/de\/produkte\/verschluesse\/befestigter-tankdeckel\/","url":"https:\/\/mx.motorad.com\/de\/produkte\/verschluesse\/befestigter-tankdeckel\/","name":"BEFESTIGTER TANKDECKEL - MotoRad","isPartOf":{"@id":"https:\/\/mx.motorad.com\/de\/#website"},"primaryImageOfPage":{"@id":"https:\/\/mx.motorad.com\/de\/produkte\/verschluesse\/befestigter-tankdeckel\/#primaryimage"},"image":{"@id":"https:\/\/mx.motorad.com\/de\/produkte\/verschluesse\/befestigter-tankdeckel\/#primaryimage"},"thumbnailUrl":"https:\/\/mx.motorad.com\/wp-content\/uploads\/2025\/04\/MGC4837T-1.webp","datePublished":"2025-04-03T18:48:17+00:00","dateModified":"2025-06-13T12:48:58+00:00","description":"MotoRad - BEFESTIGTER TANKDECKEL","breadcrumb":{"@id":"https:\/\/mx.motorad.com\/de\/produkte\/verschluesse\/befestigter-tankdeckel\/#breadcrumb"},"inLanguage":"de","potentialAction":[{"@type":"ReadAction","target":["https:\/\/mx.motorad.com\/de\/produkte\/verschluesse\/befestigter-tankdeckel\/"]}]},{"@type":"ImageObject","inLanguage":"de","@id":"https:\/\/mx.motorad.com\/de\/produkte\/verschluesse\/befestigter-tankdeckel\/#primaryimage","url":"https:\/\/mx.motorad.com\/wp-content\/uploads\/2025\/04\/MGC4837T-1.webp","contentUrl":"https:\/\/mx.motorad.com\/wp-content\/uploads\/2025\/04\/MGC4837T-1.webp"},{"@type":"BreadcrumbList","@id":"https:\/\/mx.motorad.com\/de\/produkte\/verschluesse\/befestigter-tankdeckel\/#breadcrumb","itemListElement":[{"@type":"ListItem","position":1,"name":"Home","item":"https:\/\/mx.motorad.com\/de\/"},{"@type":"ListItem","position":2,"name":"Produkte","item":"https:\/\/motoradnew.test\/de\/produkte\/"},{"@type":"ListItem","position":3,"name":"Verschl\u00fcsse","item":"https:\/\/motoradnew.test\/de\/produkte\/verschluesse\/"},{"@type":"ListItem","position":4,"name":"BEFESTIGTER TANKDECKEL"}]},{"@type":"WebSite","@id":"https:\/\/mx.motorad.com\/de\/#website","url":"https:\/\/mx.motorad.com\/de\/","name":"MotoRad","description":"Trusted to Deliver Better - Thermal Management, Emissions, Powertrain Controls","potentialAction":[{"@type":"SearchAction","target":{"@type":"EntryPoint","urlTemplate":"https:\/\/mx.motorad.com\/de\/?s={search_term_string}"},"query-input":{"@type":"PropertyValueSpecification","valueRequired":true,"valueName":"search_term_string"}}],"inLanguage":"de"}]}},"_links":{"self":[{"href":"https:\/\/mx.motorad.com\/de\/wp-json\/wp\/v2\/pages\/5755","targetHints":{"allow":["GET"]}}],"collection":[{"href":"https:\/\/mx.motorad.com\/de\/wp-json\/wp\/v2\/pages"}],"about":[{"href":"https:\/\/mx.motorad.com\/de\/wp-json\/wp\/v2\/types\/page"}],"author":[{"embeddable":true,"href":"https:\/\/mx.motorad.com\/de\/wp-json\/wp\/v2\/users\/1"}],"replies":[{"embeddable":true,"href":"https:\/\/mx.motorad.com\/de\/wp-json\/wp\/v2\/comments?post=5755"}],"version-history":[{"count":1,"href":"https:\/\/mx.motorad.com\/de\/wp-json\/wp\/v2\/pages\/5755\/revisions"}],"predecessor-version":[{"id":5756,"href":"https:\/\/mx.motorad.com\/de\/wp-json\/wp\/v2\/pages\/5755\/revisions\/5756"}],"up":[{"embeddable":true,"href":"https:\/\/mx.motorad.com\/de\/wp-json\/wp\/v2\/pages\/5912"}],"wp:attachment":[{"href":"https:\/\/mx.motorad.com\/de\/wp-json\/wp\/v2\/media?parent=5755"}],"curies":[{"name":"wp","href":"https:\/\/api.w.org\/{rel}","templated":true}]}}