{"id":5763,"date":"2025-04-03T18:42:47","date_gmt":"2025-04-03T18:42:47","guid":{"rendered":"https:\/\/mx.motorad.com\/oeldeckel\/"},"modified":"2025-06-13T12:48:57","modified_gmt":"2025-06-13T12:48:57","slug":"oeldeckel","status":"publish","type":"page","link":"https:\/\/mx.motorad.com\/de\/produkte\/verschluesse\/oeldeckel\/","title":{"rendered":"\u00d6ldeckel"},"content":{"rendered":"\n<h1 class=\"wp-block-heading\" id=\"h-oil-caps\" style=\"margin-top:var(--wp--preset--spacing--60);margin-bottom:var(--wp--preset--spacing--60)\">\u00d6LDECKEL<\/h1>\n\n<p>\u00d6ldeckel werden prim\u00e4r zur Versiegelung des \u00d6lreservoirs verwendet. Sie beinhalten oft Filter f\u00fcr die Kurbelgeh\u00e4useentl\u00fcftung, welche mehrmals w\u00e4hrend der Lebensdauer des Fahrzeugs ersetzt werden sollten. <\/p>\n\n<div class=\"wp-block-columns is-layout-flex wp-container-core-columns-is-layout-2d5df727 wp-block-columns-is-layout-flex\" style=\"margin-top:var(--wp--preset--spacing--60);margin-bottom:var(--wp--preset--spacing--60)\">\n<div class=\"wp-block-column is-layout-flow wp-block-column-is-layout-flow\">\n<figure class=\"wp-block-image size-full\"><img loading=\"lazy\" decoding=\"async\" width=\"500\" height=\"500\" src=\"https:\/\/mx.motorad.com\/wp-content\/uploads\/2025\/04\/MO109_Angle.jpg\" alt=\"\" class=\"wp-image-4414\" srcset=\"https:\/\/mx.motorad.com\/wp-content\/uploads\/2025\/04\/MO109_Angle.jpg 500w, https:\/\/mx.motorad.com\/wp-content\/uploads\/2025\/04\/MO109_Angle-300x300.jpg 300w, https:\/\/mx.motorad.com\/wp-content\/uploads\/2025\/04\/MO109_Angle-150x150.jpg 150w\" sizes=\"auto, (max-width: 500px) 100vw, 500px\" \/><\/figure>\n<\/div>\n\n\n\n<div class=\"wp-block-column is-layout-flow wp-block-column-is-layout-flow\">\n<figure class=\"wp-block-image size-full\"><img loading=\"lazy\" decoding=\"async\" width=\"500\" height=\"500\" src=\"https:\/\/mx.motorad.com\/wp-content\/uploads\/2025\/04\/MO111_Angle.jpg\" alt=\"\" class=\"wp-image-4421\" srcset=\"https:\/\/mx.motorad.com\/wp-content\/uploads\/2025\/04\/MO111_Angle.jpg 500w, https:\/\/mx.motorad.com\/wp-content\/uploads\/2025\/04\/MO111_Angle-300x300.jpg 300w, https:\/\/mx.motorad.com\/wp-content\/uploads\/2025\/04\/MO111_Angle-150x150.jpg 150w\" sizes=\"auto, (max-width: 500px) 100vw, 500px\" \/><\/figure>\n<\/div>\n\n\n\n<div class=\"wp-block-column is-layout-flow wp-block-column-is-layout-flow\">\n<figure class=\"wp-block-image size-full\"><img loading=\"lazy\" decoding=\"async\" width=\"500\" height=\"500\" src=\"https:\/\/mx.motorad.com\/wp-content\/uploads\/2025\/04\/6032-02_Angle.jpg\" alt=\"\" class=\"wp-image-4407\" srcset=\"https:\/\/mx.motorad.com\/wp-content\/uploads\/2025\/04\/6032-02_Angle.jpg 500w, https:\/\/mx.motorad.com\/wp-content\/uploads\/2025\/04\/6032-02_Angle-300x300.jpg 300w, https:\/\/mx.motorad.com\/wp-content\/uploads\/2025\/04\/6032-02_Angle-150x150.jpg 150w\" sizes=\"auto, (max-width: 500px) 100vw, 500px\" \/><\/figure>\n<\/div>\n\n\n\n<div class=\"wp-block-column is-layout-flow wp-block-column-is-layout-flow\">\n<figure class=\"wp-block-image size-full\"><img loading=\"lazy\" decoding=\"async\" width=\"500\" height=\"500\" src=\"https:\/\/mx.motorad.com\/wp-content\/uploads\/2025\/04\/MO116_Angle.jpg\" alt=\"\" class=\"wp-image-4428\" srcset=\"https:\/\/mx.motorad.com\/wp-content\/uploads\/2025\/04\/MO116_Angle.jpg 500w, https:\/\/mx.motorad.com\/wp-content\/uploads\/2025\/04\/MO116_Angle-300x300.jpg 300w, https:\/\/mx.motorad.com\/wp-content\/uploads\/2025\/04\/MO116_Angle-150x150.jpg 150w\" sizes=\"auto, (max-width: 500px) 100vw, 500px\" \/><\/figure>\n<\/div>\n\n\n\n<div class=\"wp-block-column is-layout-flow wp-block-column-is-layout-flow\">\n<figure class=\"wp-block-image size-full\"><img loading=\"lazy\" decoding=\"async\" width=\"500\" height=\"500\" src=\"https:\/\/mx.motorad.com\/wp-content\/uploads\/2025\/04\/MO120_Angle-1.jpg\" alt=\"\" class=\"wp-image-4435\" srcset=\"https:\/\/mx.motorad.com\/wp-content\/uploads\/2025\/04\/MO120_Angle-1.jpg 500w, https:\/\/mx.motorad.com\/wp-content\/uploads\/2025\/04\/MO120_Angle-1-300x300.jpg 300w, https:\/\/mx.motorad.com\/wp-content\/uploads\/2025\/04\/MO120_Angle-1-150x150.jpg 150w\" sizes=\"auto, (max-width: 500px) 100vw, 500px\" \/><\/figure>\n<\/div>\n<\/div>\n\n<p style=\"margin-bottom:var(--wp--preset--spacing--20)\">MotoRad bietet verschiedene Arten von \u00d6ldeckeln f\u00fcr alle Arten von Personenkraftwagen und Lastkraftwagen an, einschlie\u00dflich Deckeln mit integrierten Filtern und ohne.<\/p>\n\n<p style=\"margin-bottom:var(--wp--preset--spacing--20)\">Bei MotoRad sind wir stolz darauf, erstklassige \u00d6ldeckel anzubieten, die entwickelt wurden, um die Leistung und Zuverl\u00e4ssigkeit Ihres Motors zu steigern. Unser umfangreicher Katalog umfasst eine breite Palette von \u00d6ldeckeln, die sorgf\u00e4ltig gefertigt wurden, um h\u00f6chste Qualit\u00e4ts- und Kompatibilit\u00e4tsstandards zu erf\u00fcllen. <\/p>\n\n<p style=\"margin-bottom:var(--wp--preset--spacing--20)\"><strong>Warum sollten Sie sich f\u00fcr MotoRad-\u00d6ldeckel entscheiden?<\/strong><\/p>\n\n<p style=\"margin-bottom:var(--wp--preset--spacing--20)\"><strong>1. Herstellerexpertise:<\/strong> MotoRad ist ein f\u00fchrender Hersteller, der f\u00fcr sein Engagement f\u00fcr Exzellenz bekannt ist. Mit jahrzehntelanger Erfahrung in der Automobilindustrie stellen wir sicher, dass jeder \u00d6ldeckel strengen Qualit\u00e4tsstandards und Leistungsvorgaben entspricht. <\/p>\n\n<p style=\"margin-bottom:var(--wp--preset--spacing--20)\"><strong>2. Umfangreicher Katalog:<\/strong> Erkunden Sie unseren umfassenden Katalog mit einer vielf\u00e4ltigen Auswahl an \u00d6ldeckeln, die f\u00fcr verschiedene Marken und Modelle konzipiert sind. Ob Sie einen Kompaktwagen oder einen Schwerlasttransporter fahren, MotoRad hat die perfekte L\u00f6sung f\u00fcr die Bed\u00fcrfnisse Ihres Fahrzeugs. <\/p>\n\n<p style=\"margin-bottom:var(--wp--preset--spacing--20)\"><strong>3. Austauschbarkeit:<\/strong> Unsere \u00d6ldeckel sind so konzipiert, dass sie nahtlos mit OEM-Komponenten austauschbar sind und einen problemlosen Einbauprozess gew\u00e4hrleisten. Mit pr\u00e4ziser Passform und Kompatibilit\u00e4t k\u00f6nnen Sie darauf vertrauen, dass MotoRad optimale Leistung und Zuverl\u00e4ssigkeit liefert. <\/p>\n\n<p style=\"margin-bottom:var(--wp--preset--spacing--20)\"><strong>4. Teilenummerauswahl:<\/strong> Identifizieren Sie m\u00fchelos den richtigen \u00d6ldeckel f\u00fcr Ihr Fahrzeug mit unserem pr\u00e4zisen Teilenummernsystem. Mit MotoRad war es noch nie einfacher, die perfekte \u00dcbereinstimmung f\u00fcr Ihren Motor zu finden. <\/p>\n\n<p style=\"margin-bottom:var(--wp--preset--spacing--20)\"><strong>5. Umfassende Abdeckung:<\/strong> Von inl\u00e4ndischen bis hin zu ausl\u00e4ndischen Fahrzeugen bietet MotoRad eine umfassende Abdeckung, um die vielf\u00e4ltigen Bed\u00fcrfnisse von Fahrern weltweit zu erf\u00fcllen. Ob Sie einen Oldtimer oder einen modernen Hybrid warten, Sie k\u00f6nnen sich auf MotoRad f\u00fcr au\u00dfergew\u00f6hnliche Qualit\u00e4t und Kompatibilit\u00e4t verlassen. <\/p>\n\n<p style=\"margin-bottom:var(--wp--preset--spacing--20)\"><strong>6. Vertrauensw\u00fcrdiges Lieferantennetzwerk:<\/strong> Eine Partnerschaft mit MotoRad bedeutet Zugang zu einem vertrauensw\u00fcrdigen Netzwerk von Lieferanten, die sich der Bereitstellung echter OEM-Qualit\u00e4tsprodukte verschrieben haben. Seien Sie versichert, dass jeder \u00d6ldeckel, der den Namen MotoRad tr\u00e4gt, von unserem unersch\u00fctterlichen Engagement f\u00fcr Exzellenz gest\u00fctzt wird. <\/p>\n\n<p style=\"margin-bottom:var(--wp--preset--spacing--60)\"><strong>7. OEM-Qualit\u00e4tssicherung:<\/strong> MotoRad-\u00d6ldeckel sind nach OEM-Spezifikationen konstruiert und erf\u00fcllen somit die h\u00f6chsten Standards.<\/p>\n\n<hr class=\"wp-block-separator has-text-color has-palette-brand-3-color has-alpha-channel-opacity has-palette-brand-3-background-color has-background is-style-wide\" style=\"margin-bottom:var(--wp--preset--spacing--60)\"\/>\n\n<div class=\"wp-block-buttons is-layout-flex wp-block-buttons-is-layout-flex\" style=\"margin-bottom:var(--wp--preset--spacing--70)\">\n<div class=\"wp-block-button\"><a class=\"wp-block-button__link wp-element-button\" href=\"https:\/\/mx.motorad.com\/products\/\">Finden Sie den \u00d6ldeckel f\u00fcr Ihre Anwendung<\/a><\/div>\n<\/div>\n\n<div class=\"wp-block-cover alignfull is-light\" style=\"padding-top:var(--wp--preset--spacing--60);padding-bottom:var(--wp--preset--spacing--60)\"><span aria-hidden=\"true\" class=\"wp-block-cover__background has-background-dim-0 has-background-dim\" style=\"background-color:#ece5d9\"><\/span><img loading=\"lazy\" decoding=\"async\" width=\"1505\" height=\"305\" class=\"wp-block-cover__image-background wp-image-223\" alt=\"\" src=\"https:\/\/mx.motorad.com\/wp-content\/uploads\/2025\/03\/FooterCTA.jpg\" data-object-fit=\"cover\" srcset=\"https:\/\/mx.motorad.com\/wp-content\/uploads\/2025\/03\/FooterCTA.jpg 1505w, https:\/\/mx.motorad.com\/wp-content\/uploads\/2025\/03\/FooterCTA-300x61.jpg 300w, https:\/\/mx.motorad.com\/wp-content\/uploads\/2025\/03\/FooterCTA-1024x208.jpg 1024w, https:\/\/mx.motorad.com\/wp-content\/uploads\/2025\/03\/FooterCTA-768x156.jpg 768w\" sizes=\"auto, (max-width: 1505px) 100vw, 1505px\" \/><div class=\"wp-block-cover__inner-container is-layout-flow wp-block-cover-is-layout-flow\">\n<div class=\"wp-block-columns are-vertically-aligned-center is-layout-flex wp-container-core-columns-is-layout-cbe57604 wp-block-columns-is-layout-flex\">\n<div class=\"wp-block-column is-vertically-aligned-center is-layout-flow wp-block-column-is-layout-flow\" style=\"flex-basis:45%\">\n<h2 class=\"wp-block-heading has-text-align-center has-palette-text-color has-text-color\" id=\"h-need-help-finding-the-right-product\" style=\"margin-bottom:var(--wp--preset--spacing--40)\">Brauchen Sie Hilfe bei der Suche nach dem richtigen Produkt?<\/h2>\n\n\n\n<p class=\"has-text-align-center has-palette-text-color has-text-color\" style=\"margin-bottom:var(--wp--preset--spacing--50)\">Unser engagiertes Team ist hier, um Sie in die richtige Richtung zu lenken. Klicken Sie unten und lassen Sie uns wissen, wie wir Ihnen helfen k\u00f6nnen, das ideale Produkt f\u00fcr Ihren Bedarf zu finden. Ihre Reise zu BESSEREN Erfahrungen beginnt hier.  <\/p>\n\n\n\n<div class=\"wp-block-buttons is-content-justification-center is-layout-flex wp-container-core-buttons-is-layout-a89b3969 wp-block-buttons-is-layout-flex\">\n<div class=\"wp-block-button\"><a class=\"wp-block-button__link has-text-align-center wp-element-button\" href=\"https:\/\/mx.motorad.com\/contact\/need-help-finding-something\/\">Sprechen Sie mit einem MotoRad Spezialisten<\/a><\/div>\n<\/div>\n<\/div>\n\n\n\n<div class=\"wp-block-column is-layout-flow wp-block-column-is-layout-flow\" style=\"flex-basis:10%\"><\/div>\n\n\n\n<div class=\"wp-block-column is-layout-flow wp-block-column-is-layout-flow\" style=\"flex-basis:45%\">\n<h2 class=\"wp-block-heading has-text-align-center has-palette-text-color has-text-color\" id=\"h-looking-for-custom-development\" style=\"margin-bottom:var(--wp--preset--spacing--40)\">Suchen Sie eine individuelle Entwicklung?<\/h2>\n\n\n\n<p class=\"has-text-align-center has-palette-text-color has-text-color\" style=\"margin-bottom:var(--wp--preset--spacing--50)\">Bei uns geht es nicht nur um Produkte, sondern um ma\u00dfgeschneiderte L\u00f6sungen, die Ihren Bed\u00fcrfnissen entsprechen. Sind Sie bereit, Ihr neues Projekt zum Leben zu erwecken? Klicken Sie unten, und lassen Sie uns gemeinsam auf die Reise der individuellen Produktentwicklung gehen.  <\/p>\n\n\n\n<div class=\"wp-block-buttons is-content-justification-center is-layout-flex wp-container-core-buttons-is-layout-a89b3969 wp-block-buttons-is-layout-flex\">\n<div class=\"wp-block-button is-style-fill\"><a class=\"wp-block-button__link has-palette-bg-color has-palette-text-background-color has-text-color has-background has-text-align-center wp-element-button\" href=\"https:\/\/mx.motorad.com\/contact\/do-you-need-custom-development\/\">Wir m\u00f6chten Ihr Lieferant sein<\/a><\/div>\n<\/div>\n<\/div>\n<\/div>\n<\/div><\/div>\n","protected":false},"excerpt":{"rendered":"<p>\u00d6LDECKEL \u00d6ldeckel werden prim\u00e4r zur Versiegelung des \u00d6lreservoirs verwendet. Sie beinhalten oft Filter f\u00fcr die Kurbelgeh\u00e4useentl\u00fcftung, welche mehrmals w\u00e4hrend der [&#8230;]<\/p>\n","protected":false},"author":1,"featured_media":0,"parent":5912,"menu_order":0,"comment_status":"closed","ping_status":"closed","template":"","meta":{"_acf_changed":false,"footnotes":""},"class_list":["post-5763","page","type-page","status-publish","hentry"],"acf":[],"yoast_head":"<!-- This site is optimized with the Yoast SEO Premium plugin v27.2 (Yoast SEO v27.2) - https:\/\/yoast.com\/product\/yoast-seo-premium-wordpress\/ -->\n<title>\u00d6ldeckel - MotoRad<\/title>\n<meta name=\"description\" content=\"Entdecken Sie MotoRads umfangreichen Katalog hochwertiger \u00d6ldeckel, die f\u00fcr \u00fcberlegene Leistung und Kompatibilit\u00e4t konzipiert sind. Erkunden Sie Austauschbarkeit, Teilenummern, Abdeckung und OEM-Qualit\u00e4t, alles unterst\u00fctzt durch unser vertrauensw\u00fcrdiges Lieferantennetzwerk.\" \/>\n<meta name=\"robots\" content=\"index, follow, max-snippet:-1, max-image-preview:large, max-video-preview:-1\" \/>\n<link rel=\"canonical\" href=\"https:\/\/mx.motorad.com\/de\/produkte\/verschluesse\/oeldeckel\/\" \/>\n<meta property=\"og:locale\" content=\"de_DE\" \/>\n<meta property=\"og:type\" content=\"article\" \/>\n<meta property=\"og:title\" content=\"\u00d6ldeckel\" \/>\n<meta property=\"og:description\" content=\"Entdecken Sie MotoRads umfangreichen Katalog hochwertiger \u00d6ldeckel, die f\u00fcr \u00fcberlegene Leistung und Kompatibilit\u00e4t konzipiert sind. Erkunden Sie Austauschbarkeit, Teilenummern, Abdeckung und OEM-Qualit\u00e4t, alles unterst\u00fctzt durch unser vertrauensw\u00fcrdiges Lieferantennetzwerk.\" \/>\n<meta property=\"og:url\" content=\"https:\/\/mx.motorad.com\/de\/produkte\/verschluesse\/oeldeckel\/\" \/>\n<meta property=\"og:site_name\" content=\"MotoRad\" \/>\n<meta property=\"article:modified_time\" content=\"2025-06-13T12:48:57+00:00\" \/>\n<meta property=\"og:image\" content=\"https:\/\/mx.motorad.com\/wp-content\/uploads\/2025\/04\/MO109_Angle.jpg\" \/>\n\t<meta property=\"og:image:width\" content=\"500\" \/>\n\t<meta property=\"og:image:height\" content=\"500\" \/>\n\t<meta property=\"og:image:type\" content=\"image\/jpeg\" \/>\n<meta name=\"twitter:card\" content=\"summary_large_image\" \/>\n<meta name=\"twitter:label1\" content=\"Est. reading time\" \/>\n\t<meta name=\"twitter:data1\" content=\"2\u00a0Minuten\" \/>\n<script type=\"application\/ld+json\" class=\"yoast-schema-graph\">{\"@context\":\"https:\/\/schema.org\",\"@graph\":[{\"@type\":\"WebPage\",\"@id\":\"https:\/\/mx.motorad.com\/de\/produkte\/verschluesse\/oeldeckel\/\",\"url\":\"https:\/\/mx.motorad.com\/de\/produkte\/verschluesse\/oeldeckel\/\",\"name\":\"\u00d6ldeckel - MotoRad\",\"isPartOf\":{\"@id\":\"https:\/\/mx.motorad.com\/de\/#website\"},\"primaryImageOfPage\":{\"@id\":\"https:\/\/mx.motorad.com\/de\/produkte\/verschluesse\/oeldeckel\/#primaryimage\"},\"image\":{\"@id\":\"https:\/\/mx.motorad.com\/de\/produkte\/verschluesse\/oeldeckel\/#primaryimage\"},\"thumbnailUrl\":\"https:\/\/mx.motorad.com\/wp-content\/uploads\/2025\/04\/MO109_Angle.jpg\",\"datePublished\":\"2025-04-03T18:42:47+00:00\",\"dateModified\":\"2025-06-13T12:48:57+00:00\",\"description\":\"Entdecken Sie MotoRads umfangreichen Katalog hochwertiger \u00d6ldeckel, die f\u00fcr \u00fcberlegene Leistung und Kompatibilit\u00e4t konzipiert sind. Erkunden Sie Austauschbarkeit, Teilenummern, Abdeckung und OEM-Qualit\u00e4t, alles unterst\u00fctzt durch unser vertrauensw\u00fcrdiges Lieferantennetzwerk.\",\"breadcrumb\":{\"@id\":\"https:\/\/mx.motorad.com\/de\/produkte\/verschluesse\/oeldeckel\/#breadcrumb\"},\"inLanguage\":\"de\",\"potentialAction\":[{\"@type\":\"ReadAction\",\"target\":[\"https:\/\/mx.motorad.com\/de\/produkte\/verschluesse\/oeldeckel\/\"]}]},{\"@type\":\"ImageObject\",\"inLanguage\":\"de\",\"@id\":\"https:\/\/mx.motorad.com\/de\/produkte\/verschluesse\/oeldeckel\/#primaryimage\",\"url\":\"https:\/\/mx.motorad.com\/wp-content\/uploads\/2025\/04\/MO109_Angle.jpg\",\"contentUrl\":\"https:\/\/mx.motorad.com\/wp-content\/uploads\/2025\/04\/MO109_Angle.jpg\"},{\"@type\":\"BreadcrumbList\",\"@id\":\"https:\/\/mx.motorad.com\/de\/produkte\/verschluesse\/oeldeckel\/#breadcrumb\",\"itemListElement\":[{\"@type\":\"ListItem\",\"position\":1,\"name\":\"Home\",\"item\":\"https:\/\/mx.motorad.com\/de\/\"},{\"@type\":\"ListItem\",\"position\":2,\"name\":\"Produkte\",\"item\":\"https:\/\/motoradnew.test\/de\/produkte\/\"},{\"@type\":\"ListItem\",\"position\":3,\"name\":\"Verschl\u00fcsse\",\"item\":\"https:\/\/motoradnew.test\/de\/produkte\/verschluesse\/\"},{\"@type\":\"ListItem\",\"position\":4,\"name\":\"\u00d6ldeckel\"}]},{\"@type\":\"WebSite\",\"@id\":\"https:\/\/mx.motorad.com\/de\/#website\",\"url\":\"https:\/\/mx.motorad.com\/de\/\",\"name\":\"MotoRad\",\"description\":\"Trusted to Deliver Better - Thermal Management, Emissions, Powertrain Controls\",\"potentialAction\":[{\"@type\":\"SearchAction\",\"target\":{\"@type\":\"EntryPoint\",\"urlTemplate\":\"https:\/\/mx.motorad.com\/de\/?s={search_term_string}\"},\"query-input\":{\"@type\":\"PropertyValueSpecification\",\"valueRequired\":true,\"valueName\":\"search_term_string\"}}],\"inLanguage\":\"de\"}]}<\/script>\n<!-- \/ Yoast SEO Premium plugin. -->","yoast_head_json":{"title":"\u00d6ldeckel - MotoRad","description":"Entdecken Sie MotoRads umfangreichen Katalog hochwertiger \u00d6ldeckel, die f\u00fcr \u00fcberlegene Leistung und Kompatibilit\u00e4t konzipiert sind. Erkunden Sie Austauschbarkeit, Teilenummern, Abdeckung und OEM-Qualit\u00e4t, alles unterst\u00fctzt durch unser vertrauensw\u00fcrdiges Lieferantennetzwerk.","robots":{"index":"index","follow":"follow","max-snippet":"max-snippet:-1","max-image-preview":"max-image-preview:large","max-video-preview":"max-video-preview:-1"},"canonical":"https:\/\/mx.motorad.com\/de\/produkte\/verschluesse\/oeldeckel\/","og_locale":"de_DE","og_type":"article","og_title":"\u00d6ldeckel","og_description":"Entdecken Sie MotoRads umfangreichen Katalog hochwertiger \u00d6ldeckel, die f\u00fcr \u00fcberlegene Leistung und Kompatibilit\u00e4t konzipiert sind. Erkunden Sie Austauschbarkeit, Teilenummern, Abdeckung und OEM-Qualit\u00e4t, alles unterst\u00fctzt durch unser vertrauensw\u00fcrdiges Lieferantennetzwerk.","og_url":"https:\/\/mx.motorad.com\/de\/produkte\/verschluesse\/oeldeckel\/","og_site_name":"MotoRad","article_modified_time":"2025-06-13T12:48:57+00:00","og_image":[{"width":500,"height":500,"url":"https:\/\/mx.motorad.com\/wp-content\/uploads\/2025\/04\/MO109_Angle.jpg","type":"image\/jpeg"}],"twitter_card":"summary_large_image","twitter_misc":{"Est. reading time":"2\u00a0Minuten"},"schema":{"@context":"https:\/\/schema.org","@graph":[{"@type":"WebPage","@id":"https:\/\/mx.motorad.com\/de\/produkte\/verschluesse\/oeldeckel\/","url":"https:\/\/mx.motorad.com\/de\/produkte\/verschluesse\/oeldeckel\/","name":"\u00d6ldeckel - MotoRad","isPartOf":{"@id":"https:\/\/mx.motorad.com\/de\/#website"},"primaryImageOfPage":{"@id":"https:\/\/mx.motorad.com\/de\/produkte\/verschluesse\/oeldeckel\/#primaryimage"},"image":{"@id":"https:\/\/mx.motorad.com\/de\/produkte\/verschluesse\/oeldeckel\/#primaryimage"},"thumbnailUrl":"https:\/\/mx.motorad.com\/wp-content\/uploads\/2025\/04\/MO109_Angle.jpg","datePublished":"2025-04-03T18:42:47+00:00","dateModified":"2025-06-13T12:48:57+00:00","description":"Entdecken Sie MotoRads umfangreichen Katalog hochwertiger \u00d6ldeckel, die f\u00fcr \u00fcberlegene Leistung und Kompatibilit\u00e4t konzipiert sind. Erkunden Sie Austauschbarkeit, Teilenummern, Abdeckung und OEM-Qualit\u00e4t, alles unterst\u00fctzt durch unser vertrauensw\u00fcrdiges Lieferantennetzwerk.","breadcrumb":{"@id":"https:\/\/mx.motorad.com\/de\/produkte\/verschluesse\/oeldeckel\/#breadcrumb"},"inLanguage":"de","potentialAction":[{"@type":"ReadAction","target":["https:\/\/mx.motorad.com\/de\/produkte\/verschluesse\/oeldeckel\/"]}]},{"@type":"ImageObject","inLanguage":"de","@id":"https:\/\/mx.motorad.com\/de\/produkte\/verschluesse\/oeldeckel\/#primaryimage","url":"https:\/\/mx.motorad.com\/wp-content\/uploads\/2025\/04\/MO109_Angle.jpg","contentUrl":"https:\/\/mx.motorad.com\/wp-content\/uploads\/2025\/04\/MO109_Angle.jpg"},{"@type":"BreadcrumbList","@id":"https:\/\/mx.motorad.com\/de\/produkte\/verschluesse\/oeldeckel\/#breadcrumb","itemListElement":[{"@type":"ListItem","position":1,"name":"Home","item":"https:\/\/mx.motorad.com\/de\/"},{"@type":"ListItem","position":2,"name":"Produkte","item":"https:\/\/motoradnew.test\/de\/produkte\/"},{"@type":"ListItem","position":3,"name":"Verschl\u00fcsse","item":"https:\/\/motoradnew.test\/de\/produkte\/verschluesse\/"},{"@type":"ListItem","position":4,"name":"\u00d6ldeckel"}]},{"@type":"WebSite","@id":"https:\/\/mx.motorad.com\/de\/#website","url":"https:\/\/mx.motorad.com\/de\/","name":"MotoRad","description":"Trusted to Deliver Better - Thermal Management, Emissions, Powertrain Controls","potentialAction":[{"@type":"SearchAction","target":{"@type":"EntryPoint","urlTemplate":"https:\/\/mx.motorad.com\/de\/?s={search_term_string}"},"query-input":{"@type":"PropertyValueSpecification","valueRequired":true,"valueName":"search_term_string"}}],"inLanguage":"de"}]}},"_links":{"self":[{"href":"https:\/\/mx.motorad.com\/de\/wp-json\/wp\/v2\/pages\/5763","targetHints":{"allow":["GET"]}}],"collection":[{"href":"https:\/\/mx.motorad.com\/de\/wp-json\/wp\/v2\/pages"}],"about":[{"href":"https:\/\/mx.motorad.com\/de\/wp-json\/wp\/v2\/types\/page"}],"author":[{"embeddable":true,"href":"https:\/\/mx.motorad.com\/de\/wp-json\/wp\/v2\/users\/1"}],"replies":[{"embeddable":true,"href":"https:\/\/mx.motorad.com\/de\/wp-json\/wp\/v2\/comments?post=5763"}],"version-history":[{"count":1,"href":"https:\/\/mx.motorad.com\/de\/wp-json\/wp\/v2\/pages\/5763\/revisions"}],"predecessor-version":[{"id":5764,"href":"https:\/\/mx.motorad.com\/de\/wp-json\/wp\/v2\/pages\/5763\/revisions\/5764"}],"up":[{"embeddable":true,"href":"https:\/\/mx.motorad.com\/de\/wp-json\/wp\/v2\/pages\/5912"}],"wp:attachment":[{"href":"https:\/\/mx.motorad.com\/de\/wp-json\/wp\/v2\/media?parent=5763"}],"curies":[{"name":"wp","href":"https:\/\/api.w.org\/{rel}","templated":true}]}}