{"id":5775,"date":"2025-04-03T18:45:50","date_gmt":"2025-04-03T18:45:50","guid":{"rendered":"https:\/\/mx.motorad.com\/oelfilterdeckel\/"},"modified":"2025-06-13T12:48:57","modified_gmt":"2025-06-13T12:48:57","slug":"oelfilterdeckel","status":"publish","type":"page","link":"https:\/\/mx.motorad.com\/de\/produkte\/verschluesse\/oelfilterdeckel\/","title":{"rendered":"\u00d6lfilterdeckel"},"content":{"rendered":"\n<h1 class=\"wp-block-heading\" id=\"h-oil-filter-caps\" style=\"margin-top:var(--wp--preset--spacing--60);margin-bottom:var(--wp--preset--spacing--60)\">\u00d6LFILTERDECKEL<\/h1>\n\n<p style=\"margin-bottom:var(--wp--preset--spacing--20)\"><\/p>\n\n<p style=\"margin-bottom:var(--wp--preset--spacing--20)\">Der umfassende Katalog von MotoRad f\u00fcr \u00d6lfilterdeckel ist darauf ausgelegt, den anspruchsvollen Standards von Automobilenthusiasten und Fachleuten gleicherma\u00dfen gerecht zu werden. \u00d6lfilterdeckel gewinnen zunehmend an Bedeutung, da Automobil- und Lkw-Hersteller umweltfreundliche Patronenfilter verwenden, die Deckel f\u00fcr die \u00d6lfiltereinheit ben\u00f6tigen.  <\/p>\n\n<p style=\"margin-bottom:var(--wp--preset--spacing--20)\">Durchst\u00f6bern Sie unseren umfangreichen Katalog, um verschiedene \u00d6lfilterdeckel f\u00fcr diverse Marken und Modelle zu entdecken. Unsere OEM-kompatiblen Designs gew\u00e4hrleisten eine nahtlose Passform und eliminieren Kompatibilit\u00e4tsprobleme. Jedes Produkt ist sorgf\u00e4ltig mit der entsprechenden Teilenummer gekennzeichnet, um eine einfache Identifizierung und Auswahl zu erm\u00f6glichen.  <\/p>\n\n<p style=\"margin-bottom:var(--wp--preset--spacing--20)\">Mit einer umfassenden Abdeckung aller g\u00e4ngigen Fahrzeugmarken stellt MotoRad sicher, dass Sie die perfekte L\u00f6sung f\u00fcr die Bed\u00fcrfnisse Ihres Fahrzeugs finden. Als Ihr vertrauensw\u00fcrdiger Lieferant und Gesch\u00e4ftspartner legen wir bei jedem von uns angebotenen Produkt Wert auf OEM-Qualit\u00e4t und bieten Ihnen so Sicherheit und Zuverl\u00e4ssigkeit bei jedem Kauf.  <\/p>\n\n<p style=\"margin-bottom:var(--wp--preset--spacing--60)\">Unsere wachsende Produktlinie von \u00d6lfilterdeckeln bietet einen hervorragenden Ersatz f\u00fcr diese oft besch\u00e4digte oder verlorene Komponente w\u00e4hrend eines \u00d6lwechsels. <\/p>\n\n<figure class=\"wp-block-image size-full\"><img loading=\"lazy\" decoding=\"async\" width=\"240\" height=\"248\" src=\"https:\/\/mx.motorad.com\/wp-content\/uploads\/2025\/04\/MO300-1.webp\" alt=\"\" class=\"wp-image-4447\"\/><\/figure>\n\n<ul style=\"margin-top:var(--wp--preset--spacing--60);margin-bottom:var(--wp--preset--spacing--60)\" class=\"wp-block-list\">\n<li style=\"margin-bottom:var(--wp--preset--spacing--20)\">Die Fertigung erfolgt unter Verwendung hochwertiger OEM-Materialien, um eine optimale Leistung und robuste Langlebigkeit sicherzustellen.<\/li>\n\n\n\n<li>Konzipiert, um alle OEM-Spezifikationen hinsichtlich Passform, Form &amp; Funktion zu erf\u00fcllen oder zu \u00fcbertreffen.<\/li>\n<\/ul>\n\n<div class=\"wp-block-buttons is-layout-flex wp-block-buttons-is-layout-flex\" style=\"margin-bottom:var(--wp--preset--spacing--70)\">\n<div class=\"wp-block-button\"><a class=\"wp-block-button__link wp-element-button\" href=\"https:\/\/mx.motorad.com\/products\/\">Finden Sie den \u00d6lfilterdeckel f\u00fcr Ihre Anwendung<\/a><\/div>\n<\/div>\n\n<div class=\"wp-block-cover alignfull is-light\" style=\"padding-top:var(--wp--preset--spacing--60);padding-bottom:var(--wp--preset--spacing--60)\"><span aria-hidden=\"true\" class=\"wp-block-cover__background has-background-dim-0 has-background-dim\" style=\"background-color:#ece5d9\"><\/span><img loading=\"lazy\" decoding=\"async\" width=\"1505\" height=\"305\" class=\"wp-block-cover__image-background wp-image-223\" alt=\"\" src=\"https:\/\/mx.motorad.com\/wp-content\/uploads\/2025\/03\/FooterCTA.jpg\" data-object-fit=\"cover\" srcset=\"https:\/\/mx.motorad.com\/wp-content\/uploads\/2025\/03\/FooterCTA.jpg 1505w, https:\/\/mx.motorad.com\/wp-content\/uploads\/2025\/03\/FooterCTA-300x61.jpg 300w, https:\/\/mx.motorad.com\/wp-content\/uploads\/2025\/03\/FooterCTA-1024x208.jpg 1024w, https:\/\/mx.motorad.com\/wp-content\/uploads\/2025\/03\/FooterCTA-768x156.jpg 768w\" sizes=\"auto, (max-width: 1505px) 100vw, 1505px\" \/><div class=\"wp-block-cover__inner-container is-layout-flow wp-block-cover-is-layout-flow\">\n<div class=\"wp-block-columns are-vertically-aligned-center is-layout-flex wp-container-core-columns-is-layout-cbe57604 wp-block-columns-is-layout-flex\">\n<div class=\"wp-block-column is-vertically-aligned-center is-layout-flow wp-block-column-is-layout-flow\" style=\"flex-basis:45%\">\n<h2 class=\"wp-block-heading has-text-align-center has-palette-text-color has-text-color\" id=\"h-need-help-finding-the-right-product\" style=\"margin-bottom:var(--wp--preset--spacing--40)\">Brauchen Sie Hilfe bei der Suche nach dem richtigen Produkt?<\/h2>\n\n\n\n<p class=\"has-text-align-center has-palette-text-color has-text-color\" style=\"margin-bottom:var(--wp--preset--spacing--50)\">Unser engagiertes Team ist hier, um Sie in die richtige Richtung zu lenken. Klicken Sie unten und lassen Sie uns wissen, wie wir Ihnen helfen k\u00f6nnen, das ideale Produkt f\u00fcr Ihren Bedarf zu finden. Ihre Reise zu BESSEREN Erfahrungen beginnt hier.  <\/p>\n\n\n\n<div class=\"wp-block-buttons is-content-justification-center is-layout-flex wp-container-core-buttons-is-layout-a89b3969 wp-block-buttons-is-layout-flex\">\n<div class=\"wp-block-button\"><a class=\"wp-block-button__link has-text-align-center wp-element-button\" href=\"https:\/\/mx.motorad.com\/contact\/need-help-finding-something\/\">Sprechen Sie mit einem MotoRad Spezialisten<\/a><\/div>\n<\/div>\n<\/div>\n\n\n\n<div class=\"wp-block-column is-layout-flow wp-block-column-is-layout-flow\" style=\"flex-basis:10%\"><\/div>\n\n\n\n<div class=\"wp-block-column is-layout-flow wp-block-column-is-layout-flow\" style=\"flex-basis:45%\">\n<h2 class=\"wp-block-heading has-text-align-center has-palette-text-color has-text-color\" id=\"h-looking-for-custom-development\" style=\"margin-bottom:var(--wp--preset--spacing--40)\">Suchen Sie eine individuelle Entwicklung?<\/h2>\n\n\n\n<p class=\"has-text-align-center has-palette-text-color has-text-color\" style=\"margin-bottom:var(--wp--preset--spacing--50)\">Bei uns geht es nicht nur um Produkte, sondern um ma\u00dfgeschneiderte L\u00f6sungen, die Ihren Bed\u00fcrfnissen entsprechen. Sind Sie bereit, Ihr neues Projekt zum Leben zu erwecken? Klicken Sie unten, und lassen Sie uns gemeinsam auf die Reise der individuellen Produktentwicklung gehen.  <\/p>\n\n\n\n<div class=\"wp-block-buttons is-content-justification-center is-layout-flex wp-container-core-buttons-is-layout-a89b3969 wp-block-buttons-is-layout-flex\">\n<div class=\"wp-block-button is-style-fill\"><a class=\"wp-block-button__link has-palette-bg-color has-palette-text-background-color has-text-color has-background has-text-align-center wp-element-button\" href=\"https:\/\/mx.motorad.com\/contact\/do-you-need-custom-development\/\">Wir m\u00f6chten Ihr Lieferant sein<\/a><\/div>\n<\/div>\n<\/div>\n<\/div>\n<\/div><\/div>\n","protected":false},"excerpt":{"rendered":"<p>\u00d6LFILTERDECKEL Der umfassende Katalog von MotoRad f\u00fcr \u00d6lfilterdeckel ist darauf ausgelegt, den anspruchsvollen Standards von Automobilenthusiasten und Fachleuten gleicherma\u00dfen gerecht [&#8230;]<\/p>\n","protected":false},"author":1,"featured_media":0,"parent":5912,"menu_order":0,"comment_status":"closed","ping_status":"closed","template":"","meta":{"_acf_changed":false,"footnotes":""},"class_list":["post-5775","page","type-page","status-publish","hentry"],"acf":[],"yoast_head":"<!-- This site is optimized with the Yoast SEO Premium plugin v27.2 (Yoast SEO v27.2) - https:\/\/yoast.com\/product\/yoast-seo-premium-wordpress\/ -->\n<title>\u00d6lfilterdeckel - MotoRad<\/title>\n<meta name=\"description\" content=\"Erkunden Sie den umfangreichen Katalog von Motorad f\u00fcr \u00d6lfilterdeckel, die jeweils \u00fcbersichtlich nach Teilenummer und zugeh\u00f6rigem Austauschteil geordnet sind. Finden Sie mit Motorad die perfekte L\u00f6sung f\u00fcr die Wartungsanforderungen Ihres Fahrzeugs.\" \/>\n<meta name=\"robots\" content=\"index, follow, max-snippet:-1, max-image-preview:large, max-video-preview:-1\" \/>\n<link rel=\"canonical\" href=\"https:\/\/mx.motorad.com\/de\/produkte\/verschluesse\/oelfilterdeckel\/\" \/>\n<meta property=\"og:locale\" content=\"de_DE\" \/>\n<meta property=\"og:type\" content=\"article\" \/>\n<meta property=\"og:title\" content=\"\u00d6lfilterdeckel\" \/>\n<meta property=\"og:description\" content=\"Erkunden Sie den umfangreichen Katalog von Motorad f\u00fcr \u00d6lfilterdeckel, die jeweils \u00fcbersichtlich nach Teilenummer und zugeh\u00f6rigem Austauschteil geordnet sind. Finden Sie mit Motorad die perfekte L\u00f6sung f\u00fcr die Wartungsanforderungen Ihres Fahrzeugs.\" \/>\n<meta property=\"og:url\" content=\"https:\/\/mx.motorad.com\/de\/produkte\/verschluesse\/oelfilterdeckel\/\" \/>\n<meta property=\"og:site_name\" content=\"MotoRad\" \/>\n<meta property=\"article:modified_time\" content=\"2025-06-13T12:48:57+00:00\" \/>\n<meta property=\"og:image\" content=\"https:\/\/mx.motorad.com\/wp-content\/uploads\/2025\/04\/MO300-1.webp\" \/>\n\t<meta property=\"og:image:width\" content=\"240\" \/>\n\t<meta property=\"og:image:height\" content=\"248\" \/>\n\t<meta property=\"og:image:type\" content=\"image\/webp\" \/>\n<meta name=\"twitter:card\" content=\"summary_large_image\" \/>\n<meta name=\"twitter:label1\" content=\"Est. reading time\" \/>\n\t<meta name=\"twitter:data1\" content=\"1\u00a0Minute\" \/>\n<script type=\"application\/ld+json\" class=\"yoast-schema-graph\">{\"@context\":\"https:\/\/schema.org\",\"@graph\":[{\"@type\":\"WebPage\",\"@id\":\"https:\/\/mx.motorad.com\/de\/produkte\/verschluesse\/oelfilterdeckel\/\",\"url\":\"https:\/\/mx.motorad.com\/de\/produkte\/verschluesse\/oelfilterdeckel\/\",\"name\":\"\u00d6lfilterdeckel - MotoRad\",\"isPartOf\":{\"@id\":\"https:\/\/mx.motorad.com\/de\/#website\"},\"primaryImageOfPage\":{\"@id\":\"https:\/\/mx.motorad.com\/de\/produkte\/verschluesse\/oelfilterdeckel\/#primaryimage\"},\"image\":{\"@id\":\"https:\/\/mx.motorad.com\/de\/produkte\/verschluesse\/oelfilterdeckel\/#primaryimage\"},\"thumbnailUrl\":\"https:\/\/mx.motorad.com\/wp-content\/uploads\/2025\/04\/MO300-1.webp\",\"datePublished\":\"2025-04-03T18:45:50+00:00\",\"dateModified\":\"2025-06-13T12:48:57+00:00\",\"description\":\"Erkunden Sie den umfangreichen Katalog von Motorad f\u00fcr \u00d6lfilterdeckel, die jeweils \u00fcbersichtlich nach Teilenummer und zugeh\u00f6rigem Austauschteil geordnet sind. Finden Sie mit Motorad die perfekte L\u00f6sung f\u00fcr die Wartungsanforderungen Ihres Fahrzeugs.\",\"breadcrumb\":{\"@id\":\"https:\/\/mx.motorad.com\/de\/produkte\/verschluesse\/oelfilterdeckel\/#breadcrumb\"},\"inLanguage\":\"de\",\"potentialAction\":[{\"@type\":\"ReadAction\",\"target\":[\"https:\/\/mx.motorad.com\/de\/produkte\/verschluesse\/oelfilterdeckel\/\"]}]},{\"@type\":\"ImageObject\",\"inLanguage\":\"de\",\"@id\":\"https:\/\/mx.motorad.com\/de\/produkte\/verschluesse\/oelfilterdeckel\/#primaryimage\",\"url\":\"https:\/\/mx.motorad.com\/wp-content\/uploads\/2025\/04\/MO300-1.webp\",\"contentUrl\":\"https:\/\/mx.motorad.com\/wp-content\/uploads\/2025\/04\/MO300-1.webp\"},{\"@type\":\"BreadcrumbList\",\"@id\":\"https:\/\/mx.motorad.com\/de\/produkte\/verschluesse\/oelfilterdeckel\/#breadcrumb\",\"itemListElement\":[{\"@type\":\"ListItem\",\"position\":1,\"name\":\"Home\",\"item\":\"https:\/\/mx.motorad.com\/de\/\"},{\"@type\":\"ListItem\",\"position\":2,\"name\":\"Produkte\",\"item\":\"https:\/\/motoradnew.test\/de\/produkte\/\"},{\"@type\":\"ListItem\",\"position\":3,\"name\":\"Verschl\u00fcsse\",\"item\":\"https:\/\/motoradnew.test\/de\/produkte\/verschluesse\/\"},{\"@type\":\"ListItem\",\"position\":4,\"name\":\"\u00d6lfilterdeckel\"}]},{\"@type\":\"WebSite\",\"@id\":\"https:\/\/mx.motorad.com\/de\/#website\",\"url\":\"https:\/\/mx.motorad.com\/de\/\",\"name\":\"MotoRad\",\"description\":\"Trusted to Deliver Better - Thermal Management, Emissions, Powertrain Controls\",\"potentialAction\":[{\"@type\":\"SearchAction\",\"target\":{\"@type\":\"EntryPoint\",\"urlTemplate\":\"https:\/\/mx.motorad.com\/de\/?s={search_term_string}\"},\"query-input\":{\"@type\":\"PropertyValueSpecification\",\"valueRequired\":true,\"valueName\":\"search_term_string\"}}],\"inLanguage\":\"de\"}]}<\/script>\n<!-- \/ Yoast SEO Premium plugin. -->","yoast_head_json":{"title":"\u00d6lfilterdeckel - MotoRad","description":"Erkunden Sie den umfangreichen Katalog von Motorad f\u00fcr \u00d6lfilterdeckel, die jeweils \u00fcbersichtlich nach Teilenummer und zugeh\u00f6rigem Austauschteil geordnet sind. Finden Sie mit Motorad die perfekte L\u00f6sung f\u00fcr die Wartungsanforderungen Ihres Fahrzeugs.","robots":{"index":"index","follow":"follow","max-snippet":"max-snippet:-1","max-image-preview":"max-image-preview:large","max-video-preview":"max-video-preview:-1"},"canonical":"https:\/\/mx.motorad.com\/de\/produkte\/verschluesse\/oelfilterdeckel\/","og_locale":"de_DE","og_type":"article","og_title":"\u00d6lfilterdeckel","og_description":"Erkunden Sie den umfangreichen Katalog von Motorad f\u00fcr \u00d6lfilterdeckel, die jeweils \u00fcbersichtlich nach Teilenummer und zugeh\u00f6rigem Austauschteil geordnet sind. Finden Sie mit Motorad die perfekte L\u00f6sung f\u00fcr die Wartungsanforderungen Ihres Fahrzeugs.","og_url":"https:\/\/mx.motorad.com\/de\/produkte\/verschluesse\/oelfilterdeckel\/","og_site_name":"MotoRad","article_modified_time":"2025-06-13T12:48:57+00:00","og_image":[{"width":240,"height":248,"url":"https:\/\/mx.motorad.com\/wp-content\/uploads\/2025\/04\/MO300-1.webp","type":"image\/webp"}],"twitter_card":"summary_large_image","twitter_misc":{"Est. reading time":"1\u00a0Minute"},"schema":{"@context":"https:\/\/schema.org","@graph":[{"@type":"WebPage","@id":"https:\/\/mx.motorad.com\/de\/produkte\/verschluesse\/oelfilterdeckel\/","url":"https:\/\/mx.motorad.com\/de\/produkte\/verschluesse\/oelfilterdeckel\/","name":"\u00d6lfilterdeckel - MotoRad","isPartOf":{"@id":"https:\/\/mx.motorad.com\/de\/#website"},"primaryImageOfPage":{"@id":"https:\/\/mx.motorad.com\/de\/produkte\/verschluesse\/oelfilterdeckel\/#primaryimage"},"image":{"@id":"https:\/\/mx.motorad.com\/de\/produkte\/verschluesse\/oelfilterdeckel\/#primaryimage"},"thumbnailUrl":"https:\/\/mx.motorad.com\/wp-content\/uploads\/2025\/04\/MO300-1.webp","datePublished":"2025-04-03T18:45:50+00:00","dateModified":"2025-06-13T12:48:57+00:00","description":"Erkunden Sie den umfangreichen Katalog von Motorad f\u00fcr \u00d6lfilterdeckel, die jeweils \u00fcbersichtlich nach Teilenummer und zugeh\u00f6rigem Austauschteil geordnet sind. Finden Sie mit Motorad die perfekte L\u00f6sung f\u00fcr die Wartungsanforderungen Ihres Fahrzeugs.","breadcrumb":{"@id":"https:\/\/mx.motorad.com\/de\/produkte\/verschluesse\/oelfilterdeckel\/#breadcrumb"},"inLanguage":"de","potentialAction":[{"@type":"ReadAction","target":["https:\/\/mx.motorad.com\/de\/produkte\/verschluesse\/oelfilterdeckel\/"]}]},{"@type":"ImageObject","inLanguage":"de","@id":"https:\/\/mx.motorad.com\/de\/produkte\/verschluesse\/oelfilterdeckel\/#primaryimage","url":"https:\/\/mx.motorad.com\/wp-content\/uploads\/2025\/04\/MO300-1.webp","contentUrl":"https:\/\/mx.motorad.com\/wp-content\/uploads\/2025\/04\/MO300-1.webp"},{"@type":"BreadcrumbList","@id":"https:\/\/mx.motorad.com\/de\/produkte\/verschluesse\/oelfilterdeckel\/#breadcrumb","itemListElement":[{"@type":"ListItem","position":1,"name":"Home","item":"https:\/\/mx.motorad.com\/de\/"},{"@type":"ListItem","position":2,"name":"Produkte","item":"https:\/\/motoradnew.test\/de\/produkte\/"},{"@type":"ListItem","position":3,"name":"Verschl\u00fcsse","item":"https:\/\/motoradnew.test\/de\/produkte\/verschluesse\/"},{"@type":"ListItem","position":4,"name":"\u00d6lfilterdeckel"}]},{"@type":"WebSite","@id":"https:\/\/mx.motorad.com\/de\/#website","url":"https:\/\/mx.motorad.com\/de\/","name":"MotoRad","description":"Trusted to Deliver Better - Thermal Management, Emissions, Powertrain Controls","potentialAction":[{"@type":"SearchAction","target":{"@type":"EntryPoint","urlTemplate":"https:\/\/mx.motorad.com\/de\/?s={search_term_string}"},"query-input":{"@type":"PropertyValueSpecification","valueRequired":true,"valueName":"search_term_string"}}],"inLanguage":"de"}]}},"_links":{"self":[{"href":"https:\/\/mx.motorad.com\/de\/wp-json\/wp\/v2\/pages\/5775","targetHints":{"allow":["GET"]}}],"collection":[{"href":"https:\/\/mx.motorad.com\/de\/wp-json\/wp\/v2\/pages"}],"about":[{"href":"https:\/\/mx.motorad.com\/de\/wp-json\/wp\/v2\/types\/page"}],"author":[{"embeddable":true,"href":"https:\/\/mx.motorad.com\/de\/wp-json\/wp\/v2\/users\/1"}],"replies":[{"embeddable":true,"href":"https:\/\/mx.motorad.com\/de\/wp-json\/wp\/v2\/comments?post=5775"}],"version-history":[{"count":1,"href":"https:\/\/mx.motorad.com\/de\/wp-json\/wp\/v2\/pages\/5775\/revisions"}],"predecessor-version":[{"id":5777,"href":"https:\/\/mx.motorad.com\/de\/wp-json\/wp\/v2\/pages\/5775\/revisions\/5777"}],"up":[{"embeddable":true,"href":"https:\/\/mx.motorad.com\/de\/wp-json\/wp\/v2\/pages\/5912"}],"wp:attachment":[{"href":"https:\/\/mx.motorad.com\/de\/wp-json\/wp\/v2\/media?parent=5775"}],"curies":[{"name":"wp","href":"https:\/\/api.w.org\/{rel}","templated":true}]}}