{"id":5782,"date":"2025-04-03T18:39:39","date_gmt":"2025-04-03T18:39:39","guid":{"rendered":"https:\/\/mx.motorad.com\/tankdeckel\/"},"modified":"2025-06-13T12:48:57","modified_gmt":"2025-06-13T12:48:57","slug":"tankdeckel","status":"publish","type":"page","link":"https:\/\/mx.motorad.com\/de\/produkte\/verschluesse\/tankdeckel\/","title":{"rendered":"Tankdeckel"},"content":{"rendered":"\n<h1 class=\"wp-block-heading\" id=\"h-fuel-caps\" style=\"margin-top:var(--wp--preset--spacing--60);margin-right:0;margin-bottom:var(--wp--preset--spacing--60);margin-left:0\">TANKDECKEL<\/h1>\n\n<p style=\"margin-bottom:var(--wp--preset--spacing--30)\">Tankdeckel sind klein, aber entscheidend und ein integraler Bestandteil des On-Board-Diagnosesystems und des Emissionskontrollsystems.<\/p>\n\n<p>Sie verhindern das Austreten von Kraftstoffd\u00e4mpfen aus dem Einf\u00fcllstutzen, was eine Hauptquelle f\u00fcr Kohlenwasserstoffemissionen darstellt, und spielen eine wichtige Sicherheitsrolle, indem sie den Kraftstofffluss aus dem Einf\u00fcllstutzen bei einem Unfall, einschlie\u00dflich \u00dcberschl\u00e4gen, verhindern.<\/p>\n\n<div class=\"wp-block-columns is-layout-flex wp-container-core-columns-is-layout-2d5df727 wp-block-columns-is-layout-flex\" style=\"margin-top:var(--wp--preset--spacing--60);margin-bottom:var(--wp--preset--spacing--60)\">\n<div class=\"wp-block-column is-layout-flow wp-block-column-is-layout-flow\">\n<figure class=\"wp-block-image size-full\"><img loading=\"lazy\" decoding=\"async\" width=\"500\" height=\"500\" src=\"https:\/\/mx.motorad.com\/wp-content\/uploads\/2025\/04\/MGC502_Angle.jpg\" alt=\"\" class=\"wp-image-4373\" srcset=\"https:\/\/mx.motorad.com\/wp-content\/uploads\/2025\/04\/MGC502_Angle.jpg 500w, https:\/\/mx.motorad.com\/wp-content\/uploads\/2025\/04\/MGC502_Angle-300x300.jpg 300w, https:\/\/mx.motorad.com\/wp-content\/uploads\/2025\/04\/MGC502_Angle-150x150.jpg 150w\" sizes=\"auto, (max-width: 500px) 100vw, 500px\" \/><\/figure>\n<\/div>\n\n\n\n<div class=\"wp-block-column is-layout-flow wp-block-column-is-layout-flow\">\n<figure class=\"wp-block-image size-full\"><img loading=\"lazy\" decoding=\"async\" width=\"500\" height=\"500\" src=\"https:\/\/mx.motorad.com\/wp-content\/uploads\/2025\/04\/MGC619_Angle-1.jpg\" alt=\"\" class=\"wp-image-4380\" srcset=\"https:\/\/mx.motorad.com\/wp-content\/uploads\/2025\/04\/MGC619_Angle-1.jpg 500w, https:\/\/mx.motorad.com\/wp-content\/uploads\/2025\/04\/MGC619_Angle-1-300x300.jpg 300w, https:\/\/mx.motorad.com\/wp-content\/uploads\/2025\/04\/MGC619_Angle-1-150x150.jpg 150w\" sizes=\"auto, (max-width: 500px) 100vw, 500px\" \/><\/figure>\n<\/div>\n\n\n\n<div class=\"wp-block-column is-layout-flow wp-block-column-is-layout-flow\">\n<figure class=\"wp-block-image size-full\"><img loading=\"lazy\" decoding=\"async\" width=\"500\" height=\"500\" src=\"https:\/\/mx.motorad.com\/wp-content\/uploads\/2025\/04\/2501-11_Angle.jpg\" alt=\"\" class=\"wp-image-4366\" srcset=\"https:\/\/mx.motorad.com\/wp-content\/uploads\/2025\/04\/2501-11_Angle.jpg 500w, https:\/\/mx.motorad.com\/wp-content\/uploads\/2025\/04\/2501-11_Angle-300x300.jpg 300w, https:\/\/mx.motorad.com\/wp-content\/uploads\/2025\/04\/2501-11_Angle-150x150.jpg 150w\" sizes=\"auto, (max-width: 500px) 100vw, 500px\" \/><\/figure>\n<\/div>\n\n\n\n<div class=\"wp-block-column is-layout-flow wp-block-column-is-layout-flow\">\n<figure class=\"wp-block-image size-full\"><img loading=\"lazy\" decoding=\"async\" width=\"500\" height=\"500\" src=\"https:\/\/mx.motorad.com\/wp-content\/uploads\/2025\/04\/MGC704_Angle.jpg\" alt=\"\" class=\"wp-image-4387\" srcset=\"https:\/\/mx.motorad.com\/wp-content\/uploads\/2025\/04\/MGC704_Angle.jpg 500w, https:\/\/mx.motorad.com\/wp-content\/uploads\/2025\/04\/MGC704_Angle-300x300.jpg 300w, https:\/\/mx.motorad.com\/wp-content\/uploads\/2025\/04\/MGC704_Angle-150x150.jpg 150w\" sizes=\"auto, (max-width: 500px) 100vw, 500px\" \/><\/figure>\n<\/div>\n\n\n\n<div class=\"wp-block-column is-layout-flow wp-block-column-is-layout-flow\">\n<figure class=\"wp-block-image size-full\"><img loading=\"lazy\" decoding=\"async\" width=\"500\" height=\"500\" src=\"https:\/\/mx.motorad.com\/wp-content\/uploads\/2025\/04\/MGC815_Angle.jpg\" alt=\"\" class=\"wp-image-4394\" srcset=\"https:\/\/mx.motorad.com\/wp-content\/uploads\/2025\/04\/MGC815_Angle.jpg 500w, https:\/\/mx.motorad.com\/wp-content\/uploads\/2025\/04\/MGC815_Angle-300x300.jpg 300w, https:\/\/mx.motorad.com\/wp-content\/uploads\/2025\/04\/MGC815_Angle-150x150.jpg 150w\" sizes=\"auto, (max-width: 500px) 100vw, 500px\" \/><\/figure>\n<\/div>\n<\/div>\n\n<p style=\"margin-bottom:var(--wp--preset--spacing--20)\">Studien zeigen, dass ein defekter oder fehlender Tankdeckel j\u00e4hrlich bis zu 114 Liter (30 Gallonen) Kraftstoff in die Atmosph\u00e4re verdunsten lassen kann. Aus all diesen Gr\u00fcnden ist die Verwendung eines bew\u00e4hrten, hochwertigen Tankdeckels f\u00fcr die Sicherheit, den Kraftstoffverbrauch und die Umwelt von entscheidender Bedeutung. <\/p>\n\n<p style=\"margin-bottom:var(--wp--preset--spacing--20)\">MotoRad Tankdeckel sind so konzipiert und hergestellt, dass sie einen solchen Kraftstoffverlust verhindern. Alle Tankdeckel von MotoRad erf\u00fcllen s\u00e4mtliche bundesstaatlichen (MVSS301) und I\/M 240 Anforderungen. <\/p>\n\n<p style=\"margin-bottom:var(--wp--preset--spacing--20)\"><strong>Standard-Tankdeckel<\/strong><\/p>\n\n<p style=\"margin-bottom:var(--wp--preset--spacing--20)\">MotoRad Standard-Tankdeckel erf\u00fcllen alle staatlichen und bundesweiten Emissionsanforderungen. Die Deckel sind speziell mit Druck- und Vakuumventilen ausgestattet, um die Verdunstung von Kraftstoff zu verhindern. <\/p>\n\n<p style=\"margin-bottom:var(--wp--preset--spacing--20)\"><strong>Abschlie\u00dfbare Tankdeckel<\/strong><\/p>\n\n<p style=\"margin-bottom:var(--wp--preset--spacing--20)\">MotoRad abschlie\u00dfbare Tankdeckel k\u00f6nnen sowohl als abschlie\u00dfbare als auch als nicht abschlie\u00dfbare Tankdeckel fungieren. Wenn der Schl\u00fcssel nach links gedreht und abgezogen wird, ist der Deckel entriegelt und dreht sich nicht mehr frei. Der Deckel erf\u00fcllt in beiden Positionen, verriegelt und entriegelt, alle Emissionsspezifikationen.  <\/p>\n\n<p style=\"margin-bottom:var(--wp--preset--spacing--20)\"><strong>Erwiesene hohe Sicherheit und Benutzerfreundlichkeit<\/strong><\/p>\n\n<p style=\"margin-bottom:var(--wp--preset--spacing--20)\">MotoRad bietet mehr als 60 verschiedene Arten von Tankdeckeln und mehr als 50 Arten von abschlie\u00dfbaren Tankdeckeln an, die alle so konzipiert und hergestellt sind, dass sie den Kraftstoffdampfverlust minimieren und gleichzeitig die Sicherheit und Benutzerfreundlichkeit maximieren<\/p>\n\n<p style=\"margin-bottom:var(--wp--preset--spacing--20)\"><strong>Nicht abschlie\u00dfbare und abschlie\u00dfbare Tankdeckel<\/strong><\/p>\n\n<p style=\"margin-bottom:var(--wp--preset--spacing--60)\">MotoRad Tankdeckel sind so konzipiert und hergestellt, dass sie Kraftstoffverluste prim\u00e4r durch Verdunstung verhindern. Dar\u00fcber hinaus sind MotoRad nicht abschlie\u00dfbare und abschlie\u00dfbare Deckel f\u00fcr ein einfaches \u00d6ffnen und Schlie\u00dfen durch alle Fahrer konzipiert, einschlie\u00dflich Personen mit kleineren H\u00e4nden. Abschlie\u00dfbare Tankdeckel werden empfohlen, um Kraftstoffdiebstahl und Vandalismus zu verhindern.<br\/>Alle MotoRad Tankdeckel verf\u00fcgen \u00fcber eine Bel\u00fcftung gem\u00e4\u00df Industriestandards, ein integriertes Ratschensystem f\u00fcr einen positiven Verschluss und die Vermeidung von \u00dcberdrehen des Deckels sowie einen optionalen Verriegelungsmechanismus. Alle MotoRad Tankdeckel erf\u00fcllen oder \u00fcbertreffen die Standardanforderungen der Automobilindustrie. Sie erf\u00fcllen alle Emissionskontrollstandards einschlie\u00dflich IM240 und AIR CARE Inspektion und wurden unabh\u00e4ngig auf ihre Emissionskontrolleffektivit\u00e4t getestet. Deckelintegrit\u00e4tstests, die eine Kollision bei 90 km\/h (56 mph), einen Kipptest und einen Bel\u00fcftungstest simulieren, beweisen ihre F\u00e4higkeit, nach einer Seitenkollision versiegelt zu bleiben.     <\/p>\n\n<div class=\"wp-block-buttons is-layout-flex wp-block-buttons-is-layout-flex\" style=\"margin-bottom:var(--wp--preset--spacing--70)\">\n<div class=\"wp-block-button\"><a class=\"wp-block-button__link wp-element-button\" href=\"https:\/\/mx.motorad.com\/products\/\">Finden Sie Tankdeckel f\u00fcr Ihre Anwendung<\/a><\/div>\n<\/div>\n\n<div class=\"wp-block-cover alignfull is-light\" style=\"padding-top:var(--wp--preset--spacing--60);padding-bottom:var(--wp--preset--spacing--60)\"><span aria-hidden=\"true\" class=\"wp-block-cover__background has-background-dim-0 has-background-dim\" style=\"background-color:#ece5d9\"><\/span><img loading=\"lazy\" decoding=\"async\" width=\"1505\" height=\"305\" class=\"wp-block-cover__image-background wp-image-223\" alt=\"\" src=\"https:\/\/mx.motorad.com\/wp-content\/uploads\/2025\/03\/FooterCTA.jpg\" data-object-fit=\"cover\" srcset=\"https:\/\/mx.motorad.com\/wp-content\/uploads\/2025\/03\/FooterCTA.jpg 1505w, https:\/\/mx.motorad.com\/wp-content\/uploads\/2025\/03\/FooterCTA-300x61.jpg 300w, https:\/\/mx.motorad.com\/wp-content\/uploads\/2025\/03\/FooterCTA-1024x208.jpg 1024w, https:\/\/mx.motorad.com\/wp-content\/uploads\/2025\/03\/FooterCTA-768x156.jpg 768w\" sizes=\"auto, (max-width: 1505px) 100vw, 1505px\" \/><div class=\"wp-block-cover__inner-container is-layout-flow wp-block-cover-is-layout-flow\">\n<div class=\"wp-block-columns are-vertically-aligned-center is-layout-flex wp-container-core-columns-is-layout-cbe57604 wp-block-columns-is-layout-flex\">\n<div class=\"wp-block-column is-vertically-aligned-center is-layout-flow wp-block-column-is-layout-flow\" style=\"flex-basis:45%\">\n<h2 class=\"wp-block-heading has-text-align-center has-palette-text-color has-text-color\" id=\"h-need-help-finding-the-right-product\" style=\"margin-bottom:var(--wp--preset--spacing--40)\">Brauchen Sie Hilfe bei der Suche nach dem richtigen Produkt?<\/h2>\n\n\n\n<p class=\"has-text-align-center has-palette-text-color has-text-color\" style=\"margin-bottom:var(--wp--preset--spacing--50)\">Unser engagiertes Team ist hier, um Sie in die richtige Richtung zu lenken. Klicken Sie unten und lassen Sie uns wissen, wie wir Ihnen helfen k\u00f6nnen, das ideale Produkt f\u00fcr Ihren Bedarf zu finden. Ihre Reise zu BESSEREN Erfahrungen beginnt hier.  <\/p>\n\n\n\n<div class=\"wp-block-buttons is-content-justification-center is-layout-flex wp-container-core-buttons-is-layout-a89b3969 wp-block-buttons-is-layout-flex\">\n<div class=\"wp-block-button\"><a class=\"wp-block-button__link has-text-align-center wp-element-button\" href=\"https:\/\/mx.motorad.com\/contact\/need-help-finding-something\/\">Sprechen Sie mit einem MotoRad Spezialisten<\/a><\/div>\n<\/div>\n<\/div>\n\n\n\n<div class=\"wp-block-column is-layout-flow wp-block-column-is-layout-flow\" style=\"flex-basis:10%\"><\/div>\n\n\n\n<div class=\"wp-block-column is-layout-flow wp-block-column-is-layout-flow\" style=\"flex-basis:45%\">\n<h2 class=\"wp-block-heading has-text-align-center has-palette-text-color has-text-color\" id=\"h-looking-for-custom-development\" style=\"margin-bottom:var(--wp--preset--spacing--40)\">Suchen Sie eine individuelle Entwicklung?<\/h2>\n\n\n\n<p class=\"has-text-align-center has-palette-text-color has-text-color\" style=\"margin-bottom:var(--wp--preset--spacing--50)\">Bei uns geht es nicht nur um Produkte, sondern um ma\u00dfgeschneiderte L\u00f6sungen, die Ihren Bed\u00fcrfnissen entsprechen. Sind Sie bereit, Ihr neues Projekt zum Leben zu erwecken? Klicken Sie unten, und lassen Sie uns gemeinsam auf die Reise der individuellen Produktentwicklung gehen.  <\/p>\n\n\n\n<div class=\"wp-block-buttons is-content-justification-center is-layout-flex wp-container-core-buttons-is-layout-a89b3969 wp-block-buttons-is-layout-flex\">\n<div class=\"wp-block-button is-style-fill\"><a class=\"wp-block-button__link has-palette-bg-color has-palette-text-background-color has-text-color has-background has-text-align-center wp-element-button\" href=\"https:\/\/mx.motorad.com\/contact\/do-you-need-custom-development\/\">Wir m\u00f6chten Ihr Lieferant sein<\/a><\/div>\n<\/div>\n<\/div>\n<\/div>\n<\/div><\/div>\n","protected":false},"excerpt":{"rendered":"<p>TANKDECKEL Tankdeckel sind klein, aber entscheidend und ein integraler Bestandteil des On-Board-Diagnosesystems und des Emissionskontrollsystems. Sie verhindern das Austreten von [&#8230;]<\/p>\n","protected":false},"author":1,"featured_media":0,"parent":5912,"menu_order":0,"comment_status":"closed","ping_status":"closed","template":"","meta":{"_acf_changed":false,"footnotes":""},"class_list":["post-5782","page","type-page","status-publish","hentry"],"acf":[],"yoast_head":"<!-- This site is optimized with the Yoast SEO Premium plugin v27.2 (Yoast SEO v27.2) - https:\/\/yoast.com\/product\/yoast-seo-premium-wordpress\/ -->\n<title>Tankdeckel - MotoRad<\/title>\n<meta name=\"description\" content=\"Entdecken Sie Motorads Tankdeckel-Katalog. Einfache Suche mit Teilenummer-Austausch.\" \/>\n<meta name=\"robots\" content=\"index, follow, max-snippet:-1, max-image-preview:large, max-video-preview:-1\" \/>\n<link rel=\"canonical\" href=\"https:\/\/mx.motorad.com\/de\/produkte\/verschluesse\/tankdeckel\/\" \/>\n<meta property=\"og:locale\" content=\"de_DE\" \/>\n<meta property=\"og:type\" content=\"article\" \/>\n<meta property=\"og:title\" content=\"Tankdeckel\" \/>\n<meta property=\"og:description\" content=\"Entdecken Sie Motorads Tankdeckel-Katalog. Einfache Suche mit Teilenummer-Austausch.\" \/>\n<meta property=\"og:url\" content=\"https:\/\/mx.motorad.com\/de\/produkte\/verschluesse\/tankdeckel\/\" \/>\n<meta property=\"og:site_name\" content=\"MotoRad\" \/>\n<meta property=\"article:modified_time\" content=\"2025-06-13T12:48:57+00:00\" \/>\n<meta property=\"og:image\" content=\"https:\/\/mx.motorad.com\/wp-content\/uploads\/2025\/04\/MGC502_Angle.jpg\" \/>\n\t<meta property=\"og:image:width\" content=\"500\" \/>\n\t<meta property=\"og:image:height\" content=\"500\" \/>\n\t<meta property=\"og:image:type\" content=\"image\/jpeg\" \/>\n<meta name=\"twitter:card\" content=\"summary_large_image\" \/>\n<meta name=\"twitter:label1\" content=\"Est. reading time\" \/>\n\t<meta name=\"twitter:data1\" content=\"2\u00a0Minuten\" \/>\n<script type=\"application\/ld+json\" class=\"yoast-schema-graph\">{\"@context\":\"https:\/\/schema.org\",\"@graph\":[{\"@type\":\"WebPage\",\"@id\":\"https:\/\/mx.motorad.com\/de\/produkte\/verschluesse\/tankdeckel\/\",\"url\":\"https:\/\/mx.motorad.com\/de\/produkte\/verschluesse\/tankdeckel\/\",\"name\":\"Tankdeckel - MotoRad\",\"isPartOf\":{\"@id\":\"https:\/\/mx.motorad.com\/de\/#website\"},\"primaryImageOfPage\":{\"@id\":\"https:\/\/mx.motorad.com\/de\/produkte\/verschluesse\/tankdeckel\/#primaryimage\"},\"image\":{\"@id\":\"https:\/\/mx.motorad.com\/de\/produkte\/verschluesse\/tankdeckel\/#primaryimage\"},\"thumbnailUrl\":\"https:\/\/mx.motorad.com\/wp-content\/uploads\/2025\/04\/MGC502_Angle.jpg\",\"datePublished\":\"2025-04-03T18:39:39+00:00\",\"dateModified\":\"2025-06-13T12:48:57+00:00\",\"description\":\"Entdecken Sie Motorads Tankdeckel-Katalog. Einfache Suche mit Teilenummer-Austausch.\",\"breadcrumb\":{\"@id\":\"https:\/\/mx.motorad.com\/de\/produkte\/verschluesse\/tankdeckel\/#breadcrumb\"},\"inLanguage\":\"de\",\"potentialAction\":[{\"@type\":\"ReadAction\",\"target\":[\"https:\/\/mx.motorad.com\/de\/produkte\/verschluesse\/tankdeckel\/\"]}]},{\"@type\":\"ImageObject\",\"inLanguage\":\"de\",\"@id\":\"https:\/\/mx.motorad.com\/de\/produkte\/verschluesse\/tankdeckel\/#primaryimage\",\"url\":\"https:\/\/mx.motorad.com\/wp-content\/uploads\/2025\/04\/MGC502_Angle.jpg\",\"contentUrl\":\"https:\/\/mx.motorad.com\/wp-content\/uploads\/2025\/04\/MGC502_Angle.jpg\"},{\"@type\":\"BreadcrumbList\",\"@id\":\"https:\/\/mx.motorad.com\/de\/produkte\/verschluesse\/tankdeckel\/#breadcrumb\",\"itemListElement\":[{\"@type\":\"ListItem\",\"position\":1,\"name\":\"Home\",\"item\":\"https:\/\/mx.motorad.com\/de\/\"},{\"@type\":\"ListItem\",\"position\":2,\"name\":\"Produkte\",\"item\":\"https:\/\/motoradnew.test\/de\/produkte\/\"},{\"@type\":\"ListItem\",\"position\":3,\"name\":\"Verschl\u00fcsse\",\"item\":\"https:\/\/motoradnew.test\/de\/produkte\/verschluesse\/\"},{\"@type\":\"ListItem\",\"position\":4,\"name\":\"Tankdeckel\"}]},{\"@type\":\"WebSite\",\"@id\":\"https:\/\/mx.motorad.com\/de\/#website\",\"url\":\"https:\/\/mx.motorad.com\/de\/\",\"name\":\"MotoRad\",\"description\":\"Trusted to Deliver Better - Thermal Management, Emissions, Powertrain Controls\",\"potentialAction\":[{\"@type\":\"SearchAction\",\"target\":{\"@type\":\"EntryPoint\",\"urlTemplate\":\"https:\/\/mx.motorad.com\/de\/?s={search_term_string}\"},\"query-input\":{\"@type\":\"PropertyValueSpecification\",\"valueRequired\":true,\"valueName\":\"search_term_string\"}}],\"inLanguage\":\"de\"}]}<\/script>\n<!-- \/ Yoast SEO Premium plugin. -->","yoast_head_json":{"title":"Tankdeckel - MotoRad","description":"Entdecken Sie Motorads Tankdeckel-Katalog. Einfache Suche mit Teilenummer-Austausch.","robots":{"index":"index","follow":"follow","max-snippet":"max-snippet:-1","max-image-preview":"max-image-preview:large","max-video-preview":"max-video-preview:-1"},"canonical":"https:\/\/mx.motorad.com\/de\/produkte\/verschluesse\/tankdeckel\/","og_locale":"de_DE","og_type":"article","og_title":"Tankdeckel","og_description":"Entdecken Sie Motorads Tankdeckel-Katalog. Einfache Suche mit Teilenummer-Austausch.","og_url":"https:\/\/mx.motorad.com\/de\/produkte\/verschluesse\/tankdeckel\/","og_site_name":"MotoRad","article_modified_time":"2025-06-13T12:48:57+00:00","og_image":[{"width":500,"height":500,"url":"https:\/\/mx.motorad.com\/wp-content\/uploads\/2025\/04\/MGC502_Angle.jpg","type":"image\/jpeg"}],"twitter_card":"summary_large_image","twitter_misc":{"Est. reading time":"2\u00a0Minuten"},"schema":{"@context":"https:\/\/schema.org","@graph":[{"@type":"WebPage","@id":"https:\/\/mx.motorad.com\/de\/produkte\/verschluesse\/tankdeckel\/","url":"https:\/\/mx.motorad.com\/de\/produkte\/verschluesse\/tankdeckel\/","name":"Tankdeckel - MotoRad","isPartOf":{"@id":"https:\/\/mx.motorad.com\/de\/#website"},"primaryImageOfPage":{"@id":"https:\/\/mx.motorad.com\/de\/produkte\/verschluesse\/tankdeckel\/#primaryimage"},"image":{"@id":"https:\/\/mx.motorad.com\/de\/produkte\/verschluesse\/tankdeckel\/#primaryimage"},"thumbnailUrl":"https:\/\/mx.motorad.com\/wp-content\/uploads\/2025\/04\/MGC502_Angle.jpg","datePublished":"2025-04-03T18:39:39+00:00","dateModified":"2025-06-13T12:48:57+00:00","description":"Entdecken Sie Motorads Tankdeckel-Katalog. Einfache Suche mit Teilenummer-Austausch.","breadcrumb":{"@id":"https:\/\/mx.motorad.com\/de\/produkte\/verschluesse\/tankdeckel\/#breadcrumb"},"inLanguage":"de","potentialAction":[{"@type":"ReadAction","target":["https:\/\/mx.motorad.com\/de\/produkte\/verschluesse\/tankdeckel\/"]}]},{"@type":"ImageObject","inLanguage":"de","@id":"https:\/\/mx.motorad.com\/de\/produkte\/verschluesse\/tankdeckel\/#primaryimage","url":"https:\/\/mx.motorad.com\/wp-content\/uploads\/2025\/04\/MGC502_Angle.jpg","contentUrl":"https:\/\/mx.motorad.com\/wp-content\/uploads\/2025\/04\/MGC502_Angle.jpg"},{"@type":"BreadcrumbList","@id":"https:\/\/mx.motorad.com\/de\/produkte\/verschluesse\/tankdeckel\/#breadcrumb","itemListElement":[{"@type":"ListItem","position":1,"name":"Home","item":"https:\/\/mx.motorad.com\/de\/"},{"@type":"ListItem","position":2,"name":"Produkte","item":"https:\/\/motoradnew.test\/de\/produkte\/"},{"@type":"ListItem","position":3,"name":"Verschl\u00fcsse","item":"https:\/\/motoradnew.test\/de\/produkte\/verschluesse\/"},{"@type":"ListItem","position":4,"name":"Tankdeckel"}]},{"@type":"WebSite","@id":"https:\/\/mx.motorad.com\/de\/#website","url":"https:\/\/mx.motorad.com\/de\/","name":"MotoRad","description":"Trusted to Deliver Better - Thermal Management, Emissions, Powertrain Controls","potentialAction":[{"@type":"SearchAction","target":{"@type":"EntryPoint","urlTemplate":"https:\/\/mx.motorad.com\/de\/?s={search_term_string}"},"query-input":{"@type":"PropertyValueSpecification","valueRequired":true,"valueName":"search_term_string"}}],"inLanguage":"de"}]}},"_links":{"self":[{"href":"https:\/\/mx.motorad.com\/de\/wp-json\/wp\/v2\/pages\/5782","targetHints":{"allow":["GET"]}}],"collection":[{"href":"https:\/\/mx.motorad.com\/de\/wp-json\/wp\/v2\/pages"}],"about":[{"href":"https:\/\/mx.motorad.com\/de\/wp-json\/wp\/v2\/types\/page"}],"author":[{"embeddable":true,"href":"https:\/\/mx.motorad.com\/de\/wp-json\/wp\/v2\/users\/1"}],"replies":[{"embeddable":true,"href":"https:\/\/mx.motorad.com\/de\/wp-json\/wp\/v2\/comments?post=5782"}],"version-history":[{"count":1,"href":"https:\/\/mx.motorad.com\/de\/wp-json\/wp\/v2\/pages\/5782\/revisions"}],"predecessor-version":[{"id":5783,"href":"https:\/\/mx.motorad.com\/de\/wp-json\/wp\/v2\/pages\/5782\/revisions\/5783"}],"up":[{"embeddable":true,"href":"https:\/\/mx.motorad.com\/de\/wp-json\/wp\/v2\/pages\/5912"}],"wp:attachment":[{"href":"https:\/\/mx.motorad.com\/de\/wp-json\/wp\/v2\/media?parent=5782"}],"curies":[{"name":"wp","href":"https:\/\/api.w.org\/{rel}","templated":true}]}}