{"id":5873,"date":"2025-04-03T17:35:39","date_gmt":"2025-04-03T17:35:39","guid":{"rendered":"https:\/\/mx.motorad.com\/antriebsstrangsteuerungen\/"},"modified":"2026-03-17T14:16:22","modified_gmt":"2026-03-17T14:16:22","slug":"antriebsstrangsteuerungen","status":"publish","type":"page","link":"https:\/\/mx.motorad.com\/de\/produkte\/antriebsstrangsteuerungen\/","title":{"rendered":"Antriebsstrangsteuerungen"},"content":{"rendered":"<h1 style=\"margin-top:var(--wp--preset--spacing--60);margin-bottom:var(--wp--preset--spacing--60);\" class=\"wp-block-post-title\">Antriebsstrangsteuerungen<\/h1>\n<p style=\"margin-bottom:var(--wp--preset--spacing--30)\">Die Motormanagement-Produkte von MotoRad werden in Tier-1-OEM-Anlagen mit h\u00f6chsten Qualit\u00e4tsstandards hergestellt und durchlaufen umfassende 100%ige Inline- und End-of-Line-Pr\u00fcfungen, um kompromisslose Qualit\u00e4t zu gew\u00e4hrleisten. <\/p>\n\n<p style=\"margin-bottom:var(--wp--preset--spacing--60)\">Unser umfangreiches Portfolio f\u00fcr nordamerikanische, europ\u00e4ische und asiatische Anwendungen entspricht dem Ruf von MotoRad als zuverl\u00e4ssiger Lieferant hochwertiger Produkte. MotoRad bietet au\u00dfergew\u00f6hnlichen Kundenservice und Lieferleistung und stellt gleichzeitig eine marktf\u00fchrende Produktabdeckung f\u00fcr alle unsere fortschrittlichen Motor- und Thermomanagement-Produkte bereit. <\/p>\n\n<div class=\"wp-block-columns are-vertically-aligned-center is-not-stacked-on-mobile is-layout-flex wp-container-core-columns-is-layout-26b8b1f9 wp-block-columns-is-layout-flex\" style=\"margin-bottom:var(--wp--preset--spacing--60)\">\n<div class=\"wp-block-column is-vertically-aligned-center is-layout-flow wp-block-column-is-layout-flow\" style=\"flex-basis:33.33%\">\n<figure class=\"wp-block-image size-large\"><img decoding=\"async\" src=\"https:\/\/images.motorad.com\/MotoRad-stills\/1CS107_Angle.jpg\" alt=\"\"\/><\/figure>\n<\/div>\n\n\n\n<div class=\"wp-block-column is-vertically-aligned-center is-layout-flow wp-block-column-is-layout-flow\" style=\"flex-basis:66.66%\">\n<h2 class=\"wp-block-heading\" id=\"h-cam-crank-sensors\" style=\"margin-bottom:var(--wp--preset--spacing--40)\"><a href=\"https:\/\/mx.motorad.com\/de\/produkte\/antriebsstrangsteuerungen\/nockenwellen-kurbelwellensensoren\/\">CAM\/CRANK SENSORS<\/a><\/h2>\n\n\n\n<p style=\"margin-bottom:var(--wp--preset--spacing--60)\">Die Nockenwellen- und Kurbelwellenpositionssensoren von MotoRad garantieren OE-Genauigkeit und verbesserten Motorbetrieb. Sie sind f\u00fcr den Einsatz unter extremen Betriebsbedingungen ausgelegt und best\u00e4ndig gegen extreme Hitze. <\/p>\n\n\n\n<div class=\"wp-block-buttons is-layout-flex wp-block-buttons-is-layout-flex\">\n<div class=\"wp-block-button\"><a class=\"wp-block-button__link wp-element-button\" href=\"https:\/\/mx.motorad.com\/de\/produkte\/antriebsstrangsteuerungen\/nockenwellen-kurbelwellensensoren\/\">Weitere Informationen<\/a><\/div>\n<\/div>\n<\/div>\n<\/div>\n\n<div class=\"wp-block-columns are-vertically-aligned-center is-not-stacked-on-mobile is-layout-flex wp-container-core-columns-is-layout-26b8b1f9 wp-block-columns-is-layout-flex\" style=\"margin-bottom:var(--wp--preset--spacing--60)\">\n<div class=\"wp-block-column is-vertically-aligned-center is-layout-flow wp-block-column-is-layout-flow\" style=\"flex-basis:33.33%\">\n<figure class=\"wp-block-image size-full\"><img loading=\"lazy\" decoding=\"async\" width=\"500\" height=\"500\" src=\"https:\/\/mx.motorad.com\/wp-content\/uploads\/2025\/04\/1IC206_Angle.jpg\" alt=\"\" class=\"wp-image-3825\" srcset=\"https:\/\/mx.motorad.com\/wp-content\/uploads\/2025\/04\/1IC206_Angle.jpg 500w, https:\/\/mx.motorad.com\/wp-content\/uploads\/2025\/04\/1IC206_Angle-300x300.jpg 300w, https:\/\/mx.motorad.com\/wp-content\/uploads\/2025\/04\/1IC206_Angle-150x150.jpg 150w\" sizes=\"auto, (max-width: 500px) 100vw, 500px\" \/><\/figure>\n<\/div>\n\n\n\n<div class=\"wp-block-column is-vertically-aligned-center is-layout-flow wp-block-column-is-layout-flow\" style=\"flex-basis:66.66%\">\n<h2 class=\"wp-block-heading\" id=\"h-ignition-coils\" style=\"margin-bottom:var(--wp--preset--spacing--40)\"><a href=\"https:\/\/mx.motorad.com\/de\/produkte\/antriebsstrangsteuerungen\/zuendspulen\/\">IGNITION COILS<\/a><\/h2>\n\n\n\n<p style=\"margin-bottom:var(--wp--preset--spacing--60)\">Die Z\u00fcndspulen von MotoRad sind so konstruiert, dass sie die Z\u00fcndfunkendauer maximieren, um optimale Motorleistung zu gew\u00e4hrleisten. Sie sind f\u00fcr den Einsatz unter extremen Betriebsbedingungen ausgelegt und sch\u00fctzen vor extremer Hitze. Alle Z\u00fcndspulen von MotoRad werden in unseren ISO TS16949-zertifizierten Produktionsst\u00e4tten entwickelt, um OEM-Spezifikationen zu erf\u00fcllen oder zu \u00fcbertreffen.  <\/p>\n\n\n\n<div class=\"wp-block-buttons is-layout-flex wp-block-buttons-is-layout-flex\">\n<div class=\"wp-block-button\"><a class=\"wp-block-button__link wp-element-button\" href=\"https:\/\/mx.motorad.com\/de\/produkte\/antriebsstrangsteuerungen\/zuendspulen\/\">Weitere Informationen<\/a><\/div>\n<\/div>\n<\/div>\n<\/div>\n\n<div class=\"wp-block-columns are-vertically-aligned-center is-not-stacked-on-mobile is-layout-flex wp-container-core-columns-is-layout-26b8b1f9 wp-block-columns-is-layout-flex\" style=\"margin-bottom:var(--wp--preset--spacing--60)\">\n<div class=\"wp-block-column is-vertically-aligned-center is-layout-flow wp-block-column-is-layout-flow\" style=\"flex-basis:33.33%\">\n<figure class=\"wp-block-image size-full\"><img loading=\"lazy\" decoding=\"async\" width=\"500\" height=\"500\" src=\"https:\/\/mx.motorad.com\/wp-content\/uploads\/2025\/04\/3MF111_Angle.jpg\" alt=\"\" class=\"wp-image-3860\" srcset=\"https:\/\/mx.motorad.com\/wp-content\/uploads\/2025\/04\/3MF111_Angle.jpg 500w, https:\/\/mx.motorad.com\/wp-content\/uploads\/2025\/04\/3MF111_Angle-300x300.jpg 300w, https:\/\/mx.motorad.com\/wp-content\/uploads\/2025\/04\/3MF111_Angle-150x150.jpg 150w\" sizes=\"auto, (max-width: 500px) 100vw, 500px\" \/><\/figure>\n<\/div>\n\n\n\n<div class=\"wp-block-column is-vertically-aligned-center is-layout-flow wp-block-column-is-layout-flow\" style=\"flex-basis:66.66%\">\n<h2 class=\"wp-block-heading\" id=\"h-maf-sensors\" style=\"margin-bottom:var(--wp--preset--spacing--40)\"><a href=\"https:\/\/mx.motorad.com\/de\/produkte\/antriebsstrangsteuerungen\/maf-sensoren\/\">MAF SENSORS<\/a><\/h2>\n\n\n\n<p style=\"margin-bottom:var(--wp--preset--spacing--60)\">Die MAF-Sensoren von MotoRad messen pr\u00e4zise den in den Motor eintretenden Luftstrom und kommunizieren mit dem Steuerger\u00e4t, um eine optimale Kraftstoffverbrennung zu unterst\u00fctzen. Sie sind so konstruiert, dass sie Verschmutzung reduzieren und Vibrationen standhalten, um maximale Haltbarkeit zu gew\u00e4hrleisten. <\/p>\n\n\n\n<div class=\"wp-block-buttons is-layout-flex wp-block-buttons-is-layout-flex\">\n<div class=\"wp-block-button\"><a class=\"wp-block-button__link wp-element-button\" href=\"https:\/\/mx.motorad.com\/de\/produkte\/antriebsstrangsteuerungen\/maf-sensoren\/\">Weitere Informationen<\/a><\/div>\n<\/div>\n<\/div>\n<\/div>\n\n<div class=\"wp-block-columns are-vertically-aligned-center is-not-stacked-on-mobile is-layout-flex wp-container-core-columns-is-layout-26b8b1f9 wp-block-columns-is-layout-flex\" style=\"margin-bottom:var(--wp--preset--spacing--60)\">\n<div class=\"wp-block-column is-vertically-aligned-center is-layout-flow wp-block-column-is-layout-flow\" style=\"flex-basis:33.33%\">\n<figure class=\"wp-block-image size-full\"><img loading=\"lazy\" decoding=\"async\" width=\"500\" height=\"500\" src=\"https:\/\/mx.motorad.com\/wp-content\/uploads\/2025\/04\/1VS141_Angle.jpg\" alt=\"\" class=\"wp-image-3853\" srcset=\"https:\/\/mx.motorad.com\/wp-content\/uploads\/2025\/04\/1VS141_Angle.jpg 500w, https:\/\/mx.motorad.com\/wp-content\/uploads\/2025\/04\/1VS141_Angle-300x300.jpg 300w, https:\/\/mx.motorad.com\/wp-content\/uploads\/2025\/04\/1VS141_Angle-150x150.jpg 150w\" sizes=\"auto, (max-width: 500px) 100vw, 500px\" \/><\/figure>\n<\/div>\n\n\n\n<div class=\"wp-block-column is-vertically-aligned-center is-layout-flow wp-block-column-is-layout-flow\" style=\"flex-basis:66.66%\">\n<h2 class=\"wp-block-heading\" id=\"h-vvt-solenoids\" style=\"margin-bottom:var(--wp--preset--spacing--40)\"><a href=\"https:\/\/mx.motorad.com\/de\/produkte\/antriebsstrangsteuerungen\/vvt-magnetventile\/\">VVT SOLENOIDS<\/a><\/h2>\n\n\n\n<p style=\"margin-bottom:var(--wp--preset--spacing--60)\">Die VVT-Magnetventile von MotoRad arbeiten unter extremen Betriebsbedingungen und stellen dabei die Kraftstoffeffizienz wieder her und reduzieren Emissionen. Sie sind so konstruiert, dass sie verschiedenen \u00d6lformulierungen und Verschmutzungen standhalten. <\/p>\n\n\n\n<div class=\"wp-block-buttons is-layout-flex wp-block-buttons-is-layout-flex\">\n<div class=\"wp-block-button\"><a class=\"wp-block-button__link wp-element-button\" href=\"https:\/\/mx.motorad.com\/de\/produkte\/antriebsstrangsteuerungen\/vvt-magnetventile\/\">Weitere Informationen<\/a><\/div>\n<\/div>\n<\/div>\n<\/div>\n\n<div class=\"wp-block-columns are-vertically-aligned-center is-not-stacked-on-mobile is-layout-flex wp-container-core-columns-is-layout-26b8b1f9 wp-block-columns-is-layout-flex\" style=\"margin-bottom:var(--wp--preset--spacing--60)\">\n<div class=\"wp-block-column is-vertically-aligned-center is-layout-flow wp-block-column-is-layout-flow\" style=\"flex-basis:33.33%\">\n<figure class=\"wp-block-image size-full\"><img loading=\"lazy\" decoding=\"async\" width=\"500\" height=\"500\" src=\"https:\/\/mx.motorad.com\/wp-content\/uploads\/2025\/04\/1TS1008_Angle.jpg\" alt=\"\" class=\"wp-image-3846\" srcset=\"https:\/\/mx.motorad.com\/wp-content\/uploads\/2025\/04\/1TS1008_Angle.jpg 500w, https:\/\/mx.motorad.com\/wp-content\/uploads\/2025\/04\/1TS1008_Angle-300x300.jpg 300w, https:\/\/mx.motorad.com\/wp-content\/uploads\/2025\/04\/1TS1008_Angle-150x150.jpg 150w\" sizes=\"auto, (max-width: 500px) 100vw, 500px\" \/><\/figure>\n<\/div>\n\n\n\n<div class=\"wp-block-column is-vertically-aligned-center is-layout-flow wp-block-column-is-layout-flow\" style=\"flex-basis:66.66%\">\n<h2 class=\"wp-block-heading\" id=\"h-coolant-temp-sensors-senders\" style=\"margin-right:0;margin-bottom:var(--wp--preset--spacing--40)\"><a href=\"https:\/\/mx.motorad.com\/de\/produkte\/antriebsstrangsteuerungen\/kuehlmitteltemperatursensoren-geber\/\">COOLANT TEMP SENSORS\/SENDERS<\/a><\/h2>\n\n\n\n<p style=\"margin-bottom:var(--wp--preset--spacing--60)\">Die K\u00fchlmitteltemperatursensoren von MotoRad liefern pr\u00e4zise Daten an das Steuerger\u00e4t, um eine ordnungsgem\u00e4\u00dfe Verwaltung des Kraftstoffeinspritzsystems, der Z\u00fcndung und der variablen Ventilsteuerung, der Getriebesteuerung und weiterer Funktionen Ihres Fahrzeugs zu gew\u00e4hrleisten.<\/p>\n\n\n\n<div class=\"wp-block-buttons is-layout-flex wp-block-buttons-is-layout-flex\">\n<div class=\"wp-block-button\"><a class=\"wp-block-button__link wp-element-button\" href=\"https:\/\/mx.motorad.com\/de\/produkte\/antriebsstrangsteuerungen\/kuehlmitteltemperatursensoren-geber\/\">Weitere Informationen<\/a><\/div>\n<\/div>\n<\/div>\n<\/div>\n\n<div class=\"wp-block-columns are-vertically-aligned-center is-not-stacked-on-mobile is-layout-flex wp-container-core-columns-is-layout-26b8b1f9 wp-block-columns-is-layout-flex\" style=\"margin-bottom:var(--wp--preset--spacing--60)\">\n<div class=\"wp-block-column is-vertically-aligned-center is-layout-flow wp-block-column-is-layout-flow\" style=\"flex-basis:33.33%\">\n<figure class=\"wp-block-image size-full\"><img loading=\"lazy\" decoding=\"async\" width=\"500\" height=\"500\" src=\"https:\/\/mx.motorad.com\/wp-content\/uploads\/2025\/04\/1TP1048_Angle.jpg\" alt=\"\" class=\"wp-image-3839\" srcset=\"https:\/\/mx.motorad.com\/wp-content\/uploads\/2025\/04\/1TP1048_Angle.jpg 500w, https:\/\/mx.motorad.com\/wp-content\/uploads\/2025\/04\/1TP1048_Angle-300x300.jpg 300w, https:\/\/mx.motorad.com\/wp-content\/uploads\/2025\/04\/1TP1048_Angle-150x150.jpg 150w\" sizes=\"auto, (max-width: 500px) 100vw, 500px\" \/><\/figure>\n<\/div>\n\n\n\n<div class=\"wp-block-column is-vertically-aligned-center is-layout-flow wp-block-column-is-layout-flow\" style=\"flex-basis:66.66%\">\n<h2 class=\"wp-block-heading\" id=\"h-throttle-position-sensors\" style=\"margin-bottom:var(--wp--preset--spacing--40)\"><a href=\"https:\/\/mx.motorad.com\/de\/produkte\/antriebsstrangsteuerungen\/drosselklappensensoren\/\">THROTTLE POSITION SENSORS<\/a><\/h2>\n\n\n\n<p style=\"margin-bottom:var(--wp--preset--spacing--60)\">Die Drosselklappenstellungssensoren von MotoRad bieten pr\u00e4zise Signal\u00fcbertragung an das Motorsteuerger\u00e4t, um optimale Leistung und Kraftstoffeffizienz zu gew\u00e4hrleisten. Sie werden aus hochwertigen, von OEM zugelassenen Materialien hergestellt,<br\/>was zu engeren Toleranzen und erh\u00f6hter Haltbarkeit f\u00fchrt. <\/p>\n\n\n\n<div class=\"wp-block-buttons is-layout-flex wp-block-buttons-is-layout-flex\">\n<div class=\"wp-block-button\"><a class=\"wp-block-button__link wp-element-button\" href=\"https:\/\/mx.motorad.com\/de\/produkte\/antriebsstrangsteuerungen\/drosselklappensensoren\/\">Weitere Informationen<\/a><\/div>\n<\/div>\n<\/div>\n<\/div>\n\n<div class=\"wp-block-columns are-vertically-aligned-center is-not-stacked-on-mobile is-layout-flex wp-container-core-columns-is-layout-26b8b1f9 wp-block-columns-is-layout-flex\" style=\"margin-bottom:var(--wp--preset--spacing--60)\">\n<div class=\"wp-block-column is-vertically-aligned-center is-layout-flow wp-block-column-is-layout-flow\" style=\"flex-basis:33.33%\">\n<figure class=\"wp-block-image size-full\"><img loading=\"lazy\" decoding=\"async\" width=\"500\" height=\"500\" src=\"https:\/\/mx.motorad.com\/wp-content\/uploads\/2025\/04\/1KS1065_Angle.jpg\" alt=\"\" class=\"wp-image-3832\" srcset=\"https:\/\/mx.motorad.com\/wp-content\/uploads\/2025\/04\/1KS1065_Angle.jpg 500w, https:\/\/mx.motorad.com\/wp-content\/uploads\/2025\/04\/1KS1065_Angle-300x300.jpg 300w, https:\/\/mx.motorad.com\/wp-content\/uploads\/2025\/04\/1KS1065_Angle-150x150.jpg 150w\" sizes=\"auto, (max-width: 500px) 100vw, 500px\" \/><\/figure>\n<\/div>\n\n\n\n<div class=\"wp-block-column is-vertically-aligned-center is-layout-flow wp-block-column-is-layout-flow\" style=\"flex-basis:66.66%\">\n<h2 class=\"wp-block-heading\" id=\"h-knock-sensors\" style=\"margin-bottom:var(--wp--preset--spacing--40)\"><a href=\"https:\/\/mx.motorad.com\/de\/produkte\/antriebsstrangsteuerungen\/klopfsensoren\/\">KNOCK SENSORS<\/a><\/h2>\n\n\n\n<p style=\"margin-bottom:var(--wp--preset--spacing--60)\">Die Klopfsensoren von MotoRad reagieren auf ein breites Spektrum von Motorklopffrequenzen und liefern pr\u00e4zise Informationen \u00fcber den Motorzustand an das Steuerger\u00e4t f\u00fcr optimale Z\u00fcndzeitpunkte.<\/p>\n\n\n\n<div class=\"wp-block-buttons is-layout-flex wp-block-buttons-is-layout-flex\">\n<div class=\"wp-block-button\"><a class=\"wp-block-button__link wp-element-button\" href=\"https:\/\/mx.motorad.com\/de\/produkte\/antriebsstrangsteuerungen\/klopfsensoren\/\">Weitere Informationen<\/a><\/div>\n<\/div>\n<\/div>\n<\/div>\n\n<div class=\"wp-block-cover alignfull is-light\" style=\"padding-top:var(--wp--preset--spacing--60);padding-bottom:var(--wp--preset--spacing--60)\"><span aria-hidden=\"true\" class=\"wp-block-cover__background has-background-dim-0 has-background-dim\" style=\"background-color:#ece5d9\"><\/span><img loading=\"lazy\" decoding=\"async\" width=\"1505\" height=\"305\" class=\"wp-block-cover__image-background wp-image-223\" alt=\"\" src=\"https:\/\/mx.motorad.com\/wp-content\/uploads\/2025\/03\/FooterCTA.jpg\" data-object-fit=\"cover\" srcset=\"https:\/\/mx.motorad.com\/wp-content\/uploads\/2025\/03\/FooterCTA.jpg 1505w, https:\/\/mx.motorad.com\/wp-content\/uploads\/2025\/03\/FooterCTA-300x61.jpg 300w, https:\/\/mx.motorad.com\/wp-content\/uploads\/2025\/03\/FooterCTA-1024x208.jpg 1024w, https:\/\/mx.motorad.com\/wp-content\/uploads\/2025\/03\/FooterCTA-768x156.jpg 768w\" sizes=\"auto, (max-width: 1505px) 100vw, 1505px\" \/><div class=\"wp-block-cover__inner-container is-layout-flow wp-block-cover-is-layout-flow\">\n<div class=\"wp-block-columns are-vertically-aligned-center is-layout-flex wp-container-core-columns-is-layout-cbe57604 wp-block-columns-is-layout-flex\">\n<div class=\"wp-block-column is-vertically-aligned-center is-layout-flow wp-block-column-is-layout-flow\" style=\"flex-basis:45%\">\n<h2 class=\"wp-block-heading has-text-align-center has-palette-text-color has-text-color\" id=\"h-need-help-finding-the-right-product\" style=\"margin-bottom:var(--wp--preset--spacing--40)\">Brauchen Sie Hilfe bei der Suche nach dem richtigen Produkt?<\/h2>\n\n\n\n<p class=\"has-text-align-center has-palette-text-color has-text-color\" style=\"margin-bottom:var(--wp--preset--spacing--50)\">Unser engagiertes Team ist hier, um Sie in die richtige Richtung zu lenken. Klicken Sie unten und lassen Sie uns wissen, wie wir Ihnen helfen k\u00f6nnen, das ideale Produkt f\u00fcr Ihren Bedarf zu finden. Ihre Reise zu BESSEREN Erfahrungen beginnt hier.  <\/p>\n\n\n\n<div class=\"wp-block-buttons is-content-justification-center is-layout-flex wp-container-core-buttons-is-layout-a89b3969 wp-block-buttons-is-layout-flex\">\n<div class=\"wp-block-button\"><a class=\"wp-block-button__link has-text-align-center wp-element-button\" href=\"https:\/\/mx.motorad.com\/contact\/need-help-finding-something\/\">Sprechen Sie mit einem MotoRad Spezialisten<\/a><\/div>\n<\/div>\n<\/div>\n\n\n\n<div class=\"wp-block-column is-layout-flow wp-block-column-is-layout-flow\" style=\"flex-basis:10%\"><\/div>\n\n\n\n<div class=\"wp-block-column is-layout-flow wp-block-column-is-layout-flow\" style=\"flex-basis:45%\">\n<h2 class=\"wp-block-heading has-text-align-center has-palette-text-color has-text-color\" id=\"h-looking-for-custom-development\" style=\"margin-bottom:var(--wp--preset--spacing--40)\">Suchen Sie eine individuelle Entwicklung?<\/h2>\n\n\n\n<p class=\"has-text-align-center has-palette-text-color has-text-color\" style=\"margin-bottom:var(--wp--preset--spacing--50)\">Bei uns geht es nicht nur um Produkte, sondern um ma\u00dfgeschneiderte L\u00f6sungen, die Ihren Bed\u00fcrfnissen entsprechen. Sind Sie bereit, Ihr neues Projekt zum Leben zu erwecken? Klicken Sie unten, und lassen Sie uns gemeinsam auf die Reise der individuellen Produktentwicklung gehen.  <\/p>\n\n\n\n<div class=\"wp-block-buttons is-content-justification-center is-layout-flex wp-container-core-buttons-is-layout-a89b3969 wp-block-buttons-is-layout-flex\">\n<div class=\"wp-block-button is-style-fill\"><a class=\"wp-block-button__link has-palette-bg-color has-palette-text-background-color has-text-color has-background has-text-align-center wp-element-button\" href=\"https:\/\/mx.motorad.com\/contact\/do-you-need-custom-development\/\">Wir m\u00f6chten Ihr Lieferant sein<\/a><\/div>\n<\/div>\n<\/div>\n<\/div>\n<\/div><\/div>\n","protected":false},"excerpt":{"rendered":"<p>Die Motormanagement-Produkte von MotoRad werden in Tier-1-OEM-Anlagen mit h\u00f6chsten Qualit\u00e4tsstandards hergestellt und durchlaufen umfassende 100%ige Inline- und End-of-Line-Pr\u00fcfungen, um kompromisslose [&#8230;]<\/p>\n","protected":false},"author":1,"featured_media":0,"parent":55753,"menu_order":0,"comment_status":"closed","ping_status":"closed","template":"","meta":{"_acf_changed":false,"footnotes":""},"class_list":["post-5873","page","type-page","status-publish","hentry"],"acf":[],"yoast_head":"<!-- This site is optimized with the Yoast SEO Premium plugin v27.2 (Yoast SEO v27.2) - https:\/\/yoast.com\/product\/yoast-seo-premium-wordpress\/ -->\n<title>Antriebsstrangsteuerungen - MotoRad<\/title>\n<meta name=\"description\" content=\"MotoRad - Antriebsstrangsteuerungen\" \/>\n<meta name=\"robots\" content=\"index, follow, max-snippet:-1, max-image-preview:large, max-video-preview:-1\" \/>\n<link rel=\"canonical\" href=\"https:\/\/mx.motorad.com\/de\/produkte\/antriebsstrangsteuerungen\/\" \/>\n<meta property=\"og:locale\" content=\"de_DE\" \/>\n<meta property=\"og:type\" content=\"article\" \/>\n<meta property=\"og:title\" content=\"Antriebsstrangsteuerungen\" \/>\n<meta property=\"og:description\" content=\"MotoRad - Antriebsstrangsteuerungen\" \/>\n<meta property=\"og:url\" content=\"https:\/\/mx.motorad.com\/de\/produkte\/antriebsstrangsteuerungen\/\" \/>\n<meta property=\"og:site_name\" content=\"MotoRad\" \/>\n<meta property=\"article:modified_time\" content=\"2026-03-17T14:16:22+00:00\" \/>\n<meta property=\"og:image\" content=\"https:\/\/images.motorad.com\/MotoRad-stills\/1CS107_Angle.jpg\" \/>\n<meta name=\"twitter:card\" content=\"summary_large_image\" \/>\n<meta name=\"twitter:label1\" content=\"Est. reading time\" \/>\n\t<meta name=\"twitter:data1\" content=\"2\u00a0Minuten\" \/>\n<script type=\"application\/ld+json\" class=\"yoast-schema-graph\">{\"@context\":\"https:\/\/schema.org\",\"@graph\":[{\"@type\":\"WebPage\",\"@id\":\"https:\/\/mx.motorad.com\/de\/produkte\/antriebsstrangsteuerungen\/\",\"url\":\"https:\/\/mx.motorad.com\/de\/produkte\/antriebsstrangsteuerungen\/\",\"name\":\"Antriebsstrangsteuerungen - MotoRad\",\"isPartOf\":{\"@id\":\"https:\/\/mx.motorad.com\/de\/#website\"},\"primaryImageOfPage\":{\"@id\":\"https:\/\/mx.motorad.com\/de\/produkte\/antriebsstrangsteuerungen\/#primaryimage\"},\"image\":{\"@id\":\"https:\/\/mx.motorad.com\/de\/produkte\/antriebsstrangsteuerungen\/#primaryimage\"},\"thumbnailUrl\":\"https:\/\/images.motorad.com\/MotoRad-stills\/1CS107_Angle.jpg\",\"datePublished\":\"2025-04-03T17:35:39+00:00\",\"dateModified\":\"2026-03-17T14:16:22+00:00\",\"description\":\"MotoRad - Antriebsstrangsteuerungen\",\"breadcrumb\":{\"@id\":\"https:\/\/mx.motorad.com\/de\/produkte\/antriebsstrangsteuerungen\/#breadcrumb\"},\"inLanguage\":\"de\",\"potentialAction\":[{\"@type\":\"ReadAction\",\"target\":[\"https:\/\/mx.motorad.com\/de\/produkte\/antriebsstrangsteuerungen\/\"]}]},{\"@type\":\"ImageObject\",\"inLanguage\":\"de\",\"@id\":\"https:\/\/mx.motorad.com\/de\/produkte\/antriebsstrangsteuerungen\/#primaryimage\",\"url\":\"https:\/\/images.motorad.com\/MotoRad-stills\/1CS107_Angle.jpg\",\"contentUrl\":\"https:\/\/images.motorad.com\/MotoRad-stills\/1CS107_Angle.jpg\"},{\"@type\":\"BreadcrumbList\",\"@id\":\"https:\/\/mx.motorad.com\/de\/produkte\/antriebsstrangsteuerungen\/#breadcrumb\",\"itemListElement\":[{\"@type\":\"ListItem\",\"position\":1,\"name\":\"Home\",\"item\":\"https:\/\/mx.motorad.com\/de\/\"},{\"@type\":\"ListItem\",\"position\":2,\"name\":\"Produkte\",\"item\":\"https:\/\/motoradnew.test\/de\/produkte\/\"},{\"@type\":\"ListItem\",\"position\":3,\"name\":\"Antriebsstrangsteuerungen\"}]},{\"@type\":\"WebSite\",\"@id\":\"https:\/\/mx.motorad.com\/de\/#website\",\"url\":\"https:\/\/mx.motorad.com\/de\/\",\"name\":\"MotoRad\",\"description\":\"Trusted to Deliver Better - Thermal Management, Emissions, Powertrain Controls\",\"potentialAction\":[{\"@type\":\"SearchAction\",\"target\":{\"@type\":\"EntryPoint\",\"urlTemplate\":\"https:\/\/mx.motorad.com\/de\/?s={search_term_string}\"},\"query-input\":{\"@type\":\"PropertyValueSpecification\",\"valueRequired\":true,\"valueName\":\"search_term_string\"}}],\"inLanguage\":\"de\"}]}<\/script>\n<!-- \/ Yoast SEO Premium plugin. -->","yoast_head_json":{"title":"Antriebsstrangsteuerungen - MotoRad","description":"MotoRad - Antriebsstrangsteuerungen","robots":{"index":"index","follow":"follow","max-snippet":"max-snippet:-1","max-image-preview":"max-image-preview:large","max-video-preview":"max-video-preview:-1"},"canonical":"https:\/\/mx.motorad.com\/de\/produkte\/antriebsstrangsteuerungen\/","og_locale":"de_DE","og_type":"article","og_title":"Antriebsstrangsteuerungen","og_description":"MotoRad - Antriebsstrangsteuerungen","og_url":"https:\/\/mx.motorad.com\/de\/produkte\/antriebsstrangsteuerungen\/","og_site_name":"MotoRad","article_modified_time":"2026-03-17T14:16:22+00:00","og_image":[{"url":"https:\/\/images.motorad.com\/MotoRad-stills\/1CS107_Angle.jpg","type":"","width":"","height":""}],"twitter_card":"summary_large_image","twitter_misc":{"Est. reading time":"2\u00a0Minuten"},"schema":{"@context":"https:\/\/schema.org","@graph":[{"@type":"WebPage","@id":"https:\/\/mx.motorad.com\/de\/produkte\/antriebsstrangsteuerungen\/","url":"https:\/\/mx.motorad.com\/de\/produkte\/antriebsstrangsteuerungen\/","name":"Antriebsstrangsteuerungen - MotoRad","isPartOf":{"@id":"https:\/\/mx.motorad.com\/de\/#website"},"primaryImageOfPage":{"@id":"https:\/\/mx.motorad.com\/de\/produkte\/antriebsstrangsteuerungen\/#primaryimage"},"image":{"@id":"https:\/\/mx.motorad.com\/de\/produkte\/antriebsstrangsteuerungen\/#primaryimage"},"thumbnailUrl":"https:\/\/images.motorad.com\/MotoRad-stills\/1CS107_Angle.jpg","datePublished":"2025-04-03T17:35:39+00:00","dateModified":"2026-03-17T14:16:22+00:00","description":"MotoRad - Antriebsstrangsteuerungen","breadcrumb":{"@id":"https:\/\/mx.motorad.com\/de\/produkte\/antriebsstrangsteuerungen\/#breadcrumb"},"inLanguage":"de","potentialAction":[{"@type":"ReadAction","target":["https:\/\/mx.motorad.com\/de\/produkte\/antriebsstrangsteuerungen\/"]}]},{"@type":"ImageObject","inLanguage":"de","@id":"https:\/\/mx.motorad.com\/de\/produkte\/antriebsstrangsteuerungen\/#primaryimage","url":"https:\/\/images.motorad.com\/MotoRad-stills\/1CS107_Angle.jpg","contentUrl":"https:\/\/images.motorad.com\/MotoRad-stills\/1CS107_Angle.jpg"},{"@type":"BreadcrumbList","@id":"https:\/\/mx.motorad.com\/de\/produkte\/antriebsstrangsteuerungen\/#breadcrumb","itemListElement":[{"@type":"ListItem","position":1,"name":"Home","item":"https:\/\/mx.motorad.com\/de\/"},{"@type":"ListItem","position":2,"name":"Produkte","item":"https:\/\/motoradnew.test\/de\/produkte\/"},{"@type":"ListItem","position":3,"name":"Antriebsstrangsteuerungen"}]},{"@type":"WebSite","@id":"https:\/\/mx.motorad.com\/de\/#website","url":"https:\/\/mx.motorad.com\/de\/","name":"MotoRad","description":"Trusted to Deliver Better - Thermal Management, Emissions, Powertrain Controls","potentialAction":[{"@type":"SearchAction","target":{"@type":"EntryPoint","urlTemplate":"https:\/\/mx.motorad.com\/de\/?s={search_term_string}"},"query-input":{"@type":"PropertyValueSpecification","valueRequired":true,"valueName":"search_term_string"}}],"inLanguage":"de"}]}},"_links":{"self":[{"href":"https:\/\/mx.motorad.com\/de\/wp-json\/wp\/v2\/pages\/5873","targetHints":{"allow":["GET"]}}],"collection":[{"href":"https:\/\/mx.motorad.com\/de\/wp-json\/wp\/v2\/pages"}],"about":[{"href":"https:\/\/mx.motorad.com\/de\/wp-json\/wp\/v2\/types\/page"}],"author":[{"embeddable":true,"href":"https:\/\/mx.motorad.com\/de\/wp-json\/wp\/v2\/users\/1"}],"replies":[{"embeddable":true,"href":"https:\/\/mx.motorad.com\/de\/wp-json\/wp\/v2\/comments?post=5873"}],"version-history":[{"count":4,"href":"https:\/\/mx.motorad.com\/de\/wp-json\/wp\/v2\/pages\/5873\/revisions"}],"predecessor-version":[{"id":87817,"href":"https:\/\/mx.motorad.com\/de\/wp-json\/wp\/v2\/pages\/5873\/revisions\/87817"}],"up":[{"embeddable":true,"href":"https:\/\/mx.motorad.com\/de\/wp-json\/wp\/v2\/pages\/55753"}],"wp:attachment":[{"href":"https:\/\/mx.motorad.com\/de\/wp-json\/wp\/v2\/media?parent=5873"}],"curies":[{"name":"wp","href":"https:\/\/api.w.org\/{rel}","templated":true}]}}