{"id":5884,"date":"2025-04-03T18:51:06","date_gmt":"2025-04-03T18:51:06","guid":{"rendered":"https:\/\/mx.motorad.com\/kuehlsystempruefgeraet\/"},"modified":"2025-06-13T12:48:58","modified_gmt":"2025-06-13T12:48:58","slug":"kuehlsystempruefgeraet","status":"publish","type":"page","link":"https:\/\/mx.motorad.com\/de\/produkte\/verschluesse\/kuehlsystempruefgeraet\/","title":{"rendered":"K\u00dcHLSYSTEMPR\u00dcFGER\u00c4T"},"content":{"rendered":"\n<h1 class=\"wp-block-heading\" id=\"h-coolant-system-tester\" style=\"margin-top:var(--wp--preset--spacing--60);margin-bottom:var(--wp--preset--spacing--60)\">K\u00dcHLSYSTEMPR\u00dcFGER\u00c4T<\/h1>\n\n<p>Das MotoRad MT-300 K\u00fchlsystem-Druckpr\u00fcfger\u00e4t ist die erste Wahl von Fachleuten, wenn es um die Pr\u00fcfung von Fahrzeugk\u00fchlsystemen und K\u00fchlmitteldeckeln geht. Dieses Pr\u00fcfger\u00e4t stellt sicher, dass ein Automobilk\u00fchlsystem unter dem korrekten Druck f\u00fcr eine optimale Leistung arbeitet. <\/p>\n\n<figure class=\"wp-block-embed is-type-video is-provider-youtube wp-block-embed-youtube wp-embed-aspect-16-9 wp-has-aspect-ratio\" style=\"margin-top:var(--wp--preset--spacing--60);margin-bottom:var(--wp--preset--spacing--60)\"><div class=\"wp-block-embed__wrapper\">\n<iframe loading=\"lazy\" title=\"Our NEW MT300 Coolant Pressure Tester\" width=\"500\" height=\"281\" src=\"https:\/\/www.youtube.com\/embed\/_CPOGjEApf0?feature=oembed\" frameborder=\"0\" allow=\"accelerometer; autoplay; clipboard-write; encrypted-media; gyroscope; picture-in-picture; web-share\" referrerpolicy=\"strict-origin-when-cross-origin\" allowfullscreen><\/iframe>\n<\/div><\/figure>\n\n<p>Hergestellt aus hochwertigen Materialien, um eine lebenslange Haltbarkeit zu gew\u00e4hrleisten. Es ist nicht nur f\u00fcr die Pr\u00fcfung des Systems konzipiert, sondern auch f\u00fcr K\u00fchlmitteldeckel. Im Laufe der Zeit k\u00f6nnen K\u00fchlmitteldeckeldichtungen, -federn und -ventile verschlei\u00dfen, was zu einem Druckverlust im System f\u00fchrt. Der MT300 erm\u00f6glicht eine schnelle Diagnose von K\u00fchlsystemproblemen.   <\/p>\n\n<div class=\"wp-block-columns is-layout-flex wp-container-core-columns-is-layout-95393138 wp-block-columns-is-layout-flex\" style=\"margin-top:var(--wp--preset--spacing--60);margin-bottom:var(--wp--preset--spacing--60)\">\n<div class=\"wp-block-column is-layout-flow wp-block-column-is-layout-flow\">\n<figure class=\"wp-block-image size-full\"><img loading=\"lazy\" decoding=\"async\" width=\"1000\" height=\"1000\" src=\"https:\/\/mx.motorad.com\/wp-content\/uploads\/2025\/04\/MT300_FRONT2.jpg\" alt=\"\" class=\"wp-image-4499\" srcset=\"https:\/\/mx.motorad.com\/wp-content\/uploads\/2025\/04\/MT300_FRONT2.jpg 1000w, https:\/\/mx.motorad.com\/wp-content\/uploads\/2025\/04\/MT300_FRONT2-300x300.jpg 300w, https:\/\/mx.motorad.com\/wp-content\/uploads\/2025\/04\/MT300_FRONT2-150x150.jpg 150w, https:\/\/mx.motorad.com\/wp-content\/uploads\/2025\/04\/MT300_FRONT2-768x768.jpg 768w\" sizes=\"auto, (max-width: 1000px) 100vw, 1000px\" \/><\/figure>\n<\/div>\n\n\n\n<div class=\"wp-block-column is-layout-flow wp-block-column-is-layout-flow\">\n<figure class=\"wp-block-image size-full\"><img loading=\"lazy\" decoding=\"async\" width=\"1000\" height=\"1000\" src=\"https:\/\/mx.motorad.com\/wp-content\/uploads\/2025\/04\/MT300_3.jpg\" alt=\"\" class=\"wp-image-4492\" srcset=\"https:\/\/mx.motorad.com\/wp-content\/uploads\/2025\/04\/MT300_3.jpg 1000w, https:\/\/mx.motorad.com\/wp-content\/uploads\/2025\/04\/MT300_3-300x300.jpg 300w, https:\/\/mx.motorad.com\/wp-content\/uploads\/2025\/04\/MT300_3-150x150.jpg 150w, https:\/\/mx.motorad.com\/wp-content\/uploads\/2025\/04\/MT300_3-768x768.jpg 768w\" sizes=\"auto, (max-width: 1000px) 100vw, 1000px\" \/><\/figure>\n<\/div>\n\n\n\n<div class=\"wp-block-column is-layout-flow wp-block-column-is-layout-flow\">\n<figure class=\"wp-block-image size-full\"><img loading=\"lazy\" decoding=\"async\" width=\"1000\" height=\"1000\" src=\"https:\/\/mx.motorad.com\/wp-content\/uploads\/2025\/04\/MT300_2.jpg\" alt=\"\" class=\"wp-image-4485\" srcset=\"https:\/\/mx.motorad.com\/wp-content\/uploads\/2025\/04\/MT300_2.jpg 1000w, https:\/\/mx.motorad.com\/wp-content\/uploads\/2025\/04\/MT300_2-300x300.jpg 300w, https:\/\/mx.motorad.com\/wp-content\/uploads\/2025\/04\/MT300_2-150x150.jpg 150w, https:\/\/mx.motorad.com\/wp-content\/uploads\/2025\/04\/MT300_2-768x768.jpg 768w\" sizes=\"auto, (max-width: 1000px) 100vw, 1000px\" \/><\/figure>\n<\/div>\n\n\n\n<div class=\"wp-block-column is-layout-flow wp-block-column-is-layout-flow\">\n<figure class=\"wp-block-image size-full\"><img loading=\"lazy\" decoding=\"async\" width=\"300\" height=\"300\" src=\"https:\/\/mx.motorad.com\/wp-content\/uploads\/2025\/04\/MT300_1-300x300-1.jpg\" alt=\"\" class=\"wp-image-4478\" srcset=\"https:\/\/mx.motorad.com\/wp-content\/uploads\/2025\/04\/MT300_1-300x300-1.jpg 300w, https:\/\/mx.motorad.com\/wp-content\/uploads\/2025\/04\/MT300_1-300x300-1-150x150.jpg 150w\" sizes=\"auto, (max-width: 300px) 100vw, 300px\" \/><\/figure>\n<\/div>\n<\/div>\n\n<ul class=\"wp-block-list\">\n<li>Professionelle Qualit\u00e4t<\/li>\n\n\n\n<li>Hergestellt mit Materialien h\u00f6chster Qualit\u00e4t von einem OE-Zulieferer<\/li>\n\n\n\n<li>Pr\u00fcft K\u00fchlsysteme &amp; K\u00fchlmitteldeckel<\/li>\n\n\n\n<li>Erm\u00f6glicht eine schnelle und pr\u00e4zise Diagnose von K\u00fchlsystemproblemen<\/li>\n\n\n\n<li>Beinhaltet die g\u00e4ngigsten K\u00fchler- und Deckeladapter<\/li>\n\n\n\n<li>Weitere Adapters\u00e4tze sind verf\u00fcgbar. Siehe unten f\u00fcr Informationen <\/li>\n<\/ul>\n\n<figure class=\"wp-block-image size-full\" style=\"margin-top:var(--wp--preset--spacing--60);margin-bottom:var(--wp--preset--spacing--60)\"><img loading=\"lazy\" decoding=\"async\" width=\"1000\" height=\"1136\" src=\"https:\/\/mx.motorad.com\/wp-content\/uploads\/2025\/04\/Coolant-System-Tester-Adapaters.jpg\" alt=\"\" class=\"wp-image-4471\" srcset=\"https:\/\/mx.motorad.com\/wp-content\/uploads\/2025\/04\/Coolant-System-Tester-Adapaters.jpg 1000w, https:\/\/mx.motorad.com\/wp-content\/uploads\/2025\/04\/Coolant-System-Tester-Adapaters-264x300.jpg 264w, https:\/\/mx.motorad.com\/wp-content\/uploads\/2025\/04\/Coolant-System-Tester-Adapaters-901x1024.jpg 901w, https:\/\/mx.motorad.com\/wp-content\/uploads\/2025\/04\/Coolant-System-Tester-Adapaters-768x872.jpg 768w\" sizes=\"auto, (max-width: 1000px) 100vw, 1000px\" \/><\/figure>\n\n<div class=\"wp-block-buttons is-layout-flex wp-block-buttons-is-layout-flex\" style=\"margin-bottom:var(--wp--preset--spacing--70)\">\n<div class=\"wp-block-button\"><a class=\"wp-block-button__link wp-element-button\" href=\"https:\/\/mx.motorad.com\/products\/\">K\u00fchlsystempr\u00fcfger\u00e4t finden<\/a><\/div>\n<\/div>\n\n<div class=\"wp-block-cover alignfull is-light\" style=\"padding-top:var(--wp--preset--spacing--60);padding-bottom:var(--wp--preset--spacing--60)\"><span aria-hidden=\"true\" class=\"wp-block-cover__background has-background-dim-0 has-background-dim\" style=\"background-color:#ece5d9\"><\/span><img loading=\"lazy\" decoding=\"async\" width=\"1505\" height=\"305\" class=\"wp-block-cover__image-background wp-image-223\" alt=\"\" src=\"https:\/\/mx.motorad.com\/wp-content\/uploads\/2025\/03\/FooterCTA.jpg\" data-object-fit=\"cover\" srcset=\"https:\/\/mx.motorad.com\/wp-content\/uploads\/2025\/03\/FooterCTA.jpg 1505w, https:\/\/mx.motorad.com\/wp-content\/uploads\/2025\/03\/FooterCTA-300x61.jpg 300w, https:\/\/mx.motorad.com\/wp-content\/uploads\/2025\/03\/FooterCTA-1024x208.jpg 1024w, https:\/\/mx.motorad.com\/wp-content\/uploads\/2025\/03\/FooterCTA-768x156.jpg 768w\" sizes=\"auto, (max-width: 1505px) 100vw, 1505px\" \/><div class=\"wp-block-cover__inner-container is-layout-flow wp-block-cover-is-layout-flow\">\n<div class=\"wp-block-columns are-vertically-aligned-center is-layout-flex wp-container-core-columns-is-layout-cbe57604 wp-block-columns-is-layout-flex\">\n<div class=\"wp-block-column is-vertically-aligned-center is-layout-flow wp-block-column-is-layout-flow\" style=\"flex-basis:45%\">\n<h2 class=\"wp-block-heading has-text-align-center has-palette-text-color has-text-color\" id=\"h-need-help-finding-the-right-product\" style=\"margin-bottom:var(--wp--preset--spacing--40)\">Brauchen Sie Hilfe bei der Suche nach dem richtigen Produkt?<\/h2>\n\n\n\n<p class=\"has-text-align-center has-palette-text-color has-text-color\" style=\"margin-bottom:var(--wp--preset--spacing--50)\">Unser engagiertes Team ist hier, um Sie in die richtige Richtung zu lenken. Klicken Sie unten und lassen Sie uns wissen, wie wir Ihnen helfen k\u00f6nnen, das ideale Produkt f\u00fcr Ihren Bedarf zu finden. Ihre Reise zu BESSEREN Erfahrungen beginnt hier.  <\/p>\n\n\n\n<div class=\"wp-block-buttons is-content-justification-center is-layout-flex wp-container-core-buttons-is-layout-a89b3969 wp-block-buttons-is-layout-flex\">\n<div class=\"wp-block-button\"><a class=\"wp-block-button__link has-text-align-center wp-element-button\" href=\"https:\/\/mx.motorad.com\/contact\/need-help-finding-something\/\">Sprechen Sie mit einem MotoRad Spezialisten<\/a><\/div>\n<\/div>\n<\/div>\n\n\n\n<div class=\"wp-block-column is-layout-flow wp-block-column-is-layout-flow\" style=\"flex-basis:10%\"><\/div>\n\n\n\n<div class=\"wp-block-column is-layout-flow wp-block-column-is-layout-flow\" style=\"flex-basis:45%\">\n<h2 class=\"wp-block-heading has-text-align-center has-palette-text-color has-text-color\" id=\"h-looking-for-custom-development\" style=\"margin-bottom:var(--wp--preset--spacing--40)\">Suchen Sie eine individuelle Entwicklung?<\/h2>\n\n\n\n<p class=\"has-text-align-center has-palette-text-color has-text-color\" style=\"margin-bottom:var(--wp--preset--spacing--50)\">Bei uns geht es nicht nur um Produkte, sondern um ma\u00dfgeschneiderte L\u00f6sungen, die Ihren Bed\u00fcrfnissen entsprechen. Sind Sie bereit, Ihr neues Projekt zum Leben zu erwecken? Klicken Sie unten, und lassen Sie uns gemeinsam auf die Reise der individuellen Produktentwicklung gehen.  <\/p>\n\n\n\n<div class=\"wp-block-buttons is-content-justification-center is-layout-flex wp-container-core-buttons-is-layout-a89b3969 wp-block-buttons-is-layout-flex\">\n<div class=\"wp-block-button is-style-fill\"><a class=\"wp-block-button__link has-palette-bg-color has-palette-text-background-color has-text-color has-background has-text-align-center wp-element-button\" href=\"https:\/\/mx.motorad.com\/contact\/do-you-need-custom-development\/\">Wir m\u00f6chten Ihr Lieferant sein<\/a><\/div>\n<\/div>\n<\/div>\n<\/div>\n<\/div><\/div>\n","protected":false},"excerpt":{"rendered":"<p>K\u00dcHLSYSTEMPR\u00dcFGER\u00c4T Das MotoRad MT-300 K\u00fchlsystem-Druckpr\u00fcfger\u00e4t ist die erste Wahl von Fachleuten, wenn es um die Pr\u00fcfung von Fahrzeugk\u00fchlsystemen und K\u00fchlmitteldeckeln [&#8230;]<\/p>\n","protected":false},"author":1,"featured_media":0,"parent":5912,"menu_order":0,"comment_status":"closed","ping_status":"closed","template":"","meta":{"_acf_changed":false,"footnotes":""},"class_list":["post-5884","page","type-page","status-publish","hentry"],"acf":[],"yoast_head":"<!-- This site is optimized with the Yoast SEO Premium plugin v27.2 (Yoast SEO v27.2) - https:\/\/yoast.com\/product\/yoast-seo-premium-wordpress\/ -->\n<title>K\u00dcHLSYSTEMPR\u00dcFGER\u00c4T - MotoRad<\/title>\n<meta name=\"description\" content=\"MotoRad - K\u00dcHLSYSTEMPR\u00dcFGER\u00c4T\" \/>\n<meta name=\"robots\" content=\"index, follow, max-snippet:-1, max-image-preview:large, max-video-preview:-1\" \/>\n<link rel=\"canonical\" href=\"https:\/\/mx.motorad.com\/de\/produkte\/verschluesse\/kuehlsystempruefgeraet\/\" \/>\n<meta property=\"og:locale\" content=\"de_DE\" \/>\n<meta property=\"og:type\" content=\"article\" \/>\n<meta property=\"og:title\" content=\"K\u00dcHLSYSTEMPR\u00dcFGER\u00c4T\" \/>\n<meta property=\"og:description\" content=\"MotoRad - K\u00dcHLSYSTEMPR\u00dcFGER\u00c4T\" \/>\n<meta property=\"og:url\" content=\"https:\/\/mx.motorad.com\/de\/produkte\/verschluesse\/kuehlsystempruefgeraet\/\" \/>\n<meta property=\"og:site_name\" content=\"MotoRad\" \/>\n<meta property=\"article:modified_time\" content=\"2025-06-13T12:48:58+00:00\" \/>\n<meta property=\"og:image\" content=\"https:\/\/mx.motorad.com\/wp-content\/uploads\/2025\/04\/MT300_FRONT2.jpg\" \/>\n\t<meta property=\"og:image:width\" content=\"1000\" \/>\n\t<meta property=\"og:image:height\" content=\"1000\" \/>\n\t<meta property=\"og:image:type\" content=\"image\/jpeg\" \/>\n<meta name=\"twitter:card\" content=\"summary_large_image\" \/>\n<meta name=\"twitter:label1\" content=\"Est. reading time\" \/>\n\t<meta name=\"twitter:data1\" content=\"1\u00a0Minute\" \/>\n<script type=\"application\/ld+json\" class=\"yoast-schema-graph\">{\"@context\":\"https:\/\/schema.org\",\"@graph\":[{\"@type\":\"WebPage\",\"@id\":\"https:\/\/mx.motorad.com\/de\/produkte\/verschluesse\/kuehlsystempruefgeraet\/\",\"url\":\"https:\/\/mx.motorad.com\/de\/produkte\/verschluesse\/kuehlsystempruefgeraet\/\",\"name\":\"K\u00dcHLSYSTEMPR\u00dcFGER\u00c4T - MotoRad\",\"isPartOf\":{\"@id\":\"https:\/\/mx.motorad.com\/de\/#website\"},\"primaryImageOfPage\":{\"@id\":\"https:\/\/mx.motorad.com\/de\/produkte\/verschluesse\/kuehlsystempruefgeraet\/#primaryimage\"},\"image\":{\"@id\":\"https:\/\/mx.motorad.com\/de\/produkte\/verschluesse\/kuehlsystempruefgeraet\/#primaryimage\"},\"thumbnailUrl\":\"https:\/\/mx.motorad.com\/wp-content\/uploads\/2025\/04\/MT300_FRONT2.jpg\",\"datePublished\":\"2025-04-03T18:51:06+00:00\",\"dateModified\":\"2025-06-13T12:48:58+00:00\",\"description\":\"MotoRad - K\u00dcHLSYSTEMPR\u00dcFGER\u00c4T\",\"breadcrumb\":{\"@id\":\"https:\/\/mx.motorad.com\/de\/produkte\/verschluesse\/kuehlsystempruefgeraet\/#breadcrumb\"},\"inLanguage\":\"de\",\"potentialAction\":[{\"@type\":\"ReadAction\",\"target\":[\"https:\/\/mx.motorad.com\/de\/produkte\/verschluesse\/kuehlsystempruefgeraet\/\"]}]},{\"@type\":\"ImageObject\",\"inLanguage\":\"de\",\"@id\":\"https:\/\/mx.motorad.com\/de\/produkte\/verschluesse\/kuehlsystempruefgeraet\/#primaryimage\",\"url\":\"https:\/\/mx.motorad.com\/wp-content\/uploads\/2025\/04\/MT300_FRONT2.jpg\",\"contentUrl\":\"https:\/\/mx.motorad.com\/wp-content\/uploads\/2025\/04\/MT300_FRONT2.jpg\"},{\"@type\":\"BreadcrumbList\",\"@id\":\"https:\/\/mx.motorad.com\/de\/produkte\/verschluesse\/kuehlsystempruefgeraet\/#breadcrumb\",\"itemListElement\":[{\"@type\":\"ListItem\",\"position\":1,\"name\":\"Home\",\"item\":\"https:\/\/mx.motorad.com\/de\/\"},{\"@type\":\"ListItem\",\"position\":2,\"name\":\"Produkte\",\"item\":\"https:\/\/motoradnew.test\/de\/produkte\/\"},{\"@type\":\"ListItem\",\"position\":3,\"name\":\"Verschl\u00fcsse\",\"item\":\"https:\/\/motoradnew.test\/de\/produkte\/verschluesse\/\"},{\"@type\":\"ListItem\",\"position\":4,\"name\":\"K\u00dcHLSYSTEMPR\u00dcFGER\u00c4T\"}]},{\"@type\":\"WebSite\",\"@id\":\"https:\/\/mx.motorad.com\/de\/#website\",\"url\":\"https:\/\/mx.motorad.com\/de\/\",\"name\":\"MotoRad\",\"description\":\"Trusted to Deliver Better - Thermal Management, Emissions, Powertrain Controls\",\"potentialAction\":[{\"@type\":\"SearchAction\",\"target\":{\"@type\":\"EntryPoint\",\"urlTemplate\":\"https:\/\/mx.motorad.com\/de\/?s={search_term_string}\"},\"query-input\":{\"@type\":\"PropertyValueSpecification\",\"valueRequired\":true,\"valueName\":\"search_term_string\"}}],\"inLanguage\":\"de\"}]}<\/script>\n<!-- \/ Yoast SEO Premium plugin. -->","yoast_head_json":{"title":"K\u00dcHLSYSTEMPR\u00dcFGER\u00c4T - MotoRad","description":"MotoRad - K\u00dcHLSYSTEMPR\u00dcFGER\u00c4T","robots":{"index":"index","follow":"follow","max-snippet":"max-snippet:-1","max-image-preview":"max-image-preview:large","max-video-preview":"max-video-preview:-1"},"canonical":"https:\/\/mx.motorad.com\/de\/produkte\/verschluesse\/kuehlsystempruefgeraet\/","og_locale":"de_DE","og_type":"article","og_title":"K\u00dcHLSYSTEMPR\u00dcFGER\u00c4T","og_description":"MotoRad - K\u00dcHLSYSTEMPR\u00dcFGER\u00c4T","og_url":"https:\/\/mx.motorad.com\/de\/produkte\/verschluesse\/kuehlsystempruefgeraet\/","og_site_name":"MotoRad","article_modified_time":"2025-06-13T12:48:58+00:00","og_image":[{"width":1000,"height":1000,"url":"https:\/\/mx.motorad.com\/wp-content\/uploads\/2025\/04\/MT300_FRONT2.jpg","type":"image\/jpeg"}],"twitter_card":"summary_large_image","twitter_misc":{"Est. reading time":"1\u00a0Minute"},"schema":{"@context":"https:\/\/schema.org","@graph":[{"@type":"WebPage","@id":"https:\/\/mx.motorad.com\/de\/produkte\/verschluesse\/kuehlsystempruefgeraet\/","url":"https:\/\/mx.motorad.com\/de\/produkte\/verschluesse\/kuehlsystempruefgeraet\/","name":"K\u00dcHLSYSTEMPR\u00dcFGER\u00c4T - MotoRad","isPartOf":{"@id":"https:\/\/mx.motorad.com\/de\/#website"},"primaryImageOfPage":{"@id":"https:\/\/mx.motorad.com\/de\/produkte\/verschluesse\/kuehlsystempruefgeraet\/#primaryimage"},"image":{"@id":"https:\/\/mx.motorad.com\/de\/produkte\/verschluesse\/kuehlsystempruefgeraet\/#primaryimage"},"thumbnailUrl":"https:\/\/mx.motorad.com\/wp-content\/uploads\/2025\/04\/MT300_FRONT2.jpg","datePublished":"2025-04-03T18:51:06+00:00","dateModified":"2025-06-13T12:48:58+00:00","description":"MotoRad - K\u00dcHLSYSTEMPR\u00dcFGER\u00c4T","breadcrumb":{"@id":"https:\/\/mx.motorad.com\/de\/produkte\/verschluesse\/kuehlsystempruefgeraet\/#breadcrumb"},"inLanguage":"de","potentialAction":[{"@type":"ReadAction","target":["https:\/\/mx.motorad.com\/de\/produkte\/verschluesse\/kuehlsystempruefgeraet\/"]}]},{"@type":"ImageObject","inLanguage":"de","@id":"https:\/\/mx.motorad.com\/de\/produkte\/verschluesse\/kuehlsystempruefgeraet\/#primaryimage","url":"https:\/\/mx.motorad.com\/wp-content\/uploads\/2025\/04\/MT300_FRONT2.jpg","contentUrl":"https:\/\/mx.motorad.com\/wp-content\/uploads\/2025\/04\/MT300_FRONT2.jpg"},{"@type":"BreadcrumbList","@id":"https:\/\/mx.motorad.com\/de\/produkte\/verschluesse\/kuehlsystempruefgeraet\/#breadcrumb","itemListElement":[{"@type":"ListItem","position":1,"name":"Home","item":"https:\/\/mx.motorad.com\/de\/"},{"@type":"ListItem","position":2,"name":"Produkte","item":"https:\/\/motoradnew.test\/de\/produkte\/"},{"@type":"ListItem","position":3,"name":"Verschl\u00fcsse","item":"https:\/\/motoradnew.test\/de\/produkte\/verschluesse\/"},{"@type":"ListItem","position":4,"name":"K\u00dcHLSYSTEMPR\u00dcFGER\u00c4T"}]},{"@type":"WebSite","@id":"https:\/\/mx.motorad.com\/de\/#website","url":"https:\/\/mx.motorad.com\/de\/","name":"MotoRad","description":"Trusted to Deliver Better - Thermal Management, Emissions, Powertrain Controls","potentialAction":[{"@type":"SearchAction","target":{"@type":"EntryPoint","urlTemplate":"https:\/\/mx.motorad.com\/de\/?s={search_term_string}"},"query-input":{"@type":"PropertyValueSpecification","valueRequired":true,"valueName":"search_term_string"}}],"inLanguage":"de"}]}},"_links":{"self":[{"href":"https:\/\/mx.motorad.com\/de\/wp-json\/wp\/v2\/pages\/5884","targetHints":{"allow":["GET"]}}],"collection":[{"href":"https:\/\/mx.motorad.com\/de\/wp-json\/wp\/v2\/pages"}],"about":[{"href":"https:\/\/mx.motorad.com\/de\/wp-json\/wp\/v2\/types\/page"}],"author":[{"embeddable":true,"href":"https:\/\/mx.motorad.com\/de\/wp-json\/wp\/v2\/users\/1"}],"replies":[{"embeddable":true,"href":"https:\/\/mx.motorad.com\/de\/wp-json\/wp\/v2\/comments?post=5884"}],"version-history":[{"count":1,"href":"https:\/\/mx.motorad.com\/de\/wp-json\/wp\/v2\/pages\/5884\/revisions"}],"predecessor-version":[{"id":5885,"href":"https:\/\/mx.motorad.com\/de\/wp-json\/wp\/v2\/pages\/5884\/revisions\/5885"}],"up":[{"embeddable":true,"href":"https:\/\/mx.motorad.com\/de\/wp-json\/wp\/v2\/pages\/5912"}],"wp:attachment":[{"href":"https:\/\/mx.motorad.com\/de\/wp-json\/wp\/v2\/media?parent=5884"}],"curies":[{"name":"wp","href":"https:\/\/api.w.org\/{rel}","templated":true}]}}