{"id":5912,"date":"2025-04-03T18:25:28","date_gmt":"2025-04-03T18:25:28","guid":{"rendered":"https:\/\/mx.motorad.com\/verschluesse\/"},"modified":"2025-07-17T13:56:28","modified_gmt":"2025-07-17T13:56:28","slug":"verschluesse","status":"publish","type":"page","link":"https:\/\/mx.motorad.com\/de\/produkte\/verschluesse\/","title":{"rendered":"Verschl\u00fcsse"},"content":{"rendered":"<h1 style=\"margin-top:var(--wp--preset--spacing--60);margin-bottom:var(--wp--preset--spacing--60);\" class=\"wp-block-post-title\">Verschl\u00fcsse<\/h1>\n<p>MotoRad entwirft und produziert Verschl\u00fcsse in OEM-Qualit\u00e4t f\u00fcr diverse Anwendungen im Automobil- und Industriebereich. <\/p>\n\n<div class=\"wp-block-columns is-layout-flex wp-container-core-columns-is-layout-95393138 wp-block-columns-is-layout-flex\" style=\"margin-top:var(--wp--preset--spacing--60);margin-bottom:var(--wp--preset--spacing--60)\">\n<div class=\"wp-block-column is-layout-flow wp-block-column-is-layout-flow\">\n<h2 class=\"wp-block-heading\" id=\"h-coolant-caps\" style=\"margin-bottom:var(--wp--preset--spacing--40)\"><a href=\"https:\/\/mx.motorad.com\/de\/produkte\/verschluesse\/kuehlerverschluesse\/\">COOLANT CAPS<\/a><\/h2>\n\n\n\n<figure class=\"wp-block-image size-medium\"><img loading=\"lazy\" decoding=\"async\" width=\"300\" height=\"300\" src=\"https:\/\/mx.motorad.com\/wp-content\/uploads\/2025\/04\/ST13R_Angle-600x600-1-300x300.jpg\" alt=\"\" class=\"wp-image-4268\" srcset=\"https:\/\/mx.motorad.com\/wp-content\/uploads\/2025\/04\/ST13R_Angle-600x600-1-300x300.jpg 300w, https:\/\/mx.motorad.com\/wp-content\/uploads\/2025\/04\/ST13R_Angle-600x600-1-150x150.jpg 150w, https:\/\/mx.motorad.com\/wp-content\/uploads\/2025\/04\/ST13R_Angle-600x600-1.jpg 600w\" sizes=\"auto, (max-width: 300px) 100vw, 300px\" \/><\/figure>\n\n\n\n<p>Die K\u00fchlerdruckverschl\u00fcsse von MotoRad sind konzipiert und hergestellt, um eine pr\u00e4zise Druckkontrolle f\u00fcr das Fahrzeugk\u00fchlsystem zu gew\u00e4hrleisten. Die meisten Standard-K\u00fchlerverschl\u00fcsse werden auch in einer Version mit Sicherheitshebelvorrichtung angeboten, und jedes Teil wird vor dem Versand an den Kunden werkseitig getestet. <\/p>\n<\/div>\n\n\n\n<div class=\"wp-block-column is-layout-flow wp-block-column-is-layout-flow\">\n<h2 class=\"wp-block-heading\" id=\"h-def-caps\" style=\"margin-bottom:var(--wp--preset--spacing--40)\"><a href=\"https:\/\/mx.motorad.com\/de\/produkte\/verschluesse\/def-verschluesse\/\">DEF CAPS<\/a><\/h2>\n\n\n\n<figure class=\"wp-block-image size-full is-resized\"><img loading=\"lazy\" decoding=\"async\" width=\"500\" height=\"500\" src=\"https:\/\/mx.motorad.com\/wp-content\/uploads\/2025\/04\/DEF103_Angle.jpg\" alt=\"\" class=\"wp-image-4233\" style=\"width:303px;height:auto\" srcset=\"https:\/\/mx.motorad.com\/wp-content\/uploads\/2025\/04\/DEF103_Angle.jpg 500w, https:\/\/mx.motorad.com\/wp-content\/uploads\/2025\/04\/DEF103_Angle-300x300.jpg 300w, https:\/\/mx.motorad.com\/wp-content\/uploads\/2025\/04\/DEF103_Angle-150x150.jpg 150w\" sizes=\"auto, (max-width: 500px) 100vw, 500px\" \/><\/figure>\n\n\n\n<ul class=\"wp-block-list\">\n<li>Die Fertigung erfolgt unter Verwendung hochwertiger OEM-Materialien, um eine optimale Leistung und robuste Langlebigkeit sicherzustellen.<\/li>\n\n\n\n<li>Konzipiert, um alle OEM-Spezifikationen hinsichtlich Passform, Form &amp; Funktion zu erf\u00fcllen oder zu \u00fcbertreffen.<\/li>\n<\/ul>\n<\/div>\n\n\n\n<div class=\"wp-block-column is-layout-flow wp-block-column-is-layout-flow\">\n<h2 class=\"wp-block-heading\" style=\"margin-bottom:var(--wp--preset--spacing--40)\"><a href=\"https:\/\/mx.motorad.com\/de\/produkte\/verschluesse\/tankdeckel\/\">FUEL CAPS<\/a><\/h2>\n\n\n\n<figure class=\"wp-block-image size-full is-resized\"><img loading=\"lazy\" decoding=\"async\" width=\"500\" height=\"500\" src=\"https:\/\/mx.motorad.com\/wp-content\/uploads\/2025\/04\/MGC619_Angle.jpg\" alt=\"\" class=\"wp-image-4240\" style=\"width:301px;height:auto\" srcset=\"https:\/\/mx.motorad.com\/wp-content\/uploads\/2025\/04\/MGC619_Angle.jpg 500w, https:\/\/mx.motorad.com\/wp-content\/uploads\/2025\/04\/MGC619_Angle-300x300.jpg 300w, https:\/\/mx.motorad.com\/wp-content\/uploads\/2025\/04\/MGC619_Angle-150x150.jpg 150w\" sizes=\"auto, (max-width: 500px) 100vw, 500px\" \/><\/figure>\n\n\n\n<p style=\"margin-bottom:var(--wp--preset--spacing--20)\">Tankdeckel sind klein, aber entscheidend und ein integraler Bestandteil des On-Board-Diagnosesystems und des Emissionskontrollsystems.<\/p>\n\n\n\n<p>Sie verhindern das Austreten von Kraftstoffd\u00e4mpfen aus dem Einf\u00fcllstutzen, was eine Hauptquelle f\u00fcr Kohlenwasserstoffemissionen darstellt, und spielen eine wichtige Sicherheitsrolle, indem sie den Kraftstofffluss aus dem Einf\u00fcllstutzen bei einem Unfall, einschlie\u00dflich \u00dcberschl\u00e4gen, verhindern.<\/p>\n<\/div>\n<\/div>\n\n<div class=\"wp-block-columns is-layout-flex wp-container-core-columns-is-layout-ba144c19 wp-block-columns-is-layout-flex\" style=\"margin-bottom:var(--wp--preset--spacing--70)\">\n<div class=\"wp-block-column is-layout-flow wp-block-column-is-layout-flow\">\n<h2 class=\"wp-block-heading\" style=\"margin-bottom:var(--wp--preset--spacing--40)\"><a href=\"https:\/\/mx.motorad.com\/de\/produkte\/verschluesse\/oeldeckel\/\">OIL CAPS<\/a><\/h2>\n\n\n\n<figure class=\"wp-block-image size-full is-resized\"><img loading=\"lazy\" decoding=\"async\" width=\"500\" height=\"500\" src=\"https:\/\/mx.motorad.com\/wp-content\/uploads\/2025\/04\/MO120_Angle.jpg\" alt=\"\" class=\"wp-image-4254\" style=\"width:252px;height:auto\" srcset=\"https:\/\/mx.motorad.com\/wp-content\/uploads\/2025\/04\/MO120_Angle.jpg 500w, https:\/\/mx.motorad.com\/wp-content\/uploads\/2025\/04\/MO120_Angle-300x300.jpg 300w, https:\/\/mx.motorad.com\/wp-content\/uploads\/2025\/04\/MO120_Angle-150x150.jpg 150w\" sizes=\"auto, (max-width: 500px) 100vw, 500px\" \/><\/figure>\n\n\n\n<p>\u00d6lverschl\u00fcsse dienen prim\u00e4r der Abdichtung des \u00d6lreservoirs. Sie beinhalten h\u00e4ufig Filter f\u00fcr die Kurbelgeh\u00e4useentl\u00fcftung, welche mehrmals w\u00e4hrend der Lebensdauer des Fahrzeugs ausgetauscht werden sollten. <\/p>\n<\/div>\n\n\n\n<div class=\"wp-block-column is-layout-flow wp-block-column-is-layout-flow\">\n<h2 class=\"wp-block-heading\" style=\"margin-bottom:var(--wp--preset--spacing--40)\"><a href=\"https:\/\/mx.motorad.com\/de\/produkte\/verschluesse\/oelfilterdeckel\/\">OIL FILTER CAPS<\/a><\/h2>\n\n\n\n<figure class=\"wp-block-image size-full\"><img loading=\"lazy\" decoding=\"async\" width=\"240\" height=\"248\" src=\"https:\/\/mx.motorad.com\/wp-content\/uploads\/2025\/04\/MO300.webp\" alt=\"\" class=\"wp-image-4261\"\/><\/figure>\n\n\n\n<p>\u00d6lfilterverschl\u00fcsse gewinnen zunehmend an Bedeutung, da Automobil- und Lkw-Hersteller vermehrt umweltfreundliche Patronenfilter verwenden, die Verschl\u00fcsse f\u00fcr die \u00d6lfiltereinheit ben\u00f6tigen.<\/p>\n<\/div>\n\n\n\n<div class=\"wp-block-column is-layout-flow wp-block-column-is-layout-flow\">\n<h2 class=\"wp-block-heading\" style=\"margin-bottom:var(--wp--preset--spacing--40)\"><a href=\"https:\/\/mx.motorad.com\/de\/produkte\/verschluesse\/befestigter-tankdeckel\/\">TETHERED FUEL CAP<\/a><\/h2>\n\n\n\n<figure class=\"wp-block-image size-full\"><img loading=\"lazy\" decoding=\"async\" width=\"240\" height=\"248\" src=\"https:\/\/mx.motorad.com\/wp-content\/uploads\/2025\/04\/MGC4837T.webp\" alt=\"\" class=\"wp-image-4247\"\/><\/figure>\n\n\n\n<p>Es ist nicht mehr erforderlich, zum H\u00e4ndler zu gehen, um Ihren alten, abgenutzten oder besch\u00e4digten gesicherten Kraftstoffverschluss zu ersetzen. Eine perfekte, kosteng\u00fcnstige Option als direkter Ersatz f\u00fcr Ihren OE-gesicherten Verschluss, bereit zur schnellen und einfachen Installation. Hergestellt aus hochwertigen Materialien f\u00fcr langanhaltende Haltbarkeit.  <\/p>\n<\/div>\n<\/div>\n\n<div class=\"wp-block-cover alignfull is-light\" style=\"padding-top:var(--wp--preset--spacing--60);padding-bottom:var(--wp--preset--spacing--60)\"><span aria-hidden=\"true\" class=\"wp-block-cover__background has-background-dim-0 has-background-dim\" style=\"background-color:#ece5d9\"><\/span><img loading=\"lazy\" decoding=\"async\" width=\"1505\" height=\"305\" class=\"wp-block-cover__image-background wp-image-223\" alt=\"\" src=\"https:\/\/mx.motorad.com\/wp-content\/uploads\/2025\/03\/FooterCTA.jpg\" data-object-fit=\"cover\" srcset=\"https:\/\/mx.motorad.com\/wp-content\/uploads\/2025\/03\/FooterCTA.jpg 1505w, https:\/\/mx.motorad.com\/wp-content\/uploads\/2025\/03\/FooterCTA-300x61.jpg 300w, https:\/\/mx.motorad.com\/wp-content\/uploads\/2025\/03\/FooterCTA-1024x208.jpg 1024w, https:\/\/mx.motorad.com\/wp-content\/uploads\/2025\/03\/FooterCTA-768x156.jpg 768w\" sizes=\"auto, (max-width: 1505px) 100vw, 1505px\" \/><div class=\"wp-block-cover__inner-container is-layout-flow wp-block-cover-is-layout-flow\">\n<div class=\"wp-block-columns are-vertically-aligned-center is-layout-flex wp-container-core-columns-is-layout-cbe57604 wp-block-columns-is-layout-flex\">\n<div class=\"wp-block-column is-vertically-aligned-center is-layout-flow wp-block-column-is-layout-flow\" style=\"flex-basis:45%\">\n<h2 class=\"wp-block-heading has-text-align-center has-palette-text-color has-text-color\" id=\"h-need-help-finding-the-right-product\" style=\"margin-bottom:var(--wp--preset--spacing--40)\">Brauchen Sie Hilfe bei der Suche nach dem richtigen Produkt?<\/h2>\n\n\n\n<p class=\"has-text-align-center has-palette-text-color has-text-color\" style=\"margin-bottom:var(--wp--preset--spacing--50)\">Unser engagiertes Team ist hier, um Sie in die richtige Richtung zu lenken. Klicken Sie unten und lassen Sie uns wissen, wie wir Ihnen helfen k\u00f6nnen, das ideale Produkt f\u00fcr Ihren Bedarf zu finden. Ihre Reise zu BESSEREN Erfahrungen beginnt hier.  <\/p>\n\n\n\n<div class=\"wp-block-buttons is-content-justification-center is-layout-flex wp-container-core-buttons-is-layout-a89b3969 wp-block-buttons-is-layout-flex\">\n<div class=\"wp-block-button\"><a class=\"wp-block-button__link has-text-align-center wp-element-button\" href=\"https:\/\/mx.motorad.com\/contact\/need-help-finding-something\/\">Sprechen Sie mit einem MotoRad Spezialisten<\/a><\/div>\n<\/div>\n<\/div>\n\n\n\n<div class=\"wp-block-column is-layout-flow wp-block-column-is-layout-flow\" style=\"flex-basis:10%\"><\/div>\n\n\n\n<div class=\"wp-block-column is-layout-flow wp-block-column-is-layout-flow\" style=\"flex-basis:45%\">\n<h2 class=\"wp-block-heading has-text-align-center has-palette-text-color has-text-color\" id=\"h-looking-for-custom-development\" style=\"margin-bottom:var(--wp--preset--spacing--40)\">Suchen Sie eine individuelle Entwicklung?<\/h2>\n\n\n\n<p class=\"has-text-align-center has-palette-text-color has-text-color\" style=\"margin-bottom:var(--wp--preset--spacing--50)\">Bei uns geht es nicht nur um Produkte, sondern um ma\u00dfgeschneiderte L\u00f6sungen, die Ihren Bed\u00fcrfnissen entsprechen. Sind Sie bereit, Ihr neues Projekt zum Leben zu erwecken? Klicken Sie unten, und lassen Sie uns gemeinsam auf die Reise der individuellen Produktentwicklung gehen.  <\/p>\n\n\n\n<div class=\"wp-block-buttons is-content-justification-center is-layout-flex wp-container-core-buttons-is-layout-a89b3969 wp-block-buttons-is-layout-flex\">\n<div class=\"wp-block-button is-style-fill\"><a class=\"wp-block-button__link has-palette-bg-color has-palette-text-background-color has-text-color has-background has-text-align-center wp-element-button\" href=\"https:\/\/mx.motorad.com\/contact\/do-you-need-custom-development\/\">Wir m\u00f6chten Ihr Lieferant sein<\/a><\/div>\n<\/div>\n<\/div>\n<\/div>\n<\/div><\/div>\n","protected":false},"excerpt":{"rendered":"<p>MotoRad entwirft und produziert Verschl\u00fcsse in OEM-Qualit\u00e4t f\u00fcr diverse Anwendungen im Automobil- und Industriebereich. COOLANT CAPS Die K\u00fchlerdruckverschl\u00fcsse von MotoRad [&#8230;]<\/p>\n","protected":false},"author":1,"featured_media":0,"parent":55753,"menu_order":0,"comment_status":"closed","ping_status":"closed","template":"","meta":{"_acf_changed":false,"footnotes":""},"class_list":["post-5912","page","type-page","status-publish","hentry"],"acf":[],"yoast_head":"<!-- This site is optimized with the Yoast SEO Premium plugin v27.2 (Yoast SEO v27.2) - https:\/\/yoast.com\/product\/yoast-seo-premium-wordpress\/ -->\n<title>Verschl\u00fcsse - MotoRad<\/title>\n<meta name=\"description\" content=\"MotoRad - Verschl\u00fcsse\" \/>\n<meta name=\"robots\" content=\"index, follow, max-snippet:-1, max-image-preview:large, max-video-preview:-1\" \/>\n<link rel=\"canonical\" href=\"https:\/\/mx.motorad.com\/de\/produkte\/verschluesse\/\" \/>\n<meta property=\"og:locale\" content=\"de_DE\" \/>\n<meta property=\"og:type\" content=\"article\" \/>\n<meta property=\"og:title\" content=\"Verschl\u00fcsse\" \/>\n<meta property=\"og:description\" content=\"MotoRad - Verschl\u00fcsse\" \/>\n<meta property=\"og:url\" content=\"https:\/\/mx.motorad.com\/de\/produkte\/verschluesse\/\" \/>\n<meta property=\"og:site_name\" content=\"MotoRad\" \/>\n<meta property=\"article:modified_time\" content=\"2025-07-17T13:56:28+00:00\" \/>\n<meta property=\"og:image\" content=\"https:\/\/mx.motorad.com\/wp-content\/uploads\/2025\/04\/ST13R_Angle-600x600-1.jpg\" \/>\n\t<meta property=\"og:image:width\" content=\"600\" \/>\n\t<meta property=\"og:image:height\" content=\"600\" \/>\n\t<meta property=\"og:image:type\" content=\"image\/jpeg\" \/>\n<meta name=\"twitter:card\" content=\"summary_large_image\" \/>\n<meta name=\"twitter:label1\" content=\"Est. reading time\" \/>\n\t<meta name=\"twitter:data1\" content=\"1\u00a0Minute\" \/>\n<script type=\"application\/ld+json\" class=\"yoast-schema-graph\">{\"@context\":\"https:\/\/schema.org\",\"@graph\":[{\"@type\":\"WebPage\",\"@id\":\"https:\/\/mx.motorad.com\/de\/produkte\/verschluesse\/\",\"url\":\"https:\/\/mx.motorad.com\/de\/produkte\/verschluesse\/\",\"name\":\"Verschl\u00fcsse - MotoRad\",\"isPartOf\":{\"@id\":\"https:\/\/mx.motorad.com\/de\/#website\"},\"primaryImageOfPage\":{\"@id\":\"https:\/\/mx.motorad.com\/de\/produkte\/verschluesse\/#primaryimage\"},\"image\":{\"@id\":\"https:\/\/mx.motorad.com\/de\/produkte\/verschluesse\/#primaryimage\"},\"thumbnailUrl\":\"https:\/\/mx.motorad.com\/wp-content\/uploads\/2025\/04\/ST13R_Angle-600x600-1-300x300.jpg\",\"datePublished\":\"2025-04-03T18:25:28+00:00\",\"dateModified\":\"2025-07-17T13:56:28+00:00\",\"description\":\"MotoRad - Verschl\u00fcsse\",\"breadcrumb\":{\"@id\":\"https:\/\/mx.motorad.com\/de\/produkte\/verschluesse\/#breadcrumb\"},\"inLanguage\":\"de\",\"potentialAction\":[{\"@type\":\"ReadAction\",\"target\":[\"https:\/\/mx.motorad.com\/de\/produkte\/verschluesse\/\"]}]},{\"@type\":\"ImageObject\",\"inLanguage\":\"de\",\"@id\":\"https:\/\/mx.motorad.com\/de\/produkte\/verschluesse\/#primaryimage\",\"url\":\"https:\/\/mx.motorad.com\/wp-content\/uploads\/2025\/04\/ST13R_Angle-600x600-1-300x300.jpg\",\"contentUrl\":\"https:\/\/mx.motorad.com\/wp-content\/uploads\/2025\/04\/ST13R_Angle-600x600-1-300x300.jpg\"},{\"@type\":\"BreadcrumbList\",\"@id\":\"https:\/\/mx.motorad.com\/de\/produkte\/verschluesse\/#breadcrumb\",\"itemListElement\":[{\"@type\":\"ListItem\",\"position\":1,\"name\":\"Home\",\"item\":\"https:\/\/mx.motorad.com\/de\/\"},{\"@type\":\"ListItem\",\"position\":2,\"name\":\"Produkte\",\"item\":\"https:\/\/motoradnew.test\/de\/produkte\/\"},{\"@type\":\"ListItem\",\"position\":3,\"name\":\"Verschl\u00fcsse\"}]},{\"@type\":\"WebSite\",\"@id\":\"https:\/\/mx.motorad.com\/de\/#website\",\"url\":\"https:\/\/mx.motorad.com\/de\/\",\"name\":\"MotoRad\",\"description\":\"Trusted to Deliver Better - Thermal Management, Emissions, Powertrain Controls\",\"potentialAction\":[{\"@type\":\"SearchAction\",\"target\":{\"@type\":\"EntryPoint\",\"urlTemplate\":\"https:\/\/mx.motorad.com\/de\/?s={search_term_string}\"},\"query-input\":{\"@type\":\"PropertyValueSpecification\",\"valueRequired\":true,\"valueName\":\"search_term_string\"}}],\"inLanguage\":\"de\"}]}<\/script>\n<!-- \/ Yoast SEO Premium plugin. -->","yoast_head_json":{"title":"Verschl\u00fcsse - MotoRad","description":"MotoRad - Verschl\u00fcsse","robots":{"index":"index","follow":"follow","max-snippet":"max-snippet:-1","max-image-preview":"max-image-preview:large","max-video-preview":"max-video-preview:-1"},"canonical":"https:\/\/mx.motorad.com\/de\/produkte\/verschluesse\/","og_locale":"de_DE","og_type":"article","og_title":"Verschl\u00fcsse","og_description":"MotoRad - Verschl\u00fcsse","og_url":"https:\/\/mx.motorad.com\/de\/produkte\/verschluesse\/","og_site_name":"MotoRad","article_modified_time":"2025-07-17T13:56:28+00:00","og_image":[{"width":600,"height":600,"url":"https:\/\/mx.motorad.com\/wp-content\/uploads\/2025\/04\/ST13R_Angle-600x600-1.jpg","type":"image\/jpeg"}],"twitter_card":"summary_large_image","twitter_misc":{"Est. reading time":"1\u00a0Minute"},"schema":{"@context":"https:\/\/schema.org","@graph":[{"@type":"WebPage","@id":"https:\/\/mx.motorad.com\/de\/produkte\/verschluesse\/","url":"https:\/\/mx.motorad.com\/de\/produkte\/verschluesse\/","name":"Verschl\u00fcsse - MotoRad","isPartOf":{"@id":"https:\/\/mx.motorad.com\/de\/#website"},"primaryImageOfPage":{"@id":"https:\/\/mx.motorad.com\/de\/produkte\/verschluesse\/#primaryimage"},"image":{"@id":"https:\/\/mx.motorad.com\/de\/produkte\/verschluesse\/#primaryimage"},"thumbnailUrl":"https:\/\/mx.motorad.com\/wp-content\/uploads\/2025\/04\/ST13R_Angle-600x600-1-300x300.jpg","datePublished":"2025-04-03T18:25:28+00:00","dateModified":"2025-07-17T13:56:28+00:00","description":"MotoRad - Verschl\u00fcsse","breadcrumb":{"@id":"https:\/\/mx.motorad.com\/de\/produkte\/verschluesse\/#breadcrumb"},"inLanguage":"de","potentialAction":[{"@type":"ReadAction","target":["https:\/\/mx.motorad.com\/de\/produkte\/verschluesse\/"]}]},{"@type":"ImageObject","inLanguage":"de","@id":"https:\/\/mx.motorad.com\/de\/produkte\/verschluesse\/#primaryimage","url":"https:\/\/mx.motorad.com\/wp-content\/uploads\/2025\/04\/ST13R_Angle-600x600-1-300x300.jpg","contentUrl":"https:\/\/mx.motorad.com\/wp-content\/uploads\/2025\/04\/ST13R_Angle-600x600-1-300x300.jpg"},{"@type":"BreadcrumbList","@id":"https:\/\/mx.motorad.com\/de\/produkte\/verschluesse\/#breadcrumb","itemListElement":[{"@type":"ListItem","position":1,"name":"Home","item":"https:\/\/mx.motorad.com\/de\/"},{"@type":"ListItem","position":2,"name":"Produkte","item":"https:\/\/motoradnew.test\/de\/produkte\/"},{"@type":"ListItem","position":3,"name":"Verschl\u00fcsse"}]},{"@type":"WebSite","@id":"https:\/\/mx.motorad.com\/de\/#website","url":"https:\/\/mx.motorad.com\/de\/","name":"MotoRad","description":"Trusted to Deliver Better - Thermal Management, Emissions, Powertrain Controls","potentialAction":[{"@type":"SearchAction","target":{"@type":"EntryPoint","urlTemplate":"https:\/\/mx.motorad.com\/de\/?s={search_term_string}"},"query-input":{"@type":"PropertyValueSpecification","valueRequired":true,"valueName":"search_term_string"}}],"inLanguage":"de"}]}},"_links":{"self":[{"href":"https:\/\/mx.motorad.com\/de\/wp-json\/wp\/v2\/pages\/5912","targetHints":{"allow":["GET"]}}],"collection":[{"href":"https:\/\/mx.motorad.com\/de\/wp-json\/wp\/v2\/pages"}],"about":[{"href":"https:\/\/mx.motorad.com\/de\/wp-json\/wp\/v2\/types\/page"}],"author":[{"embeddable":true,"href":"https:\/\/mx.motorad.com\/de\/wp-json\/wp\/v2\/users\/1"}],"replies":[{"embeddable":true,"href":"https:\/\/mx.motorad.com\/de\/wp-json\/wp\/v2\/comments?post=5912"}],"version-history":[{"count":1,"href":"https:\/\/mx.motorad.com\/de\/wp-json\/wp\/v2\/pages\/5912\/revisions"}],"predecessor-version":[{"id":5914,"href":"https:\/\/mx.motorad.com\/de\/wp-json\/wp\/v2\/pages\/5912\/revisions\/5914"}],"up":[{"embeddable":true,"href":"https:\/\/mx.motorad.com\/de\/wp-json\/wp\/v2\/pages\/55753"}],"wp:attachment":[{"href":"https:\/\/mx.motorad.com\/de\/wp-json\/wp\/v2\/media?parent=5912"}],"curies":[{"name":"wp","href":"https:\/\/api.w.org\/{rel}","templated":true}]}}