{"id":5921,"date":"2025-04-03T17:42:12","date_gmt":"2025-04-03T17:42:12","guid":{"rendered":"https:\/\/mx.motorad.com\/antriebsstrangsteuerungen\/nockenwellen-kurbelwellensensoren\/"},"modified":"2025-06-13T12:49:01","modified_gmt":"2025-06-13T12:49:01","slug":"nockenwellen-kurbelwellensensoren","status":"publish","type":"page","link":"https:\/\/mx.motorad.com\/de\/produkte\/antriebsstrangsteuerungen\/nockenwellen-kurbelwellensensoren\/","title":{"rendered":"NOCKENWELLEN-\/KURBELWELLENSENSOREN"},"content":{"rendered":"<h1 style=\"margin-top:var(--wp--preset--spacing--60);margin-bottom:var(--wp--preset--spacing--60);\" class=\"wp-block-post-title\">NOCKENWELLEN-\/KURBELWELLENSENSOREN<\/h1>\n<p style=\"margin-bottom:var(--wp--preset--spacing--60)\">Die Nockenwellen- und Kurbelwellenpositionssensoren von MotoRad gew\u00e4hrleisten eine OE-genaue Pr\u00e4zision und eine verbesserte Motorfunktion. Sie sind konzipiert, um unter extremen Betriebsbedingungen zu funktionieren und weisen eine hohe Hitzebest\u00e4ndigkeit auf. S\u00e4mtliche MotoRad Nockenwellen-\/Kurbelwellenpositionssensoren werden in unseren nach ISO TS16949 zertifizierten Fertigungsst\u00e4tten entwickelt, um die OEM-Spezifikationen zu erf\u00fcllen oder zu \u00fcbertreffen.  <\/p>\n\n<div class=\"wp-block-columns is-layout-flex wp-container-core-columns-is-layout-baf23659 wp-block-columns-is-layout-flex\" style=\"margin-bottom:var(--wp--preset--spacing--60)\">\n<div class=\"wp-block-column is-layout-flow wp-block-column-is-layout-flow\">\n<figure class=\"wp-block-image size-full\"><img loading=\"lazy\" decoding=\"async\" width=\"500\" height=\"500\" src=\"https:\/\/mx.motorad.com\/wp-content\/uploads\/2025\/04\/1CS106_Angle.jpg\" alt=\"\" class=\"wp-image-3878\" srcset=\"https:\/\/mx.motorad.com\/wp-content\/uploads\/2025\/04\/1CS106_Angle.jpg 500w, https:\/\/mx.motorad.com\/wp-content\/uploads\/2025\/04\/1CS106_Angle-300x300.jpg 300w, https:\/\/mx.motorad.com\/wp-content\/uploads\/2025\/04\/1CS106_Angle-150x150.jpg 150w\" sizes=\"auto, (max-width: 500px) 100vw, 500px\" \/><\/figure>\n<\/div>\n\n\n\n<div class=\"wp-block-column is-layout-flow wp-block-column-is-layout-flow\">\n<figure class=\"wp-block-image size-full\"><img loading=\"lazy\" decoding=\"async\" width=\"500\" height=\"500\" src=\"https:\/\/mx.motorad.com\/wp-content\/uploads\/2025\/04\/1CS109_Angle.jpg\" alt=\"\" class=\"wp-image-3892\" srcset=\"https:\/\/mx.motorad.com\/wp-content\/uploads\/2025\/04\/1CS109_Angle.jpg 500w, https:\/\/mx.motorad.com\/wp-content\/uploads\/2025\/04\/1CS109_Angle-300x300.jpg 300w, https:\/\/mx.motorad.com\/wp-content\/uploads\/2025\/04\/1CS109_Angle-150x150.jpg 150w\" sizes=\"auto, (max-width: 500px) 100vw, 500px\" \/><\/figure>\n<\/div>\n\n\n\n<div class=\"wp-block-column is-layout-flow wp-block-column-is-layout-flow\">\n<figure class=\"wp-block-image size-full\"><img loading=\"lazy\" decoding=\"async\" width=\"500\" height=\"500\" src=\"https:\/\/mx.motorad.com\/wp-content\/uploads\/2025\/04\/1CS107_Angle-1.jpg\" alt=\"\" class=\"wp-image-3885\" srcset=\"https:\/\/mx.motorad.com\/wp-content\/uploads\/2025\/04\/1CS107_Angle-1.jpg 500w, https:\/\/mx.motorad.com\/wp-content\/uploads\/2025\/04\/1CS107_Angle-1-300x300.jpg 300w, https:\/\/mx.motorad.com\/wp-content\/uploads\/2025\/04\/1CS107_Angle-1-150x150.jpg 150w\" sizes=\"auto, (max-width: 500px) 100vw, 500px\" \/><\/figure>\n<\/div>\n\n\n\n<div class=\"wp-block-column is-layout-flow wp-block-column-is-layout-flow\">\n<figure class=\"wp-block-image size-full\"><img loading=\"lazy\" decoding=\"async\" width=\"500\" height=\"500\" src=\"https:\/\/mx.motorad.com\/wp-content\/uploads\/2025\/04\/1CS129_Angle.jpg\" alt=\"\" class=\"wp-image-3899\" srcset=\"https:\/\/mx.motorad.com\/wp-content\/uploads\/2025\/04\/1CS129_Angle.jpg 500w, https:\/\/mx.motorad.com\/wp-content\/uploads\/2025\/04\/1CS129_Angle-300x300.jpg 300w, https:\/\/mx.motorad.com\/wp-content\/uploads\/2025\/04\/1CS129_Angle-150x150.jpg 150w\" sizes=\"auto, (max-width: 500px) 100vw, 500px\" \/><\/figure>\n<\/div>\n\n\n\n<div class=\"wp-block-column is-layout-flow wp-block-column-is-layout-flow\">\n<figure class=\"wp-block-image size-full\"><img loading=\"lazy\" decoding=\"async\" width=\"500\" height=\"500\" src=\"https:\/\/mx.motorad.com\/wp-content\/uploads\/2025\/04\/1CS133_Angle.jpg\" alt=\"\" class=\"wp-image-3913\" srcset=\"https:\/\/mx.motorad.com\/wp-content\/uploads\/2025\/04\/1CS133_Angle.jpg 500w, https:\/\/mx.motorad.com\/wp-content\/uploads\/2025\/04\/1CS133_Angle-300x300.jpg 300w, https:\/\/mx.motorad.com\/wp-content\/uploads\/2025\/04\/1CS133_Angle-150x150.jpg 150w\" sizes=\"auto, (max-width: 500px) 100vw, 500px\" \/><\/figure>\n<\/div>\n\n\n\n<div class=\"wp-block-column is-layout-flow wp-block-column-is-layout-flow\">\n<figure class=\"wp-block-image size-full\"><img loading=\"lazy\" decoding=\"async\" width=\"500\" height=\"500\" src=\"https:\/\/mx.motorad.com\/wp-content\/uploads\/2025\/04\/1CS131_Angle.jpg\" alt=\"\" class=\"wp-image-3906\" srcset=\"https:\/\/mx.motorad.com\/wp-content\/uploads\/2025\/04\/1CS131_Angle.jpg 500w, https:\/\/mx.motorad.com\/wp-content\/uploads\/2025\/04\/1CS131_Angle-300x300.jpg 300w, https:\/\/mx.motorad.com\/wp-content\/uploads\/2025\/04\/1CS131_Angle-150x150.jpg 150w\" sizes=\"auto, (max-width: 500px) 100vw, 500px\" \/><\/figure>\n<\/div>\n<\/div>\n\n<ul class=\"wp-block-list\">\n<li style=\"margin-bottom:var(--wp--preset--spacing--30)\">Der Tier-1-OE-Sensor sch\u00fctzt vor Spannungsspitzen und elektromagnetischen St\u00f6rfeldern, um eine optimale Positionierung zu gew\u00e4hrleisten.<\/li>\n\n\n\n<li style=\"margin-bottom:var(--wp--preset--spacing--30)\">Das propriet\u00e4re ferromagnetische Material widersteht extremen Betriebstemperaturen, um ein pr\u00e4zises Spannungssignal an das Motorsteuerger\u00e4t zu gew\u00e4hrleisten.<\/li>\n\n\n\n<li style=\"margin-bottom:var(--wp--preset--spacing--30)\">Fluorelastomer-O-Ringe bieten eine hervorragende Best\u00e4ndigkeit gegen hohe Temperaturen und alle \u00d6lformulierungen f\u00fcr eine langlebige Haltbarkeit.<\/li>\n\n\n\n<li style=\"margin-bottom:var(--wp--preset--spacing--30)\">100% Inline- und Endpr\u00fcfung.<\/li>\n\n\n\n<li style=\"margin-bottom:var(--wp--preset--spacing--30)\">Umfangreiche Produktpr\u00fcfungen beinhalten unter anderem Salzspr\u00fchnebel-, Hoch-\/Tieftemperatur-Schlag-, thermische Vibrations-, Haltbarkeits-, statische Elektrizit\u00e4ts- und Mikrospannungstests, um sicherzustellen, dass alle Sensoren die OEM-Spezifikationen erf\u00fcllen oder \u00fcbertreffen.<\/li>\n<\/ul>\n\n<figure class=\"wp-block-image aligncenter size-full\" style=\"margin-top:var(--wp--preset--spacing--60);margin-bottom:var(--wp--preset--spacing--60)\"><img loading=\"lazy\" decoding=\"async\" width=\"700\" height=\"496\" src=\"https:\/\/mx.motorad.com\/wp-content\/uploads\/2025\/04\/cam-crank-closer-look-web.jpg\" alt=\"\" class=\"wp-image-3920\" srcset=\"https:\/\/mx.motorad.com\/wp-content\/uploads\/2025\/04\/cam-crank-closer-look-web.jpg 700w, https:\/\/mx.motorad.com\/wp-content\/uploads\/2025\/04\/cam-crank-closer-look-web-300x213.jpg 300w\" sizes=\"auto, (max-width: 700px) 100vw, 700px\" \/><\/figure>\n\n<div class=\"wp-block-buttons is-layout-flex wp-block-buttons-is-layout-flex\" style=\"margin-bottom:var(--wp--preset--spacing--70)\">\n<div class=\"wp-block-button\"><a class=\"wp-block-button__link wp-element-button\" href=\"https:\/\/mx.motorad.com\/products\/\">Finden Sie Sensoren f\u00fcr Ihre Anwendung<\/a><\/div>\n<\/div>\n\n<div class=\"wp-block-cover alignfull is-light\" style=\"padding-top:var(--wp--preset--spacing--60);padding-bottom:var(--wp--preset--spacing--60)\"><span aria-hidden=\"true\" class=\"wp-block-cover__background has-background-dim-0 has-background-dim\" style=\"background-color:#ece5d9\"><\/span><img loading=\"lazy\" decoding=\"async\" width=\"1505\" height=\"305\" class=\"wp-block-cover__image-background wp-image-223\" alt=\"\" src=\"https:\/\/mx.motorad.com\/wp-content\/uploads\/2025\/03\/FooterCTA.jpg\" data-object-fit=\"cover\" srcset=\"https:\/\/mx.motorad.com\/wp-content\/uploads\/2025\/03\/FooterCTA.jpg 1505w, https:\/\/mx.motorad.com\/wp-content\/uploads\/2025\/03\/FooterCTA-300x61.jpg 300w, https:\/\/mx.motorad.com\/wp-content\/uploads\/2025\/03\/FooterCTA-1024x208.jpg 1024w, https:\/\/mx.motorad.com\/wp-content\/uploads\/2025\/03\/FooterCTA-768x156.jpg 768w\" sizes=\"auto, (max-width: 1505px) 100vw, 1505px\" \/><div class=\"wp-block-cover__inner-container is-layout-flow wp-block-cover-is-layout-flow\">\n<div class=\"wp-block-columns are-vertically-aligned-center is-layout-flex wp-container-core-columns-is-layout-cbe57604 wp-block-columns-is-layout-flex\">\n<div class=\"wp-block-column is-vertically-aligned-center is-layout-flow wp-block-column-is-layout-flow\" style=\"flex-basis:45%\">\n<h2 class=\"wp-block-heading has-text-align-center has-palette-text-color has-text-color\" id=\"h-need-help-finding-the-right-product\" style=\"margin-bottom:var(--wp--preset--spacing--40)\">Brauchen Sie Hilfe bei der Suche nach dem richtigen Produkt?<\/h2>\n\n\n\n<p class=\"has-text-align-center has-palette-text-color has-text-color\" style=\"margin-bottom:var(--wp--preset--spacing--50)\">Unser engagiertes Team ist hier, um Sie in die richtige Richtung zu lenken. Klicken Sie unten und lassen Sie uns wissen, wie wir Ihnen helfen k\u00f6nnen, das ideale Produkt f\u00fcr Ihren Bedarf zu finden. Ihre Reise zu BESSEREN Erfahrungen beginnt hier.  <\/p>\n\n\n\n<div class=\"wp-block-buttons is-content-justification-center is-layout-flex wp-container-core-buttons-is-layout-a89b3969 wp-block-buttons-is-layout-flex\">\n<div class=\"wp-block-button\"><a class=\"wp-block-button__link has-text-align-center wp-element-button\" href=\"https:\/\/mx.motorad.com\/contact\/need-help-finding-something\/\">Sprechen Sie mit einem MotoRad Spezialisten<\/a><\/div>\n<\/div>\n<\/div>\n\n\n\n<div class=\"wp-block-column is-layout-flow wp-block-column-is-layout-flow\" style=\"flex-basis:10%\"><\/div>\n\n\n\n<div class=\"wp-block-column is-layout-flow wp-block-column-is-layout-flow\" style=\"flex-basis:45%\">\n<h2 class=\"wp-block-heading has-text-align-center has-palette-text-color has-text-color\" id=\"h-looking-for-custom-development\" style=\"margin-bottom:var(--wp--preset--spacing--40)\">Suchen Sie eine individuelle Entwicklung?<\/h2>\n\n\n\n<p class=\"has-text-align-center has-palette-text-color has-text-color\" style=\"margin-bottom:var(--wp--preset--spacing--50)\">Bei uns geht es nicht nur um Produkte, sondern um ma\u00dfgeschneiderte L\u00f6sungen, die Ihren Bed\u00fcrfnissen entsprechen. Sind Sie bereit, Ihr neues Projekt zum Leben zu erwecken? Klicken Sie unten, und lassen Sie uns gemeinsam auf die Reise der individuellen Produktentwicklung gehen.  <\/p>\n\n\n\n<div class=\"wp-block-buttons is-content-justification-center is-layout-flex wp-container-core-buttons-is-layout-a89b3969 wp-block-buttons-is-layout-flex\">\n<div class=\"wp-block-button is-style-fill\"><a class=\"wp-block-button__link has-palette-bg-color has-palette-text-background-color has-text-color has-background has-text-align-center wp-element-button\" href=\"https:\/\/mx.motorad.com\/contact\/do-you-need-custom-development\/\">Wir m\u00f6chten Ihr Lieferant sein<\/a><\/div>\n<\/div>\n<\/div>\n<\/div>\n<\/div><\/div>\n","protected":false},"excerpt":{"rendered":"<p>Die Nockenwellen- und Kurbelwellenpositionssensoren von MotoRad gew\u00e4hrleisten eine OE-genaue Pr\u00e4zision und eine verbesserte Motorfunktion. Sie sind konzipiert, um unter extremen [&#8230;]<\/p>\n","protected":false},"author":1,"featured_media":0,"parent":5873,"menu_order":0,"comment_status":"closed","ping_status":"closed","template":"","meta":{"_acf_changed":false,"footnotes":""},"class_list":["post-5921","page","type-page","status-publish","hentry"],"acf":[],"yoast_head":"<!-- This site is optimized with the Yoast SEO Premium plugin v27.2 (Yoast SEO v27.2) - https:\/\/yoast.com\/product\/yoast-seo-premium-wordpress\/ -->\n<title>NOCKENWELLEN-\/KURBELWELLENSENSOREN - MotoRad<\/title>\n<meta name=\"description\" content=\"MotoRad - NOCKENWELLEN-\/KURBELWELLENSENSOREN\" \/>\n<meta name=\"robots\" content=\"index, follow, max-snippet:-1, max-image-preview:large, max-video-preview:-1\" \/>\n<link rel=\"canonical\" href=\"https:\/\/mx.motorad.com\/de\/produkte\/antriebsstrangsteuerungen\/nockenwellen-kurbelwellensensoren\/\" \/>\n<meta property=\"og:locale\" content=\"de_DE\" \/>\n<meta property=\"og:type\" content=\"article\" \/>\n<meta property=\"og:title\" content=\"NOCKENWELLEN-\/KURBELWELLENSENSOREN\" \/>\n<meta property=\"og:description\" content=\"MotoRad - NOCKENWELLEN-\/KURBELWELLENSENSOREN\" \/>\n<meta property=\"og:url\" content=\"https:\/\/mx.motorad.com\/de\/produkte\/antriebsstrangsteuerungen\/nockenwellen-kurbelwellensensoren\/\" \/>\n<meta property=\"og:site_name\" content=\"MotoRad\" \/>\n<meta property=\"article:modified_time\" content=\"2025-06-13T12:49:01+00:00\" \/>\n<meta property=\"og:image\" content=\"https:\/\/mx.motorad.com\/wp-content\/uploads\/2025\/04\/1CS106_Angle.jpg\" \/>\n\t<meta property=\"og:image:width\" content=\"500\" \/>\n\t<meta property=\"og:image:height\" content=\"500\" \/>\n\t<meta property=\"og:image:type\" content=\"image\/jpeg\" \/>\n<meta name=\"twitter:card\" content=\"summary_large_image\" \/>\n<meta name=\"twitter:label1\" content=\"Est. reading time\" \/>\n\t<meta name=\"twitter:data1\" content=\"1\u00a0Minute\" \/>\n<script type=\"application\/ld+json\" class=\"yoast-schema-graph\">{\"@context\":\"https:\/\/schema.org\",\"@graph\":[{\"@type\":\"WebPage\",\"@id\":\"https:\/\/mx.motorad.com\/de\/produkte\/antriebsstrangsteuerungen\/nockenwellen-kurbelwellensensoren\/\",\"url\":\"https:\/\/mx.motorad.com\/de\/produkte\/antriebsstrangsteuerungen\/nockenwellen-kurbelwellensensoren\/\",\"name\":\"NOCKENWELLEN-\/KURBELWELLENSENSOREN - MotoRad\",\"isPartOf\":{\"@id\":\"https:\/\/mx.motorad.com\/de\/#website\"},\"primaryImageOfPage\":{\"@id\":\"https:\/\/mx.motorad.com\/de\/produkte\/antriebsstrangsteuerungen\/nockenwellen-kurbelwellensensoren\/#primaryimage\"},\"image\":{\"@id\":\"https:\/\/mx.motorad.com\/de\/produkte\/antriebsstrangsteuerungen\/nockenwellen-kurbelwellensensoren\/#primaryimage\"},\"thumbnailUrl\":\"https:\/\/mx.motorad.com\/wp-content\/uploads\/2025\/04\/1CS106_Angle.jpg\",\"datePublished\":\"2025-04-03T17:42:12+00:00\",\"dateModified\":\"2025-06-13T12:49:01+00:00\",\"description\":\"MotoRad - NOCKENWELLEN-\/KURBELWELLENSENSOREN\",\"breadcrumb\":{\"@id\":\"https:\/\/mx.motorad.com\/de\/produkte\/antriebsstrangsteuerungen\/nockenwellen-kurbelwellensensoren\/#breadcrumb\"},\"inLanguage\":\"de\",\"potentialAction\":[{\"@type\":\"ReadAction\",\"target\":[\"https:\/\/mx.motorad.com\/de\/produkte\/antriebsstrangsteuerungen\/nockenwellen-kurbelwellensensoren\/\"]}]},{\"@type\":\"ImageObject\",\"inLanguage\":\"de\",\"@id\":\"https:\/\/mx.motorad.com\/de\/produkte\/antriebsstrangsteuerungen\/nockenwellen-kurbelwellensensoren\/#primaryimage\",\"url\":\"https:\/\/mx.motorad.com\/wp-content\/uploads\/2025\/04\/1CS106_Angle.jpg\",\"contentUrl\":\"https:\/\/mx.motorad.com\/wp-content\/uploads\/2025\/04\/1CS106_Angle.jpg\"},{\"@type\":\"BreadcrumbList\",\"@id\":\"https:\/\/mx.motorad.com\/de\/produkte\/antriebsstrangsteuerungen\/nockenwellen-kurbelwellensensoren\/#breadcrumb\",\"itemListElement\":[{\"@type\":\"ListItem\",\"position\":1,\"name\":\"Home\",\"item\":\"https:\/\/mx.motorad.com\/de\/\"},{\"@type\":\"ListItem\",\"position\":2,\"name\":\"Produkte\",\"item\":\"https:\/\/motoradnew.test\/de\/produkte\/\"},{\"@type\":\"ListItem\",\"position\":3,\"name\":\"Antriebsstrangsteuerungen\",\"item\":\"https:\/\/mx.motorad.com\/de\/produkte\/antriebsstrangsteuerungen\/\"},{\"@type\":\"ListItem\",\"position\":4,\"name\":\"NOCKENWELLEN-\/KURBELWELLENSENSOREN\"}]},{\"@type\":\"WebSite\",\"@id\":\"https:\/\/mx.motorad.com\/de\/#website\",\"url\":\"https:\/\/mx.motorad.com\/de\/\",\"name\":\"MotoRad\",\"description\":\"Trusted to Deliver Better - Thermal Management, Emissions, Powertrain Controls\",\"potentialAction\":[{\"@type\":\"SearchAction\",\"target\":{\"@type\":\"EntryPoint\",\"urlTemplate\":\"https:\/\/mx.motorad.com\/de\/?s={search_term_string}\"},\"query-input\":{\"@type\":\"PropertyValueSpecification\",\"valueRequired\":true,\"valueName\":\"search_term_string\"}}],\"inLanguage\":\"de\"}]}<\/script>\n<!-- \/ Yoast SEO Premium plugin. -->","yoast_head_json":{"title":"NOCKENWELLEN-\/KURBELWELLENSENSOREN - MotoRad","description":"MotoRad - NOCKENWELLEN-\/KURBELWELLENSENSOREN","robots":{"index":"index","follow":"follow","max-snippet":"max-snippet:-1","max-image-preview":"max-image-preview:large","max-video-preview":"max-video-preview:-1"},"canonical":"https:\/\/mx.motorad.com\/de\/produkte\/antriebsstrangsteuerungen\/nockenwellen-kurbelwellensensoren\/","og_locale":"de_DE","og_type":"article","og_title":"NOCKENWELLEN-\/KURBELWELLENSENSOREN","og_description":"MotoRad - NOCKENWELLEN-\/KURBELWELLENSENSOREN","og_url":"https:\/\/mx.motorad.com\/de\/produkte\/antriebsstrangsteuerungen\/nockenwellen-kurbelwellensensoren\/","og_site_name":"MotoRad","article_modified_time":"2025-06-13T12:49:01+00:00","og_image":[{"width":500,"height":500,"url":"https:\/\/mx.motorad.com\/wp-content\/uploads\/2025\/04\/1CS106_Angle.jpg","type":"image\/jpeg"}],"twitter_card":"summary_large_image","twitter_misc":{"Est. reading time":"1\u00a0Minute"},"schema":{"@context":"https:\/\/schema.org","@graph":[{"@type":"WebPage","@id":"https:\/\/mx.motorad.com\/de\/produkte\/antriebsstrangsteuerungen\/nockenwellen-kurbelwellensensoren\/","url":"https:\/\/mx.motorad.com\/de\/produkte\/antriebsstrangsteuerungen\/nockenwellen-kurbelwellensensoren\/","name":"NOCKENWELLEN-\/KURBELWELLENSENSOREN - MotoRad","isPartOf":{"@id":"https:\/\/mx.motorad.com\/de\/#website"},"primaryImageOfPage":{"@id":"https:\/\/mx.motorad.com\/de\/produkte\/antriebsstrangsteuerungen\/nockenwellen-kurbelwellensensoren\/#primaryimage"},"image":{"@id":"https:\/\/mx.motorad.com\/de\/produkte\/antriebsstrangsteuerungen\/nockenwellen-kurbelwellensensoren\/#primaryimage"},"thumbnailUrl":"https:\/\/mx.motorad.com\/wp-content\/uploads\/2025\/04\/1CS106_Angle.jpg","datePublished":"2025-04-03T17:42:12+00:00","dateModified":"2025-06-13T12:49:01+00:00","description":"MotoRad - NOCKENWELLEN-\/KURBELWELLENSENSOREN","breadcrumb":{"@id":"https:\/\/mx.motorad.com\/de\/produkte\/antriebsstrangsteuerungen\/nockenwellen-kurbelwellensensoren\/#breadcrumb"},"inLanguage":"de","potentialAction":[{"@type":"ReadAction","target":["https:\/\/mx.motorad.com\/de\/produkte\/antriebsstrangsteuerungen\/nockenwellen-kurbelwellensensoren\/"]}]},{"@type":"ImageObject","inLanguage":"de","@id":"https:\/\/mx.motorad.com\/de\/produkte\/antriebsstrangsteuerungen\/nockenwellen-kurbelwellensensoren\/#primaryimage","url":"https:\/\/mx.motorad.com\/wp-content\/uploads\/2025\/04\/1CS106_Angle.jpg","contentUrl":"https:\/\/mx.motorad.com\/wp-content\/uploads\/2025\/04\/1CS106_Angle.jpg"},{"@type":"BreadcrumbList","@id":"https:\/\/mx.motorad.com\/de\/produkte\/antriebsstrangsteuerungen\/nockenwellen-kurbelwellensensoren\/#breadcrumb","itemListElement":[{"@type":"ListItem","position":1,"name":"Home","item":"https:\/\/mx.motorad.com\/de\/"},{"@type":"ListItem","position":2,"name":"Produkte","item":"https:\/\/motoradnew.test\/de\/produkte\/"},{"@type":"ListItem","position":3,"name":"Antriebsstrangsteuerungen","item":"https:\/\/mx.motorad.com\/de\/produkte\/antriebsstrangsteuerungen\/"},{"@type":"ListItem","position":4,"name":"NOCKENWELLEN-\/KURBELWELLENSENSOREN"}]},{"@type":"WebSite","@id":"https:\/\/mx.motorad.com\/de\/#website","url":"https:\/\/mx.motorad.com\/de\/","name":"MotoRad","description":"Trusted to Deliver Better - Thermal Management, Emissions, Powertrain Controls","potentialAction":[{"@type":"SearchAction","target":{"@type":"EntryPoint","urlTemplate":"https:\/\/mx.motorad.com\/de\/?s={search_term_string}"},"query-input":{"@type":"PropertyValueSpecification","valueRequired":true,"valueName":"search_term_string"}}],"inLanguage":"de"}]}},"_links":{"self":[{"href":"https:\/\/mx.motorad.com\/de\/wp-json\/wp\/v2\/pages\/5921","targetHints":{"allow":["GET"]}}],"collection":[{"href":"https:\/\/mx.motorad.com\/de\/wp-json\/wp\/v2\/pages"}],"about":[{"href":"https:\/\/mx.motorad.com\/de\/wp-json\/wp\/v2\/types\/page"}],"author":[{"embeddable":true,"href":"https:\/\/mx.motorad.com\/de\/wp-json\/wp\/v2\/users\/1"}],"replies":[{"embeddable":true,"href":"https:\/\/mx.motorad.com\/de\/wp-json\/wp\/v2\/comments?post=5921"}],"version-history":[{"count":1,"href":"https:\/\/mx.motorad.com\/de\/wp-json\/wp\/v2\/pages\/5921\/revisions"}],"predecessor-version":[{"id":5922,"href":"https:\/\/mx.motorad.com\/de\/wp-json\/wp\/v2\/pages\/5921\/revisions\/5922"}],"up":[{"embeddable":true,"href":"https:\/\/mx.motorad.com\/de\/wp-json\/wp\/v2\/pages\/5873"}],"wp:attachment":[{"href":"https:\/\/mx.motorad.com\/de\/wp-json\/wp\/v2\/media?parent=5921"}],"curies":[{"name":"wp","href":"https:\/\/api.w.org\/{rel}","templated":true}]}}