{"id":5934,"date":"2025-04-04T12:45:04","date_gmt":"2025-04-04T12:45:04","guid":{"rendered":"https:\/\/mx.motorad.com\/evap-system\/leckerkennungspumpen\/"},"modified":"2026-03-17T14:37:28","modified_gmt":"2026-03-17T14:37:28","slug":"leckerkennungspumpen","status":"publish","type":"page","link":"https:\/\/mx.motorad.com\/de\/produkte\/evap-system\/leckerkennungspumpen\/","title":{"rendered":"Lecksuchpumpen"},"content":{"rendered":"<h1 style=\"margin-top:var(--wp--preset--spacing--60);margin-bottom:var(--wp--preset--spacing--60);\" class=\"wp-block-post-title\">Lecksuchpumpen<\/h1>\n<div class=\"wp-block-columns is-layout-flex wp-container-core-columns-is-layout-9a01b68c wp-block-columns-is-layout-flex\">\n<div class=\"wp-block-column is-layout-flow wp-block-column-is-layout-flow\" style=\"flex-basis:33.33%\">\n<figure class=\"wp-block-image size-full\"><img loading=\"lazy\" decoding=\"async\" width=\"1536\" height=\"1536\" src=\"https:\/\/mx.motorad.com\/wp-content\/uploads\/2025\/04\/EVP0227_Angle-scaled-1-1536x1536-1.jpg\" alt=\"\" class=\"wp-image-4558\" srcset=\"https:\/\/mx.motorad.com\/wp-content\/uploads\/2025\/04\/EVP0227_Angle-scaled-1-1536x1536-1.jpg 1536w, https:\/\/mx.motorad.com\/wp-content\/uploads\/2025\/04\/EVP0227_Angle-scaled-1-1536x1536-1-300x300.jpg 300w, https:\/\/mx.motorad.com\/wp-content\/uploads\/2025\/04\/EVP0227_Angle-scaled-1-1536x1536-1-1024x1024.jpg 1024w, https:\/\/mx.motorad.com\/wp-content\/uploads\/2025\/04\/EVP0227_Angle-scaled-1-1536x1536-1-150x150.jpg 150w, https:\/\/mx.motorad.com\/wp-content\/uploads\/2025\/04\/EVP0227_Angle-scaled-1-1536x1536-1-768x768.jpg 768w\" sizes=\"auto, (max-width: 1536px) 100vw, 1536px\" \/><\/figure>\n<\/div>\n\n\n\n<div class=\"wp-block-column is-layout-flow wp-block-column-is-layout-flow\" style=\"flex-basis:66.66%\">\n<p style=\"margin-bottom:var(--wp--preset--spacing--30)\">Die Lecksuchpumpe ist eine zentrale Komponente im System zur Kontrolle der Verdunstungsemissionen (EVAP) eines Fahrzeugs und daf\u00fcr verantwortlich, Leckagen von Kraftstoffd\u00e4mpfen zu erkennen und zu melden. Durch das Beaufschlagen des EVAP-Systems mit Druck und die \u00dcberwachung m\u00f6glicher Druckabf\u00e4lle tr\u00e4gt die Lecksuchpumpe dazu bei, dass Kraftstoffd\u00e4mpfe eingeschlossen bleiben und zur Verbrennung in den Motor geleitet werden, anstatt in die Atmosph\u00e4re zu entweichen. Dieser Prozess ist nicht nur f\u00fcr die Einhaltung von Emissionsvorschriften entscheidend, sondern sch\u00fctzt auch die Umwelt, indem er die Verschmutzung reduziert.  <\/p>\n\n\n\n<p style=\"margin-bottom:var(--wp--preset--spacing--30)\">Eine hochwertige Ersatz-Lecksuchpumpe ist entscheidend f\u00fcr die Gesamtleistung und die Umweltbilanz des Fahrzeugs. Minderwertige Pumpen k\u00f6nnen Dampf-Leckagen ungenau erkennen, was zu unkontrollierten Emissionen f\u00fchren und m\u00f6glicherweise Warnleuchten im Kombiinstrument ausl\u00f6sen kann. Die Investition in eine gut verarbeitete, langlebige Pumpe stellt sicher, dass das Fahrzeug die Emissionsvorgaben einh\u00e4lt, tr\u00e4gt zur Verbesserung der Kraftstoffeffizienz bei und reduziert unn\u00f6tigen Verschlei\u00df an den Komponenten des EVAP-Systems. Die Wahl einer Premium-Ersatzpumpe unterst\u00fctzt den Umweltschutz, optimiert die Systemfunktionalit\u00e4t und sorgt f\u00fcr einen reibungslosen Fahrzeugbetrieb.   <\/p>\n<\/div>\n<\/div>\n\n<ul style=\"margin-top:var(--wp--preset--spacing--60);margin-bottom:var(--wp--preset--spacing--60)\" class=\"wp-block-list\">\n<li style=\"margin-bottom:var(--wp--preset--spacing--30)\">Die Pumpe spielt eine entscheidende Rolle bei der Erkennung von Leckagen im EVAP-System und verhindert, dass sch\u00e4dliche Kraftstoffd\u00e4mpfe in die Atmosph\u00e4re entweichen.<\/li>\n\n\n\n<li style=\"margin-bottom:var(--wp--preset--spacing--30)\">Ausgelegt zur Erzeugung eines pr\u00e4zisen Unterdrucks, um Leckagen zuverl\u00e4ssig zu identifizieren und die Fahrzeugleistung zu verbessern.<\/li>\n\n\n\n<li>Ausgestattet mit integrierten Sensoren, die die Druckwerte kontinuierlich \u00fcberwachen und so eine sofortige Erkennung von Leckagen oder Fehlfunktionen erm\u00f6glichen.<\/li>\n<\/ul>\n\n<hr class=\"wp-block-separator has-text-color has-palette-brand-3-color has-alpha-channel-opacity has-palette-brand-3-background-color has-background is-style-wide\" style=\"margin-top:var(--wp--preset--spacing--60);margin-bottom:var(--wp--preset--spacing--60)\"\/>\n\n<div class=\"wp-block-columns are-vertically-aligned-center is-layout-flex wp-container-core-columns-is-layout-f5a44f5b wp-block-columns-is-layout-flex\">\n<div class=\"wp-block-column is-vertically-aligned-center is-layout-flow wp-block-column-is-layout-flow\" style=\"flex-basis:33.33%\">\n<figure class=\"wp-block-image size-full\"><img loading=\"lazy\" decoding=\"async\" width=\"1200\" height=\"498\" src=\"https:\/\/mx.motorad.com\/wp-content\/uploads\/2025\/04\/24-evap-icon-1.jpg\" alt=\"\" class=\"wp-image-4518\" srcset=\"https:\/\/mx.motorad.com\/wp-content\/uploads\/2025\/04\/24-evap-icon-1.jpg 1200w, https:\/\/mx.motorad.com\/wp-content\/uploads\/2025\/04\/24-evap-icon-1-300x125.jpg 300w, https:\/\/mx.motorad.com\/wp-content\/uploads\/2025\/04\/24-evap-icon-1-1024x425.jpg 1024w, https:\/\/mx.motorad.com\/wp-content\/uploads\/2025\/04\/24-evap-icon-1-768x319.jpg 768w\" sizes=\"auto, (max-width: 1200px) 100vw, 1200px\" \/><\/figure>\n<\/div>\n\n\n\n<div class=\"wp-block-column is-vertically-aligned-center is-layout-flow wp-block-column-is-layout-flow\" style=\"flex-basis:66.66%\">\n<h2 class=\"wp-block-heading\" id=\"h-see-the-full-line-of-evap-system-products\"><a href=\"https:\/\/mx.motorad.com\/de\/produkte\/evap-system\/\">See the full line of EVAP System Products<\/a><\/h2>\n<\/div>\n<\/div>\n\n<div class=\"wp-block-cover alignfull is-light\" style=\"padding-top:var(--wp--preset--spacing--60);padding-bottom:var(--wp--preset--spacing--60)\"><span aria-hidden=\"true\" class=\"wp-block-cover__background has-background-dim-0 has-background-dim\" style=\"background-color:#ece5d9\"><\/span><img loading=\"lazy\" decoding=\"async\" width=\"1505\" height=\"305\" class=\"wp-block-cover__image-background wp-image-223\" alt=\"\" src=\"https:\/\/mx.motorad.com\/wp-content\/uploads\/2025\/03\/FooterCTA.jpg\" data-object-fit=\"cover\" srcset=\"https:\/\/mx.motorad.com\/wp-content\/uploads\/2025\/03\/FooterCTA.jpg 1505w, https:\/\/mx.motorad.com\/wp-content\/uploads\/2025\/03\/FooterCTA-300x61.jpg 300w, https:\/\/mx.motorad.com\/wp-content\/uploads\/2025\/03\/FooterCTA-1024x208.jpg 1024w, https:\/\/mx.motorad.com\/wp-content\/uploads\/2025\/03\/FooterCTA-768x156.jpg 768w\" sizes=\"auto, (max-width: 1505px) 100vw, 1505px\" \/><div class=\"wp-block-cover__inner-container is-layout-flow wp-block-cover-is-layout-flow\">\n<div class=\"wp-block-columns are-vertically-aligned-center is-layout-flex wp-container-core-columns-is-layout-cbe57604 wp-block-columns-is-layout-flex\">\n<div class=\"wp-block-column is-vertically-aligned-center is-layout-flow wp-block-column-is-layout-flow\" style=\"flex-basis:45%\">\n<h2 class=\"wp-block-heading has-text-align-center has-palette-text-color has-text-color\" id=\"h-need-help-finding-the-right-product\" style=\"margin-bottom:var(--wp--preset--spacing--40)\">Brauchen Sie Hilfe bei der Suche nach dem richtigen Produkt?<\/h2>\n\n\n\n<p class=\"has-text-align-center has-palette-text-color has-text-color\" style=\"margin-bottom:var(--wp--preset--spacing--50)\">Unser engagiertes Team ist hier, um Sie in die richtige Richtung zu lenken. Klicken Sie unten und lassen Sie uns wissen, wie wir Ihnen helfen k\u00f6nnen, das ideale Produkt f\u00fcr Ihren Bedarf zu finden. Ihre Reise zu BESSEREN Erfahrungen beginnt hier.  <\/p>\n\n\n\n<div class=\"wp-block-buttons is-content-justification-center is-layout-flex wp-container-core-buttons-is-layout-a89b3969 wp-block-buttons-is-layout-flex\">\n<div class=\"wp-block-button\"><a class=\"wp-block-button__link has-text-align-center wp-element-button\" href=\"https:\/\/mx.motorad.com\/contact\/need-help-finding-something\/\">Sprechen Sie mit einem MotoRad Spezialisten<\/a><\/div>\n<\/div>\n<\/div>\n\n\n\n<div class=\"wp-block-column is-layout-flow wp-block-column-is-layout-flow\" style=\"flex-basis:10%\"><\/div>\n\n\n\n<div class=\"wp-block-column is-layout-flow wp-block-column-is-layout-flow\" style=\"flex-basis:45%\">\n<h2 class=\"wp-block-heading has-text-align-center has-palette-text-color has-text-color\" id=\"h-looking-for-custom-development\" style=\"margin-bottom:var(--wp--preset--spacing--40)\">Suchen Sie eine individuelle Entwicklung?<\/h2>\n\n\n\n<p class=\"has-text-align-center has-palette-text-color has-text-color\" style=\"margin-bottom:var(--wp--preset--spacing--50)\">Bei uns geht es nicht nur um Produkte, sondern um ma\u00dfgeschneiderte L\u00f6sungen, die Ihren Bed\u00fcrfnissen entsprechen. Sind Sie bereit, Ihr neues Projekt zum Leben zu erwecken? Klicken Sie unten, und lassen Sie uns gemeinsam auf die Reise der individuellen Produktentwicklung gehen.  <\/p>\n\n\n\n<div class=\"wp-block-buttons is-content-justification-center is-layout-flex wp-container-core-buttons-is-layout-a89b3969 wp-block-buttons-is-layout-flex\">\n<div class=\"wp-block-button is-style-fill\"><a class=\"wp-block-button__link has-palette-bg-color has-palette-text-background-color has-text-color has-background has-text-align-center wp-element-button\" href=\"https:\/\/mx.motorad.com\/contact\/do-you-need-custom-development\/\">Wir m\u00f6chten Ihr Lieferant sein<\/a><\/div>\n<\/div>\n<\/div>\n<\/div>\n<\/div><\/div>\n","protected":false},"excerpt":{"rendered":"<p>Die Lecksuchpumpe ist eine zentrale Komponente im System zur Kontrolle der Verdunstungsemissionen (EVAP) eines Fahrzeugs und daf\u00fcr verantwortlich, Leckagen von [&#8230;]<\/p>\n","protected":false},"author":1,"featured_media":0,"parent":5833,"menu_order":0,"comment_status":"closed","ping_status":"closed","template":"","meta":{"_acf_changed":false,"footnotes":""},"class_list":["post-5934","page","type-page","status-publish","hentry"],"acf":[],"yoast_head":"<!-- This site is optimized with the Yoast SEO Premium plugin v27.2 (Yoast SEO v27.2) - https:\/\/yoast.com\/product\/yoast-seo-premium-wordpress\/ -->\n<title>Lecksuchpumpen - MotoRad<\/title>\n<meta name=\"description\" content=\"MotoRad - Lecksuchpumpen\" \/>\n<meta name=\"robots\" content=\"index, follow, max-snippet:-1, max-image-preview:large, max-video-preview:-1\" \/>\n<link rel=\"canonical\" href=\"https:\/\/mx.motorad.com\/de\/produkte\/evap-system\/leckerkennungspumpen\/\" \/>\n<meta property=\"og:locale\" content=\"de_DE\" \/>\n<meta property=\"og:type\" content=\"article\" \/>\n<meta property=\"og:title\" content=\"Lecksuchpumpen\" \/>\n<meta property=\"og:description\" content=\"MotoRad - Lecksuchpumpen\" \/>\n<meta property=\"og:url\" content=\"https:\/\/mx.motorad.com\/de\/produkte\/evap-system\/leckerkennungspumpen\/\" \/>\n<meta property=\"og:site_name\" content=\"MotoRad\" \/>\n<meta property=\"article:modified_time\" content=\"2026-03-17T14:37:28+00:00\" \/>\n<meta property=\"og:image\" content=\"https:\/\/mx.motorad.com\/wp-content\/uploads\/2025\/04\/EVP0227_Angle-scaled-1-1536x1536-1.jpg\" \/>\n\t<meta property=\"og:image:width\" content=\"1536\" \/>\n\t<meta property=\"og:image:height\" content=\"1536\" \/>\n\t<meta property=\"og:image:type\" content=\"image\/jpeg\" \/>\n<meta name=\"twitter:card\" content=\"summary_large_image\" \/>\n<meta name=\"twitter:label1\" content=\"Est. reading time\" \/>\n\t<meta name=\"twitter:data1\" content=\"1\u00a0Minute\" \/>\n<script type=\"application\/ld+json\" class=\"yoast-schema-graph\">{\"@context\":\"https:\/\/schema.org\",\"@graph\":[{\"@type\":\"WebPage\",\"@id\":\"https:\/\/mx.motorad.com\/de\/produkte\/evap-system\/leckerkennungspumpen\/\",\"url\":\"https:\/\/mx.motorad.com\/de\/produkte\/evap-system\/leckerkennungspumpen\/\",\"name\":\"Lecksuchpumpen - MotoRad\",\"isPartOf\":{\"@id\":\"https:\/\/mx.motorad.com\/de\/#website\"},\"primaryImageOfPage\":{\"@id\":\"https:\/\/mx.motorad.com\/de\/produkte\/evap-system\/leckerkennungspumpen\/#primaryimage\"},\"image\":{\"@id\":\"https:\/\/mx.motorad.com\/de\/produkte\/evap-system\/leckerkennungspumpen\/#primaryimage\"},\"thumbnailUrl\":\"https:\/\/mx.motorad.com\/wp-content\/uploads\/2025\/04\/EVP0227_Angle-scaled-1-1536x1536-1.jpg\",\"datePublished\":\"2025-04-04T12:45:04+00:00\",\"dateModified\":\"2026-03-17T14:37:28+00:00\",\"description\":\"MotoRad - Lecksuchpumpen\",\"breadcrumb\":{\"@id\":\"https:\/\/mx.motorad.com\/de\/produkte\/evap-system\/leckerkennungspumpen\/#breadcrumb\"},\"inLanguage\":\"de\",\"potentialAction\":[{\"@type\":\"ReadAction\",\"target\":[\"https:\/\/mx.motorad.com\/de\/produkte\/evap-system\/leckerkennungspumpen\/\"]}]},{\"@type\":\"ImageObject\",\"inLanguage\":\"de\",\"@id\":\"https:\/\/mx.motorad.com\/de\/produkte\/evap-system\/leckerkennungspumpen\/#primaryimage\",\"url\":\"https:\/\/mx.motorad.com\/wp-content\/uploads\/2025\/04\/EVP0227_Angle-scaled-1-1536x1536-1.jpg\",\"contentUrl\":\"https:\/\/mx.motorad.com\/wp-content\/uploads\/2025\/04\/EVP0227_Angle-scaled-1-1536x1536-1.jpg\"},{\"@type\":\"BreadcrumbList\",\"@id\":\"https:\/\/mx.motorad.com\/de\/produkte\/evap-system\/leckerkennungspumpen\/#breadcrumb\",\"itemListElement\":[{\"@type\":\"ListItem\",\"position\":1,\"name\":\"Home\",\"item\":\"https:\/\/mx.motorad.com\/de\/\"},{\"@type\":\"ListItem\",\"position\":2,\"name\":\"Produkte\",\"item\":\"https:\/\/motoradnew.test\/de\/produkte\/\"},{\"@type\":\"ListItem\",\"position\":3,\"name\":\"EVAP-System\",\"item\":\"https:\/\/mx.motorad.com\/de\/produkte\/evap-system\/\"},{\"@type\":\"ListItem\",\"position\":4,\"name\":\"Lecksuchpumpen\"}]},{\"@type\":\"WebSite\",\"@id\":\"https:\/\/mx.motorad.com\/de\/#website\",\"url\":\"https:\/\/mx.motorad.com\/de\/\",\"name\":\"MotoRad\",\"description\":\"Trusted to Deliver Better - Thermal Management, Emissions, Powertrain Controls\",\"potentialAction\":[{\"@type\":\"SearchAction\",\"target\":{\"@type\":\"EntryPoint\",\"urlTemplate\":\"https:\/\/mx.motorad.com\/de\/?s={search_term_string}\"},\"query-input\":{\"@type\":\"PropertyValueSpecification\",\"valueRequired\":true,\"valueName\":\"search_term_string\"}}],\"inLanguage\":\"de\"}]}<\/script>\n<!-- \/ Yoast SEO Premium plugin. -->","yoast_head_json":{"title":"Lecksuchpumpen - MotoRad","description":"MotoRad - Lecksuchpumpen","robots":{"index":"index","follow":"follow","max-snippet":"max-snippet:-1","max-image-preview":"max-image-preview:large","max-video-preview":"max-video-preview:-1"},"canonical":"https:\/\/mx.motorad.com\/de\/produkte\/evap-system\/leckerkennungspumpen\/","og_locale":"de_DE","og_type":"article","og_title":"Lecksuchpumpen","og_description":"MotoRad - Lecksuchpumpen","og_url":"https:\/\/mx.motorad.com\/de\/produkte\/evap-system\/leckerkennungspumpen\/","og_site_name":"MotoRad","article_modified_time":"2026-03-17T14:37:28+00:00","og_image":[{"width":1536,"height":1536,"url":"https:\/\/mx.motorad.com\/wp-content\/uploads\/2025\/04\/EVP0227_Angle-scaled-1-1536x1536-1.jpg","type":"image\/jpeg"}],"twitter_card":"summary_large_image","twitter_misc":{"Est. reading time":"1\u00a0Minute"},"schema":{"@context":"https:\/\/schema.org","@graph":[{"@type":"WebPage","@id":"https:\/\/mx.motorad.com\/de\/produkte\/evap-system\/leckerkennungspumpen\/","url":"https:\/\/mx.motorad.com\/de\/produkte\/evap-system\/leckerkennungspumpen\/","name":"Lecksuchpumpen - MotoRad","isPartOf":{"@id":"https:\/\/mx.motorad.com\/de\/#website"},"primaryImageOfPage":{"@id":"https:\/\/mx.motorad.com\/de\/produkte\/evap-system\/leckerkennungspumpen\/#primaryimage"},"image":{"@id":"https:\/\/mx.motorad.com\/de\/produkte\/evap-system\/leckerkennungspumpen\/#primaryimage"},"thumbnailUrl":"https:\/\/mx.motorad.com\/wp-content\/uploads\/2025\/04\/EVP0227_Angle-scaled-1-1536x1536-1.jpg","datePublished":"2025-04-04T12:45:04+00:00","dateModified":"2026-03-17T14:37:28+00:00","description":"MotoRad - Lecksuchpumpen","breadcrumb":{"@id":"https:\/\/mx.motorad.com\/de\/produkte\/evap-system\/leckerkennungspumpen\/#breadcrumb"},"inLanguage":"de","potentialAction":[{"@type":"ReadAction","target":["https:\/\/mx.motorad.com\/de\/produkte\/evap-system\/leckerkennungspumpen\/"]}]},{"@type":"ImageObject","inLanguage":"de","@id":"https:\/\/mx.motorad.com\/de\/produkte\/evap-system\/leckerkennungspumpen\/#primaryimage","url":"https:\/\/mx.motorad.com\/wp-content\/uploads\/2025\/04\/EVP0227_Angle-scaled-1-1536x1536-1.jpg","contentUrl":"https:\/\/mx.motorad.com\/wp-content\/uploads\/2025\/04\/EVP0227_Angle-scaled-1-1536x1536-1.jpg"},{"@type":"BreadcrumbList","@id":"https:\/\/mx.motorad.com\/de\/produkte\/evap-system\/leckerkennungspumpen\/#breadcrumb","itemListElement":[{"@type":"ListItem","position":1,"name":"Home","item":"https:\/\/mx.motorad.com\/de\/"},{"@type":"ListItem","position":2,"name":"Produkte","item":"https:\/\/motoradnew.test\/de\/produkte\/"},{"@type":"ListItem","position":3,"name":"EVAP-System","item":"https:\/\/mx.motorad.com\/de\/produkte\/evap-system\/"},{"@type":"ListItem","position":4,"name":"Lecksuchpumpen"}]},{"@type":"WebSite","@id":"https:\/\/mx.motorad.com\/de\/#website","url":"https:\/\/mx.motorad.com\/de\/","name":"MotoRad","description":"Trusted to Deliver Better - Thermal Management, Emissions, Powertrain Controls","potentialAction":[{"@type":"SearchAction","target":{"@type":"EntryPoint","urlTemplate":"https:\/\/mx.motorad.com\/de\/?s={search_term_string}"},"query-input":{"@type":"PropertyValueSpecification","valueRequired":true,"valueName":"search_term_string"}}],"inLanguage":"de"}]}},"_links":{"self":[{"href":"https:\/\/mx.motorad.com\/de\/wp-json\/wp\/v2\/pages\/5934","targetHints":{"allow":["GET"]}}],"collection":[{"href":"https:\/\/mx.motorad.com\/de\/wp-json\/wp\/v2\/pages"}],"about":[{"href":"https:\/\/mx.motorad.com\/de\/wp-json\/wp\/v2\/types\/page"}],"author":[{"embeddable":true,"href":"https:\/\/mx.motorad.com\/de\/wp-json\/wp\/v2\/users\/1"}],"replies":[{"embeddable":true,"href":"https:\/\/mx.motorad.com\/de\/wp-json\/wp\/v2\/comments?post=5934"}],"version-history":[{"count":5,"href":"https:\/\/mx.motorad.com\/de\/wp-json\/wp\/v2\/pages\/5934\/revisions"}],"predecessor-version":[{"id":87903,"href":"https:\/\/mx.motorad.com\/de\/wp-json\/wp\/v2\/pages\/5934\/revisions\/87903"}],"up":[{"embeddable":true,"href":"https:\/\/mx.motorad.com\/de\/wp-json\/wp\/v2\/pages\/5833"}],"wp:attachment":[{"href":"https:\/\/mx.motorad.com\/de\/wp-json\/wp\/v2\/media?parent=5934"}],"curies":[{"name":"wp","href":"https:\/\/api.w.org\/{rel}","templated":true}]}}