{"id":6006,"date":"2025-04-03T16:11:33","date_gmt":"2025-04-03T16:11:33","guid":{"rendered":"https:\/\/mx.motorad.com\/spec-r\/"},"modified":"2026-03-17T14:05:30","modified_gmt":"2026-03-17T14:05:30","slug":"spec-r","status":"publish","type":"page","link":"https:\/\/mx.motorad.com\/de\/spec-r\/","title":{"rendered":"spec-r"},"content":{"rendered":"\n<div class=\"wp-block-cover alignfull is-light is-style-default\" style=\"margin-top:0;margin-bottom:var(--wp--preset--spacing--60);padding-top:0;padding-right:0;padding-bottom:0;padding-left:0;min-height:474px;aspect-ratio:unset;\"><img loading=\"lazy\" decoding=\"async\" width=\"1800\" height=\"692\" class=\"wp-block-cover__image-background wp-image-3587\" alt=\"\" src=\"https:\/\/mx.motorad.com\/wp-content\/uploads\/2025\/04\/trackfade.jpg\" data-object-fit=\"cover\" srcset=\"https:\/\/mx.motorad.com\/wp-content\/uploads\/2025\/04\/trackfade.jpg 1800w, https:\/\/mx.motorad.com\/wp-content\/uploads\/2025\/04\/trackfade-300x115.jpg 300w, https:\/\/mx.motorad.com\/wp-content\/uploads\/2025\/04\/trackfade-1024x394.jpg 1024w, https:\/\/mx.motorad.com\/wp-content\/uploads\/2025\/04\/trackfade-768x295.jpg 768w, https:\/\/mx.motorad.com\/wp-content\/uploads\/2025\/04\/trackfade-1536x591.jpg 1536w\" sizes=\"auto, (max-width: 1800px) 100vw, 1800px\" \/><span aria-hidden=\"true\" class=\"wp-block-cover__background has-palette-bg-background-color has-background-dim-0 has-background-dim\"><\/span><div class=\"wp-block-cover__inner-container is-layout-flow wp-block-cover-is-layout-flow\">\n<div class=\"wp-block-columns is-not-stacked-on-mobile is-layout-flex wp-container-core-columns-is-layout-63c0096e wp-block-columns-is-layout-flex\" style=\"margin-top:0;margin-bottom:0;padding-top:0;padding-right:0;padding-bottom:0;padding-left:0\">\n<div class=\"wp-block-column is-vertically-aligned-top is-layout-flow wp-block-column-is-layout-flow\" style=\"flex-basis:33.3%\"><\/div>\n\n\n\n<div class=\"wp-block-column is-layout-flow wp-block-column-is-layout-flow\" style=\"flex-basis:66.6%\">\n<figure class=\"wp-block-image size-full is-resized\"><img loading=\"lazy\" decoding=\"async\" width=\"1200\" height=\"576\" src=\"https:\/\/mx.motorad.com\/wp-content\/uploads\/2025\/04\/spec-r-800p.webp\" alt=\"\" class=\"wp-image-3566\" style=\"width:616px;height:auto\" srcset=\"https:\/\/mx.motorad.com\/wp-content\/uploads\/2025\/04\/spec-r-800p.webp 1200w, https:\/\/mx.motorad.com\/wp-content\/uploads\/2025\/04\/spec-r-800p-300x144.webp 300w, https:\/\/mx.motorad.com\/wp-content\/uploads\/2025\/04\/spec-r-800p-1024x492.webp 1024w, https:\/\/mx.motorad.com\/wp-content\/uploads\/2025\/04\/spec-r-800p-768x369.webp 768w\" sizes=\"auto, (max-width: 1200px) 100vw, 1200px\" \/><\/figure>\n<\/div>\n<\/div>\n<\/div><\/div>\n\n<h2 class=\"wp-block-heading\" id=\"h-the-perfect-solutions-for-high-performance-and-racing-applications-designed-to-withstand-high-pressure-horsepower-demands\" style=\"margin-bottom:var(--wp--preset--spacing--50)\"><strong>Die perfekten L\u00f6sungen f\u00fcr Hochleistungs- und Rennsportanwendungen, entwickelt, um hohen Druck-\/Leistungsanforderungen standzuhalten.<\/strong><\/h2>\n\n<div class=\"wp-block-columns is-not-stacked-on-mobile is-layout-flex wp-container-core-columns-is-layout-d07913d3 wp-block-columns-is-layout-flex\" style=\"margin-bottom:var(--wp--preset--spacing--60)\">\n<div class=\"wp-block-column is-layout-flow wp-block-column-is-layout-flow\">\n<p style=\"margin-bottom:var(--wp--preset--spacing--20)\">Wenn es darum geht, Grenzen zu \u00fcberschreiten und zu <em>gewinnen<\/em>, z\u00e4hlt jedes Detail.<\/p>\n\n\n\n<p style=\"margin-bottom:var(--wp--preset--spacing--20)\">MotoRads Spec-R Thermostate und K\u00fchlerdeckel wurden speziell f\u00fcr die Anforderungen des Hochleistungsrennsports entwickelt. Mit fortschrittlichen Materialien und einzigartigen Designs bieten diese Komponenten die Zuverl\u00e4ssigkeit und das Vertrauen, die den entscheidenden Unterschied ausmachen k\u00f6nnen, um die Zielflagge zu erreichen. <\/p>\n<\/div>\n\n\n\n<div class=\"wp-block-column is-layout-flow wp-block-column-is-layout-flow\">\n<h2 class=\"wp-block-heading has-text-align-center has-palette-interactive-color has-text-color has-link-color wp-elements-c822493f28c2e3cec42a1d6b427b1eb6\" id=\"h-racing-thermostats\" style=\"margin-bottom:var(--wp--preset--spacing--30)\"><em><a href=\"https:\/\/mx.motorad.com\/de\/spec-r\/motorad-spec-r-rennthermostaten\/\">Racing Thermostats<\/a><\/em><\/h2>\n\n\n\n<figure class=\"wp-block-image size-full\"><a href=\"https:\/\/mx.motorad.com\/de\/spec-r\/motorad-spec-r-rennthermostaten\/\"><img loading=\"lazy\" decoding=\"async\" width=\"2560\" height=\"2560\" src=\"https:\/\/mx.motorad.com\/wp-content\/uploads\/2025\/04\/24-spec-r-sample_BACK-scaled-1.jpg\" alt=\"\" class=\"wp-image-3559\" srcset=\"https:\/\/mx.motorad.com\/wp-content\/uploads\/2025\/04\/24-spec-r-sample_BACK-scaled-1.jpg 2560w, https:\/\/mx.motorad.com\/wp-content\/uploads\/2025\/04\/24-spec-r-sample_BACK-scaled-1-300x300.jpg 300w, https:\/\/mx.motorad.com\/wp-content\/uploads\/2025\/04\/24-spec-r-sample_BACK-scaled-1-1024x1024.jpg 1024w, https:\/\/mx.motorad.com\/wp-content\/uploads\/2025\/04\/24-spec-r-sample_BACK-scaled-1-150x150.jpg 150w, https:\/\/mx.motorad.com\/wp-content\/uploads\/2025\/04\/24-spec-r-sample_BACK-scaled-1-768x768.jpg 768w, https:\/\/mx.motorad.com\/wp-content\/uploads\/2025\/04\/24-spec-r-sample_BACK-scaled-1-1536x1536.jpg 1536w, https:\/\/mx.motorad.com\/wp-content\/uploads\/2025\/04\/24-spec-r-sample_BACK-scaled-1-2048x2048.jpg 2048w\" sizes=\"auto, (max-width: 2560px) 100vw, 2560px\" \/><\/a><\/figure>\n<\/div>\n\n\n\n<div class=\"wp-block-column is-layout-flow wp-block-column-is-layout-flow\">\n<h2 class=\"wp-block-heading has-text-align-center has-palette-interactive-color has-text-color has-link-color wp-elements-a5ef10a4bf818412b27638bf896497b2\" id=\"h-racing-radiator-caps\" style=\"margin-bottom:var(--wp--preset--spacing--30)\"><em><a href=\"https:\/\/mx.motorad.com\/de\/spec-r\/motorad-spec-r-rennkuehlerdeckel\/\">Racing Radiator Caps<\/a><\/em><\/h2>\n\n\n\n<figure class=\"wp-block-image size-full\"><a href=\"https:\/\/mx.motorad.com\/de\/spec-r\/motorad-spec-r-rennkuehlerdeckel\/\"><img loading=\"lazy\" decoding=\"async\" width=\"1200\" height=\"1200\" src=\"https:\/\/mx.motorad.com\/wp-content\/uploads\/2025\/04\/spec-r-hex-cap.jpg\" alt=\"\" class=\"wp-image-3580\" srcset=\"https:\/\/mx.motorad.com\/wp-content\/uploads\/2025\/04\/spec-r-hex-cap.jpg 1200w, https:\/\/mx.motorad.com\/wp-content\/uploads\/2025\/04\/spec-r-hex-cap-300x300.jpg 300w, https:\/\/mx.motorad.com\/wp-content\/uploads\/2025\/04\/spec-r-hex-cap-1024x1024.jpg 1024w, https:\/\/mx.motorad.com\/wp-content\/uploads\/2025\/04\/spec-r-hex-cap-150x150.jpg 150w, https:\/\/mx.motorad.com\/wp-content\/uploads\/2025\/04\/spec-r-hex-cap-768x768.jpg 768w\" sizes=\"auto, (max-width: 1200px) 100vw, 1200px\" \/><\/a><\/figure>\n<\/div>\n<\/div>\n\n<div class=\"wp-block-cover alignfull is-light\" style=\"margin-bottom:var(--wp--preset--spacing--60);min-height:500px;aspect-ratio:unset;\"><img loading=\"lazy\" decoding=\"async\" width=\"1200\" height=\"577\" class=\"wp-block-cover__image-background wp-image-3573\" alt=\"\" src=\"https:\/\/mx.motorad.com\/wp-content\/uploads\/2025\/04\/spec-r-back.jpg\" style=\"object-position:49% 87%\" data-object-fit=\"cover\" data-object-position=\"49% 87%\" srcset=\"https:\/\/mx.motorad.com\/wp-content\/uploads\/2025\/04\/spec-r-back.jpg 1200w, https:\/\/mx.motorad.com\/wp-content\/uploads\/2025\/04\/spec-r-back-300x144.jpg 300w, https:\/\/mx.motorad.com\/wp-content\/uploads\/2025\/04\/spec-r-back-1024x492.jpg 1024w, https:\/\/mx.motorad.com\/wp-content\/uploads\/2025\/04\/spec-r-back-768x369.jpg 768w\" sizes=\"auto, (max-width: 1200px) 100vw, 1200px\" \/><span aria-hidden=\"true\" class=\"wp-block-cover__background has-background-dim-0 has-background-dim\" style=\"background-color:#929192\"><\/span><div class=\"wp-block-cover__inner-container is-layout-flow wp-block-cover-is-layout-flow\">\n<div style=\"height:75px\" aria-hidden=\"true\" class=\"wp-block-spacer\"><\/div>\n\n\n\n<p class=\"has-text-align-center is-style-default has-palette-bg-color has-palette-interactive-background-color has-text-color has-background\"><strong>Jedes MotoRad-Produkt wird streng auf seine vorgesehene Verwendung getestet, um eine \u00fcberragende Leistung zu gew\u00e4hrleisten. <br\/>Unser Spec-R-Programm ist einzigartig in seinem Fokus auf spezifische Anforderungen f\u00fcr den Hochleistungsrennsport.<\/strong><\/p>\n\n\n\n<div style=\"height:100px\" aria-hidden=\"true\" class=\"wp-block-spacer\"><\/div>\n<\/div><\/div>\n\n<p class=\"has-text-align-center\" style=\"margin-bottom:var(--wp--preset--spacing--60)\">Hochleistungsmotoren erfordern spezielle Komponenten, um extremen Bedingungen auf der Rennstrecke standzuhalten. MotoRads Spec-R Thermostate und K\u00fchlerdeckel wurden speziell f\u00fcr diese Anforderungen entwickelt und verwenden fortschrittliche Materialien und pr\u00e4zise Technik, die unter Druck unersch\u00fctterliche Zuverl\u00e4ssigkeit bieten. Speziell f\u00fcr Rennsportanwendungen entwickelt, geben MotoRad-Produkte Rennfahrern den entscheidenden Vorteil, den sie ben\u00f6tigen, um ihre Motoren k\u00fchl zu halten und Spitzenleistungen zu erbringen \u2013 und so sicherzustellen, dass jede Runde zum Sieg z\u00e4hlt.  <\/p>\n\n<div class=\"wp-block-columns is-layout-flex wp-container-core-columns-is-layout-d109dad4 wp-block-columns-is-layout-flex\" style=\"margin-top:var(--wp--preset--spacing--20);margin-bottom:var(--wp--preset--spacing--60);padding-right:var(--wp--preset--spacing--80);padding-left:var(--wp--preset--spacing--80)\">\n<div class=\"wp-block-column is-layout-flow wp-block-column-is-layout-flow\">\n<figure class=\"wp-block-image aligncenter size-full is-resized\"><img loading=\"lazy\" decoding=\"async\" width=\"2560\" height=\"2560\" src=\"https:\/\/mx.motorad.com\/wp-content\/uploads\/2025\/04\/24-spec-r-sample_BACK-scaled-1.jpg\" alt=\"\" class=\"wp-image-3559\" style=\"width:200px\" srcset=\"https:\/\/mx.motorad.com\/wp-content\/uploads\/2025\/04\/24-spec-r-sample_BACK-scaled-1.jpg 2560w, https:\/\/mx.motorad.com\/wp-content\/uploads\/2025\/04\/24-spec-r-sample_BACK-scaled-1-300x300.jpg 300w, https:\/\/mx.motorad.com\/wp-content\/uploads\/2025\/04\/24-spec-r-sample_BACK-scaled-1-1024x1024.jpg 1024w, https:\/\/mx.motorad.com\/wp-content\/uploads\/2025\/04\/24-spec-r-sample_BACK-scaled-1-150x150.jpg 150w, https:\/\/mx.motorad.com\/wp-content\/uploads\/2025\/04\/24-spec-r-sample_BACK-scaled-1-768x768.jpg 768w, https:\/\/mx.motorad.com\/wp-content\/uploads\/2025\/04\/24-spec-r-sample_BACK-scaled-1-1536x1536.jpg 1536w, https:\/\/mx.motorad.com\/wp-content\/uploads\/2025\/04\/24-spec-r-sample_BACK-scaled-1-2048x2048.jpg 2048w\" sizes=\"auto, (max-width: 2560px) 100vw, 2560px\" \/><\/figure>\n\n\n\n<div class=\"wp-block-buttons is-content-justification-center is-layout-flex wp-container-core-buttons-is-layout-a89b3969 wp-block-buttons-is-layout-flex\">\n<div class=\"wp-block-button\"><a class=\"wp-block-button__link has-text-align-center wp-element-button\" href=\"https:\/\/mx.motorad.com\/de\/spec-r\/motorad-spec-r-rennthermostaten\/\">Weitere Informationen zu Rennsport-Thermostaten<\/a><\/div>\n<\/div>\n<\/div>\n\n\n\n<div class=\"wp-block-column is-layout-flow wp-block-column-is-layout-flow\">\n<figure class=\"wp-block-image aligncenter size-medium is-resized\"><img loading=\"lazy\" decoding=\"async\" width=\"300\" height=\"300\" src=\"https:\/\/mx.motorad.com\/wp-content\/uploads\/2025\/04\/spec-r-hex-cap-300x300.jpg\" alt=\"\" class=\"wp-image-3580\" style=\"width:200px\" srcset=\"https:\/\/mx.motorad.com\/wp-content\/uploads\/2025\/04\/spec-r-hex-cap-300x300.jpg 300w, https:\/\/mx.motorad.com\/wp-content\/uploads\/2025\/04\/spec-r-hex-cap-1024x1024.jpg 1024w, https:\/\/mx.motorad.com\/wp-content\/uploads\/2025\/04\/spec-r-hex-cap-150x150.jpg 150w, https:\/\/mx.motorad.com\/wp-content\/uploads\/2025\/04\/spec-r-hex-cap-768x768.jpg 768w, https:\/\/mx.motorad.com\/wp-content\/uploads\/2025\/04\/spec-r-hex-cap.jpg 1200w\" sizes=\"auto, (max-width: 300px) 100vw, 300px\" \/><\/figure>\n\n\n\n<div class=\"wp-block-buttons is-content-justification-center is-layout-flex wp-container-core-buttons-is-layout-a89b3969 wp-block-buttons-is-layout-flex\">\n<div class=\"wp-block-button\"><a class=\"wp-block-button__link has-text-align-center wp-element-button\" href=\"https:\/\/mx.motorad.com\/de\/spec-r\/motorad-spec-r-rennkuehlerdeckel\/\">Weitere Informationen zu Rennsport-K\u00fchlerdeckeln<\/a><\/div>\n<\/div>\n<\/div>\n<\/div>\n\n<h3 class=\"wp-block-heading\" id=\"h-want-to-buy-a-motorad-spec-r-thermostat-or-radiator-cap\" style=\"margin-bottom:var(--wp--preset--spacing--40)\">M\u00f6chten Sie einen MotoRad Spec-R Thermostat oder K\u00fchlerdeckel kaufen?<\/h3>\n\n<p style=\"margin-bottom:var(--wp--preset--spacing--60)\">Wenn Sie ein Rennfahrer sind, der kaufen m\u00f6chte, oder ein H\u00e4ndler\/Vertriebspartner\/Motorenbauer, der Informationen zum Kauf w\u00fcnscht, kontaktieren Sie uns bitte:<\/p>\n\n<div class=\"wp-block-group is-layout-constrained wp-block-group-is-layout-constrained\" style=\"margin-bottom:var(--wp--preset--spacing--70)\">\n<iframe loading=\"lazy\" src=\"https:\/\/go.motorad.com\/l\/846063\/2024-10-28\/2k6gr5\" width=\"100%\" height=\"800\" type=\"text\/html\" frameborder=\"0\" allowtransparency=\"true\" style=\"border: 0\"><\/iframe>\n<\/div>\n\n<div class=\"wp-block-cover alignfull is-light\" style=\"padding-top:var(--wp--preset--spacing--60);padding-bottom:var(--wp--preset--spacing--60)\"><span aria-hidden=\"true\" class=\"wp-block-cover__background has-background-dim-0 has-background-dim\" style=\"background-color:#ece5d9\"><\/span><img loading=\"lazy\" decoding=\"async\" width=\"1505\" height=\"305\" class=\"wp-block-cover__image-background wp-image-223\" alt=\"\" src=\"https:\/\/mx.motorad.com\/wp-content\/uploads\/2025\/03\/FooterCTA.jpg\" data-object-fit=\"cover\" srcset=\"https:\/\/mx.motorad.com\/wp-content\/uploads\/2025\/03\/FooterCTA.jpg 1505w, https:\/\/mx.motorad.com\/wp-content\/uploads\/2025\/03\/FooterCTA-300x61.jpg 300w, https:\/\/mx.motorad.com\/wp-content\/uploads\/2025\/03\/FooterCTA-1024x208.jpg 1024w, https:\/\/mx.motorad.com\/wp-content\/uploads\/2025\/03\/FooterCTA-768x156.jpg 768w\" sizes=\"auto, (max-width: 1505px) 100vw, 1505px\" \/><div class=\"wp-block-cover__inner-container is-layout-flow wp-block-cover-is-layout-flow\">\n<div class=\"wp-block-columns are-vertically-aligned-center is-layout-flex wp-container-core-columns-is-layout-cbe57604 wp-block-columns-is-layout-flex\">\n<div class=\"wp-block-column is-vertically-aligned-center is-layout-flow wp-block-column-is-layout-flow\" style=\"flex-basis:45%\">\n<h2 class=\"wp-block-heading has-text-align-center has-palette-text-color has-text-color\" id=\"h-need-help-finding-the-right-product\" style=\"margin-bottom:var(--wp--preset--spacing--40)\">Brauchen Sie Hilfe bei der Suche nach dem richtigen Produkt?<\/h2>\n\n\n\n<p class=\"has-text-align-center has-palette-text-color has-text-color\" style=\"margin-bottom:var(--wp--preset--spacing--50)\">Unser engagiertes Team ist hier, um Sie in die richtige Richtung zu lenken. Klicken Sie unten und lassen Sie uns wissen, wie wir Ihnen helfen k\u00f6nnen, das ideale Produkt f\u00fcr Ihren Bedarf zu finden. Ihre Reise zu BESSEREN Erfahrungen beginnt hier.  <\/p>\n\n\n\n<div class=\"wp-block-buttons is-content-justification-center is-layout-flex wp-container-core-buttons-is-layout-a89b3969 wp-block-buttons-is-layout-flex\">\n<div class=\"wp-block-button\"><a class=\"wp-block-button__link has-text-align-center wp-element-button\" href=\"https:\/\/mx.motorad.com\/contact\/need-help-finding-something\/\">Sprechen Sie mit einem MotoRad Spezialisten<\/a><\/div>\n<\/div>\n<\/div>\n\n\n\n<div class=\"wp-block-column is-layout-flow wp-block-column-is-layout-flow\" style=\"flex-basis:10%\"><\/div>\n\n\n\n<div class=\"wp-block-column is-layout-flow wp-block-column-is-layout-flow\" style=\"flex-basis:45%\">\n<h2 class=\"wp-block-heading has-text-align-center has-palette-text-color has-text-color\" id=\"h-looking-for-custom-development\" style=\"margin-bottom:var(--wp--preset--spacing--40)\">Suchen Sie eine individuelle Entwicklung?<\/h2>\n\n\n\n<p class=\"has-text-align-center has-palette-text-color has-text-color\" style=\"margin-bottom:var(--wp--preset--spacing--50)\">Bei uns geht es nicht nur um Produkte, sondern um ma\u00dfgeschneiderte L\u00f6sungen, die Ihren Bed\u00fcrfnissen entsprechen. Sind Sie bereit, Ihr neues Projekt zum Leben zu erwecken? Klicken Sie unten, und lassen Sie uns gemeinsam auf die Reise der individuellen Produktentwicklung gehen.  <\/p>\n\n\n\n<div class=\"wp-block-buttons is-content-justification-center is-layout-flex wp-container-core-buttons-is-layout-a89b3969 wp-block-buttons-is-layout-flex\">\n<div class=\"wp-block-button is-style-fill\"><a class=\"wp-block-button__link has-palette-bg-color has-palette-text-background-color has-text-color has-background has-text-align-center wp-element-button\" href=\"https:\/\/mx.motorad.com\/contact\/do-you-need-custom-development\/\">Wir m\u00f6chten Ihr Lieferant sein<\/a><\/div>\n<\/div>\n<\/div>\n<\/div>\n<\/div><\/div>\n","protected":false},"excerpt":{"rendered":"<p>Die perfekten L\u00f6sungen f\u00fcr Hochleistungs- und Rennsportanwendungen, entwickelt, um hohen Druck-\/Leistungsanforderungen standzuhalten. Wenn es darum geht, Grenzen zu \u00fcberschreiten und [&#8230;]<\/p>\n","protected":false},"author":1,"featured_media":0,"parent":0,"menu_order":0,"comment_status":"closed","ping_status":"closed","template":"","meta":{"_acf_changed":false,"footnotes":""},"class_list":["post-6006","page","type-page","status-publish","hentry"],"acf":[],"yoast_head":"<!-- This site is optimized with the Yoast SEO Premium plugin v27.2 (Yoast SEO v27.2) - https:\/\/yoast.com\/product\/yoast-seo-premium-wordpress\/ -->\n<title>spec-r - MotoRad<\/title>\n<meta name=\"description\" content=\"MotoRad - spec-r\" \/>\n<meta name=\"robots\" content=\"index, follow, max-snippet:-1, max-image-preview:large, max-video-preview:-1\" \/>\n<link rel=\"canonical\" href=\"https:\/\/mx.motorad.com\/de\/spec-r\/\" \/>\n<meta property=\"og:locale\" content=\"de_DE\" \/>\n<meta property=\"og:type\" content=\"article\" \/>\n<meta property=\"og:title\" content=\"spec-r\" \/>\n<meta property=\"og:description\" content=\"MotoRad - spec-r\" \/>\n<meta property=\"og:url\" content=\"https:\/\/mx.motorad.com\/de\/spec-r\/\" \/>\n<meta property=\"og:site_name\" content=\"MotoRad\" \/>\n<meta property=\"article:modified_time\" content=\"2026-03-17T14:05:30+00:00\" \/>\n<meta property=\"og:image\" content=\"https:\/\/mx.motorad.com\/wp-content\/uploads\/2025\/04\/trackfade.jpg\" \/>\n\t<meta property=\"og:image:width\" content=\"1800\" \/>\n\t<meta property=\"og:image:height\" content=\"692\" \/>\n\t<meta property=\"og:image:type\" content=\"image\/jpeg\" \/>\n<meta name=\"twitter:card\" content=\"summary_large_image\" \/>\n<meta name=\"twitter:label1\" content=\"Est. reading time\" \/>\n\t<meta name=\"twitter:data1\" content=\"1\u00a0Minute\" \/>\n<script type=\"application\/ld+json\" class=\"yoast-schema-graph\">{\"@context\":\"https:\/\/schema.org\",\"@graph\":[{\"@type\":\"WebPage\",\"@id\":\"https:\/\/mx.motorad.com\/de\/spec-r\/\",\"url\":\"https:\/\/mx.motorad.com\/de\/spec-r\/\",\"name\":\"spec-r - MotoRad\",\"isPartOf\":{\"@id\":\"https:\/\/mx.motorad.com\/de\/#website\"},\"primaryImageOfPage\":{\"@id\":\"https:\/\/mx.motorad.com\/de\/spec-r\/#primaryimage\"},\"image\":{\"@id\":\"https:\/\/mx.motorad.com\/de\/spec-r\/#primaryimage\"},\"thumbnailUrl\":\"https:\/\/mx.motorad.com\/wp-content\/uploads\/2025\/04\/trackfade.jpg\",\"datePublished\":\"2025-04-03T16:11:33+00:00\",\"dateModified\":\"2026-03-17T14:05:30+00:00\",\"description\":\"MotoRad - spec-r\",\"breadcrumb\":{\"@id\":\"https:\/\/mx.motorad.com\/de\/spec-r\/#breadcrumb\"},\"inLanguage\":\"de\",\"potentialAction\":[{\"@type\":\"ReadAction\",\"target\":[\"https:\/\/mx.motorad.com\/de\/spec-r\/\"]}]},{\"@type\":\"ImageObject\",\"inLanguage\":\"de\",\"@id\":\"https:\/\/mx.motorad.com\/de\/spec-r\/#primaryimage\",\"url\":\"https:\/\/mx.motorad.com\/wp-content\/uploads\/2025\/04\/trackfade.jpg\",\"contentUrl\":\"https:\/\/mx.motorad.com\/wp-content\/uploads\/2025\/04\/trackfade.jpg\"},{\"@type\":\"BreadcrumbList\",\"@id\":\"https:\/\/mx.motorad.com\/de\/spec-r\/#breadcrumb\",\"itemListElement\":[{\"@type\":\"ListItem\",\"position\":1,\"name\":\"Home\",\"item\":\"https:\/\/mx.motorad.com\/de\/\"},{\"@type\":\"ListItem\",\"position\":2,\"name\":\"spec-r\"}]},{\"@type\":\"WebSite\",\"@id\":\"https:\/\/mx.motorad.com\/de\/#website\",\"url\":\"https:\/\/mx.motorad.com\/de\/\",\"name\":\"MotoRad\",\"description\":\"Trusted to Deliver Better - Thermal Management, Emissions, Powertrain Controls\",\"potentialAction\":[{\"@type\":\"SearchAction\",\"target\":{\"@type\":\"EntryPoint\",\"urlTemplate\":\"https:\/\/mx.motorad.com\/de\/?s={search_term_string}\"},\"query-input\":{\"@type\":\"PropertyValueSpecification\",\"valueRequired\":true,\"valueName\":\"search_term_string\"}}],\"inLanguage\":\"de\"}]}<\/script>\n<!-- \/ Yoast SEO Premium plugin. -->","yoast_head_json":{"title":"spec-r - MotoRad","description":"MotoRad - spec-r","robots":{"index":"index","follow":"follow","max-snippet":"max-snippet:-1","max-image-preview":"max-image-preview:large","max-video-preview":"max-video-preview:-1"},"canonical":"https:\/\/mx.motorad.com\/de\/spec-r\/","og_locale":"de_DE","og_type":"article","og_title":"spec-r","og_description":"MotoRad - spec-r","og_url":"https:\/\/mx.motorad.com\/de\/spec-r\/","og_site_name":"MotoRad","article_modified_time":"2026-03-17T14:05:30+00:00","og_image":[{"width":1800,"height":692,"url":"https:\/\/mx.motorad.com\/wp-content\/uploads\/2025\/04\/trackfade.jpg","type":"image\/jpeg"}],"twitter_card":"summary_large_image","twitter_misc":{"Est. reading time":"1\u00a0Minute"},"schema":{"@context":"https:\/\/schema.org","@graph":[{"@type":"WebPage","@id":"https:\/\/mx.motorad.com\/de\/spec-r\/","url":"https:\/\/mx.motorad.com\/de\/spec-r\/","name":"spec-r - MotoRad","isPartOf":{"@id":"https:\/\/mx.motorad.com\/de\/#website"},"primaryImageOfPage":{"@id":"https:\/\/mx.motorad.com\/de\/spec-r\/#primaryimage"},"image":{"@id":"https:\/\/mx.motorad.com\/de\/spec-r\/#primaryimage"},"thumbnailUrl":"https:\/\/mx.motorad.com\/wp-content\/uploads\/2025\/04\/trackfade.jpg","datePublished":"2025-04-03T16:11:33+00:00","dateModified":"2026-03-17T14:05:30+00:00","description":"MotoRad - spec-r","breadcrumb":{"@id":"https:\/\/mx.motorad.com\/de\/spec-r\/#breadcrumb"},"inLanguage":"de","potentialAction":[{"@type":"ReadAction","target":["https:\/\/mx.motorad.com\/de\/spec-r\/"]}]},{"@type":"ImageObject","inLanguage":"de","@id":"https:\/\/mx.motorad.com\/de\/spec-r\/#primaryimage","url":"https:\/\/mx.motorad.com\/wp-content\/uploads\/2025\/04\/trackfade.jpg","contentUrl":"https:\/\/mx.motorad.com\/wp-content\/uploads\/2025\/04\/trackfade.jpg"},{"@type":"BreadcrumbList","@id":"https:\/\/mx.motorad.com\/de\/spec-r\/#breadcrumb","itemListElement":[{"@type":"ListItem","position":1,"name":"Home","item":"https:\/\/mx.motorad.com\/de\/"},{"@type":"ListItem","position":2,"name":"spec-r"}]},{"@type":"WebSite","@id":"https:\/\/mx.motorad.com\/de\/#website","url":"https:\/\/mx.motorad.com\/de\/","name":"MotoRad","description":"Trusted to Deliver Better - Thermal Management, Emissions, Powertrain Controls","potentialAction":[{"@type":"SearchAction","target":{"@type":"EntryPoint","urlTemplate":"https:\/\/mx.motorad.com\/de\/?s={search_term_string}"},"query-input":{"@type":"PropertyValueSpecification","valueRequired":true,"valueName":"search_term_string"}}],"inLanguage":"de"}]}},"_links":{"self":[{"href":"https:\/\/mx.motorad.com\/de\/wp-json\/wp\/v2\/pages\/6006","targetHints":{"allow":["GET"]}}],"collection":[{"href":"https:\/\/mx.motorad.com\/de\/wp-json\/wp\/v2\/pages"}],"about":[{"href":"https:\/\/mx.motorad.com\/de\/wp-json\/wp\/v2\/types\/page"}],"author":[{"embeddable":true,"href":"https:\/\/mx.motorad.com\/de\/wp-json\/wp\/v2\/users\/1"}],"replies":[{"embeddable":true,"href":"https:\/\/mx.motorad.com\/de\/wp-json\/wp\/v2\/comments?post=6006"}],"version-history":[{"count":4,"href":"https:\/\/mx.motorad.com\/de\/wp-json\/wp\/v2\/pages\/6006\/revisions"}],"predecessor-version":[{"id":87783,"href":"https:\/\/mx.motorad.com\/de\/wp-json\/wp\/v2\/pages\/6006\/revisions\/87783"}],"wp:attachment":[{"href":"https:\/\/mx.motorad.com\/de\/wp-json\/wp\/v2\/media?parent=6006"}],"curies":[{"name":"wp","href":"https:\/\/api.w.org\/{rel}","templated":true}]}}