{"id":6061,"date":"2025-04-03T15:57:26","date_gmt":"2025-04-03T15:57:26","guid":{"rendered":"https:\/\/mx.motorad.com\/motorad-kuehlmittelgehaeuse\/"},"modified":"2025-07-17T13:56:30","modified_gmt":"2025-07-17T13:56:30","slug":"motorad-kuehlmittelgehaeuse","status":"publish","type":"page","link":"https:\/\/mx.motorad.com\/de\/produkte\/thermostate\/motorad-kuehlmittelgehaeuse\/","title":{"rendered":"MotoRad K\u00fchlmittelgeh\u00e4use"},"content":{"rendered":"<h1 style=\"margin-top:var(--wp--preset--spacing--60);margin-bottom:var(--wp--preset--spacing--60);\" class=\"wp-block-post-title\">MotoRad K\u00fchlmittelgeh\u00e4use<\/h1>\n<div class=\"wp-block-columns is-layout-flex wp-container-core-columns-is-layout-d07913d3 wp-block-columns-is-layout-flex\" style=\"margin-bottom:var(--wp--preset--spacing--60)\">\n<div class=\"wp-block-column is-layout-flow wp-block-column-is-layout-flow\" style=\"flex-basis:33.33%\">\n<figure class=\"wp-block-image size-full\"><img loading=\"lazy\" decoding=\"async\" width=\"240\" height=\"248\" src=\"https:\/\/mx.motorad.com\/wp-content\/uploads\/2025\/04\/TA2062S-1.webp\" alt=\"\" class=\"wp-image-3497\"\/><\/figure>\n<\/div>\n\n\n\n<div class=\"wp-block-column is-layout-flow wp-block-column-is-layout-flow\" style=\"flex-basis:66.66%\">\n<p style=\"margin-bottom:var(--wp--preset--spacing--40)\">MotoRad bietet eine vollst\u00e4ndige Produktlinie von Thermostat-K\u00fchlmittelgeh\u00e4usen als Ersatz f\u00fcr Originalausstattungen an. <\/p>\n\n\n\n<ul style=\"margin-bottom:var(--wp--preset--spacing--40)\" class=\"wp-block-list\">\n<li>Komplette Anschraubeinheit (beinhaltet Thermostat, Geh\u00e4use, Auslass, Sensoren und Dichtung\/Abdichtung)<\/li>\n\n\n\n<li>OEM-Qualit\u00e4tsmaterialien und Sicherheitsstandards<\/li>\n\n\n\n<li>Erf\u00fcllt oder \u00fcbertrifft OEM-Standards<\/li>\n<\/ul>\n\n\n\n<p>Diese Teile werden hergestellt, um alle Anforderungen der Originalausr\u00fcstungshersteller zu erf\u00fcllen oder zu \u00fcbertreffen. <\/p>\n<\/div>\n<\/div>\n\n<h2 class=\"wp-block-heading\" id=\"h-coolant-housings\" style=\"margin-bottom:var(--wp--preset--spacing--40)\">K\u00fchlmittelgeh\u00e4use:<\/h2>\n\n<div class=\"wp-block-columns is-layout-flex wp-container-core-columns-is-layout-26b8b1f9 wp-block-columns-is-layout-flex\" style=\"margin-bottom:var(--wp--preset--spacing--60)\">\n<div class=\"wp-block-column is-layout-flow wp-block-column-is-layout-flow\">\n<figure class=\"wp-block-image size-full\"><img loading=\"lazy\" decoding=\"async\" width=\"500\" height=\"500\" src=\"https:\/\/mx.motorad.com\/wp-content\/uploads\/2025\/04\/CH1027_Angle.jpg\" alt=\"\" class=\"wp-image-3469\" srcset=\"https:\/\/mx.motorad.com\/wp-content\/uploads\/2025\/04\/CH1027_Angle.jpg 500w, https:\/\/mx.motorad.com\/wp-content\/uploads\/2025\/04\/CH1027_Angle-300x300.jpg 300w, https:\/\/mx.motorad.com\/wp-content\/uploads\/2025\/04\/CH1027_Angle-150x150.jpg 150w\" sizes=\"auto, (max-width: 500px) 100vw, 500px\" \/><\/figure>\n<\/div>\n\n\n\n<div class=\"wp-block-column is-layout-flow wp-block-column-is-layout-flow\">\n<figure class=\"wp-block-image size-full\"><img loading=\"lazy\" decoding=\"async\" width=\"500\" height=\"500\" src=\"https:\/\/mx.motorad.com\/wp-content\/uploads\/2025\/04\/CH1026_Angle-1.jpg\" alt=\"\" class=\"wp-image-3462\" srcset=\"https:\/\/mx.motorad.com\/wp-content\/uploads\/2025\/04\/CH1026_Angle-1.jpg 500w, https:\/\/mx.motorad.com\/wp-content\/uploads\/2025\/04\/CH1026_Angle-1-300x300.jpg 300w, https:\/\/mx.motorad.com\/wp-content\/uploads\/2025\/04\/CH1026_Angle-1-150x150.jpg 150w\" sizes=\"auto, (max-width: 500px) 100vw, 500px\" \/><\/figure>\n<\/div>\n\n\n\n<div class=\"wp-block-column is-layout-flow wp-block-column-is-layout-flow\">\n<figure class=\"wp-block-image size-full\"><img loading=\"lazy\" decoding=\"async\" width=\"500\" height=\"500\" src=\"https:\/\/mx.motorad.com\/wp-content\/uploads\/2025\/04\/CH1038_Angle.jpg\" alt=\"\" class=\"wp-image-3476\" srcset=\"https:\/\/mx.motorad.com\/wp-content\/uploads\/2025\/04\/CH1038_Angle.jpg 500w, https:\/\/mx.motorad.com\/wp-content\/uploads\/2025\/04\/CH1038_Angle-300x300.jpg 300w, https:\/\/mx.motorad.com\/wp-content\/uploads\/2025\/04\/CH1038_Angle-150x150.jpg 150w\" sizes=\"auto, (max-width: 500px) 100vw, 500px\" \/><\/figure>\n<\/div>\n\n\n\n<div class=\"wp-block-column is-layout-flow wp-block-column-is-layout-flow\">\n<figure class=\"wp-block-image size-full\"><img loading=\"lazy\" decoding=\"async\" width=\"500\" height=\"500\" src=\"https:\/\/mx.motorad.com\/wp-content\/uploads\/2025\/04\/CH1042_Angle.jpg\" alt=\"\" class=\"wp-image-3483\" srcset=\"https:\/\/mx.motorad.com\/wp-content\/uploads\/2025\/04\/CH1042_Angle.jpg 500w, https:\/\/mx.motorad.com\/wp-content\/uploads\/2025\/04\/CH1042_Angle-300x300.jpg 300w, https:\/\/mx.motorad.com\/wp-content\/uploads\/2025\/04\/CH1042_Angle-150x150.jpg 150w\" sizes=\"auto, (max-width: 500px) 100vw, 500px\" \/><\/figure>\n<\/div>\n\n\n\n<div class=\"wp-block-column is-layout-flow wp-block-column-is-layout-flow\">\n<figure class=\"wp-block-image size-full\"><img loading=\"lazy\" decoding=\"async\" width=\"500\" height=\"500\" src=\"https:\/\/mx.motorad.com\/wp-content\/uploads\/2025\/04\/CH1044_Angle.jpg\" alt=\"\" class=\"wp-image-3490\" srcset=\"https:\/\/mx.motorad.com\/wp-content\/uploads\/2025\/04\/CH1044_Angle.jpg 500w, https:\/\/mx.motorad.com\/wp-content\/uploads\/2025\/04\/CH1044_Angle-300x300.jpg 300w, https:\/\/mx.motorad.com\/wp-content\/uploads\/2025\/04\/CH1044_Angle-150x150.jpg 150w\" sizes=\"auto, (max-width: 500px) 100vw, 500px\" \/><\/figure>\n<\/div>\n<\/div>\n\n<p style=\"margin-bottom:var(--wp--preset--spacing--20)\">Unsere f\u00fcr Pr\u00e4zision und Leistung konstruierten Thermostatgeh\u00e4use verbinden nahtlos Thermostatfunktionalit\u00e4t und Geh\u00e4usekonstruktion und gew\u00e4hrleisten so einen optimalen K\u00fchlmittelfluss und eine optimale Temperaturregulierung f\u00fcr Ihr Fahrzeug.<\/p>\n\n<p style=\"margin-bottom:var(--wp--preset--spacing--20)\">Die fortschrittlichen MotoRad\u00ae Thermostatgeh\u00e4use werden hergestellt, um die OEM-Spezifikationen f\u00fcr un\u00fcbertroffene Zuverl\u00e4ssigkeit und Haltbarkeit zu \u00fcbertreffen. Jedes Geh\u00e4use wird aus hochwertigen Materialien und mit innovativen Konstruktionstechniken gefertigt, um den Belastungen des t\u00e4glichen Fahrens standzuhalten und eine langlebige Leistung sowie Sorglosigkeit auf der Stra\u00dfe zu gew\u00e4hrleisten. <\/p>\n\n<p style=\"margin-bottom:var(--wp--preset--spacing--20)\">Mit umfassender Abdeckung f\u00fcr eine breite Palette von Fahrzeugmarken und -modellen bieten die integrierten Geh\u00e4usethermostate von MotoRad die L\u00f6sung, wenn Sie sie ben\u00f6tigen. Ob Sie an einem neuen Entwicklungsprojekt arbeiten oder eine Fahrzeugflotte warten, unser umfassender Katalog stellt sicher, dass Sie das richtige Thermostatgeh\u00e4use f\u00fcr Ihre Bed\u00fcrfnisse finden. <\/p>\n\n<p style=\"margin-bottom:var(--wp--preset--spacing--20)\">Als vertrauensw\u00fcrdiger Lieferant und Hersteller in der Automobilindustrie verpflichtet sich MotoRad, \u00fcberlegene Produkte und au\u00dfergew\u00f6hnlichen Kundenservice zu liefern. Unsere integrierten Geh\u00e4usethermostate durchlaufen strenge Tests, um h\u00f6chste Qualit\u00e4tsstandards zu erf\u00fcllen und garantieren Zuverl\u00e4ssigkeit und Leistung, auf die Sie sich verlassen k\u00f6nnen. <\/p>\n\n<p style=\"margin-bottom:var(--wp--preset--spacing--60)\">Erleben Sie noch heute den MotoRad-Unterschied und optimieren Sie das K\u00fchlsystem Ihres Motors mit unseren integrierten Geh\u00e4usethermostaten. Durchsuchen Sie unseren Katalog f\u00fcr einfache Querverweise und finden Sie die perfekte L\u00f6sung f\u00fcr Ihr Lager, Ihre Garage oder Ihre Autowerkstatt. <\/p>\n\n<div class=\"wp-block-buttons is-layout-flex wp-block-buttons-is-layout-flex\" style=\"margin-bottom:var(--wp--preset--spacing--70)\">\n<div class=\"wp-block-button\"><a class=\"wp-block-button__link wp-element-button\" href=\"https:\/\/mx.motorad.com\/de\/produkte\/\">Finden Sie Ihr Thermostatgeh\u00e4use<\/a><\/div>\n<\/div>\n\n<div class=\"wp-block-cover alignfull is-light\" style=\"padding-top:var(--wp--preset--spacing--60);padding-bottom:var(--wp--preset--spacing--60)\"><span aria-hidden=\"true\" class=\"wp-block-cover__background has-background-dim-0 has-background-dim\" style=\"background-color:#ece5d9\"><\/span><img loading=\"lazy\" decoding=\"async\" width=\"1505\" height=\"305\" class=\"wp-block-cover__image-background wp-image-223\" alt=\"\" src=\"https:\/\/mx.motorad.com\/wp-content\/uploads\/2025\/03\/FooterCTA.jpg\" data-object-fit=\"cover\" srcset=\"https:\/\/mx.motorad.com\/wp-content\/uploads\/2025\/03\/FooterCTA.jpg 1505w, https:\/\/mx.motorad.com\/wp-content\/uploads\/2025\/03\/FooterCTA-300x61.jpg 300w, https:\/\/mx.motorad.com\/wp-content\/uploads\/2025\/03\/FooterCTA-1024x208.jpg 1024w, https:\/\/mx.motorad.com\/wp-content\/uploads\/2025\/03\/FooterCTA-768x156.jpg 768w\" sizes=\"auto, (max-width: 1505px) 100vw, 1505px\" \/><div class=\"wp-block-cover__inner-container is-layout-flow wp-block-cover-is-layout-flow\">\n<div class=\"wp-block-columns are-vertically-aligned-center is-layout-flex wp-container-core-columns-is-layout-cbe57604 wp-block-columns-is-layout-flex\">\n<div class=\"wp-block-column is-vertically-aligned-center is-layout-flow wp-block-column-is-layout-flow\" style=\"flex-basis:45%\">\n<h2 class=\"wp-block-heading has-text-align-center has-palette-text-color has-text-color\" id=\"h-need-help-finding-the-right-product\" style=\"margin-bottom:var(--wp--preset--spacing--40)\">Brauchen Sie Hilfe bei der Suche nach dem richtigen Produkt?<\/h2>\n\n\n\n<p class=\"has-text-align-center has-palette-text-color has-text-color\" style=\"margin-bottom:var(--wp--preset--spacing--50)\">Unser engagiertes Team ist hier, um Sie in die richtige Richtung zu lenken. Klicken Sie unten und lassen Sie uns wissen, wie wir Ihnen helfen k\u00f6nnen, das ideale Produkt f\u00fcr Ihren Bedarf zu finden. Ihre Reise zu BESSEREN Erfahrungen beginnt hier.  <\/p>\n\n\n\n<div class=\"wp-block-buttons is-content-justification-center is-layout-flex wp-container-core-buttons-is-layout-a89b3969 wp-block-buttons-is-layout-flex\">\n<div class=\"wp-block-button\"><a class=\"wp-block-button__link has-text-align-center wp-element-button\" href=\"https:\/\/mx.motorad.com\/contact\/need-help-finding-something\/\">Sprechen Sie mit einem MotoRad Spezialisten<\/a><\/div>\n<\/div>\n<\/div>\n\n\n\n<div class=\"wp-block-column is-layout-flow wp-block-column-is-layout-flow\" style=\"flex-basis:10%\"><\/div>\n\n\n\n<div class=\"wp-block-column is-layout-flow wp-block-column-is-layout-flow\" style=\"flex-basis:45%\">\n<h2 class=\"wp-block-heading has-text-align-center has-palette-text-color has-text-color\" id=\"h-looking-for-custom-development\" style=\"margin-bottom:var(--wp--preset--spacing--40)\">Suchen Sie eine individuelle Entwicklung?<\/h2>\n\n\n\n<p class=\"has-text-align-center has-palette-text-color has-text-color\" style=\"margin-bottom:var(--wp--preset--spacing--50)\">Bei uns geht es nicht nur um Produkte, sondern um ma\u00dfgeschneiderte L\u00f6sungen, die Ihren Bed\u00fcrfnissen entsprechen. Sind Sie bereit, Ihr neues Projekt zum Leben zu erwecken? Klicken Sie unten, und lassen Sie uns gemeinsam auf die Reise der individuellen Produktentwicklung gehen.  <\/p>\n\n\n\n<div class=\"wp-block-buttons is-content-justification-center is-layout-flex wp-container-core-buttons-is-layout-a89b3969 wp-block-buttons-is-layout-flex\">\n<div class=\"wp-block-button is-style-fill\"><a class=\"wp-block-button__link has-palette-bg-color has-palette-text-background-color has-text-color has-background has-text-align-center wp-element-button\" href=\"https:\/\/mx.motorad.com\/contact\/do-you-need-custom-development\/\">Wir m\u00f6chten Ihr Lieferant sein<\/a><\/div>\n<\/div>\n<\/div>\n<\/div>\n<\/div><\/div>\n","protected":false},"excerpt":{"rendered":"<p>MotoRad bietet eine vollst\u00e4ndige Produktlinie von Thermostat-K\u00fchlmittelgeh\u00e4usen als Ersatz f\u00fcr Originalausstattungen an. Diese Teile werden hergestellt, um alle Anforderungen der [&#8230;]<\/p>\n","protected":false},"author":1,"featured_media":0,"parent":6741,"menu_order":0,"comment_status":"closed","ping_status":"closed","template":"","meta":{"_acf_changed":false,"footnotes":""},"class_list":["post-6061","page","type-page","status-publish","hentry"],"acf":[],"yoast_head":"<!-- This site is optimized with the Yoast SEO Premium plugin v27.2 (Yoast SEO v27.2) - https:\/\/yoast.com\/product\/yoast-seo-premium-wordpress\/ -->\n<title>MotoRad K\u00fchlmittelgeh\u00e4use - MotoRad<\/title>\n<meta name=\"description\" content=\"MotoRad - MotoRad K\u00fchlmittelgeh\u00e4use\" \/>\n<meta name=\"robots\" content=\"index, follow, max-snippet:-1, max-image-preview:large, max-video-preview:-1\" \/>\n<link rel=\"canonical\" href=\"https:\/\/mx.motorad.com\/de\/produkte\/thermostate\/motorad-kuehlmittelgehaeuse\/\" \/>\n<meta property=\"og:locale\" content=\"de_DE\" \/>\n<meta property=\"og:type\" content=\"article\" \/>\n<meta property=\"og:title\" content=\"MotoRad K\u00fchlmittelgeh\u00e4use\" \/>\n<meta property=\"og:description\" content=\"MotoRad - MotoRad K\u00fchlmittelgeh\u00e4use\" \/>\n<meta property=\"og:url\" content=\"https:\/\/mx.motorad.com\/de\/produkte\/thermostate\/motorad-kuehlmittelgehaeuse\/\" \/>\n<meta property=\"og:site_name\" content=\"MotoRad\" \/>\n<meta property=\"article:modified_time\" content=\"2025-07-17T13:56:30+00:00\" \/>\n<meta property=\"og:image\" content=\"https:\/\/mx.motorad.com\/wp-content\/uploads\/2025\/04\/TA2062S-1.webp\" \/>\n\t<meta property=\"og:image:width\" content=\"240\" \/>\n\t<meta property=\"og:image:height\" content=\"248\" \/>\n\t<meta property=\"og:image:type\" content=\"image\/webp\" \/>\n<meta name=\"twitter:card\" content=\"summary_large_image\" \/>\n<meta name=\"twitter:label1\" content=\"Est. reading time\" \/>\n\t<meta name=\"twitter:data1\" content=\"1\u00a0Minute\" \/>\n<script type=\"application\/ld+json\" class=\"yoast-schema-graph\">{\"@context\":\"https:\/\/schema.org\",\"@graph\":[{\"@type\":\"WebPage\",\"@id\":\"https:\/\/mx.motorad.com\/de\/produkte\/thermostate\/motorad-kuehlmittelgehaeuse\/\",\"url\":\"https:\/\/mx.motorad.com\/de\/produkte\/thermostate\/motorad-kuehlmittelgehaeuse\/\",\"name\":\"MotoRad K\u00fchlmittelgeh\u00e4use - MotoRad\",\"isPartOf\":{\"@id\":\"https:\/\/mx.motorad.com\/de\/#website\"},\"primaryImageOfPage\":{\"@id\":\"https:\/\/mx.motorad.com\/de\/produkte\/thermostate\/motorad-kuehlmittelgehaeuse\/#primaryimage\"},\"image\":{\"@id\":\"https:\/\/mx.motorad.com\/de\/produkte\/thermostate\/motorad-kuehlmittelgehaeuse\/#primaryimage\"},\"thumbnailUrl\":\"https:\/\/mx.motorad.com\/wp-content\/uploads\/2025\/04\/TA2062S-1.webp\",\"datePublished\":\"2025-04-03T15:57:26+00:00\",\"dateModified\":\"2025-07-17T13:56:30+00:00\",\"description\":\"MotoRad - MotoRad K\u00fchlmittelgeh\u00e4use\",\"breadcrumb\":{\"@id\":\"https:\/\/mx.motorad.com\/de\/produkte\/thermostate\/motorad-kuehlmittelgehaeuse\/#breadcrumb\"},\"inLanguage\":\"de\",\"potentialAction\":[{\"@type\":\"ReadAction\",\"target\":[\"https:\/\/mx.motorad.com\/de\/produkte\/thermostate\/motorad-kuehlmittelgehaeuse\/\"]}]},{\"@type\":\"ImageObject\",\"inLanguage\":\"de\",\"@id\":\"https:\/\/mx.motorad.com\/de\/produkte\/thermostate\/motorad-kuehlmittelgehaeuse\/#primaryimage\",\"url\":\"https:\/\/mx.motorad.com\/wp-content\/uploads\/2025\/04\/TA2062S-1.webp\",\"contentUrl\":\"https:\/\/mx.motorad.com\/wp-content\/uploads\/2025\/04\/TA2062S-1.webp\"},{\"@type\":\"BreadcrumbList\",\"@id\":\"https:\/\/mx.motorad.com\/de\/produkte\/thermostate\/motorad-kuehlmittelgehaeuse\/#breadcrumb\",\"itemListElement\":[{\"@type\":\"ListItem\",\"position\":1,\"name\":\"Home\",\"item\":\"https:\/\/mx.motorad.com\/de\/\"},{\"@type\":\"ListItem\",\"position\":2,\"name\":\"Produkte\",\"item\":\"https:\/\/motoradnew.test\/de\/produkte\/\"},{\"@type\":\"ListItem\",\"position\":3,\"name\":\"Thermostate\",\"item\":\"https:\/\/motoradnew.test\/de\/produkte\/thermostate\/\"},{\"@type\":\"ListItem\",\"position\":4,\"name\":\"MotoRad K\u00fchlmittelgeh\u00e4use\"}]},{\"@type\":\"WebSite\",\"@id\":\"https:\/\/mx.motorad.com\/de\/#website\",\"url\":\"https:\/\/mx.motorad.com\/de\/\",\"name\":\"MotoRad\",\"description\":\"Trusted to Deliver Better - Thermal Management, Emissions, Powertrain Controls\",\"potentialAction\":[{\"@type\":\"SearchAction\",\"target\":{\"@type\":\"EntryPoint\",\"urlTemplate\":\"https:\/\/mx.motorad.com\/de\/?s={search_term_string}\"},\"query-input\":{\"@type\":\"PropertyValueSpecification\",\"valueRequired\":true,\"valueName\":\"search_term_string\"}}],\"inLanguage\":\"de\"}]}<\/script>\n<!-- \/ Yoast SEO Premium plugin. -->","yoast_head_json":{"title":"MotoRad K\u00fchlmittelgeh\u00e4use - MotoRad","description":"MotoRad - MotoRad K\u00fchlmittelgeh\u00e4use","robots":{"index":"index","follow":"follow","max-snippet":"max-snippet:-1","max-image-preview":"max-image-preview:large","max-video-preview":"max-video-preview:-1"},"canonical":"https:\/\/mx.motorad.com\/de\/produkte\/thermostate\/motorad-kuehlmittelgehaeuse\/","og_locale":"de_DE","og_type":"article","og_title":"MotoRad K\u00fchlmittelgeh\u00e4use","og_description":"MotoRad - MotoRad K\u00fchlmittelgeh\u00e4use","og_url":"https:\/\/mx.motorad.com\/de\/produkte\/thermostate\/motorad-kuehlmittelgehaeuse\/","og_site_name":"MotoRad","article_modified_time":"2025-07-17T13:56:30+00:00","og_image":[{"width":240,"height":248,"url":"https:\/\/mx.motorad.com\/wp-content\/uploads\/2025\/04\/TA2062S-1.webp","type":"image\/webp"}],"twitter_card":"summary_large_image","twitter_misc":{"Est. reading time":"1\u00a0Minute"},"schema":{"@context":"https:\/\/schema.org","@graph":[{"@type":"WebPage","@id":"https:\/\/mx.motorad.com\/de\/produkte\/thermostate\/motorad-kuehlmittelgehaeuse\/","url":"https:\/\/mx.motorad.com\/de\/produkte\/thermostate\/motorad-kuehlmittelgehaeuse\/","name":"MotoRad K\u00fchlmittelgeh\u00e4use - MotoRad","isPartOf":{"@id":"https:\/\/mx.motorad.com\/de\/#website"},"primaryImageOfPage":{"@id":"https:\/\/mx.motorad.com\/de\/produkte\/thermostate\/motorad-kuehlmittelgehaeuse\/#primaryimage"},"image":{"@id":"https:\/\/mx.motorad.com\/de\/produkte\/thermostate\/motorad-kuehlmittelgehaeuse\/#primaryimage"},"thumbnailUrl":"https:\/\/mx.motorad.com\/wp-content\/uploads\/2025\/04\/TA2062S-1.webp","datePublished":"2025-04-03T15:57:26+00:00","dateModified":"2025-07-17T13:56:30+00:00","description":"MotoRad - MotoRad K\u00fchlmittelgeh\u00e4use","breadcrumb":{"@id":"https:\/\/mx.motorad.com\/de\/produkte\/thermostate\/motorad-kuehlmittelgehaeuse\/#breadcrumb"},"inLanguage":"de","potentialAction":[{"@type":"ReadAction","target":["https:\/\/mx.motorad.com\/de\/produkte\/thermostate\/motorad-kuehlmittelgehaeuse\/"]}]},{"@type":"ImageObject","inLanguage":"de","@id":"https:\/\/mx.motorad.com\/de\/produkte\/thermostate\/motorad-kuehlmittelgehaeuse\/#primaryimage","url":"https:\/\/mx.motorad.com\/wp-content\/uploads\/2025\/04\/TA2062S-1.webp","contentUrl":"https:\/\/mx.motorad.com\/wp-content\/uploads\/2025\/04\/TA2062S-1.webp"},{"@type":"BreadcrumbList","@id":"https:\/\/mx.motorad.com\/de\/produkte\/thermostate\/motorad-kuehlmittelgehaeuse\/#breadcrumb","itemListElement":[{"@type":"ListItem","position":1,"name":"Home","item":"https:\/\/mx.motorad.com\/de\/"},{"@type":"ListItem","position":2,"name":"Produkte","item":"https:\/\/motoradnew.test\/de\/produkte\/"},{"@type":"ListItem","position":3,"name":"Thermostate","item":"https:\/\/motoradnew.test\/de\/produkte\/thermostate\/"},{"@type":"ListItem","position":4,"name":"MotoRad K\u00fchlmittelgeh\u00e4use"}]},{"@type":"WebSite","@id":"https:\/\/mx.motorad.com\/de\/#website","url":"https:\/\/mx.motorad.com\/de\/","name":"MotoRad","description":"Trusted to Deliver Better - Thermal Management, Emissions, Powertrain Controls","potentialAction":[{"@type":"SearchAction","target":{"@type":"EntryPoint","urlTemplate":"https:\/\/mx.motorad.com\/de\/?s={search_term_string}"},"query-input":{"@type":"PropertyValueSpecification","valueRequired":true,"valueName":"search_term_string"}}],"inLanguage":"de"}]}},"_links":{"self":[{"href":"https:\/\/mx.motorad.com\/de\/wp-json\/wp\/v2\/pages\/6061","targetHints":{"allow":["GET"]}}],"collection":[{"href":"https:\/\/mx.motorad.com\/de\/wp-json\/wp\/v2\/pages"}],"about":[{"href":"https:\/\/mx.motorad.com\/de\/wp-json\/wp\/v2\/types\/page"}],"author":[{"embeddable":true,"href":"https:\/\/mx.motorad.com\/de\/wp-json\/wp\/v2\/users\/1"}],"replies":[{"embeddable":true,"href":"https:\/\/mx.motorad.com\/de\/wp-json\/wp\/v2\/comments?post=6061"}],"version-history":[{"count":2,"href":"https:\/\/mx.motorad.com\/de\/wp-json\/wp\/v2\/pages\/6061\/revisions"}],"predecessor-version":[{"id":55760,"href":"https:\/\/mx.motorad.com\/de\/wp-json\/wp\/v2\/pages\/6061\/revisions\/55760"}],"up":[{"embeddable":true,"href":"https:\/\/mx.motorad.com\/de\/wp-json\/wp\/v2\/pages\/6741"}],"wp:attachment":[{"href":"https:\/\/mx.motorad.com\/de\/wp-json\/wp\/v2\/media?parent=6061"}],"curies":[{"name":"wp","href":"https:\/\/api.w.org\/{rel}","templated":true}]}}