{"id":6076,"date":"2025-04-03T15:52:13","date_gmt":"2025-04-03T15:52:13","guid":{"rendered":"https:\/\/mx.motorad.com\/motorad-fail-safe-thermostate\/"},"modified":"2026-03-17T12:50:39","modified_gmt":"2026-03-17T12:50:39","slug":"motorad-fail-safe-thermostate","status":"publish","type":"page","link":"https:\/\/mx.motorad.com\/de\/produkte\/thermostate\/motorad-fail-safe-thermostate\/","title":{"rendered":"MotoRad Fail-Safe\u00ae Thermostate"},"content":{"rendered":"<h1 style=\"margin-top:var(--wp--preset--spacing--60);margin-bottom:var(--wp--preset--spacing--60);\" class=\"wp-block-post-title\">MotoRad Fail-Safe\u00ae Thermostate<\/h1>\n<div class=\"wp-block-columns is-layout-flex wp-container-core-columns-is-layout-baf23659 wp-block-columns-is-layout-flex\" style=\"margin-bottom:var(--wp--preset--spacing--60)\">\n<div class=\"wp-block-column is-layout-flow wp-block-column-is-layout-flow\" style=\"flex-basis:33.33%\">\n<figure class=\"wp-block-image size-full\"><img loading=\"lazy\" decoding=\"async\" width=\"457\" height=\"204\" src=\"https:\/\/mx.motorad.com\/wp-content\/uploads\/2025\/04\/Fail-Safe_Callout_web-1.jpg\" alt=\"\" class=\"wp-image-3401\" srcset=\"https:\/\/mx.motorad.com\/wp-content\/uploads\/2025\/04\/Fail-Safe_Callout_web-1.jpg 457w, https:\/\/mx.motorad.com\/wp-content\/uploads\/2025\/04\/Fail-Safe_Callout_web-1-300x134.jpg 300w\" sizes=\"auto, (max-width: 457px) 100vw, 457px\" \/><\/figure>\n<\/div>\n\n\n\n<div class=\"wp-block-column is-layout-flow wp-block-column-is-layout-flow\" style=\"flex-basis:66.66%\">\n<p>MotoRad\u00ae Fail-Safe\u00ae Thermostate sind darauf ausgelegt, Ihren Motor bei \u00dcberhitzung zu sch\u00fctzen. Basierend auf erstklassiger, patentierter Technologie bieten sie einen \u00fcberragenden Schutz gegen\u00fcber jedem anderen Thermostat auf dem Markt. <\/p>\n<\/div>\n<\/div>\n\n<figure class=\"wp-block-embed is-type-video is-provider-youtube wp-block-embed-youtube wp-embed-aspect-16-9 wp-has-aspect-ratio\" style=\"margin-bottom:var(--wp--preset--spacing--60)\"><div class=\"wp-block-embed__wrapper\">\n<iframe loading=\"lazy\" title=\"MotoRad Fail-Safe Thermostats\" width=\"500\" height=\"281\" src=\"https:\/\/www.youtube.com\/embed\/lhGBbCs7QBo?feature=oembed\" frameborder=\"0\" allow=\"accelerometer; autoplay; clipboard-write; encrypted-media; gyroscope; picture-in-picture; web-share\" referrerpolicy=\"strict-origin-when-cross-origin\" allowfullscreen><\/iframe>\n<\/div><\/figure>\n\n<div class=\"wp-block-columns is-layout-flex wp-container-core-columns-is-layout-baf23659 wp-block-columns-is-layout-flex\" style=\"margin-bottom:var(--wp--preset--spacing--60)\">\n<div class=\"wp-block-column has-palette-interactive-background-color has-background is-layout-flow wp-block-column-is-layout-flow\" style=\"padding-top:var(--wp--preset--spacing--40);padding-right:var(--wp--preset--spacing--40);padding-bottom:var(--wp--preset--spacing--40);padding-left:var(--wp--preset--spacing--40);flex-basis:33.33%\">\n<h2 class=\"wp-block-heading has-text-align-center has-palette-bg-alt-color has-text-color has-link-color wp-elements-9c91e4beee6153638364677977fb30fa\" id=\"h-did-you-know\"><em>Wussten Sie schon&#8230;<\/em><\/h2>\n\n\n\n<p class=\"has-text-align-center has-palette-bg-alt-color has-text-color has-link-color wp-elements-a038aa938d6395a802ce0cb9540943ff\"><em>Das patentierte Fail-Safe Thermostat<\/em> <em>ist das einzige Thermostat, das entwickelt wurde,<\/em> <em>um Ihren Motor im Falle einer<\/em> <em>\u00dcberhitzung zu sch\u00fctzen?<\/em><\/p>\n\n\n\n<p class=\"has-text-align-center has-palette-bg-alt-color has-text-color has-link-color wp-elements-918eeb28da9c4e1b45de46806f0f72a8\"><em>Das Fail-Safe Thermostat ist mit einem<\/em> <em>einzigartigen zus\u00e4tzlichen Hub ausgestattet, der den Betrieb<\/em> <em>in zwei Stufen erm\u00f6glicht.<\/em><\/p>\n<\/div>\n\n\n\n<div class=\"wp-block-column is-vertically-aligned-center is-layout-flow wp-block-column-is-layout-flow\" style=\"flex-basis:66.66%\">\n<h3 class=\"wp-block-heading\" id=\"h-stage-1\" style=\"margin-bottom:var(--wp--preset--spacing--40)\"><em>Stufe 1<\/em><\/h3>\n\n\n\n<p style=\"margin-bottom:var(--wp--preset--spacing--60)\"><em>Innerhalb normaler Betriebstemperaturen funktioniert das<\/em> <em>Fail-Safe\u00ae wie jedes andere Thermostat.<\/em><\/p>\n\n\n\n<h3 class=\"wp-block-heading\" id=\"h-stage-2\" style=\"margin-bottom:var(--wp--preset--spacing--40)\"><em>Stufe 2<\/em> <\/h3>\n\n\n\n<p><em>Wenn eine \u00dcberhitzung durch ein defektes Teil des K\u00fchlsystems verursacht wird,<\/em> <em>verf\u00fcgt das Fail-Safe \u00fcber einen sekund\u00e4ren Hub, der einen<\/em> <em>pr\u00e4zisionsgefertigten Kolben aktiviert, der das Ventil automatisch in einer<\/em> <em>weit ge\u00f6ffneten Position arretiert, wodurch K\u00fchlmittel frei zirkulieren kann.<\/em><\/p>\n<\/div>\n<\/div>\n\n<p style=\"margin-bottom:var(--wp--preset--spacing--30)\">Bleiben Sie nicht am Stra\u00dfenrand liegen, weil Ihr Motor \u00fcberhitzt ist und Ihr herk\u00f6mmliches Thermostat in geschlossener Position versagt hat, wodurch das K\u00fchlmittel nicht zum Motor flie\u00dfen konnte. Kaufen Sie das beste Thermostat auf dem Markt, das Fail-Safe\u00ae Thermostat von MotoRad\u00ae. Warum ist das Fail-Safe das beste Thermostat? Unter normalen Betriebstemperaturen funktioniert das Fail-Safe\u00ae auf die gleiche Weise wie ein herk\u00f6mmliches Thermostat. Wenn Ihr Fahrzeug jedoch aufgrund eines defekten Teils des K\u00fchlsystems \u00fcberhitzt, blockiert ein Standardthermostat in geschlossener Position den K\u00fchlmittelfluss zum Motor. Das patentierte Fail-Safe\u00ae Thermostat von Motorad ist das einzige Thermostat, das automatisch in der offenen Position arretiert, wodurch das K\u00fchlmittel w\u00e4hrend des \u00dcberhitzungsprozesses frei durch den Motor zirkulieren kann. Dies kann Ihren Motor vor einer kostspieligeren Reparatur sch\u00fctzen.       <\/p>\n\n<p style=\"margin-bottom:var(--wp--preset--spacing--30)\">Sobald das Fail-Safe\u00ae Thermostat seine Aufgabe erf\u00fcllt hat, indem es das K\u00fchlmittel w\u00e4hrend einer \u00dcberhitzung durch Arretierung in der offenen Position weiter zum Motor flie\u00dfen l\u00e4sst, m\u00fcssen Sie es durch ein neues ersetzen. Es gibt Standardthermostate, und dann gibt es das Motorad Fail-Safe\u00ae Thermostat. Fragen Sie nach dem Fail-Safe\u00ae Thermostat von MotoRad\u00ae, wenn Sie das n\u00e4chste Mal ein neues Thermostat ben\u00f6tigen.   <\/p>\n\n<p style=\"margin-bottom:var(--wp--preset--spacing--60)\">MotoRad\u00ae Thermostate erf\u00fcllen oder \u00fcbertreffen die O.E.-Standards und werden zu 100 % auf korrekte \u00d6ffnungstemperatur und maximale \u00d6ffnungstemperatur getestet und kalibriert.<\/p>\n\n<div class=\"wp-block-buttons is-layout-flex wp-block-buttons-is-layout-flex\" style=\"margin-bottom:var(--wp--preset--spacing--70)\">\n<div class=\"wp-block-button\"><a class=\"wp-block-button__link wp-element-button\" href=\"https:\/\/mx.motorad.com\/de\/produkte\/\">Finden Sie Ihr Thermostat<\/a><\/div>\n<\/div>\n\n<div class=\"wp-block-cover alignfull is-light\" style=\"padding-top:var(--wp--preset--spacing--60);padding-bottom:var(--wp--preset--spacing--60)\"><span aria-hidden=\"true\" class=\"wp-block-cover__background has-background-dim-0 has-background-dim\" style=\"background-color:#ece5d9\"><\/span><img loading=\"lazy\" decoding=\"async\" width=\"1505\" height=\"305\" class=\"wp-block-cover__image-background wp-image-223\" alt=\"\" src=\"https:\/\/mx.motorad.com\/wp-content\/uploads\/2025\/03\/FooterCTA.jpg\" data-object-fit=\"cover\" srcset=\"https:\/\/mx.motorad.com\/wp-content\/uploads\/2025\/03\/FooterCTA.jpg 1505w, https:\/\/mx.motorad.com\/wp-content\/uploads\/2025\/03\/FooterCTA-300x61.jpg 300w, https:\/\/mx.motorad.com\/wp-content\/uploads\/2025\/03\/FooterCTA-1024x208.jpg 1024w, https:\/\/mx.motorad.com\/wp-content\/uploads\/2025\/03\/FooterCTA-768x156.jpg 768w\" sizes=\"auto, (max-width: 1505px) 100vw, 1505px\" \/><div class=\"wp-block-cover__inner-container is-layout-flow wp-block-cover-is-layout-flow\">\n<div class=\"wp-block-columns are-vertically-aligned-center is-layout-flex wp-container-core-columns-is-layout-cbe57604 wp-block-columns-is-layout-flex\">\n<div class=\"wp-block-column is-vertically-aligned-center is-layout-flow wp-block-column-is-layout-flow\" style=\"flex-basis:45%\">\n<h2 class=\"wp-block-heading has-text-align-center has-palette-text-color has-text-color\" id=\"h-need-help-finding-the-right-product\" style=\"margin-bottom:var(--wp--preset--spacing--40)\">Brauchen Sie Hilfe bei der Suche nach dem richtigen Produkt?<\/h2>\n\n\n\n<p class=\"has-text-align-center has-palette-text-color has-text-color\" style=\"margin-bottom:var(--wp--preset--spacing--50)\">Unser engagiertes Team ist hier, um Sie in die richtige Richtung zu lenken. Klicken Sie unten und lassen Sie uns wissen, wie wir Ihnen helfen k\u00f6nnen, das ideale Produkt f\u00fcr Ihren Bedarf zu finden. Ihre Reise zu BESSEREN Erfahrungen beginnt hier.  <\/p>\n\n\n\n<div class=\"wp-block-buttons is-content-justification-center is-layout-flex wp-container-core-buttons-is-layout-a89b3969 wp-block-buttons-is-layout-flex\">\n<div class=\"wp-block-button\"><a class=\"wp-block-button__link has-text-align-center wp-element-button\" href=\"https:\/\/mx.motorad.com\/contact\/need-help-finding-something\/\">Sprechen Sie mit einem MotoRad Spezialisten<\/a><\/div>\n<\/div>\n<\/div>\n\n\n\n<div class=\"wp-block-column is-layout-flow wp-block-column-is-layout-flow\" style=\"flex-basis:10%\"><\/div>\n\n\n\n<div class=\"wp-block-column is-layout-flow wp-block-column-is-layout-flow\" style=\"flex-basis:45%\">\n<h2 class=\"wp-block-heading has-text-align-center has-palette-text-color has-text-color\" id=\"h-looking-for-custom-development\" style=\"margin-bottom:var(--wp--preset--spacing--40)\">Suchen Sie eine individuelle Entwicklung?<\/h2>\n\n\n\n<p class=\"has-text-align-center has-palette-text-color has-text-color\" style=\"margin-bottom:var(--wp--preset--spacing--50)\">Bei uns geht es nicht nur um Produkte, sondern um ma\u00dfgeschneiderte L\u00f6sungen, die Ihren Bed\u00fcrfnissen entsprechen. Sind Sie bereit, Ihr neues Projekt zum Leben zu erwecken? Klicken Sie unten, und lassen Sie uns gemeinsam auf die Reise der individuellen Produktentwicklung gehen.  <\/p>\n\n\n\n<div class=\"wp-block-buttons is-content-justification-center is-layout-flex wp-container-core-buttons-is-layout-a89b3969 wp-block-buttons-is-layout-flex\">\n<div class=\"wp-block-button is-style-fill\"><a class=\"wp-block-button__link has-palette-bg-color has-palette-text-background-color has-text-color has-background has-text-align-center wp-element-button\" href=\"https:\/\/mx.motorad.com\/contact\/do-you-need-custom-development\/\">Wir m\u00f6chten Ihr Lieferant sein<\/a><\/div>\n<\/div>\n<\/div>\n<\/div>\n<\/div><\/div>\n","protected":false},"excerpt":{"rendered":"<p>MotoRad\u00ae Fail-Safe\u00ae Thermostate sind darauf ausgelegt, Ihren Motor bei \u00dcberhitzung zu sch\u00fctzen. Basierend auf erstklassiger, patentierter Technologie bieten sie einen [&#8230;]<\/p>\n","protected":false},"author":1,"featured_media":0,"parent":6741,"menu_order":0,"comment_status":"closed","ping_status":"closed","template":"","meta":{"_acf_changed":false,"footnotes":""},"class_list":["post-6076","page","type-page","status-publish","hentry"],"acf":[],"yoast_head":"<!-- This site is optimized with the Yoast SEO Premium plugin v27.2 (Yoast SEO v27.2) - https:\/\/yoast.com\/product\/yoast-seo-premium-wordpress\/ -->\n<title>MotoRad Fail-Safe\u00ae Thermostate - MotoRad<\/title>\n<meta name=\"description\" content=\"Motorad Fail-Safe Thermostate sind darauf ausgelegt, eine Motor\u00fcberhitzung zu verhindern und sorgen f\u00fcr Sicherheit unterwegs. R\u00fcsten Sie auf Motorad Fail-Safe Thermostate auf f\u00fcr eine zuverl\u00e4ssige Temperaturregelung und sorgenfreies Fahren.\" \/>\n<meta name=\"robots\" content=\"index, follow, max-snippet:-1, max-image-preview:large, max-video-preview:-1\" \/>\n<link rel=\"canonical\" href=\"https:\/\/mx.motorad.com\/de\/produkte\/thermostate\/motorad-fail-safe-thermostate\/\" \/>\n<meta property=\"og:locale\" content=\"de_DE\" \/>\n<meta property=\"og:type\" content=\"article\" \/>\n<meta property=\"og:title\" content=\"MotoRad Fail-Safe\u00ae Thermostate\" \/>\n<meta property=\"og:description\" content=\"Motorad Fail-Safe Thermostate sind darauf ausgelegt, eine Motor\u00fcberhitzung zu verhindern und sorgen f\u00fcr Sicherheit unterwegs. R\u00fcsten Sie auf Motorad Fail-Safe Thermostate auf f\u00fcr eine zuverl\u00e4ssige Temperaturregelung und sorgenfreies Fahren.\" \/>\n<meta property=\"og:url\" content=\"https:\/\/mx.motorad.com\/de\/produkte\/thermostate\/motorad-fail-safe-thermostate\/\" \/>\n<meta property=\"og:site_name\" content=\"MotoRad\" \/>\n<meta property=\"article:modified_time\" content=\"2026-03-17T12:50:39+00:00\" \/>\n<meta property=\"og:image\" content=\"https:\/\/mx.motorad.com\/wp-content\/uploads\/2025\/04\/Fail-Safe_Callout_web-1.jpg\" \/>\n\t<meta property=\"og:image:width\" content=\"457\" \/>\n\t<meta property=\"og:image:height\" content=\"204\" \/>\n\t<meta property=\"og:image:type\" content=\"image\/jpeg\" \/>\n<meta name=\"twitter:card\" content=\"summary_large_image\" \/>\n<meta name=\"twitter:label1\" content=\"Est. reading time\" \/>\n\t<meta name=\"twitter:data1\" content=\"2\u00a0Minuten\" \/>\n<script type=\"application\/ld+json\" class=\"yoast-schema-graph\">{\"@context\":\"https:\/\/schema.org\",\"@graph\":[{\"@type\":\"WebPage\",\"@id\":\"https:\/\/mx.motorad.com\/de\/produkte\/thermostate\/motorad-fail-safe-thermostate\/\",\"url\":\"https:\/\/mx.motorad.com\/de\/produkte\/thermostate\/motorad-fail-safe-thermostate\/\",\"name\":\"MotoRad Fail-Safe\u00ae Thermostate - MotoRad\",\"isPartOf\":{\"@id\":\"https:\/\/mx.motorad.com\/de\/#website\"},\"primaryImageOfPage\":{\"@id\":\"https:\/\/mx.motorad.com\/de\/produkte\/thermostate\/motorad-fail-safe-thermostate\/#primaryimage\"},\"image\":{\"@id\":\"https:\/\/mx.motorad.com\/de\/produkte\/thermostate\/motorad-fail-safe-thermostate\/#primaryimage\"},\"thumbnailUrl\":\"https:\/\/mx.motorad.com\/wp-content\/uploads\/2025\/04\/Fail-Safe_Callout_web-1.jpg\",\"datePublished\":\"2025-04-03T15:52:13+00:00\",\"dateModified\":\"2026-03-17T12:50:39+00:00\",\"description\":\"Motorad Fail-Safe Thermostate sind darauf ausgelegt, eine Motor\u00fcberhitzung zu verhindern und sorgen f\u00fcr Sicherheit unterwegs. R\u00fcsten Sie auf Motorad Fail-Safe Thermostate auf f\u00fcr eine zuverl\u00e4ssige Temperaturregelung und sorgenfreies Fahren.\",\"breadcrumb\":{\"@id\":\"https:\/\/mx.motorad.com\/de\/produkte\/thermostate\/motorad-fail-safe-thermostate\/#breadcrumb\"},\"inLanguage\":\"de\",\"potentialAction\":[{\"@type\":\"ReadAction\",\"target\":[\"https:\/\/mx.motorad.com\/de\/produkte\/thermostate\/motorad-fail-safe-thermostate\/\"]}]},{\"@type\":\"ImageObject\",\"inLanguage\":\"de\",\"@id\":\"https:\/\/mx.motorad.com\/de\/produkte\/thermostate\/motorad-fail-safe-thermostate\/#primaryimage\",\"url\":\"https:\/\/mx.motorad.com\/wp-content\/uploads\/2025\/04\/Fail-Safe_Callout_web-1.jpg\",\"contentUrl\":\"https:\/\/mx.motorad.com\/wp-content\/uploads\/2025\/04\/Fail-Safe_Callout_web-1.jpg\"},{\"@type\":\"BreadcrumbList\",\"@id\":\"https:\/\/mx.motorad.com\/de\/produkte\/thermostate\/motorad-fail-safe-thermostate\/#breadcrumb\",\"itemListElement\":[{\"@type\":\"ListItem\",\"position\":1,\"name\":\"Home\",\"item\":\"https:\/\/mx.motorad.com\/de\/\"},{\"@type\":\"ListItem\",\"position\":2,\"name\":\"Produkte\",\"item\":\"https:\/\/motoradnew.test\/de\/produkte\/\"},{\"@type\":\"ListItem\",\"position\":3,\"name\":\"Thermostate\",\"item\":\"https:\/\/motoradnew.test\/de\/produkte\/thermostate\/\"},{\"@type\":\"ListItem\",\"position\":4,\"name\":\"MotoRad Fail-Safe\u00ae Thermostate\"}]},{\"@type\":\"WebSite\",\"@id\":\"https:\/\/mx.motorad.com\/de\/#website\",\"url\":\"https:\/\/mx.motorad.com\/de\/\",\"name\":\"MotoRad\",\"description\":\"Trusted to Deliver Better - Thermal Management, Emissions, Powertrain Controls\",\"potentialAction\":[{\"@type\":\"SearchAction\",\"target\":{\"@type\":\"EntryPoint\",\"urlTemplate\":\"https:\/\/mx.motorad.com\/de\/?s={search_term_string}\"},\"query-input\":{\"@type\":\"PropertyValueSpecification\",\"valueRequired\":true,\"valueName\":\"search_term_string\"}}],\"inLanguage\":\"de\"}]}<\/script>\n<!-- \/ Yoast SEO Premium plugin. -->","yoast_head_json":{"title":"MotoRad Fail-Safe\u00ae Thermostate - MotoRad","description":"Motorad Fail-Safe Thermostate sind darauf ausgelegt, eine Motor\u00fcberhitzung zu verhindern und sorgen f\u00fcr Sicherheit unterwegs. R\u00fcsten Sie auf Motorad Fail-Safe Thermostate auf f\u00fcr eine zuverl\u00e4ssige Temperaturregelung und sorgenfreies Fahren.","robots":{"index":"index","follow":"follow","max-snippet":"max-snippet:-1","max-image-preview":"max-image-preview:large","max-video-preview":"max-video-preview:-1"},"canonical":"https:\/\/mx.motorad.com\/de\/produkte\/thermostate\/motorad-fail-safe-thermostate\/","og_locale":"de_DE","og_type":"article","og_title":"MotoRad Fail-Safe\u00ae Thermostate","og_description":"Motorad Fail-Safe Thermostate sind darauf ausgelegt, eine Motor\u00fcberhitzung zu verhindern und sorgen f\u00fcr Sicherheit unterwegs. R\u00fcsten Sie auf Motorad Fail-Safe Thermostate auf f\u00fcr eine zuverl\u00e4ssige Temperaturregelung und sorgenfreies Fahren.","og_url":"https:\/\/mx.motorad.com\/de\/produkte\/thermostate\/motorad-fail-safe-thermostate\/","og_site_name":"MotoRad","article_modified_time":"2026-03-17T12:50:39+00:00","og_image":[{"width":457,"height":204,"url":"https:\/\/mx.motorad.com\/wp-content\/uploads\/2025\/04\/Fail-Safe_Callout_web-1.jpg","type":"image\/jpeg"}],"twitter_card":"summary_large_image","twitter_misc":{"Est. reading time":"2\u00a0Minuten"},"schema":{"@context":"https:\/\/schema.org","@graph":[{"@type":"WebPage","@id":"https:\/\/mx.motorad.com\/de\/produkte\/thermostate\/motorad-fail-safe-thermostate\/","url":"https:\/\/mx.motorad.com\/de\/produkte\/thermostate\/motorad-fail-safe-thermostate\/","name":"MotoRad Fail-Safe\u00ae Thermostate - MotoRad","isPartOf":{"@id":"https:\/\/mx.motorad.com\/de\/#website"},"primaryImageOfPage":{"@id":"https:\/\/mx.motorad.com\/de\/produkte\/thermostate\/motorad-fail-safe-thermostate\/#primaryimage"},"image":{"@id":"https:\/\/mx.motorad.com\/de\/produkte\/thermostate\/motorad-fail-safe-thermostate\/#primaryimage"},"thumbnailUrl":"https:\/\/mx.motorad.com\/wp-content\/uploads\/2025\/04\/Fail-Safe_Callout_web-1.jpg","datePublished":"2025-04-03T15:52:13+00:00","dateModified":"2026-03-17T12:50:39+00:00","description":"Motorad Fail-Safe Thermostate sind darauf ausgelegt, eine Motor\u00fcberhitzung zu verhindern und sorgen f\u00fcr Sicherheit unterwegs. R\u00fcsten Sie auf Motorad Fail-Safe Thermostate auf f\u00fcr eine zuverl\u00e4ssige Temperaturregelung und sorgenfreies Fahren.","breadcrumb":{"@id":"https:\/\/mx.motorad.com\/de\/produkte\/thermostate\/motorad-fail-safe-thermostate\/#breadcrumb"},"inLanguage":"de","potentialAction":[{"@type":"ReadAction","target":["https:\/\/mx.motorad.com\/de\/produkte\/thermostate\/motorad-fail-safe-thermostate\/"]}]},{"@type":"ImageObject","inLanguage":"de","@id":"https:\/\/mx.motorad.com\/de\/produkte\/thermostate\/motorad-fail-safe-thermostate\/#primaryimage","url":"https:\/\/mx.motorad.com\/wp-content\/uploads\/2025\/04\/Fail-Safe_Callout_web-1.jpg","contentUrl":"https:\/\/mx.motorad.com\/wp-content\/uploads\/2025\/04\/Fail-Safe_Callout_web-1.jpg"},{"@type":"BreadcrumbList","@id":"https:\/\/mx.motorad.com\/de\/produkte\/thermostate\/motorad-fail-safe-thermostate\/#breadcrumb","itemListElement":[{"@type":"ListItem","position":1,"name":"Home","item":"https:\/\/mx.motorad.com\/de\/"},{"@type":"ListItem","position":2,"name":"Produkte","item":"https:\/\/motoradnew.test\/de\/produkte\/"},{"@type":"ListItem","position":3,"name":"Thermostate","item":"https:\/\/motoradnew.test\/de\/produkte\/thermostate\/"},{"@type":"ListItem","position":4,"name":"MotoRad Fail-Safe\u00ae Thermostate"}]},{"@type":"WebSite","@id":"https:\/\/mx.motorad.com\/de\/#website","url":"https:\/\/mx.motorad.com\/de\/","name":"MotoRad","description":"Trusted to Deliver Better - Thermal Management, Emissions, Powertrain Controls","potentialAction":[{"@type":"SearchAction","target":{"@type":"EntryPoint","urlTemplate":"https:\/\/mx.motorad.com\/de\/?s={search_term_string}"},"query-input":{"@type":"PropertyValueSpecification","valueRequired":true,"valueName":"search_term_string"}}],"inLanguage":"de"}]}},"_links":{"self":[{"href":"https:\/\/mx.motorad.com\/de\/wp-json\/wp\/v2\/pages\/6076","targetHints":{"allow":["GET"]}}],"collection":[{"href":"https:\/\/mx.motorad.com\/de\/wp-json\/wp\/v2\/pages"}],"about":[{"href":"https:\/\/mx.motorad.com\/de\/wp-json\/wp\/v2\/types\/page"}],"author":[{"embeddable":true,"href":"https:\/\/mx.motorad.com\/de\/wp-json\/wp\/v2\/users\/1"}],"replies":[{"embeddable":true,"href":"https:\/\/mx.motorad.com\/de\/wp-json\/wp\/v2\/comments?post=6076"}],"version-history":[{"count":4,"href":"https:\/\/mx.motorad.com\/de\/wp-json\/wp\/v2\/pages\/6076\/revisions"}],"predecessor-version":[{"id":87650,"href":"https:\/\/mx.motorad.com\/de\/wp-json\/wp\/v2\/pages\/6076\/revisions\/87650"}],"up":[{"embeddable":true,"href":"https:\/\/mx.motorad.com\/de\/wp-json\/wp\/v2\/pages\/6741"}],"wp:attachment":[{"href":"https:\/\/mx.motorad.com\/de\/wp-json\/wp\/v2\/media?parent=6076"}],"curies":[{"name":"wp","href":"https:\/\/api.w.org\/{rel}","templated":true}]}}