{"id":6709,"date":"2025-04-03T15:47:22","date_gmt":"2025-04-03T15:47:22","guid":{"rendered":"https:\/\/mx.motorad.com\/motorad-ultrastat-thermostate\/"},"modified":"2025-07-17T13:56:30","modified_gmt":"2025-07-17T13:56:30","slug":"motorad-ultrastat-thermostate","status":"publish","type":"page","link":"https:\/\/mx.motorad.com\/de\/produkte\/thermostate\/motorad-ultrastat-thermostate\/","title":{"rendered":"MotoRad UltraStat\u00ae Thermostate"},"content":{"rendered":"<h1 style=\"margin-top:var(--wp--preset--spacing--60);margin-right:0;margin-bottom:var(--wp--preset--spacing--60);\" class=\"wp-block-post-title\">MotoRad UltraStat\u00ae Thermostate<\/h1>\n<div class=\"wp-block-columns is-layout-flex wp-container-core-columns-is-layout-212ad063 wp-block-columns-is-layout-flex\" style=\"margin-bottom:var(--wp--preset--spacing--70)\">\n<div class=\"wp-block-column is-layout-flow wp-block-column-is-layout-flow\" style=\"flex-basis:33.33%\">\n<figure class=\"wp-block-image size-full\"><img loading=\"lazy\" decoding=\"async\" width=\"720\" height=\"347\" src=\"https:\/\/mx.motorad.com\/wp-content\/uploads\/2025\/04\/UltraStat_Image_web-1.jpg\" alt=\"\" class=\"wp-image-3415\" srcset=\"https:\/\/mx.motorad.com\/wp-content\/uploads\/2025\/04\/UltraStat_Image_web-1.jpg 720w, https:\/\/mx.motorad.com\/wp-content\/uploads\/2025\/04\/UltraStat_Image_web-1-300x145.jpg 300w\" sizes=\"auto, (max-width: 720px) 100vw, 720px\" \/><\/figure>\n<\/div>\n\n\n\n<div class=\"wp-block-column is-layout-flow wp-block-column-is-layout-flow\" style=\"flex-basis:66.66%\">\n<p>Die MotoRad\u00ae UltraStat\u00ae Edelstahl-Thermostate sind eine innovative Upgrade-Option f\u00fcr den Ersatz von Kfz-Thermostaten und bieten viele Vorteile gegen\u00fcber der Originalausr\u00fcstung. Die Konstruktion aus dickwandigem Edelstahl bietet die h\u00f6chste Korrosionsbest\u00e4ndigkeit aller Thermostate auf dem Markt. Die propriet\u00e4re BLVT\u2122-Ventilkonstruktionstechnologie verhindert Thermoschocks, w\u00e4hrend das robuste AccuSpring\u2122-Design f\u00fcr eine pr\u00e4zise Federbelastung zur Temperaturstabilisierung sorgt und somit den Fahrkomfort erh\u00f6ht.  <\/p>\n<\/div>\n<\/div>\n\n<figure class=\"wp-block-embed is-type-video is-provider-youtube wp-block-embed-youtube wp-embed-aspect-16-9 wp-has-aspect-ratio\" style=\"margin-bottom:var(--wp--preset--spacing--60)\"><div class=\"wp-block-embed__wrapper\">\n<iframe loading=\"lazy\" title=\"UltraStat\u00ae Thermostat by MotoRad\" width=\"500\" height=\"281\" src=\"https:\/\/www.youtube.com\/embed\/TsLFy4nwlBY?feature=oembed\" frameborder=\"0\" allow=\"accelerometer; autoplay; clipboard-write; encrypted-media; gyroscope; picture-in-picture; web-share\" referrerpolicy=\"strict-origin-when-cross-origin\" allowfullscreen><\/iframe>\n<\/div><\/figure>\n\n<p style=\"margin-bottom:var(--wp--preset--spacing--30)\"><strong>AUF DER SUCHE NACH UPGRADE-M\u00d6GLICHKEITEN?<\/strong><\/p>\n\n<p style=\"margin-bottom:var(--wp--preset--spacing--30)\">Die Produkt- und Entwicklungsteams von MotoRad\u00ae sind mit den Marktanforderungen vertraut und bieten innovative OEM+ Produktl\u00f6sungen, die Ihnen und Ihren Kunden OPTIONEN geben!<\/p>\n\n<p style=\"margin-bottom:var(--wp--preset--spacing--30)\"><strong>Upgrade<\/strong> <strong>f\u00fcr Kunden auf<\/strong> <strong>UltraStat\u00ae<\/strong><\/p>\n\n<ul style=\"margin-bottom:var(--wp--preset--spacing--60)\" class=\"wp-block-list\">\n<li><em>Dickwandige Edelstahlkonstruktion<\/em> <em>bietet die h\u00f6chste<\/em> <em>Korrosionsbest\u00e4ndigkeit aller<\/em> <em>Thermostate auf dem Markt.<\/em><\/li>\n\n\n\n<li><em>Propriet\u00e4re BLVT\u2122-Ventilkonstruktionstechnologie<\/em> <em>verhindert Thermoschocks<\/em>.<\/li>\n\n\n\n<li><em>Robustes AccuSpring\u2122-Design sorgt f\u00fcr<\/em> <em>pr\u00e4zise Federbelastung zur<\/em> <em>Temperaturstabilisierung und erh\u00f6ht den<\/em> <em>Fahrgastkomfort<\/em>.<\/li>\n<\/ul>\n\n<div class=\"wp-block-columns is-layout-flex wp-container-core-columns-is-layout-8dca0e93 wp-block-columns-is-layout-flex\" style=\"margin-bottom:var(--wp--preset--spacing--70)\">\n<div class=\"wp-block-column is-vertically-aligned-center is-layout-flow wp-block-column-is-layout-flow\" style=\"flex-basis:33.33%\">\n<figure class=\"wp-block-image aligncenter size-full\"><img loading=\"lazy\" decoding=\"async\" width=\"291\" height=\"261\" src=\"https:\/\/mx.motorad.com\/wp-content\/uploads\/2025\/04\/ultrastat.webp\" alt=\"\" class=\"wp-image-3441\"\/><\/figure>\n<\/div>\n\n\n\n<div class=\"wp-block-column is-layout-flow wp-block-column-is-layout-flow\" style=\"flex-basis:66.66%\">\n<h2 class=\"wp-block-heading\" id=\"h-designed-for-severe-duty-amp-high-performance-engines\" style=\"margin-bottom:var(--wp--preset--spacing--40)\">Entwickelt f\u00fcr Hochleistungsmotoren und extremen Einsatz<\/h2>\n\n\n\n<p style=\"margin-bottom:var(--wp--preset--spacing--50)\">Sie k\u00f6nnen unseren Online-Thermostatkatalog und Teilefinder f\u00fcr Fahrzeugaustausch und Querverweise zu Teilenummern mit Herstellerartikelnummern und Lieferantencodes nutzen, um den richtigen Thermostaten f\u00fcr Ihr Fahrzeug zu finden. <\/p>\n\n\n\n<div class=\"wp-block-buttons is-layout-flex wp-block-buttons-is-layout-flex\">\n<div class=\"wp-block-button\"><a class=\"wp-block-button__link wp-element-button\" href=\"https:\/\/mx.motorad.com\/de\/produkte\/\">Finden Sie Ihren Thermostaten<\/a><\/div>\n<\/div>\n<\/div>\n<\/div>\n\n<div class=\"wp-block-cover alignfull is-light\" style=\"padding-top:var(--wp--preset--spacing--60);padding-bottom:var(--wp--preset--spacing--60)\"><span aria-hidden=\"true\" class=\"wp-block-cover__background has-background-dim-0 has-background-dim\" style=\"background-color:#ece5d9\"><\/span><img loading=\"lazy\" decoding=\"async\" width=\"1505\" height=\"305\" class=\"wp-block-cover__image-background wp-image-223\" alt=\"\" src=\"https:\/\/mx.motorad.com\/wp-content\/uploads\/2025\/03\/FooterCTA.jpg\" data-object-fit=\"cover\" srcset=\"https:\/\/mx.motorad.com\/wp-content\/uploads\/2025\/03\/FooterCTA.jpg 1505w, https:\/\/mx.motorad.com\/wp-content\/uploads\/2025\/03\/FooterCTA-300x61.jpg 300w, https:\/\/mx.motorad.com\/wp-content\/uploads\/2025\/03\/FooterCTA-1024x208.jpg 1024w, https:\/\/mx.motorad.com\/wp-content\/uploads\/2025\/03\/FooterCTA-768x156.jpg 768w\" sizes=\"auto, (max-width: 1505px) 100vw, 1505px\" \/><div class=\"wp-block-cover__inner-container is-layout-flow wp-block-cover-is-layout-flow\">\n<div class=\"wp-block-columns are-vertically-aligned-center is-layout-flex wp-container-core-columns-is-layout-cbe57604 wp-block-columns-is-layout-flex\">\n<div class=\"wp-block-column is-vertically-aligned-center is-layout-flow wp-block-column-is-layout-flow\" style=\"flex-basis:45%\">\n<h2 class=\"wp-block-heading has-text-align-center has-palette-text-color has-text-color\" id=\"h-need-help-finding-the-right-product\" style=\"margin-bottom:var(--wp--preset--spacing--40)\">Brauchen Sie Hilfe bei der Suche nach dem richtigen Produkt?<\/h2>\n\n\n\n<p class=\"has-text-align-center has-palette-text-color has-text-color\" style=\"margin-bottom:var(--wp--preset--spacing--50)\">Unser engagiertes Team ist hier, um Sie in die richtige Richtung zu lenken. Klicken Sie unten und lassen Sie uns wissen, wie wir Ihnen helfen k\u00f6nnen, das ideale Produkt f\u00fcr Ihren Bedarf zu finden. Ihre Reise zu BESSEREN Erfahrungen beginnt hier.  <\/p>\n\n\n\n<div class=\"wp-block-buttons is-content-justification-center is-layout-flex wp-container-core-buttons-is-layout-a89b3969 wp-block-buttons-is-layout-flex\">\n<div class=\"wp-block-button\"><a class=\"wp-block-button__link has-text-align-center wp-element-button\" href=\"https:\/\/mx.motorad.com\/contact\/need-help-finding-something\/\">Sprechen Sie mit einem MotoRad Spezialisten<\/a><\/div>\n<\/div>\n<\/div>\n\n\n\n<div class=\"wp-block-column is-layout-flow wp-block-column-is-layout-flow\" style=\"flex-basis:10%\"><\/div>\n\n\n\n<div class=\"wp-block-column is-layout-flow wp-block-column-is-layout-flow\" style=\"flex-basis:45%\">\n<h2 class=\"wp-block-heading has-text-align-center has-palette-text-color has-text-color\" id=\"h-looking-for-custom-development\" style=\"margin-bottom:var(--wp--preset--spacing--40)\">Suchen Sie eine individuelle Entwicklung?<\/h2>\n\n\n\n<p class=\"has-text-align-center has-palette-text-color has-text-color\" style=\"margin-bottom:var(--wp--preset--spacing--50)\">Bei uns geht es nicht nur um Produkte, sondern um ma\u00dfgeschneiderte L\u00f6sungen, die Ihren Bed\u00fcrfnissen entsprechen. Sind Sie bereit, Ihr neues Projekt zum Leben zu erwecken? Klicken Sie unten, und lassen Sie uns gemeinsam auf die Reise der individuellen Produktentwicklung gehen.  <\/p>\n\n\n\n<div class=\"wp-block-buttons is-content-justification-center is-layout-flex wp-container-core-buttons-is-layout-a89b3969 wp-block-buttons-is-layout-flex\">\n<div class=\"wp-block-button is-style-fill\"><a class=\"wp-block-button__link has-palette-bg-color has-palette-text-background-color has-text-color has-background has-text-align-center wp-element-button\" href=\"https:\/\/mx.motorad.com\/contact\/do-you-need-custom-development\/\">Wir m\u00f6chten Ihr Lieferant sein<\/a><\/div>\n<\/div>\n<\/div>\n<\/div>\n<\/div><\/div>\n","protected":false},"excerpt":{"rendered":"<p>Die MotoRad\u00ae UltraStat\u00ae Edelstahl-Thermostate sind eine innovative Upgrade-Option f\u00fcr den Ersatz von Kfz-Thermostaten und bieten viele Vorteile gegen\u00fcber der Originalausr\u00fcstung. [&#8230;]<\/p>\n","protected":false},"author":1,"featured_media":0,"parent":6741,"menu_order":0,"comment_status":"closed","ping_status":"closed","template":"","meta":{"_acf_changed":false,"footnotes":""},"class_list":["post-6709","page","type-page","status-publish","hentry"],"acf":[],"yoast_head":"<!-- This site is optimized with the Yoast SEO Premium plugin v27.2 (Yoast SEO v27.2) - https:\/\/yoast.com\/product\/yoast-seo-premium-wordpress\/ -->\n<title>MotoRad UltraStat\u00ae Thermostate - MotoRad<\/title>\n<meta name=\"description\" content=\"MotoRad - MotoRad UltraStat\u00ae Thermostate\" \/>\n<meta name=\"robots\" content=\"index, follow, max-snippet:-1, max-image-preview:large, max-video-preview:-1\" \/>\n<link rel=\"canonical\" href=\"https:\/\/mx.motorad.com\/de\/produkte\/thermostate\/motorad-ultrastat-thermostate\/\" \/>\n<meta property=\"og:locale\" content=\"de_DE\" \/>\n<meta property=\"og:type\" content=\"article\" \/>\n<meta property=\"og:title\" content=\"MotoRad UltraStat\u00ae Thermostate\" \/>\n<meta property=\"og:description\" content=\"MotoRad - MotoRad UltraStat\u00ae Thermostate\" \/>\n<meta property=\"og:url\" content=\"https:\/\/mx.motorad.com\/de\/produkte\/thermostate\/motorad-ultrastat-thermostate\/\" \/>\n<meta property=\"og:site_name\" content=\"MotoRad\" \/>\n<meta property=\"article:modified_time\" content=\"2025-07-17T13:56:30+00:00\" \/>\n<meta property=\"og:image\" content=\"https:\/\/mx.motorad.com\/wp-content\/uploads\/2025\/04\/UltraStat_Image_web-1.jpg\" \/>\n\t<meta property=\"og:image:width\" content=\"720\" \/>\n\t<meta property=\"og:image:height\" content=\"347\" \/>\n\t<meta property=\"og:image:type\" content=\"image\/jpeg\" \/>\n<meta name=\"twitter:card\" content=\"summary_large_image\" \/>\n<meta name=\"twitter:label1\" content=\"Est. reading time\" \/>\n\t<meta name=\"twitter:data1\" content=\"1\u00a0Minute\" \/>\n<script type=\"application\/ld+json\" class=\"yoast-schema-graph\">{\"@context\":\"https:\/\/schema.org\",\"@graph\":[{\"@type\":\"WebPage\",\"@id\":\"https:\/\/mx.motorad.com\/de\/produkte\/thermostate\/motorad-ultrastat-thermostate\/\",\"url\":\"https:\/\/mx.motorad.com\/de\/produkte\/thermostate\/motorad-ultrastat-thermostate\/\",\"name\":\"MotoRad UltraStat\u00ae Thermostate - MotoRad\",\"isPartOf\":{\"@id\":\"https:\/\/mx.motorad.com\/de\/#website\"},\"primaryImageOfPage\":{\"@id\":\"https:\/\/mx.motorad.com\/de\/produkte\/thermostate\/motorad-ultrastat-thermostate\/#primaryimage\"},\"image\":{\"@id\":\"https:\/\/mx.motorad.com\/de\/produkte\/thermostate\/motorad-ultrastat-thermostate\/#primaryimage\"},\"thumbnailUrl\":\"https:\/\/mx.motorad.com\/wp-content\/uploads\/2025\/04\/UltraStat_Image_web-1.jpg\",\"datePublished\":\"2025-04-03T15:47:22+00:00\",\"dateModified\":\"2025-07-17T13:56:30+00:00\",\"description\":\"MotoRad - MotoRad UltraStat\u00ae Thermostate\",\"breadcrumb\":{\"@id\":\"https:\/\/mx.motorad.com\/de\/produkte\/thermostate\/motorad-ultrastat-thermostate\/#breadcrumb\"},\"inLanguage\":\"de\",\"potentialAction\":[{\"@type\":\"ReadAction\",\"target\":[\"https:\/\/mx.motorad.com\/de\/produkte\/thermostate\/motorad-ultrastat-thermostate\/\"]}]},{\"@type\":\"ImageObject\",\"inLanguage\":\"de\",\"@id\":\"https:\/\/mx.motorad.com\/de\/produkte\/thermostate\/motorad-ultrastat-thermostate\/#primaryimage\",\"url\":\"https:\/\/mx.motorad.com\/wp-content\/uploads\/2025\/04\/UltraStat_Image_web-1.jpg\",\"contentUrl\":\"https:\/\/mx.motorad.com\/wp-content\/uploads\/2025\/04\/UltraStat_Image_web-1.jpg\"},{\"@type\":\"BreadcrumbList\",\"@id\":\"https:\/\/mx.motorad.com\/de\/produkte\/thermostate\/motorad-ultrastat-thermostate\/#breadcrumb\",\"itemListElement\":[{\"@type\":\"ListItem\",\"position\":1,\"name\":\"Home\",\"item\":\"https:\/\/mx.motorad.com\/de\/\"},{\"@type\":\"ListItem\",\"position\":2,\"name\":\"Produkte\",\"item\":\"https:\/\/motoradnew.test\/de\/produkte\/\"},{\"@type\":\"ListItem\",\"position\":3,\"name\":\"Thermostate\",\"item\":\"https:\/\/motoradnew.test\/de\/produkte\/thermostate\/\"},{\"@type\":\"ListItem\",\"position\":4,\"name\":\"MotoRad UltraStat\u00ae Thermostate\"}]},{\"@type\":\"WebSite\",\"@id\":\"https:\/\/mx.motorad.com\/de\/#website\",\"url\":\"https:\/\/mx.motorad.com\/de\/\",\"name\":\"MotoRad\",\"description\":\"Trusted to Deliver Better - Thermal Management, Emissions, Powertrain Controls\",\"potentialAction\":[{\"@type\":\"SearchAction\",\"target\":{\"@type\":\"EntryPoint\",\"urlTemplate\":\"https:\/\/mx.motorad.com\/de\/?s={search_term_string}\"},\"query-input\":{\"@type\":\"PropertyValueSpecification\",\"valueRequired\":true,\"valueName\":\"search_term_string\"}}],\"inLanguage\":\"de\"}]}<\/script>\n<!-- \/ Yoast SEO Premium plugin. -->","yoast_head_json":{"title":"MotoRad UltraStat\u00ae Thermostate - MotoRad","description":"MotoRad - MotoRad UltraStat\u00ae Thermostate","robots":{"index":"index","follow":"follow","max-snippet":"max-snippet:-1","max-image-preview":"max-image-preview:large","max-video-preview":"max-video-preview:-1"},"canonical":"https:\/\/mx.motorad.com\/de\/produkte\/thermostate\/motorad-ultrastat-thermostate\/","og_locale":"de_DE","og_type":"article","og_title":"MotoRad UltraStat\u00ae Thermostate","og_description":"MotoRad - MotoRad UltraStat\u00ae Thermostate","og_url":"https:\/\/mx.motorad.com\/de\/produkte\/thermostate\/motorad-ultrastat-thermostate\/","og_site_name":"MotoRad","article_modified_time":"2025-07-17T13:56:30+00:00","og_image":[{"width":720,"height":347,"url":"https:\/\/mx.motorad.com\/wp-content\/uploads\/2025\/04\/UltraStat_Image_web-1.jpg","type":"image\/jpeg"}],"twitter_card":"summary_large_image","twitter_misc":{"Est. reading time":"1\u00a0Minute"},"schema":{"@context":"https:\/\/schema.org","@graph":[{"@type":"WebPage","@id":"https:\/\/mx.motorad.com\/de\/produkte\/thermostate\/motorad-ultrastat-thermostate\/","url":"https:\/\/mx.motorad.com\/de\/produkte\/thermostate\/motorad-ultrastat-thermostate\/","name":"MotoRad UltraStat\u00ae Thermostate - MotoRad","isPartOf":{"@id":"https:\/\/mx.motorad.com\/de\/#website"},"primaryImageOfPage":{"@id":"https:\/\/mx.motorad.com\/de\/produkte\/thermostate\/motorad-ultrastat-thermostate\/#primaryimage"},"image":{"@id":"https:\/\/mx.motorad.com\/de\/produkte\/thermostate\/motorad-ultrastat-thermostate\/#primaryimage"},"thumbnailUrl":"https:\/\/mx.motorad.com\/wp-content\/uploads\/2025\/04\/UltraStat_Image_web-1.jpg","datePublished":"2025-04-03T15:47:22+00:00","dateModified":"2025-07-17T13:56:30+00:00","description":"MotoRad - MotoRad UltraStat\u00ae Thermostate","breadcrumb":{"@id":"https:\/\/mx.motorad.com\/de\/produkte\/thermostate\/motorad-ultrastat-thermostate\/#breadcrumb"},"inLanguage":"de","potentialAction":[{"@type":"ReadAction","target":["https:\/\/mx.motorad.com\/de\/produkte\/thermostate\/motorad-ultrastat-thermostate\/"]}]},{"@type":"ImageObject","inLanguage":"de","@id":"https:\/\/mx.motorad.com\/de\/produkte\/thermostate\/motorad-ultrastat-thermostate\/#primaryimage","url":"https:\/\/mx.motorad.com\/wp-content\/uploads\/2025\/04\/UltraStat_Image_web-1.jpg","contentUrl":"https:\/\/mx.motorad.com\/wp-content\/uploads\/2025\/04\/UltraStat_Image_web-1.jpg"},{"@type":"BreadcrumbList","@id":"https:\/\/mx.motorad.com\/de\/produkte\/thermostate\/motorad-ultrastat-thermostate\/#breadcrumb","itemListElement":[{"@type":"ListItem","position":1,"name":"Home","item":"https:\/\/mx.motorad.com\/de\/"},{"@type":"ListItem","position":2,"name":"Produkte","item":"https:\/\/motoradnew.test\/de\/produkte\/"},{"@type":"ListItem","position":3,"name":"Thermostate","item":"https:\/\/motoradnew.test\/de\/produkte\/thermostate\/"},{"@type":"ListItem","position":4,"name":"MotoRad UltraStat\u00ae Thermostate"}]},{"@type":"WebSite","@id":"https:\/\/mx.motorad.com\/de\/#website","url":"https:\/\/mx.motorad.com\/de\/","name":"MotoRad","description":"Trusted to Deliver Better - Thermal Management, Emissions, Powertrain Controls","potentialAction":[{"@type":"SearchAction","target":{"@type":"EntryPoint","urlTemplate":"https:\/\/mx.motorad.com\/de\/?s={search_term_string}"},"query-input":{"@type":"PropertyValueSpecification","valueRequired":true,"valueName":"search_term_string"}}],"inLanguage":"de"}]}},"_links":{"self":[{"href":"https:\/\/mx.motorad.com\/de\/wp-json\/wp\/v2\/pages\/6709","targetHints":{"allow":["GET"]}}],"collection":[{"href":"https:\/\/mx.motorad.com\/de\/wp-json\/wp\/v2\/pages"}],"about":[{"href":"https:\/\/mx.motorad.com\/de\/wp-json\/wp\/v2\/types\/page"}],"author":[{"embeddable":true,"href":"https:\/\/mx.motorad.com\/de\/wp-json\/wp\/v2\/users\/1"}],"replies":[{"embeddable":true,"href":"https:\/\/mx.motorad.com\/de\/wp-json\/wp\/v2\/comments?post=6709"}],"version-history":[{"count":2,"href":"https:\/\/mx.motorad.com\/de\/wp-json\/wp\/v2\/pages\/6709\/revisions"}],"predecessor-version":[{"id":55758,"href":"https:\/\/mx.motorad.com\/de\/wp-json\/wp\/v2\/pages\/6709\/revisions\/55758"}],"up":[{"embeddable":true,"href":"https:\/\/mx.motorad.com\/de\/wp-json\/wp\/v2\/pages\/6741"}],"wp:attachment":[{"href":"https:\/\/mx.motorad.com\/de\/wp-json\/wp\/v2\/media?parent=6709"}],"curies":[{"name":"wp","href":"https:\/\/api.w.org\/{rel}","templated":true}]}}