{"id":6741,"date":"2025-04-03T15:31:25","date_gmt":"2025-04-03T15:31:25","guid":{"rendered":"https:\/\/mx.motorad.com\/thermostate\/"},"modified":"2025-07-17T13:56:30","modified_gmt":"2025-07-17T13:56:30","slug":"thermostate","status":"publish","type":"page","link":"https:\/\/mx.motorad.com\/de\/produkte\/thermostate\/","title":{"rendered":"Thermostate"},"content":{"rendered":"\n<div class=\"wp-block-columns is-layout-flex wp-container-core-columns-is-layout-45c10ec9 wp-block-columns-is-layout-flex\" style=\"margin-top:var(--wp--preset--spacing--60);margin-bottom:var(--wp--preset--spacing--60)\">\n<div class=\"wp-block-column is-vertically-aligned-center is-layout-flow wp-block-column-is-layout-flow\" style=\"flex-basis:33.33%\">\n<figure class=\"wp-block-image aligncenter size-full\"><img loading=\"lazy\" decoding=\"async\" width=\"216\" height=\"216\" src=\"https:\/\/mx.motorad.com\/wp-content\/uploads\/2025\/04\/Motorad-04.svg\" alt=\"\" class=\"wp-image-3379\"\/><\/figure>\n<\/div>\n\n\n\n<div class=\"wp-block-column is-layout-flow wp-block-column-is-layout-flow\" style=\"flex-basis:66.66%\">\n<h2 class=\"wp-block-heading\" id=\"h-explore-oem-quality-automotive-thermostats-motorad\" style=\"margin-bottom:var(--wp--preset--spacing--50)\">Entdecken Sie OEM-Qualit\u00e4ts-Kfz-Thermostate | MotoRad\u00ae<\/h2>\n\n\n\n<p style=\"margin-bottom:var(--wp--preset--spacing--20)\">MotoRad\u00ae bietet die beste Abdeckung von Thermostaten weltweit f\u00fcr fast jedes Fahrzeug und jeden Motor. MotoRad\u00ae Thermostate spielen eine entscheidende Rolle bei der Aufrechterhaltung der Arbeitstemperatur des Motors.  <\/p>\n\n\n\n<p style=\"margin-bottom:var(--wp--preset--spacing--20)\"><em>Der Thermostat fungiert als temperaturempfindliches Ventil<\/em>, das den K\u00fchlmittelfluss des Motors reguliert<em>.<\/em> <em>Er \u00f6ffnet und schlie\u00dft sich entsprechend der Motortemperatur und h\u00e4lt<\/em> <em>diese im idealen Betriebsbereich.<\/em><\/p>\n\n\n\n<p style=\"margin-bottom:var(--wp--preset--spacing--20)\">Die Leistung des Thermostats in einem Fahrzeug beeinflusst die Effizienz der Verbrennung und der Kraft\u00fcbertragung, den Kraftstoffverbrauch, die Schadstoffemissionen und die Lebensdauer des Motors.<\/p>\n\n\n\n<p style=\"margin-bottom:var(--wp--preset--spacing--20)\"><em><strong>Hauptmerkmale:<\/strong><\/em><\/p>\n\n\n\n<ul class=\"wp-block-list\">\n<li><em>Der Thermostat hilft, eine \u00dcberhitzung des Motors zu verhindern, indem er<\/em> <em>die Zirkulation des K\u00fchlmittels erm\u00f6glicht, wenn der Motor eine bestimmte Temperatur erreicht.<\/em><\/li>\n\n\n\n<li><em>Die Aufrechterhaltung des Motors bei der korrekten Betriebstemperatur verbessert<\/em> <em>die Kraftstoffeffizienz.<\/em><\/li>\n\n\n\n<li><em>Die Aufrechterhaltung der korrekten Motortemperatur ist wesentlich<\/em> <em>f\u00fcr die Emissionskontrolle.<\/em><\/li>\n\n\n\n<li>Verbrennungsmotoren (I.C.E.) sowie elektrifizierte, Hybrid- und Elektrofahrzeuge verwenden alle Thermostate, um die richtige Betriebstemperatur aufrechtzuerhalten. <\/li>\n<\/ul>\n<\/div>\n<\/div>\n\n<h3 class=\"wp-block-heading\" id=\"h-premium-automotive-thermostats-for-global-distribution\" style=\"margin-bottom:var(--wp--preset--spacing--40)\">Premium-Kfz-Thermostate f\u00fcr den weltweiten Vertrieb<\/h3>\n\n<p style=\"margin-bottom:var(--wp--preset--spacing--30)\">MotoRad\u00ae ist der f\u00fchrende Hersteller und Lieferant von Kfz-Thermostaten und verwandten Produkten. Unser umfangreicher Katalog bietet hochwertige Thermostate, die f\u00fcr verschiedene Fahrzeugmodelle geeignet sind. Ob in Nordamerika, Mexiko, Kanada, Brasilien, Europa oder der EMEA-Region, wir haben die perfekte L\u00f6sung f\u00fcr Ihre automobilen Bed\u00fcrfnisse.  <\/p>\n\n<h4 class=\"wp-block-heading has-text-align-center is-style-subheading\">Entdecken Sie unser Sortiment:<\/h4>\n\n<p class=\"has-text-align-center is-style-subheading\" style=\"margin-bottom:var(--wp--preset--spacing--30)\">Erkunden Sie unseren umfassenden Katalog mit einer vielf\u00e4ltigen Auswahl an Kfz-Thermostaten, die den h\u00f6chsten Branchenstandards entsprechen. Von Standardmodellen bis hin zu spezialisierten Varianten haben wir den perfekten Thermostaten f\u00fcr Ihr Fahrzeug. <\/p>\n\n<div class=\"wp-block-columns is-layout-flex wp-container-core-columns-is-layout-1a0c0cd9 wp-block-columns-is-layout-flex\" style=\"margin-top:var(--wp--preset--spacing--60);margin-bottom:var(--wp--preset--spacing--60)\">\n<div class=\"wp-block-column is-layout-flow wp-block-column-is-layout-flow\">\n<h4 class=\"wp-block-heading has-text-align-center has-medium-font-size\" id=\"h-automotive-thermostats\" style=\"margin-bottom:var(--wp--preset--spacing--40)\"><a href=\"https:\/\/mx.motorad.com\/de\/thermostate\/kfz-thermostate\/\">Kfz-Thermostate<\/a><\/h4>\n\n\n\n<figure class=\"wp-block-image aligncenter size-full is-resized\"><a href=\"https:\/\/mx.motorad.com\/de\/thermostate\/kfz-thermostate\/\"><img loading=\"lazy\" decoding=\"async\" width=\"240\" height=\"248\" src=\"https:\/\/mx.motorad.com\/wp-content\/uploads\/2025\/04\/part.webp\" alt=\"\" class=\"wp-image-3408\" style=\"width:auto;height:115px\"\/><\/a><\/figure>\n<\/div>\n\n\n\n<div class=\"wp-block-column is-layout-flow wp-block-column-is-layout-flow\">\n<h4 class=\"wp-block-heading has-text-align-center has-medium-font-size\" id=\"h-fail-safe-thermostats\" style=\"margin-bottom:var(--wp--preset--spacing--40)\"><a href=\"http:\/\/MotoRad%20Fail-Safe%C2%AE%20Thermostats\">Fail-safe\u00ae Thermostate<\/a><\/h4>\n\n\n\n<figure class=\"wp-block-image size-full\"><a href=\"https:\/\/mx.motorad.com\/de\/thermostate\/motorad-fail-safe-thermostate\/\"><img loading=\"lazy\" decoding=\"async\" width=\"457\" height=\"204\" src=\"https:\/\/mx.motorad.com\/wp-content\/uploads\/2025\/04\/Fail-Safe_Callout_web-1.jpg\" alt=\"\" class=\"wp-image-3401\" srcset=\"https:\/\/mx.motorad.com\/wp-content\/uploads\/2025\/04\/Fail-Safe_Callout_web-1.jpg 457w, https:\/\/mx.motorad.com\/wp-content\/uploads\/2025\/04\/Fail-Safe_Callout_web-1-300x134.jpg 300w\" sizes=\"auto, (max-width: 457px) 100vw, 457px\" \/><\/a><\/figure>\n<\/div>\n\n\n\n<div class=\"wp-block-column is-layout-flow wp-block-column-is-layout-flow\">\n<h4 class=\"wp-block-heading has-text-align-center has-medium-font-size\" id=\"h-ultrastat-thermostats\" style=\"margin-right:0;margin-bottom:var(--wp--preset--spacing--40)\"><a href=\"https:\/\/mx.motorad.com\/de\/thermostate\/motorad-ultrastat-thermostate\/\">UltraStat\u00ae Thermostate<\/a><\/h4>\n\n\n\n<figure class=\"wp-block-image size-full\"><a href=\"https:\/\/mx.motorad.com\/de\/thermostate\/motorad-ultrastat-thermostate\/\"><img loading=\"lazy\" decoding=\"async\" width=\"720\" height=\"347\" src=\"https:\/\/mx.motorad.com\/wp-content\/uploads\/2025\/04\/UltraStat_Image_web-1.jpg\" alt=\"\" class=\"wp-image-3415\" srcset=\"https:\/\/mx.motorad.com\/wp-content\/uploads\/2025\/04\/UltraStat_Image_web-1.jpg 720w, https:\/\/mx.motorad.com\/wp-content\/uploads\/2025\/04\/UltraStat_Image_web-1-300x145.jpg 300w\" sizes=\"auto, (max-width: 720px) 100vw, 720px\" \/><\/a><\/figure>\n<\/div>\n\n\n\n<div class=\"wp-block-column is-layout-flow wp-block-column-is-layout-flow\">\n<h4 class=\"wp-block-heading has-text-align-center has-medium-font-size\" id=\"h-coolant-housing\" style=\"margin-bottom:var(--wp--preset--spacing--40)\"><a href=\"https:\/\/mx.motorad.com\/de\/thermostate\/motorad-kuehlmittelgehaeuse\/\">K\u00fchlmittel-<br\/>geh\u00e4use<\/a><\/h4>\n\n\n\n<figure class=\"wp-block-image size-full\"><a href=\"https:\/\/mx.motorad.com\/de\/thermostate\/motorad-kuehlmittelgehaeuse\/\"><img loading=\"lazy\" decoding=\"async\" width=\"709\" height=\"319\" src=\"https:\/\/mx.motorad.com\/wp-content\/uploads\/2025\/04\/CH1026_Angle.jpg\" alt=\"\" class=\"wp-image-3394\" srcset=\"https:\/\/mx.motorad.com\/wp-content\/uploads\/2025\/04\/CH1026_Angle.jpg 709w, https:\/\/mx.motorad.com\/wp-content\/uploads\/2025\/04\/CH1026_Angle-300x135.jpg 300w\" sizes=\"auto, (max-width: 709px) 100vw, 709px\" \/><\/a><\/figure>\n<\/div>\n\n\n\n<div class=\"wp-block-column is-layout-flow wp-block-column-is-layout-flow\">\n<h4 class=\"wp-block-heading has-text-align-center has-medium-font-size\" id=\"h-integrated-housing-thermostats\" style=\"margin-bottom:var(--wp--preset--spacing--40)\"><a href=\"https:\/\/mx.motorad.com\/de\/thermostate\/motorad-integrierte-gehaeusethermostate\/\">Integrierte Geh\u00e4usethermostate<\/a><\/h4>\n\n\n\n<figure class=\"wp-block-image size-full\"><a href=\"https:\/\/mx.motorad.com\/de\/thermostate\/motorad-integrierte-gehaeusethermostate\/\"><img loading=\"lazy\" decoding=\"async\" width=\"709\" height=\"319\" src=\"https:\/\/mx.motorad.com\/wp-content\/uploads\/2025\/04\/1000-217_Angle.jpg\" alt=\"\" class=\"wp-image-3387\" srcset=\"https:\/\/mx.motorad.com\/wp-content\/uploads\/2025\/04\/1000-217_Angle.jpg 709w, https:\/\/mx.motorad.com\/wp-content\/uploads\/2025\/04\/1000-217_Angle-300x135.jpg 300w\" sizes=\"auto, (max-width: 709px) 100vw, 709px\" \/><\/a><\/figure>\n<\/div>\n<\/div>\n\n<p style=\"margin-bottom:var(--wp--preset--spacing--20)\"><strong>Thermostat-Querverweise und Austauschkompatibilit\u00e4t:<\/strong><br\/>Finden Sie m\u00fchelos kompatible Thermostate f\u00fcr Ihr Fahrzeug mit unserem praktischen Querverweistool. Vereinfachen Sie Ihre Suche und gew\u00e4hrleisten Sie jedes Mal eine pr\u00e4zise Passform. <\/p>\n\n<p style=\"margin-bottom:var(--wp--preset--spacing--20)\"><strong>Detaillierte Thermostat-Produktspezifikationen:<\/strong><br\/>Sie k\u00f6nnen auf detaillierte Spezifikationen f\u00fcr jeden Thermostaten zugreifen, die Ihnen helfen, fundierte Entscheidungen basierend auf den Anforderungen Ihres Fahrzeugs zu treffen. Unser Engagement f\u00fcr Qualit\u00e4t und Pr\u00e4zision gew\u00e4hrleistet optimale Leistung und Langlebigkeit. <\/p>\n\n<p style=\"margin-bottom:var(--wp--preset--spacing--20)\"><strong>Vertrauensw\u00fcrdiger Hersteller und Lieferant f\u00fcr <strong>Thermomanagement-Produkte<\/strong>:<\/strong><br\/>Als vertrauensw\u00fcrdiger Hersteller und Lieferant h\u00e4lt sich MotoRad\u00ae an strenge Qualit\u00e4tskontrollma\u00dfnahmen, um zuverl\u00e4ssige Produkte zu liefern, die die Branchenstandards erf\u00fcllen oder \u00fcbertreffen. Verlassen Sie sich auf uns f\u00fcr \u00fcberlegene Leistung und Langlebigkeit. <\/p>\n\n<p style=\"margin-bottom:var(--wp--preset--spacing--20)\"><strong>Globales Vertriebsnetzwerk:<\/strong><br\/>Profitieren Sie von unserem umfangreichen globalen Vertriebsnetzwerk, das eine prompte Lieferung an Ihre Haust\u00fcr gew\u00e4hrleistet, wo immer Sie sich befinden. Ob Sie in Nordamerika, Mexiko, Kanada, Brasilien, Europa oder der EMEA-Region sind, greifen Sie problemlos auf unsere Premium-Produkte zu. <\/p>\n\n<p style=\"margin-bottom:var(--wp--preset--spacing--20)\"><strong>Engagierte Lagerhaltung:<\/strong><br\/>Unsere strategisch g\u00fcnstig gelegenen Lager erleichtern einen effizienten Vertrieb, minimieren die Lieferzeiten und gew\u00e4hrleisten die Produktverf\u00fcgbarkeit, wenn Sie sie am dringendsten ben\u00f6tigen.<\/p>\n\n<p style=\"margin-bottom:var(--wp--preset--spacing--20)\"><strong>Un\u00fcbertroffene Qualit\u00e4t und Zuverl\u00e4ssigkeit:<\/strong><br\/>MotoRad\u00aes Engagement f\u00fcr Qualit\u00e4t, Zuverl\u00e4ssigkeit und Kundenzufriedenheit macht uns zu einem f\u00fchrenden Unternehmen in der Automobilindustrie. Erleben Sie Seelenfrieden im Wissen, dass Sie in Produkte investieren, die unter allen Bedingungen au\u00dfergew\u00f6hnliche Leistung liefern. <\/p>\n\n<p style=\"margin-bottom:var(--wp--preset--spacing--20)\">W\u00e4hlen Sie MotoRad\u00ae f\u00fcr all Ihre Kfz-Thermostat-Bed\u00fcrfnisse und erleben Sie unvergleichliche Qualit\u00e4t, Zuverl\u00e4ssigkeit und Kundenservice. Durchst\u00f6bern Sie noch heute unseren Katalog und steigern Sie die Leistung Ihres Fahrzeugs mit unseren Premium-Produkten. <\/p>\n\n<div class=\"wp-block-buttons is-layout-flex wp-block-buttons-is-layout-flex\" style=\"padding-top:var(--wp--preset--spacing--60);padding-bottom:var(--wp--preset--spacing--70)\">\n<div class=\"wp-block-button\"><a class=\"wp-block-button__link wp-element-button\" href=\"https:\/\/mx.motorad.com\/de\/produkte\/\">Finden Sie Ihren Thermostaten<\/a><\/div>\n<\/div>\n\n<div class=\"wp-block-cover alignfull is-light\" style=\"padding-top:var(--wp--preset--spacing--60);padding-bottom:var(--wp--preset--spacing--60)\"><span aria-hidden=\"true\" class=\"wp-block-cover__background has-background-dim-0 has-background-dim\" style=\"background-color:#ece5d9\"><\/span><img loading=\"lazy\" decoding=\"async\" width=\"1505\" height=\"305\" class=\"wp-block-cover__image-background wp-image-223\" alt=\"\" src=\"https:\/\/mx.motorad.com\/wp-content\/uploads\/2025\/03\/FooterCTA.jpg\" data-object-fit=\"cover\" srcset=\"https:\/\/mx.motorad.com\/wp-content\/uploads\/2025\/03\/FooterCTA.jpg 1505w, https:\/\/mx.motorad.com\/wp-content\/uploads\/2025\/03\/FooterCTA-300x61.jpg 300w, https:\/\/mx.motorad.com\/wp-content\/uploads\/2025\/03\/FooterCTA-1024x208.jpg 1024w, https:\/\/mx.motorad.com\/wp-content\/uploads\/2025\/03\/FooterCTA-768x156.jpg 768w\" sizes=\"auto, (max-width: 1505px) 100vw, 1505px\" \/><div class=\"wp-block-cover__inner-container is-layout-flow wp-block-cover-is-layout-flow\">\n<div class=\"wp-block-columns are-vertically-aligned-center is-layout-flex wp-container-core-columns-is-layout-cbe57604 wp-block-columns-is-layout-flex\">\n<div class=\"wp-block-column is-vertically-aligned-center is-layout-flow wp-block-column-is-layout-flow\" style=\"flex-basis:45%\">\n<h2 class=\"wp-block-heading has-text-align-center has-palette-text-color has-text-color\" id=\"h-need-help-finding-the-right-product\" style=\"margin-bottom:var(--wp--preset--spacing--40)\">Brauchen Sie Hilfe bei der Suche nach dem richtigen Produkt?<\/h2>\n\n\n\n<p class=\"has-text-align-center has-palette-text-color has-text-color\" style=\"margin-bottom:var(--wp--preset--spacing--50)\">Unser engagiertes Team ist hier, um Sie in die richtige Richtung zu lenken. Klicken Sie unten und lassen Sie uns wissen, wie wir Ihnen helfen k\u00f6nnen, das ideale Produkt f\u00fcr Ihren Bedarf zu finden. Ihre Reise zu BESSEREN Erfahrungen beginnt hier.  <\/p>\n\n\n\n<div class=\"wp-block-buttons is-content-justification-center is-layout-flex wp-container-core-buttons-is-layout-a89b3969 wp-block-buttons-is-layout-flex\">\n<div class=\"wp-block-button\"><a class=\"wp-block-button__link has-text-align-center wp-element-button\" href=\"https:\/\/mx.motorad.com\/contact\/need-help-finding-something\/\">Sprechen Sie mit einem MotoRad Spezialisten<\/a><\/div>\n<\/div>\n<\/div>\n\n\n\n<div class=\"wp-block-column is-layout-flow wp-block-column-is-layout-flow\" style=\"flex-basis:10%\"><\/div>\n\n\n\n<div class=\"wp-block-column is-layout-flow wp-block-column-is-layout-flow\" style=\"flex-basis:45%\">\n<h2 class=\"wp-block-heading has-text-align-center has-palette-text-color has-text-color\" id=\"h-looking-for-custom-development\" style=\"margin-bottom:var(--wp--preset--spacing--40)\">Suchen Sie eine individuelle Entwicklung?<\/h2>\n\n\n\n<p class=\"has-text-align-center has-palette-text-color has-text-color\" style=\"margin-bottom:var(--wp--preset--spacing--50)\">Bei uns geht es nicht nur um Produkte, sondern um ma\u00dfgeschneiderte L\u00f6sungen, die Ihren Bed\u00fcrfnissen entsprechen. Sind Sie bereit, Ihr neues Projekt zum Leben zu erwecken? Klicken Sie unten, und lassen Sie uns gemeinsam auf die Reise der individuellen Produktentwicklung gehen.  <\/p>\n\n\n\n<div class=\"wp-block-buttons is-content-justification-center is-layout-flex wp-container-core-buttons-is-layout-a89b3969 wp-block-buttons-is-layout-flex\">\n<div class=\"wp-block-button is-style-fill\"><a class=\"wp-block-button__link has-palette-bg-color has-palette-text-background-color has-text-color has-background has-text-align-center wp-element-button\" href=\"https:\/\/mx.motorad.com\/contact\/do-you-need-custom-development\/\">Wir m\u00f6chten Ihr Lieferant sein<\/a><\/div>\n<\/div>\n<\/div>\n<\/div>\n<\/div><\/div>\n","protected":false},"excerpt":{"rendered":"<p>Entdecken Sie OEM-Qualit\u00e4ts-Kfz-Thermostate | MotoRad\u00ae MotoRad\u00ae bietet die beste Abdeckung von Thermostaten weltweit f\u00fcr fast jedes Fahrzeug und jeden Motor. [&#8230;]<\/p>\n","protected":false},"author":1,"featured_media":0,"parent":55753,"menu_order":0,"comment_status":"closed","ping_status":"closed","template":"","meta":{"_acf_changed":false,"footnotes":""},"class_list":["post-6741","page","type-page","status-publish","hentry"],"acf":[],"yoast_head":"<!-- This site is optimized with the Yoast SEO Premium plugin v27.2 (Yoast SEO v27.2) - https:\/\/yoast.com\/product\/yoast-seo-premium-wordpress\/ -->\n<title>Thermostate - MotoRad<\/title>\n<meta name=\"description\" content=\"Finden Sie OEM-Qualit\u00e4ts-Kfz-Thermostate in unserem umfangreichen Katalog. Querverweise, Spezifikationen und mehr. Vertrauensw\u00fcrdiger Hersteller-Lieferant mit weltweitem Vertrieb.\" \/>\n<meta name=\"robots\" content=\"index, follow, max-snippet:-1, max-image-preview:large, max-video-preview:-1\" \/>\n<link rel=\"canonical\" href=\"https:\/\/mx.motorad.com\/de\/produkte\/thermostate\/\" \/>\n<meta property=\"og:locale\" content=\"de_DE\" \/>\n<meta property=\"og:type\" content=\"article\" \/>\n<meta property=\"og:title\" content=\"Thermostate\" \/>\n<meta property=\"og:description\" content=\"Finden Sie OEM-Qualit\u00e4ts-Kfz-Thermostate in unserem umfangreichen Katalog. Querverweise, Spezifikationen und mehr. Vertrauensw\u00fcrdiger Hersteller-Lieferant mit weltweitem Vertrieb.\" \/>\n<meta property=\"og:url\" content=\"https:\/\/mx.motorad.com\/de\/produkte\/thermostate\/\" \/>\n<meta property=\"og:site_name\" content=\"MotoRad\" \/>\n<meta property=\"article:modified_time\" content=\"2025-07-17T13:56:30+00:00\" \/>\n<meta name=\"twitter:card\" content=\"summary_large_image\" \/>\n<meta name=\"twitter:label1\" content=\"Est. reading time\" \/>\n\t<meta name=\"twitter:data1\" content=\"3\u00a0Minuten\" \/>\n<script type=\"application\/ld+json\" class=\"yoast-schema-graph\">{\"@context\":\"https:\/\/schema.org\",\"@graph\":[{\"@type\":\"WebPage\",\"@id\":\"https:\/\/mx.motorad.com\/de\/produkte\/thermostate\/\",\"url\":\"https:\/\/mx.motorad.com\/de\/produkte\/thermostate\/\",\"name\":\"Thermostate - MotoRad\",\"isPartOf\":{\"@id\":\"https:\/\/mx.motorad.com\/de\/#website\"},\"primaryImageOfPage\":{\"@id\":\"https:\/\/mx.motorad.com\/de\/produkte\/thermostate\/#primaryimage\"},\"image\":{\"@id\":\"https:\/\/mx.motorad.com\/de\/produkte\/thermostate\/#primaryimage\"},\"thumbnailUrl\":\"https:\/\/mx.motorad.com\/wp-content\/uploads\/2025\/04\/Motorad-04.svg\",\"datePublished\":\"2025-04-03T15:31:25+00:00\",\"dateModified\":\"2025-07-17T13:56:30+00:00\",\"description\":\"Finden Sie OEM-Qualit\u00e4ts-Kfz-Thermostate in unserem umfangreichen Katalog. Querverweise, Spezifikationen und mehr. Vertrauensw\u00fcrdiger Hersteller-Lieferant mit weltweitem Vertrieb.\",\"breadcrumb\":{\"@id\":\"https:\/\/mx.motorad.com\/de\/produkte\/thermostate\/#breadcrumb\"},\"inLanguage\":\"de\",\"potentialAction\":[{\"@type\":\"ReadAction\",\"target\":[\"https:\/\/mx.motorad.com\/de\/produkte\/thermostate\/\"]}]},{\"@type\":\"ImageObject\",\"inLanguage\":\"de\",\"@id\":\"https:\/\/mx.motorad.com\/de\/produkte\/thermostate\/#primaryimage\",\"url\":\"https:\/\/mx.motorad.com\/wp-content\/uploads\/2025\/04\/Motorad-04.svg\",\"contentUrl\":\"https:\/\/mx.motorad.com\/wp-content\/uploads\/2025\/04\/Motorad-04.svg\"},{\"@type\":\"BreadcrumbList\",\"@id\":\"https:\/\/mx.motorad.com\/de\/produkte\/thermostate\/#breadcrumb\",\"itemListElement\":[{\"@type\":\"ListItem\",\"position\":1,\"name\":\"Home\",\"item\":\"https:\/\/mx.motorad.com\/de\/\"},{\"@type\":\"ListItem\",\"position\":2,\"name\":\"Produkte\",\"item\":\"https:\/\/motoradnew.test\/de\/produkte\/\"},{\"@type\":\"ListItem\",\"position\":3,\"name\":\"Thermostate\"}]},{\"@type\":\"WebSite\",\"@id\":\"https:\/\/mx.motorad.com\/de\/#website\",\"url\":\"https:\/\/mx.motorad.com\/de\/\",\"name\":\"MotoRad\",\"description\":\"Trusted to Deliver Better - Thermal Management, Emissions, Powertrain Controls\",\"potentialAction\":[{\"@type\":\"SearchAction\",\"target\":{\"@type\":\"EntryPoint\",\"urlTemplate\":\"https:\/\/mx.motorad.com\/de\/?s={search_term_string}\"},\"query-input\":{\"@type\":\"PropertyValueSpecification\",\"valueRequired\":true,\"valueName\":\"search_term_string\"}}],\"inLanguage\":\"de\"}]}<\/script>\n<!-- \/ Yoast SEO Premium plugin. -->","yoast_head_json":{"title":"Thermostate - MotoRad","description":"Finden Sie OEM-Qualit\u00e4ts-Kfz-Thermostate in unserem umfangreichen Katalog. Querverweise, Spezifikationen und mehr. Vertrauensw\u00fcrdiger Hersteller-Lieferant mit weltweitem Vertrieb.","robots":{"index":"index","follow":"follow","max-snippet":"max-snippet:-1","max-image-preview":"max-image-preview:large","max-video-preview":"max-video-preview:-1"},"canonical":"https:\/\/mx.motorad.com\/de\/produkte\/thermostate\/","og_locale":"de_DE","og_type":"article","og_title":"Thermostate","og_description":"Finden Sie OEM-Qualit\u00e4ts-Kfz-Thermostate in unserem umfangreichen Katalog. Querverweise, Spezifikationen und mehr. Vertrauensw\u00fcrdiger Hersteller-Lieferant mit weltweitem Vertrieb.","og_url":"https:\/\/mx.motorad.com\/de\/produkte\/thermostate\/","og_site_name":"MotoRad","article_modified_time":"2025-07-17T13:56:30+00:00","twitter_card":"summary_large_image","twitter_misc":{"Est. reading time":"3\u00a0Minuten"},"schema":{"@context":"https:\/\/schema.org","@graph":[{"@type":"WebPage","@id":"https:\/\/mx.motorad.com\/de\/produkte\/thermostate\/","url":"https:\/\/mx.motorad.com\/de\/produkte\/thermostate\/","name":"Thermostate - MotoRad","isPartOf":{"@id":"https:\/\/mx.motorad.com\/de\/#website"},"primaryImageOfPage":{"@id":"https:\/\/mx.motorad.com\/de\/produkte\/thermostate\/#primaryimage"},"image":{"@id":"https:\/\/mx.motorad.com\/de\/produkte\/thermostate\/#primaryimage"},"thumbnailUrl":"https:\/\/mx.motorad.com\/wp-content\/uploads\/2025\/04\/Motorad-04.svg","datePublished":"2025-04-03T15:31:25+00:00","dateModified":"2025-07-17T13:56:30+00:00","description":"Finden Sie OEM-Qualit\u00e4ts-Kfz-Thermostate in unserem umfangreichen Katalog. Querverweise, Spezifikationen und mehr. Vertrauensw\u00fcrdiger Hersteller-Lieferant mit weltweitem Vertrieb.","breadcrumb":{"@id":"https:\/\/mx.motorad.com\/de\/produkte\/thermostate\/#breadcrumb"},"inLanguage":"de","potentialAction":[{"@type":"ReadAction","target":["https:\/\/mx.motorad.com\/de\/produkte\/thermostate\/"]}]},{"@type":"ImageObject","inLanguage":"de","@id":"https:\/\/mx.motorad.com\/de\/produkte\/thermostate\/#primaryimage","url":"https:\/\/mx.motorad.com\/wp-content\/uploads\/2025\/04\/Motorad-04.svg","contentUrl":"https:\/\/mx.motorad.com\/wp-content\/uploads\/2025\/04\/Motorad-04.svg"},{"@type":"BreadcrumbList","@id":"https:\/\/mx.motorad.com\/de\/produkte\/thermostate\/#breadcrumb","itemListElement":[{"@type":"ListItem","position":1,"name":"Home","item":"https:\/\/mx.motorad.com\/de\/"},{"@type":"ListItem","position":2,"name":"Produkte","item":"https:\/\/motoradnew.test\/de\/produkte\/"},{"@type":"ListItem","position":3,"name":"Thermostate"}]},{"@type":"WebSite","@id":"https:\/\/mx.motorad.com\/de\/#website","url":"https:\/\/mx.motorad.com\/de\/","name":"MotoRad","description":"Trusted to Deliver Better - Thermal Management, Emissions, Powertrain Controls","potentialAction":[{"@type":"SearchAction","target":{"@type":"EntryPoint","urlTemplate":"https:\/\/mx.motorad.com\/de\/?s={search_term_string}"},"query-input":{"@type":"PropertyValueSpecification","valueRequired":true,"valueName":"search_term_string"}}],"inLanguage":"de"}]}},"_links":{"self":[{"href":"https:\/\/mx.motorad.com\/de\/wp-json\/wp\/v2\/pages\/6741","targetHints":{"allow":["GET"]}}],"collection":[{"href":"https:\/\/mx.motorad.com\/de\/wp-json\/wp\/v2\/pages"}],"about":[{"href":"https:\/\/mx.motorad.com\/de\/wp-json\/wp\/v2\/types\/page"}],"author":[{"embeddable":true,"href":"https:\/\/mx.motorad.com\/de\/wp-json\/wp\/v2\/users\/1"}],"replies":[{"embeddable":true,"href":"https:\/\/mx.motorad.com\/de\/wp-json\/wp\/v2\/comments?post=6741"}],"version-history":[{"count":3,"href":"https:\/\/mx.motorad.com\/de\/wp-json\/wp\/v2\/pages\/6741\/revisions"}],"predecessor-version":[{"id":55756,"href":"https:\/\/mx.motorad.com\/de\/wp-json\/wp\/v2\/pages\/6741\/revisions\/55756"}],"up":[{"embeddable":true,"href":"https:\/\/mx.motorad.com\/de\/wp-json\/wp\/v2\/pages\/55753"}],"wp:attachment":[{"href":"https:\/\/mx.motorad.com\/de\/wp-json\/wp\/v2\/media?parent=6741"}],"curies":[{"name":"wp","href":"https:\/\/api.w.org\/{rel}","templated":true}]}}