{"id":6775,"date":"2025-04-03T14:39:12","date_gmt":"2025-04-03T14:39:12","guid":{"rendered":"https:\/\/mx.motorad.com\/ressourcen\/faqs\/"},"modified":"2025-07-17T13:56:30","modified_gmt":"2025-07-17T13:56:30","slug":"faqs","status":"publish","type":"page","link":"https:\/\/mx.motorad.com\/de\/ressourcen\/faqs\/","title":{"rendered":"FAQ&#8217;s"},"content":{"rendered":"\n<div class=\"wp-block-cover alignfull is-light\" style=\"margin-bottom:var(--wp--preset--spacing--50);min-height:274px;aspect-ratio:unset;\"><span aria-hidden=\"true\" class=\"wp-block-cover__background has-background-dim-0 has-background-dim\" style=\"background-color:#cac9cd\"><\/span><img loading=\"lazy\" decoding=\"async\" width=\"1920\" height=\"1280\" class=\"wp-block-cover__image-background wp-image-2870\" alt=\"\" src=\"https:\/\/mx.motorad.com\/wp-content\/uploads\/2025\/04\/Road_into_Light_2-scaled-1.jpg\" style=\"object-position:50% 36%\" data-object-fit=\"cover\" data-object-position=\"50% 36%\" srcset=\"https:\/\/mx.motorad.com\/wp-content\/uploads\/2025\/04\/Road_into_Light_2-scaled-1.jpg 1920w, https:\/\/mx.motorad.com\/wp-content\/uploads\/2025\/04\/Road_into_Light_2-scaled-1-300x200.jpg 300w, https:\/\/mx.motorad.com\/wp-content\/uploads\/2025\/04\/Road_into_Light_2-scaled-1-1024x683.jpg 1024w, https:\/\/mx.motorad.com\/wp-content\/uploads\/2025\/04\/Road_into_Light_2-scaled-1-768x512.jpg 768w, https:\/\/mx.motorad.com\/wp-content\/uploads\/2025\/04\/Road_into_Light_2-scaled-1-1536x1024.jpg 1536w\" sizes=\"auto, (max-width: 1920px) 100vw, 1920px\" \/><div class=\"wp-block-cover__inner-container is-layout-flow wp-block-cover-is-layout-flow\">\n<h1 class=\"wp-block-heading has-palette-text-color has-text-color\" id=\"h-faq-s\" style=\"margin-bottom:0\"><em>FAQ&#8217;s<\/em><\/h1>\n<\/div><\/div>\n\n<div class=\"wp-block-group is-layout-constrained wp-block-group-is-layout-constrained\">\n<h3 class=\"wp-block-heading\" style=\"margin-bottom:var(--wp--preset--spacing--40)\">Gibt es Vertriebsm\u00f6glichkeiten mit MotoRad?<\/h3>\n\n\n\n<p style=\"margin-bottom:var(--wp--preset--spacing--50)\">Wir sind offen f\u00fcr Vertriebsm\u00f6glichkeiten. Wenn Sie daran interessiert sind, Vertriebspartner f\u00fcr unsere Automobilprodukte zu werden, wenden Sie sich bitte an unser Verkaufsteam, um eine m\u00f6gliche Zusammenarbeit zu besprechen. <\/p>\n\n\n\n<div class=\"wp-block-buttons is-layout-flex wp-block-buttons-is-layout-flex\">\n<div class=\"wp-block-button is-style-read-more\"><a class=\"wp-block-button__link wp-element-button\" href=\"https:\/\/mx.motorad.com\/de\/kontaktieren-sie-uns\/\">Klicken Sie hier, um sich \u00fcber die M\u00f6glichkeit, Vertriebspartner zu werden, zu informieren<\/a><\/div>\n<\/div>\n\n\n\n<hr class=\"wp-block-separator has-text-color has-cyan-bluish-gray-color has-alpha-channel-opacity has-cyan-bluish-gray-background-color has-background is-style-wide\" style=\"margin-top:var(--wp--preset--spacing--50);margin-bottom:var(--wp--preset--spacing--60)\"\/>\n<\/div>\n\n<div class=\"wp-block-group is-layout-constrained wp-block-group-is-layout-constrained\">\n<h3 class=\"wp-block-heading\" style=\"margin-bottom:var(--wp--preset--spacing--40)\">Bietet MotoRad Anpassungsm\u00f6glichkeiten f\u00fcr seine Produkte an?<\/h3>\n\n\n\n<p style=\"margin-bottom:var(--wp--preset--spacing--50)\">Ja, wir bieten f\u00fcr viele unserer Produkte Anpassungsm\u00f6glichkeiten an, um den spezifischen Bed\u00fcrfnissen unserer Kunden gerecht zu werden. Kontaktieren Sie gerne unser Verkaufsteam, um Ihre Anforderungen zu besprechen. <\/p>\n\n\n\n<hr class=\"wp-block-separator has-text-color has-cyan-bluish-gray-color has-alpha-channel-opacity has-cyan-bluish-gray-background-color has-background is-style-wide\" style=\"margin-top:var(--wp--preset--spacing--50);margin-bottom:var(--wp--preset--spacing--60)\"\/>\n<\/div>\n\n<div class=\"wp-block-group is-layout-constrained wp-block-group-is-layout-constrained\">\n<h3 class=\"wp-block-heading\" style=\"margin-bottom:var(--wp--preset--spacing--40)\">Bietet MotoRad internationalen Versand an?<\/h3>\n\n\n\n<p style=\"margin-bottom:var(--wp--preset--spacing--50)\">Ja, wir haben Standorte auf der ganzen Welt, um Kunden zu bedienen. Unser Logistikteam arbeitet daran, eine p\u00fcnktliche und effiziente Lieferung unserer Produkte an Ihren gew\u00fcnschten Standort sicherzustellen. <\/p>\n\n\n\n<hr class=\"wp-block-separator has-text-color has-cyan-bluish-gray-color has-alpha-channel-opacity has-cyan-bluish-gray-background-color has-background is-style-wide\" style=\"margin-top:var(--wp--preset--spacing--50);margin-bottom:var(--wp--preset--spacing--60)\"\/>\n<\/div>\n\n<div class=\"wp-block-group is-layout-constrained wp-block-group-is-layout-constrained\">\n<h3 class=\"wp-block-heading\" style=\"margin-bottom:var(--wp--preset--spacing--40)\">Wie kann ich ein Angebot f\u00fcr bestimmte Produkte anfordern?<\/h3>\n\n\n\n<p style=\"margin-bottom:var(--wp--preset--spacing--50)\">You can request a quote by visiting our website and navigating to the \u201c<a href=\"https:\/\/mx.motorad.com\/contact\/do-you-need-custom-development\/\">Custom Development Request<\/a>\u201d page. Provide the details of the products you\u2019re interested in, and our sales team will promptly provide you with pricing information.<\/p>\n\n\n\n<div class=\"wp-block-buttons is-layout-flex wp-block-buttons-is-layout-flex\">\n<div class=\"wp-block-button is-style-read-more\"><a class=\"wp-block-button__link wp-element-button\" href=\"https:\/\/mx.motorad.com\/de\/kontaktieren-sie-uns\/\">Klicken Sie hier, um eine kundenspezifische Entwicklung anzufordern<\/a><\/div>\n<\/div>\n\n\n\n<hr class=\"wp-block-separator has-text-color has-cyan-bluish-gray-color has-alpha-channel-opacity has-cyan-bluish-gray-background-color has-background is-style-wide\" style=\"margin-top:var(--wp--preset--spacing--50);margin-bottom:var(--wp--preset--spacing--60)\"\/>\n<\/div>\n\n<div class=\"wp-block-group is-layout-constrained wp-block-group-is-layout-constrained\">\n<h3 class=\"wp-block-heading\" style=\"margin-bottom:var(--wp--preset--spacing--40)\">Welche Qualit\u00e4tssicherungsma\u00dfnahmen hat MotoRad implementiert?<\/h3>\n\n\n\n<p style=\"margin-bottom:var(--wp--preset--spacing--50)\">Qualit\u00e4t hat f\u00fcr uns oberste Priorit\u00e4t. Wir setzen strenge Qualit\u00e4tskontrollverfahren w\u00e4hrend des gesamten Herstellungsprozesses um, um sicherzustellen, dass unsere Produkte den Industriestandards und Kundenerwartungen entsprechen. <\/p>\n\n\n\n<hr class=\"wp-block-separator has-text-color has-cyan-bluish-gray-color has-alpha-channel-opacity has-cyan-bluish-gray-background-color has-background is-style-wide\" style=\"margin-top:var(--wp--preset--spacing--50);margin-bottom:var(--wp--preset--spacing--60)\"\/>\n<\/div>\n\n<div class=\"wp-block-group is-layout-constrained wp-block-group-is-layout-constrained\">\n<h3 class=\"wp-block-heading\" style=\"margin-bottom:var(--wp--preset--spacing--40)\">Welche Arten von Automobilprodukten stellt MotoRad her?<\/h3>\n\n\n\n<p style=\"margin-bottom:var(--wp--preset--spacing--50)\">Unser Produktsortiment umfasst Thermostate, K\u00fchlerdeckel, Tankdeckel und verwandte Automobilkomponenten, die eine entscheidende Rolle bei der Aufrechterhaltung der Effizienz und Leistung von Fahrzeugen spielen.<\/p>\n\n\n\n<div class=\"wp-block-buttons is-layout-flex wp-block-buttons-is-layout-flex\">\n<div class=\"wp-block-button is-style-read-more\"><a class=\"wp-block-button__link wp-element-button\" href=\"https:\/\/mx.motorad.com\/de\/produkte\/\">Klicken Sie hier, um unser vollst\u00e4ndiges Produktsortiment zu durchst\u00f6bern<\/a><\/div>\n<\/div>\n\n\n\n<hr class=\"wp-block-separator has-text-color has-cyan-bluish-gray-color has-alpha-channel-opacity has-cyan-bluish-gray-background-color has-background is-style-wide\" style=\"margin-top:var(--wp--preset--spacing--50);margin-bottom:var(--wp--preset--spacing--60)\"\/>\n<\/div>\n\n<div class=\"wp-block-group is-layout-constrained wp-block-group-is-layout-constrained\">\n<h3 class=\"wp-block-heading\" style=\"margin-bottom:var(--wp--preset--spacing--40)\">Wer sind die Hauptkunden von MotoRad?<\/h3>\n\n\n\n<p style=\"margin-bottom:var(--wp--preset--spacing--50)\">Unsere Hauptkunden sind OEM-Automobilhersteller und Unternehmen in der Automobilindustrie, wie Gro\u00dfh\u00e4ndler, Vertriebspartner, Einzelh\u00e4ndler, Reparaturwerkst\u00e4tten und andere Zulieferer von Autoteilen.<\/p>\n\n\n\n<hr class=\"wp-block-separator has-text-color has-cyan-bluish-gray-color has-alpha-channel-opacity has-cyan-bluish-gray-background-color has-background is-style-wide\" style=\"margin-top:var(--wp--preset--spacing--50);margin-bottom:var(--wp--preset--spacing--60)\"\/>\n<\/div>\n\n<div class=\"wp-block-group is-layout-constrained wp-block-group-is-layout-constrained\">\n<h3 class=\"wp-block-heading\" style=\"margin-bottom:var(--wp--preset--spacing--40)\">Wer ist MotoRad?<\/h3>\n\n\n\n<p style=\"margin-bottom:var(--wp--preset--spacing--50)\">MotoRad.com ist ein B2B-Hersteller, der sich auf Automobilprodukte spezialisiert hat. Wir entwerfen und produzieren eine breite Palette hochwertiger Automobilkomponenten, einschlie\u00dflich Thermostate, K\u00fchlerdeckel, Tankdeckel und andere wesentliche Teile. <\/p>\n\n\n\n<div class=\"wp-block-buttons is-layout-flex wp-block-buttons-is-layout-flex\">\n<div class=\"wp-block-button is-style-read-more\"><a class=\"wp-block-button__link wp-element-button\" href=\"https:\/\/mx.motorad.com\/de\/wer-wir-sind\/\">Klicken Sie hier, um mehr auf unserer &#8218;\u00dcber uns&#8216;-Seite zu erfahren<\/a><\/div>\n<\/div>\n\n\n\n<hr class=\"wp-block-separator has-text-color has-cyan-bluish-gray-color has-alpha-channel-opacity has-cyan-bluish-gray-background-color has-background is-style-wide\" style=\"margin-top:var(--wp--preset--spacing--50);margin-bottom:var(--wp--preset--spacing--60)\"\/>\n<\/div>\n\n<div class=\"wp-block-cover alignfull is-light\" style=\"padding-top:var(--wp--preset--spacing--60);padding-bottom:var(--wp--preset--spacing--60)\"><span aria-hidden=\"true\" class=\"wp-block-cover__background has-background-dim-0 has-background-dim\" style=\"background-color:#ece5d9\"><\/span><img loading=\"lazy\" decoding=\"async\" width=\"1505\" height=\"305\" class=\"wp-block-cover__image-background wp-image-223\" alt=\"\" src=\"https:\/\/mx.motorad.com\/wp-content\/uploads\/2025\/03\/FooterCTA.jpg\" data-object-fit=\"cover\" srcset=\"https:\/\/mx.motorad.com\/wp-content\/uploads\/2025\/03\/FooterCTA.jpg 1505w, https:\/\/mx.motorad.com\/wp-content\/uploads\/2025\/03\/FooterCTA-300x61.jpg 300w, https:\/\/mx.motorad.com\/wp-content\/uploads\/2025\/03\/FooterCTA-1024x208.jpg 1024w, https:\/\/mx.motorad.com\/wp-content\/uploads\/2025\/03\/FooterCTA-768x156.jpg 768w\" sizes=\"auto, (max-width: 1505px) 100vw, 1505px\" \/><div class=\"wp-block-cover__inner-container is-layout-flow wp-block-cover-is-layout-flow\">\n<div class=\"wp-block-columns are-vertically-aligned-center is-layout-flex wp-container-core-columns-is-layout-cbe57604 wp-block-columns-is-layout-flex\">\n<div class=\"wp-block-column is-vertically-aligned-center is-layout-flow wp-block-column-is-layout-flow\" style=\"flex-basis:45%\">\n<h2 class=\"wp-block-heading has-text-align-center has-palette-text-color has-text-color\" id=\"h-need-help-finding-the-right-product\" style=\"margin-bottom:var(--wp--preset--spacing--40)\">Brauchen Sie Hilfe bei der Suche nach dem richtigen Produkt?<\/h2>\n\n\n\n<p class=\"has-text-align-center has-palette-text-color has-text-color\" style=\"margin-bottom:var(--wp--preset--spacing--50)\">Unser engagiertes Team ist hier, um Sie in die richtige Richtung zu lenken. Klicken Sie unten und lassen Sie uns wissen, wie wir Ihnen helfen k\u00f6nnen, das ideale Produkt f\u00fcr Ihren Bedarf zu finden. Ihre Reise zu BESSEREN Erfahrungen beginnt hier.  <\/p>\n\n\n\n<div class=\"wp-block-buttons is-content-justification-center is-layout-flex wp-container-core-buttons-is-layout-a89b3969 wp-block-buttons-is-layout-flex\">\n<div class=\"wp-block-button\"><a class=\"wp-block-button__link has-text-align-center wp-element-button\" href=\"https:\/\/mx.motorad.com\/contact\/need-help-finding-something\/\">Sprechen Sie mit einem MotoRad Spezialisten<\/a><\/div>\n<\/div>\n<\/div>\n\n\n\n<div class=\"wp-block-column is-layout-flow wp-block-column-is-layout-flow\" style=\"flex-basis:10%\"><\/div>\n\n\n\n<div class=\"wp-block-column is-layout-flow wp-block-column-is-layout-flow\" style=\"flex-basis:45%\">\n<h2 class=\"wp-block-heading has-text-align-center has-palette-text-color has-text-color\" id=\"h-looking-for-custom-development\" style=\"margin-bottom:var(--wp--preset--spacing--40)\">Suchen Sie eine individuelle Entwicklung?<\/h2>\n\n\n\n<p class=\"has-text-align-center has-palette-text-color has-text-color\" style=\"margin-bottom:var(--wp--preset--spacing--50)\">Bei uns geht es nicht nur um Produkte, sondern um ma\u00dfgeschneiderte L\u00f6sungen, die Ihren Bed\u00fcrfnissen entsprechen. Sind Sie bereit, Ihr neues Projekt zum Leben zu erwecken? Klicken Sie unten, und lassen Sie uns gemeinsam auf die Reise der individuellen Produktentwicklung gehen.  <\/p>\n\n\n\n<div class=\"wp-block-buttons is-content-justification-center is-layout-flex wp-container-core-buttons-is-layout-a89b3969 wp-block-buttons-is-layout-flex\">\n<div class=\"wp-block-button is-style-fill\"><a class=\"wp-block-button__link has-palette-bg-color has-palette-text-background-color has-text-color has-background has-text-align-center wp-element-button\" href=\"https:\/\/mx.motorad.com\/contact\/do-you-need-custom-development\/\">Wir m\u00f6chten Ihr Lieferant sein<\/a><\/div>\n<\/div>\n<\/div>\n<\/div>\n<\/div><\/div>\n","protected":false},"excerpt":{"rendered":"<p>Gibt es Vertriebsm\u00f6glichkeiten mit MotoRad? Wir sind offen f\u00fcr Vertriebsm\u00f6glichkeiten. Wenn Sie daran interessiert sind, Vertriebspartner f\u00fcr unsere Automobilprodukte zu [&#8230;]<\/p>\n","protected":false},"author":1,"featured_media":0,"parent":6063,"menu_order":0,"comment_status":"closed","ping_status":"closed","template":"","meta":{"_acf_changed":false,"footnotes":""},"class_list":["post-6775","page","type-page","status-publish","hentry"],"acf":[],"yoast_head":"<!-- This site is optimized with the Yoast SEO Premium plugin v27.2 (Yoast SEO v27.2) - https:\/\/yoast.com\/product\/yoast-seo-premium-wordpress\/ -->\n<title>FAQ&#039;s - MotoRad<\/title>\n<meta name=\"description\" content=\"MotoRad - FAQ&#039;s\" \/>\n<meta name=\"robots\" content=\"index, follow, max-snippet:-1, max-image-preview:large, max-video-preview:-1\" \/>\n<link rel=\"canonical\" href=\"https:\/\/mx.motorad.com\/de\/ressourcen\/faqs\/\" \/>\n<meta property=\"og:locale\" content=\"de_DE\" \/>\n<meta property=\"og:type\" content=\"article\" \/>\n<meta property=\"og:title\" content=\"FAQ&#039;s\" \/>\n<meta property=\"og:description\" content=\"MotoRad - FAQ&#039;s\" \/>\n<meta property=\"og:url\" content=\"https:\/\/mx.motorad.com\/de\/ressourcen\/faqs\/\" \/>\n<meta property=\"og:site_name\" content=\"MotoRad\" \/>\n<meta property=\"article:modified_time\" content=\"2025-07-17T13:56:30+00:00\" \/>\n<meta property=\"og:image\" content=\"https:\/\/mx.motorad.com\/wp-content\/uploads\/2025\/04\/Road_into_Light_2-scaled-1.jpg\" \/>\n\t<meta property=\"og:image:width\" content=\"1920\" \/>\n\t<meta property=\"og:image:height\" content=\"1280\" \/>\n\t<meta property=\"og:image:type\" content=\"image\/jpeg\" \/>\n<meta name=\"twitter:card\" content=\"summary_large_image\" \/>\n<meta name=\"twitter:label1\" content=\"Est. reading time\" \/>\n\t<meta name=\"twitter:data1\" content=\"2\u00a0Minuten\" \/>\n<script type=\"application\/ld+json\" class=\"yoast-schema-graph\">{\"@context\":\"https:\/\/schema.org\",\"@graph\":[{\"@type\":\"WebPage\",\"@id\":\"https:\/\/mx.motorad.com\/de\/ressourcen\/faqs\/\",\"url\":\"https:\/\/mx.motorad.com\/de\/ressourcen\/faqs\/\",\"name\":\"FAQ's - MotoRad\",\"isPartOf\":{\"@id\":\"https:\/\/mx.motorad.com\/de\/#website\"},\"primaryImageOfPage\":{\"@id\":\"https:\/\/mx.motorad.com\/de\/ressourcen\/faqs\/#primaryimage\"},\"image\":{\"@id\":\"https:\/\/mx.motorad.com\/de\/ressourcen\/faqs\/#primaryimage\"},\"thumbnailUrl\":\"https:\/\/mx.motorad.com\/wp-content\/uploads\/2025\/04\/Road_into_Light_2-scaled-1.jpg\",\"datePublished\":\"2025-04-03T14:39:12+00:00\",\"dateModified\":\"2025-07-17T13:56:30+00:00\",\"description\":\"MotoRad - FAQ's\",\"breadcrumb\":{\"@id\":\"https:\/\/mx.motorad.com\/de\/ressourcen\/faqs\/#breadcrumb\"},\"inLanguage\":\"de\",\"potentialAction\":[{\"@type\":\"ReadAction\",\"target\":[\"https:\/\/mx.motorad.com\/de\/ressourcen\/faqs\/\"]}]},{\"@type\":\"ImageObject\",\"inLanguage\":\"de\",\"@id\":\"https:\/\/mx.motorad.com\/de\/ressourcen\/faqs\/#primaryimage\",\"url\":\"https:\/\/mx.motorad.com\/wp-content\/uploads\/2025\/04\/Road_into_Light_2-scaled-1.jpg\",\"contentUrl\":\"https:\/\/mx.motorad.com\/wp-content\/uploads\/2025\/04\/Road_into_Light_2-scaled-1.jpg\"},{\"@type\":\"BreadcrumbList\",\"@id\":\"https:\/\/mx.motorad.com\/de\/ressourcen\/faqs\/#breadcrumb\",\"itemListElement\":[{\"@type\":\"ListItem\",\"position\":1,\"name\":\"Home\",\"item\":\"https:\/\/mx.motorad.com\/de\/\"},{\"@type\":\"ListItem\",\"position\":2,\"name\":\"Ressourcen\",\"item\":\"https:\/\/motoradnew.test\/ressourcen\/\"},{\"@type\":\"ListItem\",\"position\":3,\"name\":\"FAQ&#8217;s\"}]},{\"@type\":\"WebSite\",\"@id\":\"https:\/\/mx.motorad.com\/de\/#website\",\"url\":\"https:\/\/mx.motorad.com\/de\/\",\"name\":\"MotoRad\",\"description\":\"Trusted to Deliver Better - Thermal Management, Emissions, Powertrain Controls\",\"potentialAction\":[{\"@type\":\"SearchAction\",\"target\":{\"@type\":\"EntryPoint\",\"urlTemplate\":\"https:\/\/mx.motorad.com\/de\/?s={search_term_string}\"},\"query-input\":{\"@type\":\"PropertyValueSpecification\",\"valueRequired\":true,\"valueName\":\"search_term_string\"}}],\"inLanguage\":\"de\"}]}<\/script>\n<!-- \/ Yoast SEO Premium plugin. -->","yoast_head_json":{"title":"FAQ's - MotoRad","description":"MotoRad - FAQ's","robots":{"index":"index","follow":"follow","max-snippet":"max-snippet:-1","max-image-preview":"max-image-preview:large","max-video-preview":"max-video-preview:-1"},"canonical":"https:\/\/mx.motorad.com\/de\/ressourcen\/faqs\/","og_locale":"de_DE","og_type":"article","og_title":"FAQ's","og_description":"MotoRad - FAQ's","og_url":"https:\/\/mx.motorad.com\/de\/ressourcen\/faqs\/","og_site_name":"MotoRad","article_modified_time":"2025-07-17T13:56:30+00:00","og_image":[{"width":1920,"height":1280,"url":"https:\/\/mx.motorad.com\/wp-content\/uploads\/2025\/04\/Road_into_Light_2-scaled-1.jpg","type":"image\/jpeg"}],"twitter_card":"summary_large_image","twitter_misc":{"Est. reading time":"2\u00a0Minuten"},"schema":{"@context":"https:\/\/schema.org","@graph":[{"@type":"WebPage","@id":"https:\/\/mx.motorad.com\/de\/ressourcen\/faqs\/","url":"https:\/\/mx.motorad.com\/de\/ressourcen\/faqs\/","name":"FAQ's - MotoRad","isPartOf":{"@id":"https:\/\/mx.motorad.com\/de\/#website"},"primaryImageOfPage":{"@id":"https:\/\/mx.motorad.com\/de\/ressourcen\/faqs\/#primaryimage"},"image":{"@id":"https:\/\/mx.motorad.com\/de\/ressourcen\/faqs\/#primaryimage"},"thumbnailUrl":"https:\/\/mx.motorad.com\/wp-content\/uploads\/2025\/04\/Road_into_Light_2-scaled-1.jpg","datePublished":"2025-04-03T14:39:12+00:00","dateModified":"2025-07-17T13:56:30+00:00","description":"MotoRad - FAQ's","breadcrumb":{"@id":"https:\/\/mx.motorad.com\/de\/ressourcen\/faqs\/#breadcrumb"},"inLanguage":"de","potentialAction":[{"@type":"ReadAction","target":["https:\/\/mx.motorad.com\/de\/ressourcen\/faqs\/"]}]},{"@type":"ImageObject","inLanguage":"de","@id":"https:\/\/mx.motorad.com\/de\/ressourcen\/faqs\/#primaryimage","url":"https:\/\/mx.motorad.com\/wp-content\/uploads\/2025\/04\/Road_into_Light_2-scaled-1.jpg","contentUrl":"https:\/\/mx.motorad.com\/wp-content\/uploads\/2025\/04\/Road_into_Light_2-scaled-1.jpg"},{"@type":"BreadcrumbList","@id":"https:\/\/mx.motorad.com\/de\/ressourcen\/faqs\/#breadcrumb","itemListElement":[{"@type":"ListItem","position":1,"name":"Home","item":"https:\/\/mx.motorad.com\/de\/"},{"@type":"ListItem","position":2,"name":"Ressourcen","item":"https:\/\/motoradnew.test\/ressourcen\/"},{"@type":"ListItem","position":3,"name":"FAQ&#8217;s"}]},{"@type":"WebSite","@id":"https:\/\/mx.motorad.com\/de\/#website","url":"https:\/\/mx.motorad.com\/de\/","name":"MotoRad","description":"Trusted to Deliver Better - Thermal Management, Emissions, Powertrain Controls","potentialAction":[{"@type":"SearchAction","target":{"@type":"EntryPoint","urlTemplate":"https:\/\/mx.motorad.com\/de\/?s={search_term_string}"},"query-input":{"@type":"PropertyValueSpecification","valueRequired":true,"valueName":"search_term_string"}}],"inLanguage":"de"}]}},"_links":{"self":[{"href":"https:\/\/mx.motorad.com\/de\/wp-json\/wp\/v2\/pages\/6775","targetHints":{"allow":["GET"]}}],"collection":[{"href":"https:\/\/mx.motorad.com\/de\/wp-json\/wp\/v2\/pages"}],"about":[{"href":"https:\/\/mx.motorad.com\/de\/wp-json\/wp\/v2\/types\/page"}],"author":[{"embeddable":true,"href":"https:\/\/mx.motorad.com\/de\/wp-json\/wp\/v2\/users\/1"}],"replies":[{"embeddable":true,"href":"https:\/\/mx.motorad.com\/de\/wp-json\/wp\/v2\/comments?post=6775"}],"version-history":[{"count":3,"href":"https:\/\/mx.motorad.com\/de\/wp-json\/wp\/v2\/pages\/6775\/revisions"}],"predecessor-version":[{"id":55755,"href":"https:\/\/mx.motorad.com\/de\/wp-json\/wp\/v2\/pages\/6775\/revisions\/55755"}],"up":[{"embeddable":true,"href":"https:\/\/mx.motorad.com\/de\/wp-json\/wp\/v2\/pages\/6063"}],"wp:attachment":[{"href":"https:\/\/mx.motorad.com\/de\/wp-json\/wp\/v2\/media?parent=6775"}],"curies":[{"name":"wp","href":"https:\/\/api.w.org\/{rel}","templated":true}]}}