{"id":6793,"date":"2025-04-03T14:20:51","date_gmt":"2025-04-03T14:20:51","guid":{"rendered":"https:\/\/mx.motorad.com\/karrieremoeglichkeiten\/"},"modified":"2025-06-30T18:37:57","modified_gmt":"2025-06-30T18:37:57","slug":"karrieremoeglichkeiten","status":"publish","type":"page","link":"https:\/\/mx.motorad.com\/de\/wer-wir-sind\/karrieremoeglichkeiten\/","title":{"rendered":"Karrierem\u00f6glichkeiten"},"content":{"rendered":"\n<div class=\"wp-block-cover alignfull is-light\" style=\"margin-bottom:var(--wp--preset--spacing--60);min-height:274px;aspect-ratio:unset;\"><span aria-hidden=\"true\" class=\"wp-block-cover__background has-palette-bg-background-color has-background-dim\"><\/span><img loading=\"lazy\" decoding=\"async\" width=\"1920\" height=\"728\" class=\"wp-block-cover__image-background wp-image-3195\" alt=\"\" src=\"https:\/\/mx.motorad.com\/wp-content\/uploads\/2025\/04\/Road_into_Light_career.jpg\" data-object-fit=\"cover\" srcset=\"https:\/\/mx.motorad.com\/wp-content\/uploads\/2025\/04\/Road_into_Light_career.jpg 1920w, https:\/\/mx.motorad.com\/wp-content\/uploads\/2025\/04\/Road_into_Light_career-300x114.jpg 300w, https:\/\/mx.motorad.com\/wp-content\/uploads\/2025\/04\/Road_into_Light_career-1024x388.jpg 1024w, https:\/\/mx.motorad.com\/wp-content\/uploads\/2025\/04\/Road_into_Light_career-768x291.jpg 768w, https:\/\/mx.motorad.com\/wp-content\/uploads\/2025\/04\/Road_into_Light_career-1536x582.jpg 1536w\" sizes=\"auto, (max-width: 1920px) 100vw, 1920px\" \/><div class=\"wp-block-cover__inner-container is-layout-flow wp-block-cover-is-layout-flow\">\n<h1 class=\"wp-block-heading\" id=\"h-careers-at-motorad\">Karrieren bei MotoRad<\/h1>\n<\/div><\/div>\n\n<div class=\"wp-block-columns is-layout-flex wp-container-core-columns-is-layout-35f7024a wp-block-columns-is-layout-flex\" style=\"margin-bottom:var(--wp--preset--spacing--50)\">\n<div class=\"wp-block-column is-layout-flow wp-block-column-is-layout-flow\" style=\"flex-basis:66.66%\">\n<h2 class=\"wp-block-heading\" id=\"h-the-human-element-is-the-secret-of-our-success\" style=\"margin-bottom:var(--wp--preset--spacing--50)\"><strong><strong>Das menschliche Element ist das Geheimnis unseres Erfolgs<\/strong><\/strong><\/h2>\n\n\n\n<p style=\"margin-bottom:var(--wp--preset--spacing--30)\">MotoRad wurde 1958 gegr\u00fcndet und seitdem sind wir gewachsen, haben uns erweitert und sind zu einem globalen Marktf\u00fchrer in der weltweiten Automobilindustrie geworden.<\/p>\n\n\n\n<p style=\"margin-bottom:var(--wp--preset--spacing--30)\">Bis heute konzentrieren wir uns weiterhin auf die grundlegenden Werte, auf denen wir unser Unternehmen aufgebaut haben: ein Service, der die Erwartungen unserer Kunden \u00fcbertrifft, das st\u00e4ndige Streben nach Technologien, die uns einen Wettbewerbsvorteil auf dem Markt verschaffen, Exzellenz, Fairness und Respekt f\u00fcr jeden Mitarbeiter.<\/p>\n\n\n\n<p style=\"margin-bottom:var(--wp--preset--spacing--30)\">Bei MotoRad finden Sie stets eine einladende und unterst\u00fctzende Atmosph\u00e4re, eine Umgebung, in der alle Mitarbeiter daran arbeiten, ihre Ziele bei der Arbeit zu erreichen. Wir legen gro\u00dfen Wert darauf, jedem Mitarbeiter eine faire Behandlung auf der Grundlage gegenseitigen Respekts zu bieten, und f\u00f6rdern ein kooperatives Arbeitsumfeld, das es Mitarbeitern und dem Unternehmen erm\u00f6glicht, gemeinsam und Seite an Seite zu gedeihen. <\/p>\n\n\n\n<p style=\"margin-bottom:var(--wp--preset--spacing--30)\">Wir freuen uns immer, engagierte Menschen zu rekrutieren, die sich bei MotoRad wachsen und entwickeln sehen.<\/p>\n<\/div>\n\n\n\n<div class=\"wp-block-column is-layout-flow wp-block-column-is-layout-flow\" style=\"flex-basis:33.33%\">\n<figure class=\"wp-block-image size-full is-resized\"><img loading=\"lazy\" decoding=\"async\" width=\"500\" height=\"500\" src=\"https:\/\/mx.motorad.com\/wp-content\/uploads\/2025\/04\/apply.webp\" alt=\"\" class=\"wp-image-3202\" style=\"width:375px;height:375px\" srcset=\"https:\/\/mx.motorad.com\/wp-content\/uploads\/2025\/04\/apply.webp 500w, https:\/\/mx.motorad.com\/wp-content\/uploads\/2025\/04\/apply-300x300.webp 300w, https:\/\/mx.motorad.com\/wp-content\/uploads\/2025\/04\/apply-150x150.webp 150w\" sizes=\"auto, (max-width: 500px) 100vw, 500px\" \/><\/figure>\n<\/div>\n<\/div>\n\n<p class=\"has-text-align-center\" style=\"margin-bottom:var(--wp--preset--spacing--50)\">Finden Sie Stellenangebote und bewerben Sie sich \u00fcber die folgenden Links:<\/p>\n\n<div class=\"wp-block-buttons is-content-justification-center is-layout-flex wp-container-core-buttons-is-layout-de7cd32d wp-block-buttons-is-layout-flex\" style=\"margin-bottom:var(--wp--preset--spacing--70)\">\n<div class=\"wp-block-button\"><a class=\"wp-block-button__link has-text-align-center wp-element-button\" href=\"https:\/\/workforcenow.adp.com\/mascsr\/default\/mdf\/recruitment\/recruitment.html?cid=9e83e58c-781e-4fe8-8a8d-1b9a8ea44f01&amp;ccId=19000101_000001&amp;type=JS&amp;lang=en_US&amp;selectedMenuKey=CareerCenter\">USA-Jobs auf ADP<\/a><\/div>\n\n\n\n<div class=\"wp-block-button\"><a class=\"wp-block-button__link wp-element-button\" href=\"https:\/\/www.linkedin.com\/company\/motorad\/jobs\/\">Alle Jobs auf LinkedIn<\/a><\/div>\n<\/div>\n\n<div class=\"wp-block-cover alignfull is-light\" style=\"padding-top:var(--wp--preset--spacing--60);padding-bottom:var(--wp--preset--spacing--60)\"><span aria-hidden=\"true\" class=\"wp-block-cover__background has-background-dim-0 has-background-dim\" style=\"background-color:#ece5d9\"><\/span><img loading=\"lazy\" decoding=\"async\" width=\"1505\" height=\"305\" class=\"wp-block-cover__image-background wp-image-223\" alt=\"\" src=\"https:\/\/mx.motorad.com\/wp-content\/uploads\/2025\/03\/FooterCTA.jpg\" data-object-fit=\"cover\" srcset=\"https:\/\/mx.motorad.com\/wp-content\/uploads\/2025\/03\/FooterCTA.jpg 1505w, https:\/\/mx.motorad.com\/wp-content\/uploads\/2025\/03\/FooterCTA-300x61.jpg 300w, https:\/\/mx.motorad.com\/wp-content\/uploads\/2025\/03\/FooterCTA-1024x208.jpg 1024w, https:\/\/mx.motorad.com\/wp-content\/uploads\/2025\/03\/FooterCTA-768x156.jpg 768w\" sizes=\"auto, (max-width: 1505px) 100vw, 1505px\" \/><div class=\"wp-block-cover__inner-container is-layout-flow wp-block-cover-is-layout-flow\">\n<div class=\"wp-block-columns are-vertically-aligned-center is-layout-flex wp-container-core-columns-is-layout-cbe57604 wp-block-columns-is-layout-flex\">\n<div class=\"wp-block-column is-vertically-aligned-center is-layout-flow wp-block-column-is-layout-flow\" style=\"flex-basis:45%\">\n<h2 class=\"wp-block-heading has-text-align-center has-palette-text-color has-text-color\" id=\"h-need-help-finding-the-right-product\" style=\"margin-bottom:var(--wp--preset--spacing--40)\">Brauchen Sie Hilfe bei der Suche nach dem richtigen Produkt?<\/h2>\n\n\n\n<p class=\"has-text-align-center has-palette-text-color has-text-color\" style=\"margin-bottom:var(--wp--preset--spacing--50)\">Unser engagiertes Team ist hier, um Sie in die richtige Richtung zu lenken. Klicken Sie unten und lassen Sie uns wissen, wie wir Ihnen helfen k\u00f6nnen, das ideale Produkt f\u00fcr Ihren Bedarf zu finden. Ihre Reise zu BESSEREN Erfahrungen beginnt hier.  <\/p>\n\n\n\n<div class=\"wp-block-buttons is-content-justification-center is-layout-flex wp-container-core-buttons-is-layout-a89b3969 wp-block-buttons-is-layout-flex\">\n<div class=\"wp-block-button\"><a class=\"wp-block-button__link has-text-align-center wp-element-button\" href=\"https:\/\/mx.motorad.com\/contact\/need-help-finding-something\/\">Sprechen Sie mit einem MotoRad Spezialisten<\/a><\/div>\n<\/div>\n<\/div>\n\n\n\n<div class=\"wp-block-column is-layout-flow wp-block-column-is-layout-flow\" style=\"flex-basis:10%\"><\/div>\n\n\n\n<div class=\"wp-block-column is-layout-flow wp-block-column-is-layout-flow\" style=\"flex-basis:45%\">\n<h2 class=\"wp-block-heading has-text-align-center has-palette-text-color has-text-color\" id=\"h-looking-for-custom-development\" style=\"margin-bottom:var(--wp--preset--spacing--40)\">Suchen Sie eine individuelle Entwicklung?<\/h2>\n\n\n\n<p class=\"has-text-align-center has-palette-text-color has-text-color\" style=\"margin-bottom:var(--wp--preset--spacing--50)\">Bei uns geht es nicht nur um Produkte, sondern um ma\u00dfgeschneiderte L\u00f6sungen, die Ihren Bed\u00fcrfnissen entsprechen. Sind Sie bereit, Ihr neues Projekt zum Leben zu erwecken? Klicken Sie unten, und lassen Sie uns gemeinsam auf die Reise der individuellen Produktentwicklung gehen.  <\/p>\n\n\n\n<div class=\"wp-block-buttons is-content-justification-center is-layout-flex wp-container-core-buttons-is-layout-a89b3969 wp-block-buttons-is-layout-flex\">\n<div class=\"wp-block-button is-style-fill\"><a class=\"wp-block-button__link has-palette-bg-color has-palette-text-background-color has-text-color has-background has-text-align-center wp-element-button\" href=\"https:\/\/mx.motorad.com\/contact\/do-you-need-custom-development\/\">Wir m\u00f6chten Ihr Lieferant sein<\/a><\/div>\n<\/div>\n<\/div>\n<\/div>\n<\/div><\/div>\n","protected":false},"excerpt":{"rendered":"<p>Das menschliche Element ist das Geheimnis unseres Erfolgs MotoRad wurde 1958 gegr\u00fcndet und seitdem sind wir gewachsen, haben uns erweitert [&#8230;]<\/p>\n","protected":false},"author":1,"featured_media":0,"parent":6828,"menu_order":0,"comment_status":"closed","ping_status":"closed","template":"","meta":{"_acf_changed":false,"footnotes":""},"class_list":["post-6793","page","type-page","status-publish","hentry"],"acf":[],"yoast_head":"<!-- This site is optimized with the Yoast SEO Premium plugin v27.2 (Yoast SEO v27.2) - https:\/\/yoast.com\/product\/yoast-seo-premium-wordpress\/ -->\n<title>Karrierem\u00f6glichkeiten - MotoRad<\/title>\n<meta name=\"description\" content=\"MotoRad - Karrierem\u00f6glichkeiten\" \/>\n<meta name=\"robots\" content=\"index, follow, max-snippet:-1, max-image-preview:large, max-video-preview:-1\" \/>\n<link rel=\"canonical\" href=\"https:\/\/mx.motorad.com\/de\/wer-wir-sind\/karrieremoeglichkeiten\/\" \/>\n<meta property=\"og:locale\" content=\"de_DE\" \/>\n<meta property=\"og:type\" content=\"article\" \/>\n<meta property=\"og:title\" content=\"Karrierem\u00f6glichkeiten\" \/>\n<meta property=\"og:description\" content=\"MotoRad - Karrierem\u00f6glichkeiten\" \/>\n<meta property=\"og:url\" content=\"https:\/\/mx.motorad.com\/de\/wer-wir-sind\/karrieremoeglichkeiten\/\" \/>\n<meta property=\"og:site_name\" content=\"MotoRad\" \/>\n<meta property=\"article:modified_time\" content=\"2025-06-30T18:37:57+00:00\" \/>\n<meta property=\"og:image\" content=\"https:\/\/mx.motorad.com\/wp-content\/uploads\/2025\/04\/Road_into_Light_career.jpg\" \/>\n\t<meta property=\"og:image:width\" content=\"1920\" \/>\n\t<meta property=\"og:image:height\" content=\"728\" \/>\n\t<meta property=\"og:image:type\" content=\"image\/jpeg\" \/>\n<meta name=\"twitter:card\" content=\"summary_large_image\" \/>\n<meta name=\"twitter:label1\" content=\"Est. reading time\" \/>\n\t<meta name=\"twitter:data1\" content=\"1\u00a0Minute\" \/>\n<script type=\"application\/ld+json\" class=\"yoast-schema-graph\">{\"@context\":\"https:\/\/schema.org\",\"@graph\":[{\"@type\":\"WebPage\",\"@id\":\"https:\/\/mx.motorad.com\/de\/wer-wir-sind\/karrieremoeglichkeiten\/\",\"url\":\"https:\/\/mx.motorad.com\/de\/wer-wir-sind\/karrieremoeglichkeiten\/\",\"name\":\"Karrierem\u00f6glichkeiten - MotoRad\",\"isPartOf\":{\"@id\":\"https:\/\/mx.motorad.com\/de\/#website\"},\"primaryImageOfPage\":{\"@id\":\"https:\/\/mx.motorad.com\/de\/wer-wir-sind\/karrieremoeglichkeiten\/#primaryimage\"},\"image\":{\"@id\":\"https:\/\/mx.motorad.com\/de\/wer-wir-sind\/karrieremoeglichkeiten\/#primaryimage\"},\"thumbnailUrl\":\"https:\/\/mx.motorad.com\/wp-content\/uploads\/2025\/04\/Road_into_Light_career.jpg\",\"datePublished\":\"2025-04-03T14:20:51+00:00\",\"dateModified\":\"2025-06-30T18:37:57+00:00\",\"description\":\"MotoRad - Karrierem\u00f6glichkeiten\",\"breadcrumb\":{\"@id\":\"https:\/\/mx.motorad.com\/de\/wer-wir-sind\/karrieremoeglichkeiten\/#breadcrumb\"},\"inLanguage\":\"de\",\"potentialAction\":[{\"@type\":\"ReadAction\",\"target\":[\"https:\/\/mx.motorad.com\/de\/wer-wir-sind\/karrieremoeglichkeiten\/\"]}]},{\"@type\":\"ImageObject\",\"inLanguage\":\"de\",\"@id\":\"https:\/\/mx.motorad.com\/de\/wer-wir-sind\/karrieremoeglichkeiten\/#primaryimage\",\"url\":\"https:\/\/mx.motorad.com\/wp-content\/uploads\/2025\/04\/Road_into_Light_career.jpg\",\"contentUrl\":\"https:\/\/mx.motorad.com\/wp-content\/uploads\/2025\/04\/Road_into_Light_career.jpg\"},{\"@type\":\"BreadcrumbList\",\"@id\":\"https:\/\/mx.motorad.com\/de\/wer-wir-sind\/karrieremoeglichkeiten\/#breadcrumb\",\"itemListElement\":[{\"@type\":\"ListItem\",\"position\":1,\"name\":\"Home\",\"item\":\"https:\/\/mx.motorad.com\/de\/\"},{\"@type\":\"ListItem\",\"position\":2,\"name\":\"Wer wir sind\",\"item\":\"https:\/\/mx.motorad.com\/de\/wer-wir-sind\/\"},{\"@type\":\"ListItem\",\"position\":3,\"name\":\"Karrierem\u00f6glichkeiten\"}]},{\"@type\":\"WebSite\",\"@id\":\"https:\/\/mx.motorad.com\/de\/#website\",\"url\":\"https:\/\/mx.motorad.com\/de\/\",\"name\":\"MotoRad\",\"description\":\"Trusted to Deliver Better - Thermal Management, Emissions, Powertrain Controls\",\"potentialAction\":[{\"@type\":\"SearchAction\",\"target\":{\"@type\":\"EntryPoint\",\"urlTemplate\":\"https:\/\/mx.motorad.com\/de\/?s={search_term_string}\"},\"query-input\":{\"@type\":\"PropertyValueSpecification\",\"valueRequired\":true,\"valueName\":\"search_term_string\"}}],\"inLanguage\":\"de\"}]}<\/script>\n<!-- \/ Yoast SEO Premium plugin. -->","yoast_head_json":{"title":"Karrierem\u00f6glichkeiten - MotoRad","description":"MotoRad - Karrierem\u00f6glichkeiten","robots":{"index":"index","follow":"follow","max-snippet":"max-snippet:-1","max-image-preview":"max-image-preview:large","max-video-preview":"max-video-preview:-1"},"canonical":"https:\/\/mx.motorad.com\/de\/wer-wir-sind\/karrieremoeglichkeiten\/","og_locale":"de_DE","og_type":"article","og_title":"Karrierem\u00f6glichkeiten","og_description":"MotoRad - Karrierem\u00f6glichkeiten","og_url":"https:\/\/mx.motorad.com\/de\/wer-wir-sind\/karrieremoeglichkeiten\/","og_site_name":"MotoRad","article_modified_time":"2025-06-30T18:37:57+00:00","og_image":[{"width":1920,"height":728,"url":"https:\/\/mx.motorad.com\/wp-content\/uploads\/2025\/04\/Road_into_Light_career.jpg","type":"image\/jpeg"}],"twitter_card":"summary_large_image","twitter_misc":{"Est. reading time":"1\u00a0Minute"},"schema":{"@context":"https:\/\/schema.org","@graph":[{"@type":"WebPage","@id":"https:\/\/mx.motorad.com\/de\/wer-wir-sind\/karrieremoeglichkeiten\/","url":"https:\/\/mx.motorad.com\/de\/wer-wir-sind\/karrieremoeglichkeiten\/","name":"Karrierem\u00f6glichkeiten - MotoRad","isPartOf":{"@id":"https:\/\/mx.motorad.com\/de\/#website"},"primaryImageOfPage":{"@id":"https:\/\/mx.motorad.com\/de\/wer-wir-sind\/karrieremoeglichkeiten\/#primaryimage"},"image":{"@id":"https:\/\/mx.motorad.com\/de\/wer-wir-sind\/karrieremoeglichkeiten\/#primaryimage"},"thumbnailUrl":"https:\/\/mx.motorad.com\/wp-content\/uploads\/2025\/04\/Road_into_Light_career.jpg","datePublished":"2025-04-03T14:20:51+00:00","dateModified":"2025-06-30T18:37:57+00:00","description":"MotoRad - Karrierem\u00f6glichkeiten","breadcrumb":{"@id":"https:\/\/mx.motorad.com\/de\/wer-wir-sind\/karrieremoeglichkeiten\/#breadcrumb"},"inLanguage":"de","potentialAction":[{"@type":"ReadAction","target":["https:\/\/mx.motorad.com\/de\/wer-wir-sind\/karrieremoeglichkeiten\/"]}]},{"@type":"ImageObject","inLanguage":"de","@id":"https:\/\/mx.motorad.com\/de\/wer-wir-sind\/karrieremoeglichkeiten\/#primaryimage","url":"https:\/\/mx.motorad.com\/wp-content\/uploads\/2025\/04\/Road_into_Light_career.jpg","contentUrl":"https:\/\/mx.motorad.com\/wp-content\/uploads\/2025\/04\/Road_into_Light_career.jpg"},{"@type":"BreadcrumbList","@id":"https:\/\/mx.motorad.com\/de\/wer-wir-sind\/karrieremoeglichkeiten\/#breadcrumb","itemListElement":[{"@type":"ListItem","position":1,"name":"Home","item":"https:\/\/mx.motorad.com\/de\/"},{"@type":"ListItem","position":2,"name":"Wer wir sind","item":"https:\/\/mx.motorad.com\/de\/wer-wir-sind\/"},{"@type":"ListItem","position":3,"name":"Karrierem\u00f6glichkeiten"}]},{"@type":"WebSite","@id":"https:\/\/mx.motorad.com\/de\/#website","url":"https:\/\/mx.motorad.com\/de\/","name":"MotoRad","description":"Trusted to Deliver Better - Thermal Management, Emissions, Powertrain Controls","potentialAction":[{"@type":"SearchAction","target":{"@type":"EntryPoint","urlTemplate":"https:\/\/mx.motorad.com\/de\/?s={search_term_string}"},"query-input":{"@type":"PropertyValueSpecification","valueRequired":true,"valueName":"search_term_string"}}],"inLanguage":"de"}]}},"_links":{"self":[{"href":"https:\/\/mx.motorad.com\/de\/wp-json\/wp\/v2\/pages\/6793","targetHints":{"allow":["GET"]}}],"collection":[{"href":"https:\/\/mx.motorad.com\/de\/wp-json\/wp\/v2\/pages"}],"about":[{"href":"https:\/\/mx.motorad.com\/de\/wp-json\/wp\/v2\/types\/page"}],"author":[{"embeddable":true,"href":"https:\/\/mx.motorad.com\/de\/wp-json\/wp\/v2\/users\/1"}],"replies":[{"embeddable":true,"href":"https:\/\/mx.motorad.com\/de\/wp-json\/wp\/v2\/comments?post=6793"}],"version-history":[{"count":1,"href":"https:\/\/mx.motorad.com\/de\/wp-json\/wp\/v2\/pages\/6793\/revisions"}],"predecessor-version":[{"id":6794,"href":"https:\/\/mx.motorad.com\/de\/wp-json\/wp\/v2\/pages\/6793\/revisions\/6794"}],"up":[{"embeddable":true,"href":"https:\/\/mx.motorad.com\/de\/wp-json\/wp\/v2\/pages\/6828"}],"wp:attachment":[{"href":"https:\/\/mx.motorad.com\/de\/wp-json\/wp\/v2\/media?parent=6793"}],"curies":[{"name":"wp","href":"https:\/\/api.w.org\/{rel}","templated":true}]}}