{"id":6801,"date":"2025-04-03T14:17:29","date_gmt":"2025-04-03T14:17:29","guid":{"rendered":"https:\/\/mx.motorad.com\/motorrad-partnerportal\/"},"modified":"2025-06-30T18:32:07","modified_gmt":"2025-06-30T18:32:07","slug":"motorrad-partnerportal","status":"publish","type":"page","link":"https:\/\/mx.motorad.com\/de\/motorrad-partnerportal\/","title":{"rendered":"Motorrad-Partnerportal"},"content":{"rendered":"<h1 style=\"margin-top:var(--wp--preset--spacing--60);\" class=\"wp-block-post-title\">Motorrad-Partnerportal<\/h1>\n<div class=\"wp-block-columns is-layout-flex wp-container-core-columns-is-layout-baf23659 wp-block-columns-is-layout-flex\" style=\"margin-bottom:var(--wp--preset--spacing--60)\">\n<div class=\"wp-block-column is-layout-flow wp-block-column-is-layout-flow\" style=\"flex-basis:33.33%\">\n<figure class=\"wp-block-image size-full\"><img loading=\"lazy\" decoding=\"async\" width=\"500\" height=\"500\" src=\"https:\/\/mx.motorad.com\/wp-content\/uploads\/2025\/04\/motorad-portal.jpg\" alt=\"\" class=\"wp-image-3183\" srcset=\"https:\/\/mx.motorad.com\/wp-content\/uploads\/2025\/04\/motorad-portal.jpg 500w, https:\/\/mx.motorad.com\/wp-content\/uploads\/2025\/04\/motorad-portal-300x300.jpg 300w, https:\/\/mx.motorad.com\/wp-content\/uploads\/2025\/04\/motorad-portal-150x150.jpg 150w\" sizes=\"auto, (max-width: 500px) 100vw, 500px\" \/><\/figure>\n<\/div>\n\n\n\n<div class=\"wp-block-column is-vertically-aligned-center is-layout-flow wp-block-column-is-layout-flow\" style=\"flex-basis:66.66%\">\n<p>Wir sch\u00e4tzen unsere Lieferanten und Kunden als wichtige Gesch\u00e4ftspartner. <\/p>\n\n\n\n<p>Unser Partnerportal bietet nahtlosen Zugriff auf wichtige Kontoinformationen, Sendungsverfolgung und den Status von Produktr\u00fcckgaben, um Transparenz und Effizienz zu gew\u00e4hrleisten. <\/p>\n\n\n\n<p>Mit speziellen Portalen f\u00fcr verschiedene Regionen, einschlie\u00dflich Israel, Deutschland, USA und Mexiko, machen wir es unseren Partnern weltweit leicht, informiert zu bleiben und ihre Gesch\u00e4fte mit MotoRad zu verwalten.<\/p>\n<\/div>\n<\/div>\n\n<p class=\"has-large-font-size\" style=\"margin-bottom:var(--wp--preset--spacing--70)\"><strong>Access your regional portal:<br\/><\/strong><a href=\"https:\/\/portal.mx.motorad.com\/\">Israel<\/a> | <a href=\"https:\/\/portal.mx.motorad.com\/?CONFIG=MOTOG&amp;C=germany\">Germany<\/a> | <a href=\"https:\/\/portal.mx.motorad.com\/?CONFIG=MOTOUS&amp;C=mtr\">USA<\/a> | <a href=\"https:\/\/portal.mx.motorad.com\/?CONFIG=MOTOMEX&amp;C=mexicor\">Mexico<\/a> | <a href=\"https:\/\/portal.mx.motorad.com\/?CONFIG=MOTOMEXP&amp;C=mexico\">Mexico Production<\/a><\/p>\n\n<div class=\"wp-block-cover alignfull is-light\" style=\"padding-top:var(--wp--preset--spacing--60);padding-bottom:var(--wp--preset--spacing--60)\"><span aria-hidden=\"true\" class=\"wp-block-cover__background has-background-dim-0 has-background-dim\" style=\"background-color:#ece5d9\"><\/span><img loading=\"lazy\" decoding=\"async\" width=\"1505\" height=\"305\" class=\"wp-block-cover__image-background wp-image-223\" alt=\"\" src=\"https:\/\/mx.motorad.com\/wp-content\/uploads\/2025\/03\/FooterCTA.jpg\" data-object-fit=\"cover\" srcset=\"https:\/\/mx.motorad.com\/wp-content\/uploads\/2025\/03\/FooterCTA.jpg 1505w, https:\/\/mx.motorad.com\/wp-content\/uploads\/2025\/03\/FooterCTA-300x61.jpg 300w, https:\/\/mx.motorad.com\/wp-content\/uploads\/2025\/03\/FooterCTA-1024x208.jpg 1024w, https:\/\/mx.motorad.com\/wp-content\/uploads\/2025\/03\/FooterCTA-768x156.jpg 768w\" sizes=\"auto, (max-width: 1505px) 100vw, 1505px\" \/><div class=\"wp-block-cover__inner-container is-layout-flow wp-block-cover-is-layout-flow\">\n<div class=\"wp-block-columns are-vertically-aligned-center is-layout-flex wp-container-core-columns-is-layout-cbe57604 wp-block-columns-is-layout-flex\">\n<div class=\"wp-block-column is-vertically-aligned-center is-layout-flow wp-block-column-is-layout-flow\" style=\"flex-basis:45%\">\n<h2 class=\"wp-block-heading has-text-align-center has-palette-text-color has-text-color\" id=\"h-need-help-finding-the-right-product\" style=\"margin-bottom:var(--wp--preset--spacing--40)\">Brauchen Sie Hilfe bei der Suche nach dem richtigen Produkt?<\/h2>\n\n\n\n<p class=\"has-text-align-center has-palette-text-color has-text-color\" style=\"margin-bottom:var(--wp--preset--spacing--50)\">Unser engagiertes Team ist hier, um Sie in die richtige Richtung zu lenken. Klicken Sie unten und lassen Sie uns wissen, wie wir Ihnen helfen k\u00f6nnen, das ideale Produkt f\u00fcr Ihren Bedarf zu finden. Ihre Reise zu BESSEREN Erfahrungen beginnt hier.  <\/p>\n\n\n\n<div class=\"wp-block-buttons is-content-justification-center is-layout-flex wp-container-core-buttons-is-layout-a89b3969 wp-block-buttons-is-layout-flex\">\n<div class=\"wp-block-button\"><a class=\"wp-block-button__link has-text-align-center wp-element-button\" href=\"https:\/\/mx.motorad.com\/contact\/need-help-finding-something\/\">Sprechen Sie mit einem MotoRad Spezialisten<\/a><\/div>\n<\/div>\n<\/div>\n\n\n\n<div class=\"wp-block-column is-layout-flow wp-block-column-is-layout-flow\" style=\"flex-basis:10%\"><\/div>\n\n\n\n<div class=\"wp-block-column is-layout-flow wp-block-column-is-layout-flow\" style=\"flex-basis:45%\">\n<h2 class=\"wp-block-heading has-text-align-center has-palette-text-color has-text-color\" id=\"h-looking-for-custom-development\" style=\"margin-bottom:var(--wp--preset--spacing--40)\">Suchen Sie eine individuelle Entwicklung?<\/h2>\n\n\n\n<p class=\"has-text-align-center has-palette-text-color has-text-color\" style=\"margin-bottom:var(--wp--preset--spacing--50)\">Bei uns geht es nicht nur um Produkte, sondern um ma\u00dfgeschneiderte L\u00f6sungen, die Ihren Bed\u00fcrfnissen entsprechen. Sind Sie bereit, Ihr neues Projekt zum Leben zu erwecken? Klicken Sie unten, und lassen Sie uns gemeinsam auf die Reise der individuellen Produktentwicklung gehen.  <\/p>\n\n\n\n<div class=\"wp-block-buttons is-content-justification-center is-layout-flex wp-container-core-buttons-is-layout-a89b3969 wp-block-buttons-is-layout-flex\">\n<div class=\"wp-block-button is-style-fill\"><a class=\"wp-block-button__link has-palette-bg-color has-palette-text-background-color has-text-color has-background has-text-align-center wp-element-button\" href=\"https:\/\/mx.motorad.com\/contact\/do-you-need-custom-development\/\">Wir m\u00f6chten Ihr Lieferant sein<\/a><\/div>\n<\/div>\n<\/div>\n<\/div>\n<\/div><\/div>\n","protected":false},"excerpt":{"rendered":"<p>Wir sch\u00e4tzen unsere Lieferanten und Kunden als wichtige Gesch\u00e4ftspartner. Unser Partnerportal bietet nahtlosen Zugriff auf wichtige Kontoinformationen, Sendungsverfolgung und den [&#8230;]<\/p>\n","protected":false},"author":1,"featured_media":0,"parent":0,"menu_order":0,"comment_status":"closed","ping_status":"closed","template":"","meta":{"_acf_changed":false,"footnotes":""},"class_list":["post-6801","page","type-page","status-publish","hentry"],"acf":[],"yoast_head":"<!-- This site is optimized with the Yoast SEO Premium plugin v27.2 (Yoast SEO v27.2) - https:\/\/yoast.com\/product\/yoast-seo-premium-wordpress\/ -->\n<title>Motorrad-Partnerportal - MotoRad<\/title>\n<meta name=\"description\" content=\"Das Partnerportal von MotoRad bietet Zugang zu Kontoinformationen, Sendungsverfolgung und Produktr\u00fcckgabestatus.\" \/>\n<meta name=\"robots\" content=\"index, follow, max-snippet:-1, max-image-preview:large, max-video-preview:-1\" \/>\n<link rel=\"canonical\" href=\"https:\/\/mx.motorad.com\/de\/motorrad-partnerportal\/\" \/>\n<meta property=\"og:locale\" content=\"de_DE\" \/>\n<meta property=\"og:type\" content=\"article\" \/>\n<meta property=\"og:title\" content=\"Motorrad-Partnerportal\" \/>\n<meta property=\"og:description\" content=\"Das Partnerportal von MotoRad bietet Zugang zu Kontoinformationen, Sendungsverfolgung und Produktr\u00fcckgabestatus.\" \/>\n<meta property=\"og:url\" content=\"https:\/\/mx.motorad.com\/de\/motorrad-partnerportal\/\" \/>\n<meta property=\"og:site_name\" content=\"MotoRad\" \/>\n<meta property=\"article:modified_time\" content=\"2025-06-30T18:32:07+00:00\" \/>\n<meta property=\"og:image\" content=\"https:\/\/mx.motorad.com\/wp-content\/uploads\/2025\/04\/motorad-portal.jpg\" \/>\n\t<meta property=\"og:image:width\" content=\"500\" \/>\n\t<meta property=\"og:image:height\" content=\"500\" \/>\n\t<meta property=\"og:image:type\" content=\"image\/jpeg\" \/>\n<meta name=\"twitter:card\" content=\"summary_large_image\" \/>\n<script type=\"application\/ld+json\" class=\"yoast-schema-graph\">{\"@context\":\"https:\/\/schema.org\",\"@graph\":[{\"@type\":\"WebPage\",\"@id\":\"https:\/\/mx.motorad.com\/de\/motorrad-partnerportal\/\",\"url\":\"https:\/\/mx.motorad.com\/de\/motorrad-partnerportal\/\",\"name\":\"Motorrad-Partnerportal - MotoRad\",\"isPartOf\":{\"@id\":\"https:\/\/mx.motorad.com\/de\/#website\"},\"primaryImageOfPage\":{\"@id\":\"https:\/\/mx.motorad.com\/de\/motorrad-partnerportal\/#primaryimage\"},\"image\":{\"@id\":\"https:\/\/mx.motorad.com\/de\/motorrad-partnerportal\/#primaryimage\"},\"thumbnailUrl\":\"https:\/\/mx.motorad.com\/wp-content\/uploads\/2025\/04\/motorad-portal.jpg\",\"datePublished\":\"2025-04-03T14:17:29+00:00\",\"dateModified\":\"2025-06-30T18:32:07+00:00\",\"description\":\"Das Partnerportal von MotoRad bietet Zugang zu Kontoinformationen, Sendungsverfolgung und Produktr\u00fcckgabestatus.\",\"breadcrumb\":{\"@id\":\"https:\/\/mx.motorad.com\/de\/motorrad-partnerportal\/#breadcrumb\"},\"inLanguage\":\"de\",\"potentialAction\":[{\"@type\":\"ReadAction\",\"target\":[\"https:\/\/mx.motorad.com\/de\/motorrad-partnerportal\/\"]}]},{\"@type\":\"ImageObject\",\"inLanguage\":\"de\",\"@id\":\"https:\/\/mx.motorad.com\/de\/motorrad-partnerportal\/#primaryimage\",\"url\":\"https:\/\/mx.motorad.com\/wp-content\/uploads\/2025\/04\/motorad-portal.jpg\",\"contentUrl\":\"https:\/\/mx.motorad.com\/wp-content\/uploads\/2025\/04\/motorad-portal.jpg\"},{\"@type\":\"BreadcrumbList\",\"@id\":\"https:\/\/mx.motorad.com\/de\/motorrad-partnerportal\/#breadcrumb\",\"itemListElement\":[{\"@type\":\"ListItem\",\"position\":1,\"name\":\"Home\",\"item\":\"https:\/\/mx.motorad.com\/de\/\"},{\"@type\":\"ListItem\",\"position\":2,\"name\":\"Motorrad-Partnerportal\"}]},{\"@type\":\"WebSite\",\"@id\":\"https:\/\/mx.motorad.com\/de\/#website\",\"url\":\"https:\/\/mx.motorad.com\/de\/\",\"name\":\"MotoRad\",\"description\":\"Trusted to Deliver Better - Thermal Management, Emissions, Powertrain Controls\",\"potentialAction\":[{\"@type\":\"SearchAction\",\"target\":{\"@type\":\"EntryPoint\",\"urlTemplate\":\"https:\/\/mx.motorad.com\/de\/?s={search_term_string}\"},\"query-input\":{\"@type\":\"PropertyValueSpecification\",\"valueRequired\":true,\"valueName\":\"search_term_string\"}}],\"inLanguage\":\"de\"}]}<\/script>\n<!-- \/ Yoast SEO Premium plugin. -->","yoast_head_json":{"title":"Motorrad-Partnerportal - MotoRad","description":"Das Partnerportal von MotoRad bietet Zugang zu Kontoinformationen, Sendungsverfolgung und Produktr\u00fcckgabestatus.","robots":{"index":"index","follow":"follow","max-snippet":"max-snippet:-1","max-image-preview":"max-image-preview:large","max-video-preview":"max-video-preview:-1"},"canonical":"https:\/\/mx.motorad.com\/de\/motorrad-partnerportal\/","og_locale":"de_DE","og_type":"article","og_title":"Motorrad-Partnerportal","og_description":"Das Partnerportal von MotoRad bietet Zugang zu Kontoinformationen, Sendungsverfolgung und Produktr\u00fcckgabestatus.","og_url":"https:\/\/mx.motorad.com\/de\/motorrad-partnerportal\/","og_site_name":"MotoRad","article_modified_time":"2025-06-30T18:32:07+00:00","og_image":[{"width":500,"height":500,"url":"https:\/\/mx.motorad.com\/wp-content\/uploads\/2025\/04\/motorad-portal.jpg","type":"image\/jpeg"}],"twitter_card":"summary_large_image","schema":{"@context":"https:\/\/schema.org","@graph":[{"@type":"WebPage","@id":"https:\/\/mx.motorad.com\/de\/motorrad-partnerportal\/","url":"https:\/\/mx.motorad.com\/de\/motorrad-partnerportal\/","name":"Motorrad-Partnerportal - MotoRad","isPartOf":{"@id":"https:\/\/mx.motorad.com\/de\/#website"},"primaryImageOfPage":{"@id":"https:\/\/mx.motorad.com\/de\/motorrad-partnerportal\/#primaryimage"},"image":{"@id":"https:\/\/mx.motorad.com\/de\/motorrad-partnerportal\/#primaryimage"},"thumbnailUrl":"https:\/\/mx.motorad.com\/wp-content\/uploads\/2025\/04\/motorad-portal.jpg","datePublished":"2025-04-03T14:17:29+00:00","dateModified":"2025-06-30T18:32:07+00:00","description":"Das Partnerportal von MotoRad bietet Zugang zu Kontoinformationen, Sendungsverfolgung und Produktr\u00fcckgabestatus.","breadcrumb":{"@id":"https:\/\/mx.motorad.com\/de\/motorrad-partnerportal\/#breadcrumb"},"inLanguage":"de","potentialAction":[{"@type":"ReadAction","target":["https:\/\/mx.motorad.com\/de\/motorrad-partnerportal\/"]}]},{"@type":"ImageObject","inLanguage":"de","@id":"https:\/\/mx.motorad.com\/de\/motorrad-partnerportal\/#primaryimage","url":"https:\/\/mx.motorad.com\/wp-content\/uploads\/2025\/04\/motorad-portal.jpg","contentUrl":"https:\/\/mx.motorad.com\/wp-content\/uploads\/2025\/04\/motorad-portal.jpg"},{"@type":"BreadcrumbList","@id":"https:\/\/mx.motorad.com\/de\/motorrad-partnerportal\/#breadcrumb","itemListElement":[{"@type":"ListItem","position":1,"name":"Home","item":"https:\/\/mx.motorad.com\/de\/"},{"@type":"ListItem","position":2,"name":"Motorrad-Partnerportal"}]},{"@type":"WebSite","@id":"https:\/\/mx.motorad.com\/de\/#website","url":"https:\/\/mx.motorad.com\/de\/","name":"MotoRad","description":"Trusted to Deliver Better - Thermal Management, Emissions, Powertrain Controls","potentialAction":[{"@type":"SearchAction","target":{"@type":"EntryPoint","urlTemplate":"https:\/\/mx.motorad.com\/de\/?s={search_term_string}"},"query-input":{"@type":"PropertyValueSpecification","valueRequired":true,"valueName":"search_term_string"}}],"inLanguage":"de"}]}},"_links":{"self":[{"href":"https:\/\/mx.motorad.com\/de\/wp-json\/wp\/v2\/pages\/6801","targetHints":{"allow":["GET"]}}],"collection":[{"href":"https:\/\/mx.motorad.com\/de\/wp-json\/wp\/v2\/pages"}],"about":[{"href":"https:\/\/mx.motorad.com\/de\/wp-json\/wp\/v2\/types\/page"}],"author":[{"embeddable":true,"href":"https:\/\/mx.motorad.com\/de\/wp-json\/wp\/v2\/users\/1"}],"replies":[{"embeddable":true,"href":"https:\/\/mx.motorad.com\/de\/wp-json\/wp\/v2\/comments?post=6801"}],"version-history":[{"count":1,"href":"https:\/\/mx.motorad.com\/de\/wp-json\/wp\/v2\/pages\/6801\/revisions"}],"predecessor-version":[{"id":6802,"href":"https:\/\/mx.motorad.com\/de\/wp-json\/wp\/v2\/pages\/6801\/revisions\/6802"}],"wp:attachment":[{"href":"https:\/\/mx.motorad.com\/de\/wp-json\/wp\/v2\/media?parent=6801"}],"curies":[{"name":"wp","href":"https:\/\/api.w.org\/{rel}","templated":true}]}}