{"id":87396,"date":"2026-02-05T16:34:23","date_gmt":"2026-02-05T16:34:23","guid":{"rendered":"https:\/\/mx.motorad.com\/nachrichten-abonnieren\/"},"modified":"2026-03-17T12:28:59","modified_gmt":"2026-03-17T12:28:59","slug":"nachrichten-abonnieren","status":"publish","type":"page","link":"https:\/\/mx.motorad.com\/de\/nachrichten-abonnieren\/","title":{"rendered":"Nachrichten abonnieren"},"content":{"rendered":"<h1 style=\"margin-top:var(--wp--preset--spacing--60);margin-bottom:var(--wp--preset--spacing--60);\" class=\"wp-block-post-title\">Nachrichten abonnieren<\/h1>\n<div class=\"wp-block-columns is-layout-flex wp-container-core-columns-is-layout-212ad063 wp-block-columns-is-layout-flex\" style=\"margin-bottom:var(--wp--preset--spacing--70)\">\n<div class=\"wp-block-column is-layout-flow wp-block-column-is-layout-flow\" style=\"flex-basis:66.66%\">\n<p style=\"margin-bottom:var(--wp--preset--spacing--30)\">Wenn Sie Nachrichten-Updates per E-Mail von MotoRad erhalten m\u00f6chten, f\u00fcllen Sie bitte das untenstehende Formular aus. <br\/>Wir respektieren Ihre Privatsph\u00e4re und bieten Ihnen jederzeit die M\u00f6glichkeit, sich abzumelden. <\/p>\n\n\n\n<iframe loading=\"lazy\" src=\"https:\/\/go.motorad.com\/l\/846063\/2024-06-19\/2jbrvx\" width=\"100%\" height=\"800\" type=\"text\/html\" frameborder=\"0\" allowtransparency=\"true\" style=\"border: 0\"><\/iframe>\n<\/div>\n\n\n\n<div class=\"wp-block-column is-layout-flow wp-container-core-column-is-layout-f5bb311e wp-block-column-is-layout-flow\" style=\"flex-basis:33.33%\">\n<figure class=\"wp-block-image size-full\" style=\"margin-bottom:var(--wp--preset--spacing--50)\"><img loading=\"lazy\" decoding=\"async\" width=\"972\" height=\"636\" src=\"https:\/\/motorad.com\/wp-content\/uploads\/2025\/04\/TrustedToDeliverBetter.webp\" alt=\"\" class=\"wp-image-3317\" srcset=\"https:\/\/mx.motorad.com\/wp-content\/uploads\/2025\/04\/TrustedToDeliverBetter.webp 972w, https:\/\/mx.motorad.com\/wp-content\/uploads\/2025\/04\/TrustedToDeliverBetter-300x196.webp 300w, https:\/\/mx.motorad.com\/wp-content\/uploads\/2025\/04\/TrustedToDeliverBetter-768x503.webp 768w\" sizes=\"auto, (max-width: 972px) 100vw, 972px\" \/><\/figure>\n\n\n\n<h4 class=\"wp-block-heading\" style=\"margin-bottom:var(--wp--preset--spacing--40)\"><strong>Wir sch\u00e4tzen Ihre Anfrage und werden so schnell wie m\u00f6glich antworten<\/strong>.<\/h4>\n\n\n\n<p>Finden Sie uns weltweit an diesen Standorten:<\/p>\n\n\n\n<div style=\"height:17px\" aria-hidden=\"true\" class=\"wp-block-spacer\"><\/div>\n\n\n\n<p><strong>MOTORAD USA<\/strong> &#8211; Illinois<br\/>916 Empire Street<br\/>MT Carmel, IL 62863<br\/>Haupt: +1-888-262-4153<br\/>Technik: +1-866-690-4357<\/p>\n\n\n\n<p><strong>MOTORAD USA<\/strong> &#8211; Georgia<br\/>1165 Sanctuary Parkway, Suite 310, <br\/>Alpharetta, Georgia 30009<br\/>+1-678-691-2023<\/p>\n\n\n\n<p><strong>MOTORAD ISRAEL<\/strong> &#8211; Misgav<br\/>Bar-Lev Industrial Park,<br\/>Misgav 20156, Israel<br\/>972-4-955-3232<\/p>\n\n\n\n<p><strong>MOTORAD GERMANY<\/strong> &#8211; Deutschland<br\/>Max-Planck-Str. 6<br\/>D-50374 Erftstadt-Germany<br\/>+49-2235-430447<\/p>\n\n\n\n<p style=\"margin-bottom:0\"><strong>MOTORAD MEXICO<\/strong> &#8211; Nuevo Leon<br\/>COLONIA SABINAS INDUSTRIAL PARK<br\/>Av. Luis Donaldo Colosio, N\u00famero 292,<br\/>Ciudad Apodaca, Nuevo Leon<br\/>66645<br\/>N. L. | Mexiko<br\/>Tel: +52 81 1972 6650 <\/p>\n<\/div>\n<\/div>\n\n<div class=\"wp-block-cover alignfull is-light\" style=\"padding-top:var(--wp--preset--spacing--60);padding-bottom:var(--wp--preset--spacing--60)\"><span aria-hidden=\"true\" class=\"wp-block-cover__background has-background-dim-0 has-background-dim\" style=\"background-color:#ece5d9\"><\/span><img loading=\"lazy\" decoding=\"async\" width=\"1505\" height=\"305\" class=\"wp-block-cover__image-background wp-image-223\" alt=\"\" src=\"https:\/\/mx.motorad.com\/wp-content\/uploads\/2025\/03\/FooterCTA.jpg\" data-object-fit=\"cover\" srcset=\"https:\/\/mx.motorad.com\/wp-content\/uploads\/2025\/03\/FooterCTA.jpg 1505w, https:\/\/mx.motorad.com\/wp-content\/uploads\/2025\/03\/FooterCTA-300x61.jpg 300w, https:\/\/mx.motorad.com\/wp-content\/uploads\/2025\/03\/FooterCTA-1024x208.jpg 1024w, https:\/\/mx.motorad.com\/wp-content\/uploads\/2025\/03\/FooterCTA-768x156.jpg 768w\" sizes=\"auto, (max-width: 1505px) 100vw, 1505px\" \/><div class=\"wp-block-cover__inner-container is-layout-flow wp-block-cover-is-layout-flow\">\n<div class=\"wp-block-columns are-vertically-aligned-center is-layout-flex wp-container-core-columns-is-layout-cbe57604 wp-block-columns-is-layout-flex\">\n<div class=\"wp-block-column is-vertically-aligned-center is-layout-flow wp-block-column-is-layout-flow\" style=\"flex-basis:45%\">\n<h2 class=\"wp-block-heading has-text-align-center has-palette-text-color has-text-color\" id=\"h-need-help-finding-the-right-product\" style=\"margin-bottom:var(--wp--preset--spacing--40)\">Brauchen Sie Hilfe bei der Suche nach dem richtigen Produkt?<\/h2>\n\n\n\n<p class=\"has-text-align-center has-palette-text-color has-text-color\" style=\"margin-bottom:var(--wp--preset--spacing--50)\">Unser engagiertes Team ist hier, um Sie in die richtige Richtung zu lenken. Klicken Sie unten und lassen Sie uns wissen, wie wir Ihnen helfen k\u00f6nnen, das ideale Produkt f\u00fcr Ihren Bedarf zu finden. Ihre Reise zu BESSEREN Erfahrungen beginnt hier.  <\/p>\n\n\n\n<div class=\"wp-block-buttons is-content-justification-center is-layout-flex wp-container-core-buttons-is-layout-a89b3969 wp-block-buttons-is-layout-flex\">\n<div class=\"wp-block-button\"><a class=\"wp-block-button__link has-text-align-center wp-element-button\" href=\"https:\/\/mx.motorad.com\/contact\/need-help-finding-something\/\">Sprechen Sie mit einem MotoRad Spezialisten<\/a><\/div>\n<\/div>\n<\/div>\n\n\n\n<div class=\"wp-block-column is-layout-flow wp-block-column-is-layout-flow\" style=\"flex-basis:10%\"><\/div>\n\n\n\n<div class=\"wp-block-column is-layout-flow wp-block-column-is-layout-flow\" style=\"flex-basis:45%\">\n<h2 class=\"wp-block-heading has-text-align-center has-palette-text-color has-text-color\" id=\"h-looking-for-custom-development\" style=\"margin-bottom:var(--wp--preset--spacing--40)\">Suchen Sie eine individuelle Entwicklung?<\/h2>\n\n\n\n<p class=\"has-text-align-center has-palette-text-color has-text-color\" style=\"margin-bottom:var(--wp--preset--spacing--50)\">Bei uns geht es nicht nur um Produkte, sondern um ma\u00dfgeschneiderte L\u00f6sungen, die Ihren Bed\u00fcrfnissen entsprechen. Sind Sie bereit, Ihr neues Projekt zum Leben zu erwecken? Klicken Sie unten, und lassen Sie uns gemeinsam auf die Reise der individuellen Produktentwicklung gehen.  <\/p>\n\n\n\n<div class=\"wp-block-buttons is-content-justification-center is-layout-flex wp-container-core-buttons-is-layout-a89b3969 wp-block-buttons-is-layout-flex\">\n<div class=\"wp-block-button is-style-fill\"><a class=\"wp-block-button__link has-palette-bg-color has-palette-text-background-color has-text-color has-background has-text-align-center wp-element-button\" href=\"https:\/\/mx.motorad.com\/contact\/do-you-need-custom-development\/\">Wir m\u00f6chten Ihr Lieferant sein<\/a><\/div>\n<\/div>\n<\/div>\n<\/div>\n<\/div><\/div>\n","protected":false},"excerpt":{"rendered":"<p>Wenn Sie Nachrichten-Updates per E-Mail von MotoRad erhalten m\u00f6chten, f\u00fcllen Sie bitte das untenstehende Formular aus. Wir respektieren Ihre Privatsph\u00e4re [&#8230;]<\/p>\n","protected":false},"author":2,"featured_media":0,"parent":0,"menu_order":0,"comment_status":"closed","ping_status":"closed","template":"","meta":{"_acf_changed":false,"footnotes":""},"class_list":["post-87396","page","type-page","status-publish","hentry"],"acf":[],"yoast_head":"<!-- This site is optimized with the Yoast SEO Premium plugin v27.2 (Yoast SEO v27.2) - https:\/\/yoast.com\/product\/yoast-seo-premium-wordpress\/ -->\n<title>Nachrichten abonnieren - MotoRad<\/title>\n<meta name=\"description\" content=\"MotoRad - Nachrichten abonnieren\" \/>\n<meta name=\"robots\" content=\"index, follow, max-snippet:-1, max-image-preview:large, max-video-preview:-1\" \/>\n<link rel=\"canonical\" href=\"https:\/\/mx.motorad.com\/de\/nachrichten-abonnieren\/\" \/>\n<meta property=\"og:locale\" content=\"de_DE\" \/>\n<meta property=\"og:type\" content=\"article\" \/>\n<meta property=\"og:title\" content=\"Nachrichten abonnieren\" \/>\n<meta property=\"og:description\" content=\"MotoRad - Nachrichten abonnieren\" \/>\n<meta property=\"og:url\" content=\"https:\/\/mx.motorad.com\/de\/nachrichten-abonnieren\/\" \/>\n<meta property=\"og:site_name\" content=\"MotoRad\" \/>\n<meta property=\"article:modified_time\" content=\"2026-03-17T12:28:59+00:00\" \/>\n<meta property=\"og:image\" content=\"https:\/\/mx.motorad.com\/wp-content\/uploads\/2025\/04\/TrustedToDeliverBetter.webp\" \/>\n\t<meta property=\"og:image:width\" content=\"972\" \/>\n\t<meta property=\"og:image:height\" content=\"636\" \/>\n\t<meta property=\"og:image:type\" content=\"image\/webp\" \/>\n<meta name=\"twitter:card\" content=\"summary_large_image\" \/>\n<meta name=\"twitter:label1\" content=\"Est. reading time\" \/>\n\t<meta name=\"twitter:data1\" content=\"1\u00a0Minute\" \/>\n<script type=\"application\/ld+json\" class=\"yoast-schema-graph\">{\"@context\":\"https:\/\/schema.org\",\"@graph\":[{\"@type\":\"WebPage\",\"@id\":\"https:\/\/mx.motorad.com\/de\/nachrichten-abonnieren\/\",\"url\":\"https:\/\/mx.motorad.com\/de\/nachrichten-abonnieren\/\",\"name\":\"Nachrichten abonnieren - MotoRad\",\"isPartOf\":{\"@id\":\"https:\/\/mx.motorad.com\/de\/#website\"},\"primaryImageOfPage\":{\"@id\":\"https:\/\/mx.motorad.com\/de\/nachrichten-abonnieren\/#primaryimage\"},\"image\":{\"@id\":\"https:\/\/mx.motorad.com\/de\/nachrichten-abonnieren\/#primaryimage\"},\"thumbnailUrl\":\"https:\/\/motorad.com\/wp-content\/uploads\/2025\/04\/TrustedToDeliverBetter.webp\",\"datePublished\":\"2026-02-05T16:34:23+00:00\",\"dateModified\":\"2026-03-17T12:28:59+00:00\",\"description\":\"MotoRad - Nachrichten abonnieren\",\"breadcrumb\":{\"@id\":\"https:\/\/mx.motorad.com\/de\/nachrichten-abonnieren\/#breadcrumb\"},\"inLanguage\":\"de\",\"potentialAction\":[{\"@type\":\"ReadAction\",\"target\":[\"https:\/\/mx.motorad.com\/de\/nachrichten-abonnieren\/\"]}]},{\"@type\":\"ImageObject\",\"inLanguage\":\"de\",\"@id\":\"https:\/\/mx.motorad.com\/de\/nachrichten-abonnieren\/#primaryimage\",\"url\":\"https:\/\/motorad.com\/wp-content\/uploads\/2025\/04\/TrustedToDeliverBetter.webp\",\"contentUrl\":\"https:\/\/motorad.com\/wp-content\/uploads\/2025\/04\/TrustedToDeliverBetter.webp\"},{\"@type\":\"BreadcrumbList\",\"@id\":\"https:\/\/mx.motorad.com\/de\/nachrichten-abonnieren\/#breadcrumb\",\"itemListElement\":[{\"@type\":\"ListItem\",\"position\":1,\"name\":\"Home\",\"item\":\"https:\/\/mx.motorad.com\/de\/\"},{\"@type\":\"ListItem\",\"position\":2,\"name\":\"Nachrichten abonnieren\"}]},{\"@type\":\"WebSite\",\"@id\":\"https:\/\/mx.motorad.com\/de\/#website\",\"url\":\"https:\/\/mx.motorad.com\/de\/\",\"name\":\"MotoRad\",\"description\":\"Trusted to Deliver Better - Thermal Management, Emissions, Powertrain Controls\",\"potentialAction\":[{\"@type\":\"SearchAction\",\"target\":{\"@type\":\"EntryPoint\",\"urlTemplate\":\"https:\/\/mx.motorad.com\/de\/?s={search_term_string}\"},\"query-input\":{\"@type\":\"PropertyValueSpecification\",\"valueRequired\":true,\"valueName\":\"search_term_string\"}}],\"inLanguage\":\"de\"}]}<\/script>\n<!-- \/ Yoast SEO Premium plugin. -->","yoast_head_json":{"title":"Nachrichten abonnieren - MotoRad","description":"MotoRad - Nachrichten abonnieren","robots":{"index":"index","follow":"follow","max-snippet":"max-snippet:-1","max-image-preview":"max-image-preview:large","max-video-preview":"max-video-preview:-1"},"canonical":"https:\/\/mx.motorad.com\/de\/nachrichten-abonnieren\/","og_locale":"de_DE","og_type":"article","og_title":"Nachrichten abonnieren","og_description":"MotoRad - Nachrichten abonnieren","og_url":"https:\/\/mx.motorad.com\/de\/nachrichten-abonnieren\/","og_site_name":"MotoRad","article_modified_time":"2026-03-17T12:28:59+00:00","og_image":[{"width":972,"height":636,"url":"https:\/\/mx.motorad.com\/wp-content\/uploads\/2025\/04\/TrustedToDeliverBetter.webp","type":"image\/webp"}],"twitter_card":"summary_large_image","twitter_misc":{"Est. reading time":"1\u00a0Minute"},"schema":{"@context":"https:\/\/schema.org","@graph":[{"@type":"WebPage","@id":"https:\/\/mx.motorad.com\/de\/nachrichten-abonnieren\/","url":"https:\/\/mx.motorad.com\/de\/nachrichten-abonnieren\/","name":"Nachrichten abonnieren - MotoRad","isPartOf":{"@id":"https:\/\/mx.motorad.com\/de\/#website"},"primaryImageOfPage":{"@id":"https:\/\/mx.motorad.com\/de\/nachrichten-abonnieren\/#primaryimage"},"image":{"@id":"https:\/\/mx.motorad.com\/de\/nachrichten-abonnieren\/#primaryimage"},"thumbnailUrl":"https:\/\/motorad.com\/wp-content\/uploads\/2025\/04\/TrustedToDeliverBetter.webp","datePublished":"2026-02-05T16:34:23+00:00","dateModified":"2026-03-17T12:28:59+00:00","description":"MotoRad - Nachrichten abonnieren","breadcrumb":{"@id":"https:\/\/mx.motorad.com\/de\/nachrichten-abonnieren\/#breadcrumb"},"inLanguage":"de","potentialAction":[{"@type":"ReadAction","target":["https:\/\/mx.motorad.com\/de\/nachrichten-abonnieren\/"]}]},{"@type":"ImageObject","inLanguage":"de","@id":"https:\/\/mx.motorad.com\/de\/nachrichten-abonnieren\/#primaryimage","url":"https:\/\/motorad.com\/wp-content\/uploads\/2025\/04\/TrustedToDeliverBetter.webp","contentUrl":"https:\/\/motorad.com\/wp-content\/uploads\/2025\/04\/TrustedToDeliverBetter.webp"},{"@type":"BreadcrumbList","@id":"https:\/\/mx.motorad.com\/de\/nachrichten-abonnieren\/#breadcrumb","itemListElement":[{"@type":"ListItem","position":1,"name":"Home","item":"https:\/\/mx.motorad.com\/de\/"},{"@type":"ListItem","position":2,"name":"Nachrichten abonnieren"}]},{"@type":"WebSite","@id":"https:\/\/mx.motorad.com\/de\/#website","url":"https:\/\/mx.motorad.com\/de\/","name":"MotoRad","description":"Trusted to Deliver Better - Thermal Management, Emissions, Powertrain Controls","potentialAction":[{"@type":"SearchAction","target":{"@type":"EntryPoint","urlTemplate":"https:\/\/mx.motorad.com\/de\/?s={search_term_string}"},"query-input":{"@type":"PropertyValueSpecification","valueRequired":true,"valueName":"search_term_string"}}],"inLanguage":"de"}]}},"_links":{"self":[{"href":"https:\/\/mx.motorad.com\/de\/wp-json\/wp\/v2\/pages\/87396","targetHints":{"allow":["GET"]}}],"collection":[{"href":"https:\/\/mx.motorad.com\/de\/wp-json\/wp\/v2\/pages"}],"about":[{"href":"https:\/\/mx.motorad.com\/de\/wp-json\/wp\/v2\/types\/page"}],"author":[{"embeddable":true,"href":"https:\/\/mx.motorad.com\/de\/wp-json\/wp\/v2\/users\/2"}],"replies":[{"embeddable":true,"href":"https:\/\/mx.motorad.com\/de\/wp-json\/wp\/v2\/comments?post=87396"}],"version-history":[{"count":1,"href":"https:\/\/mx.motorad.com\/de\/wp-json\/wp\/v2\/pages\/87396\/revisions"}],"predecessor-version":[{"id":87397,"href":"https:\/\/mx.motorad.com\/de\/wp-json\/wp\/v2\/pages\/87396\/revisions\/87397"}],"wp:attachment":[{"href":"https:\/\/mx.motorad.com\/de\/wp-json\/wp\/v2\/media?parent=87396"}],"curies":[{"name":"wp","href":"https:\/\/api.w.org\/{rel}","templated":true}]}}