{"id":5677,"date":"2025-04-03T18:48:17","date_gmt":"2025-04-03T18:48:17","guid":{"rendered":"https:\/\/mx.motorad.com\/bouchon-de-carburant-attache\/"},"modified":"2025-06-13T12:48:48","modified_gmt":"2025-06-13T12:48:48","slug":"bouchon-de-carburant-attache","status":"publish","type":"page","link":"https:\/\/mx.motorad.com\/fr\/produits\/bouchons\/bouchon-de-carburant-attache\/","title":{"rendered":"BOUCHON DE CARBURANT ATTACH\u00c9"},"content":{"rendered":"\n<h1 class=\"wp-block-heading\" id=\"h-tethered-fuel-cap\" style=\"margin-top:var(--wp--preset--spacing--60);margin-bottom:var(--wp--preset--spacing--60)\">BOUCHON DE CARBURANT ATTACH\u00c9<\/h1>\n\n<p style=\"margin-bottom:var(--wp--preset--spacing--60)\">La s\u00e9lection de bouchons de carburant attach\u00e9s de MotoRad signifie que vous n&rsquo;avez plus besoin de vous rendre chez le concessionnaire pour remplacer votre ancien bouchon de carburant attach\u00e9 us\u00e9 ou endommag\u00e9. Une option parfaite et abordable en tant que remplacement direct de votre bouchon attach\u00e9 d&rsquo;origine, pr\u00eat \u00e0 \u00eatre install\u00e9 rapidement et facilement. Fabriqu\u00e9 avec des mat\u00e9riaux de haute qualit\u00e9 pour une durabilit\u00e9 \u00e0 long terme.<\/p>\n\n<h2 class=\"wp-block-heading\" id=\"h-why-choose-a-tethered-fuel-cap\" style=\"margin-bottom:var(--wp--preset--spacing--40)\">Pourquoi choisir un bouchon de carburant attach\u00e9 ? <\/h2>\n\n<p>Les avantages sont \u00e9vidents. Gr\u00e2ce \u00e0 une conception attach\u00e9e, vous pouvez dire adieu aux bouchons de carburant \u00e9gar\u00e9s ou perdus, r\u00e9duisant ainsi le risque d&rsquo;\u00e9vaporation du carburant et pr\u00e9venant la contamination du syst\u00e8me d&rsquo;alimentation de votre v\u00e9hicule. De plus, le m\u00e9canisme d&rsquo;attache assure un acc\u00e8s pratique et une fermeture s\u00e9curis\u00e9e, offrant une tranquillit\u00e9 d&rsquo;esprit aux conducteurs sur la route.<\/p>\n\n<div class=\"wp-block-columns is-layout-flex wp-container-core-columns-is-layout-95393138 wp-block-columns-is-layout-flex\" style=\"margin-top:var(--wp--preset--spacing--60);margin-bottom:var(--wp--preset--spacing--60)\">\n<div class=\"wp-block-column is-layout-flow wp-block-column-is-layout-flow\" style=\"flex-basis:33.33%\">\n<figure class=\"wp-block-image alignleft size-full\"><img loading=\"lazy\" decoding=\"async\" width=\"240\" height=\"248\" src=\"https:\/\/mx.motorad.com\/wp-content\/uploads\/2025\/04\/MGC4837T-1.webp\" alt=\"\" class=\"wp-image-4459\"\/><\/figure>\n<\/div>\n\n\n\n<div class=\"wp-block-column is-layout-flow wp-block-column-is-layout-flow\" style=\"flex-basis:66.66%\">\n<ul class=\"wp-block-list\">\n<li>Livr\u00e9 pr\u00e9-assembl\u00e9 pour une installation rapide et facile<\/li>\n\n\n\n<li>Plusieurs options de fixation pour s&rsquo;adapter \u00e0 toute configuration de compartiment de bouchon de carburant<\/li>\n\n\n\n<li>Convient aux v\u00e9hicules \u00e9quip\u00e9s \u00e0 l&rsquo;origine d&rsquo;une attache<\/li>\n\n\n\n<li>R\u00e9duit la pollution atmosph\u00e9rique gr\u00e2ce \u00e0 une \u00e9tanch\u00e9it\u00e9 et une ventilation appropri\u00e9es<\/li>\n\n\n\n<li>Fabriqu\u00e9 \u00e0 partir de mat\u00e9riaux durables \u00e0 longue dur\u00e9e de vie<\/li>\n<\/ul>\n<\/div>\n<\/div>\n\n<p style=\"margin-bottom:var(--wp--preset--spacing--20)\">En tant que fabricant de confiance de composants automobiles, MotoRad pr\u00e9sente un catalogue complet de bouchons de carburant de haute qualit\u00e9 con\u00e7us pour des performances et une durabilit\u00e9 optimales. Nos produits b\u00e9n\u00e9ficient d&rsquo;une large compatibilit\u00e9 d&rsquo;interchange, assurant une int\u00e9gration parfaite sur divers mod\u00e8les de v\u00e9hicules.<\/p>\n\n<p style=\"margin-bottom:var(--wp--preset--spacing--20)\">Chaque bouchon de carburant est con\u00e7u et rigoureusement test\u00e9 pour r\u00e9pondre aux normes de qualit\u00e9 OEM, garantissant fiabilit\u00e9 et long\u00e9vit\u00e9. Gr\u00e2ce \u00e0 notre engagement envers l&rsquo;excellence, MotoRad est un fournisseur privil\u00e9gi\u00e9 pour les entreprises et les particuliers \u00e0 la recherche de solutions automobiles de premier ordre.<\/p>\n\n<p style=\"margin-bottom:var(--wp--preset--spacing--20)\">Explorez notre vaste s\u00e9lection de bouchons de carburant attach\u00e9s pr\u00e9sentant des r\u00e9f\u00e9rences distinctes et une couverture exhaustive pour r\u00e9pondre aux divers besoins de nos clients. Que vous soyez m\u00e9canicien, d\u00e9taillant ou distributeur, MotoRad est votre partenaire commercial de confiance pour l&rsquo;approvisionnement en composants automobiles de qualit\u00e9 sup\u00e9rieure.<\/p>\n\n<div class=\"wp-block-buttons is-layout-flex wp-block-buttons-is-layout-flex\" style=\"margin-top:var(--wp--preset--spacing--60);margin-bottom:var(--wp--preset--spacing--70)\">\n<div class=\"wp-block-button\"><a class=\"wp-block-button__link wp-element-button\" href=\"https:\/\/mx.motorad.com\/products\/?categories=caps&#038;subcategories=tethered-fuel-cap\">Trouvez le bouchon attach\u00e9 adapt\u00e9 \u00e0 votre application<\/a><\/div>\n<\/div>\n\n<div class=\"wp-block-cover alignfull is-light\" style=\"padding-top:var(--wp--preset--spacing--60);padding-bottom:var(--wp--preset--spacing--60)\"><span aria-hidden=\"true\" class=\"wp-block-cover__background has-background-dim-0 has-background-dim\" style=\"background-color:#ece5d9\"><\/span><img loading=\"lazy\" decoding=\"async\" width=\"1505\" height=\"305\" class=\"wp-block-cover__image-background wp-image-223\" alt=\"\" src=\"https:\/\/mx.motorad.com\/wp-content\/uploads\/2025\/03\/FooterCTA.jpg\" data-object-fit=\"cover\" srcset=\"https:\/\/mx.motorad.com\/wp-content\/uploads\/2025\/03\/FooterCTA.jpg 1505w, https:\/\/mx.motorad.com\/wp-content\/uploads\/2025\/03\/FooterCTA-300x61.jpg 300w, https:\/\/mx.motorad.com\/wp-content\/uploads\/2025\/03\/FooterCTA-1024x208.jpg 1024w, https:\/\/mx.motorad.com\/wp-content\/uploads\/2025\/03\/FooterCTA-768x156.jpg 768w\" sizes=\"auto, (max-width: 1505px) 100vw, 1505px\" \/><div class=\"wp-block-cover__inner-container is-layout-flow wp-block-cover-is-layout-flow\">\n<div class=\"wp-block-columns are-vertically-aligned-center is-layout-flex wp-container-core-columns-is-layout-cbe57604 wp-block-columns-is-layout-flex\">\n<div class=\"wp-block-column is-vertically-aligned-center is-layout-flow wp-block-column-is-layout-flow\" style=\"flex-basis:45%\">\n<h2 class=\"wp-block-heading has-text-align-center has-palette-text-color has-text-color\" id=\"h-need-help-finding-the-right-product\" style=\"margin-bottom:var(--wp--preset--spacing--40)\">Vous avez besoin d&rsquo;aide pour trouver le bon produit ?<\/h2>\n\n\n\n<p class=\"has-text-align-center has-palette-text-color has-text-color\" style=\"margin-bottom:var(--wp--preset--spacing--50)\">Notre \u00e9quipe d\u00e9vou\u00e9e est l\u00e0 pour vous orienter dans la bonne direction. Cliquez ci-dessous et dites-nous comment nous pouvons vous aider \u00e0 trouver le produit id\u00e9al pour vos besoins. Votre voyage vers une meilleure exp\u00e9rience commence ici.  <\/p>\n\n\n\n<div class=\"wp-block-buttons is-content-justification-center is-layout-flex wp-container-core-buttons-is-layout-a89b3969 wp-block-buttons-is-layout-flex\">\n<div class=\"wp-block-button\"><a class=\"wp-block-button__link has-text-align-center wp-element-button\" href=\"https:\/\/mx.motorad.com\/contact\/need-help-finding-something\/\">Parlez \u00e0 un sp\u00e9cialiste MotoRad<\/a><\/div>\n<\/div>\n<\/div>\n\n\n\n<div class=\"wp-block-column is-layout-flow wp-block-column-is-layout-flow\" style=\"flex-basis:10%\"><\/div>\n\n\n\n<div class=\"wp-block-column is-layout-flow wp-block-column-is-layout-flow\" style=\"flex-basis:45%\">\n<h2 class=\"wp-block-heading has-text-align-center has-palette-text-color has-text-color\" id=\"h-looking-for-custom-development\" style=\"margin-bottom:var(--wp--preset--spacing--40)\">Vous cherchez un d\u00e9veloppement sur mesure ?<\/h2>\n\n\n\n<p class=\"has-text-align-center has-palette-text-color has-text-color\" style=\"margin-bottom:var(--wp--preset--spacing--50)\">Nous ne nous contentons pas de proposer des produits ; nous \u00e9laborons des solutions sur mesure qui r\u00e9pondent \u00e0 vos besoins. \u00cates-vous pr\u00eat \u00e0 donner vie \u00e0 votre nouveau projet ? Cliquez ci-dessous, et embarquons ensemble pour le d\u00e9veloppement de produits sur mesure.  <\/p>\n\n\n\n<div class=\"wp-block-buttons is-content-justification-center is-layout-flex wp-container-core-buttons-is-layout-a89b3969 wp-block-buttons-is-layout-flex\">\n<div class=\"wp-block-button is-style-fill\"><a class=\"wp-block-button__link has-palette-bg-color has-palette-text-background-color has-text-color has-background has-text-align-center wp-element-button\" href=\"https:\/\/mx.motorad.com\/contact\/do-you-need-custom-development\/\">Nous voulons \u00eatre votre fournisseur<\/a><\/div>\n<\/div>\n<\/div>\n<\/div>\n<\/div><\/div>\n","protected":false},"excerpt":{"rendered":"<p>BOUCHON DE CARBURANT ATTACH\u00c9 La s\u00e9lection de bouchons de carburant attach\u00e9s de MotoRad signifie que vous n&rsquo;avez plus besoin de [&#8230;]<\/p>\n","protected":false},"author":1,"featured_media":0,"parent":5900,"menu_order":0,"comment_status":"closed","ping_status":"closed","template":"","meta":{"_acf_changed":false,"footnotes":""},"class_list":["post-5677","page","type-page","status-publish","hentry"],"acf":[],"yoast_head":"<!-- This site is optimized with the Yoast SEO Premium plugin v27.2 (Yoast SEO v27.2) - https:\/\/yoast.com\/product\/yoast-seo-premium-wordpress\/ -->\n<title>BOUCHON DE CARBURANT ATTACH\u00c9 - MotoRad<\/title>\n<meta name=\"description\" content=\"MotoRad - BOUCHON DE CARBURANT ATTACH\u00c9\" \/>\n<meta name=\"robots\" content=\"index, follow, max-snippet:-1, max-image-preview:large, max-video-preview:-1\" \/>\n<link rel=\"canonical\" href=\"https:\/\/mx.motorad.com\/fr\/produits\/bouchons\/bouchon-de-carburant-attache\/\" \/>\n<meta property=\"og:locale\" content=\"fr_FR\" \/>\n<meta property=\"og:type\" content=\"article\" \/>\n<meta property=\"og:title\" content=\"BOUCHON DE CARBURANT ATTACH\u00c9\" \/>\n<meta property=\"og:description\" content=\"MotoRad - BOUCHON DE CARBURANT ATTACH\u00c9\" \/>\n<meta property=\"og:url\" content=\"https:\/\/mx.motorad.com\/fr\/produits\/bouchons\/bouchon-de-carburant-attache\/\" \/>\n<meta property=\"og:site_name\" content=\"MotoRad\" \/>\n<meta property=\"article:modified_time\" content=\"2025-06-13T12:48:48+00:00\" \/>\n<meta property=\"og:image\" content=\"https:\/\/mx.motorad.com\/wp-content\/uploads\/2025\/04\/MGC4837T-1.webp\" \/>\n\t<meta property=\"og:image:width\" content=\"240\" \/>\n\t<meta property=\"og:image:height\" content=\"248\" \/>\n\t<meta property=\"og:image:type\" content=\"image\/webp\" \/>\n<meta name=\"twitter:card\" content=\"summary_large_image\" \/>\n<meta name=\"twitter:label1\" content=\"Est. reading time\" \/>\n\t<meta name=\"twitter:data1\" content=\"2 minutes\" \/>\n<script type=\"application\/ld+json\" class=\"yoast-schema-graph\">{\"@context\":\"https:\/\/schema.org\",\"@graph\":[{\"@type\":\"WebPage\",\"@id\":\"https:\/\/mx.motorad.com\/fr\/produits\/bouchons\/bouchon-de-carburant-attache\/\",\"url\":\"https:\/\/mx.motorad.com\/fr\/produits\/bouchons\/bouchon-de-carburant-attache\/\",\"name\":\"BOUCHON DE CARBURANT ATTACH\u00c9 - MotoRad\",\"isPartOf\":{\"@id\":\"https:\/\/mx.motorad.com\/fr\/#website\"},\"primaryImageOfPage\":{\"@id\":\"https:\/\/mx.motorad.com\/fr\/produits\/bouchons\/bouchon-de-carburant-attache\/#primaryimage\"},\"image\":{\"@id\":\"https:\/\/mx.motorad.com\/fr\/produits\/bouchons\/bouchon-de-carburant-attache\/#primaryimage\"},\"thumbnailUrl\":\"https:\/\/mx.motorad.com\/wp-content\/uploads\/2025\/04\/MGC4837T-1.webp\",\"datePublished\":\"2025-04-03T18:48:17+00:00\",\"dateModified\":\"2025-06-13T12:48:48+00:00\",\"description\":\"MotoRad - BOUCHON DE CARBURANT ATTACH\u00c9\",\"breadcrumb\":{\"@id\":\"https:\/\/mx.motorad.com\/fr\/produits\/bouchons\/bouchon-de-carburant-attache\/#breadcrumb\"},\"inLanguage\":\"fr-FR\",\"potentialAction\":[{\"@type\":\"ReadAction\",\"target\":[\"https:\/\/mx.motorad.com\/fr\/produits\/bouchons\/bouchon-de-carburant-attache\/\"]}]},{\"@type\":\"ImageObject\",\"inLanguage\":\"fr-FR\",\"@id\":\"https:\/\/mx.motorad.com\/fr\/produits\/bouchons\/bouchon-de-carburant-attache\/#primaryimage\",\"url\":\"https:\/\/mx.motorad.com\/wp-content\/uploads\/2025\/04\/MGC4837T-1.webp\",\"contentUrl\":\"https:\/\/mx.motorad.com\/wp-content\/uploads\/2025\/04\/MGC4837T-1.webp\"},{\"@type\":\"BreadcrumbList\",\"@id\":\"https:\/\/mx.motorad.com\/fr\/produits\/bouchons\/bouchon-de-carburant-attache\/#breadcrumb\",\"itemListElement\":[{\"@type\":\"ListItem\",\"position\":1,\"name\":\"Home\",\"item\":\"https:\/\/mx.motorad.com\/fr\/\"},{\"@type\":\"ListItem\",\"position\":2,\"name\":\"Produits\",\"item\":\"https:\/\/motoradnew.test\/fr\/produits\/\"},{\"@type\":\"ListItem\",\"position\":3,\"name\":\"Bouchons\",\"item\":\"https:\/\/motoradnew.test\/fr\/produits\/bouchons\/\"},{\"@type\":\"ListItem\",\"position\":4,\"name\":\"BOUCHON DE CARBURANT ATTACH\u00c9\"}]},{\"@type\":\"WebSite\",\"@id\":\"https:\/\/mx.motorad.com\/fr\/#website\",\"url\":\"https:\/\/mx.motorad.com\/fr\/\",\"name\":\"MotoRad\",\"description\":\"Trusted to Deliver Better - Thermal Management, Emissions, Powertrain Controls\",\"potentialAction\":[{\"@type\":\"SearchAction\",\"target\":{\"@type\":\"EntryPoint\",\"urlTemplate\":\"https:\/\/mx.motorad.com\/fr\/?s={search_term_string}\"},\"query-input\":{\"@type\":\"PropertyValueSpecification\",\"valueRequired\":true,\"valueName\":\"search_term_string\"}}],\"inLanguage\":\"fr-FR\"}]}<\/script>\n<!-- \/ Yoast SEO Premium plugin. -->","yoast_head_json":{"title":"BOUCHON DE CARBURANT ATTACH\u00c9 - MotoRad","description":"MotoRad - BOUCHON DE CARBURANT ATTACH\u00c9","robots":{"index":"index","follow":"follow","max-snippet":"max-snippet:-1","max-image-preview":"max-image-preview:large","max-video-preview":"max-video-preview:-1"},"canonical":"https:\/\/mx.motorad.com\/fr\/produits\/bouchons\/bouchon-de-carburant-attache\/","og_locale":"fr_FR","og_type":"article","og_title":"BOUCHON DE CARBURANT ATTACH\u00c9","og_description":"MotoRad - BOUCHON DE CARBURANT ATTACH\u00c9","og_url":"https:\/\/mx.motorad.com\/fr\/produits\/bouchons\/bouchon-de-carburant-attache\/","og_site_name":"MotoRad","article_modified_time":"2025-06-13T12:48:48+00:00","og_image":[{"width":240,"height":248,"url":"https:\/\/mx.motorad.com\/wp-content\/uploads\/2025\/04\/MGC4837T-1.webp","type":"image\/webp"}],"twitter_card":"summary_large_image","twitter_misc":{"Est. reading time":"2 minutes"},"schema":{"@context":"https:\/\/schema.org","@graph":[{"@type":"WebPage","@id":"https:\/\/mx.motorad.com\/fr\/produits\/bouchons\/bouchon-de-carburant-attache\/","url":"https:\/\/mx.motorad.com\/fr\/produits\/bouchons\/bouchon-de-carburant-attache\/","name":"BOUCHON DE CARBURANT ATTACH\u00c9 - MotoRad","isPartOf":{"@id":"https:\/\/mx.motorad.com\/fr\/#website"},"primaryImageOfPage":{"@id":"https:\/\/mx.motorad.com\/fr\/produits\/bouchons\/bouchon-de-carburant-attache\/#primaryimage"},"image":{"@id":"https:\/\/mx.motorad.com\/fr\/produits\/bouchons\/bouchon-de-carburant-attache\/#primaryimage"},"thumbnailUrl":"https:\/\/mx.motorad.com\/wp-content\/uploads\/2025\/04\/MGC4837T-1.webp","datePublished":"2025-04-03T18:48:17+00:00","dateModified":"2025-06-13T12:48:48+00:00","description":"MotoRad - BOUCHON DE CARBURANT ATTACH\u00c9","breadcrumb":{"@id":"https:\/\/mx.motorad.com\/fr\/produits\/bouchons\/bouchon-de-carburant-attache\/#breadcrumb"},"inLanguage":"fr-FR","potentialAction":[{"@type":"ReadAction","target":["https:\/\/mx.motorad.com\/fr\/produits\/bouchons\/bouchon-de-carburant-attache\/"]}]},{"@type":"ImageObject","inLanguage":"fr-FR","@id":"https:\/\/mx.motorad.com\/fr\/produits\/bouchons\/bouchon-de-carburant-attache\/#primaryimage","url":"https:\/\/mx.motorad.com\/wp-content\/uploads\/2025\/04\/MGC4837T-1.webp","contentUrl":"https:\/\/mx.motorad.com\/wp-content\/uploads\/2025\/04\/MGC4837T-1.webp"},{"@type":"BreadcrumbList","@id":"https:\/\/mx.motorad.com\/fr\/produits\/bouchons\/bouchon-de-carburant-attache\/#breadcrumb","itemListElement":[{"@type":"ListItem","position":1,"name":"Home","item":"https:\/\/mx.motorad.com\/fr\/"},{"@type":"ListItem","position":2,"name":"Produits","item":"https:\/\/motoradnew.test\/fr\/produits\/"},{"@type":"ListItem","position":3,"name":"Bouchons","item":"https:\/\/motoradnew.test\/fr\/produits\/bouchons\/"},{"@type":"ListItem","position":4,"name":"BOUCHON DE CARBURANT ATTACH\u00c9"}]},{"@type":"WebSite","@id":"https:\/\/mx.motorad.com\/fr\/#website","url":"https:\/\/mx.motorad.com\/fr\/","name":"MotoRad","description":"Trusted to Deliver Better - Thermal Management, Emissions, Powertrain Controls","potentialAction":[{"@type":"SearchAction","target":{"@type":"EntryPoint","urlTemplate":"https:\/\/mx.motorad.com\/fr\/?s={search_term_string}"},"query-input":{"@type":"PropertyValueSpecification","valueRequired":true,"valueName":"search_term_string"}}],"inLanguage":"fr-FR"}]}},"_links":{"self":[{"href":"https:\/\/mx.motorad.com\/fr\/wp-json\/wp\/v2\/pages\/5677","targetHints":{"allow":["GET"]}}],"collection":[{"href":"https:\/\/mx.motorad.com\/fr\/wp-json\/wp\/v2\/pages"}],"about":[{"href":"https:\/\/mx.motorad.com\/fr\/wp-json\/wp\/v2\/types\/page"}],"author":[{"embeddable":true,"href":"https:\/\/mx.motorad.com\/fr\/wp-json\/wp\/v2\/users\/1"}],"replies":[{"embeddable":true,"href":"https:\/\/mx.motorad.com\/fr\/wp-json\/wp\/v2\/comments?post=5677"}],"version-history":[{"count":1,"href":"https:\/\/mx.motorad.com\/fr\/wp-json\/wp\/v2\/pages\/5677\/revisions"}],"predecessor-version":[{"id":5678,"href":"https:\/\/mx.motorad.com\/fr\/wp-json\/wp\/v2\/pages\/5677\/revisions\/5678"}],"up":[{"embeddable":true,"href":"https:\/\/mx.motorad.com\/fr\/wp-json\/wp\/v2\/pages\/5900"}],"wp:attachment":[{"href":"https:\/\/mx.motorad.com\/fr\/wp-json\/wp\/v2\/media?parent=5677"}],"curies":[{"name":"wp","href":"https:\/\/api.w.org\/{rel}","templated":true}]}}