{"id":5706,"date":"2025-04-04T13:08:27","date_gmt":"2025-04-04T13:08:27","guid":{"rendered":"https:\/\/mx.motorad.com\/technologie-innovation\/"},"modified":"2025-06-13T12:46:32","modified_gmt":"2025-06-13T12:46:32","slug":"technologie-innovation","status":"publish","type":"page","link":"https:\/\/mx.motorad.com\/fr\/technologie-innovation\/","title":{"rendered":"Technologie &amp; innovation"},"content":{"rendered":"\n<div class=\"wp-block-cover alignfull is-light\" style=\"min-height:274px;aspect-ratio:unset;\"><span aria-hidden=\"true\" class=\"wp-block-cover__background has-palette-bg-background-color has-background-dim-70 has-background-dim\"><\/span><img loading=\"lazy\" decoding=\"async\" width=\"2560\" height=\"1707\" class=\"wp-block-cover__image-background wp-image-4654\" alt=\"\" src=\"https:\/\/mx.motorad.com\/wp-content\/uploads\/2025\/04\/Road_into_Light_tech.jpg\" data-object-fit=\"cover\" srcset=\"https:\/\/mx.motorad.com\/wp-content\/uploads\/2025\/04\/Road_into_Light_tech.jpg 2560w, https:\/\/mx.motorad.com\/wp-content\/uploads\/2025\/04\/Road_into_Light_tech-300x200.jpg 300w, https:\/\/mx.motorad.com\/wp-content\/uploads\/2025\/04\/Road_into_Light_tech-1024x683.jpg 1024w, https:\/\/mx.motorad.com\/wp-content\/uploads\/2025\/04\/Road_into_Light_tech-768x512.jpg 768w, https:\/\/mx.motorad.com\/wp-content\/uploads\/2025\/04\/Road_into_Light_tech-1536x1024.jpg 1536w, https:\/\/mx.motorad.com\/wp-content\/uploads\/2025\/04\/Road_into_Light_tech-2048x1366.jpg 2048w\" sizes=\"auto, (max-width: 2560px) 100vw, 2560px\" \/><div class=\"wp-block-cover__inner-container is-layout-flow wp-block-cover-is-layout-flow\">\n<h1 class=\"wp-block-heading has-palette-text-color has-text-color\" id=\"h-technology-amp-innovation\">Technologie &amp; innovation<\/h1>\n<\/div><\/div>\n\n<div class=\"wp-block-columns is-layout-flex wp-container-core-columns-is-layout-eafada84 wp-block-columns-is-layout-flex\" style=\"margin-top:var(--wp--preset--spacing--60);margin-bottom:var(--wp--preset--spacing--60)\">\n<div class=\"wp-block-column is-layout-flow wp-block-column-is-layout-flow\" style=\"flex-basis:66.66%\">\n<h2 class=\"wp-block-heading\" id=\"h-at-motorad-we-re-leading-innovation\" style=\"margin-bottom:var(--wp--preset--spacing--40)\">Chez MotoRad, nous sommes \u00e0 la pointe de l&rsquo;innovation<\/h2>\n\n\n\n<p>Nous \u0153uvrons constamment \u00e0 l&rsquo;am\u00e9lioration des performances et de la valeur de notre offre en d\u00e9veloppant de nouveaux produits, en \u00e9valuant des mat\u00e9riaux novateurs et en concevant des \u00e9quipements et des processus de production avanc\u00e9s. Gr\u00e2ce \u00e0 notre combinaison unique de tradition et d&rsquo;exp\u00e9rience, alli\u00e9e \u00e0 une innovation entrepreneuriale, MotoRad s&rsquo;est impos\u00e9e comme un leader dans la conception et la production de solutions de gestion thermique et de technologies \u00e9mergentes. <\/p>\n<\/div>\n\n\n\n<div class=\"wp-block-column is-layout-flow wp-block-column-is-layout-flow\" style=\"flex-basis:33.33%\">\n<figure class=\"wp-block-image size-full\"><img loading=\"lazy\" decoding=\"async\" width=\"1920\" height=\"1080\" src=\"https:\/\/mx.motorad.com\/wp-content\/uploads\/2025\/04\/tech-inno.jpg\" alt=\"\" class=\"wp-image-4701\" srcset=\"https:\/\/mx.motorad.com\/wp-content\/uploads\/2025\/04\/tech-inno.jpg 1920w, https:\/\/mx.motorad.com\/wp-content\/uploads\/2025\/04\/tech-inno-300x169.jpg 300w, https:\/\/mx.motorad.com\/wp-content\/uploads\/2025\/04\/tech-inno-1024x576.jpg 1024w, https:\/\/mx.motorad.com\/wp-content\/uploads\/2025\/04\/tech-inno-768x432.jpg 768w, https:\/\/mx.motorad.com\/wp-content\/uploads\/2025\/04\/tech-inno-1536x864.jpg 1536w\" sizes=\"auto, (max-width: 1920px) 100vw, 1920px\" \/><\/figure>\n<\/div>\n<\/div>\n\n<h3 class=\"wp-block-heading\" id=\"h-the-perfect-balance-of-tradition-experience-research-development-amp-innovation\" style=\"margin-bottom:var(--wp--preset--spacing--40)\">L&rsquo;\u00e9quilibre parfait entre tradition, exp\u00e9rience, recherche, d\u00e9veloppement &amp; innovation<\/h3>\n\n<p style=\"margin-bottom:var(--wp--preset--spacing--20)\">Notre \u00e9quipe d&rsquo;ing\u00e9nierie R&amp;D poss\u00e8de de vastes comp\u00e9tences dans les domaines essentiels au d\u00e9veloppement de solutions de produits de pointe, notamment la conception assist\u00e9e par ordinateur et l&rsquo;analyse de r\u00e9sistance, le transfert thermique et l&rsquo;\u00e9coulement dynamique. Gr\u00e2ce \u00e0 notre vaste exp\u00e9rience en R&amp;D et en processus, nous avons d\u00e9velopp\u00e9 des proc\u00e9d\u00e9s de pressage et de fabrication hautement pr\u00e9cis qui facilitent davantage le d\u00e9veloppement de nouveaux produits et applications pour les segments OEM et apr\u00e8s-vente. <\/p>\n\n<p>Nous nous effor\u00e7ons de trouver l&rsquo;\u00e9quilibre parfait entre tradition, technologie \u00e9prouv\u00e9e et innovation. Cela signifie que nous nous appuyons \u00e0 la fois sur l&rsquo;exp\u00e9rience pass\u00e9e et l&rsquo;innovation future pour d\u00e9velopper des produits novateurs, fiables et am\u00e9lior\u00e9s. <\/p>\n\n<div class=\"wp-block-cover alignfull is-light\" style=\"margin-top:var(--wp--preset--spacing--60);margin-bottom:var(--wp--preset--spacing--60);padding-top:var(--wp--preset--spacing--60);padding-bottom:var(--wp--preset--spacing--60)\"><span aria-hidden=\"true\" class=\"wp-block-cover__background has-palette-bg-background-color has-background-dim-80 has-background-dim\"><\/span><img loading=\"lazy\" decoding=\"async\" width=\"2560\" height=\"845\" class=\"wp-block-cover__image-background wp-image-4694\" alt=\"\" src=\"https:\/\/mx.motorad.com\/wp-content\/uploads\/2025\/04\/Road_into_Light_process.jpg\" data-object-fit=\"cover\" srcset=\"https:\/\/mx.motorad.com\/wp-content\/uploads\/2025\/04\/Road_into_Light_process.jpg 2560w, https:\/\/mx.motorad.com\/wp-content\/uploads\/2025\/04\/Road_into_Light_process-300x99.jpg 300w, https:\/\/mx.motorad.com\/wp-content\/uploads\/2025\/04\/Road_into_Light_process-1024x338.jpg 1024w, https:\/\/mx.motorad.com\/wp-content\/uploads\/2025\/04\/Road_into_Light_process-768x254.jpg 768w, https:\/\/mx.motorad.com\/wp-content\/uploads\/2025\/04\/Road_into_Light_process-1536x507.jpg 1536w, https:\/\/mx.motorad.com\/wp-content\/uploads\/2025\/04\/Road_into_Light_process-2048x676.jpg 2048w\" sizes=\"auto, (max-width: 2560px) 100vw, 2560px\" \/><div class=\"wp-block-cover__inner-container is-layout-flow wp-block-cover-is-layout-flow\">\n<h2 class=\"wp-block-heading has-text-align-center\" id=\"h-our-product-development-process\" style=\"margin-bottom:var(--wp--preset--spacing--40)\">Notre processus de d\u00e9veloppement de produits<\/h2>\n\n\n\n<p class=\"has-text-align-center\">Chez MotoRad, notre \u00e9quipe d&rsquo;ing\u00e9nierie con\u00e7oit constamment des machines automatis\u00e9es qui acc\u00e9l\u00e8rent le processus de fabrication et am\u00e9liorent son efficacit\u00e9. Tous les matrices et moules de MotoRad sont d\u00e9velopp\u00e9s et construits dans notre propre d\u00e9partement d&rsquo;outillage et de matrices \u00e0 la pointe de la technologie. Des machines d&rsquo;assemblage \u00e0 grande vitesse nous permettent de respecter les calendriers de production les plus exigeants tout en maintenant les plus hauts niveaux de qualit\u00e9.  <\/p>\n\n\n\n<div class=\"wp-block-columns alignwide is-layout-flex wp-container-core-columns-is-layout-b61b2f12 wp-block-columns-is-layout-flex\" style=\"margin-top:var(--wp--preset--spacing--50)\">\n<div class=\"wp-block-column is-layout-flow wp-block-column-is-layout-flow\">\n<h4 class=\"wp-block-heading has-text-align-center\" id=\"h-outstanding-quality\" style=\"margin-bottom:var(--wp--preset--spacing--30)\">Qualit\u00e9 exceptionnelle<\/h4>\n\n\n\n<p class=\"has-text-align-center is-style-default\">Nous sommes fiers de fournir des produits de qualit\u00e9 mondiale. Chaque pi\u00e8ce fabriqu\u00e9e par MotoRad est test\u00e9e avant d&rsquo;\u00eatre exp\u00e9di\u00e9e \u00e0 nos clients pour s&rsquo;assurer qu&rsquo;elle r\u00e9pond ou d\u00e9passe toutes les sp\u00e9cifications OEM. <\/p>\n<\/div>\n\n\n\n<div class=\"wp-block-column is-layout-flow wp-block-column-is-layout-flow\">\n<h4 class=\"wp-block-heading has-text-align-center\" id=\"h-leading-innovation\" style=\"margin-bottom:var(--wp--preset--spacing--30)\">\u00c0 la pointe de l&rsquo;innovation<\/h4>\n\n\n\n<p class=\"has-text-align-center is-style-default\">Nous nous engageons \u00e0 apporter innovation et valeur \u00e0 nos clients en investissant dans des ressources qualifi\u00e9es et talentueuses ainsi que dans des technologies avanc\u00e9es pour d\u00e9velopper de nouveaux produits, am\u00e9liorer les existants et \u00e9valuer les nouvelles tendances du march\u00e9 et les mat\u00e9riaux novateurs.<\/p>\n<\/div>\n\n\n\n<div class=\"wp-block-column is-layout-flow wp-block-column-is-layout-flow\">\n<h4 class=\"wp-block-heading has-text-align-center\" id=\"h-r-amp-d-leadership\" style=\"margin-bottom:var(--wp--preset--spacing--30)\">Leadership en R&amp;D<\/h4>\n\n\n\n<p class=\"has-text-align-center is-style-default\">Nous investissons constamment dans la recherche et le d\u00e9veloppement ainsi que dans une \u00e9quipe hautement qualifi\u00e9e pour \u00eatre \u00e0 l&rsquo;avant-garde de l&rsquo;innovation technologique et offrir \u00e0 nos clients des produits nouveaux et avanc\u00e9s.<\/p>\n<\/div>\n\n\n\n<div class=\"wp-block-column is-layout-flow wp-block-column-is-layout-flow\">\n<h4 class=\"wp-block-heading has-text-align-center\" id=\"h-engineering-capabilities\" style=\"margin-bottom:var(--wp--preset--spacing--30)\">Capacit\u00e9s d&rsquo;ing\u00e9nierie<\/h4>\n\n\n\n<p class=\"has-text-align-center is-style-default\">Nous proposons une large gamme de services d&rsquo;ing\u00e9nierie professionnels, allant de la conception CAO en interne, de l&rsquo;analyse des flux et des outils de simulation de test, \u00e0 la conception en bo\u00eete noire et \u00e0 la fabrication sur mesure pour r\u00e9pondre aux exigences OEM.<\/p>\n<\/div>\n<\/div>\n<\/div><\/div>\n\n<div class=\"wp-block-columns is-layout-flex wp-container-core-columns-is-layout-d07913d3 wp-block-columns-is-layout-flex\" style=\"margin-bottom:var(--wp--preset--spacing--60)\">\n<div class=\"wp-block-column is-layout-flow wp-block-column-is-layout-flow\" style=\"flex-basis:66.66%\">\n<h2 class=\"wp-block-heading\" id=\"h-advanced-in-house-engineering-capabilities\" style=\"margin-bottom:var(--wp--preset--spacing--40)\">Capacit\u00e9s d&rsquo;ing\u00e9nierie avanc\u00e9es en interne<\/h2>\n\n\n\n<p style=\"margin-bottom:var(--wp--preset--spacing--20)\">Les outils de R&amp;D de pointe de MotoRad, associ\u00e9s aux comp\u00e9tences et \u00e0 la vaste exp\u00e9rience de notre \u00e9quipe d&rsquo;ing\u00e9nierie, nous permettent de disposer d&rsquo;un processus de d\u00e9veloppement enti\u00e8rement interne, comprenant tous les outils de simulation et d&rsquo;analyse pertinents.<\/p>\n\n\n\n<p style=\"margin-bottom:var(--wp--preset--spacing--20)\">Nous proposons une large gamme de services d&rsquo;ing\u00e9nierie professionnels, allant de la conception CAO en interne, de l&rsquo;analyse des flux et des outils de simulation de test, \u00e0 la conception en bo\u00eete noire et \u00e0 la fabrication sur mesure pour r\u00e9pondre aux exigences OEM.<\/p>\n\n\n\n<p>Notre processus de conception interne am\u00e9liore consid\u00e9rablement la rapidit\u00e9 et la qualit\u00e9 de la conception et contribue \u00e0 l&rsquo;agilit\u00e9 et \u00e0 la flexibilit\u00e9 de notre \u00e9quipe d&rsquo;ing\u00e9nierie.<\/p>\n<\/div>\n\n\n\n<div class=\"wp-block-column is-layout-flow wp-block-column-is-layout-flow\" style=\"flex-basis:33.33%\">\n<figure class=\"wp-block-image size-full\"><img loading=\"lazy\" decoding=\"async\" width=\"798\" height=\"794\" src=\"https:\/\/mx.motorad.com\/wp-content\/uploads\/2025\/04\/RD_Photo_TechPage-1.png\" alt=\"\" class=\"wp-image-4687\" srcset=\"https:\/\/mx.motorad.com\/wp-content\/uploads\/2025\/04\/RD_Photo_TechPage-1.png 798w, https:\/\/mx.motorad.com\/wp-content\/uploads\/2025\/04\/RD_Photo_TechPage-1-300x298.png 300w, https:\/\/mx.motorad.com\/wp-content\/uploads\/2025\/04\/RD_Photo_TechPage-1-150x150.png 150w, https:\/\/mx.motorad.com\/wp-content\/uploads\/2025\/04\/RD_Photo_TechPage-1-768x764.png 768w\" sizes=\"auto, (max-width: 798px) 100vw, 798px\" \/><\/figure>\n<\/div>\n<\/div>\n\n<h2 class=\"wp-block-heading has-text-align-center\" id=\"h-advanced-quality-management\" style=\"margin-bottom:var(--wp--preset--spacing--40)\">Gestion avanc\u00e9e de la qualit\u00e9<\/h2>\n\n<div class=\"wp-block-columns is-layout-flex wp-container-core-columns-is-layout-06f677bf wp-block-columns-is-layout-flex\" style=\"margin-bottom:var(--wp--preset--spacing--70)\">\n<div class=\"wp-block-column is-layout-flow wp-block-column-is-layout-flow\">\n<figure class=\"wp-block-image aligncenter size-full\"><img loading=\"lazy\" decoding=\"async\" width=\"600\" height=\"200\" src=\"https:\/\/mx.motorad.com\/wp-content\/uploads\/2025\/04\/certs.webp\" alt=\"\" class=\"wp-image-4591\" srcset=\"https:\/\/mx.motorad.com\/wp-content\/uploads\/2025\/04\/certs.webp 600w, https:\/\/mx.motorad.com\/wp-content\/uploads\/2025\/04\/certs-300x100.webp 300w\" sizes=\"auto, (max-width: 600px) 100vw, 600px\" \/><\/figure>\n<\/div>\n\n\n\n<div class=\"wp-block-column is-layout-flow wp-block-column-is-layout-flow\">\n<p class=\"has-text-align-left\">Chaque pi\u00e8ce fabriqu\u00e9e par MotoRad est test\u00e9e en usine avant d&rsquo;\u00eatre exp\u00e9di\u00e9e \u00e0 nos clients. MotoRad fabrique des thermostats, des bouchons de fermeture ainsi que des produits et capteurs de technologie \u00e9mergente conformes aux normes QS, TS et ISO. Notre laboratoire de qualit\u00e9 \u00e0 la pointe de la technologie dispose de tous les \u00e9quipements et ressources n\u00e9cessaires pour v\u00e9rifier et valider tous les produits MotoRad nouvellement con\u00e7us, et pour soutenir les am\u00e9liorations de produits qui renforcent davantage leur qualit\u00e9 et leur robustesse.  <\/p>\n<\/div>\n<\/div>\n\n<div class=\"wp-block-cover alignfull is-light\" style=\"padding-top:var(--wp--preset--spacing--60);padding-bottom:var(--wp--preset--spacing--60)\"><span aria-hidden=\"true\" class=\"wp-block-cover__background has-background-dim-0 has-background-dim\" style=\"background-color:#ece5d9\"><\/span><img loading=\"lazy\" decoding=\"async\" width=\"1505\" height=\"305\" class=\"wp-block-cover__image-background wp-image-223\" alt=\"\" src=\"https:\/\/mx.motorad.com\/wp-content\/uploads\/2025\/03\/FooterCTA.jpg\" data-object-fit=\"cover\" srcset=\"https:\/\/mx.motorad.com\/wp-content\/uploads\/2025\/03\/FooterCTA.jpg 1505w, https:\/\/mx.motorad.com\/wp-content\/uploads\/2025\/03\/FooterCTA-300x61.jpg 300w, https:\/\/mx.motorad.com\/wp-content\/uploads\/2025\/03\/FooterCTA-1024x208.jpg 1024w, https:\/\/mx.motorad.com\/wp-content\/uploads\/2025\/03\/FooterCTA-768x156.jpg 768w\" sizes=\"auto, (max-width: 1505px) 100vw, 1505px\" \/><div class=\"wp-block-cover__inner-container is-layout-flow wp-block-cover-is-layout-flow\">\n<div class=\"wp-block-columns are-vertically-aligned-center is-layout-flex wp-container-core-columns-is-layout-cbe57604 wp-block-columns-is-layout-flex\">\n<div class=\"wp-block-column is-vertically-aligned-center is-layout-flow wp-block-column-is-layout-flow\" style=\"flex-basis:45%\">\n<h2 class=\"wp-block-heading has-text-align-center has-palette-text-color has-text-color\" id=\"h-need-help-finding-the-right-product\" style=\"margin-bottom:var(--wp--preset--spacing--40)\">Vous avez besoin d&rsquo;aide pour trouver le bon produit ?<\/h2>\n\n\n\n<p class=\"has-text-align-center has-palette-text-color has-text-color\" style=\"margin-bottom:var(--wp--preset--spacing--50)\">Notre \u00e9quipe d\u00e9vou\u00e9e est l\u00e0 pour vous orienter dans la bonne direction. Cliquez ci-dessous et dites-nous comment nous pouvons vous aider \u00e0 trouver le produit id\u00e9al pour vos besoins. Votre voyage vers une meilleure exp\u00e9rience commence ici.  <\/p>\n\n\n\n<div class=\"wp-block-buttons is-content-justification-center is-layout-flex wp-container-core-buttons-is-layout-a89b3969 wp-block-buttons-is-layout-flex\">\n<div class=\"wp-block-button\"><a class=\"wp-block-button__link has-text-align-center wp-element-button\" href=\"https:\/\/mx.motorad.com\/contact\/need-help-finding-something\/\">Parlez \u00e0 un sp\u00e9cialiste MotoRad<\/a><\/div>\n<\/div>\n<\/div>\n\n\n\n<div class=\"wp-block-column is-layout-flow wp-block-column-is-layout-flow\" style=\"flex-basis:10%\"><\/div>\n\n\n\n<div class=\"wp-block-column is-layout-flow wp-block-column-is-layout-flow\" style=\"flex-basis:45%\">\n<h2 class=\"wp-block-heading has-text-align-center has-palette-text-color has-text-color\" id=\"h-looking-for-custom-development\" style=\"margin-bottom:var(--wp--preset--spacing--40)\">Vous cherchez un d\u00e9veloppement sur mesure ?<\/h2>\n\n\n\n<p class=\"has-text-align-center has-palette-text-color has-text-color\" style=\"margin-bottom:var(--wp--preset--spacing--50)\">Nous ne nous contentons pas de proposer des produits ; nous \u00e9laborons des solutions sur mesure qui r\u00e9pondent \u00e0 vos besoins. \u00cates-vous pr\u00eat \u00e0 donner vie \u00e0 votre nouveau projet ? Cliquez ci-dessous, et embarquons ensemble pour le d\u00e9veloppement de produits sur mesure.  <\/p>\n\n\n\n<div class=\"wp-block-buttons is-content-justification-center is-layout-flex wp-container-core-buttons-is-layout-a89b3969 wp-block-buttons-is-layout-flex\">\n<div class=\"wp-block-button is-style-fill\"><a class=\"wp-block-button__link has-palette-bg-color has-palette-text-background-color has-text-color has-background has-text-align-center wp-element-button\" href=\"https:\/\/mx.motorad.com\/contact\/do-you-need-custom-development\/\">Nous voulons \u00eatre votre fournisseur<\/a><\/div>\n<\/div>\n<\/div>\n<\/div>\n<\/div><\/div>\n","protected":false},"excerpt":{"rendered":"<p>Chez MotoRad, nous sommes \u00e0 la pointe de l&rsquo;innovation Nous \u0153uvrons constamment \u00e0 l&rsquo;am\u00e9lioration des performances et de la valeur [&#8230;]<\/p>\n","protected":false},"author":1,"featured_media":0,"parent":0,"menu_order":0,"comment_status":"closed","ping_status":"closed","template":"","meta":{"_acf_changed":false,"footnotes":""},"class_list":["post-5706","page","type-page","status-publish","hentry"],"acf":[],"yoast_head":"<!-- This site is optimized with the Yoast SEO Premium plugin v27.2 (Yoast SEO v27.2) - https:\/\/yoast.com\/product\/yoast-seo-premium-wordpress\/ -->\n<title>Technologie &amp; innovation - MotoRad<\/title>\n<meta name=\"description\" content=\"MotoRad - Technologie &amp; innovation\" \/>\n<meta name=\"robots\" content=\"index, follow, max-snippet:-1, max-image-preview:large, max-video-preview:-1\" \/>\n<link rel=\"canonical\" href=\"https:\/\/mx.motorad.com\/fr\/technologie-innovation\/\" \/>\n<meta property=\"og:locale\" content=\"fr_FR\" \/>\n<meta property=\"og:type\" content=\"article\" \/>\n<meta property=\"og:title\" content=\"Technologie &amp; innovation\" \/>\n<meta property=\"og:description\" content=\"MotoRad - Technologie &amp; innovation\" \/>\n<meta property=\"og:url\" content=\"https:\/\/mx.motorad.com\/fr\/technologie-innovation\/\" \/>\n<meta property=\"og:site_name\" content=\"MotoRad\" \/>\n<meta property=\"article:modified_time\" content=\"2025-06-13T12:46:32+00:00\" \/>\n<meta property=\"og:image\" content=\"https:\/\/mx.motorad.com\/wp-content\/uploads\/2025\/04\/Road_into_Light_tech.jpg\" \/>\n\t<meta property=\"og:image:width\" content=\"2560\" \/>\n\t<meta property=\"og:image:height\" content=\"1707\" \/>\n\t<meta property=\"og:image:type\" content=\"image\/jpeg\" \/>\n<meta name=\"twitter:card\" content=\"summary_large_image\" \/>\n<meta name=\"twitter:label1\" content=\"Est. reading time\" \/>\n\t<meta name=\"twitter:data1\" content=\"4 minutes\" \/>\n<script type=\"application\/ld+json\" class=\"yoast-schema-graph\">{\"@context\":\"https:\/\/schema.org\",\"@graph\":[{\"@type\":\"WebPage\",\"@id\":\"https:\/\/mx.motorad.com\/fr\/technologie-innovation\/\",\"url\":\"https:\/\/mx.motorad.com\/fr\/technologie-innovation\/\",\"name\":\"Technologie &amp; innovation - MotoRad\",\"isPartOf\":{\"@id\":\"https:\/\/mx.motorad.com\/fr\/#website\"},\"primaryImageOfPage\":{\"@id\":\"https:\/\/mx.motorad.com\/fr\/technologie-innovation\/#primaryimage\"},\"image\":{\"@id\":\"https:\/\/mx.motorad.com\/fr\/technologie-innovation\/#primaryimage\"},\"thumbnailUrl\":\"https:\/\/mx.motorad.com\/wp-content\/uploads\/2025\/04\/Road_into_Light_tech.jpg\",\"datePublished\":\"2025-04-04T13:08:27+00:00\",\"dateModified\":\"2025-06-13T12:46:32+00:00\",\"description\":\"MotoRad - Technologie &amp; innovation\",\"breadcrumb\":{\"@id\":\"https:\/\/mx.motorad.com\/fr\/technologie-innovation\/#breadcrumb\"},\"inLanguage\":\"fr-FR\",\"potentialAction\":[{\"@type\":\"ReadAction\",\"target\":[\"https:\/\/mx.motorad.com\/fr\/technologie-innovation\/\"]}]},{\"@type\":\"ImageObject\",\"inLanguage\":\"fr-FR\",\"@id\":\"https:\/\/mx.motorad.com\/fr\/technologie-innovation\/#primaryimage\",\"url\":\"https:\/\/mx.motorad.com\/wp-content\/uploads\/2025\/04\/Road_into_Light_tech.jpg\",\"contentUrl\":\"https:\/\/mx.motorad.com\/wp-content\/uploads\/2025\/04\/Road_into_Light_tech.jpg\"},{\"@type\":\"BreadcrumbList\",\"@id\":\"https:\/\/mx.motorad.com\/fr\/technologie-innovation\/#breadcrumb\",\"itemListElement\":[{\"@type\":\"ListItem\",\"position\":1,\"name\":\"Home\",\"item\":\"https:\/\/mx.motorad.com\/fr\/\"},{\"@type\":\"ListItem\",\"position\":2,\"name\":\"Technologie &amp; innovation\"}]},{\"@type\":\"WebSite\",\"@id\":\"https:\/\/mx.motorad.com\/fr\/#website\",\"url\":\"https:\/\/mx.motorad.com\/fr\/\",\"name\":\"MotoRad\",\"description\":\"Trusted to Deliver Better - Thermal Management, Emissions, Powertrain Controls\",\"potentialAction\":[{\"@type\":\"SearchAction\",\"target\":{\"@type\":\"EntryPoint\",\"urlTemplate\":\"https:\/\/mx.motorad.com\/fr\/?s={search_term_string}\"},\"query-input\":{\"@type\":\"PropertyValueSpecification\",\"valueRequired\":true,\"valueName\":\"search_term_string\"}}],\"inLanguage\":\"fr-FR\"}]}<\/script>\n<!-- \/ Yoast SEO Premium plugin. -->","yoast_head_json":{"title":"Technologie &amp; innovation - MotoRad","description":"MotoRad - Technologie &amp; innovation","robots":{"index":"index","follow":"follow","max-snippet":"max-snippet:-1","max-image-preview":"max-image-preview:large","max-video-preview":"max-video-preview:-1"},"canonical":"https:\/\/mx.motorad.com\/fr\/technologie-innovation\/","og_locale":"fr_FR","og_type":"article","og_title":"Technologie &amp; innovation","og_description":"MotoRad - Technologie &amp; innovation","og_url":"https:\/\/mx.motorad.com\/fr\/technologie-innovation\/","og_site_name":"MotoRad","article_modified_time":"2025-06-13T12:46:32+00:00","og_image":[{"width":2560,"height":1707,"url":"https:\/\/mx.motorad.com\/wp-content\/uploads\/2025\/04\/Road_into_Light_tech.jpg","type":"image\/jpeg"}],"twitter_card":"summary_large_image","twitter_misc":{"Est. reading time":"4 minutes"},"schema":{"@context":"https:\/\/schema.org","@graph":[{"@type":"WebPage","@id":"https:\/\/mx.motorad.com\/fr\/technologie-innovation\/","url":"https:\/\/mx.motorad.com\/fr\/technologie-innovation\/","name":"Technologie &amp; innovation - MotoRad","isPartOf":{"@id":"https:\/\/mx.motorad.com\/fr\/#website"},"primaryImageOfPage":{"@id":"https:\/\/mx.motorad.com\/fr\/technologie-innovation\/#primaryimage"},"image":{"@id":"https:\/\/mx.motorad.com\/fr\/technologie-innovation\/#primaryimage"},"thumbnailUrl":"https:\/\/mx.motorad.com\/wp-content\/uploads\/2025\/04\/Road_into_Light_tech.jpg","datePublished":"2025-04-04T13:08:27+00:00","dateModified":"2025-06-13T12:46:32+00:00","description":"MotoRad - Technologie &amp; innovation","breadcrumb":{"@id":"https:\/\/mx.motorad.com\/fr\/technologie-innovation\/#breadcrumb"},"inLanguage":"fr-FR","potentialAction":[{"@type":"ReadAction","target":["https:\/\/mx.motorad.com\/fr\/technologie-innovation\/"]}]},{"@type":"ImageObject","inLanguage":"fr-FR","@id":"https:\/\/mx.motorad.com\/fr\/technologie-innovation\/#primaryimage","url":"https:\/\/mx.motorad.com\/wp-content\/uploads\/2025\/04\/Road_into_Light_tech.jpg","contentUrl":"https:\/\/mx.motorad.com\/wp-content\/uploads\/2025\/04\/Road_into_Light_tech.jpg"},{"@type":"BreadcrumbList","@id":"https:\/\/mx.motorad.com\/fr\/technologie-innovation\/#breadcrumb","itemListElement":[{"@type":"ListItem","position":1,"name":"Home","item":"https:\/\/mx.motorad.com\/fr\/"},{"@type":"ListItem","position":2,"name":"Technologie &amp; innovation"}]},{"@type":"WebSite","@id":"https:\/\/mx.motorad.com\/fr\/#website","url":"https:\/\/mx.motorad.com\/fr\/","name":"MotoRad","description":"Trusted to Deliver Better - Thermal Management, Emissions, Powertrain Controls","potentialAction":[{"@type":"SearchAction","target":{"@type":"EntryPoint","urlTemplate":"https:\/\/mx.motorad.com\/fr\/?s={search_term_string}"},"query-input":{"@type":"PropertyValueSpecification","valueRequired":true,"valueName":"search_term_string"}}],"inLanguage":"fr-FR"}]}},"_links":{"self":[{"href":"https:\/\/mx.motorad.com\/fr\/wp-json\/wp\/v2\/pages\/5706","targetHints":{"allow":["GET"]}}],"collection":[{"href":"https:\/\/mx.motorad.com\/fr\/wp-json\/wp\/v2\/pages"}],"about":[{"href":"https:\/\/mx.motorad.com\/fr\/wp-json\/wp\/v2\/types\/page"}],"author":[{"embeddable":true,"href":"https:\/\/mx.motorad.com\/fr\/wp-json\/wp\/v2\/users\/1"}],"replies":[{"embeddable":true,"href":"https:\/\/mx.motorad.com\/fr\/wp-json\/wp\/v2\/comments?post=5706"}],"version-history":[{"count":1,"href":"https:\/\/mx.motorad.com\/fr\/wp-json\/wp\/v2\/pages\/5706\/revisions"}],"predecessor-version":[{"id":5708,"href":"https:\/\/mx.motorad.com\/fr\/wp-json\/wp\/v2\/pages\/5706\/revisions\/5708"}],"wp:attachment":[{"href":"https:\/\/mx.motorad.com\/fr\/wp-json\/wp\/v2\/media?parent=5706"}],"curies":[{"name":"wp","href":"https:\/\/api.w.org\/{rel}","templated":true}]}}