{"id":5732,"date":"2025-04-03T18:08:54","date_gmt":"2025-04-03T18:08:54","guid":{"rendered":"https:\/\/mx.motorad.com\/capteurs-de-position-du-papillon\/"},"modified":"2025-06-13T12:48:26","modified_gmt":"2025-06-13T12:48:26","slug":"capteurs-de-position-du-papillon","status":"publish","type":"page","link":"https:\/\/mx.motorad.com\/fr\/produits\/commandes-du-groupe-motopropulseur\/capteurs-de-position-du-papillon\/","title":{"rendered":"Capteurs de position du papillon"},"content":{"rendered":"<h1 style=\"margin-top:var(--wp--preset--spacing--60);margin-bottom:var(--wp--preset--spacing--60);\" class=\"wp-block-post-title\">Capteurs de position du papillon<\/h1>\n<p>Les capteurs de position du papillon MotoRad offrent une signalisation pr\u00e9cise \u00e0 l&rsquo;ECM afin d&rsquo;assurer une performance optimale et une \u00e9conomie de carburant. Ils sont fabriqu\u00e9s \u00e0 partir de mat\u00e9riaux de la plus haute qualit\u00e9 approuv\u00e9s par les \u00e9quipementiers, ce qui se traduit par des tol\u00e9rances plus serr\u00e9es et une durabilit\u00e9 accrue. Tous les capteurs de position du papillon MotoRad sont con\u00e7us pour r\u00e9pondre ou d\u00e9passer les sp\u00e9cifications des \u00e9quipementiers dans nos installations de fabrication certifi\u00e9es ISO TS16949.  <\/p>\n\n<div class=\"wp-block-columns is-layout-flex wp-container-core-columns-is-layout-95393138 wp-block-columns-is-layout-flex\" style=\"margin-top:var(--wp--preset--spacing--60);margin-bottom:var(--wp--preset--spacing--60)\">\n<div class=\"wp-block-column is-layout-flow wp-block-column-is-layout-flow\">\n<figure class=\"wp-block-image size-full\"><img loading=\"lazy\" decoding=\"async\" width=\"500\" height=\"500\" src=\"https:\/\/mx.motorad.com\/wp-content\/uploads\/2025\/04\/1TP1051_Orientation-View.jpg\" alt=\"\" class=\"wp-image-4140\" srcset=\"https:\/\/mx.motorad.com\/wp-content\/uploads\/2025\/04\/1TP1051_Orientation-View.jpg 500w, https:\/\/mx.motorad.com\/wp-content\/uploads\/2025\/04\/1TP1051_Orientation-View-300x300.jpg 300w, https:\/\/mx.motorad.com\/wp-content\/uploads\/2025\/04\/1TP1051_Orientation-View-150x150.jpg 150w\" sizes=\"auto, (max-width: 500px) 100vw, 500px\" \/><\/figure>\n<\/div>\n\n\n\n<div class=\"wp-block-column is-layout-flow wp-block-column-is-layout-flow\">\n<figure class=\"wp-block-image size-full\"><img loading=\"lazy\" decoding=\"async\" width=\"500\" height=\"500\" src=\"https:\/\/mx.motorad.com\/wp-content\/uploads\/2025\/04\/1TP1040_Top.jpg\" alt=\"\" class=\"wp-image-4126\" srcset=\"https:\/\/mx.motorad.com\/wp-content\/uploads\/2025\/04\/1TP1040_Top.jpg 500w, https:\/\/mx.motorad.com\/wp-content\/uploads\/2025\/04\/1TP1040_Top-300x300.jpg 300w, https:\/\/mx.motorad.com\/wp-content\/uploads\/2025\/04\/1TP1040_Top-150x150.jpg 150w\" sizes=\"auto, (max-width: 500px) 100vw, 500px\" \/><\/figure>\n<\/div>\n\n\n\n<div class=\"wp-block-column is-layout-flow wp-block-column-is-layout-flow\">\n<figure class=\"wp-block-image size-full\"><img loading=\"lazy\" decoding=\"async\" width=\"500\" height=\"500\" src=\"https:\/\/mx.motorad.com\/wp-content\/uploads\/2025\/04\/1TP1052_Bottom.jpg\" alt=\"\" class=\"wp-image-4147\" srcset=\"https:\/\/mx.motorad.com\/wp-content\/uploads\/2025\/04\/1TP1052_Bottom.jpg 500w, https:\/\/mx.motorad.com\/wp-content\/uploads\/2025\/04\/1TP1052_Bottom-300x300.jpg 300w, https:\/\/mx.motorad.com\/wp-content\/uploads\/2025\/04\/1TP1052_Bottom-150x150.jpg 150w\" sizes=\"auto, (max-width: 500px) 100vw, 500px\" \/><\/figure>\n<\/div>\n\n\n\n<div class=\"wp-block-column is-layout-flow wp-block-column-is-layout-flow\">\n<figure class=\"wp-block-image size-full\"><img loading=\"lazy\" decoding=\"async\" width=\"500\" height=\"500\" src=\"https:\/\/mx.motorad.com\/wp-content\/uploads\/2025\/04\/1TP1048_Angle-1.jpg\" alt=\"\" class=\"wp-image-4133\" srcset=\"https:\/\/mx.motorad.com\/wp-content\/uploads\/2025\/04\/1TP1048_Angle-1.jpg 500w, https:\/\/mx.motorad.com\/wp-content\/uploads\/2025\/04\/1TP1048_Angle-1-300x300.jpg 300w, https:\/\/mx.motorad.com\/wp-content\/uploads\/2025\/04\/1TP1048_Angle-1-150x150.jpg 150w\" sizes=\"auto, (max-width: 500px) 100vw, 500px\" \/><\/figure>\n<\/div>\n\n\n\n<div class=\"wp-block-column is-layout-flow wp-block-column-is-layout-flow\">\n<figure class=\"wp-block-image size-full\"><img loading=\"lazy\" decoding=\"async\" width=\"500\" height=\"500\" src=\"https:\/\/mx.motorad.com\/wp-content\/uploads\/2025\/04\/1TP1055_Front.jpg\" alt=\"\" class=\"wp-image-4154\" srcset=\"https:\/\/mx.motorad.com\/wp-content\/uploads\/2025\/04\/1TP1055_Front.jpg 500w, https:\/\/mx.motorad.com\/wp-content\/uploads\/2025\/04\/1TP1055_Front-300x300.jpg 300w, https:\/\/mx.motorad.com\/wp-content\/uploads\/2025\/04\/1TP1055_Front-150x150.jpg 150w\" sizes=\"auto, (max-width: 500px) 100vw, 500px\" \/><\/figure>\n<\/div>\n\n\n\n<div class=\"wp-block-column is-layout-flow wp-block-column-is-layout-flow\">\n<figure class=\"wp-block-image size-full\"><img loading=\"lazy\" decoding=\"async\" width=\"500\" height=\"500\" src=\"https:\/\/mx.motorad.com\/wp-content\/uploads\/2025\/04\/1TP1058_Right.jpg\" alt=\"\" class=\"wp-image-4161\" srcset=\"https:\/\/mx.motorad.com\/wp-content\/uploads\/2025\/04\/1TP1058_Right.jpg 500w, https:\/\/mx.motorad.com\/wp-content\/uploads\/2025\/04\/1TP1058_Right-300x300.jpg 300w, https:\/\/mx.motorad.com\/wp-content\/uploads\/2025\/04\/1TP1058_Right-150x150.jpg 150w\" sizes=\"auto, (max-width: 500px) 100vw, 500px\" \/><\/figure>\n<\/div>\n<\/div>\n\n<ul class=\"wp-block-list\">\n<li>Fabriqu\u00e9s pour offrir une \u00e9tanch\u00e9it\u00e9 sup\u00e9rieure, prot\u00e9geant contre tous les contaminants du compartiment moteur et assurant une isolation contre les temp\u00e9ratures extr\u00eames, chaudes et froides.<\/li>\n\n\n\n<li>Calibr\u00e9s \u00e0 100% et test\u00e9s en fin de ligne pour garantir une performance sans souci d\u00e8s la sortie de la bo\u00eete.<\/li>\n\n\n\n<li>Con\u00e7us pour r\u00e9pondre ou d\u00e9passer toutes les sp\u00e9cifications des \u00e9quipementiers en termes d&rsquo;ajustement, de forme et de fonction<\/li>\n\n\n\n<li>Les tests approfondis des produits comprennent la pulv\u00e9risation de sel, l&rsquo;impact \u00e0 haute\/basse temp\u00e9rature, les cycles thermiques, les vibrations, les chutes entre autres tests, afin de s&rsquo;assurer que tous les capteurs r\u00e9pondent ou d\u00e9passent les sp\u00e9cifications OEM.<\/li>\n<\/ul>\n\n<figure class=\"wp-block-image aligncenter size-full\" style=\"margin-right:var(--wp--preset--spacing--60);margin-left:var(--wp--preset--spacing--60)\"><img loading=\"lazy\" decoding=\"async\" width=\"1233\" height=\"679\" src=\"https:\/\/mx.motorad.com\/wp-content\/uploads\/2025\/04\/cts3-1.jpg\" alt=\"\" class=\"wp-image-4169\" srcset=\"https:\/\/mx.motorad.com\/wp-content\/uploads\/2025\/04\/cts3-1.jpg 1233w, https:\/\/mx.motorad.com\/wp-content\/uploads\/2025\/04\/cts3-1-300x165.jpg 300w, https:\/\/mx.motorad.com\/wp-content\/uploads\/2025\/04\/cts3-1-1024x564.jpg 1024w, https:\/\/mx.motorad.com\/wp-content\/uploads\/2025\/04\/cts3-1-768x423.jpg 768w\" sizes=\"auto, (max-width: 1233px) 100vw, 1233px\" \/><\/figure>\n\n<div class=\"wp-block-buttons is-layout-flex wp-block-buttons-is-layout-flex\" style=\"margin-bottom:var(--wp--preset--spacing--70)\">\n<div class=\"wp-block-button\"><a class=\"wp-block-button__link wp-element-button\" href=\"https:\/\/mx.motorad.com\/products\/\">Trouvez des capteurs pour votre application<\/a><\/div>\n<\/div>\n\n<div class=\"wp-block-cover alignfull is-light\" style=\"padding-top:var(--wp--preset--spacing--60);padding-bottom:var(--wp--preset--spacing--60)\"><span aria-hidden=\"true\" class=\"wp-block-cover__background has-background-dim-0 has-background-dim\" style=\"background-color:#ece5d9\"><\/span><img loading=\"lazy\" decoding=\"async\" width=\"1505\" height=\"305\" class=\"wp-block-cover__image-background wp-image-223\" alt=\"\" src=\"https:\/\/mx.motorad.com\/wp-content\/uploads\/2025\/03\/FooterCTA.jpg\" data-object-fit=\"cover\" srcset=\"https:\/\/mx.motorad.com\/wp-content\/uploads\/2025\/03\/FooterCTA.jpg 1505w, https:\/\/mx.motorad.com\/wp-content\/uploads\/2025\/03\/FooterCTA-300x61.jpg 300w, https:\/\/mx.motorad.com\/wp-content\/uploads\/2025\/03\/FooterCTA-1024x208.jpg 1024w, https:\/\/mx.motorad.com\/wp-content\/uploads\/2025\/03\/FooterCTA-768x156.jpg 768w\" sizes=\"auto, (max-width: 1505px) 100vw, 1505px\" \/><div class=\"wp-block-cover__inner-container is-layout-flow wp-block-cover-is-layout-flow\">\n<div class=\"wp-block-columns are-vertically-aligned-center is-layout-flex wp-container-core-columns-is-layout-cbe57604 wp-block-columns-is-layout-flex\">\n<div class=\"wp-block-column is-vertically-aligned-center is-layout-flow wp-block-column-is-layout-flow\" style=\"flex-basis:45%\">\n<h2 class=\"wp-block-heading has-text-align-center has-palette-text-color has-text-color\" id=\"h-need-help-finding-the-right-product\" style=\"margin-bottom:var(--wp--preset--spacing--40)\">Vous avez besoin d&rsquo;aide pour trouver le bon produit ?<\/h2>\n\n\n\n<p class=\"has-text-align-center has-palette-text-color has-text-color\" style=\"margin-bottom:var(--wp--preset--spacing--50)\">Notre \u00e9quipe d\u00e9vou\u00e9e est l\u00e0 pour vous orienter dans la bonne direction. Cliquez ci-dessous et dites-nous comment nous pouvons vous aider \u00e0 trouver le produit id\u00e9al pour vos besoins. Votre voyage vers une meilleure exp\u00e9rience commence ici.  <\/p>\n\n\n\n<div class=\"wp-block-buttons is-content-justification-center is-layout-flex wp-container-core-buttons-is-layout-a89b3969 wp-block-buttons-is-layout-flex\">\n<div class=\"wp-block-button\"><a class=\"wp-block-button__link has-text-align-center wp-element-button\" href=\"https:\/\/mx.motorad.com\/contact\/need-help-finding-something\/\">Parlez \u00e0 un sp\u00e9cialiste MotoRad<\/a><\/div>\n<\/div>\n<\/div>\n\n\n\n<div class=\"wp-block-column is-layout-flow wp-block-column-is-layout-flow\" style=\"flex-basis:10%\"><\/div>\n\n\n\n<div class=\"wp-block-column is-layout-flow wp-block-column-is-layout-flow\" style=\"flex-basis:45%\">\n<h2 class=\"wp-block-heading has-text-align-center has-palette-text-color has-text-color\" id=\"h-looking-for-custom-development\" style=\"margin-bottom:var(--wp--preset--spacing--40)\">Vous cherchez un d\u00e9veloppement sur mesure ?<\/h2>\n\n\n\n<p class=\"has-text-align-center has-palette-text-color has-text-color\" style=\"margin-bottom:var(--wp--preset--spacing--50)\">Nous ne nous contentons pas de proposer des produits ; nous \u00e9laborons des solutions sur mesure qui r\u00e9pondent \u00e0 vos besoins. \u00cates-vous pr\u00eat \u00e0 donner vie \u00e0 votre nouveau projet ? Cliquez ci-dessous, et embarquons ensemble pour le d\u00e9veloppement de produits sur mesure.  <\/p>\n\n\n\n<div class=\"wp-block-buttons is-content-justification-center is-layout-flex wp-container-core-buttons-is-layout-a89b3969 wp-block-buttons-is-layout-flex\">\n<div class=\"wp-block-button is-style-fill\"><a class=\"wp-block-button__link has-palette-bg-color has-palette-text-background-color has-text-color has-background has-text-align-center wp-element-button\" href=\"https:\/\/mx.motorad.com\/contact\/do-you-need-custom-development\/\">Nous voulons \u00eatre votre fournisseur<\/a><\/div>\n<\/div>\n<\/div>\n<\/div>\n<\/div><\/div>\n","protected":false},"excerpt":{"rendered":"<p>Les capteurs de position du papillon MotoRad offrent une signalisation pr\u00e9cise \u00e0 l&rsquo;ECM afin d&rsquo;assurer une performance optimale et une [&#8230;]<\/p>\n","protected":false},"author":1,"featured_media":0,"parent":5867,"menu_order":0,"comment_status":"closed","ping_status":"closed","template":"","meta":{"_acf_changed":false,"footnotes":""},"class_list":["post-5732","page","type-page","status-publish","hentry"],"acf":[],"yoast_head":"<!-- This site is optimized with the Yoast SEO Premium plugin v27.2 (Yoast SEO v27.2) - https:\/\/yoast.com\/product\/yoast-seo-premium-wordpress\/ -->\n<title>Capteurs de position du papillon - MotoRad<\/title>\n<meta name=\"description\" content=\"MotoRad - Capteurs de position du papillon\" \/>\n<meta name=\"robots\" content=\"index, follow, max-snippet:-1, max-image-preview:large, max-video-preview:-1\" \/>\n<link rel=\"canonical\" href=\"https:\/\/mx.motorad.com\/fr\/produits\/commandes-du-groupe-motopropulseur\/capteurs-de-position-du-papillon\/\" \/>\n<meta property=\"og:locale\" content=\"fr_FR\" \/>\n<meta property=\"og:type\" content=\"article\" \/>\n<meta property=\"og:title\" content=\"Capteurs de position du papillon\" \/>\n<meta property=\"og:description\" content=\"MotoRad - Capteurs de position du papillon\" \/>\n<meta property=\"og:url\" content=\"https:\/\/mx.motorad.com\/fr\/produits\/commandes-du-groupe-motopropulseur\/capteurs-de-position-du-papillon\/\" \/>\n<meta property=\"og:site_name\" content=\"MotoRad\" \/>\n<meta property=\"article:modified_time\" content=\"2025-06-13T12:48:26+00:00\" \/>\n<meta property=\"og:image\" content=\"https:\/\/mx.motorad.com\/wp-content\/uploads\/2025\/04\/1TP1051_Orientation-View.jpg\" \/>\n\t<meta property=\"og:image:width\" content=\"500\" \/>\n\t<meta property=\"og:image:height\" content=\"500\" \/>\n\t<meta property=\"og:image:type\" content=\"image\/jpeg\" \/>\n<meta name=\"twitter:card\" content=\"summary_large_image\" \/>\n<meta name=\"twitter:label1\" content=\"Est. reading time\" \/>\n\t<meta name=\"twitter:data1\" content=\"1 minute\" \/>\n<script type=\"application\/ld+json\" class=\"yoast-schema-graph\">{\"@context\":\"https:\/\/schema.org\",\"@graph\":[{\"@type\":\"WebPage\",\"@id\":\"https:\/\/mx.motorad.com\/fr\/produits\/commandes-du-groupe-motopropulseur\/capteurs-de-position-du-papillon\/\",\"url\":\"https:\/\/mx.motorad.com\/fr\/produits\/commandes-du-groupe-motopropulseur\/capteurs-de-position-du-papillon\/\",\"name\":\"Capteurs de position du papillon - MotoRad\",\"isPartOf\":{\"@id\":\"https:\/\/mx.motorad.com\/fr\/#website\"},\"primaryImageOfPage\":{\"@id\":\"https:\/\/mx.motorad.com\/fr\/produits\/commandes-du-groupe-motopropulseur\/capteurs-de-position-du-papillon\/#primaryimage\"},\"image\":{\"@id\":\"https:\/\/mx.motorad.com\/fr\/produits\/commandes-du-groupe-motopropulseur\/capteurs-de-position-du-papillon\/#primaryimage\"},\"thumbnailUrl\":\"https:\/\/mx.motorad.com\/wp-content\/uploads\/2025\/04\/1TP1051_Orientation-View.jpg\",\"datePublished\":\"2025-04-03T18:08:54+00:00\",\"dateModified\":\"2025-06-13T12:48:26+00:00\",\"description\":\"MotoRad - Capteurs de position du papillon\",\"breadcrumb\":{\"@id\":\"https:\/\/mx.motorad.com\/fr\/produits\/commandes-du-groupe-motopropulseur\/capteurs-de-position-du-papillon\/#breadcrumb\"},\"inLanguage\":\"fr-FR\",\"potentialAction\":[{\"@type\":\"ReadAction\",\"target\":[\"https:\/\/mx.motorad.com\/fr\/produits\/commandes-du-groupe-motopropulseur\/capteurs-de-position-du-papillon\/\"]}]},{\"@type\":\"ImageObject\",\"inLanguage\":\"fr-FR\",\"@id\":\"https:\/\/mx.motorad.com\/fr\/produits\/commandes-du-groupe-motopropulseur\/capteurs-de-position-du-papillon\/#primaryimage\",\"url\":\"https:\/\/mx.motorad.com\/wp-content\/uploads\/2025\/04\/1TP1051_Orientation-View.jpg\",\"contentUrl\":\"https:\/\/mx.motorad.com\/wp-content\/uploads\/2025\/04\/1TP1051_Orientation-View.jpg\"},{\"@type\":\"BreadcrumbList\",\"@id\":\"https:\/\/mx.motorad.com\/fr\/produits\/commandes-du-groupe-motopropulseur\/capteurs-de-position-du-papillon\/#breadcrumb\",\"itemListElement\":[{\"@type\":\"ListItem\",\"position\":1,\"name\":\"Home\",\"item\":\"https:\/\/mx.motorad.com\/fr\/\"},{\"@type\":\"ListItem\",\"position\":2,\"name\":\"Produits\",\"item\":\"https:\/\/motoradnew.test\/fr\/produits\/\"},{\"@type\":\"ListItem\",\"position\":3,\"name\":\"Commandes du groupe motopropulseur\",\"item\":\"https:\/\/mx.motorad.com\/fr\/produits\/commandes-du-groupe-motopropulseur\/\"},{\"@type\":\"ListItem\",\"position\":4,\"name\":\"Capteurs de position du papillon\"}]},{\"@type\":\"WebSite\",\"@id\":\"https:\/\/mx.motorad.com\/fr\/#website\",\"url\":\"https:\/\/mx.motorad.com\/fr\/\",\"name\":\"MotoRad\",\"description\":\"Trusted to Deliver Better - Thermal Management, Emissions, Powertrain Controls\",\"potentialAction\":[{\"@type\":\"SearchAction\",\"target\":{\"@type\":\"EntryPoint\",\"urlTemplate\":\"https:\/\/mx.motorad.com\/fr\/?s={search_term_string}\"},\"query-input\":{\"@type\":\"PropertyValueSpecification\",\"valueRequired\":true,\"valueName\":\"search_term_string\"}}],\"inLanguage\":\"fr-FR\"}]}<\/script>\n<!-- \/ Yoast SEO Premium plugin. -->","yoast_head_json":{"title":"Capteurs de position du papillon - MotoRad","description":"MotoRad - Capteurs de position du papillon","robots":{"index":"index","follow":"follow","max-snippet":"max-snippet:-1","max-image-preview":"max-image-preview:large","max-video-preview":"max-video-preview:-1"},"canonical":"https:\/\/mx.motorad.com\/fr\/produits\/commandes-du-groupe-motopropulseur\/capteurs-de-position-du-papillon\/","og_locale":"fr_FR","og_type":"article","og_title":"Capteurs de position du papillon","og_description":"MotoRad - Capteurs de position du papillon","og_url":"https:\/\/mx.motorad.com\/fr\/produits\/commandes-du-groupe-motopropulseur\/capteurs-de-position-du-papillon\/","og_site_name":"MotoRad","article_modified_time":"2025-06-13T12:48:26+00:00","og_image":[{"width":500,"height":500,"url":"https:\/\/mx.motorad.com\/wp-content\/uploads\/2025\/04\/1TP1051_Orientation-View.jpg","type":"image\/jpeg"}],"twitter_card":"summary_large_image","twitter_misc":{"Est. reading time":"1 minute"},"schema":{"@context":"https:\/\/schema.org","@graph":[{"@type":"WebPage","@id":"https:\/\/mx.motorad.com\/fr\/produits\/commandes-du-groupe-motopropulseur\/capteurs-de-position-du-papillon\/","url":"https:\/\/mx.motorad.com\/fr\/produits\/commandes-du-groupe-motopropulseur\/capteurs-de-position-du-papillon\/","name":"Capteurs de position du papillon - MotoRad","isPartOf":{"@id":"https:\/\/mx.motorad.com\/fr\/#website"},"primaryImageOfPage":{"@id":"https:\/\/mx.motorad.com\/fr\/produits\/commandes-du-groupe-motopropulseur\/capteurs-de-position-du-papillon\/#primaryimage"},"image":{"@id":"https:\/\/mx.motorad.com\/fr\/produits\/commandes-du-groupe-motopropulseur\/capteurs-de-position-du-papillon\/#primaryimage"},"thumbnailUrl":"https:\/\/mx.motorad.com\/wp-content\/uploads\/2025\/04\/1TP1051_Orientation-View.jpg","datePublished":"2025-04-03T18:08:54+00:00","dateModified":"2025-06-13T12:48:26+00:00","description":"MotoRad - Capteurs de position du papillon","breadcrumb":{"@id":"https:\/\/mx.motorad.com\/fr\/produits\/commandes-du-groupe-motopropulseur\/capteurs-de-position-du-papillon\/#breadcrumb"},"inLanguage":"fr-FR","potentialAction":[{"@type":"ReadAction","target":["https:\/\/mx.motorad.com\/fr\/produits\/commandes-du-groupe-motopropulseur\/capteurs-de-position-du-papillon\/"]}]},{"@type":"ImageObject","inLanguage":"fr-FR","@id":"https:\/\/mx.motorad.com\/fr\/produits\/commandes-du-groupe-motopropulseur\/capteurs-de-position-du-papillon\/#primaryimage","url":"https:\/\/mx.motorad.com\/wp-content\/uploads\/2025\/04\/1TP1051_Orientation-View.jpg","contentUrl":"https:\/\/mx.motorad.com\/wp-content\/uploads\/2025\/04\/1TP1051_Orientation-View.jpg"},{"@type":"BreadcrumbList","@id":"https:\/\/mx.motorad.com\/fr\/produits\/commandes-du-groupe-motopropulseur\/capteurs-de-position-du-papillon\/#breadcrumb","itemListElement":[{"@type":"ListItem","position":1,"name":"Home","item":"https:\/\/mx.motorad.com\/fr\/"},{"@type":"ListItem","position":2,"name":"Produits","item":"https:\/\/motoradnew.test\/fr\/produits\/"},{"@type":"ListItem","position":3,"name":"Commandes du groupe motopropulseur","item":"https:\/\/mx.motorad.com\/fr\/produits\/commandes-du-groupe-motopropulseur\/"},{"@type":"ListItem","position":4,"name":"Capteurs de position du papillon"}]},{"@type":"WebSite","@id":"https:\/\/mx.motorad.com\/fr\/#website","url":"https:\/\/mx.motorad.com\/fr\/","name":"MotoRad","description":"Trusted to Deliver Better - Thermal Management, Emissions, Powertrain Controls","potentialAction":[{"@type":"SearchAction","target":{"@type":"EntryPoint","urlTemplate":"https:\/\/mx.motorad.com\/fr\/?s={search_term_string}"},"query-input":{"@type":"PropertyValueSpecification","valueRequired":true,"valueName":"search_term_string"}}],"inLanguage":"fr-FR"}]}},"_links":{"self":[{"href":"https:\/\/mx.motorad.com\/fr\/wp-json\/wp\/v2\/pages\/5732","targetHints":{"allow":["GET"]}}],"collection":[{"href":"https:\/\/mx.motorad.com\/fr\/wp-json\/wp\/v2\/pages"}],"about":[{"href":"https:\/\/mx.motorad.com\/fr\/wp-json\/wp\/v2\/types\/page"}],"author":[{"embeddable":true,"href":"https:\/\/mx.motorad.com\/fr\/wp-json\/wp\/v2\/users\/1"}],"replies":[{"embeddable":true,"href":"https:\/\/mx.motorad.com\/fr\/wp-json\/wp\/v2\/comments?post=5732"}],"version-history":[{"count":1,"href":"https:\/\/mx.motorad.com\/fr\/wp-json\/wp\/v2\/pages\/5732\/revisions"}],"predecessor-version":[{"id":5735,"href":"https:\/\/mx.motorad.com\/fr\/wp-json\/wp\/v2\/pages\/5732\/revisions\/5735"}],"up":[{"embeddable":true,"href":"https:\/\/mx.motorad.com\/fr\/wp-json\/wp\/v2\/pages\/5867"}],"wp:attachment":[{"href":"https:\/\/mx.motorad.com\/fr\/wp-json\/wp\/v2\/media?parent=5732"}],"curies":[{"name":"wp","href":"https:\/\/api.w.org\/{rel}","templated":true}]}}