{"id":5753,"date":"2025-04-03T18:45:50","date_gmt":"2025-04-03T18:45:50","guid":{"rendered":"https:\/\/mx.motorad.com\/bouchons-de-filtre-a-huile\/"},"modified":"2025-06-13T12:48:48","modified_gmt":"2025-06-13T12:48:48","slug":"bouchons-de-filtre-a-huile","status":"publish","type":"page","link":"https:\/\/mx.motorad.com\/fr\/produits\/bouchons\/bouchons-de-filtre-a-huile\/","title":{"rendered":"Bouchons de filtre \u00e0 huile"},"content":{"rendered":"\n<h1 class=\"wp-block-heading\" id=\"h-oil-filter-caps\" style=\"margin-top:var(--wp--preset--spacing--60);margin-bottom:var(--wp--preset--spacing--60)\">BOUCHONS DE FILTRE \u00c0 HUILE<\/h1>\n\n<p style=\"margin-bottom:var(--wp--preset--spacing--20)\"><\/p>\n\n<p style=\"margin-bottom:var(--wp--preset--spacing--20)\">Le catalogue complet de bouchons de filtre \u00e0 huile de MotoRad est con\u00e7u pour r\u00e9pondre aux normes exigeantes des passionn\u00e9s d&rsquo;automobile et des professionnels. Les bouchons de filtre \u00e0 huile deviennent de plus en plus r\u00e9pandus, les constructeurs automobiles et de camions utilisant des filtres de type cartouche respectueux de l&rsquo;environnement qui n\u00e9cessitent des bouchons pour l&rsquo;assemblage du filtre \u00e0 huile.  <\/p>\n\n<p style=\"margin-bottom:var(--wp--preset--spacing--20)\">Parcourez notre vaste catalogue pour d\u00e9couvrir divers bouchons de filtre \u00e0 huile adapt\u00e9s \u00e0 diff\u00e9rentes marques et mod\u00e8les. Nos conceptions compatibles OEM garantissent un ajustement parfait, \u00e9liminant les tracas li\u00e9s aux probl\u00e8mes de compatibilit\u00e9. Chaque produit est m\u00e9ticuleusement \u00e9tiquet\u00e9 avec son num\u00e9ro de pi\u00e8ce correspondant pour une identification et une s\u00e9lection ais\u00e9es.  <\/p>\n\n<p style=\"margin-bottom:var(--wp--preset--spacing--20)\">Avec une couverture \u00e9tendue pour toutes les marques de v\u00e9hicules populaires, MotoRad s&rsquo;assure que vous trouvez l&rsquo;ajustement parfait pour les besoins de votre v\u00e9hicule. En tant que fournisseur et partenaire commercial de confiance, nous priorisons la qualit\u00e9 OEM dans chaque produit que nous proposons, offrant tranquillit\u00e9 d&rsquo;esprit et fiabilit\u00e9 pour chaque achat.  <\/p>\n\n<p style=\"margin-bottom:var(--wp--preset--spacing--60)\">Notre gamme croissante de bouchons de filtre \u00e0 huile offre un excellent remplacement pour ce composant souvent cass\u00e9 ou perdu lors d&rsquo;une vidange d&rsquo;huile. <\/p>\n\n<figure class=\"wp-block-image size-full\"><img loading=\"lazy\" decoding=\"async\" width=\"240\" height=\"248\" src=\"https:\/\/mx.motorad.com\/wp-content\/uploads\/2025\/04\/MO300-1.webp\" alt=\"\" class=\"wp-image-4447\"\/><\/figure>\n\n<ul style=\"margin-top:var(--wp--preset--spacing--60);margin-bottom:var(--wp--preset--spacing--60)\" class=\"wp-block-list\">\n<li style=\"margin-bottom:var(--wp--preset--spacing--20)\">Fabriqu\u00e9 \u00e0 partir de mat\u00e9riaux OEM de la plus haute qualit\u00e9 pour assurer des performances optimales et une durabilit\u00e9 robuste.<\/li>\n\n\n\n<li>Con\u00e7u pour r\u00e9pondre ou d\u00e9passer toutes les sp\u00e9cifications OEM en termes d&rsquo;ajustement, de forme &amp; de fonction.<\/li>\n<\/ul>\n\n<div class=\"wp-block-buttons is-layout-flex wp-block-buttons-is-layout-flex\" style=\"margin-bottom:var(--wp--preset--spacing--70)\">\n<div class=\"wp-block-button\"><a class=\"wp-block-button__link wp-element-button\" href=\"https:\/\/mx.motorad.com\/products\/\">Trouvez le bouchon de filtre \u00e0 huile pour votre application<\/a><\/div>\n<\/div>\n\n<div class=\"wp-block-cover alignfull is-light\" style=\"padding-top:var(--wp--preset--spacing--60);padding-bottom:var(--wp--preset--spacing--60)\"><span aria-hidden=\"true\" class=\"wp-block-cover__background has-background-dim-0 has-background-dim\" style=\"background-color:#ece5d9\"><\/span><img loading=\"lazy\" decoding=\"async\" width=\"1505\" height=\"305\" class=\"wp-block-cover__image-background wp-image-223\" alt=\"\" src=\"https:\/\/mx.motorad.com\/wp-content\/uploads\/2025\/03\/FooterCTA.jpg\" data-object-fit=\"cover\" srcset=\"https:\/\/mx.motorad.com\/wp-content\/uploads\/2025\/03\/FooterCTA.jpg 1505w, https:\/\/mx.motorad.com\/wp-content\/uploads\/2025\/03\/FooterCTA-300x61.jpg 300w, https:\/\/mx.motorad.com\/wp-content\/uploads\/2025\/03\/FooterCTA-1024x208.jpg 1024w, https:\/\/mx.motorad.com\/wp-content\/uploads\/2025\/03\/FooterCTA-768x156.jpg 768w\" sizes=\"auto, (max-width: 1505px) 100vw, 1505px\" \/><div class=\"wp-block-cover__inner-container is-layout-flow wp-block-cover-is-layout-flow\">\n<div class=\"wp-block-columns are-vertically-aligned-center is-layout-flex wp-container-core-columns-is-layout-cbe57604 wp-block-columns-is-layout-flex\">\n<div class=\"wp-block-column is-vertically-aligned-center is-layout-flow wp-block-column-is-layout-flow\" style=\"flex-basis:45%\">\n<h2 class=\"wp-block-heading has-text-align-center has-palette-text-color has-text-color\" id=\"h-need-help-finding-the-right-product\" style=\"margin-bottom:var(--wp--preset--spacing--40)\">Vous avez besoin d&rsquo;aide pour trouver le bon produit ?<\/h2>\n\n\n\n<p class=\"has-text-align-center has-palette-text-color has-text-color\" style=\"margin-bottom:var(--wp--preset--spacing--50)\">Notre \u00e9quipe d\u00e9vou\u00e9e est l\u00e0 pour vous orienter dans la bonne direction. Cliquez ci-dessous et dites-nous comment nous pouvons vous aider \u00e0 trouver le produit id\u00e9al pour vos besoins. Votre voyage vers une meilleure exp\u00e9rience commence ici.  <\/p>\n\n\n\n<div class=\"wp-block-buttons is-content-justification-center is-layout-flex wp-container-core-buttons-is-layout-a89b3969 wp-block-buttons-is-layout-flex\">\n<div class=\"wp-block-button\"><a class=\"wp-block-button__link has-text-align-center wp-element-button\" href=\"https:\/\/mx.motorad.com\/contact\/need-help-finding-something\/\">Parlez \u00e0 un sp\u00e9cialiste MotoRad<\/a><\/div>\n<\/div>\n<\/div>\n\n\n\n<div class=\"wp-block-column is-layout-flow wp-block-column-is-layout-flow\" style=\"flex-basis:10%\"><\/div>\n\n\n\n<div class=\"wp-block-column is-layout-flow wp-block-column-is-layout-flow\" style=\"flex-basis:45%\">\n<h2 class=\"wp-block-heading has-text-align-center has-palette-text-color has-text-color\" id=\"h-looking-for-custom-development\" style=\"margin-bottom:var(--wp--preset--spacing--40)\">Vous cherchez un d\u00e9veloppement sur mesure ?<\/h2>\n\n\n\n<p class=\"has-text-align-center has-palette-text-color has-text-color\" style=\"margin-bottom:var(--wp--preset--spacing--50)\">Nous ne nous contentons pas de proposer des produits ; nous \u00e9laborons des solutions sur mesure qui r\u00e9pondent \u00e0 vos besoins. \u00cates-vous pr\u00eat \u00e0 donner vie \u00e0 votre nouveau projet ? Cliquez ci-dessous, et embarquons ensemble pour le d\u00e9veloppement de produits sur mesure.  <\/p>\n\n\n\n<div class=\"wp-block-buttons is-content-justification-center is-layout-flex wp-container-core-buttons-is-layout-a89b3969 wp-block-buttons-is-layout-flex\">\n<div class=\"wp-block-button is-style-fill\"><a class=\"wp-block-button__link has-palette-bg-color has-palette-text-background-color has-text-color has-background has-text-align-center wp-element-button\" href=\"https:\/\/mx.motorad.com\/contact\/do-you-need-custom-development\/\">Nous voulons \u00eatre votre fournisseur<\/a><\/div>\n<\/div>\n<\/div>\n<\/div>\n<\/div><\/div>\n","protected":false},"excerpt":{"rendered":"<p>BOUCHONS DE FILTRE \u00c0 HUILE Le catalogue complet de bouchons de filtre \u00e0 huile de MotoRad est con\u00e7u pour r\u00e9pondre [&#8230;]<\/p>\n","protected":false},"author":1,"featured_media":0,"parent":5900,"menu_order":0,"comment_status":"closed","ping_status":"closed","template":"","meta":{"_acf_changed":false,"footnotes":""},"class_list":["post-5753","page","type-page","status-publish","hentry"],"acf":[],"yoast_head":"<!-- This site is optimized with the Yoast SEO Premium plugin v27.2 (Yoast SEO v27.2) - https:\/\/yoast.com\/product\/yoast-seo-premium-wordpress\/ -->\n<title>Bouchons de filtre \u00e0 huile - MotoRad<\/title>\n<meta name=\"description\" content=\"Explorez le catalogue exhaustif de bouchons de filtre \u00e0 huile de Motorad, chacun \u00e9tant commod\u00e9ment organis\u00e9 par num\u00e9ro de pi\u00e8ce et avec les r\u00e9f\u00e9rences d&#039;interchangeabilit\u00e9 incluses. Trouvez l&#039;ajustement parfait pour les besoins d&#039;entretien de votre v\u00e9hicule avec Motorad.\" \/>\n<meta name=\"robots\" content=\"index, follow, max-snippet:-1, max-image-preview:large, max-video-preview:-1\" \/>\n<link rel=\"canonical\" href=\"https:\/\/mx.motorad.com\/fr\/produits\/bouchons\/bouchons-de-filtre-a-huile\/\" \/>\n<meta property=\"og:locale\" content=\"fr_FR\" \/>\n<meta property=\"og:type\" content=\"article\" \/>\n<meta property=\"og:title\" content=\"Bouchons de filtre \u00e0 huile\" \/>\n<meta property=\"og:description\" content=\"Explorez le catalogue exhaustif de bouchons de filtre \u00e0 huile de Motorad, chacun \u00e9tant commod\u00e9ment organis\u00e9 par num\u00e9ro de pi\u00e8ce et avec les r\u00e9f\u00e9rences d&#039;interchangeabilit\u00e9 incluses. Trouvez l&#039;ajustement parfait pour les besoins d&#039;entretien de votre v\u00e9hicule avec Motorad.\" \/>\n<meta property=\"og:url\" content=\"https:\/\/mx.motorad.com\/fr\/produits\/bouchons\/bouchons-de-filtre-a-huile\/\" \/>\n<meta property=\"og:site_name\" content=\"MotoRad\" \/>\n<meta property=\"article:modified_time\" content=\"2025-06-13T12:48:48+00:00\" \/>\n<meta property=\"og:image\" content=\"https:\/\/mx.motorad.com\/wp-content\/uploads\/2025\/04\/MO300-1.webp\" \/>\n\t<meta property=\"og:image:width\" content=\"240\" \/>\n\t<meta property=\"og:image:height\" content=\"248\" \/>\n\t<meta property=\"og:image:type\" content=\"image\/webp\" \/>\n<meta name=\"twitter:card\" content=\"summary_large_image\" \/>\n<meta name=\"twitter:label1\" content=\"Est. reading time\" \/>\n\t<meta name=\"twitter:data1\" content=\"1 minute\" \/>\n<script type=\"application\/ld+json\" class=\"yoast-schema-graph\">{\"@context\":\"https:\/\/schema.org\",\"@graph\":[{\"@type\":\"WebPage\",\"@id\":\"https:\/\/mx.motorad.com\/fr\/produits\/bouchons\/bouchons-de-filtre-a-huile\/\",\"url\":\"https:\/\/mx.motorad.com\/fr\/produits\/bouchons\/bouchons-de-filtre-a-huile\/\",\"name\":\"Bouchons de filtre \u00e0 huile - MotoRad\",\"isPartOf\":{\"@id\":\"https:\/\/mx.motorad.com\/fr\/#website\"},\"primaryImageOfPage\":{\"@id\":\"https:\/\/mx.motorad.com\/fr\/produits\/bouchons\/bouchons-de-filtre-a-huile\/#primaryimage\"},\"image\":{\"@id\":\"https:\/\/mx.motorad.com\/fr\/produits\/bouchons\/bouchons-de-filtre-a-huile\/#primaryimage\"},\"thumbnailUrl\":\"https:\/\/mx.motorad.com\/wp-content\/uploads\/2025\/04\/MO300-1.webp\",\"datePublished\":\"2025-04-03T18:45:50+00:00\",\"dateModified\":\"2025-06-13T12:48:48+00:00\",\"description\":\"Explorez le catalogue exhaustif de bouchons de filtre \u00e0 huile de Motorad, chacun \u00e9tant commod\u00e9ment organis\u00e9 par num\u00e9ro de pi\u00e8ce et avec les r\u00e9f\u00e9rences d'interchangeabilit\u00e9 incluses. Trouvez l'ajustement parfait pour les besoins d'entretien de votre v\u00e9hicule avec Motorad.\",\"breadcrumb\":{\"@id\":\"https:\/\/mx.motorad.com\/fr\/produits\/bouchons\/bouchons-de-filtre-a-huile\/#breadcrumb\"},\"inLanguage\":\"fr-FR\",\"potentialAction\":[{\"@type\":\"ReadAction\",\"target\":[\"https:\/\/mx.motorad.com\/fr\/produits\/bouchons\/bouchons-de-filtre-a-huile\/\"]}]},{\"@type\":\"ImageObject\",\"inLanguage\":\"fr-FR\",\"@id\":\"https:\/\/mx.motorad.com\/fr\/produits\/bouchons\/bouchons-de-filtre-a-huile\/#primaryimage\",\"url\":\"https:\/\/mx.motorad.com\/wp-content\/uploads\/2025\/04\/MO300-1.webp\",\"contentUrl\":\"https:\/\/mx.motorad.com\/wp-content\/uploads\/2025\/04\/MO300-1.webp\"},{\"@type\":\"BreadcrumbList\",\"@id\":\"https:\/\/mx.motorad.com\/fr\/produits\/bouchons\/bouchons-de-filtre-a-huile\/#breadcrumb\",\"itemListElement\":[{\"@type\":\"ListItem\",\"position\":1,\"name\":\"Home\",\"item\":\"https:\/\/mx.motorad.com\/fr\/\"},{\"@type\":\"ListItem\",\"position\":2,\"name\":\"Produits\",\"item\":\"https:\/\/motoradnew.test\/fr\/produits\/\"},{\"@type\":\"ListItem\",\"position\":3,\"name\":\"Bouchons\",\"item\":\"https:\/\/motoradnew.test\/fr\/produits\/bouchons\/\"},{\"@type\":\"ListItem\",\"position\":4,\"name\":\"Bouchons de filtre \u00e0 huile\"}]},{\"@type\":\"WebSite\",\"@id\":\"https:\/\/mx.motorad.com\/fr\/#website\",\"url\":\"https:\/\/mx.motorad.com\/fr\/\",\"name\":\"MotoRad\",\"description\":\"Trusted to Deliver Better - Thermal Management, Emissions, Powertrain Controls\",\"potentialAction\":[{\"@type\":\"SearchAction\",\"target\":{\"@type\":\"EntryPoint\",\"urlTemplate\":\"https:\/\/mx.motorad.com\/fr\/?s={search_term_string}\"},\"query-input\":{\"@type\":\"PropertyValueSpecification\",\"valueRequired\":true,\"valueName\":\"search_term_string\"}}],\"inLanguage\":\"fr-FR\"}]}<\/script>\n<!-- \/ Yoast SEO Premium plugin. -->","yoast_head_json":{"title":"Bouchons de filtre \u00e0 huile - MotoRad","description":"Explorez le catalogue exhaustif de bouchons de filtre \u00e0 huile de Motorad, chacun \u00e9tant commod\u00e9ment organis\u00e9 par num\u00e9ro de pi\u00e8ce et avec les r\u00e9f\u00e9rences d'interchangeabilit\u00e9 incluses. Trouvez l'ajustement parfait pour les besoins d'entretien de votre v\u00e9hicule avec Motorad.","robots":{"index":"index","follow":"follow","max-snippet":"max-snippet:-1","max-image-preview":"max-image-preview:large","max-video-preview":"max-video-preview:-1"},"canonical":"https:\/\/mx.motorad.com\/fr\/produits\/bouchons\/bouchons-de-filtre-a-huile\/","og_locale":"fr_FR","og_type":"article","og_title":"Bouchons de filtre \u00e0 huile","og_description":"Explorez le catalogue exhaustif de bouchons de filtre \u00e0 huile de Motorad, chacun \u00e9tant commod\u00e9ment organis\u00e9 par num\u00e9ro de pi\u00e8ce et avec les r\u00e9f\u00e9rences d'interchangeabilit\u00e9 incluses. Trouvez l'ajustement parfait pour les besoins d'entretien de votre v\u00e9hicule avec Motorad.","og_url":"https:\/\/mx.motorad.com\/fr\/produits\/bouchons\/bouchons-de-filtre-a-huile\/","og_site_name":"MotoRad","article_modified_time":"2025-06-13T12:48:48+00:00","og_image":[{"width":240,"height":248,"url":"https:\/\/mx.motorad.com\/wp-content\/uploads\/2025\/04\/MO300-1.webp","type":"image\/webp"}],"twitter_card":"summary_large_image","twitter_misc":{"Est. reading time":"1 minute"},"schema":{"@context":"https:\/\/schema.org","@graph":[{"@type":"WebPage","@id":"https:\/\/mx.motorad.com\/fr\/produits\/bouchons\/bouchons-de-filtre-a-huile\/","url":"https:\/\/mx.motorad.com\/fr\/produits\/bouchons\/bouchons-de-filtre-a-huile\/","name":"Bouchons de filtre \u00e0 huile - MotoRad","isPartOf":{"@id":"https:\/\/mx.motorad.com\/fr\/#website"},"primaryImageOfPage":{"@id":"https:\/\/mx.motorad.com\/fr\/produits\/bouchons\/bouchons-de-filtre-a-huile\/#primaryimage"},"image":{"@id":"https:\/\/mx.motorad.com\/fr\/produits\/bouchons\/bouchons-de-filtre-a-huile\/#primaryimage"},"thumbnailUrl":"https:\/\/mx.motorad.com\/wp-content\/uploads\/2025\/04\/MO300-1.webp","datePublished":"2025-04-03T18:45:50+00:00","dateModified":"2025-06-13T12:48:48+00:00","description":"Explorez le catalogue exhaustif de bouchons de filtre \u00e0 huile de Motorad, chacun \u00e9tant commod\u00e9ment organis\u00e9 par num\u00e9ro de pi\u00e8ce et avec les r\u00e9f\u00e9rences d'interchangeabilit\u00e9 incluses. Trouvez l'ajustement parfait pour les besoins d'entretien de votre v\u00e9hicule avec Motorad.","breadcrumb":{"@id":"https:\/\/mx.motorad.com\/fr\/produits\/bouchons\/bouchons-de-filtre-a-huile\/#breadcrumb"},"inLanguage":"fr-FR","potentialAction":[{"@type":"ReadAction","target":["https:\/\/mx.motorad.com\/fr\/produits\/bouchons\/bouchons-de-filtre-a-huile\/"]}]},{"@type":"ImageObject","inLanguage":"fr-FR","@id":"https:\/\/mx.motorad.com\/fr\/produits\/bouchons\/bouchons-de-filtre-a-huile\/#primaryimage","url":"https:\/\/mx.motorad.com\/wp-content\/uploads\/2025\/04\/MO300-1.webp","contentUrl":"https:\/\/mx.motorad.com\/wp-content\/uploads\/2025\/04\/MO300-1.webp"},{"@type":"BreadcrumbList","@id":"https:\/\/mx.motorad.com\/fr\/produits\/bouchons\/bouchons-de-filtre-a-huile\/#breadcrumb","itemListElement":[{"@type":"ListItem","position":1,"name":"Home","item":"https:\/\/mx.motorad.com\/fr\/"},{"@type":"ListItem","position":2,"name":"Produits","item":"https:\/\/motoradnew.test\/fr\/produits\/"},{"@type":"ListItem","position":3,"name":"Bouchons","item":"https:\/\/motoradnew.test\/fr\/produits\/bouchons\/"},{"@type":"ListItem","position":4,"name":"Bouchons de filtre \u00e0 huile"}]},{"@type":"WebSite","@id":"https:\/\/mx.motorad.com\/fr\/#website","url":"https:\/\/mx.motorad.com\/fr\/","name":"MotoRad","description":"Trusted to Deliver Better - Thermal Management, Emissions, Powertrain Controls","potentialAction":[{"@type":"SearchAction","target":{"@type":"EntryPoint","urlTemplate":"https:\/\/mx.motorad.com\/fr\/?s={search_term_string}"},"query-input":{"@type":"PropertyValueSpecification","valueRequired":true,"valueName":"search_term_string"}}],"inLanguage":"fr-FR"}]}},"_links":{"self":[{"href":"https:\/\/mx.motorad.com\/fr\/wp-json\/wp\/v2\/pages\/5753","targetHints":{"allow":["GET"]}}],"collection":[{"href":"https:\/\/mx.motorad.com\/fr\/wp-json\/wp\/v2\/pages"}],"about":[{"href":"https:\/\/mx.motorad.com\/fr\/wp-json\/wp\/v2\/types\/page"}],"author":[{"embeddable":true,"href":"https:\/\/mx.motorad.com\/fr\/wp-json\/wp\/v2\/users\/1"}],"replies":[{"embeddable":true,"href":"https:\/\/mx.motorad.com\/fr\/wp-json\/wp\/v2\/comments?post=5753"}],"version-history":[{"count":1,"href":"https:\/\/mx.motorad.com\/fr\/wp-json\/wp\/v2\/pages\/5753\/revisions"}],"predecessor-version":[{"id":5754,"href":"https:\/\/mx.motorad.com\/fr\/wp-json\/wp\/v2\/pages\/5753\/revisions\/5754"}],"up":[{"embeddable":true,"href":"https:\/\/mx.motorad.com\/fr\/wp-json\/wp\/v2\/pages\/5900"}],"wp:attachment":[{"href":"https:\/\/mx.motorad.com\/fr\/wp-json\/wp\/v2\/media?parent=5753"}],"curies":[{"name":"wp","href":"https:\/\/api.w.org\/{rel}","templated":true}]}}