{"id":5769,"date":"2025-04-03T18:42:47","date_gmt":"2025-04-03T18:42:47","guid":{"rendered":"https:\/\/mx.motorad.com\/bouchons-dhuile\/"},"modified":"2025-06-13T12:48:48","modified_gmt":"2025-06-13T12:48:48","slug":"bouchons-dhuile","status":"publish","type":"page","link":"https:\/\/mx.motorad.com\/fr\/produits\/bouchons\/bouchons-dhuile\/","title":{"rendered":"Bouchons d&rsquo;huile"},"content":{"rendered":"\n<h1 class=\"wp-block-heading\" id=\"h-oil-caps\" style=\"margin-top:var(--wp--preset--spacing--60);margin-bottom:var(--wp--preset--spacing--60)\">BOUCHONS D&rsquo;HUILE<\/h1>\n\n<p>Les bouchons d&rsquo;huile sont principalement utilis\u00e9s pour sceller le r\u00e9servoir d&rsquo;huile. Ils incluent souvent des filtres pour la ventilation du carter, qui devraient \u00eatre remplac\u00e9s plusieurs fois au cours de la dur\u00e9e de vie du v\u00e9hicule. <\/p>\n\n<div class=\"wp-block-columns is-layout-flex wp-container-core-columns-is-layout-2d5df727 wp-block-columns-is-layout-flex\" style=\"margin-top:var(--wp--preset--spacing--60);margin-bottom:var(--wp--preset--spacing--60)\">\n<div class=\"wp-block-column is-layout-flow wp-block-column-is-layout-flow\">\n<figure class=\"wp-block-image size-full\"><img loading=\"lazy\" decoding=\"async\" width=\"500\" height=\"500\" src=\"https:\/\/mx.motorad.com\/wp-content\/uploads\/2025\/04\/MO109_Angle.jpg\" alt=\"\" class=\"wp-image-4414\" srcset=\"https:\/\/mx.motorad.com\/wp-content\/uploads\/2025\/04\/MO109_Angle.jpg 500w, https:\/\/mx.motorad.com\/wp-content\/uploads\/2025\/04\/MO109_Angle-300x300.jpg 300w, https:\/\/mx.motorad.com\/wp-content\/uploads\/2025\/04\/MO109_Angle-150x150.jpg 150w\" sizes=\"auto, (max-width: 500px) 100vw, 500px\" \/><\/figure>\n<\/div>\n\n\n\n<div class=\"wp-block-column is-layout-flow wp-block-column-is-layout-flow\">\n<figure class=\"wp-block-image size-full\"><img loading=\"lazy\" decoding=\"async\" width=\"500\" height=\"500\" src=\"https:\/\/mx.motorad.com\/wp-content\/uploads\/2025\/04\/MO111_Angle.jpg\" alt=\"\" class=\"wp-image-4421\" srcset=\"https:\/\/mx.motorad.com\/wp-content\/uploads\/2025\/04\/MO111_Angle.jpg 500w, https:\/\/mx.motorad.com\/wp-content\/uploads\/2025\/04\/MO111_Angle-300x300.jpg 300w, https:\/\/mx.motorad.com\/wp-content\/uploads\/2025\/04\/MO111_Angle-150x150.jpg 150w\" sizes=\"auto, (max-width: 500px) 100vw, 500px\" \/><\/figure>\n<\/div>\n\n\n\n<div class=\"wp-block-column is-layout-flow wp-block-column-is-layout-flow\">\n<figure class=\"wp-block-image size-full\"><img loading=\"lazy\" decoding=\"async\" width=\"500\" height=\"500\" src=\"https:\/\/mx.motorad.com\/wp-content\/uploads\/2025\/04\/6032-02_Angle.jpg\" alt=\"\" class=\"wp-image-4407\" srcset=\"https:\/\/mx.motorad.com\/wp-content\/uploads\/2025\/04\/6032-02_Angle.jpg 500w, https:\/\/mx.motorad.com\/wp-content\/uploads\/2025\/04\/6032-02_Angle-300x300.jpg 300w, https:\/\/mx.motorad.com\/wp-content\/uploads\/2025\/04\/6032-02_Angle-150x150.jpg 150w\" sizes=\"auto, (max-width: 500px) 100vw, 500px\" \/><\/figure>\n<\/div>\n\n\n\n<div class=\"wp-block-column is-layout-flow wp-block-column-is-layout-flow\">\n<figure class=\"wp-block-image size-full\"><img loading=\"lazy\" decoding=\"async\" width=\"500\" height=\"500\" src=\"https:\/\/mx.motorad.com\/wp-content\/uploads\/2025\/04\/MO116_Angle.jpg\" alt=\"\" class=\"wp-image-4428\" srcset=\"https:\/\/mx.motorad.com\/wp-content\/uploads\/2025\/04\/MO116_Angle.jpg 500w, https:\/\/mx.motorad.com\/wp-content\/uploads\/2025\/04\/MO116_Angle-300x300.jpg 300w, https:\/\/mx.motorad.com\/wp-content\/uploads\/2025\/04\/MO116_Angle-150x150.jpg 150w\" sizes=\"auto, (max-width: 500px) 100vw, 500px\" \/><\/figure>\n<\/div>\n\n\n\n<div class=\"wp-block-column is-layout-flow wp-block-column-is-layout-flow\">\n<figure class=\"wp-block-image size-full\"><img loading=\"lazy\" decoding=\"async\" width=\"500\" height=\"500\" src=\"https:\/\/mx.motorad.com\/wp-content\/uploads\/2025\/04\/MO120_Angle-1.jpg\" alt=\"\" class=\"wp-image-4435\" srcset=\"https:\/\/mx.motorad.com\/wp-content\/uploads\/2025\/04\/MO120_Angle-1.jpg 500w, https:\/\/mx.motorad.com\/wp-content\/uploads\/2025\/04\/MO120_Angle-1-300x300.jpg 300w, https:\/\/mx.motorad.com\/wp-content\/uploads\/2025\/04\/MO120_Angle-1-150x150.jpg 150w\" sizes=\"auto, (max-width: 500px) 100vw, 500px\" \/><\/figure>\n<\/div>\n<\/div>\n\n<p style=\"margin-bottom:var(--wp--preset--spacing--20)\">MotoRad propose diff\u00e9rents types de bouchons d&rsquo;huile pour tous types de voitures et de camions, y compris des bouchons avec filtres int\u00e9gr\u00e9s et sans.<\/p>\n\n<p style=\"margin-bottom:var(--wp--preset--spacing--20)\">Chez MotoRad, nous sommes fiers d&rsquo;offrir des bouchons d&rsquo;huile haut de gamme con\u00e7us pour am\u00e9liorer les performances et la fiabilit\u00e9 de votre moteur. Notre vaste catalogue comprend une large gamme de bouchons d&rsquo;huile m\u00e9ticuleusement \u00e9labor\u00e9s pour r\u00e9pondre aux plus hauts standards de qualit\u00e9 et de compatibilit\u00e9. <\/p>\n\n<p style=\"margin-bottom:var(--wp--preset--spacing--20)\"><strong>Pourquoi choisir les bouchons d&rsquo;huile MotoRad ?<\/strong><\/p>\n\n<p style=\"margin-bottom:var(--wp--preset--spacing--20)\"><strong>1. Expertise du fabricant :<\/strong> MotoRad est un fabricant de premier plan reconnu pour son engagement envers l&rsquo;excellence. Forts de d\u00e9cennies d&rsquo;exp\u00e9rience en ing\u00e9nierie automobile, nous veillons \u00e0 ce que chaque bouchon d&rsquo;huile r\u00e9ponde \u00e0 des normes de qualit\u00e9 et des crit\u00e8res de performance stricts. <\/p>\n\n<p style=\"margin-bottom:var(--wp--preset--spacing--20)\"><strong>2. Catalogue exhaustif :<\/strong> Explorez notre catalogue complet proposant une s\u00e9lection diversifi\u00e9e de bouchons d&rsquo;huile con\u00e7us pour diverses marques et mod\u00e8les. Que vous conduisiez une berline compacte ou un camion poids lourd, MotoRad dispose de la solution parfaite pour les besoins de votre v\u00e9hicule. <\/p>\n\n<p style=\"margin-bottom:var(--wp--preset--spacing--20)\"><strong>3. Interchangeabilit\u00e9 :<\/strong> Nos bouchons d&rsquo;huile sont con\u00e7us pour \u00eatre parfaitement interchangeables avec les composants OEM, garantissant un processus d&rsquo;installation sans difficult\u00e9. Gr\u00e2ce \u00e0 un ajustement et une compatibilit\u00e9 pr\u00e9cis, vous pouvez faire confiance \u00e0 MotoRad pour offrir des performances et une fiabilit\u00e9 optimales. <\/p>\n\n<p style=\"margin-bottom:var(--wp--preset--spacing--20)\"><strong>4. S\u00e9lection des r\u00e9f\u00e9rences :<\/strong> Identifiez facilement le bon bouchon d&rsquo;huile pour votre v\u00e9hicule gr\u00e2ce \u00e0 notre syst\u00e8me pr\u00e9cis de num\u00e9rotation des pi\u00e8ces. Avec MotoRad, trouver la correspondance parfaite pour votre moteur n&rsquo;a jamais \u00e9t\u00e9 aussi simple. <\/p>\n\n<p style=\"margin-bottom:var(--wp--preset--spacing--20)\"><strong>5. Couverture \u00e9tendue :<\/strong> Des v\u00e9hicules nationaux aux v\u00e9hicules \u00e9trangers, MotoRad offre une couverture \u00e9tendue pour r\u00e9pondre aux besoins divers des conducteurs du monde entier. Que vous entreteniez une voiture classique ou un v\u00e9hicule hybride moderne, vous pouvez compter sur MotoRad pour une qualit\u00e9 et une compatibilit\u00e9 exceptionnelles. <\/p>\n\n<p style=\"margin-bottom:var(--wp--preset--spacing--20)\"><strong>6. R\u00e9seau de fournisseurs de confiance :<\/strong> Collaborer avec MotoRad signifie avoir acc\u00e8s \u00e0 un r\u00e9seau fiable de fournisseurs engag\u00e9s \u00e0 livrer des produits authentiques de qualit\u00e9 OEM. Soyez assur\u00e9 que chaque bouchon d&rsquo;huile portant le nom MotoRad est soutenu par notre d\u00e9vouement in\u00e9branlable \u00e0 l&rsquo;excellence. <\/p>\n\n<p style=\"margin-bottom:var(--wp--preset--spacing--60)\"><strong>7. Assurance qualit\u00e9 OEM :<\/strong> Les bouchons d&rsquo;huile MotoRad sont con\u00e7us selon les sp\u00e9cifications OEM, garantissant qu&rsquo;ils r\u00e9pondent aux normes les plus strictes.<\/p>\n\n<hr class=\"wp-block-separator has-text-color has-palette-brand-3-color has-alpha-channel-opacity has-palette-brand-3-background-color has-background is-style-wide\" style=\"margin-bottom:var(--wp--preset--spacing--60)\"\/>\n\n<div class=\"wp-block-buttons is-layout-flex wp-block-buttons-is-layout-flex\" style=\"margin-bottom:var(--wp--preset--spacing--70)\">\n<div class=\"wp-block-button\"><a class=\"wp-block-button__link wp-element-button\" href=\"https:\/\/mx.motorad.com\/products\/\">Trouvez le bouchon d&rsquo;huile pour votre application<\/a><\/div>\n<\/div>\n\n<div class=\"wp-block-cover alignfull is-light\" style=\"padding-top:var(--wp--preset--spacing--60);padding-bottom:var(--wp--preset--spacing--60)\"><span aria-hidden=\"true\" class=\"wp-block-cover__background has-background-dim-0 has-background-dim\" style=\"background-color:#ece5d9\"><\/span><img loading=\"lazy\" decoding=\"async\" width=\"1505\" height=\"305\" class=\"wp-block-cover__image-background wp-image-223\" alt=\"\" src=\"https:\/\/mx.motorad.com\/wp-content\/uploads\/2025\/03\/FooterCTA.jpg\" data-object-fit=\"cover\" srcset=\"https:\/\/mx.motorad.com\/wp-content\/uploads\/2025\/03\/FooterCTA.jpg 1505w, https:\/\/mx.motorad.com\/wp-content\/uploads\/2025\/03\/FooterCTA-300x61.jpg 300w, https:\/\/mx.motorad.com\/wp-content\/uploads\/2025\/03\/FooterCTA-1024x208.jpg 1024w, https:\/\/mx.motorad.com\/wp-content\/uploads\/2025\/03\/FooterCTA-768x156.jpg 768w\" sizes=\"auto, (max-width: 1505px) 100vw, 1505px\" \/><div class=\"wp-block-cover__inner-container is-layout-flow wp-block-cover-is-layout-flow\">\n<div class=\"wp-block-columns are-vertically-aligned-center is-layout-flex wp-container-core-columns-is-layout-cbe57604 wp-block-columns-is-layout-flex\">\n<div class=\"wp-block-column is-vertically-aligned-center is-layout-flow wp-block-column-is-layout-flow\" style=\"flex-basis:45%\">\n<h2 class=\"wp-block-heading has-text-align-center has-palette-text-color has-text-color\" id=\"h-need-help-finding-the-right-product\" style=\"margin-bottom:var(--wp--preset--spacing--40)\">Vous avez besoin d&rsquo;aide pour trouver le bon produit ?<\/h2>\n\n\n\n<p class=\"has-text-align-center has-palette-text-color has-text-color\" style=\"margin-bottom:var(--wp--preset--spacing--50)\">Notre \u00e9quipe d\u00e9vou\u00e9e est l\u00e0 pour vous orienter dans la bonne direction. Cliquez ci-dessous et dites-nous comment nous pouvons vous aider \u00e0 trouver le produit id\u00e9al pour vos besoins. Votre voyage vers une meilleure exp\u00e9rience commence ici.  <\/p>\n\n\n\n<div class=\"wp-block-buttons is-content-justification-center is-layout-flex wp-container-core-buttons-is-layout-a89b3969 wp-block-buttons-is-layout-flex\">\n<div class=\"wp-block-button\"><a class=\"wp-block-button__link has-text-align-center wp-element-button\" href=\"https:\/\/mx.motorad.com\/contact\/need-help-finding-something\/\">Parlez \u00e0 un sp\u00e9cialiste MotoRad<\/a><\/div>\n<\/div>\n<\/div>\n\n\n\n<div class=\"wp-block-column is-layout-flow wp-block-column-is-layout-flow\" style=\"flex-basis:10%\"><\/div>\n\n\n\n<div class=\"wp-block-column is-layout-flow wp-block-column-is-layout-flow\" style=\"flex-basis:45%\">\n<h2 class=\"wp-block-heading has-text-align-center has-palette-text-color has-text-color\" id=\"h-looking-for-custom-development\" style=\"margin-bottom:var(--wp--preset--spacing--40)\">Vous cherchez un d\u00e9veloppement sur mesure ?<\/h2>\n\n\n\n<p class=\"has-text-align-center has-palette-text-color has-text-color\" style=\"margin-bottom:var(--wp--preset--spacing--50)\">Nous ne nous contentons pas de proposer des produits ; nous \u00e9laborons des solutions sur mesure qui r\u00e9pondent \u00e0 vos besoins. \u00cates-vous pr\u00eat \u00e0 donner vie \u00e0 votre nouveau projet ? Cliquez ci-dessous, et embarquons ensemble pour le d\u00e9veloppement de produits sur mesure.  <\/p>\n\n\n\n<div class=\"wp-block-buttons is-content-justification-center is-layout-flex wp-container-core-buttons-is-layout-a89b3969 wp-block-buttons-is-layout-flex\">\n<div class=\"wp-block-button is-style-fill\"><a class=\"wp-block-button__link has-palette-bg-color has-palette-text-background-color has-text-color has-background has-text-align-center wp-element-button\" href=\"https:\/\/mx.motorad.com\/contact\/do-you-need-custom-development\/\">Nous voulons \u00eatre votre fournisseur<\/a><\/div>\n<\/div>\n<\/div>\n<\/div>\n<\/div><\/div>\n","protected":false},"excerpt":{"rendered":"<p>BOUCHONS D&rsquo;HUILE Les bouchons d&rsquo;huile sont principalement utilis\u00e9s pour sceller le r\u00e9servoir d&rsquo;huile. Ils incluent souvent des filtres pour la [&#8230;]<\/p>\n","protected":false},"author":1,"featured_media":0,"parent":5900,"menu_order":0,"comment_status":"closed","ping_status":"closed","template":"","meta":{"_acf_changed":false,"footnotes":""},"class_list":["post-5769","page","type-page","status-publish","hentry"],"acf":[],"yoast_head":"<!-- This site is optimized with the Yoast SEO Premium plugin v27.2 (Yoast SEO v27.2) - https:\/\/yoast.com\/product\/yoast-seo-premium-wordpress\/ -->\n<title>Bouchons d&#039;huile - MotoRad<\/title>\n<meta name=\"description\" content=\"D\u00e9couvrez le catalogue exhaustif de MotoRad proposant des bouchons d&#039;huile de haute qualit\u00e9 con\u00e7us pour une performance sup\u00e9rieure et une compatibilit\u00e9 optimale. Explorez l&#039;interchangeabilit\u00e9, les r\u00e9f\u00e9rences, la couverture et la qualit\u00e9 OEM, le tout soutenu par notre r\u00e9seau de fournisseurs de confiance.\" \/>\n<meta name=\"robots\" content=\"index, follow, max-snippet:-1, max-image-preview:large, max-video-preview:-1\" \/>\n<link rel=\"canonical\" href=\"https:\/\/mx.motorad.com\/fr\/produits\/bouchons\/bouchons-dhuile\/\" \/>\n<meta property=\"og:locale\" content=\"fr_FR\" \/>\n<meta property=\"og:type\" content=\"article\" \/>\n<meta property=\"og:title\" content=\"Bouchons d&#039;huile\" \/>\n<meta property=\"og:description\" content=\"D\u00e9couvrez le catalogue exhaustif de MotoRad proposant des bouchons d&#039;huile de haute qualit\u00e9 con\u00e7us pour une performance sup\u00e9rieure et une compatibilit\u00e9 optimale. Explorez l&#039;interchangeabilit\u00e9, les r\u00e9f\u00e9rences, la couverture et la qualit\u00e9 OEM, le tout soutenu par notre r\u00e9seau de fournisseurs de confiance.\" \/>\n<meta property=\"og:url\" content=\"https:\/\/mx.motorad.com\/fr\/produits\/bouchons\/bouchons-dhuile\/\" \/>\n<meta property=\"og:site_name\" content=\"MotoRad\" \/>\n<meta property=\"article:modified_time\" content=\"2025-06-13T12:48:48+00:00\" \/>\n<meta property=\"og:image\" content=\"https:\/\/mx.motorad.com\/wp-content\/uploads\/2025\/04\/MO109_Angle.jpg\" \/>\n\t<meta property=\"og:image:width\" content=\"500\" \/>\n\t<meta property=\"og:image:height\" content=\"500\" \/>\n\t<meta property=\"og:image:type\" content=\"image\/jpeg\" \/>\n<meta name=\"twitter:card\" content=\"summary_large_image\" \/>\n<meta name=\"twitter:label1\" content=\"Est. reading time\" \/>\n\t<meta name=\"twitter:data1\" content=\"2 minutes\" \/>\n<script type=\"application\/ld+json\" class=\"yoast-schema-graph\">{\"@context\":\"https:\/\/schema.org\",\"@graph\":[{\"@type\":\"WebPage\",\"@id\":\"https:\/\/mx.motorad.com\/fr\/produits\/bouchons\/bouchons-dhuile\/\",\"url\":\"https:\/\/mx.motorad.com\/fr\/produits\/bouchons\/bouchons-dhuile\/\",\"name\":\"Bouchons d'huile - MotoRad\",\"isPartOf\":{\"@id\":\"https:\/\/mx.motorad.com\/fr\/#website\"},\"primaryImageOfPage\":{\"@id\":\"https:\/\/mx.motorad.com\/fr\/produits\/bouchons\/bouchons-dhuile\/#primaryimage\"},\"image\":{\"@id\":\"https:\/\/mx.motorad.com\/fr\/produits\/bouchons\/bouchons-dhuile\/#primaryimage\"},\"thumbnailUrl\":\"https:\/\/mx.motorad.com\/wp-content\/uploads\/2025\/04\/MO109_Angle.jpg\",\"datePublished\":\"2025-04-03T18:42:47+00:00\",\"dateModified\":\"2025-06-13T12:48:48+00:00\",\"description\":\"D\u00e9couvrez le catalogue exhaustif de MotoRad proposant des bouchons d'huile de haute qualit\u00e9 con\u00e7us pour une performance sup\u00e9rieure et une compatibilit\u00e9 optimale. Explorez l'interchangeabilit\u00e9, les r\u00e9f\u00e9rences, la couverture et la qualit\u00e9 OEM, le tout soutenu par notre r\u00e9seau de fournisseurs de confiance.\",\"breadcrumb\":{\"@id\":\"https:\/\/mx.motorad.com\/fr\/produits\/bouchons\/bouchons-dhuile\/#breadcrumb\"},\"inLanguage\":\"fr-FR\",\"potentialAction\":[{\"@type\":\"ReadAction\",\"target\":[\"https:\/\/mx.motorad.com\/fr\/produits\/bouchons\/bouchons-dhuile\/\"]}]},{\"@type\":\"ImageObject\",\"inLanguage\":\"fr-FR\",\"@id\":\"https:\/\/mx.motorad.com\/fr\/produits\/bouchons\/bouchons-dhuile\/#primaryimage\",\"url\":\"https:\/\/mx.motorad.com\/wp-content\/uploads\/2025\/04\/MO109_Angle.jpg\",\"contentUrl\":\"https:\/\/mx.motorad.com\/wp-content\/uploads\/2025\/04\/MO109_Angle.jpg\"},{\"@type\":\"BreadcrumbList\",\"@id\":\"https:\/\/mx.motorad.com\/fr\/produits\/bouchons\/bouchons-dhuile\/#breadcrumb\",\"itemListElement\":[{\"@type\":\"ListItem\",\"position\":1,\"name\":\"Home\",\"item\":\"https:\/\/mx.motorad.com\/fr\/\"},{\"@type\":\"ListItem\",\"position\":2,\"name\":\"Produits\",\"item\":\"https:\/\/motoradnew.test\/fr\/produits\/\"},{\"@type\":\"ListItem\",\"position\":3,\"name\":\"Bouchons\",\"item\":\"https:\/\/motoradnew.test\/fr\/produits\/bouchons\/\"},{\"@type\":\"ListItem\",\"position\":4,\"name\":\"Bouchons d&#8217;huile\"}]},{\"@type\":\"WebSite\",\"@id\":\"https:\/\/mx.motorad.com\/fr\/#website\",\"url\":\"https:\/\/mx.motorad.com\/fr\/\",\"name\":\"MotoRad\",\"description\":\"Trusted to Deliver Better - Thermal Management, Emissions, Powertrain Controls\",\"potentialAction\":[{\"@type\":\"SearchAction\",\"target\":{\"@type\":\"EntryPoint\",\"urlTemplate\":\"https:\/\/mx.motorad.com\/fr\/?s={search_term_string}\"},\"query-input\":{\"@type\":\"PropertyValueSpecification\",\"valueRequired\":true,\"valueName\":\"search_term_string\"}}],\"inLanguage\":\"fr-FR\"}]}<\/script>\n<!-- \/ Yoast SEO Premium plugin. -->","yoast_head_json":{"title":"Bouchons d'huile - MotoRad","description":"D\u00e9couvrez le catalogue exhaustif de MotoRad proposant des bouchons d'huile de haute qualit\u00e9 con\u00e7us pour une performance sup\u00e9rieure et une compatibilit\u00e9 optimale. Explorez l'interchangeabilit\u00e9, les r\u00e9f\u00e9rences, la couverture et la qualit\u00e9 OEM, le tout soutenu par notre r\u00e9seau de fournisseurs de confiance.","robots":{"index":"index","follow":"follow","max-snippet":"max-snippet:-1","max-image-preview":"max-image-preview:large","max-video-preview":"max-video-preview:-1"},"canonical":"https:\/\/mx.motorad.com\/fr\/produits\/bouchons\/bouchons-dhuile\/","og_locale":"fr_FR","og_type":"article","og_title":"Bouchons d'huile","og_description":"D\u00e9couvrez le catalogue exhaustif de MotoRad proposant des bouchons d'huile de haute qualit\u00e9 con\u00e7us pour une performance sup\u00e9rieure et une compatibilit\u00e9 optimale. Explorez l'interchangeabilit\u00e9, les r\u00e9f\u00e9rences, la couverture et la qualit\u00e9 OEM, le tout soutenu par notre r\u00e9seau de fournisseurs de confiance.","og_url":"https:\/\/mx.motorad.com\/fr\/produits\/bouchons\/bouchons-dhuile\/","og_site_name":"MotoRad","article_modified_time":"2025-06-13T12:48:48+00:00","og_image":[{"width":500,"height":500,"url":"https:\/\/mx.motorad.com\/wp-content\/uploads\/2025\/04\/MO109_Angle.jpg","type":"image\/jpeg"}],"twitter_card":"summary_large_image","twitter_misc":{"Est. reading time":"2 minutes"},"schema":{"@context":"https:\/\/schema.org","@graph":[{"@type":"WebPage","@id":"https:\/\/mx.motorad.com\/fr\/produits\/bouchons\/bouchons-dhuile\/","url":"https:\/\/mx.motorad.com\/fr\/produits\/bouchons\/bouchons-dhuile\/","name":"Bouchons d'huile - MotoRad","isPartOf":{"@id":"https:\/\/mx.motorad.com\/fr\/#website"},"primaryImageOfPage":{"@id":"https:\/\/mx.motorad.com\/fr\/produits\/bouchons\/bouchons-dhuile\/#primaryimage"},"image":{"@id":"https:\/\/mx.motorad.com\/fr\/produits\/bouchons\/bouchons-dhuile\/#primaryimage"},"thumbnailUrl":"https:\/\/mx.motorad.com\/wp-content\/uploads\/2025\/04\/MO109_Angle.jpg","datePublished":"2025-04-03T18:42:47+00:00","dateModified":"2025-06-13T12:48:48+00:00","description":"D\u00e9couvrez le catalogue exhaustif de MotoRad proposant des bouchons d'huile de haute qualit\u00e9 con\u00e7us pour une performance sup\u00e9rieure et une compatibilit\u00e9 optimale. Explorez l'interchangeabilit\u00e9, les r\u00e9f\u00e9rences, la couverture et la qualit\u00e9 OEM, le tout soutenu par notre r\u00e9seau de fournisseurs de confiance.","breadcrumb":{"@id":"https:\/\/mx.motorad.com\/fr\/produits\/bouchons\/bouchons-dhuile\/#breadcrumb"},"inLanguage":"fr-FR","potentialAction":[{"@type":"ReadAction","target":["https:\/\/mx.motorad.com\/fr\/produits\/bouchons\/bouchons-dhuile\/"]}]},{"@type":"ImageObject","inLanguage":"fr-FR","@id":"https:\/\/mx.motorad.com\/fr\/produits\/bouchons\/bouchons-dhuile\/#primaryimage","url":"https:\/\/mx.motorad.com\/wp-content\/uploads\/2025\/04\/MO109_Angle.jpg","contentUrl":"https:\/\/mx.motorad.com\/wp-content\/uploads\/2025\/04\/MO109_Angle.jpg"},{"@type":"BreadcrumbList","@id":"https:\/\/mx.motorad.com\/fr\/produits\/bouchons\/bouchons-dhuile\/#breadcrumb","itemListElement":[{"@type":"ListItem","position":1,"name":"Home","item":"https:\/\/mx.motorad.com\/fr\/"},{"@type":"ListItem","position":2,"name":"Produits","item":"https:\/\/motoradnew.test\/fr\/produits\/"},{"@type":"ListItem","position":3,"name":"Bouchons","item":"https:\/\/motoradnew.test\/fr\/produits\/bouchons\/"},{"@type":"ListItem","position":4,"name":"Bouchons d&#8217;huile"}]},{"@type":"WebSite","@id":"https:\/\/mx.motorad.com\/fr\/#website","url":"https:\/\/mx.motorad.com\/fr\/","name":"MotoRad","description":"Trusted to Deliver Better - Thermal Management, Emissions, Powertrain Controls","potentialAction":[{"@type":"SearchAction","target":{"@type":"EntryPoint","urlTemplate":"https:\/\/mx.motorad.com\/fr\/?s={search_term_string}"},"query-input":{"@type":"PropertyValueSpecification","valueRequired":true,"valueName":"search_term_string"}}],"inLanguage":"fr-FR"}]}},"_links":{"self":[{"href":"https:\/\/mx.motorad.com\/fr\/wp-json\/wp\/v2\/pages\/5769","targetHints":{"allow":["GET"]}}],"collection":[{"href":"https:\/\/mx.motorad.com\/fr\/wp-json\/wp\/v2\/pages"}],"about":[{"href":"https:\/\/mx.motorad.com\/fr\/wp-json\/wp\/v2\/types\/page"}],"author":[{"embeddable":true,"href":"https:\/\/mx.motorad.com\/fr\/wp-json\/wp\/v2\/users\/1"}],"replies":[{"embeddable":true,"href":"https:\/\/mx.motorad.com\/fr\/wp-json\/wp\/v2\/comments?post=5769"}],"version-history":[{"count":1,"href":"https:\/\/mx.motorad.com\/fr\/wp-json\/wp\/v2\/pages\/5769\/revisions"}],"predecessor-version":[{"id":5770,"href":"https:\/\/mx.motorad.com\/fr\/wp-json\/wp\/v2\/pages\/5769\/revisions\/5770"}],"up":[{"embeddable":true,"href":"https:\/\/mx.motorad.com\/fr\/wp-json\/wp\/v2\/pages\/5900"}],"wp:attachment":[{"href":"https:\/\/mx.motorad.com\/fr\/wp-json\/wp\/v2\/media?parent=5769"}],"curies":[{"name":"wp","href":"https:\/\/api.w.org\/{rel}","templated":true}]}}