{"id":5784,"date":"2025-04-03T18:39:39","date_gmt":"2025-04-03T18:39:39","guid":{"rendered":"https:\/\/mx.motorad.com\/bouchons-de-reservoir\/"},"modified":"2025-06-13T12:48:48","modified_gmt":"2025-06-13T12:48:48","slug":"bouchons-de-reservoir","status":"publish","type":"page","link":"https:\/\/mx.motorad.com\/fr\/produits\/bouchons\/bouchons-de-reservoir\/","title":{"rendered":"Bouchons de r\u00e9servoir"},"content":{"rendered":"\n<h1 class=\"wp-block-heading\" id=\"h-fuel-caps\" style=\"margin-top:var(--wp--preset--spacing--60);margin-right:0;margin-bottom:var(--wp--preset--spacing--60);margin-left:0\">BOUCHONS DE R\u00c9SERVOIR<\/h1>\n\n<p style=\"margin-bottom:var(--wp--preset--spacing--30)\">Les bouchons de r\u00e9servoir, bien que petits, sont cruciaux et font partie int\u00e9grante du syst\u00e8me de diagnostic embarqu\u00e9 et du syst\u00e8me de contr\u00f4le des \u00e9missions.<\/p>\n\n<p>Ils emp\u00eachent les fuites de vapeur de carburant du col de remplissage, qui constituent une source majeure d&rsquo;\u00e9missions d&rsquo;hydrocarbures, et jouent un r\u00f4le de s\u00e9curit\u00e9 important en emp\u00eachant l&rsquo;\u00e9coulement de carburant du col de remplissage du r\u00e9servoir en cas d&rsquo;accident, y compris les tonneaux.<\/p>\n\n<div class=\"wp-block-columns is-layout-flex wp-container-core-columns-is-layout-2d5df727 wp-block-columns-is-layout-flex\" style=\"margin-top:var(--wp--preset--spacing--60);margin-bottom:var(--wp--preset--spacing--60)\">\n<div class=\"wp-block-column is-layout-flow wp-block-column-is-layout-flow\">\n<figure class=\"wp-block-image size-full\"><img loading=\"lazy\" decoding=\"async\" width=\"500\" height=\"500\" src=\"https:\/\/mx.motorad.com\/wp-content\/uploads\/2025\/04\/MGC502_Angle.jpg\" alt=\"\" class=\"wp-image-4373\" srcset=\"https:\/\/mx.motorad.com\/wp-content\/uploads\/2025\/04\/MGC502_Angle.jpg 500w, https:\/\/mx.motorad.com\/wp-content\/uploads\/2025\/04\/MGC502_Angle-300x300.jpg 300w, https:\/\/mx.motorad.com\/wp-content\/uploads\/2025\/04\/MGC502_Angle-150x150.jpg 150w\" sizes=\"auto, (max-width: 500px) 100vw, 500px\" \/><\/figure>\n<\/div>\n\n\n\n<div class=\"wp-block-column is-layout-flow wp-block-column-is-layout-flow\">\n<figure class=\"wp-block-image size-full\"><img loading=\"lazy\" decoding=\"async\" width=\"500\" height=\"500\" src=\"https:\/\/mx.motorad.com\/wp-content\/uploads\/2025\/04\/MGC619_Angle-1.jpg\" alt=\"\" class=\"wp-image-4380\" srcset=\"https:\/\/mx.motorad.com\/wp-content\/uploads\/2025\/04\/MGC619_Angle-1.jpg 500w, https:\/\/mx.motorad.com\/wp-content\/uploads\/2025\/04\/MGC619_Angle-1-300x300.jpg 300w, https:\/\/mx.motorad.com\/wp-content\/uploads\/2025\/04\/MGC619_Angle-1-150x150.jpg 150w\" sizes=\"auto, (max-width: 500px) 100vw, 500px\" \/><\/figure>\n<\/div>\n\n\n\n<div class=\"wp-block-column is-layout-flow wp-block-column-is-layout-flow\">\n<figure class=\"wp-block-image size-full\"><img loading=\"lazy\" decoding=\"async\" width=\"500\" height=\"500\" src=\"https:\/\/mx.motorad.com\/wp-content\/uploads\/2025\/04\/2501-11_Angle.jpg\" alt=\"\" class=\"wp-image-4366\" srcset=\"https:\/\/mx.motorad.com\/wp-content\/uploads\/2025\/04\/2501-11_Angle.jpg 500w, https:\/\/mx.motorad.com\/wp-content\/uploads\/2025\/04\/2501-11_Angle-300x300.jpg 300w, https:\/\/mx.motorad.com\/wp-content\/uploads\/2025\/04\/2501-11_Angle-150x150.jpg 150w\" sizes=\"auto, (max-width: 500px) 100vw, 500px\" \/><\/figure>\n<\/div>\n\n\n\n<div class=\"wp-block-column is-layout-flow wp-block-column-is-layout-flow\">\n<figure class=\"wp-block-image size-full\"><img loading=\"lazy\" decoding=\"async\" width=\"500\" height=\"500\" src=\"https:\/\/mx.motorad.com\/wp-content\/uploads\/2025\/04\/MGC704_Angle.jpg\" alt=\"\" class=\"wp-image-4387\" srcset=\"https:\/\/mx.motorad.com\/wp-content\/uploads\/2025\/04\/MGC704_Angle.jpg 500w, https:\/\/mx.motorad.com\/wp-content\/uploads\/2025\/04\/MGC704_Angle-300x300.jpg 300w, https:\/\/mx.motorad.com\/wp-content\/uploads\/2025\/04\/MGC704_Angle-150x150.jpg 150w\" sizes=\"auto, (max-width: 500px) 100vw, 500px\" \/><\/figure>\n<\/div>\n\n\n\n<div class=\"wp-block-column is-layout-flow wp-block-column-is-layout-flow\">\n<figure class=\"wp-block-image size-full\"><img loading=\"lazy\" decoding=\"async\" width=\"500\" height=\"500\" src=\"https:\/\/mx.motorad.com\/wp-content\/uploads\/2025\/04\/MGC815_Angle.jpg\" alt=\"\" class=\"wp-image-4394\" srcset=\"https:\/\/mx.motorad.com\/wp-content\/uploads\/2025\/04\/MGC815_Angle.jpg 500w, https:\/\/mx.motorad.com\/wp-content\/uploads\/2025\/04\/MGC815_Angle-300x300.jpg 300w, https:\/\/mx.motorad.com\/wp-content\/uploads\/2025\/04\/MGC815_Angle-150x150.jpg 150w\" sizes=\"auto, (max-width: 500px) 100vw, 500px\" \/><\/figure>\n<\/div>\n<\/div>\n\n<p style=\"margin-bottom:var(--wp--preset--spacing--20)\">Des \u00e9tudes d\u00e9montrent qu&rsquo;un bouchon de r\u00e9servoir d\u00e9fectueux ou manquant peut permettre l&rsquo;\u00e9vaporation de jusqu&rsquo;\u00e0 114 litres (30 gallons) de carburant dans l&rsquo;atmosph\u00e8re chaque ann\u00e9e. Pour toutes ces raisons, l&rsquo;utilisation d&rsquo;un bouchon de r\u00e9servoir \u00e9prouv\u00e9 et de haute qualit\u00e9 est vitale pour la s\u00e9curit\u00e9, l&rsquo;\u00e9conomie de carburant et l&rsquo;environnement. <\/p>\n\n<p style=\"margin-bottom:var(--wp--preset--spacing--20)\">Les bouchons de r\u00e9servoir MotoRad sont con\u00e7us et fabriqu\u00e9s pour pr\u00e9venir de telles pertes de carburant. Tous les bouchons de r\u00e9servoir de MotoRad r\u00e9pondent \u00e0 toutes les exigences f\u00e9d\u00e9rales (MVSS301) et I\/M 240. <\/p>\n\n<p style=\"margin-bottom:var(--wp--preset--spacing--20)\"><strong>Bouchons de r\u00e9servoir standard<\/strong><\/p>\n\n<p style=\"margin-bottom:var(--wp--preset--spacing--20)\">Les bouchons de r\u00e9servoir standard MotoRad satisfont \u00e0 toutes les exigences d&rsquo;\u00e9missions \u00e9tatiques et f\u00e9d\u00e9rales. Les bouchons sont sp\u00e9cifiquement con\u00e7us avec des soupapes de d\u00e9charge de pression et de vide pour emp\u00eacher l&rsquo;\u00e9vaporation du carburant. <\/p>\n\n<p style=\"margin-bottom:var(--wp--preset--spacing--20)\"><strong>Bouchons de r\u00e9servoir verrouillables<\/strong><\/p>\n\n<p style=\"margin-bottom:var(--wp--preset--spacing--20)\">Les bouchons de r\u00e9servoir verrouillables MotoRad peuvent fonctionner comme des bouchons verrouillables ou non verrouillables. Lorsque la cl\u00e9 est tourn\u00e9e vers la gauche et retir\u00e9e, le bouchon est d\u00e9verrouill\u00e9 et ne tourne plus librement. Le bouchon r\u00e9pond \u00e0 toutes les sp\u00e9cifications d&rsquo;\u00e9missions en position verrouill\u00e9e et d\u00e9verrouill\u00e9e.  <\/p>\n\n<p style=\"margin-bottom:var(--wp--preset--spacing--20)\"><strong>S\u00e9curit\u00e9 \u00e9prouv\u00e9e et facilit\u00e9 d&rsquo;utilisation<\/strong><\/p>\n\n<p style=\"margin-bottom:var(--wp--preset--spacing--20)\">MotoRad propose plus de 60 types diff\u00e9rents de bouchons de r\u00e9servoir et plus de 50 types de bouchons de r\u00e9servoir verrouillables, tous con\u00e7us et fabriqu\u00e9s pour minimiser la perte de vapeur de carburant tout en maximisant la s\u00e9curit\u00e9 et la facilit\u00e9 d&rsquo;utilisation<\/p>\n\n<p style=\"margin-bottom:var(--wp--preset--spacing--20)\"><strong>Bouchons de r\u00e9servoir non verrouillables et verrouillables<\/strong><\/p>\n\n<p style=\"margin-bottom:var(--wp--preset--spacing--60)\">Les bouchons de r\u00e9servoir MotoRad sont con\u00e7us et fabriqu\u00e9s pour pr\u00e9venir la perte de carburant principalement par \u00e9vaporation. De plus, les bouchons non verrouillables et verrouillables MotoRad sont con\u00e7us pour une ouverture et une fermeture faciles par tous les conducteurs, y compris les personnes ayant de plus petites mains. Les bouchons de r\u00e9servoir verrouillables sont recommand\u00e9s pour pr\u00e9venir le vol de carburant et le vandalisme.<br\/>Tous les bouchons de r\u00e9servoir MotoRad incluent une ventilation conforme aux normes de l&rsquo;industrie, un syst\u00e8me de cliquet int\u00e9gr\u00e9 pour une fermeture positive et l&rsquo;\u00e9limination du serrage excessif du bouchon, ainsi qu&rsquo;un m\u00e9canisme de verrouillage optionnel. Tous les bouchons de r\u00e9servoir MotoRad r\u00e9pondent ou d\u00e9passent les exigences standards de l&rsquo;industrie automobile. Ils satisfont \u00e0 toutes les normes de contr\u00f4le des \u00e9missions, y compris l&rsquo;inspection IM240 et AIR CARE, et ont \u00e9t\u00e9 test\u00e9s ind\u00e9pendamment pour leur efficacit\u00e9 en mati\u00e8re de contr\u00f4le des \u00e9missions. Les tests d&rsquo;int\u00e9grit\u00e9 des bouchons simulant une collision \u00e0 90 km\/h (56 mph), un test de basculement et un test de ventilation prouvent leur capacit\u00e9 \u00e0 rester scell\u00e9s apr\u00e8s une collision lat\u00e9rale.     <\/p>\n\n<div class=\"wp-block-buttons is-layout-flex wp-block-buttons-is-layout-flex\" style=\"margin-bottom:var(--wp--preset--spacing--70)\">\n<div class=\"wp-block-button\"><a class=\"wp-block-button__link wp-element-button\" href=\"https:\/\/mx.motorad.com\/products\/\">Trouvez des bouchons de r\u00e9servoir pour votre application<\/a><\/div>\n<\/div>\n\n<div class=\"wp-block-cover alignfull is-light\" style=\"padding-top:var(--wp--preset--spacing--60);padding-bottom:var(--wp--preset--spacing--60)\"><span aria-hidden=\"true\" class=\"wp-block-cover__background has-background-dim-0 has-background-dim\" style=\"background-color:#ece5d9\"><\/span><img loading=\"lazy\" decoding=\"async\" width=\"1505\" height=\"305\" class=\"wp-block-cover__image-background wp-image-223\" alt=\"\" src=\"https:\/\/mx.motorad.com\/wp-content\/uploads\/2025\/03\/FooterCTA.jpg\" data-object-fit=\"cover\" srcset=\"https:\/\/mx.motorad.com\/wp-content\/uploads\/2025\/03\/FooterCTA.jpg 1505w, https:\/\/mx.motorad.com\/wp-content\/uploads\/2025\/03\/FooterCTA-300x61.jpg 300w, https:\/\/mx.motorad.com\/wp-content\/uploads\/2025\/03\/FooterCTA-1024x208.jpg 1024w, https:\/\/mx.motorad.com\/wp-content\/uploads\/2025\/03\/FooterCTA-768x156.jpg 768w\" sizes=\"auto, (max-width: 1505px) 100vw, 1505px\" \/><div class=\"wp-block-cover__inner-container is-layout-flow wp-block-cover-is-layout-flow\">\n<div class=\"wp-block-columns are-vertically-aligned-center is-layout-flex wp-container-core-columns-is-layout-cbe57604 wp-block-columns-is-layout-flex\">\n<div class=\"wp-block-column is-vertically-aligned-center is-layout-flow wp-block-column-is-layout-flow\" style=\"flex-basis:45%\">\n<h2 class=\"wp-block-heading has-text-align-center has-palette-text-color has-text-color\" id=\"h-need-help-finding-the-right-product\" style=\"margin-bottom:var(--wp--preset--spacing--40)\">Vous avez besoin d&rsquo;aide pour trouver le bon produit ?<\/h2>\n\n\n\n<p class=\"has-text-align-center has-palette-text-color has-text-color\" style=\"margin-bottom:var(--wp--preset--spacing--50)\">Notre \u00e9quipe d\u00e9vou\u00e9e est l\u00e0 pour vous orienter dans la bonne direction. Cliquez ci-dessous et dites-nous comment nous pouvons vous aider \u00e0 trouver le produit id\u00e9al pour vos besoins. Votre voyage vers une meilleure exp\u00e9rience commence ici.  <\/p>\n\n\n\n<div class=\"wp-block-buttons is-content-justification-center is-layout-flex wp-container-core-buttons-is-layout-a89b3969 wp-block-buttons-is-layout-flex\">\n<div class=\"wp-block-button\"><a class=\"wp-block-button__link has-text-align-center wp-element-button\" href=\"https:\/\/mx.motorad.com\/contact\/need-help-finding-something\/\">Parlez \u00e0 un sp\u00e9cialiste MotoRad<\/a><\/div>\n<\/div>\n<\/div>\n\n\n\n<div class=\"wp-block-column is-layout-flow wp-block-column-is-layout-flow\" style=\"flex-basis:10%\"><\/div>\n\n\n\n<div class=\"wp-block-column is-layout-flow wp-block-column-is-layout-flow\" style=\"flex-basis:45%\">\n<h2 class=\"wp-block-heading has-text-align-center has-palette-text-color has-text-color\" id=\"h-looking-for-custom-development\" style=\"margin-bottom:var(--wp--preset--spacing--40)\">Vous cherchez un d\u00e9veloppement sur mesure ?<\/h2>\n\n\n\n<p class=\"has-text-align-center has-palette-text-color has-text-color\" style=\"margin-bottom:var(--wp--preset--spacing--50)\">Nous ne nous contentons pas de proposer des produits ; nous \u00e9laborons des solutions sur mesure qui r\u00e9pondent \u00e0 vos besoins. \u00cates-vous pr\u00eat \u00e0 donner vie \u00e0 votre nouveau projet ? Cliquez ci-dessous, et embarquons ensemble pour le d\u00e9veloppement de produits sur mesure.  <\/p>\n\n\n\n<div class=\"wp-block-buttons is-content-justification-center is-layout-flex wp-container-core-buttons-is-layout-a89b3969 wp-block-buttons-is-layout-flex\">\n<div class=\"wp-block-button is-style-fill\"><a class=\"wp-block-button__link has-palette-bg-color has-palette-text-background-color has-text-color has-background has-text-align-center wp-element-button\" href=\"https:\/\/mx.motorad.com\/contact\/do-you-need-custom-development\/\">Nous voulons \u00eatre votre fournisseur<\/a><\/div>\n<\/div>\n<\/div>\n<\/div>\n<\/div><\/div>\n","protected":false},"excerpt":{"rendered":"<p>BOUCHONS DE R\u00c9SERVOIR Les bouchons de r\u00e9servoir, bien que petits, sont cruciaux et font partie int\u00e9grante du syst\u00e8me de diagnostic [&#8230;]<\/p>\n","protected":false},"author":1,"featured_media":0,"parent":5900,"menu_order":0,"comment_status":"closed","ping_status":"closed","template":"","meta":{"_acf_changed":false,"footnotes":""},"class_list":["post-5784","page","type-page","status-publish","hentry"],"acf":[],"yoast_head":"<!-- This site is optimized with the Yoast SEO Premium plugin v27.2 (Yoast SEO v27.2) - https:\/\/yoast.com\/product\/yoast-seo-premium-wordpress\/ -->\n<title>Bouchons de r\u00e9servoir - MotoRad<\/title>\n<meta name=\"description\" content=\"D\u00e9couvrez nos bouchons de r\u00e9servoir Motorad. Trouvez le bon mod\u00e8le avec notre outil d&#039;interchange.\" \/>\n<meta name=\"robots\" content=\"index, follow, max-snippet:-1, max-image-preview:large, max-video-preview:-1\" \/>\n<link rel=\"canonical\" href=\"https:\/\/mx.motorad.com\/fr\/produits\/bouchons\/bouchons-de-reservoir\/\" \/>\n<meta property=\"og:locale\" content=\"fr_FR\" \/>\n<meta property=\"og:type\" content=\"article\" \/>\n<meta property=\"og:title\" content=\"Bouchons de r\u00e9servoir\" \/>\n<meta property=\"og:description\" content=\"D\u00e9couvrez nos bouchons de r\u00e9servoir Motorad. Trouvez le bon mod\u00e8le avec notre outil d&#039;interchange.\" \/>\n<meta property=\"og:url\" content=\"https:\/\/mx.motorad.com\/fr\/produits\/bouchons\/bouchons-de-reservoir\/\" \/>\n<meta property=\"og:site_name\" content=\"MotoRad\" \/>\n<meta property=\"article:modified_time\" content=\"2025-06-13T12:48:48+00:00\" \/>\n<meta property=\"og:image\" content=\"https:\/\/mx.motorad.com\/wp-content\/uploads\/2025\/04\/MGC502_Angle.jpg\" \/>\n\t<meta property=\"og:image:width\" content=\"500\" \/>\n\t<meta property=\"og:image:height\" content=\"500\" \/>\n\t<meta property=\"og:image:type\" content=\"image\/jpeg\" \/>\n<meta name=\"twitter:card\" content=\"summary_large_image\" \/>\n<meta name=\"twitter:label1\" content=\"Est. reading time\" \/>\n\t<meta name=\"twitter:data1\" content=\"3 minutes\" \/>\n<script type=\"application\/ld+json\" class=\"yoast-schema-graph\">{\"@context\":\"https:\/\/schema.org\",\"@graph\":[{\"@type\":\"WebPage\",\"@id\":\"https:\/\/mx.motorad.com\/fr\/produits\/bouchons\/bouchons-de-reservoir\/\",\"url\":\"https:\/\/mx.motorad.com\/fr\/produits\/bouchons\/bouchons-de-reservoir\/\",\"name\":\"Bouchons de r\u00e9servoir - MotoRad\",\"isPartOf\":{\"@id\":\"https:\/\/mx.motorad.com\/fr\/#website\"},\"primaryImageOfPage\":{\"@id\":\"https:\/\/mx.motorad.com\/fr\/produits\/bouchons\/bouchons-de-reservoir\/#primaryimage\"},\"image\":{\"@id\":\"https:\/\/mx.motorad.com\/fr\/produits\/bouchons\/bouchons-de-reservoir\/#primaryimage\"},\"thumbnailUrl\":\"https:\/\/mx.motorad.com\/wp-content\/uploads\/2025\/04\/MGC502_Angle.jpg\",\"datePublished\":\"2025-04-03T18:39:39+00:00\",\"dateModified\":\"2025-06-13T12:48:48+00:00\",\"description\":\"D\u00e9couvrez nos bouchons de r\u00e9servoir Motorad. Trouvez le bon mod\u00e8le avec notre outil d'interchange.\",\"breadcrumb\":{\"@id\":\"https:\/\/mx.motorad.com\/fr\/produits\/bouchons\/bouchons-de-reservoir\/#breadcrumb\"},\"inLanguage\":\"fr-FR\",\"potentialAction\":[{\"@type\":\"ReadAction\",\"target\":[\"https:\/\/mx.motorad.com\/fr\/produits\/bouchons\/bouchons-de-reservoir\/\"]}]},{\"@type\":\"ImageObject\",\"inLanguage\":\"fr-FR\",\"@id\":\"https:\/\/mx.motorad.com\/fr\/produits\/bouchons\/bouchons-de-reservoir\/#primaryimage\",\"url\":\"https:\/\/mx.motorad.com\/wp-content\/uploads\/2025\/04\/MGC502_Angle.jpg\",\"contentUrl\":\"https:\/\/mx.motorad.com\/wp-content\/uploads\/2025\/04\/MGC502_Angle.jpg\"},{\"@type\":\"BreadcrumbList\",\"@id\":\"https:\/\/mx.motorad.com\/fr\/produits\/bouchons\/bouchons-de-reservoir\/#breadcrumb\",\"itemListElement\":[{\"@type\":\"ListItem\",\"position\":1,\"name\":\"Home\",\"item\":\"https:\/\/mx.motorad.com\/fr\/\"},{\"@type\":\"ListItem\",\"position\":2,\"name\":\"Produits\",\"item\":\"https:\/\/motoradnew.test\/fr\/produits\/\"},{\"@type\":\"ListItem\",\"position\":3,\"name\":\"Bouchons\",\"item\":\"https:\/\/motoradnew.test\/fr\/produits\/bouchons\/\"},{\"@type\":\"ListItem\",\"position\":4,\"name\":\"Bouchons de r\u00e9servoir\"}]},{\"@type\":\"WebSite\",\"@id\":\"https:\/\/mx.motorad.com\/fr\/#website\",\"url\":\"https:\/\/mx.motorad.com\/fr\/\",\"name\":\"MotoRad\",\"description\":\"Trusted to Deliver Better - Thermal Management, Emissions, Powertrain Controls\",\"potentialAction\":[{\"@type\":\"SearchAction\",\"target\":{\"@type\":\"EntryPoint\",\"urlTemplate\":\"https:\/\/mx.motorad.com\/fr\/?s={search_term_string}\"},\"query-input\":{\"@type\":\"PropertyValueSpecification\",\"valueRequired\":true,\"valueName\":\"search_term_string\"}}],\"inLanguage\":\"fr-FR\"}]}<\/script>\n<!-- \/ Yoast SEO Premium plugin. -->","yoast_head_json":{"title":"Bouchons de r\u00e9servoir - MotoRad","description":"D\u00e9couvrez nos bouchons de r\u00e9servoir Motorad. Trouvez le bon mod\u00e8le avec notre outil d'interchange.","robots":{"index":"index","follow":"follow","max-snippet":"max-snippet:-1","max-image-preview":"max-image-preview:large","max-video-preview":"max-video-preview:-1"},"canonical":"https:\/\/mx.motorad.com\/fr\/produits\/bouchons\/bouchons-de-reservoir\/","og_locale":"fr_FR","og_type":"article","og_title":"Bouchons de r\u00e9servoir","og_description":"D\u00e9couvrez nos bouchons de r\u00e9servoir Motorad. Trouvez le bon mod\u00e8le avec notre outil d'interchange.","og_url":"https:\/\/mx.motorad.com\/fr\/produits\/bouchons\/bouchons-de-reservoir\/","og_site_name":"MotoRad","article_modified_time":"2025-06-13T12:48:48+00:00","og_image":[{"width":500,"height":500,"url":"https:\/\/mx.motorad.com\/wp-content\/uploads\/2025\/04\/MGC502_Angle.jpg","type":"image\/jpeg"}],"twitter_card":"summary_large_image","twitter_misc":{"Est. reading time":"3 minutes"},"schema":{"@context":"https:\/\/schema.org","@graph":[{"@type":"WebPage","@id":"https:\/\/mx.motorad.com\/fr\/produits\/bouchons\/bouchons-de-reservoir\/","url":"https:\/\/mx.motorad.com\/fr\/produits\/bouchons\/bouchons-de-reservoir\/","name":"Bouchons de r\u00e9servoir - MotoRad","isPartOf":{"@id":"https:\/\/mx.motorad.com\/fr\/#website"},"primaryImageOfPage":{"@id":"https:\/\/mx.motorad.com\/fr\/produits\/bouchons\/bouchons-de-reservoir\/#primaryimage"},"image":{"@id":"https:\/\/mx.motorad.com\/fr\/produits\/bouchons\/bouchons-de-reservoir\/#primaryimage"},"thumbnailUrl":"https:\/\/mx.motorad.com\/wp-content\/uploads\/2025\/04\/MGC502_Angle.jpg","datePublished":"2025-04-03T18:39:39+00:00","dateModified":"2025-06-13T12:48:48+00:00","description":"D\u00e9couvrez nos bouchons de r\u00e9servoir Motorad. Trouvez le bon mod\u00e8le avec notre outil d'interchange.","breadcrumb":{"@id":"https:\/\/mx.motorad.com\/fr\/produits\/bouchons\/bouchons-de-reservoir\/#breadcrumb"},"inLanguage":"fr-FR","potentialAction":[{"@type":"ReadAction","target":["https:\/\/mx.motorad.com\/fr\/produits\/bouchons\/bouchons-de-reservoir\/"]}]},{"@type":"ImageObject","inLanguage":"fr-FR","@id":"https:\/\/mx.motorad.com\/fr\/produits\/bouchons\/bouchons-de-reservoir\/#primaryimage","url":"https:\/\/mx.motorad.com\/wp-content\/uploads\/2025\/04\/MGC502_Angle.jpg","contentUrl":"https:\/\/mx.motorad.com\/wp-content\/uploads\/2025\/04\/MGC502_Angle.jpg"},{"@type":"BreadcrumbList","@id":"https:\/\/mx.motorad.com\/fr\/produits\/bouchons\/bouchons-de-reservoir\/#breadcrumb","itemListElement":[{"@type":"ListItem","position":1,"name":"Home","item":"https:\/\/mx.motorad.com\/fr\/"},{"@type":"ListItem","position":2,"name":"Produits","item":"https:\/\/motoradnew.test\/fr\/produits\/"},{"@type":"ListItem","position":3,"name":"Bouchons","item":"https:\/\/motoradnew.test\/fr\/produits\/bouchons\/"},{"@type":"ListItem","position":4,"name":"Bouchons de r\u00e9servoir"}]},{"@type":"WebSite","@id":"https:\/\/mx.motorad.com\/fr\/#website","url":"https:\/\/mx.motorad.com\/fr\/","name":"MotoRad","description":"Trusted to Deliver Better - Thermal Management, Emissions, Powertrain Controls","potentialAction":[{"@type":"SearchAction","target":{"@type":"EntryPoint","urlTemplate":"https:\/\/mx.motorad.com\/fr\/?s={search_term_string}"},"query-input":{"@type":"PropertyValueSpecification","valueRequired":true,"valueName":"search_term_string"}}],"inLanguage":"fr-FR"}]}},"_links":{"self":[{"href":"https:\/\/mx.motorad.com\/fr\/wp-json\/wp\/v2\/pages\/5784","targetHints":{"allow":["GET"]}}],"collection":[{"href":"https:\/\/mx.motorad.com\/fr\/wp-json\/wp\/v2\/pages"}],"about":[{"href":"https:\/\/mx.motorad.com\/fr\/wp-json\/wp\/v2\/types\/page"}],"author":[{"embeddable":true,"href":"https:\/\/mx.motorad.com\/fr\/wp-json\/wp\/v2\/users\/1"}],"replies":[{"embeddable":true,"href":"https:\/\/mx.motorad.com\/fr\/wp-json\/wp\/v2\/comments?post=5784"}],"version-history":[{"count":1,"href":"https:\/\/mx.motorad.com\/fr\/wp-json\/wp\/v2\/pages\/5784\/revisions"}],"predecessor-version":[{"id":5785,"href":"https:\/\/mx.motorad.com\/fr\/wp-json\/wp\/v2\/pages\/5784\/revisions\/5785"}],"up":[{"embeddable":true,"href":"https:\/\/mx.motorad.com\/fr\/wp-json\/wp\/v2\/pages\/5900"}],"wp:attachment":[{"href":"https:\/\/mx.motorad.com\/fr\/wp-json\/wp\/v2\/media?parent=5784"}],"curies":[{"name":"wp","href":"https:\/\/api.w.org\/{rel}","templated":true}]}}