{"id":5827,"date":"2025-04-03T18:03:14","date_gmt":"2025-04-03T18:03:14","guid":{"rendered":"https:\/\/mx.motorad.com\/capteurs-emetteurs-de-temperature-du-liquide-de-refroidissement\/"},"modified":"2026-03-17T12:47:30","modified_gmt":"2026-03-17T12:47:30","slug":"capteurs-emetteurs-de-temperature-du-liquide-de-refroidissement","status":"publish","type":"page","link":"https:\/\/mx.motorad.com\/fr\/produits\/commandes-du-groupe-motopropulseur\/capteurs-emetteurs-de-temperature-du-liquide-de-refroidissement\/","title":{"rendered":"CAPTEURS\/\u00c9METTEURS DE TEMP\u00c9RATURE DE LIQUIDE DE REFROIDISSEMENT"},"content":{"rendered":"<h1 style=\"margin-top:var(--wp--preset--spacing--60);margin-bottom:var(--wp--preset--spacing--60);\" class=\"wp-block-post-title\">CAPTEURS\/\u00c9METTEURS DE TEMP\u00c9RATURE DE LIQUIDE DE REFROIDISSEMENT<\/h1>\n<p>Les capteurs de temp\u00e9rature de liquide de refroidissement MotoRad fournissent des donn\u00e9es pr\u00e9cises au PCM pour assurer une gestion optimale du syst\u00e8me d&rsquo;injection de carburant, de l&rsquo;allumage et de la distribution variable, des changements de vitesse de la transmission de votre v\u00e9hicule, et bien plus encore. Fabriqu\u00e9s \u00e0 partir de mat\u00e9riaux de la plus haute qualit\u00e9 approuv\u00e9s par les \u00e9quipementiers pour une durabilit\u00e9 accrue, m\u00eame dans les temp\u00e9ratures les plus extr\u00eames. Tous les capteurs de temp\u00e9rature de liquide de refroidissement MotoRad sont con\u00e7us pour r\u00e9pondre ou d\u00e9passer les sp\u00e9cifications d&rsquo;origine dans nos installations de fabrication certifi\u00e9es ISO TS16949.  <\/p>\n\n<div class=\"wp-block-columns is-layout-flex wp-container-core-columns-is-layout-95393138 wp-block-columns-is-layout-flex\" style=\"margin-top:var(--wp--preset--spacing--60);margin-bottom:var(--wp--preset--spacing--60)\">\n<div class=\"wp-block-column is-layout-flow wp-block-column-is-layout-flow\">\n<figure class=\"wp-block-image size-full\"><img loading=\"lazy\" decoding=\"async\" width=\"500\" height=\"500\" src=\"https:\/\/mx.motorad.com\/wp-content\/uploads\/2025\/04\/1TS1001_Angle.jpg\" alt=\"\" class=\"wp-image-4072\" srcset=\"https:\/\/mx.motorad.com\/wp-content\/uploads\/2025\/04\/1TS1001_Angle.jpg 500w, https:\/\/mx.motorad.com\/wp-content\/uploads\/2025\/04\/1TS1001_Angle-300x300.jpg 300w, https:\/\/mx.motorad.com\/wp-content\/uploads\/2025\/04\/1TS1001_Angle-150x150.jpg 150w\" sizes=\"auto, (max-width: 500px) 100vw, 500px\" \/><\/figure>\n<\/div>\n\n\n\n<div class=\"wp-block-column is-layout-flow wp-block-column-is-layout-flow\">\n<figure class=\"wp-block-image size-full\"><img loading=\"lazy\" decoding=\"async\" width=\"500\" height=\"500\" src=\"https:\/\/mx.motorad.com\/wp-content\/uploads\/2025\/04\/1TS1008_Angle-1.jpg\" alt=\"\" class=\"wp-image-4079\" srcset=\"https:\/\/mx.motorad.com\/wp-content\/uploads\/2025\/04\/1TS1008_Angle-1.jpg 500w, https:\/\/mx.motorad.com\/wp-content\/uploads\/2025\/04\/1TS1008_Angle-1-300x300.jpg 300w, https:\/\/mx.motorad.com\/wp-content\/uploads\/2025\/04\/1TS1008_Angle-1-150x150.jpg 150w\" sizes=\"auto, (max-width: 500px) 100vw, 500px\" \/><\/figure>\n<\/div>\n\n\n\n<div class=\"wp-block-column is-layout-flow wp-block-column-is-layout-flow\">\n<figure class=\"wp-block-image size-full\"><img loading=\"lazy\" decoding=\"async\" width=\"500\" height=\"500\" src=\"https:\/\/mx.motorad.com\/wp-content\/uploads\/2025\/04\/1TS1031_Angle.jpg\" alt=\"\" class=\"wp-image-4086\" srcset=\"https:\/\/mx.motorad.com\/wp-content\/uploads\/2025\/04\/1TS1031_Angle.jpg 500w, https:\/\/mx.motorad.com\/wp-content\/uploads\/2025\/04\/1TS1031_Angle-300x300.jpg 300w, https:\/\/mx.motorad.com\/wp-content\/uploads\/2025\/04\/1TS1031_Angle-150x150.jpg 150w\" sizes=\"auto, (max-width: 500px) 100vw, 500px\" \/><\/figure>\n<\/div>\n\n\n\n<div class=\"wp-block-column is-layout-flow wp-block-column-is-layout-flow\">\n<figure class=\"wp-block-image size-full\"><img loading=\"lazy\" decoding=\"async\" width=\"500\" height=\"500\" src=\"https:\/\/mx.motorad.com\/wp-content\/uploads\/2025\/04\/1TS1037_Angle.jpg\" alt=\"\" class=\"wp-image-4093\" srcset=\"https:\/\/mx.motorad.com\/wp-content\/uploads\/2025\/04\/1TS1037_Angle.jpg 500w, https:\/\/mx.motorad.com\/wp-content\/uploads\/2025\/04\/1TS1037_Angle-300x300.jpg 300w, https:\/\/mx.motorad.com\/wp-content\/uploads\/2025\/04\/1TS1037_Angle-150x150.jpg 150w\" sizes=\"auto, (max-width: 500px) 100vw, 500px\" \/><\/figure>\n<\/div>\n\n\n\n<div class=\"wp-block-column is-layout-flow wp-block-column-is-layout-flow\">\n<figure class=\"wp-block-image size-full\"><img loading=\"lazy\" decoding=\"async\" width=\"500\" height=\"500\" src=\"https:\/\/mx.motorad.com\/wp-content\/uploads\/2025\/04\/1TS1055_Angle.jpg\" alt=\"\" class=\"wp-image-4100\" srcset=\"https:\/\/mx.motorad.com\/wp-content\/uploads\/2025\/04\/1TS1055_Angle.jpg 500w, https:\/\/mx.motorad.com\/wp-content\/uploads\/2025\/04\/1TS1055_Angle-300x300.jpg 300w, https:\/\/mx.motorad.com\/wp-content\/uploads\/2025\/04\/1TS1055_Angle-150x150.jpg 150w\" sizes=\"auto, (max-width: 500px) 100vw, 500px\" \/><\/figure>\n<\/div>\n\n\n\n<div class=\"wp-block-column is-layout-flow wp-block-column-is-layout-flow\">\n<figure class=\"wp-block-image size-full\"><img loading=\"lazy\" decoding=\"async\" width=\"500\" height=\"500\" src=\"https:\/\/mx.motorad.com\/wp-content\/uploads\/2025\/04\/1TS1068_Angle.jpg\" alt=\"\" class=\"wp-image-4107\" srcset=\"https:\/\/mx.motorad.com\/wp-content\/uploads\/2025\/04\/1TS1068_Angle.jpg 500w, https:\/\/mx.motorad.com\/wp-content\/uploads\/2025\/04\/1TS1068_Angle-300x300.jpg 300w, https:\/\/mx.motorad.com\/wp-content\/uploads\/2025\/04\/1TS1068_Angle-150x150.jpg 150w\" sizes=\"auto, (max-width: 500px) 100vw, 500px\" \/><\/figure>\n<\/div>\n<\/div>\n\n<ul class=\"wp-block-list\">\n<li>R\u00e9sistance calibr\u00e9e \u00e0 100 % en usine pour garantir des tol\u00e9rances de pr\u00e9cision, permettant une temp\u00e9rature extr\u00eamement pr\u00e9cise pour des performances optimales.<\/li>\n\n\n\n<li>Scellant de filetage et\/ou joint torique pr\u00e9install\u00e9 sur tous les capteurs applicables pour garantir des performances sans fuite.<\/li>\n\n\n\n<li>Bo\u00eetier de capteur en laiton usin\u00e9 avec pr\u00e9cision pour une r\u00e9sistance sup\u00e9rieure \u00e0 la corrosion.<\/li>\n\n\n\n<li>Thermistance de pr\u00e9cision correspondant aux sp\u00e9cifications d&rsquo;origine, garantissant que les capteurs MotoRad correspondent aux r\u00e9sistances de sortie d&rsquo;origine dans toutes les positions de temp\u00e9rature.<\/li>\n\n\n\n<li>Les tests de produits approfondis comprennent le brouillard salin, l&rsquo;impact \u00e0 haute\/basse temp\u00e9rature, les vibrations thermiques, la durabilit\u00e9, l&rsquo;\u00e9lectricit\u00e9 statique et la microtension, entre autres<br\/>tests, pour garantir que tous les capteurs r\u00e9pondent ou d\u00e9passent les sp\u00e9cifications d&rsquo;origine.<\/li>\n<\/ul>\n\n<figure class=\"wp-block-image aligncenter size-full\" style=\"margin-top:var(--wp--preset--spacing--60);margin-bottom:var(--wp--preset--spacing--60)\"><img loading=\"lazy\" decoding=\"async\" width=\"1233\" height=\"679\" src=\"https:\/\/mx.motorad.com\/wp-content\/uploads\/2025\/04\/cts1-1.jpg\" alt=\"\" class=\"wp-image-4115\" srcset=\"https:\/\/mx.motorad.com\/wp-content\/uploads\/2025\/04\/cts1-1.jpg 1233w, https:\/\/mx.motorad.com\/wp-content\/uploads\/2025\/04\/cts1-1-300x165.jpg 300w, https:\/\/mx.motorad.com\/wp-content\/uploads\/2025\/04\/cts1-1-1024x564.jpg 1024w, https:\/\/mx.motorad.com\/wp-content\/uploads\/2025\/04\/cts1-1-768x423.jpg 768w\" sizes=\"auto, (max-width: 1233px) 100vw, 1233px\" \/><\/figure>\n\n<div class=\"wp-block-buttons is-layout-flex wp-block-buttons-is-layout-flex\" style=\"margin-top:var(--wp--preset--spacing--60);margin-bottom:var(--wp--preset--spacing--70)\">\n<div class=\"wp-block-button\"><a class=\"wp-block-button__link wp-element-button\" href=\"https:\/\/mx.motorad.com\/fr\/produits\/\">Trouver des capteurs pour votre application<\/a><\/div>\n<\/div>\n\n<div class=\"wp-block-cover alignfull is-light\" style=\"padding-top:var(--wp--preset--spacing--60);padding-bottom:var(--wp--preset--spacing--60)\"><span aria-hidden=\"true\" class=\"wp-block-cover__background has-background-dim-0 has-background-dim\" style=\"background-color:#ece5d9\"><\/span><img loading=\"lazy\" decoding=\"async\" width=\"1505\" height=\"305\" class=\"wp-block-cover__image-background wp-image-223\" alt=\"\" src=\"https:\/\/mx.motorad.com\/wp-content\/uploads\/2025\/03\/FooterCTA.jpg\" data-object-fit=\"cover\" srcset=\"https:\/\/mx.motorad.com\/wp-content\/uploads\/2025\/03\/FooterCTA.jpg 1505w, https:\/\/mx.motorad.com\/wp-content\/uploads\/2025\/03\/FooterCTA-300x61.jpg 300w, https:\/\/mx.motorad.com\/wp-content\/uploads\/2025\/03\/FooterCTA-1024x208.jpg 1024w, https:\/\/mx.motorad.com\/wp-content\/uploads\/2025\/03\/FooterCTA-768x156.jpg 768w\" sizes=\"auto, (max-width: 1505px) 100vw, 1505px\" \/><div class=\"wp-block-cover__inner-container is-layout-flow wp-block-cover-is-layout-flow\">\n<div class=\"wp-block-columns are-vertically-aligned-center is-layout-flex wp-container-core-columns-is-layout-cbe57604 wp-block-columns-is-layout-flex\">\n<div class=\"wp-block-column is-vertically-aligned-center is-layout-flow wp-block-column-is-layout-flow\" style=\"flex-basis:45%\">\n<h2 class=\"wp-block-heading has-text-align-center has-palette-text-color has-text-color\" id=\"h-need-help-finding-the-right-product\" style=\"margin-bottom:var(--wp--preset--spacing--40)\">Vous avez besoin d&rsquo;aide pour trouver le bon produit ?<\/h2>\n\n\n\n<p class=\"has-text-align-center has-palette-text-color has-text-color\" style=\"margin-bottom:var(--wp--preset--spacing--50)\">Notre \u00e9quipe d\u00e9vou\u00e9e est l\u00e0 pour vous orienter dans la bonne direction. Cliquez ci-dessous et dites-nous comment nous pouvons vous aider \u00e0 trouver le produit id\u00e9al pour vos besoins. Votre voyage vers une meilleure exp\u00e9rience commence ici.  <\/p>\n\n\n\n<div class=\"wp-block-buttons is-content-justification-center is-layout-flex wp-container-core-buttons-is-layout-a89b3969 wp-block-buttons-is-layout-flex\">\n<div class=\"wp-block-button\"><a class=\"wp-block-button__link has-text-align-center wp-element-button\" href=\"https:\/\/mx.motorad.com\/contact\/need-help-finding-something\/\">Parlez \u00e0 un sp\u00e9cialiste MotoRad<\/a><\/div>\n<\/div>\n<\/div>\n\n\n\n<div class=\"wp-block-column is-layout-flow wp-block-column-is-layout-flow\" style=\"flex-basis:10%\"><\/div>\n\n\n\n<div class=\"wp-block-column is-layout-flow wp-block-column-is-layout-flow\" style=\"flex-basis:45%\">\n<h2 class=\"wp-block-heading has-text-align-center has-palette-text-color has-text-color\" id=\"h-looking-for-custom-development\" style=\"margin-bottom:var(--wp--preset--spacing--40)\">Vous cherchez un d\u00e9veloppement sur mesure ?<\/h2>\n\n\n\n<p class=\"has-text-align-center has-palette-text-color has-text-color\" style=\"margin-bottom:var(--wp--preset--spacing--50)\">Nous ne nous contentons pas de proposer des produits ; nous \u00e9laborons des solutions sur mesure qui r\u00e9pondent \u00e0 vos besoins. \u00cates-vous pr\u00eat \u00e0 donner vie \u00e0 votre nouveau projet ? Cliquez ci-dessous, et embarquons ensemble pour le d\u00e9veloppement de produits sur mesure.  <\/p>\n\n\n\n<div class=\"wp-block-buttons is-content-justification-center is-layout-flex wp-container-core-buttons-is-layout-a89b3969 wp-block-buttons-is-layout-flex\">\n<div class=\"wp-block-button is-style-fill\"><a class=\"wp-block-button__link has-palette-bg-color has-palette-text-background-color has-text-color has-background has-text-align-center wp-element-button\" href=\"https:\/\/mx.motorad.com\/contact\/do-you-need-custom-development\/\">Nous voulons \u00eatre votre fournisseur<\/a><\/div>\n<\/div>\n<\/div>\n<\/div>\n<\/div><\/div>\n","protected":false},"excerpt":{"rendered":"<p>Les capteurs de temp\u00e9rature de liquide de refroidissement MotoRad fournissent des donn\u00e9es pr\u00e9cises au PCM pour assurer une gestion optimale [&#8230;]<\/p>\n","protected":false},"author":1,"featured_media":0,"parent":5867,"menu_order":0,"comment_status":"closed","ping_status":"closed","template":"","meta":{"_acf_changed":false,"footnotes":""},"class_list":["post-5827","page","type-page","status-publish","hentry"],"acf":[],"yoast_head":"<!-- This site is optimized with the Yoast SEO Premium plugin v27.2 (Yoast SEO v27.2) - https:\/\/yoast.com\/product\/yoast-seo-premium-wordpress\/ -->\n<title>CAPTEURS\/\u00c9METTEURS DE TEMP\u00c9RATURE DE LIQUIDE DE REFROIDISSEMENT - MotoRad<\/title>\n<meta name=\"description\" content=\"MotoRad - CAPTEURS\/\u00c9METTEURS DE TEMP\u00c9RATURE DE LIQUIDE DE REFROIDISSEMENT\" \/>\n<meta name=\"robots\" content=\"index, follow, max-snippet:-1, max-image-preview:large, max-video-preview:-1\" \/>\n<link rel=\"canonical\" href=\"https:\/\/mx.motorad.com\/fr\/produits\/commandes-du-groupe-motopropulseur\/capteurs-emetteurs-de-temperature-du-liquide-de-refroidissement\/\" \/>\n<meta property=\"og:locale\" content=\"fr_FR\" \/>\n<meta property=\"og:type\" content=\"article\" \/>\n<meta property=\"og:title\" content=\"CAPTEURS\/\u00c9METTEURS DE TEMP\u00c9RATURE DE LIQUIDE DE REFROIDISSEMENT\" \/>\n<meta property=\"og:description\" content=\"MotoRad - CAPTEURS\/\u00c9METTEURS DE TEMP\u00c9RATURE DE LIQUIDE DE REFROIDISSEMENT\" \/>\n<meta property=\"og:url\" content=\"https:\/\/mx.motorad.com\/fr\/produits\/commandes-du-groupe-motopropulseur\/capteurs-emetteurs-de-temperature-du-liquide-de-refroidissement\/\" \/>\n<meta property=\"og:site_name\" content=\"MotoRad\" \/>\n<meta property=\"article:modified_time\" content=\"2026-03-17T12:47:30+00:00\" \/>\n<meta property=\"og:image\" content=\"https:\/\/mx.motorad.com\/wp-content\/uploads\/2025\/04\/1TS1001_Angle.jpg\" \/>\n\t<meta property=\"og:image:width\" content=\"500\" \/>\n\t<meta property=\"og:image:height\" content=\"500\" \/>\n\t<meta property=\"og:image:type\" content=\"image\/jpeg\" \/>\n<meta name=\"twitter:card\" content=\"summary_large_image\" \/>\n<meta name=\"twitter:label1\" content=\"Est. reading time\" \/>\n\t<meta name=\"twitter:data1\" content=\"1 minute\" \/>\n<script type=\"application\/ld+json\" class=\"yoast-schema-graph\">{\"@context\":\"https:\/\/schema.org\",\"@graph\":[{\"@type\":\"WebPage\",\"@id\":\"https:\/\/mx.motorad.com\/fr\/produits\/commandes-du-groupe-motopropulseur\/capteurs-emetteurs-de-temperature-du-liquide-de-refroidissement\/\",\"url\":\"https:\/\/mx.motorad.com\/fr\/produits\/commandes-du-groupe-motopropulseur\/capteurs-emetteurs-de-temperature-du-liquide-de-refroidissement\/\",\"name\":\"CAPTEURS\/\u00c9METTEURS DE TEMP\u00c9RATURE DE LIQUIDE DE REFROIDISSEMENT - MotoRad\",\"isPartOf\":{\"@id\":\"https:\/\/mx.motorad.com\/fr\/#website\"},\"primaryImageOfPage\":{\"@id\":\"https:\/\/mx.motorad.com\/fr\/produits\/commandes-du-groupe-motopropulseur\/capteurs-emetteurs-de-temperature-du-liquide-de-refroidissement\/#primaryimage\"},\"image\":{\"@id\":\"https:\/\/mx.motorad.com\/fr\/produits\/commandes-du-groupe-motopropulseur\/capteurs-emetteurs-de-temperature-du-liquide-de-refroidissement\/#primaryimage\"},\"thumbnailUrl\":\"https:\/\/mx.motorad.com\/wp-content\/uploads\/2025\/04\/1TS1001_Angle.jpg\",\"datePublished\":\"2025-04-03T18:03:14+00:00\",\"dateModified\":\"2026-03-17T12:47:30+00:00\",\"description\":\"MotoRad - CAPTEURS\/\u00c9METTEURS DE TEMP\u00c9RATURE DE LIQUIDE DE REFROIDISSEMENT\",\"breadcrumb\":{\"@id\":\"https:\/\/mx.motorad.com\/fr\/produits\/commandes-du-groupe-motopropulseur\/capteurs-emetteurs-de-temperature-du-liquide-de-refroidissement\/#breadcrumb\"},\"inLanguage\":\"fr-FR\",\"potentialAction\":[{\"@type\":\"ReadAction\",\"target\":[\"https:\/\/mx.motorad.com\/fr\/produits\/commandes-du-groupe-motopropulseur\/capteurs-emetteurs-de-temperature-du-liquide-de-refroidissement\/\"]}]},{\"@type\":\"ImageObject\",\"inLanguage\":\"fr-FR\",\"@id\":\"https:\/\/mx.motorad.com\/fr\/produits\/commandes-du-groupe-motopropulseur\/capteurs-emetteurs-de-temperature-du-liquide-de-refroidissement\/#primaryimage\",\"url\":\"https:\/\/mx.motorad.com\/wp-content\/uploads\/2025\/04\/1TS1001_Angle.jpg\",\"contentUrl\":\"https:\/\/mx.motorad.com\/wp-content\/uploads\/2025\/04\/1TS1001_Angle.jpg\"},{\"@type\":\"BreadcrumbList\",\"@id\":\"https:\/\/mx.motorad.com\/fr\/produits\/commandes-du-groupe-motopropulseur\/capteurs-emetteurs-de-temperature-du-liquide-de-refroidissement\/#breadcrumb\",\"itemListElement\":[{\"@type\":\"ListItem\",\"position\":1,\"name\":\"Home\",\"item\":\"https:\/\/mx.motorad.com\/fr\/\"},{\"@type\":\"ListItem\",\"position\":2,\"name\":\"Produits\",\"item\":\"https:\/\/motoradnew.test\/fr\/produits\/\"},{\"@type\":\"ListItem\",\"position\":3,\"name\":\"Commandes du groupe motopropulseur\",\"item\":\"https:\/\/mx.motorad.com\/fr\/produits\/commandes-du-groupe-motopropulseur\/\"},{\"@type\":\"ListItem\",\"position\":4,\"name\":\"CAPTEURS\/\u00c9METTEURS DE TEMP\u00c9RATURE DE LIQUIDE DE REFROIDISSEMENT\"}]},{\"@type\":\"WebSite\",\"@id\":\"https:\/\/mx.motorad.com\/fr\/#website\",\"url\":\"https:\/\/mx.motorad.com\/fr\/\",\"name\":\"MotoRad\",\"description\":\"Trusted to Deliver Better - Thermal Management, Emissions, Powertrain Controls\",\"potentialAction\":[{\"@type\":\"SearchAction\",\"target\":{\"@type\":\"EntryPoint\",\"urlTemplate\":\"https:\/\/mx.motorad.com\/fr\/?s={search_term_string}\"},\"query-input\":{\"@type\":\"PropertyValueSpecification\",\"valueRequired\":true,\"valueName\":\"search_term_string\"}}],\"inLanguage\":\"fr-FR\"}]}<\/script>\n<!-- \/ Yoast SEO Premium plugin. -->","yoast_head_json":{"title":"CAPTEURS\/\u00c9METTEURS DE TEMP\u00c9RATURE DE LIQUIDE DE REFROIDISSEMENT - MotoRad","description":"MotoRad - CAPTEURS\/\u00c9METTEURS DE TEMP\u00c9RATURE DE LIQUIDE DE REFROIDISSEMENT","robots":{"index":"index","follow":"follow","max-snippet":"max-snippet:-1","max-image-preview":"max-image-preview:large","max-video-preview":"max-video-preview:-1"},"canonical":"https:\/\/mx.motorad.com\/fr\/produits\/commandes-du-groupe-motopropulseur\/capteurs-emetteurs-de-temperature-du-liquide-de-refroidissement\/","og_locale":"fr_FR","og_type":"article","og_title":"CAPTEURS\/\u00c9METTEURS DE TEMP\u00c9RATURE DE LIQUIDE DE REFROIDISSEMENT","og_description":"MotoRad - CAPTEURS\/\u00c9METTEURS DE TEMP\u00c9RATURE DE LIQUIDE DE REFROIDISSEMENT","og_url":"https:\/\/mx.motorad.com\/fr\/produits\/commandes-du-groupe-motopropulseur\/capteurs-emetteurs-de-temperature-du-liquide-de-refroidissement\/","og_site_name":"MotoRad","article_modified_time":"2026-03-17T12:47:30+00:00","og_image":[{"width":500,"height":500,"url":"https:\/\/mx.motorad.com\/wp-content\/uploads\/2025\/04\/1TS1001_Angle.jpg","type":"image\/jpeg"}],"twitter_card":"summary_large_image","twitter_misc":{"Est. reading time":"1 minute"},"schema":{"@context":"https:\/\/schema.org","@graph":[{"@type":"WebPage","@id":"https:\/\/mx.motorad.com\/fr\/produits\/commandes-du-groupe-motopropulseur\/capteurs-emetteurs-de-temperature-du-liquide-de-refroidissement\/","url":"https:\/\/mx.motorad.com\/fr\/produits\/commandes-du-groupe-motopropulseur\/capteurs-emetteurs-de-temperature-du-liquide-de-refroidissement\/","name":"CAPTEURS\/\u00c9METTEURS DE TEMP\u00c9RATURE DE LIQUIDE DE REFROIDISSEMENT - MotoRad","isPartOf":{"@id":"https:\/\/mx.motorad.com\/fr\/#website"},"primaryImageOfPage":{"@id":"https:\/\/mx.motorad.com\/fr\/produits\/commandes-du-groupe-motopropulseur\/capteurs-emetteurs-de-temperature-du-liquide-de-refroidissement\/#primaryimage"},"image":{"@id":"https:\/\/mx.motorad.com\/fr\/produits\/commandes-du-groupe-motopropulseur\/capteurs-emetteurs-de-temperature-du-liquide-de-refroidissement\/#primaryimage"},"thumbnailUrl":"https:\/\/mx.motorad.com\/wp-content\/uploads\/2025\/04\/1TS1001_Angle.jpg","datePublished":"2025-04-03T18:03:14+00:00","dateModified":"2026-03-17T12:47:30+00:00","description":"MotoRad - CAPTEURS\/\u00c9METTEURS DE TEMP\u00c9RATURE DE LIQUIDE DE REFROIDISSEMENT","breadcrumb":{"@id":"https:\/\/mx.motorad.com\/fr\/produits\/commandes-du-groupe-motopropulseur\/capteurs-emetteurs-de-temperature-du-liquide-de-refroidissement\/#breadcrumb"},"inLanguage":"fr-FR","potentialAction":[{"@type":"ReadAction","target":["https:\/\/mx.motorad.com\/fr\/produits\/commandes-du-groupe-motopropulseur\/capteurs-emetteurs-de-temperature-du-liquide-de-refroidissement\/"]}]},{"@type":"ImageObject","inLanguage":"fr-FR","@id":"https:\/\/mx.motorad.com\/fr\/produits\/commandes-du-groupe-motopropulseur\/capteurs-emetteurs-de-temperature-du-liquide-de-refroidissement\/#primaryimage","url":"https:\/\/mx.motorad.com\/wp-content\/uploads\/2025\/04\/1TS1001_Angle.jpg","contentUrl":"https:\/\/mx.motorad.com\/wp-content\/uploads\/2025\/04\/1TS1001_Angle.jpg"},{"@type":"BreadcrumbList","@id":"https:\/\/mx.motorad.com\/fr\/produits\/commandes-du-groupe-motopropulseur\/capteurs-emetteurs-de-temperature-du-liquide-de-refroidissement\/#breadcrumb","itemListElement":[{"@type":"ListItem","position":1,"name":"Home","item":"https:\/\/mx.motorad.com\/fr\/"},{"@type":"ListItem","position":2,"name":"Produits","item":"https:\/\/motoradnew.test\/fr\/produits\/"},{"@type":"ListItem","position":3,"name":"Commandes du groupe motopropulseur","item":"https:\/\/mx.motorad.com\/fr\/produits\/commandes-du-groupe-motopropulseur\/"},{"@type":"ListItem","position":4,"name":"CAPTEURS\/\u00c9METTEURS DE TEMP\u00c9RATURE DE LIQUIDE DE REFROIDISSEMENT"}]},{"@type":"WebSite","@id":"https:\/\/mx.motorad.com\/fr\/#website","url":"https:\/\/mx.motorad.com\/fr\/","name":"MotoRad","description":"Trusted to Deliver Better - Thermal Management, Emissions, Powertrain Controls","potentialAction":[{"@type":"SearchAction","target":{"@type":"EntryPoint","urlTemplate":"https:\/\/mx.motorad.com\/fr\/?s={search_term_string}"},"query-input":{"@type":"PropertyValueSpecification","valueRequired":true,"valueName":"search_term_string"}}],"inLanguage":"fr-FR"}]}},"_links":{"self":[{"href":"https:\/\/mx.motorad.com\/fr\/wp-json\/wp\/v2\/pages\/5827","targetHints":{"allow":["GET"]}}],"collection":[{"href":"https:\/\/mx.motorad.com\/fr\/wp-json\/wp\/v2\/pages"}],"about":[{"href":"https:\/\/mx.motorad.com\/fr\/wp-json\/wp\/v2\/types\/page"}],"author":[{"embeddable":true,"href":"https:\/\/mx.motorad.com\/fr\/wp-json\/wp\/v2\/users\/1"}],"replies":[{"embeddable":true,"href":"https:\/\/mx.motorad.com\/fr\/wp-json\/wp\/v2\/comments?post=5827"}],"version-history":[{"count":3,"href":"https:\/\/mx.motorad.com\/fr\/wp-json\/wp\/v2\/pages\/5827\/revisions"}],"predecessor-version":[{"id":87595,"href":"https:\/\/mx.motorad.com\/fr\/wp-json\/wp\/v2\/pages\/5827\/revisions\/87595"}],"up":[{"embeddable":true,"href":"https:\/\/mx.motorad.com\/fr\/wp-json\/wp\/v2\/pages\/5867"}],"wp:attachment":[{"href":"https:\/\/mx.motorad.com\/fr\/wp-json\/wp\/v2\/media?parent=5827"}],"curies":[{"name":"wp","href":"https:\/\/api.w.org\/{rel}","templated":true}]}}