{"id":5872,"date":"2025-04-03T18:51:06","date_gmt":"2025-04-03T18:51:06","guid":{"rendered":"https:\/\/mx.motorad.com\/testeur-de-systeme-de-refroidissement\/"},"modified":"2025-06-13T12:48:48","modified_gmt":"2025-06-13T12:48:48","slug":"testeur-de-systeme-de-refroidissement","status":"publish","type":"page","link":"https:\/\/mx.motorad.com\/fr\/produits\/bouchons\/testeur-de-systeme-de-refroidissement\/","title":{"rendered":"TESTEUR DE SYST\u00c8ME DE REFROIDISSEMENT"},"content":{"rendered":"\n<h1 class=\"wp-block-heading\" id=\"h-coolant-system-tester\" style=\"margin-top:var(--wp--preset--spacing--60);margin-bottom:var(--wp--preset--spacing--60)\">TESTEUR DE SYST\u00c8ME DE REFROIDISSEMENT<\/h1>\n\n<p>Le testeur de pression du syst\u00e8me de refroidissement MotoRad MT-300 est le choix privil\u00e9gi\u00e9 des professionnels pour tester les syst\u00e8mes de refroidissement des v\u00e9hicules et les bouchons de liquide de refroidissement. Cet appareil garantit qu&rsquo;un syst\u00e8me de refroidissement automobile fonctionne \u00e0 la pression correcte pour une performance optimale. <\/p>\n\n<figure class=\"wp-block-embed is-type-video is-provider-youtube wp-block-embed-youtube wp-embed-aspect-16-9 wp-has-aspect-ratio\" style=\"margin-top:var(--wp--preset--spacing--60);margin-bottom:var(--wp--preset--spacing--60)\"><div class=\"wp-block-embed__wrapper\">\n<iframe loading=\"lazy\" title=\"Our NEW MT300 Coolant Pressure Tester\" width=\"500\" height=\"281\" src=\"https:\/\/www.youtube.com\/embed\/_CPOGjEApf0?feature=oembed\" frameborder=\"0\" allow=\"accelerometer; autoplay; clipboard-write; encrypted-media; gyroscope; picture-in-picture; web-share\" referrerpolicy=\"strict-origin-when-cross-origin\" allowfullscreen><\/iframe>\n<\/div><\/figure>\n\n<p>Fabriqu\u00e9 \u00e0 partir de mat\u00e9riaux de haute qualit\u00e9 pour assurer une durabilit\u00e9 \u00e0 vie. Con\u00e7u non seulement pour tester le syst\u00e8me, mais aussi les bouchons de liquide de refroidissement. Au fil du temps, les joints, les ressorts et les soupapes des bouchons de liquide de refroidissement peuvent s&rsquo;user, entra\u00eenant une perte de pression dans le syst\u00e8me. Le MT300 permet un diagnostic rapide des probl\u00e8mes du syst\u00e8me de refroidissement.   <\/p>\n\n<div class=\"wp-block-columns is-layout-flex wp-container-core-columns-is-layout-95393138 wp-block-columns-is-layout-flex\" style=\"margin-top:var(--wp--preset--spacing--60);margin-bottom:var(--wp--preset--spacing--60)\">\n<div class=\"wp-block-column is-layout-flow wp-block-column-is-layout-flow\">\n<figure class=\"wp-block-image size-full\"><img loading=\"lazy\" decoding=\"async\" width=\"1000\" height=\"1000\" src=\"https:\/\/mx.motorad.com\/wp-content\/uploads\/2025\/04\/MT300_FRONT2.jpg\" alt=\"\" class=\"wp-image-4499\" srcset=\"https:\/\/mx.motorad.com\/wp-content\/uploads\/2025\/04\/MT300_FRONT2.jpg 1000w, https:\/\/mx.motorad.com\/wp-content\/uploads\/2025\/04\/MT300_FRONT2-300x300.jpg 300w, https:\/\/mx.motorad.com\/wp-content\/uploads\/2025\/04\/MT300_FRONT2-150x150.jpg 150w, https:\/\/mx.motorad.com\/wp-content\/uploads\/2025\/04\/MT300_FRONT2-768x768.jpg 768w\" sizes=\"auto, (max-width: 1000px) 100vw, 1000px\" \/><\/figure>\n<\/div>\n\n\n\n<div class=\"wp-block-column is-layout-flow wp-block-column-is-layout-flow\">\n<figure class=\"wp-block-image size-full\"><img loading=\"lazy\" decoding=\"async\" width=\"1000\" height=\"1000\" src=\"https:\/\/mx.motorad.com\/wp-content\/uploads\/2025\/04\/MT300_3.jpg\" alt=\"\" class=\"wp-image-4492\" srcset=\"https:\/\/mx.motorad.com\/wp-content\/uploads\/2025\/04\/MT300_3.jpg 1000w, https:\/\/mx.motorad.com\/wp-content\/uploads\/2025\/04\/MT300_3-300x300.jpg 300w, https:\/\/mx.motorad.com\/wp-content\/uploads\/2025\/04\/MT300_3-150x150.jpg 150w, https:\/\/mx.motorad.com\/wp-content\/uploads\/2025\/04\/MT300_3-768x768.jpg 768w\" sizes=\"auto, (max-width: 1000px) 100vw, 1000px\" \/><\/figure>\n<\/div>\n\n\n\n<div class=\"wp-block-column is-layout-flow wp-block-column-is-layout-flow\">\n<figure class=\"wp-block-image size-full\"><img loading=\"lazy\" decoding=\"async\" width=\"1000\" height=\"1000\" src=\"https:\/\/mx.motorad.com\/wp-content\/uploads\/2025\/04\/MT300_2.jpg\" alt=\"\" class=\"wp-image-4485\" srcset=\"https:\/\/mx.motorad.com\/wp-content\/uploads\/2025\/04\/MT300_2.jpg 1000w, https:\/\/mx.motorad.com\/wp-content\/uploads\/2025\/04\/MT300_2-300x300.jpg 300w, https:\/\/mx.motorad.com\/wp-content\/uploads\/2025\/04\/MT300_2-150x150.jpg 150w, https:\/\/mx.motorad.com\/wp-content\/uploads\/2025\/04\/MT300_2-768x768.jpg 768w\" sizes=\"auto, (max-width: 1000px) 100vw, 1000px\" \/><\/figure>\n<\/div>\n\n\n\n<div class=\"wp-block-column is-layout-flow wp-block-column-is-layout-flow\">\n<figure class=\"wp-block-image size-full\"><img loading=\"lazy\" decoding=\"async\" width=\"300\" height=\"300\" src=\"https:\/\/mx.motorad.com\/wp-content\/uploads\/2025\/04\/MT300_1-300x300-1.jpg\" alt=\"\" class=\"wp-image-4478\" srcset=\"https:\/\/mx.motorad.com\/wp-content\/uploads\/2025\/04\/MT300_1-300x300-1.jpg 300w, https:\/\/mx.motorad.com\/wp-content\/uploads\/2025\/04\/MT300_1-300x300-1-150x150.jpg 150w\" sizes=\"auto, (max-width: 300px) 100vw, 300px\" \/><\/figure>\n<\/div>\n<\/div>\n\n<ul class=\"wp-block-list\">\n<li>Qualit\u00e9 professionnelle<\/li>\n\n\n\n<li>Fabriqu\u00e9 avec les mat\u00e9riaux de la plus haute qualit\u00e9 par un fournisseur d&rsquo;\u00e9quipement d&rsquo;origine<\/li>\n\n\n\n<li>Teste les syst\u00e8mes de refroidissement &amp; les bouchons de liquide de refroidissement<\/li>\n\n\n\n<li>Fournit un diagnostic rapide et pr\u00e9cis des probl\u00e8mes du syst\u00e8me de refroidissement<\/li>\n\n\n\n<li>Comprend les adaptateurs de radiateur et de bouchon les plus courants<\/li>\n\n\n\n<li>D&rsquo;autres kits d&rsquo;adaptateurs sont disponibles. Voir ci-dessous pour plus d&rsquo;informations <\/li>\n<\/ul>\n\n<figure class=\"wp-block-image size-full\" style=\"margin-top:var(--wp--preset--spacing--60);margin-bottom:var(--wp--preset--spacing--60)\"><img loading=\"lazy\" decoding=\"async\" width=\"1000\" height=\"1136\" src=\"https:\/\/mx.motorad.com\/wp-content\/uploads\/2025\/04\/Coolant-System-Tester-Adapaters.jpg\" alt=\"\" class=\"wp-image-4471\" srcset=\"https:\/\/mx.motorad.com\/wp-content\/uploads\/2025\/04\/Coolant-System-Tester-Adapaters.jpg 1000w, https:\/\/mx.motorad.com\/wp-content\/uploads\/2025\/04\/Coolant-System-Tester-Adapaters-264x300.jpg 264w, https:\/\/mx.motorad.com\/wp-content\/uploads\/2025\/04\/Coolant-System-Tester-Adapaters-901x1024.jpg 901w, https:\/\/mx.motorad.com\/wp-content\/uploads\/2025\/04\/Coolant-System-Tester-Adapaters-768x872.jpg 768w\" sizes=\"auto, (max-width: 1000px) 100vw, 1000px\" \/><\/figure>\n\n<div class=\"wp-block-buttons is-layout-flex wp-block-buttons-is-layout-flex\" style=\"margin-bottom:var(--wp--preset--spacing--70)\">\n<div class=\"wp-block-button\"><a class=\"wp-block-button__link wp-element-button\" href=\"https:\/\/mx.motorad.com\/products\/\">Trouver un testeur de syst\u00e8me de refroidissement<\/a><\/div>\n<\/div>\n\n<div class=\"wp-block-cover alignfull is-light\" style=\"padding-top:var(--wp--preset--spacing--60);padding-bottom:var(--wp--preset--spacing--60)\"><span aria-hidden=\"true\" class=\"wp-block-cover__background has-background-dim-0 has-background-dim\" style=\"background-color:#ece5d9\"><\/span><img loading=\"lazy\" decoding=\"async\" width=\"1505\" height=\"305\" class=\"wp-block-cover__image-background wp-image-223\" alt=\"\" src=\"https:\/\/mx.motorad.com\/wp-content\/uploads\/2025\/03\/FooterCTA.jpg\" data-object-fit=\"cover\" srcset=\"https:\/\/mx.motorad.com\/wp-content\/uploads\/2025\/03\/FooterCTA.jpg 1505w, https:\/\/mx.motorad.com\/wp-content\/uploads\/2025\/03\/FooterCTA-300x61.jpg 300w, https:\/\/mx.motorad.com\/wp-content\/uploads\/2025\/03\/FooterCTA-1024x208.jpg 1024w, https:\/\/mx.motorad.com\/wp-content\/uploads\/2025\/03\/FooterCTA-768x156.jpg 768w\" sizes=\"auto, (max-width: 1505px) 100vw, 1505px\" \/><div class=\"wp-block-cover__inner-container is-layout-flow wp-block-cover-is-layout-flow\">\n<div class=\"wp-block-columns are-vertically-aligned-center is-layout-flex wp-container-core-columns-is-layout-cbe57604 wp-block-columns-is-layout-flex\">\n<div class=\"wp-block-column is-vertically-aligned-center is-layout-flow wp-block-column-is-layout-flow\" style=\"flex-basis:45%\">\n<h2 class=\"wp-block-heading has-text-align-center has-palette-text-color has-text-color\" id=\"h-need-help-finding-the-right-product\" style=\"margin-bottom:var(--wp--preset--spacing--40)\">Vous avez besoin d&rsquo;aide pour trouver le bon produit ?<\/h2>\n\n\n\n<p class=\"has-text-align-center has-palette-text-color has-text-color\" style=\"margin-bottom:var(--wp--preset--spacing--50)\">Notre \u00e9quipe d\u00e9vou\u00e9e est l\u00e0 pour vous orienter dans la bonne direction. Cliquez ci-dessous et dites-nous comment nous pouvons vous aider \u00e0 trouver le produit id\u00e9al pour vos besoins. Votre voyage vers une meilleure exp\u00e9rience commence ici.  <\/p>\n\n\n\n<div class=\"wp-block-buttons is-content-justification-center is-layout-flex wp-container-core-buttons-is-layout-a89b3969 wp-block-buttons-is-layout-flex\">\n<div class=\"wp-block-button\"><a class=\"wp-block-button__link has-text-align-center wp-element-button\" href=\"https:\/\/mx.motorad.com\/contact\/need-help-finding-something\/\">Parlez \u00e0 un sp\u00e9cialiste MotoRad<\/a><\/div>\n<\/div>\n<\/div>\n\n\n\n<div class=\"wp-block-column is-layout-flow wp-block-column-is-layout-flow\" style=\"flex-basis:10%\"><\/div>\n\n\n\n<div class=\"wp-block-column is-layout-flow wp-block-column-is-layout-flow\" style=\"flex-basis:45%\">\n<h2 class=\"wp-block-heading has-text-align-center has-palette-text-color has-text-color\" id=\"h-looking-for-custom-development\" style=\"margin-bottom:var(--wp--preset--spacing--40)\">Vous cherchez un d\u00e9veloppement sur mesure ?<\/h2>\n\n\n\n<p class=\"has-text-align-center has-palette-text-color has-text-color\" style=\"margin-bottom:var(--wp--preset--spacing--50)\">Nous ne nous contentons pas de proposer des produits ; nous \u00e9laborons des solutions sur mesure qui r\u00e9pondent \u00e0 vos besoins. \u00cates-vous pr\u00eat \u00e0 donner vie \u00e0 votre nouveau projet ? Cliquez ci-dessous, et embarquons ensemble pour le d\u00e9veloppement de produits sur mesure.  <\/p>\n\n\n\n<div class=\"wp-block-buttons is-content-justification-center is-layout-flex wp-container-core-buttons-is-layout-a89b3969 wp-block-buttons-is-layout-flex\">\n<div class=\"wp-block-button is-style-fill\"><a class=\"wp-block-button__link has-palette-bg-color has-palette-text-background-color has-text-color has-background has-text-align-center wp-element-button\" href=\"https:\/\/mx.motorad.com\/contact\/do-you-need-custom-development\/\">Nous voulons \u00eatre votre fournisseur<\/a><\/div>\n<\/div>\n<\/div>\n<\/div>\n<\/div><\/div>\n","protected":false},"excerpt":{"rendered":"<p>TESTEUR DE SYST\u00c8ME DE REFROIDISSEMENT Le testeur de pression du syst\u00e8me de refroidissement MotoRad MT-300 est le choix privil\u00e9gi\u00e9 des [&#8230;]<\/p>\n","protected":false},"author":1,"featured_media":0,"parent":5900,"menu_order":0,"comment_status":"closed","ping_status":"closed","template":"","meta":{"_acf_changed":false,"footnotes":""},"class_list":["post-5872","page","type-page","status-publish","hentry"],"acf":[],"yoast_head":"<!-- This site is optimized with the Yoast SEO Premium plugin v27.2 (Yoast SEO v27.2) - https:\/\/yoast.com\/product\/yoast-seo-premium-wordpress\/ -->\n<title>TESTEUR DE SYST\u00c8ME DE REFROIDISSEMENT - MotoRad<\/title>\n<meta name=\"description\" content=\"MotoRad - TESTEUR DE SYST\u00c8ME DE REFROIDISSEMENT\" \/>\n<meta name=\"robots\" content=\"index, follow, max-snippet:-1, max-image-preview:large, max-video-preview:-1\" \/>\n<link rel=\"canonical\" href=\"https:\/\/mx.motorad.com\/fr\/produits\/bouchons\/testeur-de-systeme-de-refroidissement\/\" \/>\n<meta property=\"og:locale\" content=\"fr_FR\" \/>\n<meta property=\"og:type\" content=\"article\" \/>\n<meta property=\"og:title\" content=\"TESTEUR DE SYST\u00c8ME DE REFROIDISSEMENT\" \/>\n<meta property=\"og:description\" content=\"MotoRad - TESTEUR DE SYST\u00c8ME DE REFROIDISSEMENT\" \/>\n<meta property=\"og:url\" content=\"https:\/\/mx.motorad.com\/fr\/produits\/bouchons\/testeur-de-systeme-de-refroidissement\/\" \/>\n<meta property=\"og:site_name\" content=\"MotoRad\" \/>\n<meta property=\"article:modified_time\" content=\"2025-06-13T12:48:48+00:00\" \/>\n<meta property=\"og:image\" content=\"https:\/\/mx.motorad.com\/wp-content\/uploads\/2025\/04\/MT300_FRONT2.jpg\" \/>\n\t<meta property=\"og:image:width\" content=\"1000\" \/>\n\t<meta property=\"og:image:height\" content=\"1000\" \/>\n\t<meta property=\"og:image:type\" content=\"image\/jpeg\" \/>\n<meta name=\"twitter:card\" content=\"summary_large_image\" \/>\n<meta name=\"twitter:label1\" content=\"Est. reading time\" \/>\n\t<meta name=\"twitter:data1\" content=\"1 minute\" \/>\n<script type=\"application\/ld+json\" class=\"yoast-schema-graph\">{\"@context\":\"https:\/\/schema.org\",\"@graph\":[{\"@type\":\"WebPage\",\"@id\":\"https:\/\/mx.motorad.com\/fr\/produits\/bouchons\/testeur-de-systeme-de-refroidissement\/\",\"url\":\"https:\/\/mx.motorad.com\/fr\/produits\/bouchons\/testeur-de-systeme-de-refroidissement\/\",\"name\":\"TESTEUR DE SYST\u00c8ME DE REFROIDISSEMENT - MotoRad\",\"isPartOf\":{\"@id\":\"https:\/\/mx.motorad.com\/fr\/#website\"},\"primaryImageOfPage\":{\"@id\":\"https:\/\/mx.motorad.com\/fr\/produits\/bouchons\/testeur-de-systeme-de-refroidissement\/#primaryimage\"},\"image\":{\"@id\":\"https:\/\/mx.motorad.com\/fr\/produits\/bouchons\/testeur-de-systeme-de-refroidissement\/#primaryimage\"},\"thumbnailUrl\":\"https:\/\/mx.motorad.com\/wp-content\/uploads\/2025\/04\/MT300_FRONT2.jpg\",\"datePublished\":\"2025-04-03T18:51:06+00:00\",\"dateModified\":\"2025-06-13T12:48:48+00:00\",\"description\":\"MotoRad - TESTEUR DE SYST\u00c8ME DE REFROIDISSEMENT\",\"breadcrumb\":{\"@id\":\"https:\/\/mx.motorad.com\/fr\/produits\/bouchons\/testeur-de-systeme-de-refroidissement\/#breadcrumb\"},\"inLanguage\":\"fr-FR\",\"potentialAction\":[{\"@type\":\"ReadAction\",\"target\":[\"https:\/\/mx.motorad.com\/fr\/produits\/bouchons\/testeur-de-systeme-de-refroidissement\/\"]}]},{\"@type\":\"ImageObject\",\"inLanguage\":\"fr-FR\",\"@id\":\"https:\/\/mx.motorad.com\/fr\/produits\/bouchons\/testeur-de-systeme-de-refroidissement\/#primaryimage\",\"url\":\"https:\/\/mx.motorad.com\/wp-content\/uploads\/2025\/04\/MT300_FRONT2.jpg\",\"contentUrl\":\"https:\/\/mx.motorad.com\/wp-content\/uploads\/2025\/04\/MT300_FRONT2.jpg\"},{\"@type\":\"BreadcrumbList\",\"@id\":\"https:\/\/mx.motorad.com\/fr\/produits\/bouchons\/testeur-de-systeme-de-refroidissement\/#breadcrumb\",\"itemListElement\":[{\"@type\":\"ListItem\",\"position\":1,\"name\":\"Home\",\"item\":\"https:\/\/mx.motorad.com\/fr\/\"},{\"@type\":\"ListItem\",\"position\":2,\"name\":\"Produits\",\"item\":\"https:\/\/motoradnew.test\/fr\/produits\/\"},{\"@type\":\"ListItem\",\"position\":3,\"name\":\"Bouchons\",\"item\":\"https:\/\/motoradnew.test\/fr\/produits\/bouchons\/\"},{\"@type\":\"ListItem\",\"position\":4,\"name\":\"TESTEUR DE SYST\u00c8ME DE REFROIDISSEMENT\"}]},{\"@type\":\"WebSite\",\"@id\":\"https:\/\/mx.motorad.com\/fr\/#website\",\"url\":\"https:\/\/mx.motorad.com\/fr\/\",\"name\":\"MotoRad\",\"description\":\"Trusted to Deliver Better - Thermal Management, Emissions, Powertrain Controls\",\"potentialAction\":[{\"@type\":\"SearchAction\",\"target\":{\"@type\":\"EntryPoint\",\"urlTemplate\":\"https:\/\/mx.motorad.com\/fr\/?s={search_term_string}\"},\"query-input\":{\"@type\":\"PropertyValueSpecification\",\"valueRequired\":true,\"valueName\":\"search_term_string\"}}],\"inLanguage\":\"fr-FR\"}]}<\/script>\n<!-- \/ Yoast SEO Premium plugin. -->","yoast_head_json":{"title":"TESTEUR DE SYST\u00c8ME DE REFROIDISSEMENT - MotoRad","description":"MotoRad - TESTEUR DE SYST\u00c8ME DE REFROIDISSEMENT","robots":{"index":"index","follow":"follow","max-snippet":"max-snippet:-1","max-image-preview":"max-image-preview:large","max-video-preview":"max-video-preview:-1"},"canonical":"https:\/\/mx.motorad.com\/fr\/produits\/bouchons\/testeur-de-systeme-de-refroidissement\/","og_locale":"fr_FR","og_type":"article","og_title":"TESTEUR DE SYST\u00c8ME DE REFROIDISSEMENT","og_description":"MotoRad - TESTEUR DE SYST\u00c8ME DE REFROIDISSEMENT","og_url":"https:\/\/mx.motorad.com\/fr\/produits\/bouchons\/testeur-de-systeme-de-refroidissement\/","og_site_name":"MotoRad","article_modified_time":"2025-06-13T12:48:48+00:00","og_image":[{"width":1000,"height":1000,"url":"https:\/\/mx.motorad.com\/wp-content\/uploads\/2025\/04\/MT300_FRONT2.jpg","type":"image\/jpeg"}],"twitter_card":"summary_large_image","twitter_misc":{"Est. reading time":"1 minute"},"schema":{"@context":"https:\/\/schema.org","@graph":[{"@type":"WebPage","@id":"https:\/\/mx.motorad.com\/fr\/produits\/bouchons\/testeur-de-systeme-de-refroidissement\/","url":"https:\/\/mx.motorad.com\/fr\/produits\/bouchons\/testeur-de-systeme-de-refroidissement\/","name":"TESTEUR DE SYST\u00c8ME DE REFROIDISSEMENT - MotoRad","isPartOf":{"@id":"https:\/\/mx.motorad.com\/fr\/#website"},"primaryImageOfPage":{"@id":"https:\/\/mx.motorad.com\/fr\/produits\/bouchons\/testeur-de-systeme-de-refroidissement\/#primaryimage"},"image":{"@id":"https:\/\/mx.motorad.com\/fr\/produits\/bouchons\/testeur-de-systeme-de-refroidissement\/#primaryimage"},"thumbnailUrl":"https:\/\/mx.motorad.com\/wp-content\/uploads\/2025\/04\/MT300_FRONT2.jpg","datePublished":"2025-04-03T18:51:06+00:00","dateModified":"2025-06-13T12:48:48+00:00","description":"MotoRad - TESTEUR DE SYST\u00c8ME DE REFROIDISSEMENT","breadcrumb":{"@id":"https:\/\/mx.motorad.com\/fr\/produits\/bouchons\/testeur-de-systeme-de-refroidissement\/#breadcrumb"},"inLanguage":"fr-FR","potentialAction":[{"@type":"ReadAction","target":["https:\/\/mx.motorad.com\/fr\/produits\/bouchons\/testeur-de-systeme-de-refroidissement\/"]}]},{"@type":"ImageObject","inLanguage":"fr-FR","@id":"https:\/\/mx.motorad.com\/fr\/produits\/bouchons\/testeur-de-systeme-de-refroidissement\/#primaryimage","url":"https:\/\/mx.motorad.com\/wp-content\/uploads\/2025\/04\/MT300_FRONT2.jpg","contentUrl":"https:\/\/mx.motorad.com\/wp-content\/uploads\/2025\/04\/MT300_FRONT2.jpg"},{"@type":"BreadcrumbList","@id":"https:\/\/mx.motorad.com\/fr\/produits\/bouchons\/testeur-de-systeme-de-refroidissement\/#breadcrumb","itemListElement":[{"@type":"ListItem","position":1,"name":"Home","item":"https:\/\/mx.motorad.com\/fr\/"},{"@type":"ListItem","position":2,"name":"Produits","item":"https:\/\/motoradnew.test\/fr\/produits\/"},{"@type":"ListItem","position":3,"name":"Bouchons","item":"https:\/\/motoradnew.test\/fr\/produits\/bouchons\/"},{"@type":"ListItem","position":4,"name":"TESTEUR DE SYST\u00c8ME DE REFROIDISSEMENT"}]},{"@type":"WebSite","@id":"https:\/\/mx.motorad.com\/fr\/#website","url":"https:\/\/mx.motorad.com\/fr\/","name":"MotoRad","description":"Trusted to Deliver Better - Thermal Management, Emissions, Powertrain Controls","potentialAction":[{"@type":"SearchAction","target":{"@type":"EntryPoint","urlTemplate":"https:\/\/mx.motorad.com\/fr\/?s={search_term_string}"},"query-input":{"@type":"PropertyValueSpecification","valueRequired":true,"valueName":"search_term_string"}}],"inLanguage":"fr-FR"}]}},"_links":{"self":[{"href":"https:\/\/mx.motorad.com\/fr\/wp-json\/wp\/v2\/pages\/5872","targetHints":{"allow":["GET"]}}],"collection":[{"href":"https:\/\/mx.motorad.com\/fr\/wp-json\/wp\/v2\/pages"}],"about":[{"href":"https:\/\/mx.motorad.com\/fr\/wp-json\/wp\/v2\/types\/page"}],"author":[{"embeddable":true,"href":"https:\/\/mx.motorad.com\/fr\/wp-json\/wp\/v2\/users\/1"}],"replies":[{"embeddable":true,"href":"https:\/\/mx.motorad.com\/fr\/wp-json\/wp\/v2\/comments?post=5872"}],"version-history":[{"count":1,"href":"https:\/\/mx.motorad.com\/fr\/wp-json\/wp\/v2\/pages\/5872\/revisions"}],"predecessor-version":[{"id":5875,"href":"https:\/\/mx.motorad.com\/fr\/wp-json\/wp\/v2\/pages\/5872\/revisions\/5875"}],"up":[{"embeddable":true,"href":"https:\/\/mx.motorad.com\/fr\/wp-json\/wp\/v2\/pages\/5900"}],"wp:attachment":[{"href":"https:\/\/mx.motorad.com\/fr\/wp-json\/wp\/v2\/media?parent=5872"}],"curies":[{"name":"wp","href":"https:\/\/api.w.org\/{rel}","templated":true}]}}