{"id":5945,"date":"2025-04-04T12:45:04","date_gmt":"2025-04-04T12:45:04","guid":{"rendered":"https:\/\/mx.motorad.com\/systeme-evap\/pompes-de-detection-de-fuites\/"},"modified":"2026-03-17T14:37:51","modified_gmt":"2026-03-17T14:37:51","slug":"pompes-de-detection-de-fuites","status":"publish","type":"page","link":"https:\/\/mx.motorad.com\/fr\/produits\/systeme-evap\/pompes-de-detection-de-fuites\/","title":{"rendered":"Pompes de d\u00e9tection de fuites"},"content":{"rendered":"<h1 style=\"margin-top:var(--wp--preset--spacing--60);margin-bottom:var(--wp--preset--spacing--60);\" class=\"wp-block-post-title\">Pompes de d\u00e9tection de fuites<\/h1>\n<div class=\"wp-block-columns is-layout-flex wp-container-core-columns-is-layout-9a01b68c wp-block-columns-is-layout-flex\">\n<div class=\"wp-block-column is-layout-flow wp-block-column-is-layout-flow\" style=\"flex-basis:33.33%\">\n<figure class=\"wp-block-image size-full\"><img loading=\"lazy\" decoding=\"async\" width=\"1536\" height=\"1536\" src=\"https:\/\/mx.motorad.com\/wp-content\/uploads\/2025\/04\/EVP0227_Angle-scaled-1-1536x1536-1.jpg\" alt=\"\" class=\"wp-image-4558\" srcset=\"https:\/\/mx.motorad.com\/wp-content\/uploads\/2025\/04\/EVP0227_Angle-scaled-1-1536x1536-1.jpg 1536w, https:\/\/mx.motorad.com\/wp-content\/uploads\/2025\/04\/EVP0227_Angle-scaled-1-1536x1536-1-300x300.jpg 300w, https:\/\/mx.motorad.com\/wp-content\/uploads\/2025\/04\/EVP0227_Angle-scaled-1-1536x1536-1-1024x1024.jpg 1024w, https:\/\/mx.motorad.com\/wp-content\/uploads\/2025\/04\/EVP0227_Angle-scaled-1-1536x1536-1-150x150.jpg 150w, https:\/\/mx.motorad.com\/wp-content\/uploads\/2025\/04\/EVP0227_Angle-scaled-1-1536x1536-1-768x768.jpg 768w\" sizes=\"auto, (max-width: 1536px) 100vw, 1536px\" \/><\/figure>\n<\/div>\n\n\n\n<div class=\"wp-block-column is-layout-flow wp-block-column-is-layout-flow\" style=\"flex-basis:66.66%\">\n<p style=\"margin-bottom:var(--wp--preset--spacing--30)\">La pompe de d\u00e9tection de fuites est un composant essentiel du syst\u00e8me de contr\u00f4le des \u00e9missions par \u00e9vaporation (EVAP) d\u2019un v\u00e9hicule, charg\u00e9e d\u2019identifier et de signaler les fuites de vapeur de carburant. En mettant le syst\u00e8me EVAP sous pression et en surveillant toute baisse, la pompe de d\u00e9tection de fuites contribue \u00e0 garantir que les vapeurs de carburant restent confin\u00e9es et sont achemin\u00e9es vers le moteur pour la combustion au lieu de s\u2019\u00e9chapper dans l\u2019atmosph\u00e8re. Ce processus est essentiel non seulement pour le maintien des normes d\u2019\u00e9missions, mais aussi pour la protection de l\u2019environnement en r\u00e9duisant la pollution.  <\/p>\n\n\n\n<p style=\"margin-bottom:var(--wp--preset--spacing--30)\">Une pompe de d\u00e9tection de fuites de remplacement de haute qualit\u00e9 est cruciale pour la performance globale et l\u2019impact environnemental du v\u00e9hicule. Les pompes de qualit\u00e9 inf\u00e9rieure peuvent ne pas d\u00e9tecter pr\u00e9cis\u00e9ment les fuites de vapeur, entra\u00eenant des \u00e9missions non contenues et potentiellement l\u2019activation de voyants d\u2019avertissement sur le tableau de bord. Investir dans une pompe bien con\u00e7ue et durable garantit que le v\u00e9hicule maintient sa conformit\u00e9 aux \u00e9missions, contribue \u00e0 am\u00e9liorer l\u2019efficacit\u00e9 \u00e9nerg\u00e9tique et r\u00e9duit l\u2019usure inutile des composants du syst\u00e8me EVAP. Opter pour une pompe de remplacement haut de gamme soutient la protection de l\u2019environnement, optimise la fonctionnalit\u00e9 du syst\u00e8me et assure le bon fonctionnement du v\u00e9hicule.   <\/p>\n<\/div>\n<\/div>\n\n<ul style=\"margin-top:var(--wp--preset--spacing--60);margin-bottom:var(--wp--preset--spacing--60)\" class=\"wp-block-list\">\n<li style=\"margin-bottom:var(--wp--preset--spacing--30)\">La pompe joue un r\u00f4le essentiel dans l\u2019identification des fuites du syst\u00e8me EVAP, emp\u00eachant les vapeurs de carburant nocives de s\u2019\u00e9chapper dans l\u2019atmosph\u00e8re<\/li>\n\n\n\n<li style=\"margin-bottom:var(--wp--preset--spacing--30)\">Con\u00e7ue pour cr\u00e9er un vide pr\u00e9cis, assurant une identification exacte des fuites pour une performance am\u00e9lior\u00e9e du v\u00e9hicule<\/li>\n\n\n\n<li>\u00c9quip\u00e9e de capteurs int\u00e9gr\u00e9s qui surveillent en permanence les niveaux de pression, permettant une d\u00e9tection imm\u00e9diate de toute fuite ou dysfonctionnement<\/li>\n<\/ul>\n\n<hr class=\"wp-block-separator has-text-color has-palette-brand-3-color has-alpha-channel-opacity has-palette-brand-3-background-color has-background is-style-wide\" style=\"margin-top:var(--wp--preset--spacing--60);margin-bottom:var(--wp--preset--spacing--60)\"\/>\n\n<div class=\"wp-block-columns are-vertically-aligned-center is-layout-flex wp-container-core-columns-is-layout-f5a44f5b wp-block-columns-is-layout-flex\">\n<div class=\"wp-block-column is-vertically-aligned-center is-layout-flow wp-block-column-is-layout-flow\" style=\"flex-basis:33.33%\">\n<figure class=\"wp-block-image size-full\"><img loading=\"lazy\" decoding=\"async\" width=\"1200\" height=\"498\" src=\"https:\/\/mx.motorad.com\/wp-content\/uploads\/2025\/04\/24-evap-icon-1.jpg\" alt=\"\" class=\"wp-image-4518\" srcset=\"https:\/\/mx.motorad.com\/wp-content\/uploads\/2025\/04\/24-evap-icon-1.jpg 1200w, https:\/\/mx.motorad.com\/wp-content\/uploads\/2025\/04\/24-evap-icon-1-300x125.jpg 300w, https:\/\/mx.motorad.com\/wp-content\/uploads\/2025\/04\/24-evap-icon-1-1024x425.jpg 1024w, https:\/\/mx.motorad.com\/wp-content\/uploads\/2025\/04\/24-evap-icon-1-768x319.jpg 768w\" sizes=\"auto, (max-width: 1200px) 100vw, 1200px\" \/><\/figure>\n<\/div>\n\n\n\n<div class=\"wp-block-column is-vertically-aligned-center is-layout-flow wp-block-column-is-layout-flow\" style=\"flex-basis:66.66%\">\n<h2 class=\"wp-block-heading\" id=\"h-see-the-full-line-of-evap-system-products\"><a href=\"https:\/\/mx.motorad.com\/fr\/produits\/systeme-evap\/\">See the full line of EVAP System Products<\/a><\/h2>\n<\/div>\n<\/div>\n\n<div class=\"wp-block-cover alignfull is-light\" style=\"padding-top:var(--wp--preset--spacing--60);padding-bottom:var(--wp--preset--spacing--60)\"><span aria-hidden=\"true\" class=\"wp-block-cover__background has-background-dim-0 has-background-dim\" style=\"background-color:#ece5d9\"><\/span><img loading=\"lazy\" decoding=\"async\" width=\"1505\" height=\"305\" class=\"wp-block-cover__image-background wp-image-223\" alt=\"\" src=\"https:\/\/mx.motorad.com\/wp-content\/uploads\/2025\/03\/FooterCTA.jpg\" data-object-fit=\"cover\" srcset=\"https:\/\/mx.motorad.com\/wp-content\/uploads\/2025\/03\/FooterCTA.jpg 1505w, https:\/\/mx.motorad.com\/wp-content\/uploads\/2025\/03\/FooterCTA-300x61.jpg 300w, https:\/\/mx.motorad.com\/wp-content\/uploads\/2025\/03\/FooterCTA-1024x208.jpg 1024w, https:\/\/mx.motorad.com\/wp-content\/uploads\/2025\/03\/FooterCTA-768x156.jpg 768w\" sizes=\"auto, (max-width: 1505px) 100vw, 1505px\" \/><div class=\"wp-block-cover__inner-container is-layout-flow wp-block-cover-is-layout-flow\">\n<div class=\"wp-block-columns are-vertically-aligned-center is-layout-flex wp-container-core-columns-is-layout-cbe57604 wp-block-columns-is-layout-flex\">\n<div class=\"wp-block-column is-vertically-aligned-center is-layout-flow wp-block-column-is-layout-flow\" style=\"flex-basis:45%\">\n<h2 class=\"wp-block-heading has-text-align-center has-palette-text-color has-text-color\" id=\"h-need-help-finding-the-right-product\" style=\"margin-bottom:var(--wp--preset--spacing--40)\">Vous avez besoin d&rsquo;aide pour trouver le bon produit ?<\/h2>\n\n\n\n<p class=\"has-text-align-center has-palette-text-color has-text-color\" style=\"margin-bottom:var(--wp--preset--spacing--50)\">Notre \u00e9quipe d\u00e9vou\u00e9e est l\u00e0 pour vous orienter dans la bonne direction. Cliquez ci-dessous et dites-nous comment nous pouvons vous aider \u00e0 trouver le produit id\u00e9al pour vos besoins. Votre voyage vers une meilleure exp\u00e9rience commence ici.  <\/p>\n\n\n\n<div class=\"wp-block-buttons is-content-justification-center is-layout-flex wp-container-core-buttons-is-layout-a89b3969 wp-block-buttons-is-layout-flex\">\n<div class=\"wp-block-button\"><a class=\"wp-block-button__link has-text-align-center wp-element-button\" href=\"https:\/\/mx.motorad.com\/contact\/need-help-finding-something\/\">Parlez \u00e0 un sp\u00e9cialiste MotoRad<\/a><\/div>\n<\/div>\n<\/div>\n\n\n\n<div class=\"wp-block-column is-layout-flow wp-block-column-is-layout-flow\" style=\"flex-basis:10%\"><\/div>\n\n\n\n<div class=\"wp-block-column is-layout-flow wp-block-column-is-layout-flow\" style=\"flex-basis:45%\">\n<h2 class=\"wp-block-heading has-text-align-center has-palette-text-color has-text-color\" id=\"h-looking-for-custom-development\" style=\"margin-bottom:var(--wp--preset--spacing--40)\">Vous cherchez un d\u00e9veloppement sur mesure ?<\/h2>\n\n\n\n<p class=\"has-text-align-center has-palette-text-color has-text-color\" style=\"margin-bottom:var(--wp--preset--spacing--50)\">Nous ne nous contentons pas de proposer des produits ; nous \u00e9laborons des solutions sur mesure qui r\u00e9pondent \u00e0 vos besoins. \u00cates-vous pr\u00eat \u00e0 donner vie \u00e0 votre nouveau projet ? Cliquez ci-dessous, et embarquons ensemble pour le d\u00e9veloppement de produits sur mesure.  <\/p>\n\n\n\n<div class=\"wp-block-buttons is-content-justification-center is-layout-flex wp-container-core-buttons-is-layout-a89b3969 wp-block-buttons-is-layout-flex\">\n<div class=\"wp-block-button is-style-fill\"><a class=\"wp-block-button__link has-palette-bg-color has-palette-text-background-color has-text-color has-background has-text-align-center wp-element-button\" href=\"https:\/\/mx.motorad.com\/contact\/do-you-need-custom-development\/\">Nous voulons \u00eatre votre fournisseur<\/a><\/div>\n<\/div>\n<\/div>\n<\/div>\n<\/div><\/div>\n","protected":false},"excerpt":{"rendered":"<p>La pompe de d\u00e9tection de fuites est un composant essentiel du syst\u00e8me de contr\u00f4le des \u00e9missions par \u00e9vaporation (EVAP) d\u2019un [&#8230;]<\/p>\n","protected":false},"author":1,"featured_media":0,"parent":5837,"menu_order":0,"comment_status":"closed","ping_status":"closed","template":"","meta":{"_acf_changed":false,"footnotes":""},"class_list":["post-5945","page","type-page","status-publish","hentry"],"acf":[],"yoast_head":"<!-- This site is optimized with the Yoast SEO Premium plugin v27.2 (Yoast SEO v27.2) - https:\/\/yoast.com\/product\/yoast-seo-premium-wordpress\/ -->\n<title>Pompes de d\u00e9tection de fuites - MotoRad<\/title>\n<meta name=\"description\" content=\"MotoRad - Pompes de d\u00e9tection de fuites\" \/>\n<meta name=\"robots\" content=\"index, follow, max-snippet:-1, max-image-preview:large, max-video-preview:-1\" \/>\n<link rel=\"canonical\" href=\"https:\/\/mx.motorad.com\/fr\/produits\/systeme-evap\/pompes-de-detection-de-fuites\/\" \/>\n<meta property=\"og:locale\" content=\"fr_FR\" \/>\n<meta property=\"og:type\" content=\"article\" \/>\n<meta property=\"og:title\" content=\"Pompes de d\u00e9tection de fuites\" \/>\n<meta property=\"og:description\" content=\"MotoRad - Pompes de d\u00e9tection de fuites\" \/>\n<meta property=\"og:url\" content=\"https:\/\/mx.motorad.com\/fr\/produits\/systeme-evap\/pompes-de-detection-de-fuites\/\" \/>\n<meta property=\"og:site_name\" content=\"MotoRad\" \/>\n<meta property=\"article:modified_time\" content=\"2026-03-17T14:37:51+00:00\" \/>\n<meta property=\"og:image\" content=\"https:\/\/mx.motorad.com\/wp-content\/uploads\/2025\/04\/EVP0227_Angle-scaled-1-1536x1536-1.jpg\" \/>\n\t<meta property=\"og:image:width\" content=\"1536\" \/>\n\t<meta property=\"og:image:height\" content=\"1536\" \/>\n\t<meta property=\"og:image:type\" content=\"image\/jpeg\" \/>\n<meta name=\"twitter:card\" content=\"summary_large_image\" \/>\n<meta name=\"twitter:label1\" content=\"Est. reading time\" \/>\n\t<meta name=\"twitter:data1\" content=\"2 minutes\" \/>\n<script type=\"application\/ld+json\" class=\"yoast-schema-graph\">{\"@context\":\"https:\/\/schema.org\",\"@graph\":[{\"@type\":\"WebPage\",\"@id\":\"https:\/\/mx.motorad.com\/fr\/produits\/systeme-evap\/pompes-de-detection-de-fuites\/\",\"url\":\"https:\/\/mx.motorad.com\/fr\/produits\/systeme-evap\/pompes-de-detection-de-fuites\/\",\"name\":\"Pompes de d\u00e9tection de fuites - MotoRad\",\"isPartOf\":{\"@id\":\"https:\/\/mx.motorad.com\/fr\/#website\"},\"primaryImageOfPage\":{\"@id\":\"https:\/\/mx.motorad.com\/fr\/produits\/systeme-evap\/pompes-de-detection-de-fuites\/#primaryimage\"},\"image\":{\"@id\":\"https:\/\/mx.motorad.com\/fr\/produits\/systeme-evap\/pompes-de-detection-de-fuites\/#primaryimage\"},\"thumbnailUrl\":\"https:\/\/mx.motorad.com\/wp-content\/uploads\/2025\/04\/EVP0227_Angle-scaled-1-1536x1536-1.jpg\",\"datePublished\":\"2025-04-04T12:45:04+00:00\",\"dateModified\":\"2026-03-17T14:37:51+00:00\",\"description\":\"MotoRad - Pompes de d\u00e9tection de fuites\",\"breadcrumb\":{\"@id\":\"https:\/\/mx.motorad.com\/fr\/produits\/systeme-evap\/pompes-de-detection-de-fuites\/#breadcrumb\"},\"inLanguage\":\"fr-FR\",\"potentialAction\":[{\"@type\":\"ReadAction\",\"target\":[\"https:\/\/mx.motorad.com\/fr\/produits\/systeme-evap\/pompes-de-detection-de-fuites\/\"]}]},{\"@type\":\"ImageObject\",\"inLanguage\":\"fr-FR\",\"@id\":\"https:\/\/mx.motorad.com\/fr\/produits\/systeme-evap\/pompes-de-detection-de-fuites\/#primaryimage\",\"url\":\"https:\/\/mx.motorad.com\/wp-content\/uploads\/2025\/04\/EVP0227_Angle-scaled-1-1536x1536-1.jpg\",\"contentUrl\":\"https:\/\/mx.motorad.com\/wp-content\/uploads\/2025\/04\/EVP0227_Angle-scaled-1-1536x1536-1.jpg\"},{\"@type\":\"BreadcrumbList\",\"@id\":\"https:\/\/mx.motorad.com\/fr\/produits\/systeme-evap\/pompes-de-detection-de-fuites\/#breadcrumb\",\"itemListElement\":[{\"@type\":\"ListItem\",\"position\":1,\"name\":\"Home\",\"item\":\"https:\/\/mx.motorad.com\/fr\/\"},{\"@type\":\"ListItem\",\"position\":2,\"name\":\"Produits\",\"item\":\"https:\/\/motoradnew.test\/fr\/produits\/\"},{\"@type\":\"ListItem\",\"position\":3,\"name\":\"Syst\u00e8me EVAP\",\"item\":\"https:\/\/mx.motorad.com\/fr\/produits\/systeme-evap\/\"},{\"@type\":\"ListItem\",\"position\":4,\"name\":\"Pompes de d\u00e9tection de fuites\"}]},{\"@type\":\"WebSite\",\"@id\":\"https:\/\/mx.motorad.com\/fr\/#website\",\"url\":\"https:\/\/mx.motorad.com\/fr\/\",\"name\":\"MotoRad\",\"description\":\"Trusted to Deliver Better - Thermal Management, Emissions, Powertrain Controls\",\"potentialAction\":[{\"@type\":\"SearchAction\",\"target\":{\"@type\":\"EntryPoint\",\"urlTemplate\":\"https:\/\/mx.motorad.com\/fr\/?s={search_term_string}\"},\"query-input\":{\"@type\":\"PropertyValueSpecification\",\"valueRequired\":true,\"valueName\":\"search_term_string\"}}],\"inLanguage\":\"fr-FR\"}]}<\/script>\n<!-- \/ Yoast SEO Premium plugin. -->","yoast_head_json":{"title":"Pompes de d\u00e9tection de fuites - MotoRad","description":"MotoRad - Pompes de d\u00e9tection de fuites","robots":{"index":"index","follow":"follow","max-snippet":"max-snippet:-1","max-image-preview":"max-image-preview:large","max-video-preview":"max-video-preview:-1"},"canonical":"https:\/\/mx.motorad.com\/fr\/produits\/systeme-evap\/pompes-de-detection-de-fuites\/","og_locale":"fr_FR","og_type":"article","og_title":"Pompes de d\u00e9tection de fuites","og_description":"MotoRad - Pompes de d\u00e9tection de fuites","og_url":"https:\/\/mx.motorad.com\/fr\/produits\/systeme-evap\/pompes-de-detection-de-fuites\/","og_site_name":"MotoRad","article_modified_time":"2026-03-17T14:37:51+00:00","og_image":[{"width":1536,"height":1536,"url":"https:\/\/mx.motorad.com\/wp-content\/uploads\/2025\/04\/EVP0227_Angle-scaled-1-1536x1536-1.jpg","type":"image\/jpeg"}],"twitter_card":"summary_large_image","twitter_misc":{"Est. reading time":"2 minutes"},"schema":{"@context":"https:\/\/schema.org","@graph":[{"@type":"WebPage","@id":"https:\/\/mx.motorad.com\/fr\/produits\/systeme-evap\/pompes-de-detection-de-fuites\/","url":"https:\/\/mx.motorad.com\/fr\/produits\/systeme-evap\/pompes-de-detection-de-fuites\/","name":"Pompes de d\u00e9tection de fuites - MotoRad","isPartOf":{"@id":"https:\/\/mx.motorad.com\/fr\/#website"},"primaryImageOfPage":{"@id":"https:\/\/mx.motorad.com\/fr\/produits\/systeme-evap\/pompes-de-detection-de-fuites\/#primaryimage"},"image":{"@id":"https:\/\/mx.motorad.com\/fr\/produits\/systeme-evap\/pompes-de-detection-de-fuites\/#primaryimage"},"thumbnailUrl":"https:\/\/mx.motorad.com\/wp-content\/uploads\/2025\/04\/EVP0227_Angle-scaled-1-1536x1536-1.jpg","datePublished":"2025-04-04T12:45:04+00:00","dateModified":"2026-03-17T14:37:51+00:00","description":"MotoRad - Pompes de d\u00e9tection de fuites","breadcrumb":{"@id":"https:\/\/mx.motorad.com\/fr\/produits\/systeme-evap\/pompes-de-detection-de-fuites\/#breadcrumb"},"inLanguage":"fr-FR","potentialAction":[{"@type":"ReadAction","target":["https:\/\/mx.motorad.com\/fr\/produits\/systeme-evap\/pompes-de-detection-de-fuites\/"]}]},{"@type":"ImageObject","inLanguage":"fr-FR","@id":"https:\/\/mx.motorad.com\/fr\/produits\/systeme-evap\/pompes-de-detection-de-fuites\/#primaryimage","url":"https:\/\/mx.motorad.com\/wp-content\/uploads\/2025\/04\/EVP0227_Angle-scaled-1-1536x1536-1.jpg","contentUrl":"https:\/\/mx.motorad.com\/wp-content\/uploads\/2025\/04\/EVP0227_Angle-scaled-1-1536x1536-1.jpg"},{"@type":"BreadcrumbList","@id":"https:\/\/mx.motorad.com\/fr\/produits\/systeme-evap\/pompes-de-detection-de-fuites\/#breadcrumb","itemListElement":[{"@type":"ListItem","position":1,"name":"Home","item":"https:\/\/mx.motorad.com\/fr\/"},{"@type":"ListItem","position":2,"name":"Produits","item":"https:\/\/motoradnew.test\/fr\/produits\/"},{"@type":"ListItem","position":3,"name":"Syst\u00e8me EVAP","item":"https:\/\/mx.motorad.com\/fr\/produits\/systeme-evap\/"},{"@type":"ListItem","position":4,"name":"Pompes de d\u00e9tection de fuites"}]},{"@type":"WebSite","@id":"https:\/\/mx.motorad.com\/fr\/#website","url":"https:\/\/mx.motorad.com\/fr\/","name":"MotoRad","description":"Trusted to Deliver Better - Thermal Management, Emissions, Powertrain Controls","potentialAction":[{"@type":"SearchAction","target":{"@type":"EntryPoint","urlTemplate":"https:\/\/mx.motorad.com\/fr\/?s={search_term_string}"},"query-input":{"@type":"PropertyValueSpecification","valueRequired":true,"valueName":"search_term_string"}}],"inLanguage":"fr-FR"}]}},"_links":{"self":[{"href":"https:\/\/mx.motorad.com\/fr\/wp-json\/wp\/v2\/pages\/5945","targetHints":{"allow":["GET"]}}],"collection":[{"href":"https:\/\/mx.motorad.com\/fr\/wp-json\/wp\/v2\/pages"}],"about":[{"href":"https:\/\/mx.motorad.com\/fr\/wp-json\/wp\/v2\/types\/page"}],"author":[{"embeddable":true,"href":"https:\/\/mx.motorad.com\/fr\/wp-json\/wp\/v2\/users\/1"}],"replies":[{"embeddable":true,"href":"https:\/\/mx.motorad.com\/fr\/wp-json\/wp\/v2\/comments?post=5945"}],"version-history":[{"count":5,"href":"https:\/\/mx.motorad.com\/fr\/wp-json\/wp\/v2\/pages\/5945\/revisions"}],"predecessor-version":[{"id":87919,"href":"https:\/\/mx.motorad.com\/fr\/wp-json\/wp\/v2\/pages\/5945\/revisions\/87919"}],"up":[{"embeddable":true,"href":"https:\/\/mx.motorad.com\/fr\/wp-json\/wp\/v2\/pages\/5837"}],"wp:attachment":[{"href":"https:\/\/mx.motorad.com\/fr\/wp-json\/wp\/v2\/media?parent=5945"}],"curies":[{"name":"wp","href":"https:\/\/api.w.org\/{rel}","templated":true}]}}