{"id":6013,"date":"2025-04-03T16:11:33","date_gmt":"2025-04-03T16:11:33","guid":{"rendered":"https:\/\/mx.motorad.com\/spec-r\/"},"modified":"2026-03-17T14:06:04","modified_gmt":"2026-03-17T14:06:04","slug":"spec-r","status":"publish","type":"page","link":"https:\/\/mx.motorad.com\/fr\/spec-r\/","title":{"rendered":"spec-r"},"content":{"rendered":"\n<div class=\"wp-block-cover alignfull is-light is-style-default\" style=\"margin-top:0;margin-bottom:var(--wp--preset--spacing--60);padding-top:0;padding-right:0;padding-bottom:0;padding-left:0;min-height:474px;aspect-ratio:unset;\"><img loading=\"lazy\" decoding=\"async\" width=\"1800\" height=\"692\" class=\"wp-block-cover__image-background wp-image-3587\" alt=\"\" src=\"https:\/\/mx.motorad.com\/wp-content\/uploads\/2025\/04\/trackfade.jpg\" data-object-fit=\"cover\" srcset=\"https:\/\/mx.motorad.com\/wp-content\/uploads\/2025\/04\/trackfade.jpg 1800w, https:\/\/mx.motorad.com\/wp-content\/uploads\/2025\/04\/trackfade-300x115.jpg 300w, https:\/\/mx.motorad.com\/wp-content\/uploads\/2025\/04\/trackfade-1024x394.jpg 1024w, https:\/\/mx.motorad.com\/wp-content\/uploads\/2025\/04\/trackfade-768x295.jpg 768w, https:\/\/mx.motorad.com\/wp-content\/uploads\/2025\/04\/trackfade-1536x591.jpg 1536w\" sizes=\"auto, (max-width: 1800px) 100vw, 1800px\" \/><span aria-hidden=\"true\" class=\"wp-block-cover__background has-palette-bg-background-color has-background-dim-0 has-background-dim\"><\/span><div class=\"wp-block-cover__inner-container is-layout-flow wp-block-cover-is-layout-flow\">\n<div class=\"wp-block-columns is-not-stacked-on-mobile is-layout-flex wp-container-core-columns-is-layout-63c0096e wp-block-columns-is-layout-flex\" style=\"margin-top:0;margin-bottom:0;padding-top:0;padding-right:0;padding-bottom:0;padding-left:0\">\n<div class=\"wp-block-column is-vertically-aligned-top is-layout-flow wp-block-column-is-layout-flow\" style=\"flex-basis:33.3%\"><\/div>\n\n\n\n<div class=\"wp-block-column is-layout-flow wp-block-column-is-layout-flow\" style=\"flex-basis:66.6%\">\n<figure class=\"wp-block-image size-full is-resized\"><img loading=\"lazy\" decoding=\"async\" width=\"1200\" height=\"576\" src=\"https:\/\/mx.motorad.com\/wp-content\/uploads\/2025\/04\/spec-r-800p.webp\" alt=\"\" class=\"wp-image-3566\" style=\"width:616px;height:auto\" srcset=\"https:\/\/mx.motorad.com\/wp-content\/uploads\/2025\/04\/spec-r-800p.webp 1200w, https:\/\/mx.motorad.com\/wp-content\/uploads\/2025\/04\/spec-r-800p-300x144.webp 300w, https:\/\/mx.motorad.com\/wp-content\/uploads\/2025\/04\/spec-r-800p-1024x492.webp 1024w, https:\/\/mx.motorad.com\/wp-content\/uploads\/2025\/04\/spec-r-800p-768x369.webp 768w\" sizes=\"auto, (max-width: 1200px) 100vw, 1200px\" \/><\/figure>\n<\/div>\n<\/div>\n<\/div><\/div>\n\n<h2 class=\"wp-block-heading\" id=\"h-the-perfect-solutions-for-high-performance-and-racing-applications-designed-to-withstand-high-pressure-horsepower-demands\" style=\"margin-bottom:var(--wp--preset--spacing--50)\"><strong>Les solutions parfaites pour les applications haute performance et de course, con\u00e7ues pour r\u00e9sister aux exigences de haute pression\/puissance.<\/strong><\/h2>\n\n<div class=\"wp-block-columns is-not-stacked-on-mobile is-layout-flex wp-container-core-columns-is-layout-d07913d3 wp-block-columns-is-layout-flex\" style=\"margin-bottom:var(--wp--preset--spacing--60)\">\n<div class=\"wp-block-column is-layout-flow wp-block-column-is-layout-flow\">\n<p style=\"margin-bottom:var(--wp--preset--spacing--20)\">Quand il est temps de repousser les limites et de <em>gagner<\/em>, chaque d\u00e9tail compte.<\/p>\n\n\n\n<p style=\"margin-bottom:var(--wp--preset--spacing--20)\">Les thermostats et bouchons de radiateur Spec-R de MotoRad sont con\u00e7us sp\u00e9cifiquement pour les exigences de la course haute performance. Con\u00e7us avec des mat\u00e9riaux avanc\u00e9s et des designs uniques, ces composants offrent la confiance et la fiabilit\u00e9 qui peuvent faire toute la diff\u00e9rence pour atteindre le drapeau \u00e0 damier. <\/p>\n<\/div>\n\n\n\n<div class=\"wp-block-column is-layout-flow wp-block-column-is-layout-flow\">\n<h2 class=\"wp-block-heading has-text-align-center has-palette-interactive-color has-text-color has-link-color wp-elements-4136a2178b6b96b6f12c8446abd387a4\" id=\"h-racing-thermostats\" style=\"margin-bottom:var(--wp--preset--spacing--30)\"><em><a href=\"https:\/\/mx.motorad.com\/fr\/spec-r\/thermostats-de-course-motorad-spec-r\/\">Racing Thermostats<\/a><\/em><\/h2>\n\n\n\n<figure class=\"wp-block-image size-full\"><a href=\"https:\/\/mx.motorad.com\/fr\/spec-r\/thermostats-de-course-motorad-spec-r\/\"><img loading=\"lazy\" decoding=\"async\" width=\"2560\" height=\"2560\" src=\"https:\/\/mx.motorad.com\/wp-content\/uploads\/2025\/04\/24-spec-r-sample_BACK-scaled-1.jpg\" alt=\"\" class=\"wp-image-3559\" srcset=\"https:\/\/mx.motorad.com\/wp-content\/uploads\/2025\/04\/24-spec-r-sample_BACK-scaled-1.jpg 2560w, https:\/\/mx.motorad.com\/wp-content\/uploads\/2025\/04\/24-spec-r-sample_BACK-scaled-1-300x300.jpg 300w, https:\/\/mx.motorad.com\/wp-content\/uploads\/2025\/04\/24-spec-r-sample_BACK-scaled-1-1024x1024.jpg 1024w, https:\/\/mx.motorad.com\/wp-content\/uploads\/2025\/04\/24-spec-r-sample_BACK-scaled-1-150x150.jpg 150w, https:\/\/mx.motorad.com\/wp-content\/uploads\/2025\/04\/24-spec-r-sample_BACK-scaled-1-768x768.jpg 768w, https:\/\/mx.motorad.com\/wp-content\/uploads\/2025\/04\/24-spec-r-sample_BACK-scaled-1-1536x1536.jpg 1536w, https:\/\/mx.motorad.com\/wp-content\/uploads\/2025\/04\/24-spec-r-sample_BACK-scaled-1-2048x2048.jpg 2048w\" sizes=\"auto, (max-width: 2560px) 100vw, 2560px\" \/><\/a><\/figure>\n<\/div>\n\n\n\n<div class=\"wp-block-column is-layout-flow wp-block-column-is-layout-flow\">\n<h2 class=\"wp-block-heading has-text-align-center has-palette-interactive-color has-text-color has-link-color wp-elements-40e49d9d5dd67b698179dea2c5945cee\" id=\"h-racing-radiator-caps\" style=\"margin-bottom:var(--wp--preset--spacing--30)\"><em><a href=\"https:\/\/mx.motorad.com\/fr\/spec-r\/bouchons-de-radiateur-de-course-motorad-spec-r\/\">Racing Radiator Caps<\/a><\/em><\/h2>\n\n\n\n<figure class=\"wp-block-image size-full\"><a href=\"https:\/\/mx.motorad.com\/fr\/spec-r\/bouchons-de-radiateur-de-course-motorad-spec-r\/\"><img loading=\"lazy\" decoding=\"async\" width=\"1200\" height=\"1200\" src=\"https:\/\/mx.motorad.com\/wp-content\/uploads\/2025\/04\/spec-r-hex-cap.jpg\" alt=\"\" class=\"wp-image-3580\" srcset=\"https:\/\/mx.motorad.com\/wp-content\/uploads\/2025\/04\/spec-r-hex-cap.jpg 1200w, https:\/\/mx.motorad.com\/wp-content\/uploads\/2025\/04\/spec-r-hex-cap-300x300.jpg 300w, https:\/\/mx.motorad.com\/wp-content\/uploads\/2025\/04\/spec-r-hex-cap-1024x1024.jpg 1024w, https:\/\/mx.motorad.com\/wp-content\/uploads\/2025\/04\/spec-r-hex-cap-150x150.jpg 150w, https:\/\/mx.motorad.com\/wp-content\/uploads\/2025\/04\/spec-r-hex-cap-768x768.jpg 768w\" sizes=\"auto, (max-width: 1200px) 100vw, 1200px\" \/><\/a><\/figure>\n<\/div>\n<\/div>\n\n<div class=\"wp-block-cover alignfull is-light\" style=\"margin-bottom:var(--wp--preset--spacing--60);min-height:500px;aspect-ratio:unset;\"><img loading=\"lazy\" decoding=\"async\" width=\"1200\" height=\"577\" class=\"wp-block-cover__image-background wp-image-3573\" alt=\"\" src=\"https:\/\/mx.motorad.com\/wp-content\/uploads\/2025\/04\/spec-r-back.jpg\" style=\"object-position:49% 87%\" data-object-fit=\"cover\" data-object-position=\"49% 87%\" srcset=\"https:\/\/mx.motorad.com\/wp-content\/uploads\/2025\/04\/spec-r-back.jpg 1200w, https:\/\/mx.motorad.com\/wp-content\/uploads\/2025\/04\/spec-r-back-300x144.jpg 300w, https:\/\/mx.motorad.com\/wp-content\/uploads\/2025\/04\/spec-r-back-1024x492.jpg 1024w, https:\/\/mx.motorad.com\/wp-content\/uploads\/2025\/04\/spec-r-back-768x369.jpg 768w\" sizes=\"auto, (max-width: 1200px) 100vw, 1200px\" \/><span aria-hidden=\"true\" class=\"wp-block-cover__background has-background-dim-0 has-background-dim\" style=\"background-color:#929192\"><\/span><div class=\"wp-block-cover__inner-container is-layout-flow wp-block-cover-is-layout-flow\">\n<div style=\"height:75px\" aria-hidden=\"true\" class=\"wp-block-spacer\"><\/div>\n\n\n\n<p class=\"has-text-align-center is-style-default has-palette-bg-color has-palette-interactive-background-color has-text-color has-background\"><strong>Chaque produit MotoRad est rigoureusement test\u00e9 pour son utilisation pr\u00e9vue afin de surpasser les attentes. <br\/>Notre programme Spec-R est unique en ce quil se concentre sur les besoins sp\u00e9cifiques des courses haute performance.<\/strong><\/p>\n\n\n\n<div style=\"height:100px\" aria-hidden=\"true\" class=\"wp-block-spacer\"><\/div>\n<\/div><\/div>\n\n<p class=\"has-text-align-center\" style=\"margin-bottom:var(--wp--preset--spacing--60)\">Les moteurs haute performance exigent des composants sp\u00e9cialis\u00e9s pour r\u00e9sister aux conditions extr\u00eames sur la piste. Les thermostats et bouchons de radiateur Spec-R de MotoRad sont sp\u00e9cialement con\u00e7us pour r\u00e9pondre \u00e0 ces exigences, utilisant des mat\u00e9riaux avanc\u00e9s et une ing\u00e9nierie pr\u00e9cise qui offrent une fiabilit\u00e9 in\u00e9branlable sous pression. Con\u00e7us sp\u00e9cifiquement pour les applications de course, les produits MotoRad donnent aux coureurs lavantage dont ils ont besoin pour maintenir leurs moteurs au frais et fonctionner \u00e0 des niveaux de pointe, contribuant ainsi \u00e0 garantir que chaque tour compte pour la victoire.  <\/p>\n\n<div class=\"wp-block-columns is-layout-flex wp-container-core-columns-is-layout-d109dad4 wp-block-columns-is-layout-flex\" style=\"margin-top:var(--wp--preset--spacing--20);margin-bottom:var(--wp--preset--spacing--60);padding-right:var(--wp--preset--spacing--80);padding-left:var(--wp--preset--spacing--80)\">\n<div class=\"wp-block-column is-layout-flow wp-block-column-is-layout-flow\">\n<figure class=\"wp-block-image aligncenter size-full is-resized\"><img loading=\"lazy\" decoding=\"async\" width=\"2560\" height=\"2560\" src=\"https:\/\/mx.motorad.com\/wp-content\/uploads\/2025\/04\/24-spec-r-sample_BACK-scaled-1.jpg\" alt=\"\" class=\"wp-image-3559\" style=\"width:200px\" srcset=\"https:\/\/mx.motorad.com\/wp-content\/uploads\/2025\/04\/24-spec-r-sample_BACK-scaled-1.jpg 2560w, https:\/\/mx.motorad.com\/wp-content\/uploads\/2025\/04\/24-spec-r-sample_BACK-scaled-1-300x300.jpg 300w, https:\/\/mx.motorad.com\/wp-content\/uploads\/2025\/04\/24-spec-r-sample_BACK-scaled-1-1024x1024.jpg 1024w, https:\/\/mx.motorad.com\/wp-content\/uploads\/2025\/04\/24-spec-r-sample_BACK-scaled-1-150x150.jpg 150w, https:\/\/mx.motorad.com\/wp-content\/uploads\/2025\/04\/24-spec-r-sample_BACK-scaled-1-768x768.jpg 768w, https:\/\/mx.motorad.com\/wp-content\/uploads\/2025\/04\/24-spec-r-sample_BACK-scaled-1-1536x1536.jpg 1536w, https:\/\/mx.motorad.com\/wp-content\/uploads\/2025\/04\/24-spec-r-sample_BACK-scaled-1-2048x2048.jpg 2048w\" sizes=\"auto, (max-width: 2560px) 100vw, 2560px\" \/><\/figure>\n\n\n\n<div class=\"wp-block-buttons is-content-justification-center is-layout-flex wp-container-core-buttons-is-layout-a89b3969 wp-block-buttons-is-layout-flex\">\n<div class=\"wp-block-button\"><a class=\"wp-block-button__link has-text-align-center wp-element-button\" href=\"https:\/\/mx.motorad.com\/fr\/spec-r\/thermostats-de-course-motorad-spec-r\/\">Plus dinformations sur les thermostats de course<\/a><\/div>\n<\/div>\n<\/div>\n\n\n\n<div class=\"wp-block-column is-layout-flow wp-block-column-is-layout-flow\">\n<figure class=\"wp-block-image aligncenter size-medium is-resized\"><img loading=\"lazy\" decoding=\"async\" width=\"300\" height=\"300\" src=\"https:\/\/mx.motorad.com\/wp-content\/uploads\/2025\/04\/spec-r-hex-cap-300x300.jpg\" alt=\"\" class=\"wp-image-3580\" style=\"width:200px\" srcset=\"https:\/\/mx.motorad.com\/wp-content\/uploads\/2025\/04\/spec-r-hex-cap-300x300.jpg 300w, https:\/\/mx.motorad.com\/wp-content\/uploads\/2025\/04\/spec-r-hex-cap-1024x1024.jpg 1024w, https:\/\/mx.motorad.com\/wp-content\/uploads\/2025\/04\/spec-r-hex-cap-150x150.jpg 150w, https:\/\/mx.motorad.com\/wp-content\/uploads\/2025\/04\/spec-r-hex-cap-768x768.jpg 768w, https:\/\/mx.motorad.com\/wp-content\/uploads\/2025\/04\/spec-r-hex-cap.jpg 1200w\" sizes=\"auto, (max-width: 300px) 100vw, 300px\" \/><\/figure>\n\n\n\n<div class=\"wp-block-buttons is-content-justification-center is-layout-flex wp-container-core-buttons-is-layout-a89b3969 wp-block-buttons-is-layout-flex\">\n<div class=\"wp-block-button\"><a class=\"wp-block-button__link has-text-align-center wp-element-button\" href=\"https:\/\/mx.motorad.com\/fr\/spec-r\/bouchons-de-radiateur-de-course-motorad-spec-r\/\">Plus dinformations sur les bouchons de radiateur de course<\/a><\/div>\n<\/div>\n<\/div>\n<\/div>\n\n<h3 class=\"wp-block-heading\" id=\"h-want-to-buy-a-motorad-spec-r-thermostat-or-radiator-cap\" style=\"margin-bottom:var(--wp--preset--spacing--40)\">Vous souhaitez acheter un thermostat ou un bouchon de radiateur MotoRad Spec-R ?<\/h3>\n\n<p style=\"margin-bottom:var(--wp--preset--spacing--60)\">Si vous \u00eates un coureur souhaitant acheter, ou un revendeur\/distributeur\/fabricant de moteurs souhaitant des informations sur la mani\u00e8re dacheter, veuillez nous contacter :<\/p>\n\n<div class=\"wp-block-group is-layout-constrained wp-block-group-is-layout-constrained\" style=\"margin-bottom:var(--wp--preset--spacing--70)\">\n<iframe loading=\"lazy\" src=\"https:\/\/go.motorad.com\/l\/846063\/2024-10-28\/2k6gr5\" width=\"100%\" height=\"800\" type=\"text\/html\" frameborder=\"0\" allowtransparency=\"true\" style=\"border: 0\"><\/iframe>\n<\/div>\n\n<div class=\"wp-block-cover alignfull is-light\" style=\"padding-top:var(--wp--preset--spacing--60);padding-bottom:var(--wp--preset--spacing--60)\"><span aria-hidden=\"true\" class=\"wp-block-cover__background has-background-dim-0 has-background-dim\" style=\"background-color:#ece5d9\"><\/span><img loading=\"lazy\" decoding=\"async\" width=\"1505\" height=\"305\" class=\"wp-block-cover__image-background wp-image-223\" alt=\"\" src=\"https:\/\/mx.motorad.com\/wp-content\/uploads\/2025\/03\/FooterCTA.jpg\" data-object-fit=\"cover\" srcset=\"https:\/\/mx.motorad.com\/wp-content\/uploads\/2025\/03\/FooterCTA.jpg 1505w, https:\/\/mx.motorad.com\/wp-content\/uploads\/2025\/03\/FooterCTA-300x61.jpg 300w, https:\/\/mx.motorad.com\/wp-content\/uploads\/2025\/03\/FooterCTA-1024x208.jpg 1024w, https:\/\/mx.motorad.com\/wp-content\/uploads\/2025\/03\/FooterCTA-768x156.jpg 768w\" sizes=\"auto, (max-width: 1505px) 100vw, 1505px\" \/><div class=\"wp-block-cover__inner-container is-layout-flow wp-block-cover-is-layout-flow\">\n<div class=\"wp-block-columns are-vertically-aligned-center is-layout-flex wp-container-core-columns-is-layout-cbe57604 wp-block-columns-is-layout-flex\">\n<div class=\"wp-block-column is-vertically-aligned-center is-layout-flow wp-block-column-is-layout-flow\" style=\"flex-basis:45%\">\n<h2 class=\"wp-block-heading has-text-align-center has-palette-text-color has-text-color\" id=\"h-need-help-finding-the-right-product\" style=\"margin-bottom:var(--wp--preset--spacing--40)\">Vous avez besoin d&rsquo;aide pour trouver le bon produit ?<\/h2>\n\n\n\n<p class=\"has-text-align-center has-palette-text-color has-text-color\" style=\"margin-bottom:var(--wp--preset--spacing--50)\">Notre \u00e9quipe d\u00e9vou\u00e9e est l\u00e0 pour vous orienter dans la bonne direction. Cliquez ci-dessous et dites-nous comment nous pouvons vous aider \u00e0 trouver le produit id\u00e9al pour vos besoins. Votre voyage vers une meilleure exp\u00e9rience commence ici.  <\/p>\n\n\n\n<div class=\"wp-block-buttons is-content-justification-center is-layout-flex wp-container-core-buttons-is-layout-a89b3969 wp-block-buttons-is-layout-flex\">\n<div class=\"wp-block-button\"><a class=\"wp-block-button__link has-text-align-center wp-element-button\" href=\"https:\/\/mx.motorad.com\/contact\/need-help-finding-something\/\">Parlez \u00e0 un sp\u00e9cialiste MotoRad<\/a><\/div>\n<\/div>\n<\/div>\n\n\n\n<div class=\"wp-block-column is-layout-flow wp-block-column-is-layout-flow\" style=\"flex-basis:10%\"><\/div>\n\n\n\n<div class=\"wp-block-column is-layout-flow wp-block-column-is-layout-flow\" style=\"flex-basis:45%\">\n<h2 class=\"wp-block-heading has-text-align-center has-palette-text-color has-text-color\" id=\"h-looking-for-custom-development\" style=\"margin-bottom:var(--wp--preset--spacing--40)\">Vous cherchez un d\u00e9veloppement sur mesure ?<\/h2>\n\n\n\n<p class=\"has-text-align-center has-palette-text-color has-text-color\" style=\"margin-bottom:var(--wp--preset--spacing--50)\">Nous ne nous contentons pas de proposer des produits ; nous \u00e9laborons des solutions sur mesure qui r\u00e9pondent \u00e0 vos besoins. \u00cates-vous pr\u00eat \u00e0 donner vie \u00e0 votre nouveau projet ? Cliquez ci-dessous, et embarquons ensemble pour le d\u00e9veloppement de produits sur mesure.  <\/p>\n\n\n\n<div class=\"wp-block-buttons is-content-justification-center is-layout-flex wp-container-core-buttons-is-layout-a89b3969 wp-block-buttons-is-layout-flex\">\n<div class=\"wp-block-button is-style-fill\"><a class=\"wp-block-button__link has-palette-bg-color has-palette-text-background-color has-text-color has-background has-text-align-center wp-element-button\" href=\"https:\/\/mx.motorad.com\/contact\/do-you-need-custom-development\/\">Nous voulons \u00eatre votre fournisseur<\/a><\/div>\n<\/div>\n<\/div>\n<\/div>\n<\/div><\/div>\n","protected":false},"excerpt":{"rendered":"<p>Les solutions parfaites pour les applications haute performance et de course, con\u00e7ues pour r\u00e9sister aux exigences de haute pression\/puissance. Quand [&#8230;]<\/p>\n","protected":false},"author":1,"featured_media":0,"parent":0,"menu_order":0,"comment_status":"closed","ping_status":"closed","template":"","meta":{"_acf_changed":false,"footnotes":""},"class_list":["post-6013","page","type-page","status-publish","hentry"],"acf":[],"yoast_head":"<!-- This site is optimized with the Yoast SEO Premium plugin v27.2 (Yoast SEO v27.2) - https:\/\/yoast.com\/product\/yoast-seo-premium-wordpress\/ -->\n<title>spec-r - MotoRad<\/title>\n<meta name=\"description\" content=\"MotoRad - spec-r\" \/>\n<meta name=\"robots\" content=\"index, follow, max-snippet:-1, max-image-preview:large, max-video-preview:-1\" \/>\n<link rel=\"canonical\" href=\"https:\/\/mx.motorad.com\/fr\/spec-r\/\" \/>\n<meta property=\"og:locale\" content=\"fr_FR\" \/>\n<meta property=\"og:type\" content=\"article\" \/>\n<meta property=\"og:title\" content=\"spec-r\" \/>\n<meta property=\"og:description\" content=\"MotoRad - spec-r\" \/>\n<meta property=\"og:url\" content=\"https:\/\/mx.motorad.com\/fr\/spec-r\/\" \/>\n<meta property=\"og:site_name\" content=\"MotoRad\" \/>\n<meta property=\"article:modified_time\" content=\"2026-03-17T14:06:04+00:00\" \/>\n<meta property=\"og:image\" content=\"https:\/\/mx.motorad.com\/wp-content\/uploads\/2025\/04\/trackfade.jpg\" \/>\n\t<meta property=\"og:image:width\" content=\"1800\" \/>\n\t<meta property=\"og:image:height\" content=\"692\" \/>\n\t<meta property=\"og:image:type\" content=\"image\/jpeg\" \/>\n<meta name=\"twitter:card\" content=\"summary_large_image\" \/>\n<meta name=\"twitter:label1\" content=\"Est. reading time\" \/>\n\t<meta name=\"twitter:data1\" content=\"1 minute\" \/>\n<script type=\"application\/ld+json\" class=\"yoast-schema-graph\">{\"@context\":\"https:\/\/schema.org\",\"@graph\":[{\"@type\":\"WebPage\",\"@id\":\"https:\/\/mx.motorad.com\/fr\/spec-r\/\",\"url\":\"https:\/\/mx.motorad.com\/fr\/spec-r\/\",\"name\":\"spec-r - MotoRad\",\"isPartOf\":{\"@id\":\"https:\/\/mx.motorad.com\/fr\/#website\"},\"primaryImageOfPage\":{\"@id\":\"https:\/\/mx.motorad.com\/fr\/spec-r\/#primaryimage\"},\"image\":{\"@id\":\"https:\/\/mx.motorad.com\/fr\/spec-r\/#primaryimage\"},\"thumbnailUrl\":\"https:\/\/mx.motorad.com\/wp-content\/uploads\/2025\/04\/trackfade.jpg\",\"datePublished\":\"2025-04-03T16:11:33+00:00\",\"dateModified\":\"2026-03-17T14:06:04+00:00\",\"description\":\"MotoRad - spec-r\",\"breadcrumb\":{\"@id\":\"https:\/\/mx.motorad.com\/fr\/spec-r\/#breadcrumb\"},\"inLanguage\":\"fr-FR\",\"potentialAction\":[{\"@type\":\"ReadAction\",\"target\":[\"https:\/\/mx.motorad.com\/fr\/spec-r\/\"]}]},{\"@type\":\"ImageObject\",\"inLanguage\":\"fr-FR\",\"@id\":\"https:\/\/mx.motorad.com\/fr\/spec-r\/#primaryimage\",\"url\":\"https:\/\/mx.motorad.com\/wp-content\/uploads\/2025\/04\/trackfade.jpg\",\"contentUrl\":\"https:\/\/mx.motorad.com\/wp-content\/uploads\/2025\/04\/trackfade.jpg\"},{\"@type\":\"BreadcrumbList\",\"@id\":\"https:\/\/mx.motorad.com\/fr\/spec-r\/#breadcrumb\",\"itemListElement\":[{\"@type\":\"ListItem\",\"position\":1,\"name\":\"Home\",\"item\":\"https:\/\/mx.motorad.com\/fr\/\"},{\"@type\":\"ListItem\",\"position\":2,\"name\":\"spec-r\"}]},{\"@type\":\"WebSite\",\"@id\":\"https:\/\/mx.motorad.com\/fr\/#website\",\"url\":\"https:\/\/mx.motorad.com\/fr\/\",\"name\":\"MotoRad\",\"description\":\"Trusted to Deliver Better - Thermal Management, Emissions, Powertrain Controls\",\"potentialAction\":[{\"@type\":\"SearchAction\",\"target\":{\"@type\":\"EntryPoint\",\"urlTemplate\":\"https:\/\/mx.motorad.com\/fr\/?s={search_term_string}\"},\"query-input\":{\"@type\":\"PropertyValueSpecification\",\"valueRequired\":true,\"valueName\":\"search_term_string\"}}],\"inLanguage\":\"fr-FR\"}]}<\/script>\n<!-- \/ Yoast SEO Premium plugin. -->","yoast_head_json":{"title":"spec-r - MotoRad","description":"MotoRad - spec-r","robots":{"index":"index","follow":"follow","max-snippet":"max-snippet:-1","max-image-preview":"max-image-preview:large","max-video-preview":"max-video-preview:-1"},"canonical":"https:\/\/mx.motorad.com\/fr\/spec-r\/","og_locale":"fr_FR","og_type":"article","og_title":"spec-r","og_description":"MotoRad - spec-r","og_url":"https:\/\/mx.motorad.com\/fr\/spec-r\/","og_site_name":"MotoRad","article_modified_time":"2026-03-17T14:06:04+00:00","og_image":[{"width":1800,"height":692,"url":"https:\/\/mx.motorad.com\/wp-content\/uploads\/2025\/04\/trackfade.jpg","type":"image\/jpeg"}],"twitter_card":"summary_large_image","twitter_misc":{"Est. reading time":"1 minute"},"schema":{"@context":"https:\/\/schema.org","@graph":[{"@type":"WebPage","@id":"https:\/\/mx.motorad.com\/fr\/spec-r\/","url":"https:\/\/mx.motorad.com\/fr\/spec-r\/","name":"spec-r - MotoRad","isPartOf":{"@id":"https:\/\/mx.motorad.com\/fr\/#website"},"primaryImageOfPage":{"@id":"https:\/\/mx.motorad.com\/fr\/spec-r\/#primaryimage"},"image":{"@id":"https:\/\/mx.motorad.com\/fr\/spec-r\/#primaryimage"},"thumbnailUrl":"https:\/\/mx.motorad.com\/wp-content\/uploads\/2025\/04\/trackfade.jpg","datePublished":"2025-04-03T16:11:33+00:00","dateModified":"2026-03-17T14:06:04+00:00","description":"MotoRad - spec-r","breadcrumb":{"@id":"https:\/\/mx.motorad.com\/fr\/spec-r\/#breadcrumb"},"inLanguage":"fr-FR","potentialAction":[{"@type":"ReadAction","target":["https:\/\/mx.motorad.com\/fr\/spec-r\/"]}]},{"@type":"ImageObject","inLanguage":"fr-FR","@id":"https:\/\/mx.motorad.com\/fr\/spec-r\/#primaryimage","url":"https:\/\/mx.motorad.com\/wp-content\/uploads\/2025\/04\/trackfade.jpg","contentUrl":"https:\/\/mx.motorad.com\/wp-content\/uploads\/2025\/04\/trackfade.jpg"},{"@type":"BreadcrumbList","@id":"https:\/\/mx.motorad.com\/fr\/spec-r\/#breadcrumb","itemListElement":[{"@type":"ListItem","position":1,"name":"Home","item":"https:\/\/mx.motorad.com\/fr\/"},{"@type":"ListItem","position":2,"name":"spec-r"}]},{"@type":"WebSite","@id":"https:\/\/mx.motorad.com\/fr\/#website","url":"https:\/\/mx.motorad.com\/fr\/","name":"MotoRad","description":"Trusted to Deliver Better - Thermal Management, Emissions, Powertrain Controls","potentialAction":[{"@type":"SearchAction","target":{"@type":"EntryPoint","urlTemplate":"https:\/\/mx.motorad.com\/fr\/?s={search_term_string}"},"query-input":{"@type":"PropertyValueSpecification","valueRequired":true,"valueName":"search_term_string"}}],"inLanguage":"fr-FR"}]}},"_links":{"self":[{"href":"https:\/\/mx.motorad.com\/fr\/wp-json\/wp\/v2\/pages\/6013","targetHints":{"allow":["GET"]}}],"collection":[{"href":"https:\/\/mx.motorad.com\/fr\/wp-json\/wp\/v2\/pages"}],"about":[{"href":"https:\/\/mx.motorad.com\/fr\/wp-json\/wp\/v2\/types\/page"}],"author":[{"embeddable":true,"href":"https:\/\/mx.motorad.com\/fr\/wp-json\/wp\/v2\/users\/1"}],"replies":[{"embeddable":true,"href":"https:\/\/mx.motorad.com\/fr\/wp-json\/wp\/v2\/comments?post=6013"}],"version-history":[{"count":5,"href":"https:\/\/mx.motorad.com\/fr\/wp-json\/wp\/v2\/pages\/6013\/revisions"}],"predecessor-version":[{"id":87788,"href":"https:\/\/mx.motorad.com\/fr\/wp-json\/wp\/v2\/pages\/6013\/revisions\/87788"}],"wp:attachment":[{"href":"https:\/\/mx.motorad.com\/fr\/wp-json\/wp\/v2\/media?parent=6013"}],"curies":[{"name":"wp","href":"https:\/\/api.w.org\/{rel}","templated":true}]}}