{"id":6078,"date":"2025-04-03T15:52:13","date_gmt":"2025-04-03T15:52:13","guid":{"rendered":"https:\/\/mx.motorad.com\/thermostats-motorad-fail-safe\/"},"modified":"2026-03-17T12:50:54","modified_gmt":"2026-03-17T12:50:54","slug":"thermostats-motorad-fail-safe","status":"publish","type":"page","link":"https:\/\/mx.motorad.com\/fr\/produits\/thermostats\/thermostats-motorad-fail-safe\/","title":{"rendered":"Thermostats MotoRad Fail-Safe\u00ae"},"content":{"rendered":"<h1 style=\"margin-top:var(--wp--preset--spacing--60);margin-bottom:var(--wp--preset--spacing--60);\" class=\"wp-block-post-title\">Thermostats MotoRad Fail-Safe\u00ae<\/h1>\n<div class=\"wp-block-columns is-layout-flex wp-container-core-columns-is-layout-baf23659 wp-block-columns-is-layout-flex\" style=\"margin-bottom:var(--wp--preset--spacing--60)\">\n<div class=\"wp-block-column is-layout-flow wp-block-column-is-layout-flow\" style=\"flex-basis:33.33%\">\n<figure class=\"wp-block-image size-full\"><img loading=\"lazy\" decoding=\"async\" width=\"457\" height=\"204\" src=\"https:\/\/mx.motorad.com\/wp-content\/uploads\/2025\/04\/Fail-Safe_Callout_web-1.jpg\" alt=\"\" class=\"wp-image-3401\" srcset=\"https:\/\/mx.motorad.com\/wp-content\/uploads\/2025\/04\/Fail-Safe_Callout_web-1.jpg 457w, https:\/\/mx.motorad.com\/wp-content\/uploads\/2025\/04\/Fail-Safe_Callout_web-1-300x134.jpg 300w\" sizes=\"auto, (max-width: 457px) 100vw, 457px\" \/><\/figure>\n<\/div>\n\n\n\n<div class=\"wp-block-column is-layout-flow wp-block-column-is-layout-flow\" style=\"flex-basis:66.66%\">\n<p>Les thermostats MotoRad\u00ae Fail-Safe\u00ae sont con\u00e7us pour aider \u00e0 prot\u00e9ger votre moteur en cas de surchauffe. Bas\u00e9s sur une technologie brevet\u00e9e de pointe, ils offrent une protection sup\u00e9rieure \u00e0 tout autre thermostat sur le march\u00e9. <\/p>\n<\/div>\n<\/div>\n\n<figure class=\"wp-block-embed is-type-video is-provider-youtube wp-block-embed-youtube wp-embed-aspect-16-9 wp-has-aspect-ratio\" style=\"margin-bottom:var(--wp--preset--spacing--60)\"><div class=\"wp-block-embed__wrapper\">\n<iframe loading=\"lazy\" title=\"MotoRad Fail-Safe Thermostats\" width=\"500\" height=\"281\" src=\"https:\/\/www.youtube.com\/embed\/lhGBbCs7QBo?feature=oembed\" frameborder=\"0\" allow=\"accelerometer; autoplay; clipboard-write; encrypted-media; gyroscope; picture-in-picture; web-share\" referrerpolicy=\"strict-origin-when-cross-origin\" allowfullscreen><\/iframe>\n<\/div><\/figure>\n\n<div class=\"wp-block-columns is-layout-flex wp-container-core-columns-is-layout-baf23659 wp-block-columns-is-layout-flex\" style=\"margin-bottom:var(--wp--preset--spacing--60)\">\n<div class=\"wp-block-column has-palette-interactive-background-color has-background is-layout-flow wp-block-column-is-layout-flow\" style=\"padding-top:var(--wp--preset--spacing--40);padding-right:var(--wp--preset--spacing--40);padding-bottom:var(--wp--preset--spacing--40);padding-left:var(--wp--preset--spacing--40);flex-basis:33.33%\">\n<h2 class=\"wp-block-heading has-text-align-center has-palette-bg-alt-color has-text-color has-link-color wp-elements-b5131b1d5cbeb537b847fcc9b837abfa\" id=\"h-did-you-know\"><em>Saviez-vous que&#8230;<\/em><\/h2>\n\n\n\n<p class=\"has-text-align-center has-palette-bg-alt-color has-text-color has-link-color wp-elements-974eec7ba3a86c40097d0305f03c55df\"><em>Le thermostat brevet\u00e9 Fail-Safe<\/em> <em>est le seul thermostat con\u00e7u pour<\/em> <em>aider \u00e0 prot\u00e9ger votre moteur en<\/em> <em>cas de surchauffe ?<\/em><\/p>\n\n\n\n<p class=\"has-text-align-center has-palette-bg-alt-color has-text-color has-link-color wp-elements-7075f48d99e077f6c193eaa249f7fc4d\"><em>Le thermostat Fail-Safe est con\u00e7u avec une<\/em> <em>course suppl\u00e9mentaire unique qui permet un fonctionnement en<\/em> <em>deux \u00e9tapes.<\/em><\/p>\n<\/div>\n\n\n\n<div class=\"wp-block-column is-vertically-aligned-center is-layout-flow wp-block-column-is-layout-flow\" style=\"flex-basis:66.66%\">\n<h3 class=\"wp-block-heading\" id=\"h-stage-1\" style=\"margin-bottom:var(--wp--preset--spacing--40)\"><em>\u00c9tape 1<\/em><\/h3>\n\n\n\n<p style=\"margin-bottom:var(--wp--preset--spacing--60)\"><em>Dans les temp\u00e9ratures de fonctionnement normales, le<\/em> <em>Fail-Safe\u00ae fonctionne comme n\u2019importe quel autre thermostat.<\/em><\/p>\n\n\n\n<h3 class=\"wp-block-heading\" id=\"h-stage-2\" style=\"margin-bottom:var(--wp--preset--spacing--40)\"><em>\u00c9tape 2<\/em> <\/h3>\n\n\n\n<p><em>Lorsque la surchauffe est caus\u00e9e par une pi\u00e8ce du syst\u00e8me de refroidissement<\/em> <em>d\u00e9t\u00e9rior\u00e9e, le Fail-Safe dispose d\u2019une course secondaire qui active un<\/em> <em>piston de pr\u00e9cision qui bloque automatiquement la soupape en position<\/em> <em>grande ouverte, permettant au liquide de refroidissement de circuler librement.<\/em><\/p>\n<\/div>\n<\/div>\n\n<p style=\"margin-bottom:var(--wp--preset--spacing--30)\">Ne restez pas en panne sur le bord de la route parce que votre moteur a surchauff\u00e9 et que votre thermostat conventionnel est rest\u00e9 bloqu\u00e9 en position ferm\u00e9e, emp\u00eachant le liquide de refroidissement d\u2019atteindre le moteur. Achetez le meilleur thermostat sur le march\u00e9, le thermostat Fail-Safe\u00ae de MotoRad\u00ae. Pourquoi le Fail-Safe est-il le meilleur thermostat ? Dans des temp\u00e9ratures de fonctionnement normales, le Fail-Safe\u00ae fonctionne de la m\u00eame mani\u00e8re qu\u2019un thermostat conventionnel. Cependant, lorsque votre v\u00e9hicule surchauffe en raison d\u2019une pi\u00e8ce du syst\u00e8me de refroidissement d\u00e9fectueuse, un thermostat standard se bloque en position ferm\u00e9e, bloquant le flux de liquide de refroidissement vers le moteur. Le thermostat brevet\u00e9 Fail-Safe\u00ae de Motorad est le seul thermostat qui se bloque automatiquement en position ouverte, permettant au liquide de refroidissement de circuler librement dans tout le moteur pendant le processus de surchauffe. Cela peut prot\u00e9ger votre moteur d\u2019une r\u00e9paration plus co\u00fbteuse.       <\/p>\n\n<p style=\"margin-bottom:var(--wp--preset--spacing--30)\">Une fois que le thermostat Fail-Safe\u00ae a fait son travail en permettant au liquide de refroidissement de continuer \u00e0 circuler vers le moteur lors d\u2019une surchauffe en se bloquant en position ouverte, vous devez le remplacer par un neuf. Il existe des thermostats standard, puis il y a le thermostat Motorad Fail-Safe\u00ae. Demandez le thermostat Fail-Safe\u00ae de MotoRad\u00ae la prochaine fois que vous aurez besoin d\u2019un nouveau thermostat.   <\/p>\n\n<p style=\"margin-bottom:var(--wp--preset--spacing--60)\">Les thermostats MotoRad\u00ae respectent ou d\u00e9passent les normes d\u2019origine et sont test\u00e9s et calibr\u00e9s \u00e0 100 % pour une temp\u00e9rature d\u2019ouverture initiale correcte et une temp\u00e9rature d\u2019ouverture maximale.<\/p>\n\n<div class=\"wp-block-buttons is-layout-flex wp-block-buttons-is-layout-flex\" style=\"margin-bottom:var(--wp--preset--spacing--70)\">\n<div class=\"wp-block-button\"><a class=\"wp-block-button__link wp-element-button\" href=\"https:\/\/mx.motorad.com\/fr\/produits\/\">Trouvez votre thermostat<\/a><\/div>\n<\/div>\n\n<div class=\"wp-block-cover alignfull is-light\" style=\"padding-top:var(--wp--preset--spacing--60);padding-bottom:var(--wp--preset--spacing--60)\"><span aria-hidden=\"true\" class=\"wp-block-cover__background has-background-dim-0 has-background-dim\" style=\"background-color:#ece5d9\"><\/span><img loading=\"lazy\" decoding=\"async\" width=\"1505\" height=\"305\" class=\"wp-block-cover__image-background wp-image-223\" alt=\"\" src=\"https:\/\/mx.motorad.com\/wp-content\/uploads\/2025\/03\/FooterCTA.jpg\" data-object-fit=\"cover\" srcset=\"https:\/\/mx.motorad.com\/wp-content\/uploads\/2025\/03\/FooterCTA.jpg 1505w, https:\/\/mx.motorad.com\/wp-content\/uploads\/2025\/03\/FooterCTA-300x61.jpg 300w, https:\/\/mx.motorad.com\/wp-content\/uploads\/2025\/03\/FooterCTA-1024x208.jpg 1024w, https:\/\/mx.motorad.com\/wp-content\/uploads\/2025\/03\/FooterCTA-768x156.jpg 768w\" sizes=\"auto, (max-width: 1505px) 100vw, 1505px\" \/><div class=\"wp-block-cover__inner-container is-layout-flow wp-block-cover-is-layout-flow\">\n<div class=\"wp-block-columns are-vertically-aligned-center is-layout-flex wp-container-core-columns-is-layout-cbe57604 wp-block-columns-is-layout-flex\">\n<div class=\"wp-block-column is-vertically-aligned-center is-layout-flow wp-block-column-is-layout-flow\" style=\"flex-basis:45%\">\n<h2 class=\"wp-block-heading has-text-align-center has-palette-text-color has-text-color\" id=\"h-need-help-finding-the-right-product\" style=\"margin-bottom:var(--wp--preset--spacing--40)\">Vous avez besoin d&rsquo;aide pour trouver le bon produit ?<\/h2>\n\n\n\n<p class=\"has-text-align-center has-palette-text-color has-text-color\" style=\"margin-bottom:var(--wp--preset--spacing--50)\">Notre \u00e9quipe d\u00e9vou\u00e9e est l\u00e0 pour vous orienter dans la bonne direction. Cliquez ci-dessous et dites-nous comment nous pouvons vous aider \u00e0 trouver le produit id\u00e9al pour vos besoins. Votre voyage vers une meilleure exp\u00e9rience commence ici.  <\/p>\n\n\n\n<div class=\"wp-block-buttons is-content-justification-center is-layout-flex wp-container-core-buttons-is-layout-a89b3969 wp-block-buttons-is-layout-flex\">\n<div class=\"wp-block-button\"><a class=\"wp-block-button__link has-text-align-center wp-element-button\" href=\"https:\/\/mx.motorad.com\/contact\/need-help-finding-something\/\">Parlez \u00e0 un sp\u00e9cialiste MotoRad<\/a><\/div>\n<\/div>\n<\/div>\n\n\n\n<div class=\"wp-block-column is-layout-flow wp-block-column-is-layout-flow\" style=\"flex-basis:10%\"><\/div>\n\n\n\n<div class=\"wp-block-column is-layout-flow wp-block-column-is-layout-flow\" style=\"flex-basis:45%\">\n<h2 class=\"wp-block-heading has-text-align-center has-palette-text-color has-text-color\" id=\"h-looking-for-custom-development\" style=\"margin-bottom:var(--wp--preset--spacing--40)\">Vous cherchez un d\u00e9veloppement sur mesure ?<\/h2>\n\n\n\n<p class=\"has-text-align-center has-palette-text-color has-text-color\" style=\"margin-bottom:var(--wp--preset--spacing--50)\">Nous ne nous contentons pas de proposer des produits ; nous \u00e9laborons des solutions sur mesure qui r\u00e9pondent \u00e0 vos besoins. \u00cates-vous pr\u00eat \u00e0 donner vie \u00e0 votre nouveau projet ? Cliquez ci-dessous, et embarquons ensemble pour le d\u00e9veloppement de produits sur mesure.  <\/p>\n\n\n\n<div class=\"wp-block-buttons is-content-justification-center is-layout-flex wp-container-core-buttons-is-layout-a89b3969 wp-block-buttons-is-layout-flex\">\n<div class=\"wp-block-button is-style-fill\"><a class=\"wp-block-button__link has-palette-bg-color has-palette-text-background-color has-text-color has-background has-text-align-center wp-element-button\" href=\"https:\/\/mx.motorad.com\/contact\/do-you-need-custom-development\/\">Nous voulons \u00eatre votre fournisseur<\/a><\/div>\n<\/div>\n<\/div>\n<\/div>\n<\/div><\/div>\n","protected":false},"excerpt":{"rendered":"<p>Les thermostats MotoRad\u00ae Fail-Safe\u00ae sont con\u00e7us pour aider \u00e0 prot\u00e9ger votre moteur en cas de surchauffe. Bas\u00e9s sur une technologie [&#8230;]<\/p>\n","protected":false},"author":1,"featured_media":0,"parent":6849,"menu_order":0,"comment_status":"closed","ping_status":"closed","template":"","meta":{"_acf_changed":false,"footnotes":""},"class_list":["post-6078","page","type-page","status-publish","hentry"],"acf":[],"yoast_head":"<!-- This site is optimized with the Yoast SEO Premium plugin v27.2 (Yoast SEO v27.2) - https:\/\/yoast.com\/product\/yoast-seo-premium-wordpress\/ -->\n<title>Thermostats MotoRad Fail-Safe\u00ae - MotoRad<\/title>\n<meta name=\"description\" content=\"Les thermostats Motorad Fail-Safe sont con\u00e7us pour pr\u00e9venir la surchauffe du moteur &amp; offrir une tranquillit\u00e9 d\u2019esprit sur la route. Passez aux thermostats Motorad Fail-Safe pour une r\u00e9gulation fiable de la temp\u00e9rature et une conduite sans souci.\" \/>\n<meta name=\"robots\" content=\"index, follow, max-snippet:-1, max-image-preview:large, max-video-preview:-1\" \/>\n<link rel=\"canonical\" href=\"https:\/\/mx.motorad.com\/fr\/produits\/thermostats\/thermostats-motorad-fail-safe\/\" \/>\n<meta property=\"og:locale\" content=\"fr_FR\" \/>\n<meta property=\"og:type\" content=\"article\" \/>\n<meta property=\"og:title\" content=\"Thermostats MotoRad Fail-Safe\u00ae\" \/>\n<meta property=\"og:description\" content=\"Les thermostats Motorad Fail-Safe sont con\u00e7us pour pr\u00e9venir la surchauffe du moteur &amp; offrir une tranquillit\u00e9 d\u2019esprit sur la route. Passez aux thermostats Motorad Fail-Safe pour une r\u00e9gulation fiable de la temp\u00e9rature et une conduite sans souci.\" \/>\n<meta property=\"og:url\" content=\"https:\/\/mx.motorad.com\/fr\/produits\/thermostats\/thermostats-motorad-fail-safe\/\" \/>\n<meta property=\"og:site_name\" content=\"MotoRad\" \/>\n<meta property=\"article:modified_time\" content=\"2026-03-17T12:50:54+00:00\" \/>\n<meta property=\"og:image\" content=\"https:\/\/mx.motorad.com\/wp-content\/uploads\/2025\/04\/Fail-Safe_Callout_web-1.jpg\" \/>\n\t<meta property=\"og:image:width\" content=\"457\" \/>\n\t<meta property=\"og:image:height\" content=\"204\" \/>\n\t<meta property=\"og:image:type\" content=\"image\/jpeg\" \/>\n<meta name=\"twitter:card\" content=\"summary_large_image\" \/>\n<meta name=\"twitter:label1\" content=\"Est. reading time\" \/>\n\t<meta name=\"twitter:data1\" content=\"2 minutes\" \/>\n<script type=\"application\/ld+json\" class=\"yoast-schema-graph\">{\"@context\":\"https:\/\/schema.org\",\"@graph\":[{\"@type\":\"WebPage\",\"@id\":\"https:\/\/mx.motorad.com\/fr\/produits\/thermostats\/thermostats-motorad-fail-safe\/\",\"url\":\"https:\/\/mx.motorad.com\/fr\/produits\/thermostats\/thermostats-motorad-fail-safe\/\",\"name\":\"Thermostats MotoRad Fail-Safe\u00ae - MotoRad\",\"isPartOf\":{\"@id\":\"https:\/\/mx.motorad.com\/fr\/#website\"},\"primaryImageOfPage\":{\"@id\":\"https:\/\/mx.motorad.com\/fr\/produits\/thermostats\/thermostats-motorad-fail-safe\/#primaryimage\"},\"image\":{\"@id\":\"https:\/\/mx.motorad.com\/fr\/produits\/thermostats\/thermostats-motorad-fail-safe\/#primaryimage\"},\"thumbnailUrl\":\"https:\/\/mx.motorad.com\/wp-content\/uploads\/2025\/04\/Fail-Safe_Callout_web-1.jpg\",\"datePublished\":\"2025-04-03T15:52:13+00:00\",\"dateModified\":\"2026-03-17T12:50:54+00:00\",\"description\":\"Les thermostats Motorad Fail-Safe sont con\u00e7us pour pr\u00e9venir la surchauffe du moteur & offrir une tranquillit\u00e9 d\u2019esprit sur la route. Passez aux thermostats Motorad Fail-Safe pour une r\u00e9gulation fiable de la temp\u00e9rature et une conduite sans souci.\",\"breadcrumb\":{\"@id\":\"https:\/\/mx.motorad.com\/fr\/produits\/thermostats\/thermostats-motorad-fail-safe\/#breadcrumb\"},\"inLanguage\":\"fr-FR\",\"potentialAction\":[{\"@type\":\"ReadAction\",\"target\":[\"https:\/\/mx.motorad.com\/fr\/produits\/thermostats\/thermostats-motorad-fail-safe\/\"]}]},{\"@type\":\"ImageObject\",\"inLanguage\":\"fr-FR\",\"@id\":\"https:\/\/mx.motorad.com\/fr\/produits\/thermostats\/thermostats-motorad-fail-safe\/#primaryimage\",\"url\":\"https:\/\/mx.motorad.com\/wp-content\/uploads\/2025\/04\/Fail-Safe_Callout_web-1.jpg\",\"contentUrl\":\"https:\/\/mx.motorad.com\/wp-content\/uploads\/2025\/04\/Fail-Safe_Callout_web-1.jpg\"},{\"@type\":\"BreadcrumbList\",\"@id\":\"https:\/\/mx.motorad.com\/fr\/produits\/thermostats\/thermostats-motorad-fail-safe\/#breadcrumb\",\"itemListElement\":[{\"@type\":\"ListItem\",\"position\":1,\"name\":\"Home\",\"item\":\"https:\/\/mx.motorad.com\/fr\/\"},{\"@type\":\"ListItem\",\"position\":2,\"name\":\"Produits\",\"item\":\"https:\/\/motoradnew.test\/fr\/produits\/\"},{\"@type\":\"ListItem\",\"position\":3,\"name\":\"Thermostats\",\"item\":\"https:\/\/motoradnew.test\/fr\/produits\/thermostats\/\"},{\"@type\":\"ListItem\",\"position\":4,\"name\":\"Thermostats MotoRad Fail-Safe\u00ae\"}]},{\"@type\":\"WebSite\",\"@id\":\"https:\/\/mx.motorad.com\/fr\/#website\",\"url\":\"https:\/\/mx.motorad.com\/fr\/\",\"name\":\"MotoRad\",\"description\":\"Trusted to Deliver Better - Thermal Management, Emissions, Powertrain Controls\",\"potentialAction\":[{\"@type\":\"SearchAction\",\"target\":{\"@type\":\"EntryPoint\",\"urlTemplate\":\"https:\/\/mx.motorad.com\/fr\/?s={search_term_string}\"},\"query-input\":{\"@type\":\"PropertyValueSpecification\",\"valueRequired\":true,\"valueName\":\"search_term_string\"}}],\"inLanguage\":\"fr-FR\"}]}<\/script>\n<!-- \/ Yoast SEO Premium plugin. -->","yoast_head_json":{"title":"Thermostats MotoRad Fail-Safe\u00ae - MotoRad","description":"Les thermostats Motorad Fail-Safe sont con\u00e7us pour pr\u00e9venir la surchauffe du moteur & offrir une tranquillit\u00e9 d\u2019esprit sur la route. Passez aux thermostats Motorad Fail-Safe pour une r\u00e9gulation fiable de la temp\u00e9rature et une conduite sans souci.","robots":{"index":"index","follow":"follow","max-snippet":"max-snippet:-1","max-image-preview":"max-image-preview:large","max-video-preview":"max-video-preview:-1"},"canonical":"https:\/\/mx.motorad.com\/fr\/produits\/thermostats\/thermostats-motorad-fail-safe\/","og_locale":"fr_FR","og_type":"article","og_title":"Thermostats MotoRad Fail-Safe\u00ae","og_description":"Les thermostats Motorad Fail-Safe sont con\u00e7us pour pr\u00e9venir la surchauffe du moteur & offrir une tranquillit\u00e9 d\u2019esprit sur la route. Passez aux thermostats Motorad Fail-Safe pour une r\u00e9gulation fiable de la temp\u00e9rature et une conduite sans souci.","og_url":"https:\/\/mx.motorad.com\/fr\/produits\/thermostats\/thermostats-motorad-fail-safe\/","og_site_name":"MotoRad","article_modified_time":"2026-03-17T12:50:54+00:00","og_image":[{"width":457,"height":204,"url":"https:\/\/mx.motorad.com\/wp-content\/uploads\/2025\/04\/Fail-Safe_Callout_web-1.jpg","type":"image\/jpeg"}],"twitter_card":"summary_large_image","twitter_misc":{"Est. reading time":"2 minutes"},"schema":{"@context":"https:\/\/schema.org","@graph":[{"@type":"WebPage","@id":"https:\/\/mx.motorad.com\/fr\/produits\/thermostats\/thermostats-motorad-fail-safe\/","url":"https:\/\/mx.motorad.com\/fr\/produits\/thermostats\/thermostats-motorad-fail-safe\/","name":"Thermostats MotoRad Fail-Safe\u00ae - MotoRad","isPartOf":{"@id":"https:\/\/mx.motorad.com\/fr\/#website"},"primaryImageOfPage":{"@id":"https:\/\/mx.motorad.com\/fr\/produits\/thermostats\/thermostats-motorad-fail-safe\/#primaryimage"},"image":{"@id":"https:\/\/mx.motorad.com\/fr\/produits\/thermostats\/thermostats-motorad-fail-safe\/#primaryimage"},"thumbnailUrl":"https:\/\/mx.motorad.com\/wp-content\/uploads\/2025\/04\/Fail-Safe_Callout_web-1.jpg","datePublished":"2025-04-03T15:52:13+00:00","dateModified":"2026-03-17T12:50:54+00:00","description":"Les thermostats Motorad Fail-Safe sont con\u00e7us pour pr\u00e9venir la surchauffe du moteur & offrir une tranquillit\u00e9 d\u2019esprit sur la route. Passez aux thermostats Motorad Fail-Safe pour une r\u00e9gulation fiable de la temp\u00e9rature et une conduite sans souci.","breadcrumb":{"@id":"https:\/\/mx.motorad.com\/fr\/produits\/thermostats\/thermostats-motorad-fail-safe\/#breadcrumb"},"inLanguage":"fr-FR","potentialAction":[{"@type":"ReadAction","target":["https:\/\/mx.motorad.com\/fr\/produits\/thermostats\/thermostats-motorad-fail-safe\/"]}]},{"@type":"ImageObject","inLanguage":"fr-FR","@id":"https:\/\/mx.motorad.com\/fr\/produits\/thermostats\/thermostats-motorad-fail-safe\/#primaryimage","url":"https:\/\/mx.motorad.com\/wp-content\/uploads\/2025\/04\/Fail-Safe_Callout_web-1.jpg","contentUrl":"https:\/\/mx.motorad.com\/wp-content\/uploads\/2025\/04\/Fail-Safe_Callout_web-1.jpg"},{"@type":"BreadcrumbList","@id":"https:\/\/mx.motorad.com\/fr\/produits\/thermostats\/thermostats-motorad-fail-safe\/#breadcrumb","itemListElement":[{"@type":"ListItem","position":1,"name":"Home","item":"https:\/\/mx.motorad.com\/fr\/"},{"@type":"ListItem","position":2,"name":"Produits","item":"https:\/\/motoradnew.test\/fr\/produits\/"},{"@type":"ListItem","position":3,"name":"Thermostats","item":"https:\/\/motoradnew.test\/fr\/produits\/thermostats\/"},{"@type":"ListItem","position":4,"name":"Thermostats MotoRad Fail-Safe\u00ae"}]},{"@type":"WebSite","@id":"https:\/\/mx.motorad.com\/fr\/#website","url":"https:\/\/mx.motorad.com\/fr\/","name":"MotoRad","description":"Trusted to Deliver Better - Thermal Management, Emissions, Powertrain Controls","potentialAction":[{"@type":"SearchAction","target":{"@type":"EntryPoint","urlTemplate":"https:\/\/mx.motorad.com\/fr\/?s={search_term_string}"},"query-input":{"@type":"PropertyValueSpecification","valueRequired":true,"valueName":"search_term_string"}}],"inLanguage":"fr-FR"}]}},"_links":{"self":[{"href":"https:\/\/mx.motorad.com\/fr\/wp-json\/wp\/v2\/pages\/6078","targetHints":{"allow":["GET"]}}],"collection":[{"href":"https:\/\/mx.motorad.com\/fr\/wp-json\/wp\/v2\/pages"}],"about":[{"href":"https:\/\/mx.motorad.com\/fr\/wp-json\/wp\/v2\/types\/page"}],"author":[{"embeddable":true,"href":"https:\/\/mx.motorad.com\/fr\/wp-json\/wp\/v2\/users\/1"}],"replies":[{"embeddable":true,"href":"https:\/\/mx.motorad.com\/fr\/wp-json\/wp\/v2\/comments?post=6078"}],"version-history":[{"count":4,"href":"https:\/\/mx.motorad.com\/fr\/wp-json\/wp\/v2\/pages\/6078\/revisions"}],"predecessor-version":[{"id":87654,"href":"https:\/\/mx.motorad.com\/fr\/wp-json\/wp\/v2\/pages\/6078\/revisions\/87654"}],"up":[{"embeddable":true,"href":"https:\/\/mx.motorad.com\/fr\/wp-json\/wp\/v2\/pages\/6849"}],"wp:attachment":[{"href":"https:\/\/mx.motorad.com\/fr\/wp-json\/wp\/v2\/media?parent=6078"}],"curies":[{"name":"wp","href":"https:\/\/api.w.org\/{rel}","templated":true}]}}