{"id":6803,"date":"2025-04-03T14:17:29","date_gmt":"2025-04-03T14:17:29","guid":{"rendered":"https:\/\/mx.motorad.com\/portail-partenaire-motorad\/"},"modified":"2025-06-30T18:32:15","modified_gmt":"2025-06-30T18:32:15","slug":"portail-partenaire-motorad","status":"publish","type":"page","link":"https:\/\/mx.motorad.com\/fr\/portail-partenaire-motorad\/","title":{"rendered":"Portail partenaire Motorad"},"content":{"rendered":"<h1 style=\"margin-top:var(--wp--preset--spacing--60);\" class=\"wp-block-post-title\">Portail partenaire Motorad<\/h1>\n<div class=\"wp-block-columns is-layout-flex wp-container-core-columns-is-layout-baf23659 wp-block-columns-is-layout-flex\" style=\"margin-bottom:var(--wp--preset--spacing--60)\">\n<div class=\"wp-block-column is-layout-flow wp-block-column-is-layout-flow\" style=\"flex-basis:33.33%\">\n<figure class=\"wp-block-image size-full\"><img loading=\"lazy\" decoding=\"async\" width=\"500\" height=\"500\" src=\"https:\/\/mx.motorad.com\/wp-content\/uploads\/2025\/04\/motorad-portal.jpg\" alt=\"\" class=\"wp-image-3183\" srcset=\"https:\/\/mx.motorad.com\/wp-content\/uploads\/2025\/04\/motorad-portal.jpg 500w, https:\/\/mx.motorad.com\/wp-content\/uploads\/2025\/04\/motorad-portal-300x300.jpg 300w, https:\/\/mx.motorad.com\/wp-content\/uploads\/2025\/04\/motorad-portal-150x150.jpg 150w\" sizes=\"auto, (max-width: 500px) 100vw, 500px\" \/><\/figure>\n<\/div>\n\n\n\n<div class=\"wp-block-column is-vertically-aligned-center is-layout-flow wp-block-column-is-layout-flow\" style=\"flex-basis:66.66%\">\n<p>Nous consid\u00e9rons nos fournisseurs et nos clients comme des partenaires commerciaux essentiels. <\/p>\n\n\n\n<p>Notre portail partenaire offre un acc\u00e8s transparent aux d\u00e9tails critiques des comptes, au suivi des exp\u00e9ditions et au statut des retours de produits, garantissant ainsi transparence et efficacit\u00e9. <\/p>\n\n\n\n<p>Avec des portails d\u00e9di\u00e9s pour diff\u00e9rentes r\u00e9gions, notamment Isra\u00ebl, l&rsquo;Allemagne, les \u00c9tats-Unis et le Mexique, nous facilitons l&rsquo;acc\u00e8s \u00e0 l&rsquo;information et la gestion des activit\u00e9s avec MotoRad pour nos partenaires du monde entier.<\/p>\n<\/div>\n<\/div>\n\n<p class=\"has-large-font-size\" style=\"margin-bottom:var(--wp--preset--spacing--70)\"><strong>Access your regional portal:<br\/><\/strong><a href=\"https:\/\/portal.mx.motorad.com\/\">Israel<\/a> | <a href=\"https:\/\/portal.mx.motorad.com\/?CONFIG=MOTOG&amp;C=germany\">Germany<\/a> | <a href=\"https:\/\/portal.mx.motorad.com\/?CONFIG=MOTOUS&amp;C=mtr\">USA<\/a> | <a href=\"https:\/\/portal.mx.motorad.com\/?CONFIG=MOTOMEX&amp;C=mexicor\">Mexico<\/a> | <a href=\"https:\/\/portal.mx.motorad.com\/?CONFIG=MOTOMEXP&amp;C=mexico\">Mexico Production<\/a><\/p>\n\n<div class=\"wp-block-cover alignfull is-light\" style=\"padding-top:var(--wp--preset--spacing--60);padding-bottom:var(--wp--preset--spacing--60)\"><span aria-hidden=\"true\" class=\"wp-block-cover__background has-background-dim-0 has-background-dim\" style=\"background-color:#ece5d9\"><\/span><img loading=\"lazy\" decoding=\"async\" width=\"1505\" height=\"305\" class=\"wp-block-cover__image-background wp-image-223\" alt=\"\" src=\"https:\/\/mx.motorad.com\/wp-content\/uploads\/2025\/03\/FooterCTA.jpg\" data-object-fit=\"cover\" srcset=\"https:\/\/mx.motorad.com\/wp-content\/uploads\/2025\/03\/FooterCTA.jpg 1505w, https:\/\/mx.motorad.com\/wp-content\/uploads\/2025\/03\/FooterCTA-300x61.jpg 300w, https:\/\/mx.motorad.com\/wp-content\/uploads\/2025\/03\/FooterCTA-1024x208.jpg 1024w, https:\/\/mx.motorad.com\/wp-content\/uploads\/2025\/03\/FooterCTA-768x156.jpg 768w\" sizes=\"auto, (max-width: 1505px) 100vw, 1505px\" \/><div class=\"wp-block-cover__inner-container is-layout-flow wp-block-cover-is-layout-flow\">\n<div class=\"wp-block-columns are-vertically-aligned-center is-layout-flex wp-container-core-columns-is-layout-cbe57604 wp-block-columns-is-layout-flex\">\n<div class=\"wp-block-column is-vertically-aligned-center is-layout-flow wp-block-column-is-layout-flow\" style=\"flex-basis:45%\">\n<h2 class=\"wp-block-heading has-text-align-center has-palette-text-color has-text-color\" id=\"h-need-help-finding-the-right-product\" style=\"margin-bottom:var(--wp--preset--spacing--40)\">Vous avez besoin d&rsquo;aide pour trouver le bon produit ?<\/h2>\n\n\n\n<p class=\"has-text-align-center has-palette-text-color has-text-color\" style=\"margin-bottom:var(--wp--preset--spacing--50)\">Notre \u00e9quipe d\u00e9vou\u00e9e est l\u00e0 pour vous orienter dans la bonne direction. Cliquez ci-dessous et dites-nous comment nous pouvons vous aider \u00e0 trouver le produit id\u00e9al pour vos besoins. Votre voyage vers une meilleure exp\u00e9rience commence ici.  <\/p>\n\n\n\n<div class=\"wp-block-buttons is-content-justification-center is-layout-flex wp-container-core-buttons-is-layout-a89b3969 wp-block-buttons-is-layout-flex\">\n<div class=\"wp-block-button\"><a class=\"wp-block-button__link has-text-align-center wp-element-button\" href=\"https:\/\/mx.motorad.com\/contact\/need-help-finding-something\/\">Parlez \u00e0 un sp\u00e9cialiste MotoRad<\/a><\/div>\n<\/div>\n<\/div>\n\n\n\n<div class=\"wp-block-column is-layout-flow wp-block-column-is-layout-flow\" style=\"flex-basis:10%\"><\/div>\n\n\n\n<div class=\"wp-block-column is-layout-flow wp-block-column-is-layout-flow\" style=\"flex-basis:45%\">\n<h2 class=\"wp-block-heading has-text-align-center has-palette-text-color has-text-color\" id=\"h-looking-for-custom-development\" style=\"margin-bottom:var(--wp--preset--spacing--40)\">Vous cherchez un d\u00e9veloppement sur mesure ?<\/h2>\n\n\n\n<p class=\"has-text-align-center has-palette-text-color has-text-color\" style=\"margin-bottom:var(--wp--preset--spacing--50)\">Nous ne nous contentons pas de proposer des produits ; nous \u00e9laborons des solutions sur mesure qui r\u00e9pondent \u00e0 vos besoins. \u00cates-vous pr\u00eat \u00e0 donner vie \u00e0 votre nouveau projet ? Cliquez ci-dessous, et embarquons ensemble pour le d\u00e9veloppement de produits sur mesure.  <\/p>\n\n\n\n<div class=\"wp-block-buttons is-content-justification-center is-layout-flex wp-container-core-buttons-is-layout-a89b3969 wp-block-buttons-is-layout-flex\">\n<div class=\"wp-block-button is-style-fill\"><a class=\"wp-block-button__link has-palette-bg-color has-palette-text-background-color has-text-color has-background has-text-align-center wp-element-button\" href=\"https:\/\/mx.motorad.com\/contact\/do-you-need-custom-development\/\">Nous voulons \u00eatre votre fournisseur<\/a><\/div>\n<\/div>\n<\/div>\n<\/div>\n<\/div><\/div>\n","protected":false},"excerpt":{"rendered":"<p>Nous consid\u00e9rons nos fournisseurs et nos clients comme des partenaires commerciaux essentiels. Notre portail partenaire offre un acc\u00e8s transparent aux [&#8230;]<\/p>\n","protected":false},"author":1,"featured_media":0,"parent":0,"menu_order":0,"comment_status":"closed","ping_status":"closed","template":"","meta":{"_acf_changed":false,"footnotes":""},"class_list":["post-6803","page","type-page","status-publish","hentry"],"acf":[],"yoast_head":"<!-- This site is optimized with the Yoast SEO Premium plugin v27.2 (Yoast SEO v27.2) - https:\/\/yoast.com\/product\/yoast-seo-premium-wordpress\/ -->\n<title>Portail partenaire Motorad - MotoRad<\/title>\n<meta name=\"description\" content=\"Le portail partenaire de MotoRad donne acc\u00e8s aux d\u00e9tails du compte, au suivi des exp\u00e9ditions et au statut des retours de produits.\" \/>\n<meta name=\"robots\" content=\"index, follow, max-snippet:-1, max-image-preview:large, max-video-preview:-1\" \/>\n<link rel=\"canonical\" href=\"https:\/\/mx.motorad.com\/fr\/portail-partenaire-motorad\/\" \/>\n<meta property=\"og:locale\" content=\"fr_FR\" \/>\n<meta property=\"og:type\" content=\"article\" \/>\n<meta property=\"og:title\" content=\"Portail partenaire Motorad\" \/>\n<meta property=\"og:description\" content=\"Le portail partenaire de MotoRad donne acc\u00e8s aux d\u00e9tails du compte, au suivi des exp\u00e9ditions et au statut des retours de produits.\" \/>\n<meta property=\"og:url\" content=\"https:\/\/mx.motorad.com\/fr\/portail-partenaire-motorad\/\" \/>\n<meta property=\"og:site_name\" content=\"MotoRad\" \/>\n<meta property=\"article:modified_time\" content=\"2025-06-30T18:32:15+00:00\" \/>\n<meta property=\"og:image\" content=\"https:\/\/mx.motorad.com\/wp-content\/uploads\/2025\/04\/motorad-portal.jpg\" \/>\n\t<meta property=\"og:image:width\" content=\"500\" \/>\n\t<meta property=\"og:image:height\" content=\"500\" \/>\n\t<meta property=\"og:image:type\" content=\"image\/jpeg\" \/>\n<meta name=\"twitter:card\" content=\"summary_large_image\" \/>\n<script type=\"application\/ld+json\" class=\"yoast-schema-graph\">{\"@context\":\"https:\/\/schema.org\",\"@graph\":[{\"@type\":\"WebPage\",\"@id\":\"https:\/\/mx.motorad.com\/fr\/portail-partenaire-motorad\/\",\"url\":\"https:\/\/mx.motorad.com\/fr\/portail-partenaire-motorad\/\",\"name\":\"Portail partenaire Motorad - MotoRad\",\"isPartOf\":{\"@id\":\"https:\/\/mx.motorad.com\/fr\/#website\"},\"primaryImageOfPage\":{\"@id\":\"https:\/\/mx.motorad.com\/fr\/portail-partenaire-motorad\/#primaryimage\"},\"image\":{\"@id\":\"https:\/\/mx.motorad.com\/fr\/portail-partenaire-motorad\/#primaryimage\"},\"thumbnailUrl\":\"https:\/\/mx.motorad.com\/wp-content\/uploads\/2025\/04\/motorad-portal.jpg\",\"datePublished\":\"2025-04-03T14:17:29+00:00\",\"dateModified\":\"2025-06-30T18:32:15+00:00\",\"description\":\"Le portail partenaire de MotoRad donne acc\u00e8s aux d\u00e9tails du compte, au suivi des exp\u00e9ditions et au statut des retours de produits.\",\"breadcrumb\":{\"@id\":\"https:\/\/mx.motorad.com\/fr\/portail-partenaire-motorad\/#breadcrumb\"},\"inLanguage\":\"fr-FR\",\"potentialAction\":[{\"@type\":\"ReadAction\",\"target\":[\"https:\/\/mx.motorad.com\/fr\/portail-partenaire-motorad\/\"]}]},{\"@type\":\"ImageObject\",\"inLanguage\":\"fr-FR\",\"@id\":\"https:\/\/mx.motorad.com\/fr\/portail-partenaire-motorad\/#primaryimage\",\"url\":\"https:\/\/mx.motorad.com\/wp-content\/uploads\/2025\/04\/motorad-portal.jpg\",\"contentUrl\":\"https:\/\/mx.motorad.com\/wp-content\/uploads\/2025\/04\/motorad-portal.jpg\"},{\"@type\":\"BreadcrumbList\",\"@id\":\"https:\/\/mx.motorad.com\/fr\/portail-partenaire-motorad\/#breadcrumb\",\"itemListElement\":[{\"@type\":\"ListItem\",\"position\":1,\"name\":\"Home\",\"item\":\"https:\/\/mx.motorad.com\/fr\/\"},{\"@type\":\"ListItem\",\"position\":2,\"name\":\"Portail partenaire Motorad\"}]},{\"@type\":\"WebSite\",\"@id\":\"https:\/\/mx.motorad.com\/fr\/#website\",\"url\":\"https:\/\/mx.motorad.com\/fr\/\",\"name\":\"MotoRad\",\"description\":\"Trusted to Deliver Better - Thermal Management, Emissions, Powertrain Controls\",\"potentialAction\":[{\"@type\":\"SearchAction\",\"target\":{\"@type\":\"EntryPoint\",\"urlTemplate\":\"https:\/\/mx.motorad.com\/fr\/?s={search_term_string}\"},\"query-input\":{\"@type\":\"PropertyValueSpecification\",\"valueRequired\":true,\"valueName\":\"search_term_string\"}}],\"inLanguage\":\"fr-FR\"}]}<\/script>\n<!-- \/ Yoast SEO Premium plugin. -->","yoast_head_json":{"title":"Portail partenaire Motorad - MotoRad","description":"Le portail partenaire de MotoRad donne acc\u00e8s aux d\u00e9tails du compte, au suivi des exp\u00e9ditions et au statut des retours de produits.","robots":{"index":"index","follow":"follow","max-snippet":"max-snippet:-1","max-image-preview":"max-image-preview:large","max-video-preview":"max-video-preview:-1"},"canonical":"https:\/\/mx.motorad.com\/fr\/portail-partenaire-motorad\/","og_locale":"fr_FR","og_type":"article","og_title":"Portail partenaire Motorad","og_description":"Le portail partenaire de MotoRad donne acc\u00e8s aux d\u00e9tails du compte, au suivi des exp\u00e9ditions et au statut des retours de produits.","og_url":"https:\/\/mx.motorad.com\/fr\/portail-partenaire-motorad\/","og_site_name":"MotoRad","article_modified_time":"2025-06-30T18:32:15+00:00","og_image":[{"width":500,"height":500,"url":"https:\/\/mx.motorad.com\/wp-content\/uploads\/2025\/04\/motorad-portal.jpg","type":"image\/jpeg"}],"twitter_card":"summary_large_image","schema":{"@context":"https:\/\/schema.org","@graph":[{"@type":"WebPage","@id":"https:\/\/mx.motorad.com\/fr\/portail-partenaire-motorad\/","url":"https:\/\/mx.motorad.com\/fr\/portail-partenaire-motorad\/","name":"Portail partenaire Motorad - MotoRad","isPartOf":{"@id":"https:\/\/mx.motorad.com\/fr\/#website"},"primaryImageOfPage":{"@id":"https:\/\/mx.motorad.com\/fr\/portail-partenaire-motorad\/#primaryimage"},"image":{"@id":"https:\/\/mx.motorad.com\/fr\/portail-partenaire-motorad\/#primaryimage"},"thumbnailUrl":"https:\/\/mx.motorad.com\/wp-content\/uploads\/2025\/04\/motorad-portal.jpg","datePublished":"2025-04-03T14:17:29+00:00","dateModified":"2025-06-30T18:32:15+00:00","description":"Le portail partenaire de MotoRad donne acc\u00e8s aux d\u00e9tails du compte, au suivi des exp\u00e9ditions et au statut des retours de produits.","breadcrumb":{"@id":"https:\/\/mx.motorad.com\/fr\/portail-partenaire-motorad\/#breadcrumb"},"inLanguage":"fr-FR","potentialAction":[{"@type":"ReadAction","target":["https:\/\/mx.motorad.com\/fr\/portail-partenaire-motorad\/"]}]},{"@type":"ImageObject","inLanguage":"fr-FR","@id":"https:\/\/mx.motorad.com\/fr\/portail-partenaire-motorad\/#primaryimage","url":"https:\/\/mx.motorad.com\/wp-content\/uploads\/2025\/04\/motorad-portal.jpg","contentUrl":"https:\/\/mx.motorad.com\/wp-content\/uploads\/2025\/04\/motorad-portal.jpg"},{"@type":"BreadcrumbList","@id":"https:\/\/mx.motorad.com\/fr\/portail-partenaire-motorad\/#breadcrumb","itemListElement":[{"@type":"ListItem","position":1,"name":"Home","item":"https:\/\/mx.motorad.com\/fr\/"},{"@type":"ListItem","position":2,"name":"Portail partenaire Motorad"}]},{"@type":"WebSite","@id":"https:\/\/mx.motorad.com\/fr\/#website","url":"https:\/\/mx.motorad.com\/fr\/","name":"MotoRad","description":"Trusted to Deliver Better - Thermal Management, Emissions, Powertrain Controls","potentialAction":[{"@type":"SearchAction","target":{"@type":"EntryPoint","urlTemplate":"https:\/\/mx.motorad.com\/fr\/?s={search_term_string}"},"query-input":{"@type":"PropertyValueSpecification","valueRequired":true,"valueName":"search_term_string"}}],"inLanguage":"fr-FR"}]}},"_links":{"self":[{"href":"https:\/\/mx.motorad.com\/fr\/wp-json\/wp\/v2\/pages\/6803","targetHints":{"allow":["GET"]}}],"collection":[{"href":"https:\/\/mx.motorad.com\/fr\/wp-json\/wp\/v2\/pages"}],"about":[{"href":"https:\/\/mx.motorad.com\/fr\/wp-json\/wp\/v2\/types\/page"}],"author":[{"embeddable":true,"href":"https:\/\/mx.motorad.com\/fr\/wp-json\/wp\/v2\/users\/1"}],"replies":[{"embeddable":true,"href":"https:\/\/mx.motorad.com\/fr\/wp-json\/wp\/v2\/comments?post=6803"}],"version-history":[{"count":1,"href":"https:\/\/mx.motorad.com\/fr\/wp-json\/wp\/v2\/pages\/6803\/revisions"}],"predecessor-version":[{"id":6804,"href":"https:\/\/mx.motorad.com\/fr\/wp-json\/wp\/v2\/pages\/6803\/revisions\/6804"}],"wp:attachment":[{"href":"https:\/\/mx.motorad.com\/fr\/wp-json\/wp\/v2\/media?parent=6803"}],"curies":[{"name":"wp","href":"https:\/\/api.w.org\/{rel}","templated":true}]}}