{"id":6849,"date":"2025-04-03T15:31:25","date_gmt":"2025-04-03T15:31:25","guid":{"rendered":"https:\/\/mx.motorad.com\/thermostats\/"},"modified":"2025-07-17T13:56:08","modified_gmt":"2025-07-17T13:56:08","slug":"thermostats","status":"publish","type":"page","link":"https:\/\/mx.motorad.com\/fr\/produits\/thermostats\/","title":{"rendered":"Thermostats"},"content":{"rendered":"\n<div class=\"wp-block-columns is-layout-flex wp-container-core-columns-is-layout-45c10ec9 wp-block-columns-is-layout-flex\" style=\"margin-top:var(--wp--preset--spacing--60);margin-bottom:var(--wp--preset--spacing--60)\">\n<div class=\"wp-block-column is-vertically-aligned-center is-layout-flow wp-block-column-is-layout-flow\" style=\"flex-basis:33.33%\">\n<figure class=\"wp-block-image aligncenter size-full\"><img loading=\"lazy\" decoding=\"async\" width=\"216\" height=\"216\" src=\"https:\/\/mx.motorad.com\/wp-content\/uploads\/2025\/04\/Motorad-04.svg\" alt=\"\" class=\"wp-image-3379\"\/><\/figure>\n<\/div>\n\n\n\n<div class=\"wp-block-column is-layout-flow wp-block-column-is-layout-flow\" style=\"flex-basis:66.66%\">\n<h2 class=\"wp-block-heading\" id=\"h-explore-oem-quality-automotive-thermostats-motorad\" style=\"margin-bottom:var(--wp--preset--spacing--50)\">D\u00e9couvrez les thermostats automobiles de qualit\u00e9 OEM | MotoRad\u00ae<\/h2>\n\n\n\n<p style=\"margin-bottom:var(--wp--preset--spacing--20)\">MotoRad\u00ae offre la meilleure couverture de thermostats au monde pour presque tous les v\u00e9hicules et moteurs. Les thermostats MotoRad\u00ae jouent un r\u00f4le crucial dans le maintien de la temp\u00e9rature de fonctionnement du moteur.  <\/p>\n\n\n\n<p style=\"margin-bottom:var(--wp--preset--spacing--20)\"><em>Le thermostat agit comme une valve sensible \u00e0 la temp\u00e9rature <\/em>r\u00e9gulant le flux de liquide de refroidissement du moteur<em>.<\/em> <em>Il s&rsquo;ouvre et se ferme en r\u00e9ponse \u00e0 la temp\u00e9rature du moteur, maintenant<\/em> <em>celle-ci dans la plage de fonctionnement id\u00e9ale.<\/em><\/p>\n\n\n\n<p style=\"margin-bottom:var(--wp--preset--spacing--20)\">La performance du thermostat dans un v\u00e9hicule affecte l&rsquo;efficacit\u00e9 de la combustion et le transfert de puissance, la consommation de carburant, l&rsquo;\u00e9mission de polluants et la dur\u00e9e de vie du moteur.<\/p>\n\n\n\n<p style=\"margin-bottom:var(--wp--preset--spacing--20)\"><em><strong>Caract\u00e9ristiques principales :<\/strong><\/em><\/p>\n\n\n\n<ul class=\"wp-block-list\">\n<li><em>Le thermostat aide \u00e0 emp\u00eacher la surchauffe du moteur en permettant<\/em> <em>au liquide de refroidissement de circuler lorsque le moteur atteint une certaine temp\u00e9rature.<\/em><\/li>\n\n\n\n<li><em>Maintenir le moteur \u00e0 la temp\u00e9rature de fonctionnement correcte am\u00e9liore<\/em> <em>l&rsquo;efficacit\u00e9 \u00e9nerg\u00e9tique.<\/em><\/li>\n\n\n\n<li><em>Maintenir la temp\u00e9rature correcte du moteur est essentiel<\/em> <em>pour le contr\u00f4le des \u00e9missions.<\/em><\/li>\n\n\n\n<li>Les moteurs \u00e0 combustion interne (M.C.I.), ainsi que les v\u00e9hicules \u00e9lectrifi\u00e9s, hybrides et \u00e9lectriques, utilisent tous des thermostats pour maintenir une temp\u00e9rature de fonctionnement appropri\u00e9e. <\/li>\n<\/ul>\n<\/div>\n<\/div>\n\n<h3 class=\"wp-block-heading\" id=\"h-premium-automotive-thermostats-for-global-distribution\" style=\"margin-bottom:var(--wp--preset--spacing--40)\">Thermostats automobiles haut de gamme pour distribution mondiale<\/h3>\n\n<p style=\"margin-bottom:var(--wp--preset--spacing--30)\">MotoRad\u00ae est le principal fabricant et fournisseur de thermostats automobiles et de produits connexes. Notre vaste catalogue propose des thermostats de haute qualit\u00e9 adapt\u00e9s \u00e0 divers mod\u00e8les de v\u00e9hicules. Que ce soit en Am\u00e9rique du Nord, au Mexique, au Canada, au Br\u00e9sil, en Europe ou dans la r\u00e9gion EMEA, nous avons la solution parfaite pour vos besoins automobiles.  <\/p>\n\n<h4 class=\"wp-block-heading has-text-align-center is-style-subheading\">D\u00e9couvrez notre gamme :<\/h4>\n\n<p class=\"has-text-align-center is-style-subheading\" style=\"margin-bottom:var(--wp--preset--spacing--30)\">Explorez notre catalogue complet pr\u00e9sentant une gamme diversifi\u00e9e de thermostats automobiles con\u00e7us pour r\u00e9pondre aux normes les plus \u00e9lev\u00e9es de l&rsquo;industrie. Des mod\u00e8les standard aux variantes sp\u00e9cialis\u00e9es, nous avons le thermostat parfait pour votre v\u00e9hicule. <\/p>\n\n<div class=\"wp-block-columns is-layout-flex wp-container-core-columns-is-layout-1a0c0cd9 wp-block-columns-is-layout-flex\" style=\"margin-top:var(--wp--preset--spacing--60);margin-bottom:var(--wp--preset--spacing--60)\">\n<div class=\"wp-block-column is-layout-flow wp-block-column-is-layout-flow\">\n<h4 class=\"wp-block-heading has-text-align-center has-medium-font-size\" id=\"h-automotive-thermostats\" style=\"margin-bottom:var(--wp--preset--spacing--40)\"><a href=\"https:\/\/mx.motorad.com\/fr\/thermostats\/thermostats-automobiles\/\">Thermostats automobiles<\/a><\/h4>\n\n\n\n<figure class=\"wp-block-image aligncenter size-full is-resized\"><a href=\"https:\/\/mx.motorad.com\/fr\/thermostats\/thermostats-automobiles\/\"><img loading=\"lazy\" decoding=\"async\" width=\"240\" height=\"248\" src=\"https:\/\/mx.motorad.com\/wp-content\/uploads\/2025\/04\/part.webp\" alt=\"\" class=\"wp-image-3408\" style=\"width:auto;height:115px\"\/><\/a><\/figure>\n<\/div>\n\n\n\n<div class=\"wp-block-column is-layout-flow wp-block-column-is-layout-flow\">\n<h4 class=\"wp-block-heading has-text-align-center has-medium-font-size\" id=\"h-fail-safe-thermostats\" style=\"margin-bottom:var(--wp--preset--spacing--40)\"><a href=\"http:\/\/MotoRad%20Fail-Safe%C2%AE%20Thermostats\">Thermostats Fail-safe\u00ae<\/a><\/h4>\n\n\n\n<figure class=\"wp-block-image size-full\"><a href=\"https:\/\/mx.motorad.com\/fr\/thermostats\/thermostats-motorad-fail-safe\/\"><img loading=\"lazy\" decoding=\"async\" width=\"457\" height=\"204\" src=\"https:\/\/mx.motorad.com\/wp-content\/uploads\/2025\/04\/Fail-Safe_Callout_web-1.jpg\" alt=\"\" class=\"wp-image-3401\" srcset=\"https:\/\/mx.motorad.com\/wp-content\/uploads\/2025\/04\/Fail-Safe_Callout_web-1.jpg 457w, https:\/\/mx.motorad.com\/wp-content\/uploads\/2025\/04\/Fail-Safe_Callout_web-1-300x134.jpg 300w\" sizes=\"auto, (max-width: 457px) 100vw, 457px\" \/><\/a><\/figure>\n<\/div>\n\n\n\n<div class=\"wp-block-column is-layout-flow wp-block-column-is-layout-flow\">\n<h4 class=\"wp-block-heading has-text-align-center has-medium-font-size\" id=\"h-ultrastat-thermostats\" style=\"margin-right:0;margin-bottom:var(--wp--preset--spacing--40)\"><a href=\"https:\/\/mx.motorad.com\/fr\/thermostats\/thermostats-motorad-ultrastat\/\">Thermostats UltraStat\u00ae<\/a><\/h4>\n\n\n\n<figure class=\"wp-block-image size-full\"><a href=\"https:\/\/mx.motorad.com\/fr\/thermostats\/thermostats-motorad-ultrastat\/\"><img loading=\"lazy\" decoding=\"async\" width=\"720\" height=\"347\" src=\"https:\/\/mx.motorad.com\/wp-content\/uploads\/2025\/04\/UltraStat_Image_web-1.jpg\" alt=\"\" class=\"wp-image-3415\" srcset=\"https:\/\/mx.motorad.com\/wp-content\/uploads\/2025\/04\/UltraStat_Image_web-1.jpg 720w, https:\/\/mx.motorad.com\/wp-content\/uploads\/2025\/04\/UltraStat_Image_web-1-300x145.jpg 300w\" sizes=\"auto, (max-width: 720px) 100vw, 720px\" \/><\/a><\/figure>\n<\/div>\n\n\n\n<div class=\"wp-block-column is-layout-flow wp-block-column-is-layout-flow\">\n<h4 class=\"wp-block-heading has-text-align-center has-medium-font-size\" id=\"h-coolant-housing\" style=\"margin-bottom:var(--wp--preset--spacing--40)\"><a href=\"https:\/\/mx.motorad.com\/fr\/thermostats\/boitiers-de-liquide-de-refroidissement-motorad\/\">Bo\u00eetier de <br\/>liquide de refroidissement<\/a><\/h4>\n\n\n\n<figure class=\"wp-block-image size-full\"><a href=\"https:\/\/mx.motorad.com\/fr\/thermostats\/boitiers-de-liquide-de-refroidissement-motorad\/\"><img loading=\"lazy\" decoding=\"async\" width=\"709\" height=\"319\" src=\"https:\/\/mx.motorad.com\/wp-content\/uploads\/2025\/04\/CH1026_Angle.jpg\" alt=\"\" class=\"wp-image-3394\" srcset=\"https:\/\/mx.motorad.com\/wp-content\/uploads\/2025\/04\/CH1026_Angle.jpg 709w, https:\/\/mx.motorad.com\/wp-content\/uploads\/2025\/04\/CH1026_Angle-300x135.jpg 300w\" sizes=\"auto, (max-width: 709px) 100vw, 709px\" \/><\/a><\/figure>\n<\/div>\n\n\n\n<div class=\"wp-block-column is-layout-flow wp-block-column-is-layout-flow\">\n<h4 class=\"wp-block-heading has-text-align-center has-medium-font-size\" id=\"h-integrated-housing-thermostats\" style=\"margin-bottom:var(--wp--preset--spacing--40)\"><a href=\"https:\/\/mx.motorad.com\/fr\/thermostats\/thermostats-a-boitier-integre-motorad\/\">Thermostats \u00e0 bo\u00eetier int\u00e9gr\u00e9<\/a><\/h4>\n\n\n\n<figure class=\"wp-block-image size-full\"><a href=\"https:\/\/mx.motorad.com\/fr\/thermostats\/thermostats-a-boitier-integre-motorad\/\"><img loading=\"lazy\" decoding=\"async\" width=\"709\" height=\"319\" src=\"https:\/\/mx.motorad.com\/wp-content\/uploads\/2025\/04\/1000-217_Angle.jpg\" alt=\"\" class=\"wp-image-3387\" srcset=\"https:\/\/mx.motorad.com\/wp-content\/uploads\/2025\/04\/1000-217_Angle.jpg 709w, https:\/\/mx.motorad.com\/wp-content\/uploads\/2025\/04\/1000-217_Angle-300x135.jpg 300w\" sizes=\"auto, (max-width: 709px) 100vw, 709px\" \/><\/a><\/figure>\n<\/div>\n<\/div>\n\n<p style=\"margin-bottom:var(--wp--preset--spacing--20)\"><strong>R\u00e9f\u00e9rence crois\u00e9e et compatibilit\u00e9 des thermostats :<\/strong><br\/>Trouvez facilement des thermostats compatibles pour votre v\u00e9hicule gr\u00e2ce \u00e0 notre outil pratique de r\u00e9f\u00e9rence crois\u00e9e. Simplifiez votre recherche et assurez un ajustement pr\u00e9cis \u00e0 chaque fois. <\/p>\n\n<p style=\"margin-bottom:var(--wp--preset--spacing--20)\"><strong>Sp\u00e9cifications d\u00e9taill\u00e9es des produits thermostat :<\/strong><br\/>Vous pouvez acc\u00e9der aux sp\u00e9cifications d\u00e9taill\u00e9es de chaque thermostat, ce qui vous aidera \u00e0 prendre des d\u00e9cisions \u00e9clair\u00e9es en fonction des exigences de votre v\u00e9hicule. Notre engagement envers la qualit\u00e9 et la pr\u00e9cision garantit des performances optimales et une durabilit\u00e9. <\/p>\n\n<p style=\"margin-bottom:var(--wp--preset--spacing--20)\"><strong>Fabricant et fournisseur de confiance pour <strong>les produits de gestion thermique<\/strong> :<\/strong><br\/>En tant que fabricant et fournisseur de confiance, MotoRad\u00ae adh\u00e8re \u00e0 des mesures strictes de contr\u00f4le de la qualit\u00e9 pour fournir des produits fiables qui r\u00e9pondent ou d\u00e9passent les normes de l&rsquo;industrie. Comptez sur nous pour des performances sup\u00e9rieures et une longue dur\u00e9e de vie. <\/p>\n\n<p style=\"margin-bottom:var(--wp--preset--spacing--20)\"><strong>R\u00e9seau de distribution mondiale :<\/strong><br\/>B\u00e9n\u00e9ficiez de notre vaste r\u00e9seau de distribution mondiale, garantissant une livraison rapide \u00e0 votre porte o\u00f9 que vous soyez. Que vous soyez en Am\u00e9rique du Nord, au Mexique, au Canada, au Br\u00e9sil, en Europe ou dans la r\u00e9gion EMEA, acc\u00e9dez facilement \u00e0 nos produits haut de gamme. <\/p>\n\n<p style=\"margin-bottom:var(--wp--preset--spacing--20)\"><strong>Entreposage d\u00e9di\u00e9 :<\/strong><br\/>Nos entrep\u00f4ts strat\u00e9giquement situ\u00e9s facilitent une distribution efficace, minimisant les d\u00e9lais de livraison et assurant la disponibilit\u00e9 des produits quand vous en avez le plus besoin.<\/p>\n\n<p style=\"margin-bottom:var(--wp--preset--spacing--20)\"><strong>Qualit\u00e9 et fiabilit\u00e9 in\u00e9gal\u00e9es :<\/strong><br\/>L&rsquo;engagement de MotoRad\u00ae envers la qualit\u00e9, la fiabilit\u00e9 et la satisfaction du client nous distingue comme leader dans l&rsquo;industrie automobile. Profitez de la tranquillit\u00e9 d&rsquo;esprit en sachant que vous investissez dans des produits qui offrent des performances exceptionnelles dans toutes les conditions. <\/p>\n\n<p style=\"margin-bottom:var(--wp--preset--spacing--20)\">Choisissez MotoRad\u00ae pour tous vos besoins en thermostats automobiles et b\u00e9n\u00e9ficiez d&rsquo;une qualit\u00e9, d&rsquo;une fiabilit\u00e9 et d&rsquo;un service client in\u00e9gal\u00e9s. Parcourez notre catalogue d\u00e8s aujourd&rsquo;hui et am\u00e9liorez les performances de votre v\u00e9hicule avec nos produits haut de gamme. <\/p>\n\n<div class=\"wp-block-buttons is-layout-flex wp-block-buttons-is-layout-flex\" style=\"padding-top:var(--wp--preset--spacing--60);padding-bottom:var(--wp--preset--spacing--70)\">\n<div class=\"wp-block-button\"><a class=\"wp-block-button__link wp-element-button\" href=\"https:\/\/mx.motorad.com\/fr\/produits\/\">Trouvez votre thermostat<\/a><\/div>\n<\/div>\n\n<div class=\"wp-block-cover alignfull is-light\" style=\"padding-top:var(--wp--preset--spacing--60);padding-bottom:var(--wp--preset--spacing--60)\"><span aria-hidden=\"true\" class=\"wp-block-cover__background has-background-dim-0 has-background-dim\" style=\"background-color:#ece5d9\"><\/span><img loading=\"lazy\" decoding=\"async\" width=\"1505\" height=\"305\" class=\"wp-block-cover__image-background wp-image-223\" alt=\"\" src=\"https:\/\/mx.motorad.com\/wp-content\/uploads\/2025\/03\/FooterCTA.jpg\" data-object-fit=\"cover\" srcset=\"https:\/\/mx.motorad.com\/wp-content\/uploads\/2025\/03\/FooterCTA.jpg 1505w, https:\/\/mx.motorad.com\/wp-content\/uploads\/2025\/03\/FooterCTA-300x61.jpg 300w, https:\/\/mx.motorad.com\/wp-content\/uploads\/2025\/03\/FooterCTA-1024x208.jpg 1024w, https:\/\/mx.motorad.com\/wp-content\/uploads\/2025\/03\/FooterCTA-768x156.jpg 768w\" sizes=\"auto, (max-width: 1505px) 100vw, 1505px\" \/><div class=\"wp-block-cover__inner-container is-layout-flow wp-block-cover-is-layout-flow\">\n<div class=\"wp-block-columns are-vertically-aligned-center is-layout-flex wp-container-core-columns-is-layout-cbe57604 wp-block-columns-is-layout-flex\">\n<div class=\"wp-block-column is-vertically-aligned-center is-layout-flow wp-block-column-is-layout-flow\" style=\"flex-basis:45%\">\n<h2 class=\"wp-block-heading has-text-align-center has-palette-text-color has-text-color\" id=\"h-need-help-finding-the-right-product\" style=\"margin-bottom:var(--wp--preset--spacing--40)\">Vous avez besoin d&rsquo;aide pour trouver le bon produit ?<\/h2>\n\n\n\n<p class=\"has-text-align-center has-palette-text-color has-text-color\" style=\"margin-bottom:var(--wp--preset--spacing--50)\">Notre \u00e9quipe d\u00e9vou\u00e9e est l\u00e0 pour vous orienter dans la bonne direction. Cliquez ci-dessous et dites-nous comment nous pouvons vous aider \u00e0 trouver le produit id\u00e9al pour vos besoins. Votre voyage vers une meilleure exp\u00e9rience commence ici.  <\/p>\n\n\n\n<div class=\"wp-block-buttons is-content-justification-center is-layout-flex wp-container-core-buttons-is-layout-a89b3969 wp-block-buttons-is-layout-flex\">\n<div class=\"wp-block-button\"><a class=\"wp-block-button__link has-text-align-center wp-element-button\" href=\"https:\/\/mx.motorad.com\/contact\/need-help-finding-something\/\">Parlez \u00e0 un sp\u00e9cialiste MotoRad<\/a><\/div>\n<\/div>\n<\/div>\n\n\n\n<div class=\"wp-block-column is-layout-flow wp-block-column-is-layout-flow\" style=\"flex-basis:10%\"><\/div>\n\n\n\n<div class=\"wp-block-column is-layout-flow wp-block-column-is-layout-flow\" style=\"flex-basis:45%\">\n<h2 class=\"wp-block-heading has-text-align-center has-palette-text-color has-text-color\" id=\"h-looking-for-custom-development\" style=\"margin-bottom:var(--wp--preset--spacing--40)\">Vous cherchez un d\u00e9veloppement sur mesure ?<\/h2>\n\n\n\n<p class=\"has-text-align-center has-palette-text-color has-text-color\" style=\"margin-bottom:var(--wp--preset--spacing--50)\">Nous ne nous contentons pas de proposer des produits ; nous \u00e9laborons des solutions sur mesure qui r\u00e9pondent \u00e0 vos besoins. \u00cates-vous pr\u00eat \u00e0 donner vie \u00e0 votre nouveau projet ? Cliquez ci-dessous, et embarquons ensemble pour le d\u00e9veloppement de produits sur mesure.  <\/p>\n\n\n\n<div class=\"wp-block-buttons is-content-justification-center is-layout-flex wp-container-core-buttons-is-layout-a89b3969 wp-block-buttons-is-layout-flex\">\n<div class=\"wp-block-button is-style-fill\"><a class=\"wp-block-button__link has-palette-bg-color has-palette-text-background-color has-text-color has-background has-text-align-center wp-element-button\" href=\"https:\/\/mx.motorad.com\/contact\/do-you-need-custom-development\/\">Nous voulons \u00eatre votre fournisseur<\/a><\/div>\n<\/div>\n<\/div>\n<\/div>\n<\/div><\/div>\n","protected":false},"excerpt":{"rendered":"<p>D\u00e9couvrez les thermostats automobiles de qualit\u00e9 OEM | MotoRad\u00ae MotoRad\u00ae offre la meilleure couverture de thermostats au monde pour presque [&#8230;]<\/p>\n","protected":false},"author":1,"featured_media":0,"parent":55742,"menu_order":0,"comment_status":"closed","ping_status":"closed","template":"","meta":{"_acf_changed":false,"footnotes":""},"class_list":["post-6849","page","type-page","status-publish","hentry"],"acf":[],"yoast_head":"<!-- This site is optimized with the Yoast SEO Premium plugin v27.2 (Yoast SEO v27.2) - https:\/\/yoast.com\/product\/yoast-seo-premium-wordpress\/ -->\n<title>Thermostats - MotoRad<\/title>\n<meta name=\"description\" content=\"Trouvez des thermostats automobiles de qualit\u00e9 OEM dans notre vaste catalogue. R\u00e9f\u00e9rences crois\u00e9es, sp\u00e9cifications et plus encore. Fournisseur de confiance avec distribution mondiale.\" \/>\n<meta name=\"robots\" content=\"index, follow, max-snippet:-1, max-image-preview:large, max-video-preview:-1\" \/>\n<link rel=\"canonical\" href=\"https:\/\/mx.motorad.com\/fr\/produits\/thermostats\/\" \/>\n<meta property=\"og:locale\" content=\"fr_FR\" \/>\n<meta property=\"og:type\" content=\"article\" \/>\n<meta property=\"og:title\" content=\"Thermostats\" \/>\n<meta property=\"og:description\" content=\"Trouvez des thermostats automobiles de qualit\u00e9 OEM dans notre vaste catalogue. R\u00e9f\u00e9rences crois\u00e9es, sp\u00e9cifications et plus encore. Fournisseur de confiance avec distribution mondiale.\" \/>\n<meta property=\"og:url\" content=\"https:\/\/mx.motorad.com\/fr\/produits\/thermostats\/\" \/>\n<meta property=\"og:site_name\" content=\"MotoRad\" \/>\n<meta property=\"article:modified_time\" content=\"2025-07-17T13:56:08+00:00\" \/>\n<meta name=\"twitter:card\" content=\"summary_large_image\" \/>\n<meta name=\"twitter:label1\" content=\"Est. reading time\" \/>\n\t<meta name=\"twitter:data1\" content=\"3 minutes\" \/>\n<script type=\"application\/ld+json\" class=\"yoast-schema-graph\">{\"@context\":\"https:\/\/schema.org\",\"@graph\":[{\"@type\":\"WebPage\",\"@id\":\"https:\/\/mx.motorad.com\/fr\/produits\/thermostats\/\",\"url\":\"https:\/\/mx.motorad.com\/fr\/produits\/thermostats\/\",\"name\":\"Thermostats - MotoRad\",\"isPartOf\":{\"@id\":\"https:\/\/mx.motorad.com\/fr\/#website\"},\"primaryImageOfPage\":{\"@id\":\"https:\/\/mx.motorad.com\/fr\/produits\/thermostats\/#primaryimage\"},\"image\":{\"@id\":\"https:\/\/mx.motorad.com\/fr\/produits\/thermostats\/#primaryimage\"},\"thumbnailUrl\":\"https:\/\/mx.motorad.com\/wp-content\/uploads\/2025\/04\/Motorad-04.svg\",\"datePublished\":\"2025-04-03T15:31:25+00:00\",\"dateModified\":\"2025-07-17T13:56:08+00:00\",\"description\":\"Trouvez des thermostats automobiles de qualit\u00e9 OEM dans notre vaste catalogue. R\u00e9f\u00e9rences crois\u00e9es, sp\u00e9cifications et plus encore. Fournisseur de confiance avec distribution mondiale.\",\"breadcrumb\":{\"@id\":\"https:\/\/mx.motorad.com\/fr\/produits\/thermostats\/#breadcrumb\"},\"inLanguage\":\"fr-FR\",\"potentialAction\":[{\"@type\":\"ReadAction\",\"target\":[\"https:\/\/mx.motorad.com\/fr\/produits\/thermostats\/\"]}]},{\"@type\":\"ImageObject\",\"inLanguage\":\"fr-FR\",\"@id\":\"https:\/\/mx.motorad.com\/fr\/produits\/thermostats\/#primaryimage\",\"url\":\"https:\/\/mx.motorad.com\/wp-content\/uploads\/2025\/04\/Motorad-04.svg\",\"contentUrl\":\"https:\/\/mx.motorad.com\/wp-content\/uploads\/2025\/04\/Motorad-04.svg\"},{\"@type\":\"BreadcrumbList\",\"@id\":\"https:\/\/mx.motorad.com\/fr\/produits\/thermostats\/#breadcrumb\",\"itemListElement\":[{\"@type\":\"ListItem\",\"position\":1,\"name\":\"Home\",\"item\":\"https:\/\/mx.motorad.com\/fr\/\"},{\"@type\":\"ListItem\",\"position\":2,\"name\":\"Produits\",\"item\":\"https:\/\/motoradnew.test\/fr\/produits\/\"},{\"@type\":\"ListItem\",\"position\":3,\"name\":\"Thermostats\"}]},{\"@type\":\"WebSite\",\"@id\":\"https:\/\/mx.motorad.com\/fr\/#website\",\"url\":\"https:\/\/mx.motorad.com\/fr\/\",\"name\":\"MotoRad\",\"description\":\"Trusted to Deliver Better - Thermal Management, Emissions, Powertrain Controls\",\"potentialAction\":[{\"@type\":\"SearchAction\",\"target\":{\"@type\":\"EntryPoint\",\"urlTemplate\":\"https:\/\/mx.motorad.com\/fr\/?s={search_term_string}\"},\"query-input\":{\"@type\":\"PropertyValueSpecification\",\"valueRequired\":true,\"valueName\":\"search_term_string\"}}],\"inLanguage\":\"fr-FR\"}]}<\/script>\n<!-- \/ Yoast SEO Premium plugin. -->","yoast_head_json":{"title":"Thermostats - MotoRad","description":"Trouvez des thermostats automobiles de qualit\u00e9 OEM dans notre vaste catalogue. R\u00e9f\u00e9rences crois\u00e9es, sp\u00e9cifications et plus encore. Fournisseur de confiance avec distribution mondiale.","robots":{"index":"index","follow":"follow","max-snippet":"max-snippet:-1","max-image-preview":"max-image-preview:large","max-video-preview":"max-video-preview:-1"},"canonical":"https:\/\/mx.motorad.com\/fr\/produits\/thermostats\/","og_locale":"fr_FR","og_type":"article","og_title":"Thermostats","og_description":"Trouvez des thermostats automobiles de qualit\u00e9 OEM dans notre vaste catalogue. R\u00e9f\u00e9rences crois\u00e9es, sp\u00e9cifications et plus encore. Fournisseur de confiance avec distribution mondiale.","og_url":"https:\/\/mx.motorad.com\/fr\/produits\/thermostats\/","og_site_name":"MotoRad","article_modified_time":"2025-07-17T13:56:08+00:00","twitter_card":"summary_large_image","twitter_misc":{"Est. reading time":"3 minutes"},"schema":{"@context":"https:\/\/schema.org","@graph":[{"@type":"WebPage","@id":"https:\/\/mx.motorad.com\/fr\/produits\/thermostats\/","url":"https:\/\/mx.motorad.com\/fr\/produits\/thermostats\/","name":"Thermostats - MotoRad","isPartOf":{"@id":"https:\/\/mx.motorad.com\/fr\/#website"},"primaryImageOfPage":{"@id":"https:\/\/mx.motorad.com\/fr\/produits\/thermostats\/#primaryimage"},"image":{"@id":"https:\/\/mx.motorad.com\/fr\/produits\/thermostats\/#primaryimage"},"thumbnailUrl":"https:\/\/mx.motorad.com\/wp-content\/uploads\/2025\/04\/Motorad-04.svg","datePublished":"2025-04-03T15:31:25+00:00","dateModified":"2025-07-17T13:56:08+00:00","description":"Trouvez des thermostats automobiles de qualit\u00e9 OEM dans notre vaste catalogue. R\u00e9f\u00e9rences crois\u00e9es, sp\u00e9cifications et plus encore. Fournisseur de confiance avec distribution mondiale.","breadcrumb":{"@id":"https:\/\/mx.motorad.com\/fr\/produits\/thermostats\/#breadcrumb"},"inLanguage":"fr-FR","potentialAction":[{"@type":"ReadAction","target":["https:\/\/mx.motorad.com\/fr\/produits\/thermostats\/"]}]},{"@type":"ImageObject","inLanguage":"fr-FR","@id":"https:\/\/mx.motorad.com\/fr\/produits\/thermostats\/#primaryimage","url":"https:\/\/mx.motorad.com\/wp-content\/uploads\/2025\/04\/Motorad-04.svg","contentUrl":"https:\/\/mx.motorad.com\/wp-content\/uploads\/2025\/04\/Motorad-04.svg"},{"@type":"BreadcrumbList","@id":"https:\/\/mx.motorad.com\/fr\/produits\/thermostats\/#breadcrumb","itemListElement":[{"@type":"ListItem","position":1,"name":"Home","item":"https:\/\/mx.motorad.com\/fr\/"},{"@type":"ListItem","position":2,"name":"Produits","item":"https:\/\/motoradnew.test\/fr\/produits\/"},{"@type":"ListItem","position":3,"name":"Thermostats"}]},{"@type":"WebSite","@id":"https:\/\/mx.motorad.com\/fr\/#website","url":"https:\/\/mx.motorad.com\/fr\/","name":"MotoRad","description":"Trusted to Deliver Better - Thermal Management, Emissions, Powertrain Controls","potentialAction":[{"@type":"SearchAction","target":{"@type":"EntryPoint","urlTemplate":"https:\/\/mx.motorad.com\/fr\/?s={search_term_string}"},"query-input":{"@type":"PropertyValueSpecification","valueRequired":true,"valueName":"search_term_string"}}],"inLanguage":"fr-FR"}]}},"_links":{"self":[{"href":"https:\/\/mx.motorad.com\/fr\/wp-json\/wp\/v2\/pages\/6849","targetHints":{"allow":["GET"]}}],"collection":[{"href":"https:\/\/mx.motorad.com\/fr\/wp-json\/wp\/v2\/pages"}],"about":[{"href":"https:\/\/mx.motorad.com\/fr\/wp-json\/wp\/v2\/types\/page"}],"author":[{"embeddable":true,"href":"https:\/\/mx.motorad.com\/fr\/wp-json\/wp\/v2\/users\/1"}],"replies":[{"embeddable":true,"href":"https:\/\/mx.motorad.com\/fr\/wp-json\/wp\/v2\/comments?post=6849"}],"version-history":[{"count":3,"href":"https:\/\/mx.motorad.com\/fr\/wp-json\/wp\/v2\/pages\/6849\/revisions"}],"predecessor-version":[{"id":55745,"href":"https:\/\/mx.motorad.com\/fr\/wp-json\/wp\/v2\/pages\/6849\/revisions\/55745"}],"up":[{"embeddable":true,"href":"https:\/\/mx.motorad.com\/fr\/wp-json\/wp\/v2\/pages\/55742"}],"wp:attachment":[{"href":"https:\/\/mx.motorad.com\/fr\/wp-json\/wp\/v2\/media?parent=6849"}],"curies":[{"name":"wp","href":"https:\/\/api.w.org\/{rel}","templated":true}]}}