{"id":6854,"date":"2025-04-03T14:20:51","date_gmt":"2025-04-03T14:20:51","guid":{"rendered":"https:\/\/mx.motorad.com\/qui-sommes-nous\/carrieres\/"},"modified":"2025-06-30T18:52:11","modified_gmt":"2025-06-30T18:52:11","slug":"carrieres","status":"publish","type":"page","link":"https:\/\/mx.motorad.com\/fr\/qui-sommes-nous\/carrieres\/","title":{"rendered":"Carri\u00e8res"},"content":{"rendered":"\n<div class=\"wp-block-cover alignfull is-light\" style=\"margin-bottom:var(--wp--preset--spacing--60);min-height:274px;aspect-ratio:unset;\"><span aria-hidden=\"true\" class=\"wp-block-cover__background has-palette-bg-background-color has-background-dim\"><\/span><img loading=\"lazy\" decoding=\"async\" width=\"1920\" height=\"728\" class=\"wp-block-cover__image-background wp-image-3195\" alt=\"\" src=\"https:\/\/mx.motorad.com\/wp-content\/uploads\/2025\/04\/Road_into_Light_career.jpg\" data-object-fit=\"cover\" srcset=\"https:\/\/mx.motorad.com\/wp-content\/uploads\/2025\/04\/Road_into_Light_career.jpg 1920w, https:\/\/mx.motorad.com\/wp-content\/uploads\/2025\/04\/Road_into_Light_career-300x114.jpg 300w, https:\/\/mx.motorad.com\/wp-content\/uploads\/2025\/04\/Road_into_Light_career-1024x388.jpg 1024w, https:\/\/mx.motorad.com\/wp-content\/uploads\/2025\/04\/Road_into_Light_career-768x291.jpg 768w, https:\/\/mx.motorad.com\/wp-content\/uploads\/2025\/04\/Road_into_Light_career-1536x582.jpg 1536w\" sizes=\"auto, (max-width: 1920px) 100vw, 1920px\" \/><div class=\"wp-block-cover__inner-container is-layout-flow wp-block-cover-is-layout-flow\">\n<h1 class=\"wp-block-heading\" id=\"h-careers-at-motorad\">Carri\u00e8res chez MotoRad<\/h1>\n<\/div><\/div>\n\n<div class=\"wp-block-columns is-layout-flex wp-container-core-columns-is-layout-35f7024a wp-block-columns-is-layout-flex\" style=\"margin-bottom:var(--wp--preset--spacing--50)\">\n<div class=\"wp-block-column is-layout-flow wp-block-column-is-layout-flow\" style=\"flex-basis:66.66%\">\n<h2 class=\"wp-block-heading\" id=\"h-the-human-element-is-the-secret-of-our-success\" style=\"margin-bottom:var(--wp--preset--spacing--50)\"><strong><strong>L&rsquo;\u00e9l\u00e9ment humain est le secret de notre r\u00e9ussite<\/strong><\/strong><\/h2>\n\n\n\n<p style=\"margin-bottom:var(--wp--preset--spacing--30)\">MotoRad a \u00e9t\u00e9 fond\u00e9e en 1958 et depuis lors, nous avons grandi, \u00e9largi et sommes devenus un leader mondial sur le march\u00e9 automobile international.<\/p>\n\n\n\n<p style=\"margin-bottom:var(--wp--preset--spacing--30)\">Jusqu&rsquo;\u00e0 ce jour, nous continuons \u00e0 nous concentrer sur les valeurs fondamentales sur lesquelles nous avons \u00e9tabli notre entreprise : un service qui d\u00e9passe les attentes de nos clients, la qu\u00eate permanente de technologies qui nous donnent un avantage concurrentiel sur le march\u00e9, l&rsquo;excellence, l&rsquo;\u00e9quit\u00e9 et le respect envers chaque employ\u00e9.<\/p>\n\n\n\n<p style=\"margin-bottom:var(--wp--preset--spacing--30)\">Chez MotoRad, vous trouverez toujours une atmosph\u00e8re accueillante et encourageante, un environnement o\u00f9 tous les employ\u00e9s travaillent pour atteindre leurs objectifs professionnels. Nous accordons une grande importance \u00e0 offrir \u00e0 chaque employ\u00e9 un traitement \u00e9quitable bas\u00e9 sur le respect mutuel, et encourageons un environnement de travail collaboratif qui permet aux employ\u00e9s et \u00e0 l&rsquo;entreprise de prosp\u00e9rer ensemble, c\u00f4te \u00e0 c\u00f4te. <\/p>\n\n\n\n<p style=\"margin-bottom:var(--wp--preset--spacing--30)\">Nous sommes toujours heureux de recruter des personnes engag\u00e9es qui se voient grandir et se d\u00e9velopper chez MotoRad.<\/p>\n<\/div>\n\n\n\n<div class=\"wp-block-column is-layout-flow wp-block-column-is-layout-flow\" style=\"flex-basis:33.33%\">\n<figure class=\"wp-block-image size-full is-resized\"><img loading=\"lazy\" decoding=\"async\" width=\"500\" height=\"500\" src=\"https:\/\/mx.motorad.com\/wp-content\/uploads\/2025\/04\/apply.webp\" alt=\"\" class=\"wp-image-3202\" style=\"width:375px;height:375px\" srcset=\"https:\/\/mx.motorad.com\/wp-content\/uploads\/2025\/04\/apply.webp 500w, https:\/\/mx.motorad.com\/wp-content\/uploads\/2025\/04\/apply-300x300.webp 300w, https:\/\/mx.motorad.com\/wp-content\/uploads\/2025\/04\/apply-150x150.webp 150w\" sizes=\"auto, (max-width: 500px) 100vw, 500px\" \/><\/figure>\n<\/div>\n<\/div>\n\n<p class=\"has-text-align-center\" style=\"margin-bottom:var(--wp--preset--spacing--50)\">Trouvez des emplois et postulez via les liens ci-dessous :<\/p>\n\n<div class=\"wp-block-buttons is-content-justification-center is-layout-flex wp-container-core-buttons-is-layout-de7cd32d wp-block-buttons-is-layout-flex\" style=\"margin-bottom:var(--wp--preset--spacing--70)\">\n<div class=\"wp-block-button\"><a class=\"wp-block-button__link has-text-align-center wp-element-button\" href=\"https:\/\/workforcenow.adp.com\/mascsr\/default\/mdf\/recruitment\/recruitment.html?cid=9e83e58c-781e-4fe8-8a8d-1b9a8ea44f01&amp;ccId=19000101_000001&amp;type=JS&amp;lang=en_US&amp;selectedMenuKey=CareerCenter\">Emplois aux \u00c9tats-Unis sur ADP<\/a><\/div>\n\n\n\n<div class=\"wp-block-button\"><a class=\"wp-block-button__link wp-element-button\" href=\"https:\/\/www.linkedin.com\/company\/motorad\/jobs\/\">Tous les emplois sur LinkedIn<\/a><\/div>\n<\/div>\n\n<div class=\"wp-block-cover alignfull is-light\" style=\"padding-top:var(--wp--preset--spacing--60);padding-bottom:var(--wp--preset--spacing--60)\"><span aria-hidden=\"true\" class=\"wp-block-cover__background has-background-dim-0 has-background-dim\" style=\"background-color:#ece5d9\"><\/span><img loading=\"lazy\" decoding=\"async\" width=\"1505\" height=\"305\" class=\"wp-block-cover__image-background wp-image-223\" alt=\"\" src=\"https:\/\/mx.motorad.com\/wp-content\/uploads\/2025\/03\/FooterCTA.jpg\" data-object-fit=\"cover\" srcset=\"https:\/\/mx.motorad.com\/wp-content\/uploads\/2025\/03\/FooterCTA.jpg 1505w, https:\/\/mx.motorad.com\/wp-content\/uploads\/2025\/03\/FooterCTA-300x61.jpg 300w, https:\/\/mx.motorad.com\/wp-content\/uploads\/2025\/03\/FooterCTA-1024x208.jpg 1024w, https:\/\/mx.motorad.com\/wp-content\/uploads\/2025\/03\/FooterCTA-768x156.jpg 768w\" sizes=\"auto, (max-width: 1505px) 100vw, 1505px\" \/><div class=\"wp-block-cover__inner-container is-layout-flow wp-block-cover-is-layout-flow\">\n<div class=\"wp-block-columns are-vertically-aligned-center is-layout-flex wp-container-core-columns-is-layout-cbe57604 wp-block-columns-is-layout-flex\">\n<div class=\"wp-block-column is-vertically-aligned-center is-layout-flow wp-block-column-is-layout-flow\" style=\"flex-basis:45%\">\n<h2 class=\"wp-block-heading has-text-align-center has-palette-text-color has-text-color\" id=\"h-need-help-finding-the-right-product\" style=\"margin-bottom:var(--wp--preset--spacing--40)\">Vous avez besoin d&rsquo;aide pour trouver le bon produit ?<\/h2>\n\n\n\n<p class=\"has-text-align-center has-palette-text-color has-text-color\" style=\"margin-bottom:var(--wp--preset--spacing--50)\">Notre \u00e9quipe d\u00e9vou\u00e9e est l\u00e0 pour vous orienter dans la bonne direction. Cliquez ci-dessous et dites-nous comment nous pouvons vous aider \u00e0 trouver le produit id\u00e9al pour vos besoins. Votre voyage vers une meilleure exp\u00e9rience commence ici.  <\/p>\n\n\n\n<div class=\"wp-block-buttons is-content-justification-center is-layout-flex wp-container-core-buttons-is-layout-a89b3969 wp-block-buttons-is-layout-flex\">\n<div class=\"wp-block-button\"><a class=\"wp-block-button__link has-text-align-center wp-element-button\" href=\"https:\/\/mx.motorad.com\/contact\/need-help-finding-something\/\">Parlez \u00e0 un sp\u00e9cialiste MotoRad<\/a><\/div>\n<\/div>\n<\/div>\n\n\n\n<div class=\"wp-block-column is-layout-flow wp-block-column-is-layout-flow\" style=\"flex-basis:10%\"><\/div>\n\n\n\n<div class=\"wp-block-column is-layout-flow wp-block-column-is-layout-flow\" style=\"flex-basis:45%\">\n<h2 class=\"wp-block-heading has-text-align-center has-palette-text-color has-text-color\" id=\"h-looking-for-custom-development\" style=\"margin-bottom:var(--wp--preset--spacing--40)\">Vous cherchez un d\u00e9veloppement sur mesure ?<\/h2>\n\n\n\n<p class=\"has-text-align-center has-palette-text-color has-text-color\" style=\"margin-bottom:var(--wp--preset--spacing--50)\">Nous ne nous contentons pas de proposer des produits ; nous \u00e9laborons des solutions sur mesure qui r\u00e9pondent \u00e0 vos besoins. \u00cates-vous pr\u00eat \u00e0 donner vie \u00e0 votre nouveau projet ? Cliquez ci-dessous, et embarquons ensemble pour le d\u00e9veloppement de produits sur mesure.  <\/p>\n\n\n\n<div class=\"wp-block-buttons is-content-justification-center is-layout-flex wp-container-core-buttons-is-layout-a89b3969 wp-block-buttons-is-layout-flex\">\n<div class=\"wp-block-button is-style-fill\"><a class=\"wp-block-button__link has-palette-bg-color has-palette-text-background-color has-text-color has-background has-text-align-center wp-element-button\" href=\"https:\/\/mx.motorad.com\/contact\/do-you-need-custom-development\/\">Nous voulons \u00eatre votre fournisseur<\/a><\/div>\n<\/div>\n<\/div>\n<\/div>\n<\/div><\/div>\n","protected":false},"excerpt":{"rendered":"<p>L&rsquo;\u00e9l\u00e9ment humain est le secret de notre r\u00e9ussite MotoRad a \u00e9t\u00e9 fond\u00e9e en 1958 et depuis lors, nous avons grandi, [&#8230;]<\/p>\n","protected":false},"author":1,"featured_media":0,"parent":6823,"menu_order":0,"comment_status":"closed","ping_status":"closed","template":"","meta":{"_acf_changed":false,"footnotes":""},"class_list":["post-6854","page","type-page","status-publish","hentry"],"acf":[],"yoast_head":"<!-- This site is optimized with the Yoast SEO Premium plugin v27.2 (Yoast SEO v27.2) - https:\/\/yoast.com\/product\/yoast-seo-premium-wordpress\/ -->\n<title>Carri\u00e8res - MotoRad<\/title>\n<meta name=\"description\" content=\"MotoRad - Carri\u00e8res\" \/>\n<meta name=\"robots\" content=\"index, follow, max-snippet:-1, max-image-preview:large, max-video-preview:-1\" \/>\n<link rel=\"canonical\" href=\"https:\/\/mx.motorad.com\/fr\/qui-sommes-nous\/carrieres\/\" \/>\n<meta property=\"og:locale\" content=\"fr_FR\" \/>\n<meta property=\"og:type\" content=\"article\" \/>\n<meta property=\"og:title\" content=\"Carri\u00e8res\" \/>\n<meta property=\"og:description\" content=\"MotoRad - Carri\u00e8res\" \/>\n<meta property=\"og:url\" content=\"https:\/\/mx.motorad.com\/fr\/qui-sommes-nous\/carrieres\/\" \/>\n<meta property=\"og:site_name\" content=\"MotoRad\" \/>\n<meta property=\"article:modified_time\" content=\"2025-06-30T18:52:11+00:00\" \/>\n<meta property=\"og:image\" content=\"https:\/\/mx.motorad.com\/wp-content\/uploads\/2025\/04\/Road_into_Light_career.jpg\" \/>\n\t<meta property=\"og:image:width\" content=\"1920\" \/>\n\t<meta property=\"og:image:height\" content=\"728\" \/>\n\t<meta property=\"og:image:type\" content=\"image\/jpeg\" \/>\n<meta name=\"twitter:card\" content=\"summary_large_image\" \/>\n<meta name=\"twitter:label1\" content=\"Est. reading time\" \/>\n\t<meta name=\"twitter:data1\" content=\"1 minute\" \/>\n<script type=\"application\/ld+json\" class=\"yoast-schema-graph\">{\"@context\":\"https:\/\/schema.org\",\"@graph\":[{\"@type\":\"WebPage\",\"@id\":\"https:\/\/mx.motorad.com\/fr\/qui-sommes-nous\/carrieres\/\",\"url\":\"https:\/\/mx.motorad.com\/fr\/qui-sommes-nous\/carrieres\/\",\"name\":\"Carri\u00e8res - MotoRad\",\"isPartOf\":{\"@id\":\"https:\/\/mx.motorad.com\/fr\/#website\"},\"primaryImageOfPage\":{\"@id\":\"https:\/\/mx.motorad.com\/fr\/qui-sommes-nous\/carrieres\/#primaryimage\"},\"image\":{\"@id\":\"https:\/\/mx.motorad.com\/fr\/qui-sommes-nous\/carrieres\/#primaryimage\"},\"thumbnailUrl\":\"https:\/\/mx.motorad.com\/wp-content\/uploads\/2025\/04\/Road_into_Light_career.jpg\",\"datePublished\":\"2025-04-03T14:20:51+00:00\",\"dateModified\":\"2025-06-30T18:52:11+00:00\",\"description\":\"MotoRad - Carri\u00e8res\",\"breadcrumb\":{\"@id\":\"https:\/\/mx.motorad.com\/fr\/qui-sommes-nous\/carrieres\/#breadcrumb\"},\"inLanguage\":\"fr-FR\",\"potentialAction\":[{\"@type\":\"ReadAction\",\"target\":[\"https:\/\/mx.motorad.com\/fr\/qui-sommes-nous\/carrieres\/\"]}]},{\"@type\":\"ImageObject\",\"inLanguage\":\"fr-FR\",\"@id\":\"https:\/\/mx.motorad.com\/fr\/qui-sommes-nous\/carrieres\/#primaryimage\",\"url\":\"https:\/\/mx.motorad.com\/wp-content\/uploads\/2025\/04\/Road_into_Light_career.jpg\",\"contentUrl\":\"https:\/\/mx.motorad.com\/wp-content\/uploads\/2025\/04\/Road_into_Light_career.jpg\"},{\"@type\":\"BreadcrumbList\",\"@id\":\"https:\/\/mx.motorad.com\/fr\/qui-sommes-nous\/carrieres\/#breadcrumb\",\"itemListElement\":[{\"@type\":\"ListItem\",\"position\":1,\"name\":\"Home\",\"item\":\"https:\/\/mx.motorad.com\/fr\/\"},{\"@type\":\"ListItem\",\"position\":2,\"name\":\"Qui nous sommes\",\"item\":\"https:\/\/mx.motorad.com\/fr\/qui-sommes-nous\/\"},{\"@type\":\"ListItem\",\"position\":3,\"name\":\"Carri\u00e8res\"}]},{\"@type\":\"WebSite\",\"@id\":\"https:\/\/mx.motorad.com\/fr\/#website\",\"url\":\"https:\/\/mx.motorad.com\/fr\/\",\"name\":\"MotoRad\",\"description\":\"Trusted to Deliver Better - Thermal Management, Emissions, Powertrain Controls\",\"potentialAction\":[{\"@type\":\"SearchAction\",\"target\":{\"@type\":\"EntryPoint\",\"urlTemplate\":\"https:\/\/mx.motorad.com\/fr\/?s={search_term_string}\"},\"query-input\":{\"@type\":\"PropertyValueSpecification\",\"valueRequired\":true,\"valueName\":\"search_term_string\"}}],\"inLanguage\":\"fr-FR\"}]}<\/script>\n<!-- \/ Yoast SEO Premium plugin. -->","yoast_head_json":{"title":"Carri\u00e8res - MotoRad","description":"MotoRad - Carri\u00e8res","robots":{"index":"index","follow":"follow","max-snippet":"max-snippet:-1","max-image-preview":"max-image-preview:large","max-video-preview":"max-video-preview:-1"},"canonical":"https:\/\/mx.motorad.com\/fr\/qui-sommes-nous\/carrieres\/","og_locale":"fr_FR","og_type":"article","og_title":"Carri\u00e8res","og_description":"MotoRad - Carri\u00e8res","og_url":"https:\/\/mx.motorad.com\/fr\/qui-sommes-nous\/carrieres\/","og_site_name":"MotoRad","article_modified_time":"2025-06-30T18:52:11+00:00","og_image":[{"width":1920,"height":728,"url":"https:\/\/mx.motorad.com\/wp-content\/uploads\/2025\/04\/Road_into_Light_career.jpg","type":"image\/jpeg"}],"twitter_card":"summary_large_image","twitter_misc":{"Est. reading time":"1 minute"},"schema":{"@context":"https:\/\/schema.org","@graph":[{"@type":"WebPage","@id":"https:\/\/mx.motorad.com\/fr\/qui-sommes-nous\/carrieres\/","url":"https:\/\/mx.motorad.com\/fr\/qui-sommes-nous\/carrieres\/","name":"Carri\u00e8res - MotoRad","isPartOf":{"@id":"https:\/\/mx.motorad.com\/fr\/#website"},"primaryImageOfPage":{"@id":"https:\/\/mx.motorad.com\/fr\/qui-sommes-nous\/carrieres\/#primaryimage"},"image":{"@id":"https:\/\/mx.motorad.com\/fr\/qui-sommes-nous\/carrieres\/#primaryimage"},"thumbnailUrl":"https:\/\/mx.motorad.com\/wp-content\/uploads\/2025\/04\/Road_into_Light_career.jpg","datePublished":"2025-04-03T14:20:51+00:00","dateModified":"2025-06-30T18:52:11+00:00","description":"MotoRad - Carri\u00e8res","breadcrumb":{"@id":"https:\/\/mx.motorad.com\/fr\/qui-sommes-nous\/carrieres\/#breadcrumb"},"inLanguage":"fr-FR","potentialAction":[{"@type":"ReadAction","target":["https:\/\/mx.motorad.com\/fr\/qui-sommes-nous\/carrieres\/"]}]},{"@type":"ImageObject","inLanguage":"fr-FR","@id":"https:\/\/mx.motorad.com\/fr\/qui-sommes-nous\/carrieres\/#primaryimage","url":"https:\/\/mx.motorad.com\/wp-content\/uploads\/2025\/04\/Road_into_Light_career.jpg","contentUrl":"https:\/\/mx.motorad.com\/wp-content\/uploads\/2025\/04\/Road_into_Light_career.jpg"},{"@type":"BreadcrumbList","@id":"https:\/\/mx.motorad.com\/fr\/qui-sommes-nous\/carrieres\/#breadcrumb","itemListElement":[{"@type":"ListItem","position":1,"name":"Home","item":"https:\/\/mx.motorad.com\/fr\/"},{"@type":"ListItem","position":2,"name":"Qui nous sommes","item":"https:\/\/mx.motorad.com\/fr\/qui-sommes-nous\/"},{"@type":"ListItem","position":3,"name":"Carri\u00e8res"}]},{"@type":"WebSite","@id":"https:\/\/mx.motorad.com\/fr\/#website","url":"https:\/\/mx.motorad.com\/fr\/","name":"MotoRad","description":"Trusted to Deliver Better - Thermal Management, Emissions, Powertrain Controls","potentialAction":[{"@type":"SearchAction","target":{"@type":"EntryPoint","urlTemplate":"https:\/\/mx.motorad.com\/fr\/?s={search_term_string}"},"query-input":{"@type":"PropertyValueSpecification","valueRequired":true,"valueName":"search_term_string"}}],"inLanguage":"fr-FR"}]}},"_links":{"self":[{"href":"https:\/\/mx.motorad.com\/fr\/wp-json\/wp\/v2\/pages\/6854","targetHints":{"allow":["GET"]}}],"collection":[{"href":"https:\/\/mx.motorad.com\/fr\/wp-json\/wp\/v2\/pages"}],"about":[{"href":"https:\/\/mx.motorad.com\/fr\/wp-json\/wp\/v2\/types\/page"}],"author":[{"embeddable":true,"href":"https:\/\/mx.motorad.com\/fr\/wp-json\/wp\/v2\/users\/1"}],"replies":[{"embeddable":true,"href":"https:\/\/mx.motorad.com\/fr\/wp-json\/wp\/v2\/comments?post=6854"}],"version-history":[{"count":1,"href":"https:\/\/mx.motorad.com\/fr\/wp-json\/wp\/v2\/pages\/6854\/revisions"}],"predecessor-version":[{"id":6855,"href":"https:\/\/mx.motorad.com\/fr\/wp-json\/wp\/v2\/pages\/6854\/revisions\/6855"}],"up":[{"embeddable":true,"href":"https:\/\/mx.motorad.com\/fr\/wp-json\/wp\/v2\/pages\/6823"}],"wp:attachment":[{"href":"https:\/\/mx.motorad.com\/fr\/wp-json\/wp\/v2\/media?parent=6854"}],"curies":[{"name":"wp","href":"https:\/\/api.w.org\/{rel}","templated":true}]}}