{"id":5698,"date":"2025-04-04T13:08:27","date_gmt":"2025-04-04T13:08:27","guid":{"rendered":"https:\/\/mx.motorad.com\/tecnologia-e-innovazione\/"},"modified":"2025-06-13T12:46:32","modified_gmt":"2025-06-13T12:46:32","slug":"tecnologia-e-innovazione","status":"publish","type":"page","link":"https:\/\/mx.motorad.com\/it\/tecnologia-e-innovazione\/","title":{"rendered":"Tecnologia e innovazione"},"content":{"rendered":"\n<div class=\"wp-block-cover alignfull is-light\" style=\"min-height:274px;aspect-ratio:unset;\"><span aria-hidden=\"true\" class=\"wp-block-cover__background has-palette-bg-background-color has-background-dim-70 has-background-dim\"><\/span><img loading=\"lazy\" decoding=\"async\" width=\"2560\" height=\"1707\" class=\"wp-block-cover__image-background wp-image-4654\" alt=\"\" src=\"https:\/\/mx.motorad.com\/wp-content\/uploads\/2025\/04\/Road_into_Light_tech.jpg\" data-object-fit=\"cover\" srcset=\"https:\/\/mx.motorad.com\/wp-content\/uploads\/2025\/04\/Road_into_Light_tech.jpg 2560w, https:\/\/mx.motorad.com\/wp-content\/uploads\/2025\/04\/Road_into_Light_tech-300x200.jpg 300w, https:\/\/mx.motorad.com\/wp-content\/uploads\/2025\/04\/Road_into_Light_tech-1024x683.jpg 1024w, https:\/\/mx.motorad.com\/wp-content\/uploads\/2025\/04\/Road_into_Light_tech-768x512.jpg 768w, https:\/\/mx.motorad.com\/wp-content\/uploads\/2025\/04\/Road_into_Light_tech-1536x1024.jpg 1536w, https:\/\/mx.motorad.com\/wp-content\/uploads\/2025\/04\/Road_into_Light_tech-2048x1366.jpg 2048w\" sizes=\"auto, (max-width: 2560px) 100vw, 2560px\" \/><div class=\"wp-block-cover__inner-container is-layout-flow wp-block-cover-is-layout-flow\">\n<h1 class=\"wp-block-heading has-palette-text-color has-text-color\" id=\"h-technology-amp-innovation\">Tecnologia e innovazione<\/h1>\n<\/div><\/div>\n\n<div class=\"wp-block-columns is-layout-flex wp-container-core-columns-is-layout-eafada84 wp-block-columns-is-layout-flex\" style=\"margin-top:var(--wp--preset--spacing--60);margin-bottom:var(--wp--preset--spacing--60)\">\n<div class=\"wp-block-column is-layout-flow wp-block-column-is-layout-flow\" style=\"flex-basis:66.66%\">\n<h2 class=\"wp-block-heading\" id=\"h-at-motorad-we-re-leading-innovation\" style=\"margin-bottom:var(--wp--preset--spacing--40)\">Da MotoRad, siamo all&#8217;avanguardia nell&#8217;innovazione<\/h2>\n\n\n\n<p>Stiamo sempre lavorando per migliorare le prestazioni e il valore della nostra offerta sviluppando nuovi prodotti, valutando materiali innovativi e progettando attrezzature e processi di produzione avanzati. Con la nostra combinazione unica di tradizione ed esperienza insieme all&#8217;innovazione imprenditoriale, MotoRad si \u00e8 assicurata un posto come leader nella pianificazione e produzione di soluzioni di gestione termica e tecnologie emergenti. <\/p>\n<\/div>\n\n\n\n<div class=\"wp-block-column is-layout-flow wp-block-column-is-layout-flow\" style=\"flex-basis:33.33%\">\n<figure class=\"wp-block-image size-full\"><img loading=\"lazy\" decoding=\"async\" width=\"1920\" height=\"1080\" src=\"https:\/\/mx.motorad.com\/wp-content\/uploads\/2025\/04\/tech-inno.jpg\" alt=\"\" class=\"wp-image-4701\" srcset=\"https:\/\/mx.motorad.com\/wp-content\/uploads\/2025\/04\/tech-inno.jpg 1920w, https:\/\/mx.motorad.com\/wp-content\/uploads\/2025\/04\/tech-inno-300x169.jpg 300w, https:\/\/mx.motorad.com\/wp-content\/uploads\/2025\/04\/tech-inno-1024x576.jpg 1024w, https:\/\/mx.motorad.com\/wp-content\/uploads\/2025\/04\/tech-inno-768x432.jpg 768w, https:\/\/mx.motorad.com\/wp-content\/uploads\/2025\/04\/tech-inno-1536x864.jpg 1536w\" sizes=\"auto, (max-width: 1920px) 100vw, 1920px\" \/><\/figure>\n<\/div>\n<\/div>\n\n<h3 class=\"wp-block-heading\" id=\"h-the-perfect-balance-of-tradition-experience-research-development-amp-innovation\" style=\"margin-bottom:var(--wp--preset--spacing--40)\">Il perfetto equilibrio tra tradizione, esperienza, ricerca, sviluppo e innovazione<\/h3>\n\n<p style=\"margin-bottom:var(--wp--preset--spacing--20)\">Il nostro team di ingegneria R&amp;D ha ampie capacit\u00e0 nei campi vitali per lo sviluppo di soluzioni di prodotto all&#8217;avanguardia, tra cui progettazione basata su computer e analisi di resistenza, trasferimento di calore e flusso dinamico. Grazie alla nostra vasta esperienza in R&amp;D e nei processi, abbiamo sviluppato processi di pressatura e produzione altamente precisi che facilitano ulteriormente lo sviluppo di nuovi prodotti e applicazioni per i segmenti OEM e Aftermarket. <\/p>\n\n<p>Lavoriamo sodo per trovare il perfetto equilibrio tra tradizione, tecnologia collaudata e innovazione. Questo significa che guardiamo sia all&#8217;esperienza passata che all&#8217;innovazione futura per sviluppare prodotti nuovi e migliorati, affidabili e rivoluzionari. <\/p>\n\n<div class=\"wp-block-cover alignfull is-light\" style=\"margin-top:var(--wp--preset--spacing--60);margin-bottom:var(--wp--preset--spacing--60);padding-top:var(--wp--preset--spacing--60);padding-bottom:var(--wp--preset--spacing--60)\"><span aria-hidden=\"true\" class=\"wp-block-cover__background has-palette-bg-background-color has-background-dim-80 has-background-dim\"><\/span><img loading=\"lazy\" decoding=\"async\" width=\"2560\" height=\"845\" class=\"wp-block-cover__image-background wp-image-4694\" alt=\"\" src=\"https:\/\/mx.motorad.com\/wp-content\/uploads\/2025\/04\/Road_into_Light_process.jpg\" data-object-fit=\"cover\" srcset=\"https:\/\/mx.motorad.com\/wp-content\/uploads\/2025\/04\/Road_into_Light_process.jpg 2560w, https:\/\/mx.motorad.com\/wp-content\/uploads\/2025\/04\/Road_into_Light_process-300x99.jpg 300w, https:\/\/mx.motorad.com\/wp-content\/uploads\/2025\/04\/Road_into_Light_process-1024x338.jpg 1024w, https:\/\/mx.motorad.com\/wp-content\/uploads\/2025\/04\/Road_into_Light_process-768x254.jpg 768w, https:\/\/mx.motorad.com\/wp-content\/uploads\/2025\/04\/Road_into_Light_process-1536x507.jpg 1536w, https:\/\/mx.motorad.com\/wp-content\/uploads\/2025\/04\/Road_into_Light_process-2048x676.jpg 2048w\" sizes=\"auto, (max-width: 2560px) 100vw, 2560px\" \/><div class=\"wp-block-cover__inner-container is-layout-flow wp-block-cover-is-layout-flow\">\n<h2 class=\"wp-block-heading has-text-align-center\" id=\"h-our-product-development-process\" style=\"margin-bottom:var(--wp--preset--spacing--40)\">Il nostro processo di sviluppo prodotto<\/h2>\n\n\n\n<p class=\"has-text-align-center\">Da MotoRad, il nostro team di ingegneri progetta costantemente macchine automatizzate che accelerano il processo di produzione e ne migliorano l&#8217;efficienza. Tutti gli stampi e le matrici MotoRad sono sviluppati e costruiti nel nostro reparto di attrezzeria e stampi all&#8217;avanguardia. Le macchine di assemblaggio ad alta velocit\u00e0 ci permettono di rispettare i programmi di produzione pi\u00f9 esigenti mantenendo i pi\u00f9 alti livelli di qualit\u00e0.  <\/p>\n\n\n\n<div class=\"wp-block-columns alignwide is-layout-flex wp-container-core-columns-is-layout-b61b2f12 wp-block-columns-is-layout-flex\" style=\"margin-top:var(--wp--preset--spacing--50)\">\n<div class=\"wp-block-column is-layout-flow wp-block-column-is-layout-flow\">\n<h4 class=\"wp-block-heading has-text-align-center\" id=\"h-outstanding-quality\" style=\"margin-bottom:var(--wp--preset--spacing--30)\">Qualit\u00e0 eccezionale<\/h4>\n\n\n\n<p class=\"has-text-align-center is-style-default\">Siamo orgogliosi di fornire prodotti di qualit\u00e0 mondiale. Ogni singolo pezzo prodotto da MotoRad viene testato prima di essere spedito ai nostri clienti per garantire che soddisfi o superi tutte le specifiche OEM. <\/p>\n<\/div>\n\n\n\n<div class=\"wp-block-column is-layout-flow wp-block-column-is-layout-flow\">\n<h4 class=\"wp-block-heading has-text-align-center\" id=\"h-leading-innovation\" style=\"margin-bottom:var(--wp--preset--spacing--30)\">Innovazione all&#8217;avanguardia<\/h4>\n\n\n\n<p class=\"has-text-align-center is-style-default\">Ci impegniamo a portare innovazione e valore ai nostri clienti investendo in risorse qualificate e talentuose e in tecnologia avanzata per sviluppare nuovi prodotti, migliorare quelli esistenti e valutare nuove tendenze di mercato e materiali innovativi.<\/p>\n<\/div>\n\n\n\n<div class=\"wp-block-column is-layout-flow wp-block-column-is-layout-flow\">\n<h4 class=\"wp-block-heading has-text-align-center\" id=\"h-r-amp-d-leadership\" style=\"margin-bottom:var(--wp--preset--spacing--30)\">Leadership in R&amp;D<\/h4>\n\n\n\n<p class=\"has-text-align-center is-style-default\">Investiamo costantemente in ricerca e sviluppo e in un team altamente qualificato per essere all&#8217;avanguardia nell&#8217;innovazione tecnologica e offrire ai nostri clienti prodotti nuovi e avanzati.<\/p>\n<\/div>\n\n\n\n<div class=\"wp-block-column is-layout-flow wp-block-column-is-layout-flow\">\n<h4 class=\"wp-block-heading has-text-align-center\" id=\"h-engineering-capabilities\" style=\"margin-bottom:var(--wp--preset--spacing--30)\">Capacit\u00e0 ingegneristiche<\/h4>\n\n\n\n<p class=\"has-text-align-center is-style-default\">Offriamo una vasta gamma di servizi ingegneristici professionali, dalla progettazione CAD interna, all&#8217;analisi del flusso e ai test di simulazione, fino alla progettazione black-box e alla produzione su specifiche per i requisiti OEM.<\/p>\n<\/div>\n<\/div>\n<\/div><\/div>\n\n<div class=\"wp-block-columns is-layout-flex wp-container-core-columns-is-layout-d07913d3 wp-block-columns-is-layout-flex\" style=\"margin-bottom:var(--wp--preset--spacing--60)\">\n<div class=\"wp-block-column is-layout-flow wp-block-column-is-layout-flow\" style=\"flex-basis:66.66%\">\n<h2 class=\"wp-block-heading\" id=\"h-advanced-in-house-engineering-capabilities\" style=\"margin-bottom:var(--wp--preset--spacing--40)\">Avanzate capacit\u00e0 ingegneristiche interne<\/h2>\n\n\n\n<p style=\"margin-bottom:var(--wp--preset--spacing--20)\">Gli strumenti R&amp;D all&#8217;avanguardia di MotoRad, insieme alle capacit\u00e0 e alla vasta esperienza del nostro team di ingegneria, ci permettono di avere un processo di sviluppo interno completo, inclusi tutti gli strumenti di simulazione e analisi pertinenti.<\/p>\n\n\n\n<p style=\"margin-bottom:var(--wp--preset--spacing--20)\">Offriamo una vasta gamma di servizi ingegneristici professionali, dalla progettazione CAD interna, all&#8217;analisi del flusso e ai test di simulazione, fino alla progettazione black-box e alla produzione su specifiche per i requisiti OEM.<\/p>\n\n\n\n<p>Il nostro processo di progettazione interno migliora significativamente la velocit\u00e0 e la qualit\u00e0 del design e contribuisce all&#8217;agilit\u00e0 e alla flessibilit\u00e0 del nostro team di ingegneria.<\/p>\n<\/div>\n\n\n\n<div class=\"wp-block-column is-layout-flow wp-block-column-is-layout-flow\" style=\"flex-basis:33.33%\">\n<figure class=\"wp-block-image size-full\"><img loading=\"lazy\" decoding=\"async\" width=\"798\" height=\"794\" src=\"https:\/\/mx.motorad.com\/wp-content\/uploads\/2025\/04\/RD_Photo_TechPage-1.png\" alt=\"\" class=\"wp-image-4687\" srcset=\"https:\/\/mx.motorad.com\/wp-content\/uploads\/2025\/04\/RD_Photo_TechPage-1.png 798w, https:\/\/mx.motorad.com\/wp-content\/uploads\/2025\/04\/RD_Photo_TechPage-1-300x298.png 300w, https:\/\/mx.motorad.com\/wp-content\/uploads\/2025\/04\/RD_Photo_TechPage-1-150x150.png 150w, https:\/\/mx.motorad.com\/wp-content\/uploads\/2025\/04\/RD_Photo_TechPage-1-768x764.png 768w\" sizes=\"auto, (max-width: 798px) 100vw, 798px\" \/><\/figure>\n<\/div>\n<\/div>\n\n<h2 class=\"wp-block-heading has-text-align-center\" id=\"h-advanced-quality-management\" style=\"margin-bottom:var(--wp--preset--spacing--40)\">Gestione avanzata della qualit\u00e0<\/h2>\n\n<div class=\"wp-block-columns is-layout-flex wp-container-core-columns-is-layout-06f677bf wp-block-columns-is-layout-flex\" style=\"margin-bottom:var(--wp--preset--spacing--70)\">\n<div class=\"wp-block-column is-layout-flow wp-block-column-is-layout-flow\">\n<figure class=\"wp-block-image aligncenter size-full\"><img loading=\"lazy\" decoding=\"async\" width=\"600\" height=\"200\" src=\"https:\/\/mx.motorad.com\/wp-content\/uploads\/2025\/04\/certs.webp\" alt=\"\" class=\"wp-image-4591\" srcset=\"https:\/\/mx.motorad.com\/wp-content\/uploads\/2025\/04\/certs.webp 600w, https:\/\/mx.motorad.com\/wp-content\/uploads\/2025\/04\/certs-300x100.webp 300w\" sizes=\"auto, (max-width: 600px) 100vw, 600px\" \/><\/figure>\n<\/div>\n\n\n\n<div class=\"wp-block-column is-layout-flow wp-block-column-is-layout-flow\">\n<p class=\"has-text-align-left\">Ogni singolo pezzo prodotto da MotoRad viene testato in fabbrica prima di essere spedito ai nostri clienti. MotoRad produce termostati, tappi di chiusura e prodotti e sensori di tecnologia emergente secondo gli standard QS, TS e ISO. Il nostro laboratorio di qualit\u00e0 all&#8217;avanguardia dispone di tutte le attrezzature e le risorse necessarie per verificare e convalidare tutti i prodotti MotoRad di nuova progettazione e per supportare i miglioramenti dei prodotti che ne aumentano ulteriormente la qualit\u00e0 e la robustezza.  <\/p>\n<\/div>\n<\/div>\n\n<div class=\"wp-block-cover alignfull is-light\" style=\"padding-top:var(--wp--preset--spacing--60);padding-bottom:var(--wp--preset--spacing--60)\"><span aria-hidden=\"true\" class=\"wp-block-cover__background has-background-dim-0 has-background-dim\" style=\"background-color:#ece5d9\"><\/span><img loading=\"lazy\" decoding=\"async\" width=\"1505\" height=\"305\" class=\"wp-block-cover__image-background wp-image-223\" alt=\"\" src=\"https:\/\/mx.motorad.com\/wp-content\/uploads\/2025\/03\/FooterCTA.jpg\" data-object-fit=\"cover\" srcset=\"https:\/\/mx.motorad.com\/wp-content\/uploads\/2025\/03\/FooterCTA.jpg 1505w, https:\/\/mx.motorad.com\/wp-content\/uploads\/2025\/03\/FooterCTA-300x61.jpg 300w, https:\/\/mx.motorad.com\/wp-content\/uploads\/2025\/03\/FooterCTA-1024x208.jpg 1024w, https:\/\/mx.motorad.com\/wp-content\/uploads\/2025\/03\/FooterCTA-768x156.jpg 768w\" sizes=\"auto, (max-width: 1505px) 100vw, 1505px\" \/><div class=\"wp-block-cover__inner-container is-layout-flow wp-block-cover-is-layout-flow\">\n<div class=\"wp-block-columns are-vertically-aligned-center is-layout-flex wp-container-core-columns-is-layout-cbe57604 wp-block-columns-is-layout-flex\">\n<div class=\"wp-block-column is-vertically-aligned-center is-layout-flow wp-block-column-is-layout-flow\" style=\"flex-basis:45%\">\n<h2 class=\"wp-block-heading has-text-align-center has-palette-text-color has-text-color\" id=\"h-need-help-finding-the-right-product\" style=\"margin-bottom:var(--wp--preset--spacing--40)\">Hai bisogno di aiuto per trovare il prodotto giusto?<\/h2>\n\n\n\n<p class=\"has-text-align-center has-palette-text-color has-text-color\" style=\"margin-bottom:var(--wp--preset--spacing--50)\">Il nostro team dedicato \u00e8 qui per guidarti nella giusta direzione. Clicca qui sotto e facci sapere come possiamo aiutarti a trovare il prodotto ideale per le tue esigenze. Il tuo viaggio per vivere meglio inizia qui.  <\/p>\n\n\n\n<div class=\"wp-block-buttons is-content-justification-center is-layout-flex wp-container-core-buttons-is-layout-a89b3969 wp-block-buttons-is-layout-flex\">\n<div class=\"wp-block-button\"><a class=\"wp-block-button__link has-text-align-center wp-element-button\" href=\"https:\/\/mx.motorad.com\/contact\/need-help-finding-something\/\">Parla con uno specialista MotoRad<\/a><\/div>\n<\/div>\n<\/div>\n\n\n\n<div class=\"wp-block-column is-layout-flow wp-block-column-is-layout-flow\" style=\"flex-basis:10%\"><\/div>\n\n\n\n<div class=\"wp-block-column is-layout-flow wp-block-column-is-layout-flow\" style=\"flex-basis:45%\">\n<h2 class=\"wp-block-heading has-text-align-center has-palette-text-color has-text-color\" id=\"h-looking-for-custom-development\" style=\"margin-bottom:var(--wp--preset--spacing--40)\">Cerchi uno sviluppo personalizzato?<\/h2>\n\n\n\n<p class=\"has-text-align-center has-palette-text-color has-text-color\" style=\"margin-bottom:var(--wp--preset--spacing--50)\">Non ci occupiamo solo di prodotti; ci occupiamo di creare soluzioni su misura che rispondano alle tue esigenze. Sei pronto a dare vita al tuo nuovo progetto? Clicca qui sotto e intraprendiamo insieme il viaggio dello sviluppo di prodotti personalizzati.  <\/p>\n\n\n\n<div class=\"wp-block-buttons is-content-justification-center is-layout-flex wp-container-core-buttons-is-layout-a89b3969 wp-block-buttons-is-layout-flex\">\n<div class=\"wp-block-button is-style-fill\"><a class=\"wp-block-button__link has-palette-bg-color has-palette-text-background-color has-text-color has-background has-text-align-center wp-element-button\" href=\"https:\/\/mx.motorad.com\/contact\/do-you-need-custom-development\/\">Vogliamo essere il tuo fornitore<\/a><\/div>\n<\/div>\n<\/div>\n<\/div>\n<\/div><\/div>\n","protected":false},"excerpt":{"rendered":"<p>Da MotoRad, siamo all&#8217;avanguardia nell&#8217;innovazione Stiamo sempre lavorando per migliorare le prestazioni e il valore della nostra offerta sviluppando nuovi [&#8230;]<\/p>\n","protected":false},"author":1,"featured_media":0,"parent":0,"menu_order":0,"comment_status":"closed","ping_status":"closed","template":"","meta":{"_acf_changed":false,"footnotes":""},"class_list":["post-5698","page","type-page","status-publish","hentry"],"acf":[],"yoast_head":"<!-- This site is optimized with the Yoast SEO Premium plugin v27.2 (Yoast SEO v27.2) - https:\/\/yoast.com\/product\/yoast-seo-premium-wordpress\/ -->\n<title>Tecnologia e innovazione - MotoRad<\/title>\n<meta name=\"description\" content=\"MotoRad - Tecnologia e innovazione\" \/>\n<meta name=\"robots\" content=\"index, follow, max-snippet:-1, max-image-preview:large, max-video-preview:-1\" \/>\n<link rel=\"canonical\" href=\"https:\/\/mx.motorad.com\/it\/tecnologia-e-innovazione\/\" \/>\n<meta property=\"og:locale\" content=\"it_IT\" \/>\n<meta property=\"og:type\" content=\"article\" \/>\n<meta property=\"og:title\" content=\"Tecnologia e innovazione\" \/>\n<meta property=\"og:description\" content=\"MotoRad - Tecnologia e innovazione\" \/>\n<meta property=\"og:url\" content=\"https:\/\/mx.motorad.com\/it\/tecnologia-e-innovazione\/\" \/>\n<meta property=\"og:site_name\" content=\"MotoRad\" \/>\n<meta property=\"article:modified_time\" content=\"2025-06-13T12:46:32+00:00\" \/>\n<meta property=\"og:image\" content=\"https:\/\/mx.motorad.com\/wp-content\/uploads\/2025\/04\/Road_into_Light_tech.jpg\" \/>\n\t<meta property=\"og:image:width\" content=\"2560\" \/>\n\t<meta property=\"og:image:height\" content=\"1707\" \/>\n\t<meta property=\"og:image:type\" content=\"image\/jpeg\" \/>\n<meta name=\"twitter:card\" content=\"summary_large_image\" \/>\n<meta name=\"twitter:label1\" content=\"Est. reading time\" \/>\n\t<meta name=\"twitter:data1\" content=\"3 minuti\" \/>\n<script type=\"application\/ld+json\" class=\"yoast-schema-graph\">{\"@context\":\"https:\/\/schema.org\",\"@graph\":[{\"@type\":\"WebPage\",\"@id\":\"https:\/\/mx.motorad.com\/it\/tecnologia-e-innovazione\/\",\"url\":\"https:\/\/mx.motorad.com\/it\/tecnologia-e-innovazione\/\",\"name\":\"Tecnologia e innovazione - MotoRad\",\"isPartOf\":{\"@id\":\"https:\/\/mx.motorad.com\/it\/#website\"},\"primaryImageOfPage\":{\"@id\":\"https:\/\/mx.motorad.com\/it\/tecnologia-e-innovazione\/#primaryimage\"},\"image\":{\"@id\":\"https:\/\/mx.motorad.com\/it\/tecnologia-e-innovazione\/#primaryimage\"},\"thumbnailUrl\":\"https:\/\/mx.motorad.com\/wp-content\/uploads\/2025\/04\/Road_into_Light_tech.jpg\",\"datePublished\":\"2025-04-04T13:08:27+00:00\",\"dateModified\":\"2025-06-13T12:46:32+00:00\",\"description\":\"MotoRad - Tecnologia e innovazione\",\"breadcrumb\":{\"@id\":\"https:\/\/mx.motorad.com\/it\/tecnologia-e-innovazione\/#breadcrumb\"},\"inLanguage\":\"it-IT\",\"potentialAction\":[{\"@type\":\"ReadAction\",\"target\":[\"https:\/\/mx.motorad.com\/it\/tecnologia-e-innovazione\/\"]}]},{\"@type\":\"ImageObject\",\"inLanguage\":\"it-IT\",\"@id\":\"https:\/\/mx.motorad.com\/it\/tecnologia-e-innovazione\/#primaryimage\",\"url\":\"https:\/\/mx.motorad.com\/wp-content\/uploads\/2025\/04\/Road_into_Light_tech.jpg\",\"contentUrl\":\"https:\/\/mx.motorad.com\/wp-content\/uploads\/2025\/04\/Road_into_Light_tech.jpg\"},{\"@type\":\"BreadcrumbList\",\"@id\":\"https:\/\/mx.motorad.com\/it\/tecnologia-e-innovazione\/#breadcrumb\",\"itemListElement\":[{\"@type\":\"ListItem\",\"position\":1,\"name\":\"Home\",\"item\":\"https:\/\/mx.motorad.com\/it\/\"},{\"@type\":\"ListItem\",\"position\":2,\"name\":\"Tecnologia e innovazione\"}]},{\"@type\":\"WebSite\",\"@id\":\"https:\/\/mx.motorad.com\/it\/#website\",\"url\":\"https:\/\/mx.motorad.com\/it\/\",\"name\":\"MotoRad\",\"description\":\"Trusted to Deliver Better - Thermal Management, Emissions, Powertrain Controls\",\"potentialAction\":[{\"@type\":\"SearchAction\",\"target\":{\"@type\":\"EntryPoint\",\"urlTemplate\":\"https:\/\/mx.motorad.com\/it\/?s={search_term_string}\"},\"query-input\":{\"@type\":\"PropertyValueSpecification\",\"valueRequired\":true,\"valueName\":\"search_term_string\"}}],\"inLanguage\":\"it-IT\"}]}<\/script>\n<!-- \/ Yoast SEO Premium plugin. -->","yoast_head_json":{"title":"Tecnologia e innovazione - MotoRad","description":"MotoRad - Tecnologia e innovazione","robots":{"index":"index","follow":"follow","max-snippet":"max-snippet:-1","max-image-preview":"max-image-preview:large","max-video-preview":"max-video-preview:-1"},"canonical":"https:\/\/mx.motorad.com\/it\/tecnologia-e-innovazione\/","og_locale":"it_IT","og_type":"article","og_title":"Tecnologia e innovazione","og_description":"MotoRad - Tecnologia e innovazione","og_url":"https:\/\/mx.motorad.com\/it\/tecnologia-e-innovazione\/","og_site_name":"MotoRad","article_modified_time":"2025-06-13T12:46:32+00:00","og_image":[{"width":2560,"height":1707,"url":"https:\/\/mx.motorad.com\/wp-content\/uploads\/2025\/04\/Road_into_Light_tech.jpg","type":"image\/jpeg"}],"twitter_card":"summary_large_image","twitter_misc":{"Est. reading time":"3 minuti"},"schema":{"@context":"https:\/\/schema.org","@graph":[{"@type":"WebPage","@id":"https:\/\/mx.motorad.com\/it\/tecnologia-e-innovazione\/","url":"https:\/\/mx.motorad.com\/it\/tecnologia-e-innovazione\/","name":"Tecnologia e innovazione - MotoRad","isPartOf":{"@id":"https:\/\/mx.motorad.com\/it\/#website"},"primaryImageOfPage":{"@id":"https:\/\/mx.motorad.com\/it\/tecnologia-e-innovazione\/#primaryimage"},"image":{"@id":"https:\/\/mx.motorad.com\/it\/tecnologia-e-innovazione\/#primaryimage"},"thumbnailUrl":"https:\/\/mx.motorad.com\/wp-content\/uploads\/2025\/04\/Road_into_Light_tech.jpg","datePublished":"2025-04-04T13:08:27+00:00","dateModified":"2025-06-13T12:46:32+00:00","description":"MotoRad - Tecnologia e innovazione","breadcrumb":{"@id":"https:\/\/mx.motorad.com\/it\/tecnologia-e-innovazione\/#breadcrumb"},"inLanguage":"it-IT","potentialAction":[{"@type":"ReadAction","target":["https:\/\/mx.motorad.com\/it\/tecnologia-e-innovazione\/"]}]},{"@type":"ImageObject","inLanguage":"it-IT","@id":"https:\/\/mx.motorad.com\/it\/tecnologia-e-innovazione\/#primaryimage","url":"https:\/\/mx.motorad.com\/wp-content\/uploads\/2025\/04\/Road_into_Light_tech.jpg","contentUrl":"https:\/\/mx.motorad.com\/wp-content\/uploads\/2025\/04\/Road_into_Light_tech.jpg"},{"@type":"BreadcrumbList","@id":"https:\/\/mx.motorad.com\/it\/tecnologia-e-innovazione\/#breadcrumb","itemListElement":[{"@type":"ListItem","position":1,"name":"Home","item":"https:\/\/mx.motorad.com\/it\/"},{"@type":"ListItem","position":2,"name":"Tecnologia e innovazione"}]},{"@type":"WebSite","@id":"https:\/\/mx.motorad.com\/it\/#website","url":"https:\/\/mx.motorad.com\/it\/","name":"MotoRad","description":"Trusted to Deliver Better - Thermal Management, Emissions, Powertrain Controls","potentialAction":[{"@type":"SearchAction","target":{"@type":"EntryPoint","urlTemplate":"https:\/\/mx.motorad.com\/it\/?s={search_term_string}"},"query-input":{"@type":"PropertyValueSpecification","valueRequired":true,"valueName":"search_term_string"}}],"inLanguage":"it-IT"}]}},"_links":{"self":[{"href":"https:\/\/mx.motorad.com\/it\/wp-json\/wp\/v2\/pages\/5698","targetHints":{"allow":["GET"]}}],"collection":[{"href":"https:\/\/mx.motorad.com\/it\/wp-json\/wp\/v2\/pages"}],"about":[{"href":"https:\/\/mx.motorad.com\/it\/wp-json\/wp\/v2\/types\/page"}],"author":[{"embeddable":true,"href":"https:\/\/mx.motorad.com\/it\/wp-json\/wp\/v2\/users\/1"}],"replies":[{"embeddable":true,"href":"https:\/\/mx.motorad.com\/it\/wp-json\/wp\/v2\/comments?post=5698"}],"version-history":[{"count":1,"href":"https:\/\/mx.motorad.com\/it\/wp-json\/wp\/v2\/pages\/5698\/revisions"}],"predecessor-version":[{"id":5700,"href":"https:\/\/mx.motorad.com\/it\/wp-json\/wp\/v2\/pages\/5698\/revisions\/5700"}],"wp:attachment":[{"href":"https:\/\/mx.motorad.com\/it\/wp-json\/wp\/v2\/media?parent=5698"}],"curies":[{"name":"wp","href":"https:\/\/api.w.org\/{rel}","templated":true}]}}