{"id":5751,"date":"2025-04-03T18:45:50","date_gmt":"2025-04-03T18:45:50","guid":{"rendered":"https:\/\/mx.motorad.com\/tappi-per-filtro-dellolio\/"},"modified":"2025-06-13T12:48:48","modified_gmt":"2025-06-13T12:48:48","slug":"tappi-per-filtro-dellolio","status":"publish","type":"page","link":"https:\/\/mx.motorad.com\/it\/products\/tappi\/tappi-per-filtro-dellolio\/","title":{"rendered":"Tappi per filtro dell&#8217;olio"},"content":{"rendered":"\n<h1 class=\"wp-block-heading\" id=\"h-oil-filter-caps\" style=\"margin-top:var(--wp--preset--spacing--60);margin-bottom:var(--wp--preset--spacing--60)\">TAPPI PER FILTRO DELL&#8217;OLIO<\/h1>\n\n<p style=\"margin-bottom:var(--wp--preset--spacing--20)\"><\/p>\n\n<p style=\"margin-bottom:var(--wp--preset--spacing--20)\">Il catalogo completo di tappi per filtro dell&#8217;olio di MotoRad \u00e8 progettato per soddisfare gli standard rigorosi degli appassionati e dei professionisti del settore automobilistico. I tappi per filtro dell&#8217;olio stanno diventando sempre pi\u00f9 diffusi, con i produttori di auto e camion che utilizzano filtri a cartuccia ecologici che richiedono tappi per il gruppo del filtro dell&#8217;olio.  <\/p>\n\n<p style=\"margin-bottom:var(--wp--preset--spacing--20)\">Dai un&#8217;occhiata al nostro vasto catalogo per scoprire vari tappi per filtro dell&#8217;olio adatti a diverse marche e modelli. I nostri design compatibili con l&#8217;OEM garantiscono una perfetta aderenza, eliminando il fastidio dei problemi di compatibilit\u00e0. Ogni prodotto \u00e8 accuratamente etichettato con il suo corrispondente numero di parte per una facile identificazione e selezione.  <\/p>\n\n<p style=\"margin-bottom:var(--wp--preset--spacing--20)\">Con un&#8217;ampia copertura su tutti i marchi di veicoli pi\u00f9 popolari, MotoRad garantisce che tu trovi l&#8217;opzione perfetta per le esigenze del tuo veicolo. Come tuo fornitore di fiducia e partner commerciale, diamo priorit\u00e0 alla qualit\u00e0 OEM in ogni prodotto che offriamo, garantendo tranquillit\u00e0 e affidabilit\u00e0 per ogni acquisto.  <\/p>\n\n<p style=\"margin-bottom:var(--wp--preset--spacing--60)\">La nostra linea in crescita di tappi per filtro dell&#8217;olio offre un&#8217;eccellente sostituzione per questo componente spesso rotto o perso durante un cambio d&#8217;olio. <\/p>\n\n<figure class=\"wp-block-image size-full\"><img loading=\"lazy\" decoding=\"async\" width=\"240\" height=\"248\" src=\"https:\/\/mx.motorad.com\/wp-content\/uploads\/2025\/04\/MO300-1.webp\" alt=\"\" class=\"wp-image-4447\"\/><\/figure>\n\n<ul style=\"margin-top:var(--wp--preset--spacing--60);margin-bottom:var(--wp--preset--spacing--60)\" class=\"wp-block-list\">\n<li style=\"margin-bottom:var(--wp--preset--spacing--20)\">Prodotti utilizzando i materiali OEM di massima qualit\u00e0 per garantire prestazioni ottimali e una robusta durabilit\u00e0.<\/li>\n\n\n\n<li>Progettati per soddisfare o superare tutte le specifiche OEM in termini di adattamento, forma &amp; funzione.<\/li>\n<\/ul>\n\n<div class=\"wp-block-buttons is-layout-flex wp-block-buttons-is-layout-flex\" style=\"margin-bottom:var(--wp--preset--spacing--70)\">\n<div class=\"wp-block-button\"><a class=\"wp-block-button__link wp-element-button\" href=\"https:\/\/mx.motorad.com\/it\/products\/\">Trova il tappo del filtro dell&#8217;olio per la tua applicazione<\/a><\/div>\n<\/div>\n\n<div class=\"wp-block-cover alignfull is-light\" style=\"padding-top:var(--wp--preset--spacing--60);padding-bottom:var(--wp--preset--spacing--60)\"><span aria-hidden=\"true\" class=\"wp-block-cover__background has-background-dim-0 has-background-dim\" style=\"background-color:#ece5d9\"><\/span><img loading=\"lazy\" decoding=\"async\" width=\"1505\" height=\"305\" class=\"wp-block-cover__image-background wp-image-223\" alt=\"\" src=\"https:\/\/mx.motorad.com\/wp-content\/uploads\/2025\/03\/FooterCTA.jpg\" data-object-fit=\"cover\" srcset=\"https:\/\/mx.motorad.com\/wp-content\/uploads\/2025\/03\/FooterCTA.jpg 1505w, https:\/\/mx.motorad.com\/wp-content\/uploads\/2025\/03\/FooterCTA-300x61.jpg 300w, https:\/\/mx.motorad.com\/wp-content\/uploads\/2025\/03\/FooterCTA-1024x208.jpg 1024w, https:\/\/mx.motorad.com\/wp-content\/uploads\/2025\/03\/FooterCTA-768x156.jpg 768w\" sizes=\"auto, (max-width: 1505px) 100vw, 1505px\" \/><div class=\"wp-block-cover__inner-container is-layout-flow wp-block-cover-is-layout-flow\">\n<div class=\"wp-block-columns are-vertically-aligned-center is-layout-flex wp-container-core-columns-is-layout-cbe57604 wp-block-columns-is-layout-flex\">\n<div class=\"wp-block-column is-vertically-aligned-center is-layout-flow wp-block-column-is-layout-flow\" style=\"flex-basis:45%\">\n<h2 class=\"wp-block-heading has-text-align-center has-palette-text-color has-text-color\" id=\"h-need-help-finding-the-right-product\" style=\"margin-bottom:var(--wp--preset--spacing--40)\">Hai bisogno di aiuto per trovare il prodotto giusto?<\/h2>\n\n\n\n<p class=\"has-text-align-center has-palette-text-color has-text-color\" style=\"margin-bottom:var(--wp--preset--spacing--50)\">Il nostro team dedicato \u00e8 qui per guidarti nella giusta direzione. Clicca qui sotto e facci sapere come possiamo aiutarti a trovare il prodotto ideale per le tue esigenze. Il tuo viaggio per vivere meglio inizia qui.  <\/p>\n\n\n\n<div class=\"wp-block-buttons is-content-justification-center is-layout-flex wp-container-core-buttons-is-layout-a89b3969 wp-block-buttons-is-layout-flex\">\n<div class=\"wp-block-button\"><a class=\"wp-block-button__link has-text-align-center wp-element-button\" href=\"https:\/\/mx.motorad.com\/contact\/need-help-finding-something\/\">Parla con uno specialista MotoRad<\/a><\/div>\n<\/div>\n<\/div>\n\n\n\n<div class=\"wp-block-column is-layout-flow wp-block-column-is-layout-flow\" style=\"flex-basis:10%\"><\/div>\n\n\n\n<div class=\"wp-block-column is-layout-flow wp-block-column-is-layout-flow\" style=\"flex-basis:45%\">\n<h2 class=\"wp-block-heading has-text-align-center has-palette-text-color has-text-color\" id=\"h-looking-for-custom-development\" style=\"margin-bottom:var(--wp--preset--spacing--40)\">Cerchi uno sviluppo personalizzato?<\/h2>\n\n\n\n<p class=\"has-text-align-center has-palette-text-color has-text-color\" style=\"margin-bottom:var(--wp--preset--spacing--50)\">Non ci occupiamo solo di prodotti; ci occupiamo di creare soluzioni su misura che rispondano alle tue esigenze. Sei pronto a dare vita al tuo nuovo progetto? Clicca qui sotto e intraprendiamo insieme il viaggio dello sviluppo di prodotti personalizzati.  <\/p>\n\n\n\n<div class=\"wp-block-buttons is-content-justification-center is-layout-flex wp-container-core-buttons-is-layout-a89b3969 wp-block-buttons-is-layout-flex\">\n<div class=\"wp-block-button is-style-fill\"><a class=\"wp-block-button__link has-palette-bg-color has-palette-text-background-color has-text-color has-background has-text-align-center wp-element-button\" href=\"https:\/\/mx.motorad.com\/contact\/do-you-need-custom-development\/\">Vogliamo essere il tuo fornitore<\/a><\/div>\n<\/div>\n<\/div>\n<\/div>\n<\/div><\/div>\n","protected":false},"excerpt":{"rendered":"<p>TAPPI PER FILTRO DELL&#8217;OLIO Il catalogo completo di tappi per filtro dell&#8217;olio di MotoRad \u00e8 progettato per soddisfare gli standard [&#8230;]<\/p>\n","protected":false},"author":1,"featured_media":0,"parent":5895,"menu_order":0,"comment_status":"closed","ping_status":"closed","template":"","meta":{"_acf_changed":false,"footnotes":""},"class_list":["post-5751","page","type-page","status-publish","hentry"],"acf":[],"yoast_head":"<!-- This site is optimized with the Yoast SEO Premium plugin v27.2 (Yoast SEO v27.2) - https:\/\/yoast.com\/product\/yoast-seo-premium-wordpress\/ -->\n<title>Tappi per filtro dell&#039;olio - MotoRad<\/title>\n<meta name=\"description\" content=\"Dai un&#039;occhiata al vasto catalogo di tappi per filtro dell&#039;olio di Motorad, tutti organizzati comodamente per numero di parte e scambi inclusi. Trova l&#039;opzione perfetta per le esigenze di manutenzione del tuo veicolo con Motorad.\" \/>\n<meta name=\"robots\" content=\"index, follow, max-snippet:-1, max-image-preview:large, max-video-preview:-1\" \/>\n<link rel=\"canonical\" href=\"https:\/\/mx.motorad.com\/it\/products\/tappi\/tappi-per-filtro-dellolio\/\" \/>\n<meta property=\"og:locale\" content=\"it_IT\" \/>\n<meta property=\"og:type\" content=\"article\" \/>\n<meta property=\"og:title\" content=\"Tappi per filtro dell&#039;olio\" \/>\n<meta property=\"og:description\" content=\"Dai un&#039;occhiata al vasto catalogo di tappi per filtro dell&#039;olio di Motorad, tutti organizzati comodamente per numero di parte e scambi inclusi. Trova l&#039;opzione perfetta per le esigenze di manutenzione del tuo veicolo con Motorad.\" \/>\n<meta property=\"og:url\" content=\"https:\/\/mx.motorad.com\/it\/products\/tappi\/tappi-per-filtro-dellolio\/\" \/>\n<meta property=\"og:site_name\" content=\"MotoRad\" \/>\n<meta property=\"article:modified_time\" content=\"2025-06-13T12:48:48+00:00\" \/>\n<meta property=\"og:image\" content=\"https:\/\/mx.motorad.com\/wp-content\/uploads\/2025\/04\/MO300-1.webp\" \/>\n\t<meta property=\"og:image:width\" content=\"240\" \/>\n\t<meta property=\"og:image:height\" content=\"248\" \/>\n\t<meta property=\"og:image:type\" content=\"image\/webp\" \/>\n<meta name=\"twitter:card\" content=\"summary_large_image\" \/>\n<meta name=\"twitter:label1\" content=\"Est. reading time\" \/>\n\t<meta name=\"twitter:data1\" content=\"1 minuto\" \/>\n<script type=\"application\/ld+json\" class=\"yoast-schema-graph\">{\"@context\":\"https:\/\/schema.org\",\"@graph\":[{\"@type\":\"WebPage\",\"@id\":\"https:\/\/mx.motorad.com\/it\/products\/tappi\/tappi-per-filtro-dellolio\/\",\"url\":\"https:\/\/mx.motorad.com\/it\/products\/tappi\/tappi-per-filtro-dellolio\/\",\"name\":\"Tappi per filtro dell'olio - MotoRad\",\"isPartOf\":{\"@id\":\"https:\/\/mx.motorad.com\/it\/#website\"},\"primaryImageOfPage\":{\"@id\":\"https:\/\/mx.motorad.com\/it\/products\/tappi\/tappi-per-filtro-dellolio\/#primaryimage\"},\"image\":{\"@id\":\"https:\/\/mx.motorad.com\/it\/products\/tappi\/tappi-per-filtro-dellolio\/#primaryimage\"},\"thumbnailUrl\":\"https:\/\/mx.motorad.com\/wp-content\/uploads\/2025\/04\/MO300-1.webp\",\"datePublished\":\"2025-04-03T18:45:50+00:00\",\"dateModified\":\"2025-06-13T12:48:48+00:00\",\"description\":\"Dai un'occhiata al vasto catalogo di tappi per filtro dell'olio di Motorad, tutti organizzati comodamente per numero di parte e scambi inclusi. Trova l'opzione perfetta per le esigenze di manutenzione del tuo veicolo con Motorad.\",\"breadcrumb\":{\"@id\":\"https:\/\/mx.motorad.com\/it\/products\/tappi\/tappi-per-filtro-dellolio\/#breadcrumb\"},\"inLanguage\":\"it-IT\",\"potentialAction\":[{\"@type\":\"ReadAction\",\"target\":[\"https:\/\/mx.motorad.com\/it\/products\/tappi\/tappi-per-filtro-dellolio\/\"]}]},{\"@type\":\"ImageObject\",\"inLanguage\":\"it-IT\",\"@id\":\"https:\/\/mx.motorad.com\/it\/products\/tappi\/tappi-per-filtro-dellolio\/#primaryimage\",\"url\":\"https:\/\/mx.motorad.com\/wp-content\/uploads\/2025\/04\/MO300-1.webp\",\"contentUrl\":\"https:\/\/mx.motorad.com\/wp-content\/uploads\/2025\/04\/MO300-1.webp\"},{\"@type\":\"BreadcrumbList\",\"@id\":\"https:\/\/mx.motorad.com\/it\/products\/tappi\/tappi-per-filtro-dellolio\/#breadcrumb\",\"itemListElement\":[{\"@type\":\"ListItem\",\"position\":1,\"name\":\"Home\",\"item\":\"https:\/\/mx.motorad.com\/it\/\"},{\"@type\":\"ListItem\",\"position\":2,\"name\":\"Prodotti\",\"item\":\"https:\/\/motoradnew.test\/it\/products\/\"},{\"@type\":\"ListItem\",\"position\":3,\"name\":\"Tappi\",\"item\":\"https:\/\/motoradnew.test\/it\/products\/tappi\/\"},{\"@type\":\"ListItem\",\"position\":4,\"name\":\"Tappi per filtro dell&#8217;olio\"}]},{\"@type\":\"WebSite\",\"@id\":\"https:\/\/mx.motorad.com\/it\/#website\",\"url\":\"https:\/\/mx.motorad.com\/it\/\",\"name\":\"MotoRad\",\"description\":\"Trusted to Deliver Better - Thermal Management, Emissions, Powertrain Controls\",\"potentialAction\":[{\"@type\":\"SearchAction\",\"target\":{\"@type\":\"EntryPoint\",\"urlTemplate\":\"https:\/\/mx.motorad.com\/it\/?s={search_term_string}\"},\"query-input\":{\"@type\":\"PropertyValueSpecification\",\"valueRequired\":true,\"valueName\":\"search_term_string\"}}],\"inLanguage\":\"it-IT\"}]}<\/script>\n<!-- \/ Yoast SEO Premium plugin. -->","yoast_head_json":{"title":"Tappi per filtro dell'olio - MotoRad","description":"Dai un'occhiata al vasto catalogo di tappi per filtro dell'olio di Motorad, tutti organizzati comodamente per numero di parte e scambi inclusi. Trova l'opzione perfetta per le esigenze di manutenzione del tuo veicolo con Motorad.","robots":{"index":"index","follow":"follow","max-snippet":"max-snippet:-1","max-image-preview":"max-image-preview:large","max-video-preview":"max-video-preview:-1"},"canonical":"https:\/\/mx.motorad.com\/it\/products\/tappi\/tappi-per-filtro-dellolio\/","og_locale":"it_IT","og_type":"article","og_title":"Tappi per filtro dell'olio","og_description":"Dai un'occhiata al vasto catalogo di tappi per filtro dell'olio di Motorad, tutti organizzati comodamente per numero di parte e scambi inclusi. Trova l'opzione perfetta per le esigenze di manutenzione del tuo veicolo con Motorad.","og_url":"https:\/\/mx.motorad.com\/it\/products\/tappi\/tappi-per-filtro-dellolio\/","og_site_name":"MotoRad","article_modified_time":"2025-06-13T12:48:48+00:00","og_image":[{"width":240,"height":248,"url":"https:\/\/mx.motorad.com\/wp-content\/uploads\/2025\/04\/MO300-1.webp","type":"image\/webp"}],"twitter_card":"summary_large_image","twitter_misc":{"Est. reading time":"1 minuto"},"schema":{"@context":"https:\/\/schema.org","@graph":[{"@type":"WebPage","@id":"https:\/\/mx.motorad.com\/it\/products\/tappi\/tappi-per-filtro-dellolio\/","url":"https:\/\/mx.motorad.com\/it\/products\/tappi\/tappi-per-filtro-dellolio\/","name":"Tappi per filtro dell'olio - MotoRad","isPartOf":{"@id":"https:\/\/mx.motorad.com\/it\/#website"},"primaryImageOfPage":{"@id":"https:\/\/mx.motorad.com\/it\/products\/tappi\/tappi-per-filtro-dellolio\/#primaryimage"},"image":{"@id":"https:\/\/mx.motorad.com\/it\/products\/tappi\/tappi-per-filtro-dellolio\/#primaryimage"},"thumbnailUrl":"https:\/\/mx.motorad.com\/wp-content\/uploads\/2025\/04\/MO300-1.webp","datePublished":"2025-04-03T18:45:50+00:00","dateModified":"2025-06-13T12:48:48+00:00","description":"Dai un'occhiata al vasto catalogo di tappi per filtro dell'olio di Motorad, tutti organizzati comodamente per numero di parte e scambi inclusi. Trova l'opzione perfetta per le esigenze di manutenzione del tuo veicolo con Motorad.","breadcrumb":{"@id":"https:\/\/mx.motorad.com\/it\/products\/tappi\/tappi-per-filtro-dellolio\/#breadcrumb"},"inLanguage":"it-IT","potentialAction":[{"@type":"ReadAction","target":["https:\/\/mx.motorad.com\/it\/products\/tappi\/tappi-per-filtro-dellolio\/"]}]},{"@type":"ImageObject","inLanguage":"it-IT","@id":"https:\/\/mx.motorad.com\/it\/products\/tappi\/tappi-per-filtro-dellolio\/#primaryimage","url":"https:\/\/mx.motorad.com\/wp-content\/uploads\/2025\/04\/MO300-1.webp","contentUrl":"https:\/\/mx.motorad.com\/wp-content\/uploads\/2025\/04\/MO300-1.webp"},{"@type":"BreadcrumbList","@id":"https:\/\/mx.motorad.com\/it\/products\/tappi\/tappi-per-filtro-dellolio\/#breadcrumb","itemListElement":[{"@type":"ListItem","position":1,"name":"Home","item":"https:\/\/mx.motorad.com\/it\/"},{"@type":"ListItem","position":2,"name":"Prodotti","item":"https:\/\/motoradnew.test\/it\/products\/"},{"@type":"ListItem","position":3,"name":"Tappi","item":"https:\/\/motoradnew.test\/it\/products\/tappi\/"},{"@type":"ListItem","position":4,"name":"Tappi per filtro dell&#8217;olio"}]},{"@type":"WebSite","@id":"https:\/\/mx.motorad.com\/it\/#website","url":"https:\/\/mx.motorad.com\/it\/","name":"MotoRad","description":"Trusted to Deliver Better - Thermal Management, Emissions, Powertrain Controls","potentialAction":[{"@type":"SearchAction","target":{"@type":"EntryPoint","urlTemplate":"https:\/\/mx.motorad.com\/it\/?s={search_term_string}"},"query-input":{"@type":"PropertyValueSpecification","valueRequired":true,"valueName":"search_term_string"}}],"inLanguage":"it-IT"}]}},"_links":{"self":[{"href":"https:\/\/mx.motorad.com\/it\/wp-json\/wp\/v2\/pages\/5751","targetHints":{"allow":["GET"]}}],"collection":[{"href":"https:\/\/mx.motorad.com\/it\/wp-json\/wp\/v2\/pages"}],"about":[{"href":"https:\/\/mx.motorad.com\/it\/wp-json\/wp\/v2\/types\/page"}],"author":[{"embeddable":true,"href":"https:\/\/mx.motorad.com\/it\/wp-json\/wp\/v2\/users\/1"}],"replies":[{"embeddable":true,"href":"https:\/\/mx.motorad.com\/it\/wp-json\/wp\/v2\/comments?post=5751"}],"version-history":[{"count":1,"href":"https:\/\/mx.motorad.com\/it\/wp-json\/wp\/v2\/pages\/5751\/revisions"}],"predecessor-version":[{"id":5752,"href":"https:\/\/mx.motorad.com\/it\/wp-json\/wp\/v2\/pages\/5751\/revisions\/5752"}],"up":[{"embeddable":true,"href":"https:\/\/mx.motorad.com\/it\/wp-json\/wp\/v2\/pages\/5895"}],"wp:attachment":[{"href":"https:\/\/mx.motorad.com\/it\/wp-json\/wp\/v2\/media?parent=5751"}],"curies":[{"name":"wp","href":"https:\/\/api.w.org\/{rel}","templated":true}]}}