{"id":5761,"date":"2025-04-03T18:42:47","date_gmt":"2025-04-03T18:42:47","guid":{"rendered":"https:\/\/mx.motorad.com\/tappi-dellolio\/"},"modified":"2025-06-13T12:48:48","modified_gmt":"2025-06-13T12:48:48","slug":"tappi-dellolio","status":"publish","type":"page","link":"https:\/\/mx.motorad.com\/it\/products\/tappi\/tappi-dellolio\/","title":{"rendered":"Tappi dell&#8217;olio"},"content":{"rendered":"\n<h1 class=\"wp-block-heading\" id=\"h-oil-caps\" style=\"margin-top:var(--wp--preset--spacing--60);margin-bottom:var(--wp--preset--spacing--60)\">TAPPI DELL&#8217;OLIO<\/h1>\n\n<p>I tappi dell&#8217;olio servono principalmente per sigillare il serbatoio dell&#8217;olio. Spesso includono filtri per la ventilazione del basamento, che dovrebbero essere sostituiti pi\u00f9 volte durante la vita del veicolo. <\/p>\n\n<div class=\"wp-block-columns is-layout-flex wp-container-core-columns-is-layout-2d5df727 wp-block-columns-is-layout-flex\" style=\"margin-top:var(--wp--preset--spacing--60);margin-bottom:var(--wp--preset--spacing--60)\">\n<div class=\"wp-block-column is-layout-flow wp-block-column-is-layout-flow\">\n<figure class=\"wp-block-image size-full\"><img loading=\"lazy\" decoding=\"async\" width=\"500\" height=\"500\" src=\"https:\/\/mx.motorad.com\/wp-content\/uploads\/2025\/04\/MO109_Angle.jpg\" alt=\"\" class=\"wp-image-4414\" srcset=\"https:\/\/mx.motorad.com\/wp-content\/uploads\/2025\/04\/MO109_Angle.jpg 500w, https:\/\/mx.motorad.com\/wp-content\/uploads\/2025\/04\/MO109_Angle-300x300.jpg 300w, https:\/\/mx.motorad.com\/wp-content\/uploads\/2025\/04\/MO109_Angle-150x150.jpg 150w\" sizes=\"auto, (max-width: 500px) 100vw, 500px\" \/><\/figure>\n<\/div>\n\n\n\n<div class=\"wp-block-column is-layout-flow wp-block-column-is-layout-flow\">\n<figure class=\"wp-block-image size-full\"><img loading=\"lazy\" decoding=\"async\" width=\"500\" height=\"500\" src=\"https:\/\/mx.motorad.com\/wp-content\/uploads\/2025\/04\/MO111_Angle.jpg\" alt=\"\" class=\"wp-image-4421\" srcset=\"https:\/\/mx.motorad.com\/wp-content\/uploads\/2025\/04\/MO111_Angle.jpg 500w, https:\/\/mx.motorad.com\/wp-content\/uploads\/2025\/04\/MO111_Angle-300x300.jpg 300w, https:\/\/mx.motorad.com\/wp-content\/uploads\/2025\/04\/MO111_Angle-150x150.jpg 150w\" sizes=\"auto, (max-width: 500px) 100vw, 500px\" \/><\/figure>\n<\/div>\n\n\n\n<div class=\"wp-block-column is-layout-flow wp-block-column-is-layout-flow\">\n<figure class=\"wp-block-image size-full\"><img loading=\"lazy\" decoding=\"async\" width=\"500\" height=\"500\" src=\"https:\/\/mx.motorad.com\/wp-content\/uploads\/2025\/04\/6032-02_Angle.jpg\" alt=\"\" class=\"wp-image-4407\" srcset=\"https:\/\/mx.motorad.com\/wp-content\/uploads\/2025\/04\/6032-02_Angle.jpg 500w, https:\/\/mx.motorad.com\/wp-content\/uploads\/2025\/04\/6032-02_Angle-300x300.jpg 300w, https:\/\/mx.motorad.com\/wp-content\/uploads\/2025\/04\/6032-02_Angle-150x150.jpg 150w\" sizes=\"auto, (max-width: 500px) 100vw, 500px\" \/><\/figure>\n<\/div>\n\n\n\n<div class=\"wp-block-column is-layout-flow wp-block-column-is-layout-flow\">\n<figure class=\"wp-block-image size-full\"><img loading=\"lazy\" decoding=\"async\" width=\"500\" height=\"500\" src=\"https:\/\/mx.motorad.com\/wp-content\/uploads\/2025\/04\/MO116_Angle.jpg\" alt=\"\" class=\"wp-image-4428\" srcset=\"https:\/\/mx.motorad.com\/wp-content\/uploads\/2025\/04\/MO116_Angle.jpg 500w, https:\/\/mx.motorad.com\/wp-content\/uploads\/2025\/04\/MO116_Angle-300x300.jpg 300w, https:\/\/mx.motorad.com\/wp-content\/uploads\/2025\/04\/MO116_Angle-150x150.jpg 150w\" sizes=\"auto, (max-width: 500px) 100vw, 500px\" \/><\/figure>\n<\/div>\n\n\n\n<div class=\"wp-block-column is-layout-flow wp-block-column-is-layout-flow\">\n<figure class=\"wp-block-image size-full\"><img loading=\"lazy\" decoding=\"async\" width=\"500\" height=\"500\" src=\"https:\/\/mx.motorad.com\/wp-content\/uploads\/2025\/04\/MO120_Angle-1.jpg\" alt=\"\" class=\"wp-image-4435\" srcset=\"https:\/\/mx.motorad.com\/wp-content\/uploads\/2025\/04\/MO120_Angle-1.jpg 500w, https:\/\/mx.motorad.com\/wp-content\/uploads\/2025\/04\/MO120_Angle-1-300x300.jpg 300w, https:\/\/mx.motorad.com\/wp-content\/uploads\/2025\/04\/MO120_Angle-1-150x150.jpg 150w\" sizes=\"auto, (max-width: 500px) 100vw, 500px\" \/><\/figure>\n<\/div>\n<\/div>\n\n<p style=\"margin-bottom:var(--wp--preset--spacing--20)\">MotoRad ha diversi tipi di tappi dell&#8217;olio per tutti i tipi di auto e camion, inclusi tappi con filtri integrati e senza.<\/p>\n\n<p style=\"margin-bottom:var(--wp--preset--spacing--20)\">Da MotoRad, siamo orgogliosi di offrire tappi dell&#8217;olio premium progettati per migliorare le prestazioni e l&#8217;affidabilit\u00e0 del tuo motore. Il nostro vasto catalogo vanta una vasta gamma di tappi dell&#8217;olio meticolosamente realizzati per soddisfare i pi\u00f9 alti standard di qualit\u00e0 e compatibilit\u00e0. <\/p>\n\n<p style=\"margin-bottom:var(--wp--preset--spacing--20)\"><strong>Perch\u00e9 scegliere i tappi dell&#8217;olio MotoRad?<\/strong><\/p>\n\n<p style=\"margin-bottom:var(--wp--preset--spacing--20)\"><strong>1. Expertise del produttore:<\/strong> MotoRad \u00e8 un produttore leader rinomato per il suo impegno per l&#8217;eccellenza. Con decenni di esperienza nell&#8217;ingegneria automobilistica, assicuriamo che ogni tappo dell&#8217;olio soddisfi rigorosi standard di qualit\u00e0 e benchmark di prestazioni. <\/p>\n\n<p style=\"margin-bottom:var(--wp--preset--spacing--20)\"><strong>2. Catalogo esteso:<\/strong> Esplora il nostro catalogo completo con una selezione diversificata di tappi dell&#8217;olio progettati per varie marche e modelli. Che tu guidi una berlina compatta o un camion pesante, MotoRad ha la soluzione perfetta per le esigenze del tuo veicolo. <\/p>\n\n<p style=\"margin-bottom:var(--wp--preset--spacing--20)\"><strong>3. Intercambiabilit\u00e0:<\/strong> I nostri tappi dell&#8217;olio sono progettati per essere perfettamente intercambiabili con i componenti OEM, garantendo un processo di installazione senza problemi. Con una precisione e compatibilit\u00e0 accurate, puoi fidarti di MotoRad per offrire prestazioni e affidabilit\u00e0 ottimali. <\/p>\n\n<p style=\"margin-bottom:var(--wp--preset--spacing--20)\"><strong>4. Selezione del numero di parte:<\/strong> Identifica facilmente il tappo dell&#8217;olio giusto per il tuo veicolo con il nostro sistema accurato di numerazione delle parti. Con MotoRad, trovare la corrispondenza perfetta per il tuo motore non \u00e8 mai stato cos\u00ec facile. <\/p>\n\n<p style=\"margin-bottom:var(--wp--preset--spacing--20)\"><strong>5. Ampia copertura:<\/strong> Dai veicoli nazionali a quelli stranieri, MotoRad fornisce un&#8217;ampia copertura per soddisfare le diverse esigenze dei conducenti in tutto il mondo. Che tu stia facendo manutenzione a un&#8217;auto classica o a un&#8217;ibrida moderna, puoi contare su MotoRad per una qualit\u00e0 e compatibilit\u00e0 eccezionali. <\/p>\n\n<p style=\"margin-bottom:var(--wp--preset--spacing--20)\"><strong>6. Rete di fornitori affidabili:<\/strong> Collaborare con MotoRad significa avere accesso a una rete affidabile di fornitori impegnati a fornire prodotti di qualit\u00e0 OEM genuina. Stai tranquillo, ogni tappo dell&#8217;olio che porta il nome MotoRad \u00e8 supportato dalla nostra incrollabile dedizione all&#8217;eccellenza. <\/p>\n\n<p style=\"margin-bottom:var(--wp--preset--spacing--60)\"><strong>7. Garanzia di qualit\u00e0 OEM:<\/strong> I tappi dell&#8217;olio MotoRad sono progettati secondo le specifiche OEM, assicurando che soddisfino gli standard pi\u00f9 severi.<\/p>\n\n<hr class=\"wp-block-separator has-text-color has-palette-brand-3-color has-alpha-channel-opacity has-palette-brand-3-background-color has-background is-style-wide\" style=\"margin-bottom:var(--wp--preset--spacing--60)\"\/>\n\n<div class=\"wp-block-buttons is-layout-flex wp-block-buttons-is-layout-flex\" style=\"margin-bottom:var(--wp--preset--spacing--70)\">\n<div class=\"wp-block-button\"><a class=\"wp-block-button__link wp-element-button\" href=\"https:\/\/mx.motorad.com\/it\/products\/\">Trova il tappo dell&#8217;olio per la tua applicazione<\/a><\/div>\n<\/div>\n\n<div class=\"wp-block-cover alignfull is-light\" style=\"padding-top:var(--wp--preset--spacing--60);padding-bottom:var(--wp--preset--spacing--60)\"><span aria-hidden=\"true\" class=\"wp-block-cover__background has-background-dim-0 has-background-dim\" style=\"background-color:#ece5d9\"><\/span><img loading=\"lazy\" decoding=\"async\" width=\"1505\" height=\"305\" class=\"wp-block-cover__image-background wp-image-223\" alt=\"\" src=\"https:\/\/mx.motorad.com\/wp-content\/uploads\/2025\/03\/FooterCTA.jpg\" data-object-fit=\"cover\" srcset=\"https:\/\/mx.motorad.com\/wp-content\/uploads\/2025\/03\/FooterCTA.jpg 1505w, https:\/\/mx.motorad.com\/wp-content\/uploads\/2025\/03\/FooterCTA-300x61.jpg 300w, https:\/\/mx.motorad.com\/wp-content\/uploads\/2025\/03\/FooterCTA-1024x208.jpg 1024w, https:\/\/mx.motorad.com\/wp-content\/uploads\/2025\/03\/FooterCTA-768x156.jpg 768w\" sizes=\"auto, (max-width: 1505px) 100vw, 1505px\" \/><div class=\"wp-block-cover__inner-container is-layout-flow wp-block-cover-is-layout-flow\">\n<div class=\"wp-block-columns are-vertically-aligned-center is-layout-flex wp-container-core-columns-is-layout-cbe57604 wp-block-columns-is-layout-flex\">\n<div class=\"wp-block-column is-vertically-aligned-center is-layout-flow wp-block-column-is-layout-flow\" style=\"flex-basis:45%\">\n<h2 class=\"wp-block-heading has-text-align-center has-palette-text-color has-text-color\" id=\"h-need-help-finding-the-right-product\" style=\"margin-bottom:var(--wp--preset--spacing--40)\">Hai bisogno di aiuto per trovare il prodotto giusto?<\/h2>\n\n\n\n<p class=\"has-text-align-center has-palette-text-color has-text-color\" style=\"margin-bottom:var(--wp--preset--spacing--50)\">Il nostro team dedicato \u00e8 qui per guidarti nella giusta direzione. Clicca qui sotto e facci sapere come possiamo aiutarti a trovare il prodotto ideale per le tue esigenze. Il tuo viaggio per vivere meglio inizia qui.  <\/p>\n\n\n\n<div class=\"wp-block-buttons is-content-justification-center is-layout-flex wp-container-core-buttons-is-layout-a89b3969 wp-block-buttons-is-layout-flex\">\n<div class=\"wp-block-button\"><a class=\"wp-block-button__link has-text-align-center wp-element-button\" href=\"https:\/\/mx.motorad.com\/contact\/need-help-finding-something\/\">Parla con uno specialista MotoRad<\/a><\/div>\n<\/div>\n<\/div>\n\n\n\n<div class=\"wp-block-column is-layout-flow wp-block-column-is-layout-flow\" style=\"flex-basis:10%\"><\/div>\n\n\n\n<div class=\"wp-block-column is-layout-flow wp-block-column-is-layout-flow\" style=\"flex-basis:45%\">\n<h2 class=\"wp-block-heading has-text-align-center has-palette-text-color has-text-color\" id=\"h-looking-for-custom-development\" style=\"margin-bottom:var(--wp--preset--spacing--40)\">Cerchi uno sviluppo personalizzato?<\/h2>\n\n\n\n<p class=\"has-text-align-center has-palette-text-color has-text-color\" style=\"margin-bottom:var(--wp--preset--spacing--50)\">Non ci occupiamo solo di prodotti; ci occupiamo di creare soluzioni su misura che rispondano alle tue esigenze. Sei pronto a dare vita al tuo nuovo progetto? Clicca qui sotto e intraprendiamo insieme il viaggio dello sviluppo di prodotti personalizzati.  <\/p>\n\n\n\n<div class=\"wp-block-buttons is-content-justification-center is-layout-flex wp-container-core-buttons-is-layout-a89b3969 wp-block-buttons-is-layout-flex\">\n<div class=\"wp-block-button is-style-fill\"><a class=\"wp-block-button__link has-palette-bg-color has-palette-text-background-color has-text-color has-background has-text-align-center wp-element-button\" href=\"https:\/\/mx.motorad.com\/contact\/do-you-need-custom-development\/\">Vogliamo essere il tuo fornitore<\/a><\/div>\n<\/div>\n<\/div>\n<\/div>\n<\/div><\/div>\n","protected":false},"excerpt":{"rendered":"<p>TAPPI DELL&#8217;OLIO I tappi dell&#8217;olio servono principalmente per sigillare il serbatoio dell&#8217;olio. Spesso includono filtri per la ventilazione del basamento, [&#8230;]<\/p>\n","protected":false},"author":1,"featured_media":0,"parent":5895,"menu_order":0,"comment_status":"closed","ping_status":"closed","template":"","meta":{"_acf_changed":false,"footnotes":""},"class_list":["post-5761","page","type-page","status-publish","hentry"],"acf":[],"yoast_head":"<!-- This site is optimized with the Yoast SEO Premium plugin v27.2 (Yoast SEO v27.2) - https:\/\/yoast.com\/product\/yoast-seo-premium-wordpress\/ -->\n<title>Tappi dell&#039;olio - MotoRad<\/title>\n<meta name=\"description\" content=\"Scopri il vasto catalogo di tappi dell&#039;olio di alta qualit\u00e0 di MotoRad, progettati per prestazioni e compatibilit\u00e0 superiori. Esplora l&#039;intercambiabilit\u00e0, i numeri di parte, la copertura e la qualit\u00e0 OEM, tutti supportati dalla nostra rete di fornitori affidabili.\" \/>\n<meta name=\"robots\" content=\"index, follow, max-snippet:-1, max-image-preview:large, max-video-preview:-1\" \/>\n<link rel=\"canonical\" href=\"https:\/\/mx.motorad.com\/it\/products\/tappi\/tappi-dellolio\/\" \/>\n<meta property=\"og:locale\" content=\"it_IT\" \/>\n<meta property=\"og:type\" content=\"article\" \/>\n<meta property=\"og:title\" content=\"Tappi dell&#039;olio\" \/>\n<meta property=\"og:description\" content=\"Scopri il vasto catalogo di tappi dell&#039;olio di alta qualit\u00e0 di MotoRad, progettati per prestazioni e compatibilit\u00e0 superiori. Esplora l&#039;intercambiabilit\u00e0, i numeri di parte, la copertura e la qualit\u00e0 OEM, tutti supportati dalla nostra rete di fornitori affidabili.\" \/>\n<meta property=\"og:url\" content=\"https:\/\/mx.motorad.com\/it\/products\/tappi\/tappi-dellolio\/\" \/>\n<meta property=\"og:site_name\" content=\"MotoRad\" \/>\n<meta property=\"article:modified_time\" content=\"2025-06-13T12:48:48+00:00\" \/>\n<meta property=\"og:image\" content=\"https:\/\/mx.motorad.com\/wp-content\/uploads\/2025\/04\/MO109_Angle.jpg\" \/>\n\t<meta property=\"og:image:width\" content=\"500\" \/>\n\t<meta property=\"og:image:height\" content=\"500\" \/>\n\t<meta property=\"og:image:type\" content=\"image\/jpeg\" \/>\n<meta name=\"twitter:card\" content=\"summary_large_image\" \/>\n<meta name=\"twitter:label1\" content=\"Est. reading time\" \/>\n\t<meta name=\"twitter:data1\" content=\"2 minuti\" \/>\n<script type=\"application\/ld+json\" class=\"yoast-schema-graph\">{\"@context\":\"https:\/\/schema.org\",\"@graph\":[{\"@type\":\"WebPage\",\"@id\":\"https:\/\/mx.motorad.com\/it\/products\/tappi\/tappi-dellolio\/\",\"url\":\"https:\/\/mx.motorad.com\/it\/products\/tappi\/tappi-dellolio\/\",\"name\":\"Tappi dell'olio - MotoRad\",\"isPartOf\":{\"@id\":\"https:\/\/mx.motorad.com\/it\/#website\"},\"primaryImageOfPage\":{\"@id\":\"https:\/\/mx.motorad.com\/it\/products\/tappi\/tappi-dellolio\/#primaryimage\"},\"image\":{\"@id\":\"https:\/\/mx.motorad.com\/it\/products\/tappi\/tappi-dellolio\/#primaryimage\"},\"thumbnailUrl\":\"https:\/\/mx.motorad.com\/wp-content\/uploads\/2025\/04\/MO109_Angle.jpg\",\"datePublished\":\"2025-04-03T18:42:47+00:00\",\"dateModified\":\"2025-06-13T12:48:48+00:00\",\"description\":\"Scopri il vasto catalogo di tappi dell'olio di alta qualit\u00e0 di MotoRad, progettati per prestazioni e compatibilit\u00e0 superiori. Esplora l'intercambiabilit\u00e0, i numeri di parte, la copertura e la qualit\u00e0 OEM, tutti supportati dalla nostra rete di fornitori affidabili.\",\"breadcrumb\":{\"@id\":\"https:\/\/mx.motorad.com\/it\/products\/tappi\/tappi-dellolio\/#breadcrumb\"},\"inLanguage\":\"it-IT\",\"potentialAction\":[{\"@type\":\"ReadAction\",\"target\":[\"https:\/\/mx.motorad.com\/it\/products\/tappi\/tappi-dellolio\/\"]}]},{\"@type\":\"ImageObject\",\"inLanguage\":\"it-IT\",\"@id\":\"https:\/\/mx.motorad.com\/it\/products\/tappi\/tappi-dellolio\/#primaryimage\",\"url\":\"https:\/\/mx.motorad.com\/wp-content\/uploads\/2025\/04\/MO109_Angle.jpg\",\"contentUrl\":\"https:\/\/mx.motorad.com\/wp-content\/uploads\/2025\/04\/MO109_Angle.jpg\"},{\"@type\":\"BreadcrumbList\",\"@id\":\"https:\/\/mx.motorad.com\/it\/products\/tappi\/tappi-dellolio\/#breadcrumb\",\"itemListElement\":[{\"@type\":\"ListItem\",\"position\":1,\"name\":\"Home\",\"item\":\"https:\/\/mx.motorad.com\/it\/\"},{\"@type\":\"ListItem\",\"position\":2,\"name\":\"Prodotti\",\"item\":\"https:\/\/motoradnew.test\/it\/products\/\"},{\"@type\":\"ListItem\",\"position\":3,\"name\":\"Tappi\",\"item\":\"https:\/\/motoradnew.test\/it\/products\/tappi\/\"},{\"@type\":\"ListItem\",\"position\":4,\"name\":\"Tappi dell&#8217;olio\"}]},{\"@type\":\"WebSite\",\"@id\":\"https:\/\/mx.motorad.com\/it\/#website\",\"url\":\"https:\/\/mx.motorad.com\/it\/\",\"name\":\"MotoRad\",\"description\":\"Trusted to Deliver Better - Thermal Management, Emissions, Powertrain Controls\",\"potentialAction\":[{\"@type\":\"SearchAction\",\"target\":{\"@type\":\"EntryPoint\",\"urlTemplate\":\"https:\/\/mx.motorad.com\/it\/?s={search_term_string}\"},\"query-input\":{\"@type\":\"PropertyValueSpecification\",\"valueRequired\":true,\"valueName\":\"search_term_string\"}}],\"inLanguage\":\"it-IT\"}]}<\/script>\n<!-- \/ Yoast SEO Premium plugin. -->","yoast_head_json":{"title":"Tappi dell'olio - MotoRad","description":"Scopri il vasto catalogo di tappi dell'olio di alta qualit\u00e0 di MotoRad, progettati per prestazioni e compatibilit\u00e0 superiori. Esplora l'intercambiabilit\u00e0, i numeri di parte, la copertura e la qualit\u00e0 OEM, tutti supportati dalla nostra rete di fornitori affidabili.","robots":{"index":"index","follow":"follow","max-snippet":"max-snippet:-1","max-image-preview":"max-image-preview:large","max-video-preview":"max-video-preview:-1"},"canonical":"https:\/\/mx.motorad.com\/it\/products\/tappi\/tappi-dellolio\/","og_locale":"it_IT","og_type":"article","og_title":"Tappi dell'olio","og_description":"Scopri il vasto catalogo di tappi dell'olio di alta qualit\u00e0 di MotoRad, progettati per prestazioni e compatibilit\u00e0 superiori. Esplora l'intercambiabilit\u00e0, i numeri di parte, la copertura e la qualit\u00e0 OEM, tutti supportati dalla nostra rete di fornitori affidabili.","og_url":"https:\/\/mx.motorad.com\/it\/products\/tappi\/tappi-dellolio\/","og_site_name":"MotoRad","article_modified_time":"2025-06-13T12:48:48+00:00","og_image":[{"width":500,"height":500,"url":"https:\/\/mx.motorad.com\/wp-content\/uploads\/2025\/04\/MO109_Angle.jpg","type":"image\/jpeg"}],"twitter_card":"summary_large_image","twitter_misc":{"Est. reading time":"2 minuti"},"schema":{"@context":"https:\/\/schema.org","@graph":[{"@type":"WebPage","@id":"https:\/\/mx.motorad.com\/it\/products\/tappi\/tappi-dellolio\/","url":"https:\/\/mx.motorad.com\/it\/products\/tappi\/tappi-dellolio\/","name":"Tappi dell'olio - MotoRad","isPartOf":{"@id":"https:\/\/mx.motorad.com\/it\/#website"},"primaryImageOfPage":{"@id":"https:\/\/mx.motorad.com\/it\/products\/tappi\/tappi-dellolio\/#primaryimage"},"image":{"@id":"https:\/\/mx.motorad.com\/it\/products\/tappi\/tappi-dellolio\/#primaryimage"},"thumbnailUrl":"https:\/\/mx.motorad.com\/wp-content\/uploads\/2025\/04\/MO109_Angle.jpg","datePublished":"2025-04-03T18:42:47+00:00","dateModified":"2025-06-13T12:48:48+00:00","description":"Scopri il vasto catalogo di tappi dell'olio di alta qualit\u00e0 di MotoRad, progettati per prestazioni e compatibilit\u00e0 superiori. Esplora l'intercambiabilit\u00e0, i numeri di parte, la copertura e la qualit\u00e0 OEM, tutti supportati dalla nostra rete di fornitori affidabili.","breadcrumb":{"@id":"https:\/\/mx.motorad.com\/it\/products\/tappi\/tappi-dellolio\/#breadcrumb"},"inLanguage":"it-IT","potentialAction":[{"@type":"ReadAction","target":["https:\/\/mx.motorad.com\/it\/products\/tappi\/tappi-dellolio\/"]}]},{"@type":"ImageObject","inLanguage":"it-IT","@id":"https:\/\/mx.motorad.com\/it\/products\/tappi\/tappi-dellolio\/#primaryimage","url":"https:\/\/mx.motorad.com\/wp-content\/uploads\/2025\/04\/MO109_Angle.jpg","contentUrl":"https:\/\/mx.motorad.com\/wp-content\/uploads\/2025\/04\/MO109_Angle.jpg"},{"@type":"BreadcrumbList","@id":"https:\/\/mx.motorad.com\/it\/products\/tappi\/tappi-dellolio\/#breadcrumb","itemListElement":[{"@type":"ListItem","position":1,"name":"Home","item":"https:\/\/mx.motorad.com\/it\/"},{"@type":"ListItem","position":2,"name":"Prodotti","item":"https:\/\/motoradnew.test\/it\/products\/"},{"@type":"ListItem","position":3,"name":"Tappi","item":"https:\/\/motoradnew.test\/it\/products\/tappi\/"},{"@type":"ListItem","position":4,"name":"Tappi dell&#8217;olio"}]},{"@type":"WebSite","@id":"https:\/\/mx.motorad.com\/it\/#website","url":"https:\/\/mx.motorad.com\/it\/","name":"MotoRad","description":"Trusted to Deliver Better - Thermal Management, Emissions, Powertrain Controls","potentialAction":[{"@type":"SearchAction","target":{"@type":"EntryPoint","urlTemplate":"https:\/\/mx.motorad.com\/it\/?s={search_term_string}"},"query-input":{"@type":"PropertyValueSpecification","valueRequired":true,"valueName":"search_term_string"}}],"inLanguage":"it-IT"}]}},"_links":{"self":[{"href":"https:\/\/mx.motorad.com\/it\/wp-json\/wp\/v2\/pages\/5761","targetHints":{"allow":["GET"]}}],"collection":[{"href":"https:\/\/mx.motorad.com\/it\/wp-json\/wp\/v2\/pages"}],"about":[{"href":"https:\/\/mx.motorad.com\/it\/wp-json\/wp\/v2\/types\/page"}],"author":[{"embeddable":true,"href":"https:\/\/mx.motorad.com\/it\/wp-json\/wp\/v2\/users\/1"}],"replies":[{"embeddable":true,"href":"https:\/\/mx.motorad.com\/it\/wp-json\/wp\/v2\/comments?post=5761"}],"version-history":[{"count":1,"href":"https:\/\/mx.motorad.com\/it\/wp-json\/wp\/v2\/pages\/5761\/revisions"}],"predecessor-version":[{"id":5762,"href":"https:\/\/mx.motorad.com\/it\/wp-json\/wp\/v2\/pages\/5761\/revisions\/5762"}],"up":[{"embeddable":true,"href":"https:\/\/mx.motorad.com\/it\/wp-json\/wp\/v2\/pages\/5895"}],"wp:attachment":[{"href":"https:\/\/mx.motorad.com\/it\/wp-json\/wp\/v2\/media?parent=5761"}],"curies":[{"name":"wp","href":"https:\/\/api.w.org\/{rel}","templated":true}]}}