{"id":5855,"date":"2025-04-03T18:54:33","date_gmt":"2025-04-03T18:54:33","guid":{"rendered":"https:\/\/mx.motorad.com\/valvole-di-sfiato-del-canister-del-vapore\/"},"modified":"2026-03-17T14:20:12","modified_gmt":"2026-03-17T14:20:12","slug":"valvole-di-sfiato-del-canister-del-vapore","status":"publish","type":"page","link":"https:\/\/mx.motorad.com\/it\/products\/sistema-evap\/valvole-di-sfiato-del-canister-del-vapore\/","title":{"rendered":"Valvole di sfiato del canister"},"content":{"rendered":"<h1 style=\"margin-top:var(--wp--preset--spacing--60);margin-bottom:var(--wp--preset--spacing--60);\" class=\"wp-block-post-title\">Valvole di sfiato del canister<\/h1>\n<div class=\"wp-block-columns is-layout-flex wp-container-core-columns-is-layout-d07913d3 wp-block-columns-is-layout-flex\" style=\"margin-bottom:var(--wp--preset--spacing--60)\">\n<div class=\"wp-block-column is-layout-flow wp-block-column-is-layout-flow\" style=\"flex-basis:33.33%\">\n<figure class=\"wp-block-image size-full\"><img loading=\"lazy\" decoding=\"async\" width=\"2560\" height=\"2560\" src=\"https:\/\/mx.motorad.com\/wp-content\/uploads\/2025\/04\/EVP0096_Angle-scaled-1.jpg\" alt=\"\" class=\"wp-image-4511\" srcset=\"https:\/\/mx.motorad.com\/wp-content\/uploads\/2025\/04\/EVP0096_Angle-scaled-1.jpg 2560w, https:\/\/mx.motorad.com\/wp-content\/uploads\/2025\/04\/EVP0096_Angle-scaled-1-300x300.jpg 300w, https:\/\/mx.motorad.com\/wp-content\/uploads\/2025\/04\/EVP0096_Angle-scaled-1-1024x1024.jpg 1024w, https:\/\/mx.motorad.com\/wp-content\/uploads\/2025\/04\/EVP0096_Angle-scaled-1-150x150.jpg 150w, https:\/\/mx.motorad.com\/wp-content\/uploads\/2025\/04\/EVP0096_Angle-scaled-1-768x768.jpg 768w, https:\/\/mx.motorad.com\/wp-content\/uploads\/2025\/04\/EVP0096_Angle-scaled-1-1536x1536.jpg 1536w, https:\/\/mx.motorad.com\/wp-content\/uploads\/2025\/04\/EVP0096_Angle-scaled-1-2048x2048.jpg 2048w\" sizes=\"auto, (max-width: 2560px) 100vw, 2560px\" \/><\/figure>\n<\/div>\n\n\n\n<div class=\"wp-block-column is-layout-flow wp-block-column-is-layout-flow\" style=\"flex-basis:66.66%\">\n<p>La valvola di sfiato del canister svolge un ruolo cruciale nel sistema di controllo delle emissioni di un&#8217;auto, aiutando a ridurre gli inquinanti nocivi che possono disperdersi nell&#8217;ambiente. Questa valvola regola il rilascio dei vapori di carburante dal serbatoio dirigendoli nel collettore di aspirazione del motore, dove possono essere bruciati anzich\u00e9 rilasciati nell&#8217;atmosfera. Gestendo questi vapori, la valvola di sfiato riduce al minimo l&#8217;impatto del veicolo sulla qualit\u00e0 dell&#8217;aria, contribuendo a emissioni pi\u00f9 pulite e al rispetto degli standard ambientali.  <\/p>\n\n\n\n<p>Una valvola di sfiato sostitutiva di alta qualit\u00e0 \u00e8 essenziale per mantenere prestazioni ottimali del veicolo e la conformit\u00e0 ambientale. Valvole di scarsa qualit\u00e0 possono causare perdite di vapori di carburante, che non solo danneggiano l&#8217;ambiente, ma riducono anche l&#8217;efficienza del carburante e possono danneggiare altri componenti del motore nel tempo.  <\/p>\n\n\n\n<p>Le valvole di sfiato del canister di MotoRad sono resistenti e ben costruite per migliorare l&#8217;affidabilit\u00e0 del sistema, prevenire la perdita di vapori e garantire che le emissioni siano costantemente ridotte al minimo. Scegliere un ricambio di qualit\u00e0 \u00e8 un investimento per la salute del motore a lungo termine, il risparmio di carburante e la responsabilit\u00e0 ambientale. <\/p>\n<\/div>\n<\/div>\n\n<ul style=\"margin-bottom:var(--wp--preset--spacing--20)\" class=\"wp-block-list\">\n<li>Garantisce la chiusura del sistema EVAP (normalmente ventilato) durante il ciclo di test OBD II<\/li>\n<\/ul>\n\n<ul style=\"margin-bottom:var(--wp--preset--spacing--20)\" class=\"wp-block-list\">\n<li>Include un filtro integrato che cattura contaminanti e particolato dall&#8217;aria in entrata, prevenendo l&#8217;intasamento e garantendo un flusso d&#8217;aria pulito<\/li>\n<\/ul>\n\n<ul style=\"margin-bottom:var(--wp--preset--spacing--20)\" class=\"wp-block-list\">\n<li>Risposta rapida della valvola alle richieste del motore, garantendo uno sfiato efficiente dei vapori e ottimizzando le prestazioni complessive del motore<\/li>\n<\/ul>\n\n<hr class=\"wp-block-separator has-text-color has-palette-brand-3-color has-alpha-channel-opacity has-palette-brand-3-background-color has-background is-style-wide\" style=\"margin-top:var(--wp--preset--spacing--60);margin-bottom:var(--wp--preset--spacing--60)\"\/>\n\n<div class=\"wp-block-columns are-vertically-aligned-center is-layout-flex wp-container-core-columns-is-layout-06f677bf wp-block-columns-is-layout-flex\" style=\"margin-bottom:var(--wp--preset--spacing--70)\">\n<div class=\"wp-block-column is-vertically-aligned-center is-layout-flow wp-block-column-is-layout-flow\" style=\"flex-basis:33.33%\">\n<figure class=\"wp-block-image size-full\"><img loading=\"lazy\" decoding=\"async\" width=\"1200\" height=\"498\" src=\"https:\/\/mx.motorad.com\/wp-content\/uploads\/2025\/04\/24-evap-icon-1.jpg\" alt=\"\" class=\"wp-image-4518\" srcset=\"https:\/\/mx.motorad.com\/wp-content\/uploads\/2025\/04\/24-evap-icon-1.jpg 1200w, https:\/\/mx.motorad.com\/wp-content\/uploads\/2025\/04\/24-evap-icon-1-300x125.jpg 300w, https:\/\/mx.motorad.com\/wp-content\/uploads\/2025\/04\/24-evap-icon-1-1024x425.jpg 1024w, https:\/\/mx.motorad.com\/wp-content\/uploads\/2025\/04\/24-evap-icon-1-768x319.jpg 768w\" sizes=\"auto, (max-width: 1200px) 100vw, 1200px\" \/><\/figure>\n<\/div>\n\n\n\n<div class=\"wp-block-column is-vertically-aligned-center is-layout-flow wp-block-column-is-layout-flow\" style=\"flex-basis:66.66%\">\n<h2 class=\"wp-block-heading\" id=\"h-see-the-full-line-of-evap-system-products\"><a href=\"https:\/\/mx.motorad.com\/it\/products\/sistema-evap\/\">See the full line of EVAP System Products<\/a><\/h2>\n<\/div>\n<\/div>\n\n<div class=\"wp-block-cover alignfull is-light\" style=\"padding-top:var(--wp--preset--spacing--60);padding-bottom:var(--wp--preset--spacing--60)\"><span aria-hidden=\"true\" class=\"wp-block-cover__background has-background-dim-0 has-background-dim\" style=\"background-color:#ece5d9\"><\/span><img loading=\"lazy\" decoding=\"async\" width=\"1505\" height=\"305\" class=\"wp-block-cover__image-background wp-image-223\" alt=\"\" src=\"https:\/\/mx.motorad.com\/wp-content\/uploads\/2025\/03\/FooterCTA.jpg\" data-object-fit=\"cover\" srcset=\"https:\/\/mx.motorad.com\/wp-content\/uploads\/2025\/03\/FooterCTA.jpg 1505w, https:\/\/mx.motorad.com\/wp-content\/uploads\/2025\/03\/FooterCTA-300x61.jpg 300w, https:\/\/mx.motorad.com\/wp-content\/uploads\/2025\/03\/FooterCTA-1024x208.jpg 1024w, https:\/\/mx.motorad.com\/wp-content\/uploads\/2025\/03\/FooterCTA-768x156.jpg 768w\" sizes=\"auto, (max-width: 1505px) 100vw, 1505px\" \/><div class=\"wp-block-cover__inner-container is-layout-flow wp-block-cover-is-layout-flow\">\n<div class=\"wp-block-columns are-vertically-aligned-center is-layout-flex wp-container-core-columns-is-layout-cbe57604 wp-block-columns-is-layout-flex\">\n<div class=\"wp-block-column is-vertically-aligned-center is-layout-flow wp-block-column-is-layout-flow\" style=\"flex-basis:45%\">\n<h2 class=\"wp-block-heading has-text-align-center has-palette-text-color has-text-color\" id=\"h-need-help-finding-the-right-product\" style=\"margin-bottom:var(--wp--preset--spacing--40)\">Hai bisogno di aiuto per trovare il prodotto giusto?<\/h2>\n\n\n\n<p class=\"has-text-align-center has-palette-text-color has-text-color\" style=\"margin-bottom:var(--wp--preset--spacing--50)\">Il nostro team dedicato \u00e8 qui per guidarti nella giusta direzione. Clicca qui sotto e facci sapere come possiamo aiutarti a trovare il prodotto ideale per le tue esigenze. Il tuo viaggio per vivere meglio inizia qui.  <\/p>\n\n\n\n<div class=\"wp-block-buttons is-content-justification-center is-layout-flex wp-container-core-buttons-is-layout-a89b3969 wp-block-buttons-is-layout-flex\">\n<div class=\"wp-block-button\"><a class=\"wp-block-button__link has-text-align-center wp-element-button\" href=\"https:\/\/mx.motorad.com\/contact\/need-help-finding-something\/\">Parla con uno specialista MotoRad<\/a><\/div>\n<\/div>\n<\/div>\n\n\n\n<div class=\"wp-block-column is-layout-flow wp-block-column-is-layout-flow\" style=\"flex-basis:10%\"><\/div>\n\n\n\n<div class=\"wp-block-column is-layout-flow wp-block-column-is-layout-flow\" style=\"flex-basis:45%\">\n<h2 class=\"wp-block-heading has-text-align-center has-palette-text-color has-text-color\" id=\"h-looking-for-custom-development\" style=\"margin-bottom:var(--wp--preset--spacing--40)\">Cerchi uno sviluppo personalizzato?<\/h2>\n\n\n\n<p class=\"has-text-align-center has-palette-text-color has-text-color\" style=\"margin-bottom:var(--wp--preset--spacing--50)\">Non ci occupiamo solo di prodotti; ci occupiamo di creare soluzioni su misura che rispondano alle tue esigenze. Sei pronto a dare vita al tuo nuovo progetto? Clicca qui sotto e intraprendiamo insieme il viaggio dello sviluppo di prodotti personalizzati.  <\/p>\n\n\n\n<div class=\"wp-block-buttons is-content-justification-center is-layout-flex wp-container-core-buttons-is-layout-a89b3969 wp-block-buttons-is-layout-flex\">\n<div class=\"wp-block-button is-style-fill\"><a class=\"wp-block-button__link has-palette-bg-color has-palette-text-background-color has-text-color has-background has-text-align-center wp-element-button\" href=\"https:\/\/mx.motorad.com\/contact\/do-you-need-custom-development\/\">Vogliamo essere il tuo fornitore<\/a><\/div>\n<\/div>\n<\/div>\n<\/div>\n<\/div><\/div>\n","protected":false},"excerpt":{"rendered":"<p>La valvola di sfiato del canister svolge un ruolo cruciale nel sistema di controllo delle emissioni di un&#8217;auto, aiutando a [&#8230;]<\/p>\n","protected":false},"author":1,"featured_media":0,"parent":5858,"menu_order":0,"comment_status":"closed","ping_status":"closed","template":"","meta":{"_acf_changed":false,"footnotes":""},"class_list":["post-5855","page","type-page","status-publish","hentry"],"acf":[],"yoast_head":"<!-- This site is optimized with the Yoast SEO Premium plugin v27.2 (Yoast SEO v27.2) - https:\/\/yoast.com\/product\/yoast-seo-premium-wordpress\/ -->\n<title>Valvole di sfiato del canister - MotoRad<\/title>\n<meta name=\"description\" content=\"MotoRad - Valvole di sfiato del canister\" \/>\n<meta name=\"robots\" content=\"index, follow, max-snippet:-1, max-image-preview:large, max-video-preview:-1\" \/>\n<link rel=\"canonical\" href=\"https:\/\/mx.motorad.com\/it\/products\/sistema-evap\/valvole-di-sfiato-del-canister-del-vapore\/\" \/>\n<meta property=\"og:locale\" content=\"it_IT\" \/>\n<meta property=\"og:type\" content=\"article\" \/>\n<meta property=\"og:title\" content=\"Valvole di sfiato del canister\" \/>\n<meta property=\"og:description\" content=\"MotoRad - Valvole di sfiato del canister\" \/>\n<meta property=\"og:url\" content=\"https:\/\/mx.motorad.com\/it\/products\/sistema-evap\/valvole-di-sfiato-del-canister-del-vapore\/\" \/>\n<meta property=\"og:site_name\" content=\"MotoRad\" \/>\n<meta property=\"article:modified_time\" content=\"2026-03-17T14:20:12+00:00\" \/>\n<meta property=\"og:image\" content=\"https:\/\/mx.motorad.com\/wp-content\/uploads\/2025\/04\/EVP0096_Angle-scaled-1.jpg\" \/>\n\t<meta property=\"og:image:width\" content=\"2560\" \/>\n\t<meta property=\"og:image:height\" content=\"2560\" \/>\n\t<meta property=\"og:image:type\" content=\"image\/jpeg\" \/>\n<meta name=\"twitter:card\" content=\"summary_large_image\" \/>\n<meta name=\"twitter:label1\" content=\"Est. reading time\" \/>\n\t<meta name=\"twitter:data1\" content=\"1 minuto\" \/>\n<script type=\"application\/ld+json\" class=\"yoast-schema-graph\">{\"@context\":\"https:\/\/schema.org\",\"@graph\":[{\"@type\":\"WebPage\",\"@id\":\"https:\/\/mx.motorad.com\/it\/products\/sistema-evap\/valvole-di-sfiato-del-canister-del-vapore\/\",\"url\":\"https:\/\/mx.motorad.com\/it\/products\/sistema-evap\/valvole-di-sfiato-del-canister-del-vapore\/\",\"name\":\"Valvole di sfiato del canister - MotoRad\",\"isPartOf\":{\"@id\":\"https:\/\/mx.motorad.com\/it\/#website\"},\"primaryImageOfPage\":{\"@id\":\"https:\/\/mx.motorad.com\/it\/products\/sistema-evap\/valvole-di-sfiato-del-canister-del-vapore\/#primaryimage\"},\"image\":{\"@id\":\"https:\/\/mx.motorad.com\/it\/products\/sistema-evap\/valvole-di-sfiato-del-canister-del-vapore\/#primaryimage\"},\"thumbnailUrl\":\"https:\/\/mx.motorad.com\/wp-content\/uploads\/2025\/04\/EVP0096_Angle-scaled-1.jpg\",\"datePublished\":\"2025-04-03T18:54:33+00:00\",\"dateModified\":\"2026-03-17T14:20:12+00:00\",\"description\":\"MotoRad - Valvole di sfiato del canister\",\"breadcrumb\":{\"@id\":\"https:\/\/mx.motorad.com\/it\/products\/sistema-evap\/valvole-di-sfiato-del-canister-del-vapore\/#breadcrumb\"},\"inLanguage\":\"it-IT\",\"potentialAction\":[{\"@type\":\"ReadAction\",\"target\":[\"https:\/\/mx.motorad.com\/it\/products\/sistema-evap\/valvole-di-sfiato-del-canister-del-vapore\/\"]}]},{\"@type\":\"ImageObject\",\"inLanguage\":\"it-IT\",\"@id\":\"https:\/\/mx.motorad.com\/it\/products\/sistema-evap\/valvole-di-sfiato-del-canister-del-vapore\/#primaryimage\",\"url\":\"https:\/\/mx.motorad.com\/wp-content\/uploads\/2025\/04\/EVP0096_Angle-scaled-1.jpg\",\"contentUrl\":\"https:\/\/mx.motorad.com\/wp-content\/uploads\/2025\/04\/EVP0096_Angle-scaled-1.jpg\"},{\"@type\":\"BreadcrumbList\",\"@id\":\"https:\/\/mx.motorad.com\/it\/products\/sistema-evap\/valvole-di-sfiato-del-canister-del-vapore\/#breadcrumb\",\"itemListElement\":[{\"@type\":\"ListItem\",\"position\":1,\"name\":\"Home\",\"item\":\"https:\/\/mx.motorad.com\/it\/\"},{\"@type\":\"ListItem\",\"position\":2,\"name\":\"Prodotti\",\"item\":\"https:\/\/motoradnew.test\/it\/products\/\"},{\"@type\":\"ListItem\",\"position\":3,\"name\":\"Sistema EVAP\",\"item\":\"https:\/\/mx.motorad.com\/it\/products\/sistema-evap\/\"},{\"@type\":\"ListItem\",\"position\":4,\"name\":\"Valvole di sfiato del canister\"}]},{\"@type\":\"WebSite\",\"@id\":\"https:\/\/mx.motorad.com\/it\/#website\",\"url\":\"https:\/\/mx.motorad.com\/it\/\",\"name\":\"MotoRad\",\"description\":\"Trusted to Deliver Better - Thermal Management, Emissions, Powertrain Controls\",\"potentialAction\":[{\"@type\":\"SearchAction\",\"target\":{\"@type\":\"EntryPoint\",\"urlTemplate\":\"https:\/\/mx.motorad.com\/it\/?s={search_term_string}\"},\"query-input\":{\"@type\":\"PropertyValueSpecification\",\"valueRequired\":true,\"valueName\":\"search_term_string\"}}],\"inLanguage\":\"it-IT\"}]}<\/script>\n<!-- \/ Yoast SEO Premium plugin. -->","yoast_head_json":{"title":"Valvole di sfiato del canister - MotoRad","description":"MotoRad - Valvole di sfiato del canister","robots":{"index":"index","follow":"follow","max-snippet":"max-snippet:-1","max-image-preview":"max-image-preview:large","max-video-preview":"max-video-preview:-1"},"canonical":"https:\/\/mx.motorad.com\/it\/products\/sistema-evap\/valvole-di-sfiato-del-canister-del-vapore\/","og_locale":"it_IT","og_type":"article","og_title":"Valvole di sfiato del canister","og_description":"MotoRad - Valvole di sfiato del canister","og_url":"https:\/\/mx.motorad.com\/it\/products\/sistema-evap\/valvole-di-sfiato-del-canister-del-vapore\/","og_site_name":"MotoRad","article_modified_time":"2026-03-17T14:20:12+00:00","og_image":[{"width":2560,"height":2560,"url":"https:\/\/mx.motorad.com\/wp-content\/uploads\/2025\/04\/EVP0096_Angle-scaled-1.jpg","type":"image\/jpeg"}],"twitter_card":"summary_large_image","twitter_misc":{"Est. reading time":"1 minuto"},"schema":{"@context":"https:\/\/schema.org","@graph":[{"@type":"WebPage","@id":"https:\/\/mx.motorad.com\/it\/products\/sistema-evap\/valvole-di-sfiato-del-canister-del-vapore\/","url":"https:\/\/mx.motorad.com\/it\/products\/sistema-evap\/valvole-di-sfiato-del-canister-del-vapore\/","name":"Valvole di sfiato del canister - MotoRad","isPartOf":{"@id":"https:\/\/mx.motorad.com\/it\/#website"},"primaryImageOfPage":{"@id":"https:\/\/mx.motorad.com\/it\/products\/sistema-evap\/valvole-di-sfiato-del-canister-del-vapore\/#primaryimage"},"image":{"@id":"https:\/\/mx.motorad.com\/it\/products\/sistema-evap\/valvole-di-sfiato-del-canister-del-vapore\/#primaryimage"},"thumbnailUrl":"https:\/\/mx.motorad.com\/wp-content\/uploads\/2025\/04\/EVP0096_Angle-scaled-1.jpg","datePublished":"2025-04-03T18:54:33+00:00","dateModified":"2026-03-17T14:20:12+00:00","description":"MotoRad - Valvole di sfiato del canister","breadcrumb":{"@id":"https:\/\/mx.motorad.com\/it\/products\/sistema-evap\/valvole-di-sfiato-del-canister-del-vapore\/#breadcrumb"},"inLanguage":"it-IT","potentialAction":[{"@type":"ReadAction","target":["https:\/\/mx.motorad.com\/it\/products\/sistema-evap\/valvole-di-sfiato-del-canister-del-vapore\/"]}]},{"@type":"ImageObject","inLanguage":"it-IT","@id":"https:\/\/mx.motorad.com\/it\/products\/sistema-evap\/valvole-di-sfiato-del-canister-del-vapore\/#primaryimage","url":"https:\/\/mx.motorad.com\/wp-content\/uploads\/2025\/04\/EVP0096_Angle-scaled-1.jpg","contentUrl":"https:\/\/mx.motorad.com\/wp-content\/uploads\/2025\/04\/EVP0096_Angle-scaled-1.jpg"},{"@type":"BreadcrumbList","@id":"https:\/\/mx.motorad.com\/it\/products\/sistema-evap\/valvole-di-sfiato-del-canister-del-vapore\/#breadcrumb","itemListElement":[{"@type":"ListItem","position":1,"name":"Home","item":"https:\/\/mx.motorad.com\/it\/"},{"@type":"ListItem","position":2,"name":"Prodotti","item":"https:\/\/motoradnew.test\/it\/products\/"},{"@type":"ListItem","position":3,"name":"Sistema EVAP","item":"https:\/\/mx.motorad.com\/it\/products\/sistema-evap\/"},{"@type":"ListItem","position":4,"name":"Valvole di sfiato del canister"}]},{"@type":"WebSite","@id":"https:\/\/mx.motorad.com\/it\/#website","url":"https:\/\/mx.motorad.com\/it\/","name":"MotoRad","description":"Trusted to Deliver Better - Thermal Management, Emissions, Powertrain Controls","potentialAction":[{"@type":"SearchAction","target":{"@type":"EntryPoint","urlTemplate":"https:\/\/mx.motorad.com\/it\/?s={search_term_string}"},"query-input":{"@type":"PropertyValueSpecification","valueRequired":true,"valueName":"search_term_string"}}],"inLanguage":"it-IT"}]}},"_links":{"self":[{"href":"https:\/\/mx.motorad.com\/it\/wp-json\/wp\/v2\/pages\/5855","targetHints":{"allow":["GET"]}}],"collection":[{"href":"https:\/\/mx.motorad.com\/it\/wp-json\/wp\/v2\/pages"}],"about":[{"href":"https:\/\/mx.motorad.com\/it\/wp-json\/wp\/v2\/types\/page"}],"author":[{"embeddable":true,"href":"https:\/\/mx.motorad.com\/it\/wp-json\/wp\/v2\/users\/1"}],"replies":[{"embeddable":true,"href":"https:\/\/mx.motorad.com\/it\/wp-json\/wp\/v2\/comments?post=5855"}],"version-history":[{"count":3,"href":"https:\/\/mx.motorad.com\/it\/wp-json\/wp\/v2\/pages\/5855\/revisions"}],"predecessor-version":[{"id":87840,"href":"https:\/\/mx.motorad.com\/it\/wp-json\/wp\/v2\/pages\/5855\/revisions\/87840"}],"up":[{"embeddable":true,"href":"https:\/\/mx.motorad.com\/it\/wp-json\/wp\/v2\/pages\/5858"}],"wp:attachment":[{"href":"https:\/\/mx.motorad.com\/it\/wp-json\/wp\/v2\/media?parent=5855"}],"curies":[{"name":"wp","href":"https:\/\/api.w.org\/{rel}","templated":true}]}}