{"id":6069,"date":"2025-04-03T15:57:26","date_gmt":"2025-04-03T15:57:26","guid":{"rendered":"https:\/\/mx.motorad.com\/alloggiamenti-del-liquido-di-raffreddamento-motorad\/"},"modified":"2025-06-30T18:26:57","modified_gmt":"2025-06-30T18:26:57","slug":"alloggiamenti-del-liquido-di-raffreddamento-motorad","status":"publish","type":"page","link":"https:\/\/mx.motorad.com\/it\/products\/termostati\/alloggiamenti-del-liquido-di-raffreddamento-motorad\/","title":{"rendered":"Alloggiamenti del liquido di raffreddamento MotoRad"},"content":{"rendered":"<h1 style=\"margin-top:var(--wp--preset--spacing--60);margin-bottom:var(--wp--preset--spacing--60);\" class=\"wp-block-post-title\">Alloggiamenti del liquido di raffreddamento MotoRad<\/h1>\n<div class=\"wp-block-columns is-layout-flex wp-container-core-columns-is-layout-d07913d3 wp-block-columns-is-layout-flex\" style=\"margin-bottom:var(--wp--preset--spacing--60)\">\n<div class=\"wp-block-column is-layout-flow wp-block-column-is-layout-flow\" style=\"flex-basis:33.33%\">\n<figure class=\"wp-block-image size-full\"><img loading=\"lazy\" decoding=\"async\" width=\"240\" height=\"248\" src=\"https:\/\/mx.motorad.com\/wp-content\/uploads\/2025\/04\/TA2062S-1.webp\" alt=\"\" class=\"wp-image-3497\"\/><\/figure>\n<\/div>\n\n\n\n<div class=\"wp-block-column is-layout-flow wp-block-column-is-layout-flow\" style=\"flex-basis:66.66%\">\n<p style=\"margin-bottom:var(--wp--preset--spacing--40)\">MotoRad offre una gamma completa di alloggiamenti del liquido di raffreddamento del termostato per sostituire l&#8217;equipaggiamento originale. <\/p>\n\n\n\n<ul style=\"margin-bottom:var(--wp--preset--spacing--40)\" class=\"wp-block-list\">\n<li>Soluzione tutto-in-uno a bullone (include termostato, alloggiamento, uscita, sensori e guarnizione\/sigillo)<\/li>\n\n\n\n<li>Materiali e standard di sicurezza di qualit\u00e0 OEM<\/li>\n\n\n\n<li>Soddisfa o supera gli standard OEM<\/li>\n<\/ul>\n\n\n\n<p>Questi pezzi sono fabbricati per soddisfare o superare tutti i requisiti del produttore di equipaggiamento originale. <\/p>\n<\/div>\n<\/div>\n\n<h2 class=\"wp-block-heading\" id=\"h-coolant-housings\" style=\"margin-bottom:var(--wp--preset--spacing--40)\">Alloggiamenti del liquido di raffreddamento:<\/h2>\n\n<div class=\"wp-block-columns is-layout-flex wp-container-core-columns-is-layout-26b8b1f9 wp-block-columns-is-layout-flex\" style=\"margin-bottom:var(--wp--preset--spacing--60)\">\n<div class=\"wp-block-column is-layout-flow wp-block-column-is-layout-flow\">\n<figure class=\"wp-block-image size-full\"><img loading=\"lazy\" decoding=\"async\" width=\"500\" height=\"500\" src=\"https:\/\/mx.motorad.com\/wp-content\/uploads\/2025\/04\/CH1027_Angle.jpg\" alt=\"\" class=\"wp-image-3469\" srcset=\"https:\/\/mx.motorad.com\/wp-content\/uploads\/2025\/04\/CH1027_Angle.jpg 500w, https:\/\/mx.motorad.com\/wp-content\/uploads\/2025\/04\/CH1027_Angle-300x300.jpg 300w, https:\/\/mx.motorad.com\/wp-content\/uploads\/2025\/04\/CH1027_Angle-150x150.jpg 150w\" sizes=\"auto, (max-width: 500px) 100vw, 500px\" \/><\/figure>\n<\/div>\n\n\n\n<div class=\"wp-block-column is-layout-flow wp-block-column-is-layout-flow\">\n<figure class=\"wp-block-image size-full\"><img loading=\"lazy\" decoding=\"async\" width=\"500\" height=\"500\" src=\"https:\/\/mx.motorad.com\/wp-content\/uploads\/2025\/04\/CH1026_Angle-1.jpg\" alt=\"\" class=\"wp-image-3462\" srcset=\"https:\/\/mx.motorad.com\/wp-content\/uploads\/2025\/04\/CH1026_Angle-1.jpg 500w, https:\/\/mx.motorad.com\/wp-content\/uploads\/2025\/04\/CH1026_Angle-1-300x300.jpg 300w, https:\/\/mx.motorad.com\/wp-content\/uploads\/2025\/04\/CH1026_Angle-1-150x150.jpg 150w\" sizes=\"auto, (max-width: 500px) 100vw, 500px\" \/><\/figure>\n<\/div>\n\n\n\n<div class=\"wp-block-column is-layout-flow wp-block-column-is-layout-flow\">\n<figure class=\"wp-block-image size-full\"><img loading=\"lazy\" decoding=\"async\" width=\"500\" height=\"500\" src=\"https:\/\/mx.motorad.com\/wp-content\/uploads\/2025\/04\/CH1038_Angle.jpg\" alt=\"\" class=\"wp-image-3476\" srcset=\"https:\/\/mx.motorad.com\/wp-content\/uploads\/2025\/04\/CH1038_Angle.jpg 500w, https:\/\/mx.motorad.com\/wp-content\/uploads\/2025\/04\/CH1038_Angle-300x300.jpg 300w, https:\/\/mx.motorad.com\/wp-content\/uploads\/2025\/04\/CH1038_Angle-150x150.jpg 150w\" sizes=\"auto, (max-width: 500px) 100vw, 500px\" \/><\/figure>\n<\/div>\n\n\n\n<div class=\"wp-block-column is-layout-flow wp-block-column-is-layout-flow\">\n<figure class=\"wp-block-image size-full\"><img loading=\"lazy\" decoding=\"async\" width=\"500\" height=\"500\" src=\"https:\/\/mx.motorad.com\/wp-content\/uploads\/2025\/04\/CH1042_Angle.jpg\" alt=\"\" class=\"wp-image-3483\" srcset=\"https:\/\/mx.motorad.com\/wp-content\/uploads\/2025\/04\/CH1042_Angle.jpg 500w, https:\/\/mx.motorad.com\/wp-content\/uploads\/2025\/04\/CH1042_Angle-300x300.jpg 300w, https:\/\/mx.motorad.com\/wp-content\/uploads\/2025\/04\/CH1042_Angle-150x150.jpg 150w\" sizes=\"auto, (max-width: 500px) 100vw, 500px\" \/><\/figure>\n<\/div>\n\n\n\n<div class=\"wp-block-column is-layout-flow wp-block-column-is-layout-flow\">\n<figure class=\"wp-block-image size-full\"><img loading=\"lazy\" decoding=\"async\" width=\"500\" height=\"500\" src=\"https:\/\/mx.motorad.com\/wp-content\/uploads\/2025\/04\/CH1044_Angle.jpg\" alt=\"\" class=\"wp-image-3490\" srcset=\"https:\/\/mx.motorad.com\/wp-content\/uploads\/2025\/04\/CH1044_Angle.jpg 500w, https:\/\/mx.motorad.com\/wp-content\/uploads\/2025\/04\/CH1044_Angle-300x300.jpg 300w, https:\/\/mx.motorad.com\/wp-content\/uploads\/2025\/04\/CH1044_Angle-150x150.jpg 150w\" sizes=\"auto, (max-width: 500px) 100vw, 500px\" \/><\/figure>\n<\/div>\n<\/div>\n\n<p style=\"margin-bottom:var(--wp--preset--spacing--20)\">Progettati per precisione e prestazioni, i nostri alloggiamenti del termostato combinano perfettamente la funzionalit\u00e0 del termostato e la costruzione dell&#8217;alloggiamento, garantendo un flusso ottimale del liquido di raffreddamento e la regolazione della temperatura per il tuo veicolo.<\/p>\n\n<p style=\"margin-bottom:var(--wp--preset--spacing--20)\">Gli alloggiamenti avanzati del termostato MotoRad\u00ae sono fabbricati per superare le specifiche OEM per un&#8217;affidabilit\u00e0 e durabilit\u00e0 senza pari. Realizzato con materiali di alta qualit\u00e0 e tecniche ingegneristiche innovative, ogni alloggiamento \u00e8 progettato per resistere al rigore della guida quotidiana, offrendo prestazioni durature e tranquillit\u00e0 sulla strada. <\/p>\n\n<p style=\"margin-bottom:var(--wp--preset--spacing--20)\">Con un&#8217;ampia copertura su una vasta gamma di marche e modelli di veicoli, i termostati con alloggiamento integrato MotoRad forniscono la soluzione quando ne hai bisogno. Che tu stia lavorando su un nuovo progetto di sviluppo o gestendo una flotta di veicoli, il nostro catalogo completo garantisce che troverai l&#8217;alloggiamento del termostato giusto per le tue esigenze. <\/p>\n\n<p style=\"margin-bottom:var(--wp--preset--spacing--20)\">Come fornitore e produttore affidabile nell&#8217;industria automobilistica, MotoRad si impegna a fornire prodotti superiori e un servizio clienti eccezionale. I nostri termostati con alloggiamento integrato sono sottoposti a rigorosi test per soddisfare i pi\u00f9 alti standard di qualit\u00e0, garantendo affidabilit\u00e0 e prestazioni su cui puoi contare. <\/p>\n\n<p style=\"margin-bottom:var(--wp--preset--spacing--60)\">Sperimenta oggi la differenza MotoRad e ottimizza il sistema di raffreddamento del tuo motore con i nostri termostati con alloggiamento integrato. Sfoglia il nostro catalogo per un facile riferimento incrociato e trova la soluzione perfetta per il tuo magazzino, garage o officina automobilistica. <\/p>\n\n<div class=\"wp-block-buttons is-layout-flex wp-block-buttons-is-layout-flex\" style=\"margin-bottom:var(--wp--preset--spacing--70)\">\n<div class=\"wp-block-button\"><a class=\"wp-block-button__link wp-element-button\" href=\"https:\/\/mx.motorad.com\/it\/products\/\">Trova il tuo alloggiamento del termostato<\/a><\/div>\n<\/div>\n\n<div class=\"wp-block-cover alignfull is-light\" style=\"padding-top:var(--wp--preset--spacing--60);padding-bottom:var(--wp--preset--spacing--60)\"><span aria-hidden=\"true\" class=\"wp-block-cover__background has-background-dim-0 has-background-dim\" style=\"background-color:#ece5d9\"><\/span><img loading=\"lazy\" decoding=\"async\" width=\"1505\" height=\"305\" class=\"wp-block-cover__image-background wp-image-223\" alt=\"\" src=\"https:\/\/mx.motorad.com\/wp-content\/uploads\/2025\/03\/FooterCTA.jpg\" data-object-fit=\"cover\" srcset=\"https:\/\/mx.motorad.com\/wp-content\/uploads\/2025\/03\/FooterCTA.jpg 1505w, https:\/\/mx.motorad.com\/wp-content\/uploads\/2025\/03\/FooterCTA-300x61.jpg 300w, https:\/\/mx.motorad.com\/wp-content\/uploads\/2025\/03\/FooterCTA-1024x208.jpg 1024w, https:\/\/mx.motorad.com\/wp-content\/uploads\/2025\/03\/FooterCTA-768x156.jpg 768w\" sizes=\"auto, (max-width: 1505px) 100vw, 1505px\" \/><div class=\"wp-block-cover__inner-container is-layout-flow wp-block-cover-is-layout-flow\">\n<div class=\"wp-block-columns are-vertically-aligned-center is-layout-flex wp-container-core-columns-is-layout-cbe57604 wp-block-columns-is-layout-flex\">\n<div class=\"wp-block-column is-vertically-aligned-center is-layout-flow wp-block-column-is-layout-flow\" style=\"flex-basis:45%\">\n<h2 class=\"wp-block-heading has-text-align-center has-palette-text-color has-text-color\" id=\"h-need-help-finding-the-right-product\" style=\"margin-bottom:var(--wp--preset--spacing--40)\">Hai bisogno di aiuto per trovare il prodotto giusto?<\/h2>\n\n\n\n<p class=\"has-text-align-center has-palette-text-color has-text-color\" style=\"margin-bottom:var(--wp--preset--spacing--50)\">Il nostro team dedicato \u00e8 qui per guidarti nella giusta direzione. Clicca qui sotto e facci sapere come possiamo aiutarti a trovare il prodotto ideale per le tue esigenze. Il tuo viaggio per vivere meglio inizia qui.  <\/p>\n\n\n\n<div class=\"wp-block-buttons is-content-justification-center is-layout-flex wp-container-core-buttons-is-layout-a89b3969 wp-block-buttons-is-layout-flex\">\n<div class=\"wp-block-button\"><a class=\"wp-block-button__link has-text-align-center wp-element-button\" href=\"https:\/\/mx.motorad.com\/contact\/need-help-finding-something\/\">Parla con uno specialista MotoRad<\/a><\/div>\n<\/div>\n<\/div>\n\n\n\n<div class=\"wp-block-column is-layout-flow wp-block-column-is-layout-flow\" style=\"flex-basis:10%\"><\/div>\n\n\n\n<div class=\"wp-block-column is-layout-flow wp-block-column-is-layout-flow\" style=\"flex-basis:45%\">\n<h2 class=\"wp-block-heading has-text-align-center has-palette-text-color has-text-color\" id=\"h-looking-for-custom-development\" style=\"margin-bottom:var(--wp--preset--spacing--40)\">Cerchi uno sviluppo personalizzato?<\/h2>\n\n\n\n<p class=\"has-text-align-center has-palette-text-color has-text-color\" style=\"margin-bottom:var(--wp--preset--spacing--50)\">Non ci occupiamo solo di prodotti; ci occupiamo di creare soluzioni su misura che rispondano alle tue esigenze. Sei pronto a dare vita al tuo nuovo progetto? Clicca qui sotto e intraprendiamo insieme il viaggio dello sviluppo di prodotti personalizzati.  <\/p>\n\n\n\n<div class=\"wp-block-buttons is-content-justification-center is-layout-flex wp-container-core-buttons-is-layout-a89b3969 wp-block-buttons-is-layout-flex\">\n<div class=\"wp-block-button is-style-fill\"><a class=\"wp-block-button__link has-palette-bg-color has-palette-text-background-color has-text-color has-background has-text-align-center wp-element-button\" href=\"https:\/\/mx.motorad.com\/contact\/do-you-need-custom-development\/\">Vogliamo essere il tuo fornitore<\/a><\/div>\n<\/div>\n<\/div>\n<\/div>\n<\/div><\/div>\n","protected":false},"excerpt":{"rendered":"<p>MotoRad offre una gamma completa di alloggiamenti del liquido di raffreddamento del termostato per sostituire l&#8217;equipaggiamento originale. Questi pezzi sono [&#8230;]<\/p>\n","protected":false},"author":1,"featured_media":0,"parent":6749,"menu_order":0,"comment_status":"closed","ping_status":"closed","template":"","meta":{"_acf_changed":false,"footnotes":""},"class_list":["post-6069","page","type-page","status-publish","hentry"],"acf":[],"yoast_head":"<!-- This site is optimized with the Yoast SEO Premium plugin v27.2 (Yoast SEO v27.2) - https:\/\/yoast.com\/product\/yoast-seo-premium-wordpress\/ -->\n<title>Alloggiamenti del liquido di raffreddamento MotoRad - MotoRad<\/title>\n<meta name=\"description\" content=\"MotoRad - Alloggiamenti del liquido di raffreddamento MotoRad\" \/>\n<meta name=\"robots\" content=\"index, follow, max-snippet:-1, max-image-preview:large, max-video-preview:-1\" \/>\n<link rel=\"canonical\" href=\"https:\/\/mx.motorad.com\/it\/products\/termostati\/alloggiamenti-del-liquido-di-raffreddamento-motorad\/\" \/>\n<meta property=\"og:locale\" content=\"it_IT\" \/>\n<meta property=\"og:type\" content=\"article\" \/>\n<meta property=\"og:title\" content=\"Alloggiamenti del liquido di raffreddamento MotoRad\" \/>\n<meta property=\"og:description\" content=\"MotoRad - Alloggiamenti del liquido di raffreddamento MotoRad\" \/>\n<meta property=\"og:url\" content=\"https:\/\/mx.motorad.com\/it\/products\/termostati\/alloggiamenti-del-liquido-di-raffreddamento-motorad\/\" \/>\n<meta property=\"og:site_name\" content=\"MotoRad\" \/>\n<meta property=\"article:modified_time\" content=\"2025-06-30T18:26:57+00:00\" \/>\n<meta property=\"og:image\" content=\"https:\/\/mx.motorad.com\/wp-content\/uploads\/2025\/04\/TA2062S-1.webp\" \/>\n\t<meta property=\"og:image:width\" content=\"240\" \/>\n\t<meta property=\"og:image:height\" content=\"248\" \/>\n\t<meta property=\"og:image:type\" content=\"image\/webp\" \/>\n<meta name=\"twitter:card\" content=\"summary_large_image\" \/>\n<meta name=\"twitter:label1\" content=\"Est. reading time\" \/>\n\t<meta name=\"twitter:data1\" content=\"1 minuto\" \/>\n<script type=\"application\/ld+json\" class=\"yoast-schema-graph\">{\"@context\":\"https:\/\/schema.org\",\"@graph\":[{\"@type\":\"WebPage\",\"@id\":\"https:\/\/mx.motorad.com\/it\/products\/termostati\/alloggiamenti-del-liquido-di-raffreddamento-motorad\/\",\"url\":\"https:\/\/mx.motorad.com\/it\/products\/termostati\/alloggiamenti-del-liquido-di-raffreddamento-motorad\/\",\"name\":\"Alloggiamenti del liquido di raffreddamento MotoRad - MotoRad\",\"isPartOf\":{\"@id\":\"https:\/\/mx.motorad.com\/it\/#website\"},\"primaryImageOfPage\":{\"@id\":\"https:\/\/mx.motorad.com\/it\/products\/termostati\/alloggiamenti-del-liquido-di-raffreddamento-motorad\/#primaryimage\"},\"image\":{\"@id\":\"https:\/\/mx.motorad.com\/it\/products\/termostati\/alloggiamenti-del-liquido-di-raffreddamento-motorad\/#primaryimage\"},\"thumbnailUrl\":\"https:\/\/mx.motorad.com\/wp-content\/uploads\/2025\/04\/TA2062S-1.webp\",\"datePublished\":\"2025-04-03T15:57:26+00:00\",\"dateModified\":\"2025-06-30T18:26:57+00:00\",\"description\":\"MotoRad - Alloggiamenti del liquido di raffreddamento MotoRad\",\"breadcrumb\":{\"@id\":\"https:\/\/mx.motorad.com\/it\/products\/termostati\/alloggiamenti-del-liquido-di-raffreddamento-motorad\/#breadcrumb\"},\"inLanguage\":\"it-IT\",\"potentialAction\":[{\"@type\":\"ReadAction\",\"target\":[\"https:\/\/mx.motorad.com\/it\/products\/termostati\/alloggiamenti-del-liquido-di-raffreddamento-motorad\/\"]}]},{\"@type\":\"ImageObject\",\"inLanguage\":\"it-IT\",\"@id\":\"https:\/\/mx.motorad.com\/it\/products\/termostati\/alloggiamenti-del-liquido-di-raffreddamento-motorad\/#primaryimage\",\"url\":\"https:\/\/mx.motorad.com\/wp-content\/uploads\/2025\/04\/TA2062S-1.webp\",\"contentUrl\":\"https:\/\/mx.motorad.com\/wp-content\/uploads\/2025\/04\/TA2062S-1.webp\"},{\"@type\":\"BreadcrumbList\",\"@id\":\"https:\/\/mx.motorad.com\/it\/products\/termostati\/alloggiamenti-del-liquido-di-raffreddamento-motorad\/#breadcrumb\",\"itemListElement\":[{\"@type\":\"ListItem\",\"position\":1,\"name\":\"Home\",\"item\":\"https:\/\/mx.motorad.com\/it\/\"},{\"@type\":\"ListItem\",\"position\":2,\"name\":\"Prodotti\",\"item\":\"https:\/\/motoradnew.test\/it\/products\/\"},{\"@type\":\"ListItem\",\"position\":3,\"name\":\"Termostati\",\"item\":\"https:\/\/motoradnew.test\/it\/products\/termostati\/\"},{\"@type\":\"ListItem\",\"position\":4,\"name\":\"Alloggiamenti del liquido di raffreddamento MotoRad\"}]},{\"@type\":\"WebSite\",\"@id\":\"https:\/\/mx.motorad.com\/it\/#website\",\"url\":\"https:\/\/mx.motorad.com\/it\/\",\"name\":\"MotoRad\",\"description\":\"Trusted to Deliver Better - Thermal Management, Emissions, Powertrain Controls\",\"potentialAction\":[{\"@type\":\"SearchAction\",\"target\":{\"@type\":\"EntryPoint\",\"urlTemplate\":\"https:\/\/mx.motorad.com\/it\/?s={search_term_string}\"},\"query-input\":{\"@type\":\"PropertyValueSpecification\",\"valueRequired\":true,\"valueName\":\"search_term_string\"}}],\"inLanguage\":\"it-IT\"}]}<\/script>\n<!-- \/ Yoast SEO Premium plugin. -->","yoast_head_json":{"title":"Alloggiamenti del liquido di raffreddamento MotoRad - MotoRad","description":"MotoRad - Alloggiamenti del liquido di raffreddamento MotoRad","robots":{"index":"index","follow":"follow","max-snippet":"max-snippet:-1","max-image-preview":"max-image-preview:large","max-video-preview":"max-video-preview:-1"},"canonical":"https:\/\/mx.motorad.com\/it\/products\/termostati\/alloggiamenti-del-liquido-di-raffreddamento-motorad\/","og_locale":"it_IT","og_type":"article","og_title":"Alloggiamenti del liquido di raffreddamento MotoRad","og_description":"MotoRad - Alloggiamenti del liquido di raffreddamento MotoRad","og_url":"https:\/\/mx.motorad.com\/it\/products\/termostati\/alloggiamenti-del-liquido-di-raffreddamento-motorad\/","og_site_name":"MotoRad","article_modified_time":"2025-06-30T18:26:57+00:00","og_image":[{"width":240,"height":248,"url":"https:\/\/mx.motorad.com\/wp-content\/uploads\/2025\/04\/TA2062S-1.webp","type":"image\/webp"}],"twitter_card":"summary_large_image","twitter_misc":{"Est. reading time":"1 minuto"},"schema":{"@context":"https:\/\/schema.org","@graph":[{"@type":"WebPage","@id":"https:\/\/mx.motorad.com\/it\/products\/termostati\/alloggiamenti-del-liquido-di-raffreddamento-motorad\/","url":"https:\/\/mx.motorad.com\/it\/products\/termostati\/alloggiamenti-del-liquido-di-raffreddamento-motorad\/","name":"Alloggiamenti del liquido di raffreddamento MotoRad - MotoRad","isPartOf":{"@id":"https:\/\/mx.motorad.com\/it\/#website"},"primaryImageOfPage":{"@id":"https:\/\/mx.motorad.com\/it\/products\/termostati\/alloggiamenti-del-liquido-di-raffreddamento-motorad\/#primaryimage"},"image":{"@id":"https:\/\/mx.motorad.com\/it\/products\/termostati\/alloggiamenti-del-liquido-di-raffreddamento-motorad\/#primaryimage"},"thumbnailUrl":"https:\/\/mx.motorad.com\/wp-content\/uploads\/2025\/04\/TA2062S-1.webp","datePublished":"2025-04-03T15:57:26+00:00","dateModified":"2025-06-30T18:26:57+00:00","description":"MotoRad - Alloggiamenti del liquido di raffreddamento MotoRad","breadcrumb":{"@id":"https:\/\/mx.motorad.com\/it\/products\/termostati\/alloggiamenti-del-liquido-di-raffreddamento-motorad\/#breadcrumb"},"inLanguage":"it-IT","potentialAction":[{"@type":"ReadAction","target":["https:\/\/mx.motorad.com\/it\/products\/termostati\/alloggiamenti-del-liquido-di-raffreddamento-motorad\/"]}]},{"@type":"ImageObject","inLanguage":"it-IT","@id":"https:\/\/mx.motorad.com\/it\/products\/termostati\/alloggiamenti-del-liquido-di-raffreddamento-motorad\/#primaryimage","url":"https:\/\/mx.motorad.com\/wp-content\/uploads\/2025\/04\/TA2062S-1.webp","contentUrl":"https:\/\/mx.motorad.com\/wp-content\/uploads\/2025\/04\/TA2062S-1.webp"},{"@type":"BreadcrumbList","@id":"https:\/\/mx.motorad.com\/it\/products\/termostati\/alloggiamenti-del-liquido-di-raffreddamento-motorad\/#breadcrumb","itemListElement":[{"@type":"ListItem","position":1,"name":"Home","item":"https:\/\/mx.motorad.com\/it\/"},{"@type":"ListItem","position":2,"name":"Prodotti","item":"https:\/\/motoradnew.test\/it\/products\/"},{"@type":"ListItem","position":3,"name":"Termostati","item":"https:\/\/motoradnew.test\/it\/products\/termostati\/"},{"@type":"ListItem","position":4,"name":"Alloggiamenti del liquido di raffreddamento MotoRad"}]},{"@type":"WebSite","@id":"https:\/\/mx.motorad.com\/it\/#website","url":"https:\/\/mx.motorad.com\/it\/","name":"MotoRad","description":"Trusted to Deliver Better - Thermal Management, Emissions, Powertrain Controls","potentialAction":[{"@type":"SearchAction","target":{"@type":"EntryPoint","urlTemplate":"https:\/\/mx.motorad.com\/it\/?s={search_term_string}"},"query-input":{"@type":"PropertyValueSpecification","valueRequired":true,"valueName":"search_term_string"}}],"inLanguage":"it-IT"}]}},"_links":{"self":[{"href":"https:\/\/mx.motorad.com\/it\/wp-json\/wp\/v2\/pages\/6069","targetHints":{"allow":["GET"]}}],"collection":[{"href":"https:\/\/mx.motorad.com\/it\/wp-json\/wp\/v2\/pages"}],"about":[{"href":"https:\/\/mx.motorad.com\/it\/wp-json\/wp\/v2\/types\/page"}],"author":[{"embeddable":true,"href":"https:\/\/mx.motorad.com\/it\/wp-json\/wp\/v2\/users\/1"}],"replies":[{"embeddable":true,"href":"https:\/\/mx.motorad.com\/it\/wp-json\/wp\/v2\/comments?post=6069"}],"version-history":[{"count":1,"href":"https:\/\/mx.motorad.com\/it\/wp-json\/wp\/v2\/pages\/6069\/revisions"}],"predecessor-version":[{"id":6070,"href":"https:\/\/mx.motorad.com\/it\/wp-json\/wp\/v2\/pages\/6069\/revisions\/6070"}],"up":[{"embeddable":true,"href":"https:\/\/mx.motorad.com\/it\/wp-json\/wp\/v2\/pages\/6749"}],"wp:attachment":[{"href":"https:\/\/mx.motorad.com\/it\/wp-json\/wp\/v2\/media?parent=6069"}],"curies":[{"name":"wp","href":"https:\/\/api.w.org\/{rel}","templated":true}]}}