{"id":6074,"date":"2025-04-03T15:52:13","date_gmt":"2025-04-03T15:52:13","guid":{"rendered":"https:\/\/mx.motorad.com\/termostati-fail-safe-motorad\/"},"modified":"2026-03-17T12:50:39","modified_gmt":"2026-03-17T12:50:39","slug":"termostati-fail-safe-motorad","status":"publish","type":"page","link":"https:\/\/mx.motorad.com\/it\/products\/termostati\/termostati-fail-safe-motorad\/","title":{"rendered":"Termostati MotoRad Fail-Safe\u00ae"},"content":{"rendered":"<h1 style=\"margin-top:var(--wp--preset--spacing--60);margin-bottom:var(--wp--preset--spacing--60);\" class=\"wp-block-post-title\">Termostati MotoRad Fail-Safe\u00ae<\/h1>\n<div class=\"wp-block-columns is-layout-flex wp-container-core-columns-is-layout-baf23659 wp-block-columns-is-layout-flex\" style=\"margin-bottom:var(--wp--preset--spacing--60)\">\n<div class=\"wp-block-column is-layout-flow wp-block-column-is-layout-flow\" style=\"flex-basis:33.33%\">\n<figure class=\"wp-block-image size-full\"><img loading=\"lazy\" decoding=\"async\" width=\"457\" height=\"204\" src=\"https:\/\/mx.motorad.com\/wp-content\/uploads\/2025\/04\/Fail-Safe_Callout_web-1.jpg\" alt=\"\" class=\"wp-image-3401\" srcset=\"https:\/\/mx.motorad.com\/wp-content\/uploads\/2025\/04\/Fail-Safe_Callout_web-1.jpg 457w, https:\/\/mx.motorad.com\/wp-content\/uploads\/2025\/04\/Fail-Safe_Callout_web-1-300x134.jpg 300w\" sizes=\"auto, (max-width: 457px) 100vw, 457px\" \/><\/figure>\n<\/div>\n\n\n\n<div class=\"wp-block-column is-layout-flow wp-block-column-is-layout-flow\" style=\"flex-basis:66.66%\">\n<p>I termostati MotoRad\u00ae Fail-Safe\u00ae sono progettati per aiutarti a proteggere il motore in caso di surriscaldamento. Basati su una tecnologia premium brevettata, offrono una protezione superiore rispetto a qualsiasi altro termostato sul mercato. <\/p>\n<\/div>\n<\/div>\n\n<figure class=\"wp-block-embed is-type-video is-provider-youtube wp-block-embed-youtube wp-embed-aspect-16-9 wp-has-aspect-ratio\" style=\"margin-bottom:var(--wp--preset--spacing--60)\"><div class=\"wp-block-embed__wrapper\">\n<iframe loading=\"lazy\" title=\"MotoRad Fail-Safe Thermostats\" width=\"500\" height=\"281\" src=\"https:\/\/www.youtube.com\/embed\/lhGBbCs7QBo?feature=oembed\" frameborder=\"0\" allow=\"accelerometer; autoplay; clipboard-write; encrypted-media; gyroscope; picture-in-picture; web-share\" referrerpolicy=\"strict-origin-when-cross-origin\" allowfullscreen><\/iframe>\n<\/div><\/figure>\n\n<div class=\"wp-block-columns is-layout-flex wp-container-core-columns-is-layout-baf23659 wp-block-columns-is-layout-flex\" style=\"margin-bottom:var(--wp--preset--spacing--60)\">\n<div class=\"wp-block-column has-palette-interactive-background-color has-background is-layout-flow wp-block-column-is-layout-flow\" style=\"padding-top:var(--wp--preset--spacing--40);padding-right:var(--wp--preset--spacing--40);padding-bottom:var(--wp--preset--spacing--40);padding-left:var(--wp--preset--spacing--40);flex-basis:33.33%\">\n<h2 class=\"wp-block-heading has-text-align-center has-palette-bg-alt-color has-text-color has-link-color wp-elements-6b0978a70dfa534ad5c3ef42fb4dfeeb\" id=\"h-did-you-know\"><em>Lo sapevi che&#8230;<\/em><\/h2>\n\n\n\n<p class=\"has-text-align-center has-palette-bg-alt-color has-text-color has-link-color wp-elements-edb198498f51a8f5e8e55b0660ddca1d\"><em>Il termostato brevettato Fail-Safe<\/em> <em>\u00e8 l&#8217;unico termostato progettato per<\/em> <em>aiutare a proteggere il tuo motore in<\/em> <em>caso di surriscaldamento?<\/em><\/p>\n\n\n\n<p class=\"has-text-align-center has-palette-bg-alt-color has-text-color has-link-color wp-elements-8e7824a639f2863f49be79921c5a0941\"><em>Il termostato Fail-Safe \u00e8 progettato con una<\/em> <em>corsa extra unica che ne consente il funzionamento in<\/em> <em>due fasi.<\/em><\/p>\n<\/div>\n\n\n\n<div class=\"wp-block-column is-vertically-aligned-center is-layout-flow wp-block-column-is-layout-flow\" style=\"flex-basis:66.66%\">\n<h3 class=\"wp-block-heading\" id=\"h-stage-1\" style=\"margin-bottom:var(--wp--preset--spacing--40)\"><em>Fase 1<\/em><\/h3>\n\n\n\n<p style=\"margin-bottom:var(--wp--preset--spacing--60)\"><em>Entro le normali temperature d&#8217;esercizio, il<\/em> <em>Fail-Safe\u00ae funziona come qualsiasi altro termostato.<\/em><\/p>\n\n\n\n<h3 class=\"wp-block-heading\" id=\"h-stage-2\" style=\"margin-bottom:var(--wp--preset--spacing--40)\"><em>Fase 2<\/em> <\/h3>\n\n\n\n<p><em>Quando il surriscaldamento \u00e8 causato da un componente del sistema di raffreddamento<\/em> <em>deteriorato, il Fail-Safe ha una corsa secondaria che attiva un<\/em> <em>pistone di precisione che blocca automaticamente la valvola in una<\/em> <em>posizione completamente aperta, consentendo al liquido refrigerante di circolare liberamente.<\/em><\/p>\n<\/div>\n<\/div>\n\n<p style=\"margin-bottom:var(--wp--preset--spacing--30)\">Non restare a piedi sul ciglio della strada perch\u00e9 il tuo motore si \u00e8 surriscaldato e il tuo termostato convenzionale si \u00e8 guastato in posizione chiusa, impedendo al liquido refrigerante di fluire verso il motore. Acquista il miglior termostato sul mercato, il termostato Fail-Safe\u00ae di MotoRad\u00ae. Perch\u00e9 il Fail-Safe \u00e8 il miglior termostato? Alle normali temperature d&#8217;esercizio, il Fail-Safe\u00ae funziona allo stesso modo di un termostato convenzionale. Tuttavia, quando il tuo veicolo si surriscalda a causa di un componente del sistema di raffreddamento deteriorato, un termostato standard si blocca in posizione chiusa bloccando il flusso di refrigerante al motore. Il termostato brevettato Fail-Safe\u00ae di Motorad \u00e8 l&#8217;unico termostato che si blocca automaticamente in posizione aperta, consentendo al liquido refrigerante di circolare liberamente in tutto il motore durante il processo di surriscaldamento. Questo pu\u00f2 proteggere il tuo motore da riparazioni molto pi\u00f9 costose.       <\/p>\n\n<p style=\"margin-bottom:var(--wp--preset--spacing--30)\">Una volta che il termostato Fail-Safe\u00ae ha svolto il suo compito di consentire al liquido refrigerante di continuare a fluire verso il motore durante un surriscaldamento bloccandosi in posizione aperta, devi sostituirlo con uno nuovo. Esistono i termostati standard, e poi c&#8217;\u00e8 il termostato Motorad Fail-Safe\u00ae. Chiedi il termostato Fail-Safe\u00ae di MotoRad\u00ae la prossima volta che avrai bisogno di un nuovo termostato.   <\/p>\n\n<p style=\"margin-bottom:var(--wp--preset--spacing--60)\">I termostati MotoRad\u00ae soddisfano o superano gli standard O.E. e sono testati e calibrati al 100% per la corretta temperatura di inizio apertura e la massima temperatura di apertura.<\/p>\n\n<div class=\"wp-block-buttons is-layout-flex wp-block-buttons-is-layout-flex\" style=\"margin-bottom:var(--wp--preset--spacing--70)\">\n<div class=\"wp-block-button\"><a class=\"wp-block-button__link wp-element-button\" href=\"https:\/\/mx.motorad.com\/it\/products\/\">Trova il tuo termostato<\/a><\/div>\n<\/div>\n\n<div class=\"wp-block-cover alignfull is-light\" style=\"padding-top:var(--wp--preset--spacing--60);padding-bottom:var(--wp--preset--spacing--60)\"><span aria-hidden=\"true\" class=\"wp-block-cover__background has-background-dim-0 has-background-dim\" style=\"background-color:#ece5d9\"><\/span><img loading=\"lazy\" decoding=\"async\" width=\"1505\" height=\"305\" class=\"wp-block-cover__image-background wp-image-223\" alt=\"\" src=\"https:\/\/mx.motorad.com\/wp-content\/uploads\/2025\/03\/FooterCTA.jpg\" data-object-fit=\"cover\" srcset=\"https:\/\/mx.motorad.com\/wp-content\/uploads\/2025\/03\/FooterCTA.jpg 1505w, https:\/\/mx.motorad.com\/wp-content\/uploads\/2025\/03\/FooterCTA-300x61.jpg 300w, https:\/\/mx.motorad.com\/wp-content\/uploads\/2025\/03\/FooterCTA-1024x208.jpg 1024w, https:\/\/mx.motorad.com\/wp-content\/uploads\/2025\/03\/FooterCTA-768x156.jpg 768w\" sizes=\"auto, (max-width: 1505px) 100vw, 1505px\" \/><div class=\"wp-block-cover__inner-container is-layout-flow wp-block-cover-is-layout-flow\">\n<div class=\"wp-block-columns are-vertically-aligned-center is-layout-flex wp-container-core-columns-is-layout-cbe57604 wp-block-columns-is-layout-flex\">\n<div class=\"wp-block-column is-vertically-aligned-center is-layout-flow wp-block-column-is-layout-flow\" style=\"flex-basis:45%\">\n<h2 class=\"wp-block-heading has-text-align-center has-palette-text-color has-text-color\" id=\"h-need-help-finding-the-right-product\" style=\"margin-bottom:var(--wp--preset--spacing--40)\">Hai bisogno di aiuto per trovare il prodotto giusto?<\/h2>\n\n\n\n<p class=\"has-text-align-center has-palette-text-color has-text-color\" style=\"margin-bottom:var(--wp--preset--spacing--50)\">Il nostro team dedicato \u00e8 qui per guidarti nella giusta direzione. Clicca qui sotto e facci sapere come possiamo aiutarti a trovare il prodotto ideale per le tue esigenze. Il tuo viaggio per vivere meglio inizia qui.  <\/p>\n\n\n\n<div class=\"wp-block-buttons is-content-justification-center is-layout-flex wp-container-core-buttons-is-layout-a89b3969 wp-block-buttons-is-layout-flex\">\n<div class=\"wp-block-button\"><a class=\"wp-block-button__link has-text-align-center wp-element-button\" href=\"https:\/\/mx.motorad.com\/contact\/need-help-finding-something\/\">Parla con uno specialista MotoRad<\/a><\/div>\n<\/div>\n<\/div>\n\n\n\n<div class=\"wp-block-column is-layout-flow wp-block-column-is-layout-flow\" style=\"flex-basis:10%\"><\/div>\n\n\n\n<div class=\"wp-block-column is-layout-flow wp-block-column-is-layout-flow\" style=\"flex-basis:45%\">\n<h2 class=\"wp-block-heading has-text-align-center has-palette-text-color has-text-color\" id=\"h-looking-for-custom-development\" style=\"margin-bottom:var(--wp--preset--spacing--40)\">Cerchi uno sviluppo personalizzato?<\/h2>\n\n\n\n<p class=\"has-text-align-center has-palette-text-color has-text-color\" style=\"margin-bottom:var(--wp--preset--spacing--50)\">Non ci occupiamo solo di prodotti; ci occupiamo di creare soluzioni su misura che rispondano alle tue esigenze. Sei pronto a dare vita al tuo nuovo progetto? Clicca qui sotto e intraprendiamo insieme il viaggio dello sviluppo di prodotti personalizzati.  <\/p>\n\n\n\n<div class=\"wp-block-buttons is-content-justification-center is-layout-flex wp-container-core-buttons-is-layout-a89b3969 wp-block-buttons-is-layout-flex\">\n<div class=\"wp-block-button is-style-fill\"><a class=\"wp-block-button__link has-palette-bg-color has-palette-text-background-color has-text-color has-background has-text-align-center wp-element-button\" href=\"https:\/\/mx.motorad.com\/contact\/do-you-need-custom-development\/\">Vogliamo essere il tuo fornitore<\/a><\/div>\n<\/div>\n<\/div>\n<\/div>\n<\/div><\/div>\n","protected":false},"excerpt":{"rendered":"<p>I termostati MotoRad\u00ae Fail-Safe\u00ae sono progettati per aiutarti a proteggere il motore in caso di surriscaldamento. Basati su una tecnologia [&#8230;]<\/p>\n","protected":false},"author":1,"featured_media":0,"parent":6749,"menu_order":0,"comment_status":"closed","ping_status":"closed","template":"","meta":{"_acf_changed":false,"footnotes":""},"class_list":["post-6074","page","type-page","status-publish","hentry"],"acf":[],"yoast_head":"<!-- This site is optimized with the Yoast SEO Premium plugin v27.2 (Yoast SEO v27.2) - https:\/\/yoast.com\/product\/yoast-seo-premium-wordpress\/ -->\n<title>Termostati MotoRad Fail-Safe\u00ae - MotoRad<\/title>\n<meta name=\"description\" content=\"I termostati Motorad Fail-Safe sono progettati per prevenire il surriscaldamento del motore e offrirti tranquillit\u00e0 su strada. Passa ai termostati Motorad Fail-Safe per una regolazione affidabile della temperatura e una guida senza preoccupazioni.\" \/>\n<meta name=\"robots\" content=\"index, follow, max-snippet:-1, max-image-preview:large, max-video-preview:-1\" \/>\n<link rel=\"canonical\" href=\"https:\/\/mx.motorad.com\/it\/products\/termostati\/termostati-fail-safe-motorad\/\" \/>\n<meta property=\"og:locale\" content=\"it_IT\" \/>\n<meta property=\"og:type\" content=\"article\" \/>\n<meta property=\"og:title\" content=\"Termostati MotoRad Fail-Safe\u00ae\" \/>\n<meta property=\"og:description\" content=\"I termostati Motorad Fail-Safe sono progettati per prevenire il surriscaldamento del motore e offrirti tranquillit\u00e0 su strada. Passa ai termostati Motorad Fail-Safe per una regolazione affidabile della temperatura e una guida senza preoccupazioni.\" \/>\n<meta property=\"og:url\" content=\"https:\/\/mx.motorad.com\/it\/products\/termostati\/termostati-fail-safe-motorad\/\" \/>\n<meta property=\"og:site_name\" content=\"MotoRad\" \/>\n<meta property=\"article:modified_time\" content=\"2026-03-17T12:50:39+00:00\" \/>\n<meta property=\"og:image\" content=\"https:\/\/mx.motorad.com\/wp-content\/uploads\/2025\/04\/Fail-Safe_Callout_web-1.jpg\" \/>\n\t<meta property=\"og:image:width\" content=\"457\" \/>\n\t<meta property=\"og:image:height\" content=\"204\" \/>\n\t<meta property=\"og:image:type\" content=\"image\/jpeg\" \/>\n<meta name=\"twitter:card\" content=\"summary_large_image\" \/>\n<meta name=\"twitter:label1\" content=\"Est. reading time\" \/>\n\t<meta name=\"twitter:data1\" content=\"2 minuti\" \/>\n<script type=\"application\/ld+json\" class=\"yoast-schema-graph\">{\"@context\":\"https:\/\/schema.org\",\"@graph\":[{\"@type\":\"WebPage\",\"@id\":\"https:\/\/mx.motorad.com\/it\/products\/termostati\/termostati-fail-safe-motorad\/\",\"url\":\"https:\/\/mx.motorad.com\/it\/products\/termostati\/termostati-fail-safe-motorad\/\",\"name\":\"Termostati MotoRad Fail-Safe\u00ae - MotoRad\",\"isPartOf\":{\"@id\":\"https:\/\/mx.motorad.com\/it\/#website\"},\"primaryImageOfPage\":{\"@id\":\"https:\/\/mx.motorad.com\/it\/products\/termostati\/termostati-fail-safe-motorad\/#primaryimage\"},\"image\":{\"@id\":\"https:\/\/mx.motorad.com\/it\/products\/termostati\/termostati-fail-safe-motorad\/#primaryimage\"},\"thumbnailUrl\":\"https:\/\/mx.motorad.com\/wp-content\/uploads\/2025\/04\/Fail-Safe_Callout_web-1.jpg\",\"datePublished\":\"2025-04-03T15:52:13+00:00\",\"dateModified\":\"2026-03-17T12:50:39+00:00\",\"description\":\"I termostati Motorad Fail-Safe sono progettati per prevenire il surriscaldamento del motore e offrirti tranquillit\u00e0 su strada. Passa ai termostati Motorad Fail-Safe per una regolazione affidabile della temperatura e una guida senza preoccupazioni.\",\"breadcrumb\":{\"@id\":\"https:\/\/mx.motorad.com\/it\/products\/termostati\/termostati-fail-safe-motorad\/#breadcrumb\"},\"inLanguage\":\"it-IT\",\"potentialAction\":[{\"@type\":\"ReadAction\",\"target\":[\"https:\/\/mx.motorad.com\/it\/products\/termostati\/termostati-fail-safe-motorad\/\"]}]},{\"@type\":\"ImageObject\",\"inLanguage\":\"it-IT\",\"@id\":\"https:\/\/mx.motorad.com\/it\/products\/termostati\/termostati-fail-safe-motorad\/#primaryimage\",\"url\":\"https:\/\/mx.motorad.com\/wp-content\/uploads\/2025\/04\/Fail-Safe_Callout_web-1.jpg\",\"contentUrl\":\"https:\/\/mx.motorad.com\/wp-content\/uploads\/2025\/04\/Fail-Safe_Callout_web-1.jpg\"},{\"@type\":\"BreadcrumbList\",\"@id\":\"https:\/\/mx.motorad.com\/it\/products\/termostati\/termostati-fail-safe-motorad\/#breadcrumb\",\"itemListElement\":[{\"@type\":\"ListItem\",\"position\":1,\"name\":\"Home\",\"item\":\"https:\/\/mx.motorad.com\/it\/\"},{\"@type\":\"ListItem\",\"position\":2,\"name\":\"Prodotti\",\"item\":\"https:\/\/motoradnew.test\/it\/products\/\"},{\"@type\":\"ListItem\",\"position\":3,\"name\":\"Termostati\",\"item\":\"https:\/\/motoradnew.test\/it\/products\/termostati\/\"},{\"@type\":\"ListItem\",\"position\":4,\"name\":\"Termostati MotoRad Fail-Safe\u00ae\"}]},{\"@type\":\"WebSite\",\"@id\":\"https:\/\/mx.motorad.com\/it\/#website\",\"url\":\"https:\/\/mx.motorad.com\/it\/\",\"name\":\"MotoRad\",\"description\":\"Trusted to Deliver Better - Thermal Management, Emissions, Powertrain Controls\",\"potentialAction\":[{\"@type\":\"SearchAction\",\"target\":{\"@type\":\"EntryPoint\",\"urlTemplate\":\"https:\/\/mx.motorad.com\/it\/?s={search_term_string}\"},\"query-input\":{\"@type\":\"PropertyValueSpecification\",\"valueRequired\":true,\"valueName\":\"search_term_string\"}}],\"inLanguage\":\"it-IT\"}]}<\/script>\n<!-- \/ Yoast SEO Premium plugin. -->","yoast_head_json":{"title":"Termostati MotoRad Fail-Safe\u00ae - MotoRad","description":"I termostati Motorad Fail-Safe sono progettati per prevenire il surriscaldamento del motore e offrirti tranquillit\u00e0 su strada. Passa ai termostati Motorad Fail-Safe per una regolazione affidabile della temperatura e una guida senza preoccupazioni.","robots":{"index":"index","follow":"follow","max-snippet":"max-snippet:-1","max-image-preview":"max-image-preview:large","max-video-preview":"max-video-preview:-1"},"canonical":"https:\/\/mx.motorad.com\/it\/products\/termostati\/termostati-fail-safe-motorad\/","og_locale":"it_IT","og_type":"article","og_title":"Termostati MotoRad Fail-Safe\u00ae","og_description":"I termostati Motorad Fail-Safe sono progettati per prevenire il surriscaldamento del motore e offrirti tranquillit\u00e0 su strada. Passa ai termostati Motorad Fail-Safe per una regolazione affidabile della temperatura e una guida senza preoccupazioni.","og_url":"https:\/\/mx.motorad.com\/it\/products\/termostati\/termostati-fail-safe-motorad\/","og_site_name":"MotoRad","article_modified_time":"2026-03-17T12:50:39+00:00","og_image":[{"width":457,"height":204,"url":"https:\/\/mx.motorad.com\/wp-content\/uploads\/2025\/04\/Fail-Safe_Callout_web-1.jpg","type":"image\/jpeg"}],"twitter_card":"summary_large_image","twitter_misc":{"Est. reading time":"2 minuti"},"schema":{"@context":"https:\/\/schema.org","@graph":[{"@type":"WebPage","@id":"https:\/\/mx.motorad.com\/it\/products\/termostati\/termostati-fail-safe-motorad\/","url":"https:\/\/mx.motorad.com\/it\/products\/termostati\/termostati-fail-safe-motorad\/","name":"Termostati MotoRad Fail-Safe\u00ae - MotoRad","isPartOf":{"@id":"https:\/\/mx.motorad.com\/it\/#website"},"primaryImageOfPage":{"@id":"https:\/\/mx.motorad.com\/it\/products\/termostati\/termostati-fail-safe-motorad\/#primaryimage"},"image":{"@id":"https:\/\/mx.motorad.com\/it\/products\/termostati\/termostati-fail-safe-motorad\/#primaryimage"},"thumbnailUrl":"https:\/\/mx.motorad.com\/wp-content\/uploads\/2025\/04\/Fail-Safe_Callout_web-1.jpg","datePublished":"2025-04-03T15:52:13+00:00","dateModified":"2026-03-17T12:50:39+00:00","description":"I termostati Motorad Fail-Safe sono progettati per prevenire il surriscaldamento del motore e offrirti tranquillit\u00e0 su strada. Passa ai termostati Motorad Fail-Safe per una regolazione affidabile della temperatura e una guida senza preoccupazioni.","breadcrumb":{"@id":"https:\/\/mx.motorad.com\/it\/products\/termostati\/termostati-fail-safe-motorad\/#breadcrumb"},"inLanguage":"it-IT","potentialAction":[{"@type":"ReadAction","target":["https:\/\/mx.motorad.com\/it\/products\/termostati\/termostati-fail-safe-motorad\/"]}]},{"@type":"ImageObject","inLanguage":"it-IT","@id":"https:\/\/mx.motorad.com\/it\/products\/termostati\/termostati-fail-safe-motorad\/#primaryimage","url":"https:\/\/mx.motorad.com\/wp-content\/uploads\/2025\/04\/Fail-Safe_Callout_web-1.jpg","contentUrl":"https:\/\/mx.motorad.com\/wp-content\/uploads\/2025\/04\/Fail-Safe_Callout_web-1.jpg"},{"@type":"BreadcrumbList","@id":"https:\/\/mx.motorad.com\/it\/products\/termostati\/termostati-fail-safe-motorad\/#breadcrumb","itemListElement":[{"@type":"ListItem","position":1,"name":"Home","item":"https:\/\/mx.motorad.com\/it\/"},{"@type":"ListItem","position":2,"name":"Prodotti","item":"https:\/\/motoradnew.test\/it\/products\/"},{"@type":"ListItem","position":3,"name":"Termostati","item":"https:\/\/motoradnew.test\/it\/products\/termostati\/"},{"@type":"ListItem","position":4,"name":"Termostati MotoRad Fail-Safe\u00ae"}]},{"@type":"WebSite","@id":"https:\/\/mx.motorad.com\/it\/#website","url":"https:\/\/mx.motorad.com\/it\/","name":"MotoRad","description":"Trusted to Deliver Better - Thermal Management, Emissions, Powertrain Controls","potentialAction":[{"@type":"SearchAction","target":{"@type":"EntryPoint","urlTemplate":"https:\/\/mx.motorad.com\/it\/?s={search_term_string}"},"query-input":{"@type":"PropertyValueSpecification","valueRequired":true,"valueName":"search_term_string"}}],"inLanguage":"it-IT"}]}},"_links":{"self":[{"href":"https:\/\/mx.motorad.com\/it\/wp-json\/wp\/v2\/pages\/6074","targetHints":{"allow":["GET"]}}],"collection":[{"href":"https:\/\/mx.motorad.com\/it\/wp-json\/wp\/v2\/pages"}],"about":[{"href":"https:\/\/mx.motorad.com\/it\/wp-json\/wp\/v2\/types\/page"}],"author":[{"embeddable":true,"href":"https:\/\/mx.motorad.com\/it\/wp-json\/wp\/v2\/users\/1"}],"replies":[{"embeddable":true,"href":"https:\/\/mx.motorad.com\/it\/wp-json\/wp\/v2\/comments?post=6074"}],"version-history":[{"count":3,"href":"https:\/\/mx.motorad.com\/it\/wp-json\/wp\/v2\/pages\/6074\/revisions"}],"predecessor-version":[{"id":87648,"href":"https:\/\/mx.motorad.com\/it\/wp-json\/wp\/v2\/pages\/6074\/revisions\/87648"}],"up":[{"embeddable":true,"href":"https:\/\/mx.motorad.com\/it\/wp-json\/wp\/v2\/pages\/6749"}],"wp:attachment":[{"href":"https:\/\/mx.motorad.com\/it\/wp-json\/wp\/v2\/media?parent=6074"}],"curies":[{"name":"wp","href":"https:\/\/api.w.org\/{rel}","templated":true}]}}