{"id":6755,"date":"2025-04-03T14:52:36","date_gmt":"2025-04-03T14:52:36","guid":{"rendered":"https:\/\/mx.motorad.com\/risorse\/certificati\/"},"modified":"2026-03-17T13:58:54","modified_gmt":"2026-03-17T13:58:54","slug":"certificati","status":"publish","type":"page","link":"https:\/\/mx.motorad.com\/it\/risorse\/certificati\/","title":{"rendered":"Certificazioni"},"content":{"rendered":"\n<div class=\"wp-block-cover alignfull is-light\" style=\"min-height:274px;aspect-ratio:unset;\"><img decoding=\"async\" class=\"wp-block-cover__image-background wp-image-85369\" alt=\"\" src=\"https:\/\/motorad.com\/wp-content\/uploads\/Road_into_Light_2-scaled.jpg\" style=\"object-position:48% 17%\" data-object-fit=\"cover\" data-object-position=\"48% 17%\"\/><span aria-hidden=\"true\" class=\"wp-block-cover__background has-background-dim-0 has-background-dim\"><\/span><div class=\"wp-block-cover__inner-container is-layout-flow wp-block-cover-is-layout-flow\">\n<h1 class=\"wp-block-heading has-palette-text-color has-text-color\" id=\"h-certificates\">Certificazioni<\/h1>\n<\/div><\/div>\n<div class=\"yoast-breadcrumbs\"><span><span><a href=\"https:\/\/mx.motorad.com\/it\/\">Home<\/a><\/span> \u00bb <span><a href=\"https:\/\/motoradnew.test\/risorse\/\">Risorse<\/a><\/span> \u00bb <span class=\"breadcrumb_last\" aria-current=\"page\">Certificazioni<\/span><\/span><\/div>\n<div style=\"height:53px\" aria-hidden=\"true\" class=\"wp-block-spacer\"><\/div>\n\n<h3 class=\"wp-block-heading\"><strong>La nostra promessa: qualit\u00e0 ed eccellenza senza compromessi<\/strong><\/h3>\n\n<p>In MotoRad siamo guidati da un impegno costante verso qualit\u00e0, precisione ed eccellenza. La nostra dedizione nel fornire prodotti e servizi superiori ai nostri clienti \u00e8 al centro di tutto ci\u00f2 che facciamo. Comprendiamo che la qualit\u00e0 non \u00e8 solo uno standard; \u00e8 una promessa che facciamo ai nostri clienti, partner e stakeholder in tutto il mondo.  <\/p>\n\n<hr class=\"wp-block-separator has-alpha-channel-opacity\" style=\"margin-top:var(--wp--preset--spacing--40);margin-bottom:var(--wp--preset--spacing--40)\"\/>\n\n<h3 class=\"wp-block-heading\"><strong>Certificazione: una testimonianza dei nostri standard<\/strong><\/h3>\n\n<p>Il nostro impegno per la qualit\u00e0 \u00e8 sottolineato dai nostri rigorosi processi di certificazione. MotoRad \u00e8 orgogliosa di possedere diverse certificazioni che convalidano la nostra aderenza agli standard di qualit\u00e0 internazionali e alle migliori pratiche. Queste certificazioni rappresentano una testimonianza del nostro impegno costante verso l&#8217;eccellenza e il miglioramento continuo.  <\/p>\n\n<p>Esplora le nostre certificazioni <a href=\"https:\/\/motorad.com\/resources\/certificates\/\">qui<\/a> per saperne di pi\u00f9 sugli elevati standard che manteniamo in ogni aspetto della nostra attivit\u00e0.<\/p>\n\n<h3 class=\"wp-block-heading\" style=\"margin-top:var(--wp--preset--spacing--50);margin-right:0;margin-bottom:var(--wp--preset--spacing--50);margin-left:0\"><strong>Perch\u00e9 scegliere MotoRad?<\/strong><\/h3>\n\n<ul class=\"wp-block-list\">\n<li><strong>Qualit\u00e0 senza compromessi:<\/strong> i nostri prodotti sono sottoposti a test e ispezioni rigorosi per garantire che soddisfino i pi\u00f9 elevati standard di qualit\u00e0.<\/li>\n\n\n\n<li><strong>Competenza:<\/strong> con anni di esperienza nel settore, il nostro team di professionisti \u00e8 dedicato a fornire soluzioni innovative che superano le aspettative dei clienti.<\/li>\n\n\n\n<li><strong>Riconoscimento globale:<\/strong> le nostre certificazioni sono riconosciute a livello globale e riflettono il nostro impegno per la qualit\u00e0 su scala internazionale.<\/li>\n<\/ul>\n\n<hr class=\"wp-block-separator has-alpha-channel-opacity\" style=\"margin-top:var(--wp--preset--spacing--40);margin-bottom:var(--wp--preset--spacing--40)\"\/>\n\n<div class=\"wp-block-columns alignwide is-layout-flex wp-container-core-columns-is-layout-e0fb3f8c wp-block-columns-is-layout-flex\" style=\"margin-top:var(--wp--preset--spacing--50);margin-bottom:var(--wp--preset--spacing--50)\">\n<div class=\"wp-block-column is-layout-flow wp-container-core-column-is-layout-119bc444 wp-block-column-is-layout-flow\">\n<figure class=\"wp-block-image size-full\"><a href=\"https:\/\/motorad.com\/wp-content\/uploads\/MAP14001.pdf\"><img decoding=\"async\" src=\"https:\/\/motorad.com\/wp-content\/uploads\/MAP-14001-1-1-300x214-1.jpg\" alt=\"\" class=\"wp-image-85682\" style=\"object-fit:cover\"\/><\/a><\/figure>\n\n\n\n<p class=\"has-text-align-center\">Si certifica che il Sistema di Gestione Ambientale di<\/p>\n\n\n\n<p class=\"has-text-align-center\"><a href=\"https:\/\/motorad.com\/wp-content\/uploads\/MAP-14001.pdf\"><strong>M.A.P. MOTORAD <\/strong><br\/><strong>AUTOMOTIVE PARTS LTD<\/strong><\/a><br\/>Industrial Park Bar Lev, Misgav, Israele<\/p>\n\n\n\n<p class=\"has-text-align-center\">\u00c8 stato valutato ed \u00e8 conforme ai requisiti di:<\/p>\n\n\n\n<p class=\"has-text-align-center\"><strong><a href=\"https:\/\/motorad.com\/wp-content\/uploads\/MAP-14001.pdf\">ISO 14001:2015<\/a><\/strong><\/p>\n\n\n\n<p class=\"has-text-align-center\">Questo certificato \u00e8 applicabile a<\/p>\n\n\n\n<p class=\"has-text-align-center\"><strong>Progettazione e produzione di termostati per l&#8217;industria automobilistica.<\/strong><\/p>\n<\/div>\n\n\n\n<div class=\"wp-block-column is-layout-flow wp-container-core-column-is-layout-119bc444 wp-block-column-is-layout-flow\">\n<figure class=\"wp-block-image size-full\"><a href=\"https:\/\/motorad.com\/wp-content\/uploads\/MAP-45001.pdf\"><img decoding=\"async\" src=\"https:\/\/motorad.com\/wp-content\/uploads\/MAP-45001-1-1-300x214-1.jpg\" alt=\"\" class=\"wp-image-85690\"\/><\/a><\/figure>\n\n\n\n<p class=\"has-text-align-center\">Si certifica che il Sistema di Gestione della Salute e Sicurezza sul Lavoro di<\/p>\n\n\n\n<p class=\"has-text-align-center\"><a href=\"https:\/\/motorad.com\/wp-content\/uploads\/MAP-45001.pdf\"><strong>M.A.P. MOTORAD <\/strong><br\/><strong>AUTOMOTIVE PARTS LTD<\/strong><\/a><br\/>Industrial Park Bar Lev, Misgav, Israele<\/p>\n\n\n\n<p class=\"has-text-align-center\">\u00c8 stato valutato ed \u00e8 conforme ai requisiti di:<\/p>\n\n\n\n<p class=\"has-text-align-center\"><strong><a href=\"https:\/\/motorad.com\/wp-content\/uploads\/MAP-45001.pdf\">ISO 45001:2018<\/a><\/strong><\/p>\n\n\n\n<p class=\"has-text-align-center\">Questo certificato \u00e8 applicabile a<\/p>\n\n\n\n<p class=\"has-text-align-center\"><strong>Progettazione e produzione di termostati per l&#8217;industria automobilistica.<\/strong><\/p>\n<\/div>\n\n\n\n<div class=\"wp-block-column is-layout-flow wp-container-core-column-is-layout-4515c614 wp-block-column-is-layout-flow\" style=\"padding-right:0;padding-left:0\">\n<figure class=\"wp-block-image size-full\"><a href=\"https:\/\/motorad.com\/wp-content\/uploads\/MotoRad-9001-Certificate-.pdf\"><img decoding=\"async\" src=\"https:\/\/motorad.com\/wp-content\/uploads\/cert2-300x214-1.jpg\" alt=\"\" class=\"wp-image-85681\"\/><\/a><\/figure>\n\n\n\n<p class=\"has-text-align-center\">Questo certificato \u00e8 stato rilasciato a<\/p>\n\n\n\n<p class=\"has-text-align-center\"><strong><a href=\"https:\/\/motorad.com\/wp-content\/uploads\/MotoRad-9001-Certificate-.pdf\">M.A.P MotoRad Automotive Parts Ltd<\/a><\/strong><br\/>Bar-Lev Industrial Park, Misgav, 20179, Israele<\/p>\n\n\n\n<p class=\"has-text-align-center\">Riconoscimento del Sistema di Gestione della Qualit\u00e0 dell&#8217;organizzazione conforme a<br\/><strong><a href=\"https:\/\/motorad.com\/wp-content\/uploads\/MOTORAD-9001-Cert-valit-till-2024.pdf\">ISO 9001:2015<\/a><\/strong><\/p>\n\n\n\n<p class=\"has-text-align-center\">L&#8217;ambito delle attivit\u00e0 coperte da questo certificato \u00e8 definito di seguito<\/p>\n\n\n\n<p class=\"has-text-align-center\"><strong>Progettazione e produzione di termostati e tappi<\/strong><\/p>\n<\/div>\n\n\n\n<div class=\"wp-block-column is-layout-flow wp-container-core-column-is-layout-119bc444 wp-block-column-is-layout-flow\">\n<figure class=\"wp-block-image size-full\"><a href=\"https:\/\/motorad.com\/wp-content\/uploads\/MotoRad-IATF-Certificate-.pdf\"><img decoding=\"async\" src=\"https:\/\/motorad.com\/wp-content\/uploads\/cert1-300x214-1.jpg\" alt=\"\" class=\"wp-image-85680\"\/><\/a><\/figure>\n\n\n\n<p class=\"has-text-align-center\">Questo certificato \u00e8 stato rilasciato a<\/p>\n\n\n\n<p class=\"has-text-align-center\"><a href=\"https:\/\/motorad.com\/wp-content\/uploads\/MotoRad-IATF-Certificate-.pdf\"><strong>M.A.P MotoRad Automotive Parts Ltd<\/strong><br\/><\/a>Bar-Lev Industrial Park, Misgav, 20179, Israele<\/p>\n\n\n\n<p class=\"has-text-align-center\">in riconoscimento del Sistema di Gestione della Qualit\u00e0 dell&#8217;organizzazione conforme a<br\/><strong>IATF 16949:2016<\/strong><\/p>\n\n\n\n<p class=\"has-text-align-center\">L&#8217;ambito delle attivit\u00e0 coperte da questo certificato \u00e8 definito di seguito<\/p>\n\n\n\n<p class=\"has-text-align-center\"><strong>Progettazione e produzione di termostati e tappi<\/strong><\/p>\n<\/div>\n\n\n\n<div class=\"wp-block-column is-layout-flow wp-container-core-column-is-layout-119bc444 wp-block-column-is-layout-flow\">\n<figure class=\"wp-block-image size-full\"><a href=\"https:\/\/motorad.com\/wp-content\/uploads\/MOTORAD.pdf\"><img loading=\"lazy\" decoding=\"async\" width=\"917\" height=\"1286\" src=\"https:\/\/motorad.com\/wp-content\/uploads\/Screenshot-2025-12-08-at-8.25.42-AM.png\" alt=\"\" class=\"wp-image-86678\"\/><\/a><\/figure>\n\n\n\n<p class=\"has-text-align-center\">Questo certificato conferma che il sistema di gestione della qualit\u00e0 di<\/p>\n\n\n\n<p class=\"has-text-align-center\"><a href=\"https:\/\/motorad.com\/wp-content\/uploads\/MOTORAD.pdf\"><strong>MOTORAD DE MEXICO S.A. DE C.V. e MOTORAD DISTRIBUTION DE MEXICO S.A. DE C.V.,<\/strong> <\/a><br\/>Luis Donaldo Colosio 292, Parque Industrial el Sabinal, Apodaca, Nuevo Le\u00f3n, C.P. 66645,<\/p>\n\n\n\n<p class=\"has-text-align-center\">\u00c8 risultato conforme allo standard NMX-CC-9001-IMNC-2015 ISO 9001:2015. <\/p>\n<\/div>\n<\/div>\n\n<p><\/p>\n","protected":false},"excerpt":{"rendered":"<p>La nostra promessa: qualit\u00e0 ed eccellenza senza compromessi In MotoRad siamo guidati da un impegno costante verso qualit\u00e0, precisione ed [&#8230;]<\/p>\n","protected":false},"author":1,"featured_media":0,"parent":6033,"menu_order":0,"comment_status":"closed","ping_status":"closed","template":"","meta":{"_acf_changed":false,"footnotes":""},"class_list":["post-6755","page","type-page","status-publish","hentry"],"acf":[],"yoast_head":"<!-- This site is optimized with the Yoast SEO Premium plugin v27.2 (Yoast SEO v27.2) - https:\/\/yoast.com\/product\/yoast-seo-premium-wordpress\/ -->\n<title>Certificazioni - MotoRad<\/title>\n<meta name=\"description\" content=\"Le certificazioni di MotoRad convalidano il nostro impegno costante verso gli standard di qualit\u00e0 internazionali e le migliori pratiche nel settore automobilistico. Scopri gli elevati standard che manteniamo in tutti gli aspetti della nostra attivit\u00e0.\" \/>\n<meta name=\"robots\" content=\"index, follow, max-snippet:-1, max-image-preview:large, max-video-preview:-1\" \/>\n<link rel=\"canonical\" href=\"https:\/\/mx.motorad.com\/it\/risorse\/certificati\/\" \/>\n<meta property=\"og:locale\" content=\"it_IT\" \/>\n<meta property=\"og:type\" content=\"article\" \/>\n<meta property=\"og:title\" content=\"Certificazioni\" \/>\n<meta property=\"og:description\" content=\"Le certificazioni di MotoRad convalidano il nostro impegno costante verso gli standard di qualit\u00e0 internazionali e le migliori pratiche nel settore automobilistico. Scopri gli elevati standard che manteniamo in tutti gli aspetti della nostra attivit\u00e0.\" \/>\n<meta property=\"og:url\" content=\"https:\/\/mx.motorad.com\/it\/risorse\/certificati\/\" \/>\n<meta property=\"og:site_name\" content=\"MotoRad\" \/>\n<meta property=\"article:modified_time\" content=\"2026-03-17T13:58:54+00:00\" \/>\n<meta name=\"twitter:card\" content=\"summary_large_image\" \/>\n<meta name=\"twitter:label1\" content=\"Est. reading time\" \/>\n\t<meta name=\"twitter:data1\" content=\"2 minuti\" \/>\n<script type=\"application\/ld+json\" class=\"yoast-schema-graph\">{\"@context\":\"https:\/\/schema.org\",\"@graph\":[{\"@type\":\"WebPage\",\"@id\":\"https:\/\/mx.motorad.com\/it\/risorse\/certificati\/\",\"url\":\"https:\/\/mx.motorad.com\/it\/risorse\/certificati\/\",\"name\":\"Certificazioni - MotoRad\",\"isPartOf\":{\"@id\":\"https:\/\/mx.motorad.com\/it\/#website\"},\"primaryImageOfPage\":{\"@id\":\"https:\/\/mx.motorad.com\/it\/risorse\/certificati\/#primaryimage\"},\"image\":{\"@id\":\"https:\/\/mx.motorad.com\/it\/risorse\/certificati\/#primaryimage\"},\"thumbnailUrl\":\"https:\/\/motorad.com\/wp-content\/uploads\/Road_into_Light_2-scaled.jpg\",\"datePublished\":\"2025-04-03T14:52:36+00:00\",\"dateModified\":\"2026-03-17T13:58:54+00:00\",\"description\":\"Le certificazioni di MotoRad convalidano il nostro impegno costante verso gli standard di qualit\u00e0 internazionali e le migliori pratiche nel settore automobilistico. Scopri gli elevati standard che manteniamo in tutti gli aspetti della nostra attivit\u00e0.\",\"breadcrumb\":{\"@id\":\"https:\/\/mx.motorad.com\/it\/risorse\/certificati\/#breadcrumb\"},\"inLanguage\":\"it-IT\",\"potentialAction\":[{\"@type\":\"ReadAction\",\"target\":[\"https:\/\/mx.motorad.com\/it\/risorse\/certificati\/\"]}]},{\"@type\":\"ImageObject\",\"inLanguage\":\"it-IT\",\"@id\":\"https:\/\/mx.motorad.com\/it\/risorse\/certificati\/#primaryimage\",\"url\":\"https:\/\/motorad.com\/wp-content\/uploads\/Road_into_Light_2-scaled.jpg\",\"contentUrl\":\"https:\/\/motorad.com\/wp-content\/uploads\/Road_into_Light_2-scaled.jpg\"},{\"@type\":\"BreadcrumbList\",\"@id\":\"https:\/\/mx.motorad.com\/it\/risorse\/certificati\/#breadcrumb\",\"itemListElement\":[{\"@type\":\"ListItem\",\"position\":1,\"name\":\"Home\",\"item\":\"https:\/\/mx.motorad.com\/it\/\"},{\"@type\":\"ListItem\",\"position\":2,\"name\":\"Risorse\",\"item\":\"https:\/\/motoradnew.test\/risorse\/\"},{\"@type\":\"ListItem\",\"position\":3,\"name\":\"Certificazioni\"}]},{\"@type\":\"WebSite\",\"@id\":\"https:\/\/mx.motorad.com\/it\/#website\",\"url\":\"https:\/\/mx.motorad.com\/it\/\",\"name\":\"MotoRad\",\"description\":\"Trusted to Deliver Better - Thermal Management, Emissions, Powertrain Controls\",\"potentialAction\":[{\"@type\":\"SearchAction\",\"target\":{\"@type\":\"EntryPoint\",\"urlTemplate\":\"https:\/\/mx.motorad.com\/it\/?s={search_term_string}\"},\"query-input\":{\"@type\":\"PropertyValueSpecification\",\"valueRequired\":true,\"valueName\":\"search_term_string\"}}],\"inLanguage\":\"it-IT\"}]}<\/script>\n<!-- \/ Yoast SEO Premium plugin. -->","yoast_head_json":{"title":"Certificazioni - MotoRad","description":"Le certificazioni di MotoRad convalidano il nostro impegno costante verso gli standard di qualit\u00e0 internazionali e le migliori pratiche nel settore automobilistico. Scopri gli elevati standard che manteniamo in tutti gli aspetti della nostra attivit\u00e0.","robots":{"index":"index","follow":"follow","max-snippet":"max-snippet:-1","max-image-preview":"max-image-preview:large","max-video-preview":"max-video-preview:-1"},"canonical":"https:\/\/mx.motorad.com\/it\/risorse\/certificati\/","og_locale":"it_IT","og_type":"article","og_title":"Certificazioni","og_description":"Le certificazioni di MotoRad convalidano il nostro impegno costante verso gli standard di qualit\u00e0 internazionali e le migliori pratiche nel settore automobilistico. Scopri gli elevati standard che manteniamo in tutti gli aspetti della nostra attivit\u00e0.","og_url":"https:\/\/mx.motorad.com\/it\/risorse\/certificati\/","og_site_name":"MotoRad","article_modified_time":"2026-03-17T13:58:54+00:00","twitter_card":"summary_large_image","twitter_misc":{"Est. reading time":"2 minuti"},"schema":{"@context":"https:\/\/schema.org","@graph":[{"@type":"WebPage","@id":"https:\/\/mx.motorad.com\/it\/risorse\/certificati\/","url":"https:\/\/mx.motorad.com\/it\/risorse\/certificati\/","name":"Certificazioni - MotoRad","isPartOf":{"@id":"https:\/\/mx.motorad.com\/it\/#website"},"primaryImageOfPage":{"@id":"https:\/\/mx.motorad.com\/it\/risorse\/certificati\/#primaryimage"},"image":{"@id":"https:\/\/mx.motorad.com\/it\/risorse\/certificati\/#primaryimage"},"thumbnailUrl":"https:\/\/motorad.com\/wp-content\/uploads\/Road_into_Light_2-scaled.jpg","datePublished":"2025-04-03T14:52:36+00:00","dateModified":"2026-03-17T13:58:54+00:00","description":"Le certificazioni di MotoRad convalidano il nostro impegno costante verso gli standard di qualit\u00e0 internazionali e le migliori pratiche nel settore automobilistico. Scopri gli elevati standard che manteniamo in tutti gli aspetti della nostra attivit\u00e0.","breadcrumb":{"@id":"https:\/\/mx.motorad.com\/it\/risorse\/certificati\/#breadcrumb"},"inLanguage":"it-IT","potentialAction":[{"@type":"ReadAction","target":["https:\/\/mx.motorad.com\/it\/risorse\/certificati\/"]}]},{"@type":"ImageObject","inLanguage":"it-IT","@id":"https:\/\/mx.motorad.com\/it\/risorse\/certificati\/#primaryimage","url":"https:\/\/motorad.com\/wp-content\/uploads\/Road_into_Light_2-scaled.jpg","contentUrl":"https:\/\/motorad.com\/wp-content\/uploads\/Road_into_Light_2-scaled.jpg"},{"@type":"BreadcrumbList","@id":"https:\/\/mx.motorad.com\/it\/risorse\/certificati\/#breadcrumb","itemListElement":[{"@type":"ListItem","position":1,"name":"Home","item":"https:\/\/mx.motorad.com\/it\/"},{"@type":"ListItem","position":2,"name":"Risorse","item":"https:\/\/motoradnew.test\/risorse\/"},{"@type":"ListItem","position":3,"name":"Certificazioni"}]},{"@type":"WebSite","@id":"https:\/\/mx.motorad.com\/it\/#website","url":"https:\/\/mx.motorad.com\/it\/","name":"MotoRad","description":"Trusted to Deliver Better - Thermal Management, Emissions, Powertrain Controls","potentialAction":[{"@type":"SearchAction","target":{"@type":"EntryPoint","urlTemplate":"https:\/\/mx.motorad.com\/it\/?s={search_term_string}"},"query-input":{"@type":"PropertyValueSpecification","valueRequired":true,"valueName":"search_term_string"}}],"inLanguage":"it-IT"}]}},"_links":{"self":[{"href":"https:\/\/mx.motorad.com\/it\/wp-json\/wp\/v2\/pages\/6755","targetHints":{"allow":["GET"]}}],"collection":[{"href":"https:\/\/mx.motorad.com\/it\/wp-json\/wp\/v2\/pages"}],"about":[{"href":"https:\/\/mx.motorad.com\/it\/wp-json\/wp\/v2\/types\/page"}],"author":[{"embeddable":true,"href":"https:\/\/mx.motorad.com\/it\/wp-json\/wp\/v2\/users\/1"}],"replies":[{"embeddable":true,"href":"https:\/\/mx.motorad.com\/it\/wp-json\/wp\/v2\/comments?post=6755"}],"version-history":[{"count":3,"href":"https:\/\/mx.motorad.com\/it\/wp-json\/wp\/v2\/pages\/6755\/revisions"}],"predecessor-version":[{"id":87751,"href":"https:\/\/mx.motorad.com\/it\/wp-json\/wp\/v2\/pages\/6755\/revisions\/87751"}],"up":[{"embeddable":true,"href":"https:\/\/mx.motorad.com\/it\/wp-json\/wp\/v2\/pages\/6033"}],"wp:attachment":[{"href":"https:\/\/mx.motorad.com\/it\/wp-json\/wp\/v2\/media?parent=6755"}],"curies":[{"name":"wp","href":"https:\/\/api.w.org\/{rel}","templated":true}]}}