{"id":5632,"date":"2025-04-03T17:42:12","date_gmt":"2025-04-03T17:42:12","guid":{"rendered":"https:\/\/mx.motorad.com\/elementy-sterujace-ukladu-napedowego\/czujniki-krzywki-korby\/"},"modified":"2025-06-13T12:46:22","modified_gmt":"2025-06-13T12:46:22","slug":"czujniki-krzywki-korby","status":"publish","type":"page","link":"https:\/\/mx.motorad.com\/pl\/produkty\/elementy-sterujace-ukladu-napedowego\/czujniki-krzywki-korby\/","title":{"rendered":"CZUJNIKI KRZYWKI\/KORBY"},"content":{"rendered":"<h1 style=\"margin-top:var(--wp--preset--spacing--60);margin-bottom:var(--wp--preset--spacing--60);\" class=\"wp-block-post-title\">CZUJNIKI KRZYWKI\/KORBY<\/h1>\n<p style=\"margin-bottom:var(--wp--preset--spacing--60)\">Czujniki po\u0142o\u017cenia wa\u0142ka rozrz\u0105du i wa\u0142u korbowego MotoRad gwarantuj\u0105 dok\u0142adno\u015b\u0107 OE i lepsz\u0105 prac\u0119 silnika. Zosta\u0142y zaprojektowane do pracy w trudnych warunkach i s\u0105 odporne na ekstremalne temperatury. Wszystkie czujniki po\u0142o\u017cenia wa\u0142ka rozrz\u0105du \/ wa\u0142u korbowego MotoRad s\u0105 projektowane tak, aby spe\u0142nia\u0142y lub przekracza\u0142y specyfikacje OEM w naszych zak\u0142adach produkcyjnych ISO TS16949.  <\/p>\n\n<div class=\"wp-block-columns is-layout-flex wp-container-core-columns-is-layout-baf23659 wp-block-columns-is-layout-flex\" style=\"margin-bottom:var(--wp--preset--spacing--60)\">\n<div class=\"wp-block-column is-layout-flow wp-block-column-is-layout-flow\">\n<figure class=\"wp-block-image size-full\"><img loading=\"lazy\" decoding=\"async\" width=\"500\" height=\"500\" src=\"https:\/\/mx.motorad.com\/wp-content\/uploads\/2025\/04\/1CS106_Angle.jpg\" alt=\"\" class=\"wp-image-3878\" srcset=\"https:\/\/mx.motorad.com\/wp-content\/uploads\/2025\/04\/1CS106_Angle.jpg 500w, https:\/\/mx.motorad.com\/wp-content\/uploads\/2025\/04\/1CS106_Angle-300x300.jpg 300w, https:\/\/mx.motorad.com\/wp-content\/uploads\/2025\/04\/1CS106_Angle-150x150.jpg 150w\" sizes=\"auto, (max-width: 500px) 100vw, 500px\" \/><\/figure>\n<\/div>\n\n\n\n<div class=\"wp-block-column is-layout-flow wp-block-column-is-layout-flow\">\n<figure class=\"wp-block-image size-full\"><img loading=\"lazy\" decoding=\"async\" width=\"500\" height=\"500\" src=\"https:\/\/mx.motorad.com\/wp-content\/uploads\/2025\/04\/1CS109_Angle.jpg\" alt=\"\" class=\"wp-image-3892\" srcset=\"https:\/\/mx.motorad.com\/wp-content\/uploads\/2025\/04\/1CS109_Angle.jpg 500w, https:\/\/mx.motorad.com\/wp-content\/uploads\/2025\/04\/1CS109_Angle-300x300.jpg 300w, https:\/\/mx.motorad.com\/wp-content\/uploads\/2025\/04\/1CS109_Angle-150x150.jpg 150w\" sizes=\"auto, (max-width: 500px) 100vw, 500px\" \/><\/figure>\n<\/div>\n\n\n\n<div class=\"wp-block-column is-layout-flow wp-block-column-is-layout-flow\">\n<figure class=\"wp-block-image size-full\"><img loading=\"lazy\" decoding=\"async\" width=\"500\" height=\"500\" src=\"https:\/\/mx.motorad.com\/wp-content\/uploads\/2025\/04\/1CS107_Angle-1.jpg\" alt=\"\" class=\"wp-image-3885\" srcset=\"https:\/\/mx.motorad.com\/wp-content\/uploads\/2025\/04\/1CS107_Angle-1.jpg 500w, https:\/\/mx.motorad.com\/wp-content\/uploads\/2025\/04\/1CS107_Angle-1-300x300.jpg 300w, https:\/\/mx.motorad.com\/wp-content\/uploads\/2025\/04\/1CS107_Angle-1-150x150.jpg 150w\" sizes=\"auto, (max-width: 500px) 100vw, 500px\" \/><\/figure>\n<\/div>\n\n\n\n<div class=\"wp-block-column is-layout-flow wp-block-column-is-layout-flow\">\n<figure class=\"wp-block-image size-full\"><img loading=\"lazy\" decoding=\"async\" width=\"500\" height=\"500\" src=\"https:\/\/mx.motorad.com\/wp-content\/uploads\/2025\/04\/1CS129_Angle.jpg\" alt=\"\" class=\"wp-image-3899\" srcset=\"https:\/\/mx.motorad.com\/wp-content\/uploads\/2025\/04\/1CS129_Angle.jpg 500w, https:\/\/mx.motorad.com\/wp-content\/uploads\/2025\/04\/1CS129_Angle-300x300.jpg 300w, https:\/\/mx.motorad.com\/wp-content\/uploads\/2025\/04\/1CS129_Angle-150x150.jpg 150w\" sizes=\"auto, (max-width: 500px) 100vw, 500px\" \/><\/figure>\n<\/div>\n\n\n\n<div class=\"wp-block-column is-layout-flow wp-block-column-is-layout-flow\">\n<figure class=\"wp-block-image size-full\"><img loading=\"lazy\" decoding=\"async\" width=\"500\" height=\"500\" src=\"https:\/\/mx.motorad.com\/wp-content\/uploads\/2025\/04\/1CS133_Angle.jpg\" alt=\"\" class=\"wp-image-3913\" srcset=\"https:\/\/mx.motorad.com\/wp-content\/uploads\/2025\/04\/1CS133_Angle.jpg 500w, https:\/\/mx.motorad.com\/wp-content\/uploads\/2025\/04\/1CS133_Angle-300x300.jpg 300w, https:\/\/mx.motorad.com\/wp-content\/uploads\/2025\/04\/1CS133_Angle-150x150.jpg 150w\" sizes=\"auto, (max-width: 500px) 100vw, 500px\" \/><\/figure>\n<\/div>\n\n\n\n<div class=\"wp-block-column is-layout-flow wp-block-column-is-layout-flow\">\n<figure class=\"wp-block-image size-full\"><img loading=\"lazy\" decoding=\"async\" width=\"500\" height=\"500\" src=\"https:\/\/mx.motorad.com\/wp-content\/uploads\/2025\/04\/1CS131_Angle.jpg\" alt=\"\" class=\"wp-image-3906\" srcset=\"https:\/\/mx.motorad.com\/wp-content\/uploads\/2025\/04\/1CS131_Angle.jpg 500w, https:\/\/mx.motorad.com\/wp-content\/uploads\/2025\/04\/1CS131_Angle-300x300.jpg 300w, https:\/\/mx.motorad.com\/wp-content\/uploads\/2025\/04\/1CS131_Angle-150x150.jpg 150w\" sizes=\"auto, (max-width: 500px) 100vw, 500px\" \/><\/figure>\n<\/div>\n<\/div>\n\n<ul class=\"wp-block-list\">\n<li style=\"margin-bottom:var(--wp--preset--spacing--30)\">Czujnik OE Tier 1 chroni przed skokami napi\u0119cia i rozproszonymi polami elektromagnetycznymi, zapewniaj\u0105c optymalne pozycjonowanie.<\/li>\n\n\n\n<li style=\"margin-bottom:var(--wp--preset--spacing--30)\">Opatentowany materia\u0142 ferromagnetyczny wytrzymuje ekstremalne temperatury pracy, zapewniaj\u0105c precyzyjny sygna\u0142 napi\u0119cia do ECM.<\/li>\n\n\n\n<li style=\"margin-bottom:var(--wp--preset--spacing--30)\">O-ringi z fluoroelastomeru zapewniaj\u0105 doskona\u0142\u0105 odporno\u015b\u0107 na wysok\u0105 temperatur\u0119 i wszystkie formu\u0142y olejowe, zapewniaj\u0105c d\u0142ug\u0105 \u017cywotno\u015b\u0107.<\/li>\n\n\n\n<li style=\"margin-bottom:var(--wp--preset--spacing--30)\">W 100% testowane na linii i na ko\u0144cu linii.<\/li>\n\n\n\n<li style=\"margin-bottom:var(--wp--preset--spacing--30)\">Szeroko zakrojone testy produkt\u00f3w obejmuj\u0105 mi\u0119dzy innymi mg\u0142\u0119 soln\u0105, uderzenia w wysokich i niskich temperaturach, wibracje termiczne, trwa\u0142o\u015b\u0107, elektryczno\u015b\u0107 statyczn\u0105 i mikronapi\u0119cia, aby zapewni\u0107, \u017ce wszystkie czujniki spe\u0142niaj\u0105 lub przekraczaj\u0105 specyfikacje OEM.<\/li>\n<\/ul>\n\n<figure class=\"wp-block-image aligncenter size-full\" style=\"margin-top:var(--wp--preset--spacing--60);margin-bottom:var(--wp--preset--spacing--60)\"><img loading=\"lazy\" decoding=\"async\" width=\"700\" height=\"496\" src=\"https:\/\/mx.motorad.com\/wp-content\/uploads\/2025\/04\/cam-crank-closer-look-web.jpg\" alt=\"\" class=\"wp-image-3920\" srcset=\"https:\/\/mx.motorad.com\/wp-content\/uploads\/2025\/04\/cam-crank-closer-look-web.jpg 700w, https:\/\/mx.motorad.com\/wp-content\/uploads\/2025\/04\/cam-crank-closer-look-web-300x213.jpg 300w\" sizes=\"auto, (max-width: 700px) 100vw, 700px\" \/><\/figure>\n\n<div class=\"wp-block-buttons is-layout-flex wp-block-buttons-is-layout-flex\" style=\"margin-bottom:var(--wp--preset--spacing--70)\">\n<div class=\"wp-block-button\"><a class=\"wp-block-button__link wp-element-button\" href=\"https:\/\/mx.motorad.com\/products\/\">Znajd\u017a czujniki do swojego zastosowania<\/a><\/div>\n<\/div>\n\n<div class=\"wp-block-cover alignfull is-light\" style=\"padding-top:var(--wp--preset--spacing--60);padding-bottom:var(--wp--preset--spacing--60)\"><span aria-hidden=\"true\" class=\"wp-block-cover__background has-background-dim-0 has-background-dim\" style=\"background-color:#ece5d9\"><\/span><img loading=\"lazy\" decoding=\"async\" width=\"1505\" height=\"305\" class=\"wp-block-cover__image-background wp-image-223\" alt=\"\" src=\"https:\/\/mx.motorad.com\/wp-content\/uploads\/2025\/03\/FooterCTA.jpg\" data-object-fit=\"cover\" srcset=\"https:\/\/mx.motorad.com\/wp-content\/uploads\/2025\/03\/FooterCTA.jpg 1505w, https:\/\/mx.motorad.com\/wp-content\/uploads\/2025\/03\/FooterCTA-300x61.jpg 300w, https:\/\/mx.motorad.com\/wp-content\/uploads\/2025\/03\/FooterCTA-1024x208.jpg 1024w, https:\/\/mx.motorad.com\/wp-content\/uploads\/2025\/03\/FooterCTA-768x156.jpg 768w\" sizes=\"auto, (max-width: 1505px) 100vw, 1505px\" \/><div class=\"wp-block-cover__inner-container is-layout-flow wp-block-cover-is-layout-flow\">\n<div class=\"wp-block-columns are-vertically-aligned-center is-layout-flex wp-container-core-columns-is-layout-cbe57604 wp-block-columns-is-layout-flex\">\n<div class=\"wp-block-column is-vertically-aligned-center is-layout-flow wp-block-column-is-layout-flow\" style=\"flex-basis:45%\">\n<h2 class=\"wp-block-heading has-text-align-center has-palette-text-color has-text-color\" id=\"h-need-help-finding-the-right-product\" style=\"margin-bottom:var(--wp--preset--spacing--40)\">Potrzebujesz pomocy w znalezieniu odpowiedniego produktu?<\/h2>\n\n\n\n<p class=\"has-text-align-center has-palette-text-color has-text-color\" style=\"margin-bottom:var(--wp--preset--spacing--50)\">Nasz oddany zesp\u00f3\u0142 jest tutaj, aby poprowadzi\u0107 Ci\u0119 we w\u0142a\u015bciwym kierunku. Kliknij poni\u017cej i daj nam zna\u0107, jak mo\u017cemy Ci pom\u00f3c w znalezieniu idealnego produktu dla Twoich potrzeb. Twoja podr\u00f3\u017c do do\u015bwiadczania BETTER zaczyna si\u0119 tutaj.  <\/p>\n\n\n\n<div class=\"wp-block-buttons is-content-justification-center is-layout-flex wp-container-core-buttons-is-layout-a89b3969 wp-block-buttons-is-layout-flex\">\n<div class=\"wp-block-button\"><a class=\"wp-block-button__link has-text-align-center wp-element-button\" href=\"https:\/\/mx.motorad.com\/contact\/need-help-finding-something\/\">Porozmawiaj ze specjalist\u0105 MotoRad<\/a><\/div>\n<\/div>\n<\/div>\n\n\n\n<div class=\"wp-block-column is-layout-flow wp-block-column-is-layout-flow\" style=\"flex-basis:10%\"><\/div>\n\n\n\n<div class=\"wp-block-column is-layout-flow wp-block-column-is-layout-flow\" style=\"flex-basis:45%\">\n<h2 class=\"wp-block-heading has-text-align-center has-palette-text-color has-text-color\" id=\"h-looking-for-custom-development\" style=\"margin-bottom:var(--wp--preset--spacing--40)\">Szukasz niestandardowego oprogramowania?<\/h2>\n\n\n\n<p class=\"has-text-align-center has-palette-text-color has-text-color\" style=\"margin-bottom:var(--wp--preset--spacing--50)\">Nie chodzi nam tylko o produkty; tworzymy rozwi\u0105zania dostosowane do Twoich potrzeb. Czy jeste\u015b gotowy, aby o\u017cywi\u0107 sw\u00f3j nowy projekt? Kliknij poni\u017cej i wyruszmy razem w podr\u00f3\u017c tworzenia niestandardowych produkt\u00f3w.  <\/p>\n\n\n\n<div class=\"wp-block-buttons is-content-justification-center is-layout-flex wp-container-core-buttons-is-layout-a89b3969 wp-block-buttons-is-layout-flex\">\n<div class=\"wp-block-button is-style-fill\"><a class=\"wp-block-button__link has-palette-bg-color has-palette-text-background-color has-text-color has-background has-text-align-center wp-element-button\" href=\"https:\/\/mx.motorad.com\/contact\/do-you-need-custom-development\/\">Chcemy by\u0107 Twoim dostawc\u0105<\/a><\/div>\n<\/div>\n<\/div>\n<\/div>\n<\/div><\/div>\n","protected":false},"excerpt":{"rendered":"<p>Czujniki po\u0142o\u017cenia wa\u0142ka rozrz\u0105du i wa\u0142u korbowego MotoRad gwarantuj\u0105 dok\u0142adno\u015b\u0107 OE i lepsz\u0105 prac\u0119 silnika. Zosta\u0142y zaprojektowane do pracy w [&#8230;]<\/p>\n","protected":false},"author":1,"featured_media":0,"parent":5626,"menu_order":0,"comment_status":"closed","ping_status":"closed","template":"","meta":{"_acf_changed":false,"footnotes":""},"class_list":["post-5632","page","type-page","status-publish","hentry"],"acf":[],"yoast_head":"<!-- This site is optimized with the Yoast SEO Premium plugin v27.2 (Yoast SEO v27.2) - https:\/\/yoast.com\/product\/yoast-seo-premium-wordpress\/ -->\n<title>CZUJNIKI KRZYWKI\/KORBY - MotoRad<\/title>\n<meta name=\"description\" content=\"MotoRad - CZUJNIKI KRZYWKI\/KORBY\" \/>\n<meta name=\"robots\" content=\"index, follow, max-snippet:-1, max-image-preview:large, max-video-preview:-1\" \/>\n<link rel=\"canonical\" href=\"https:\/\/mx.motorad.com\/pl\/produkty\/elementy-sterujace-ukladu-napedowego\/czujniki-krzywki-korby\/\" \/>\n<meta property=\"og:locale\" content=\"pl_PL\" \/>\n<meta property=\"og:type\" content=\"article\" \/>\n<meta property=\"og:title\" content=\"CZUJNIKI KRZYWKI\/KORBY\" \/>\n<meta property=\"og:description\" content=\"MotoRad - CZUJNIKI KRZYWKI\/KORBY\" \/>\n<meta property=\"og:url\" content=\"https:\/\/mx.motorad.com\/pl\/produkty\/elementy-sterujace-ukladu-napedowego\/czujniki-krzywki-korby\/\" \/>\n<meta property=\"og:site_name\" content=\"MotoRad\" \/>\n<meta property=\"article:modified_time\" content=\"2025-06-13T12:46:22+00:00\" \/>\n<meta property=\"og:image\" content=\"https:\/\/mx.motorad.com\/wp-content\/uploads\/2025\/04\/1CS106_Angle.jpg\" \/>\n\t<meta property=\"og:image:width\" content=\"500\" \/>\n\t<meta property=\"og:image:height\" content=\"500\" \/>\n\t<meta property=\"og:image:type\" content=\"image\/jpeg\" \/>\n<meta name=\"twitter:card\" content=\"summary_large_image\" \/>\n<meta name=\"twitter:label1\" content=\"Est. reading time\" \/>\n\t<meta name=\"twitter:data1\" content=\"1 minuta\" \/>\n<script type=\"application\/ld+json\" class=\"yoast-schema-graph\">{\"@context\":\"https:\/\/schema.org\",\"@graph\":[{\"@type\":\"WebPage\",\"@id\":\"https:\/\/mx.motorad.com\/pl\/produkty\/elementy-sterujace-ukladu-napedowego\/czujniki-krzywki-korby\/\",\"url\":\"https:\/\/mx.motorad.com\/pl\/produkty\/elementy-sterujace-ukladu-napedowego\/czujniki-krzywki-korby\/\",\"name\":\"CZUJNIKI KRZYWKI\/KORBY - MotoRad\",\"isPartOf\":{\"@id\":\"https:\/\/mx.motorad.com\/pl\/#website\"},\"primaryImageOfPage\":{\"@id\":\"https:\/\/mx.motorad.com\/pl\/produkty\/elementy-sterujace-ukladu-napedowego\/czujniki-krzywki-korby\/#primaryimage\"},\"image\":{\"@id\":\"https:\/\/mx.motorad.com\/pl\/produkty\/elementy-sterujace-ukladu-napedowego\/czujniki-krzywki-korby\/#primaryimage\"},\"thumbnailUrl\":\"https:\/\/mx.motorad.com\/wp-content\/uploads\/2025\/04\/1CS106_Angle.jpg\",\"datePublished\":\"2025-04-03T17:42:12+00:00\",\"dateModified\":\"2025-06-13T12:46:22+00:00\",\"description\":\"MotoRad - CZUJNIKI KRZYWKI\/KORBY\",\"breadcrumb\":{\"@id\":\"https:\/\/mx.motorad.com\/pl\/produkty\/elementy-sterujace-ukladu-napedowego\/czujniki-krzywki-korby\/#breadcrumb\"},\"inLanguage\":\"pl-PL\",\"potentialAction\":[{\"@type\":\"ReadAction\",\"target\":[\"https:\/\/mx.motorad.com\/pl\/produkty\/elementy-sterujace-ukladu-napedowego\/czujniki-krzywki-korby\/\"]}]},{\"@type\":\"ImageObject\",\"inLanguage\":\"pl-PL\",\"@id\":\"https:\/\/mx.motorad.com\/pl\/produkty\/elementy-sterujace-ukladu-napedowego\/czujniki-krzywki-korby\/#primaryimage\",\"url\":\"https:\/\/mx.motorad.com\/wp-content\/uploads\/2025\/04\/1CS106_Angle.jpg\",\"contentUrl\":\"https:\/\/mx.motorad.com\/wp-content\/uploads\/2025\/04\/1CS106_Angle.jpg\"},{\"@type\":\"BreadcrumbList\",\"@id\":\"https:\/\/mx.motorad.com\/pl\/produkty\/elementy-sterujace-ukladu-napedowego\/czujniki-krzywki-korby\/#breadcrumb\",\"itemListElement\":[{\"@type\":\"ListItem\",\"position\":1,\"name\":\"Home\",\"item\":\"https:\/\/mx.motorad.com\/pl\/\"},{\"@type\":\"ListItem\",\"position\":2,\"name\":\"Produkty\",\"item\":\"https:\/\/motoradnew.test\/pl\/produkty\/\"},{\"@type\":\"ListItem\",\"position\":3,\"name\":\"Sterowanie uk\u0142adem nap\u0119dowym\",\"item\":\"https:\/\/mx.motorad.com\/pl\/produkty\/elementy-sterujace-ukladu-napedowego\/\"},{\"@type\":\"ListItem\",\"position\":4,\"name\":\"CZUJNIKI KRZYWKI\/KORBY\"}]},{\"@type\":\"WebSite\",\"@id\":\"https:\/\/mx.motorad.com\/pl\/#website\",\"url\":\"https:\/\/mx.motorad.com\/pl\/\",\"name\":\"MotoRad\",\"description\":\"Trusted to Deliver Better - Thermal Management, Emissions, Powertrain Controls\",\"potentialAction\":[{\"@type\":\"SearchAction\",\"target\":{\"@type\":\"EntryPoint\",\"urlTemplate\":\"https:\/\/mx.motorad.com\/pl\/?s={search_term_string}\"},\"query-input\":{\"@type\":\"PropertyValueSpecification\",\"valueRequired\":true,\"valueName\":\"search_term_string\"}}],\"inLanguage\":\"pl-PL\"}]}<\/script>\n<!-- \/ Yoast SEO Premium plugin. -->","yoast_head_json":{"title":"CZUJNIKI KRZYWKI\/KORBY - MotoRad","description":"MotoRad - CZUJNIKI KRZYWKI\/KORBY","robots":{"index":"index","follow":"follow","max-snippet":"max-snippet:-1","max-image-preview":"max-image-preview:large","max-video-preview":"max-video-preview:-1"},"canonical":"https:\/\/mx.motorad.com\/pl\/produkty\/elementy-sterujace-ukladu-napedowego\/czujniki-krzywki-korby\/","og_locale":"pl_PL","og_type":"article","og_title":"CZUJNIKI KRZYWKI\/KORBY","og_description":"MotoRad - CZUJNIKI KRZYWKI\/KORBY","og_url":"https:\/\/mx.motorad.com\/pl\/produkty\/elementy-sterujace-ukladu-napedowego\/czujniki-krzywki-korby\/","og_site_name":"MotoRad","article_modified_time":"2025-06-13T12:46:22+00:00","og_image":[{"width":500,"height":500,"url":"https:\/\/mx.motorad.com\/wp-content\/uploads\/2025\/04\/1CS106_Angle.jpg","type":"image\/jpeg"}],"twitter_card":"summary_large_image","twitter_misc":{"Est. reading time":"1 minuta"},"schema":{"@context":"https:\/\/schema.org","@graph":[{"@type":"WebPage","@id":"https:\/\/mx.motorad.com\/pl\/produkty\/elementy-sterujace-ukladu-napedowego\/czujniki-krzywki-korby\/","url":"https:\/\/mx.motorad.com\/pl\/produkty\/elementy-sterujace-ukladu-napedowego\/czujniki-krzywki-korby\/","name":"CZUJNIKI KRZYWKI\/KORBY - MotoRad","isPartOf":{"@id":"https:\/\/mx.motorad.com\/pl\/#website"},"primaryImageOfPage":{"@id":"https:\/\/mx.motorad.com\/pl\/produkty\/elementy-sterujace-ukladu-napedowego\/czujniki-krzywki-korby\/#primaryimage"},"image":{"@id":"https:\/\/mx.motorad.com\/pl\/produkty\/elementy-sterujace-ukladu-napedowego\/czujniki-krzywki-korby\/#primaryimage"},"thumbnailUrl":"https:\/\/mx.motorad.com\/wp-content\/uploads\/2025\/04\/1CS106_Angle.jpg","datePublished":"2025-04-03T17:42:12+00:00","dateModified":"2025-06-13T12:46:22+00:00","description":"MotoRad - CZUJNIKI KRZYWKI\/KORBY","breadcrumb":{"@id":"https:\/\/mx.motorad.com\/pl\/produkty\/elementy-sterujace-ukladu-napedowego\/czujniki-krzywki-korby\/#breadcrumb"},"inLanguage":"pl-PL","potentialAction":[{"@type":"ReadAction","target":["https:\/\/mx.motorad.com\/pl\/produkty\/elementy-sterujace-ukladu-napedowego\/czujniki-krzywki-korby\/"]}]},{"@type":"ImageObject","inLanguage":"pl-PL","@id":"https:\/\/mx.motorad.com\/pl\/produkty\/elementy-sterujace-ukladu-napedowego\/czujniki-krzywki-korby\/#primaryimage","url":"https:\/\/mx.motorad.com\/wp-content\/uploads\/2025\/04\/1CS106_Angle.jpg","contentUrl":"https:\/\/mx.motorad.com\/wp-content\/uploads\/2025\/04\/1CS106_Angle.jpg"},{"@type":"BreadcrumbList","@id":"https:\/\/mx.motorad.com\/pl\/produkty\/elementy-sterujace-ukladu-napedowego\/czujniki-krzywki-korby\/#breadcrumb","itemListElement":[{"@type":"ListItem","position":1,"name":"Home","item":"https:\/\/mx.motorad.com\/pl\/"},{"@type":"ListItem","position":2,"name":"Produkty","item":"https:\/\/motoradnew.test\/pl\/produkty\/"},{"@type":"ListItem","position":3,"name":"Sterowanie uk\u0142adem nap\u0119dowym","item":"https:\/\/mx.motorad.com\/pl\/produkty\/elementy-sterujace-ukladu-napedowego\/"},{"@type":"ListItem","position":4,"name":"CZUJNIKI KRZYWKI\/KORBY"}]},{"@type":"WebSite","@id":"https:\/\/mx.motorad.com\/pl\/#website","url":"https:\/\/mx.motorad.com\/pl\/","name":"MotoRad","description":"Trusted to Deliver Better - Thermal Management, Emissions, Powertrain Controls","potentialAction":[{"@type":"SearchAction","target":{"@type":"EntryPoint","urlTemplate":"https:\/\/mx.motorad.com\/pl\/?s={search_term_string}"},"query-input":{"@type":"PropertyValueSpecification","valueRequired":true,"valueName":"search_term_string"}}],"inLanguage":"pl-PL"}]}},"_links":{"self":[{"href":"https:\/\/mx.motorad.com\/pl\/wp-json\/wp\/v2\/pages\/5632","targetHints":{"allow":["GET"]}}],"collection":[{"href":"https:\/\/mx.motorad.com\/pl\/wp-json\/wp\/v2\/pages"}],"about":[{"href":"https:\/\/mx.motorad.com\/pl\/wp-json\/wp\/v2\/types\/page"}],"author":[{"embeddable":true,"href":"https:\/\/mx.motorad.com\/pl\/wp-json\/wp\/v2\/users\/1"}],"replies":[{"embeddable":true,"href":"https:\/\/mx.motorad.com\/pl\/wp-json\/wp\/v2\/comments?post=5632"}],"version-history":[{"count":1,"href":"https:\/\/mx.motorad.com\/pl\/wp-json\/wp\/v2\/pages\/5632\/revisions"}],"predecessor-version":[{"id":5635,"href":"https:\/\/mx.motorad.com\/pl\/wp-json\/wp\/v2\/pages\/5632\/revisions\/5635"}],"up":[{"embeddable":true,"href":"https:\/\/mx.motorad.com\/pl\/wp-json\/wp\/v2\/pages\/5626"}],"wp:attachment":[{"href":"https:\/\/mx.motorad.com\/pl\/wp-json\/wp\/v2\/media?parent=5632"}],"curies":[{"name":"wp","href":"https:\/\/api.w.org\/{rel}","templated":true}]}}