{"id":5640,"date":"2025-04-03T17:57:07","date_gmt":"2025-04-03T17:57:07","guid":{"rendered":"https:\/\/mx.motorad.com\/elementy-sterujace-ukladu-napedowego\/czujniki-przeplywu-powietrza\/"},"modified":"2025-06-13T12:46:22","modified_gmt":"2025-06-13T12:46:22","slug":"czujniki-przeplywu-powietrza","status":"publish","type":"page","link":"https:\/\/mx.motorad.com\/pl\/produkty\/elementy-sterujace-ukladu-napedowego\/czujniki-przeplywu-powietrza\/","title":{"rendered":"CZUJNIKI PRZEP\u0141YWU POWIETRZA"},"content":{"rendered":"<h1 style=\"margin-top:var(--wp--preset--spacing--60);margin-bottom:var(--wp--preset--spacing--60);\" class=\"wp-block-post-title\">CZUJNIKI PRZEP\u0141YWU POWIETRZA<\/h1>\n<p>Czujniki MAF MotoRad precyzyjnie mierz\u0105 przep\u0142yw powietrza do silnika i komunikuj\u0105 si\u0119 z ECU, aby zapewni\u0107 optymalne spalanie paliwa. Zaprojektowane tak, aby zmniejszy\u0107 zanieczyszczenie i wytrzyma\u0107 wibracje, aby zmaksymalizowa\u0107 trwa\u0142o\u015b\u0107. Wszystkie czujniki MAF MotoRad s\u0105 zaprojektowane tak, aby spe\u0142nia\u0142y lub przekracza\u0142y specyfikacje OEM w naszych zak\u0142adach produkcyjnych IATF16949.  <\/p>\n\n<div class=\"wp-block-columns is-layout-flex wp-container-core-columns-is-layout-05017e6a wp-block-columns-is-layout-flex\" style=\"margin-top:var(--wp--preset--spacing--60);margin-bottom:var(--wp--preset--spacing--60)\">\n<div class=\"wp-block-column is-layout-flow wp-block-column-is-layout-flow\">\n<figure class=\"wp-block-image size-full\"><img loading=\"lazy\" decoding=\"async\" width=\"500\" height=\"500\" src=\"https:\/\/mx.motorad.com\/wp-content\/uploads\/2025\/04\/3MF106_Angle.jpg\" alt=\"\" class=\"wp-image-3985\" srcset=\"https:\/\/mx.motorad.com\/wp-content\/uploads\/2025\/04\/3MF106_Angle.jpg 500w, https:\/\/mx.motorad.com\/wp-content\/uploads\/2025\/04\/3MF106_Angle-300x300.jpg 300w, https:\/\/mx.motorad.com\/wp-content\/uploads\/2025\/04\/3MF106_Angle-150x150.jpg 150w\" sizes=\"auto, (max-width: 500px) 100vw, 500px\" \/><\/figure>\n<\/div>\n\n\n\n<div class=\"wp-block-column is-layout-flow wp-block-column-is-layout-flow\">\n<figure class=\"wp-block-image size-full\"><img loading=\"lazy\" decoding=\"async\" width=\"500\" height=\"500\" src=\"https:\/\/mx.motorad.com\/wp-content\/uploads\/2025\/04\/3MF102_Angle.jpg\" alt=\"\" class=\"wp-image-3978\" srcset=\"https:\/\/mx.motorad.com\/wp-content\/uploads\/2025\/04\/3MF102_Angle.jpg 500w, https:\/\/mx.motorad.com\/wp-content\/uploads\/2025\/04\/3MF102_Angle-300x300.jpg 300w, https:\/\/mx.motorad.com\/wp-content\/uploads\/2025\/04\/3MF102_Angle-150x150.jpg 150w\" sizes=\"auto, (max-width: 500px) 100vw, 500px\" \/><\/figure>\n<\/div>\n\n\n\n<div class=\"wp-block-column is-layout-flow wp-block-column-is-layout-flow\">\n<figure class=\"wp-block-image size-full\"><img loading=\"lazy\" decoding=\"async\" width=\"500\" height=\"500\" src=\"https:\/\/mx.motorad.com\/wp-content\/uploads\/2025\/04\/3MF111_Angle-1.jpg\" alt=\"\" class=\"wp-image-3992\" srcset=\"https:\/\/mx.motorad.com\/wp-content\/uploads\/2025\/04\/3MF111_Angle-1.jpg 500w, https:\/\/mx.motorad.com\/wp-content\/uploads\/2025\/04\/3MF111_Angle-1-300x300.jpg 300w, https:\/\/mx.motorad.com\/wp-content\/uploads\/2025\/04\/3MF111_Angle-1-150x150.jpg 150w\" sizes=\"auto, (max-width: 500px) 100vw, 500px\" \/><\/figure>\n<\/div>\n\n\n\n<div class=\"wp-block-column is-layout-flow wp-block-column-is-layout-flow\">\n<figure class=\"wp-block-image size-full\"><img loading=\"lazy\" decoding=\"async\" width=\"500\" height=\"500\" src=\"https:\/\/mx.motorad.com\/wp-content\/uploads\/2025\/04\/3MF112_Angle.jpg\" alt=\"\" class=\"wp-image-3999\" srcset=\"https:\/\/mx.motorad.com\/wp-content\/uploads\/2025\/04\/3MF112_Angle.jpg 500w, https:\/\/mx.motorad.com\/wp-content\/uploads\/2025\/04\/3MF112_Angle-300x300.jpg 300w, https:\/\/mx.motorad.com\/wp-content\/uploads\/2025\/04\/3MF112_Angle-150x150.jpg 150w\" sizes=\"auto, (max-width: 500px) 100vw, 500px\" \/><\/figure>\n<\/div>\n\n\n\n<div class=\"wp-block-column is-layout-flow wp-block-column-is-layout-flow\">\n<figure class=\"wp-block-image size-full\"><img loading=\"lazy\" decoding=\"async\" width=\"500\" height=\"500\" src=\"https:\/\/mx.motorad.com\/wp-content\/uploads\/2025\/04\/3MF123_Angle.jpg\" alt=\"\" class=\"wp-image-4013\" srcset=\"https:\/\/mx.motorad.com\/wp-content\/uploads\/2025\/04\/3MF123_Angle.jpg 500w, https:\/\/mx.motorad.com\/wp-content\/uploads\/2025\/04\/3MF123_Angle-300x300.jpg 300w, https:\/\/mx.motorad.com\/wp-content\/uploads\/2025\/04\/3MF123_Angle-150x150.jpg 150w\" sizes=\"auto, (max-width: 500px) 100vw, 500px\" \/><\/figure>\n<\/div>\n\n\n\n<div class=\"wp-block-column is-layout-flow wp-block-column-is-layout-flow\">\n<figure class=\"wp-block-image size-full\"><img loading=\"lazy\" decoding=\"async\" width=\"500\" height=\"500\" src=\"https:\/\/mx.motorad.com\/wp-content\/uploads\/2025\/04\/3MF112_Angle.jpg\" alt=\"\" class=\"wp-image-3999\" srcset=\"https:\/\/mx.motorad.com\/wp-content\/uploads\/2025\/04\/3MF112_Angle.jpg 500w, https:\/\/mx.motorad.com\/wp-content\/uploads\/2025\/04\/3MF112_Angle-300x300.jpg 300w, https:\/\/mx.motorad.com\/wp-content\/uploads\/2025\/04\/3MF112_Angle-150x150.jpg 150w\" sizes=\"auto, (max-width: 500px) 100vw, 500px\" \/><\/figure>\n<\/div>\n<\/div>\n\n<ul class=\"wp-block-list\">\n<li style=\"margin-bottom:var(--wp--preset--spacing--20)\">Produkt w 100% nowy, nie regenerowany.<\/li>\n\n\n\n<li style=\"margin-bottom:var(--wp--preset--spacing--20)\">Opatentowana technologia NTC zaprojektowana tak, aby dopasowa\u0107 rezystancj\u0119 OE, zapewniaj\u0105c najbardziej precyzyjny sygna\u0142 do ECU, co skutkuje optymaln\u0105 mieszank\u0105 paliwowo-powietrzn\u0105.<\/li>\n\n\n\n<li style=\"margin-bottom:var(--wp--preset--spacing--20)\">Platynowy czujnik z gor\u0105cym drutem minimalizuje korozj\u0119 i gwarantuje stabilny odczyt.<\/li>\n\n\n\n<li style=\"margin-bottom:var(--wp--preset--spacing--20)\">Wyposa\u017cony w podw\u00f3jne wi\u0105zanie przewod\u00f3w w celu ochrony przed wibracjami.<\/li>\n\n\n\n<li style=\"margin-bottom:var(--wp--preset--spacing--20)\">Testy 100% cykli termicznych i dysz sonicznych, w\u015br\u00f3d innych test\u00f3w, zapewniaj\u0105 bezawaryjn\u0105 wydajno\u015b\u0107 i trwa\u0142o\u015b\u0107.<\/li>\n<\/ul>\n\n<div class=\"wp-block-buttons is-layout-flex wp-block-buttons-is-layout-flex\" style=\"margin-top:var(--wp--preset--spacing--60);margin-bottom:var(--wp--preset--spacing--70)\">\n<div class=\"wp-block-button\"><a class=\"wp-block-button__link wp-element-button\" href=\"https:\/\/mx.motorad.com\/products\/\">Znajd\u017a czujniki do swojego zastosowania<\/a><\/div>\n<\/div>\n\n<div class=\"wp-block-cover alignfull is-light\" style=\"padding-top:var(--wp--preset--spacing--60);padding-bottom:var(--wp--preset--spacing--60)\"><span aria-hidden=\"true\" class=\"wp-block-cover__background has-background-dim-0 has-background-dim\" style=\"background-color:#ece5d9\"><\/span><img loading=\"lazy\" decoding=\"async\" width=\"1505\" height=\"305\" class=\"wp-block-cover__image-background wp-image-223\" alt=\"\" src=\"https:\/\/mx.motorad.com\/wp-content\/uploads\/2025\/03\/FooterCTA.jpg\" data-object-fit=\"cover\" srcset=\"https:\/\/mx.motorad.com\/wp-content\/uploads\/2025\/03\/FooterCTA.jpg 1505w, https:\/\/mx.motorad.com\/wp-content\/uploads\/2025\/03\/FooterCTA-300x61.jpg 300w, https:\/\/mx.motorad.com\/wp-content\/uploads\/2025\/03\/FooterCTA-1024x208.jpg 1024w, https:\/\/mx.motorad.com\/wp-content\/uploads\/2025\/03\/FooterCTA-768x156.jpg 768w\" sizes=\"auto, (max-width: 1505px) 100vw, 1505px\" \/><div class=\"wp-block-cover__inner-container is-layout-flow wp-block-cover-is-layout-flow\">\n<div class=\"wp-block-columns are-vertically-aligned-center is-layout-flex wp-container-core-columns-is-layout-cbe57604 wp-block-columns-is-layout-flex\">\n<div class=\"wp-block-column is-vertically-aligned-center is-layout-flow wp-block-column-is-layout-flow\" style=\"flex-basis:45%\">\n<h2 class=\"wp-block-heading has-text-align-center has-palette-text-color has-text-color\" id=\"h-need-help-finding-the-right-product\" style=\"margin-bottom:var(--wp--preset--spacing--40)\">Potrzebujesz pomocy w znalezieniu odpowiedniego produktu?<\/h2>\n\n\n\n<p class=\"has-text-align-center has-palette-text-color has-text-color\" style=\"margin-bottom:var(--wp--preset--spacing--50)\">Nasz oddany zesp\u00f3\u0142 jest tutaj, aby poprowadzi\u0107 Ci\u0119 we w\u0142a\u015bciwym kierunku. Kliknij poni\u017cej i daj nam zna\u0107, jak mo\u017cemy Ci pom\u00f3c w znalezieniu idealnego produktu dla Twoich potrzeb. Twoja podr\u00f3\u017c do do\u015bwiadczania BETTER zaczyna si\u0119 tutaj.  <\/p>\n\n\n\n<div class=\"wp-block-buttons is-content-justification-center is-layout-flex wp-container-core-buttons-is-layout-a89b3969 wp-block-buttons-is-layout-flex\">\n<div class=\"wp-block-button\"><a class=\"wp-block-button__link has-text-align-center wp-element-button\" href=\"https:\/\/mx.motorad.com\/contact\/need-help-finding-something\/\">Porozmawiaj ze specjalist\u0105 MotoRad<\/a><\/div>\n<\/div>\n<\/div>\n\n\n\n<div class=\"wp-block-column is-layout-flow wp-block-column-is-layout-flow\" style=\"flex-basis:10%\"><\/div>\n\n\n\n<div class=\"wp-block-column is-layout-flow wp-block-column-is-layout-flow\" style=\"flex-basis:45%\">\n<h2 class=\"wp-block-heading has-text-align-center has-palette-text-color has-text-color\" id=\"h-looking-for-custom-development\" style=\"margin-bottom:var(--wp--preset--spacing--40)\">Szukasz niestandardowego oprogramowania?<\/h2>\n\n\n\n<p class=\"has-text-align-center has-palette-text-color has-text-color\" style=\"margin-bottom:var(--wp--preset--spacing--50)\">Nie chodzi nam tylko o produkty; tworzymy rozwi\u0105zania dostosowane do Twoich potrzeb. Czy jeste\u015b gotowy, aby o\u017cywi\u0107 sw\u00f3j nowy projekt? Kliknij poni\u017cej i wyruszmy razem w podr\u00f3\u017c tworzenia niestandardowych produkt\u00f3w.  <\/p>\n\n\n\n<div class=\"wp-block-buttons is-content-justification-center is-layout-flex wp-container-core-buttons-is-layout-a89b3969 wp-block-buttons-is-layout-flex\">\n<div class=\"wp-block-button is-style-fill\"><a class=\"wp-block-button__link has-palette-bg-color has-palette-text-background-color has-text-color has-background has-text-align-center wp-element-button\" href=\"https:\/\/mx.motorad.com\/contact\/do-you-need-custom-development\/\">Chcemy by\u0107 Twoim dostawc\u0105<\/a><\/div>\n<\/div>\n<\/div>\n<\/div>\n<\/div><\/div>\n","protected":false},"excerpt":{"rendered":"<p>Czujniki MAF MotoRad precyzyjnie mierz\u0105 przep\u0142yw powietrza do silnika i komunikuj\u0105 si\u0119 z ECU, aby zapewni\u0107 optymalne spalanie paliwa. Zaprojektowane [&#8230;]<\/p>\n","protected":false},"author":1,"featured_media":0,"parent":5626,"menu_order":0,"comment_status":"closed","ping_status":"closed","template":"","meta":{"_acf_changed":false,"footnotes":""},"class_list":["post-5640","page","type-page","status-publish","hentry"],"acf":[],"yoast_head":"<!-- This site is optimized with the Yoast SEO Premium plugin v27.2 (Yoast SEO v27.2) - https:\/\/yoast.com\/product\/yoast-seo-premium-wordpress\/ -->\n<title>CZUJNIKI PRZEP\u0141YWU POWIETRZA - MotoRad<\/title>\n<meta name=\"description\" content=\"MotoRad - CZUJNIKI PRZEP\u0141YWU POWIETRZA\" \/>\n<meta name=\"robots\" content=\"index, follow, max-snippet:-1, max-image-preview:large, max-video-preview:-1\" \/>\n<link rel=\"canonical\" href=\"https:\/\/mx.motorad.com\/pl\/produkty\/elementy-sterujace-ukladu-napedowego\/czujniki-przeplywu-powietrza\/\" \/>\n<meta property=\"og:locale\" content=\"pl_PL\" \/>\n<meta property=\"og:type\" content=\"article\" \/>\n<meta property=\"og:title\" content=\"CZUJNIKI PRZEP\u0141YWU POWIETRZA\" \/>\n<meta property=\"og:description\" content=\"MotoRad - CZUJNIKI PRZEP\u0141YWU POWIETRZA\" \/>\n<meta property=\"og:url\" content=\"https:\/\/mx.motorad.com\/pl\/produkty\/elementy-sterujace-ukladu-napedowego\/czujniki-przeplywu-powietrza\/\" \/>\n<meta property=\"og:site_name\" content=\"MotoRad\" \/>\n<meta property=\"article:modified_time\" content=\"2025-06-13T12:46:22+00:00\" \/>\n<meta property=\"og:image\" content=\"https:\/\/mx.motorad.com\/wp-content\/uploads\/2025\/04\/3MF106_Angle.jpg\" \/>\n\t<meta property=\"og:image:width\" content=\"500\" \/>\n\t<meta property=\"og:image:height\" content=\"500\" \/>\n\t<meta property=\"og:image:type\" content=\"image\/jpeg\" \/>\n<meta name=\"twitter:card\" content=\"summary_large_image\" \/>\n<meta name=\"twitter:label1\" content=\"Est. reading time\" \/>\n\t<meta name=\"twitter:data1\" content=\"1 minuta\" \/>\n<script type=\"application\/ld+json\" class=\"yoast-schema-graph\">{\"@context\":\"https:\/\/schema.org\",\"@graph\":[{\"@type\":\"WebPage\",\"@id\":\"https:\/\/mx.motorad.com\/pl\/produkty\/elementy-sterujace-ukladu-napedowego\/czujniki-przeplywu-powietrza\/\",\"url\":\"https:\/\/mx.motorad.com\/pl\/produkty\/elementy-sterujace-ukladu-napedowego\/czujniki-przeplywu-powietrza\/\",\"name\":\"CZUJNIKI PRZEP\u0141YWU POWIETRZA - MotoRad\",\"isPartOf\":{\"@id\":\"https:\/\/mx.motorad.com\/pl\/#website\"},\"primaryImageOfPage\":{\"@id\":\"https:\/\/mx.motorad.com\/pl\/produkty\/elementy-sterujace-ukladu-napedowego\/czujniki-przeplywu-powietrza\/#primaryimage\"},\"image\":{\"@id\":\"https:\/\/mx.motorad.com\/pl\/produkty\/elementy-sterujace-ukladu-napedowego\/czujniki-przeplywu-powietrza\/#primaryimage\"},\"thumbnailUrl\":\"https:\/\/mx.motorad.com\/wp-content\/uploads\/2025\/04\/3MF106_Angle.jpg\",\"datePublished\":\"2025-04-03T17:57:07+00:00\",\"dateModified\":\"2025-06-13T12:46:22+00:00\",\"description\":\"MotoRad - CZUJNIKI PRZEP\u0141YWU POWIETRZA\",\"breadcrumb\":{\"@id\":\"https:\/\/mx.motorad.com\/pl\/produkty\/elementy-sterujace-ukladu-napedowego\/czujniki-przeplywu-powietrza\/#breadcrumb\"},\"inLanguage\":\"pl-PL\",\"potentialAction\":[{\"@type\":\"ReadAction\",\"target\":[\"https:\/\/mx.motorad.com\/pl\/produkty\/elementy-sterujace-ukladu-napedowego\/czujniki-przeplywu-powietrza\/\"]}]},{\"@type\":\"ImageObject\",\"inLanguage\":\"pl-PL\",\"@id\":\"https:\/\/mx.motorad.com\/pl\/produkty\/elementy-sterujace-ukladu-napedowego\/czujniki-przeplywu-powietrza\/#primaryimage\",\"url\":\"https:\/\/mx.motorad.com\/wp-content\/uploads\/2025\/04\/3MF106_Angle.jpg\",\"contentUrl\":\"https:\/\/mx.motorad.com\/wp-content\/uploads\/2025\/04\/3MF106_Angle.jpg\"},{\"@type\":\"BreadcrumbList\",\"@id\":\"https:\/\/mx.motorad.com\/pl\/produkty\/elementy-sterujace-ukladu-napedowego\/czujniki-przeplywu-powietrza\/#breadcrumb\",\"itemListElement\":[{\"@type\":\"ListItem\",\"position\":1,\"name\":\"Home\",\"item\":\"https:\/\/mx.motorad.com\/pl\/\"},{\"@type\":\"ListItem\",\"position\":2,\"name\":\"Produkty\",\"item\":\"https:\/\/motoradnew.test\/pl\/produkty\/\"},{\"@type\":\"ListItem\",\"position\":3,\"name\":\"Sterowanie uk\u0142adem nap\u0119dowym\",\"item\":\"https:\/\/mx.motorad.com\/pl\/produkty\/elementy-sterujace-ukladu-napedowego\/\"},{\"@type\":\"ListItem\",\"position\":4,\"name\":\"CZUJNIKI PRZEP\u0141YWU POWIETRZA\"}]},{\"@type\":\"WebSite\",\"@id\":\"https:\/\/mx.motorad.com\/pl\/#website\",\"url\":\"https:\/\/mx.motorad.com\/pl\/\",\"name\":\"MotoRad\",\"description\":\"Trusted to Deliver Better - Thermal Management, Emissions, Powertrain Controls\",\"potentialAction\":[{\"@type\":\"SearchAction\",\"target\":{\"@type\":\"EntryPoint\",\"urlTemplate\":\"https:\/\/mx.motorad.com\/pl\/?s={search_term_string}\"},\"query-input\":{\"@type\":\"PropertyValueSpecification\",\"valueRequired\":true,\"valueName\":\"search_term_string\"}}],\"inLanguage\":\"pl-PL\"}]}<\/script>\n<!-- \/ Yoast SEO Premium plugin. -->","yoast_head_json":{"title":"CZUJNIKI PRZEP\u0141YWU POWIETRZA - MotoRad","description":"MotoRad - CZUJNIKI PRZEP\u0141YWU POWIETRZA","robots":{"index":"index","follow":"follow","max-snippet":"max-snippet:-1","max-image-preview":"max-image-preview:large","max-video-preview":"max-video-preview:-1"},"canonical":"https:\/\/mx.motorad.com\/pl\/produkty\/elementy-sterujace-ukladu-napedowego\/czujniki-przeplywu-powietrza\/","og_locale":"pl_PL","og_type":"article","og_title":"CZUJNIKI PRZEP\u0141YWU POWIETRZA","og_description":"MotoRad - CZUJNIKI PRZEP\u0141YWU POWIETRZA","og_url":"https:\/\/mx.motorad.com\/pl\/produkty\/elementy-sterujace-ukladu-napedowego\/czujniki-przeplywu-powietrza\/","og_site_name":"MotoRad","article_modified_time":"2025-06-13T12:46:22+00:00","og_image":[{"width":500,"height":500,"url":"https:\/\/mx.motorad.com\/wp-content\/uploads\/2025\/04\/3MF106_Angle.jpg","type":"image\/jpeg"}],"twitter_card":"summary_large_image","twitter_misc":{"Est. reading time":"1 minuta"},"schema":{"@context":"https:\/\/schema.org","@graph":[{"@type":"WebPage","@id":"https:\/\/mx.motorad.com\/pl\/produkty\/elementy-sterujace-ukladu-napedowego\/czujniki-przeplywu-powietrza\/","url":"https:\/\/mx.motorad.com\/pl\/produkty\/elementy-sterujace-ukladu-napedowego\/czujniki-przeplywu-powietrza\/","name":"CZUJNIKI PRZEP\u0141YWU POWIETRZA - MotoRad","isPartOf":{"@id":"https:\/\/mx.motorad.com\/pl\/#website"},"primaryImageOfPage":{"@id":"https:\/\/mx.motorad.com\/pl\/produkty\/elementy-sterujace-ukladu-napedowego\/czujniki-przeplywu-powietrza\/#primaryimage"},"image":{"@id":"https:\/\/mx.motorad.com\/pl\/produkty\/elementy-sterujace-ukladu-napedowego\/czujniki-przeplywu-powietrza\/#primaryimage"},"thumbnailUrl":"https:\/\/mx.motorad.com\/wp-content\/uploads\/2025\/04\/3MF106_Angle.jpg","datePublished":"2025-04-03T17:57:07+00:00","dateModified":"2025-06-13T12:46:22+00:00","description":"MotoRad - CZUJNIKI PRZEP\u0141YWU POWIETRZA","breadcrumb":{"@id":"https:\/\/mx.motorad.com\/pl\/produkty\/elementy-sterujace-ukladu-napedowego\/czujniki-przeplywu-powietrza\/#breadcrumb"},"inLanguage":"pl-PL","potentialAction":[{"@type":"ReadAction","target":["https:\/\/mx.motorad.com\/pl\/produkty\/elementy-sterujace-ukladu-napedowego\/czujniki-przeplywu-powietrza\/"]}]},{"@type":"ImageObject","inLanguage":"pl-PL","@id":"https:\/\/mx.motorad.com\/pl\/produkty\/elementy-sterujace-ukladu-napedowego\/czujniki-przeplywu-powietrza\/#primaryimage","url":"https:\/\/mx.motorad.com\/wp-content\/uploads\/2025\/04\/3MF106_Angle.jpg","contentUrl":"https:\/\/mx.motorad.com\/wp-content\/uploads\/2025\/04\/3MF106_Angle.jpg"},{"@type":"BreadcrumbList","@id":"https:\/\/mx.motorad.com\/pl\/produkty\/elementy-sterujace-ukladu-napedowego\/czujniki-przeplywu-powietrza\/#breadcrumb","itemListElement":[{"@type":"ListItem","position":1,"name":"Home","item":"https:\/\/mx.motorad.com\/pl\/"},{"@type":"ListItem","position":2,"name":"Produkty","item":"https:\/\/motoradnew.test\/pl\/produkty\/"},{"@type":"ListItem","position":3,"name":"Sterowanie uk\u0142adem nap\u0119dowym","item":"https:\/\/mx.motorad.com\/pl\/produkty\/elementy-sterujace-ukladu-napedowego\/"},{"@type":"ListItem","position":4,"name":"CZUJNIKI PRZEP\u0141YWU POWIETRZA"}]},{"@type":"WebSite","@id":"https:\/\/mx.motorad.com\/pl\/#website","url":"https:\/\/mx.motorad.com\/pl\/","name":"MotoRad","description":"Trusted to Deliver Better - Thermal Management, Emissions, Powertrain Controls","potentialAction":[{"@type":"SearchAction","target":{"@type":"EntryPoint","urlTemplate":"https:\/\/mx.motorad.com\/pl\/?s={search_term_string}"},"query-input":{"@type":"PropertyValueSpecification","valueRequired":true,"valueName":"search_term_string"}}],"inLanguage":"pl-PL"}]}},"_links":{"self":[{"href":"https:\/\/mx.motorad.com\/pl\/wp-json\/wp\/v2\/pages\/5640","targetHints":{"allow":["GET"]}}],"collection":[{"href":"https:\/\/mx.motorad.com\/pl\/wp-json\/wp\/v2\/pages"}],"about":[{"href":"https:\/\/mx.motorad.com\/pl\/wp-json\/wp\/v2\/types\/page"}],"author":[{"embeddable":true,"href":"https:\/\/mx.motorad.com\/pl\/wp-json\/wp\/v2\/users\/1"}],"replies":[{"embeddable":true,"href":"https:\/\/mx.motorad.com\/pl\/wp-json\/wp\/v2\/comments?post=5640"}],"version-history":[{"count":1,"href":"https:\/\/mx.motorad.com\/pl\/wp-json\/wp\/v2\/pages\/5640\/revisions"}],"predecessor-version":[{"id":5641,"href":"https:\/\/mx.motorad.com\/pl\/wp-json\/wp\/v2\/pages\/5640\/revisions\/5641"}],"up":[{"embeddable":true,"href":"https:\/\/mx.motorad.com\/pl\/wp-json\/wp\/v2\/pages\/5626"}],"wp:attachment":[{"href":"https:\/\/mx.motorad.com\/pl\/wp-json\/wp\/v2\/media?parent=5640"}],"curies":[{"name":"wp","href":"https:\/\/api.w.org\/{rel}","templated":true}]}}