{"id":5646,"date":"2025-04-03T18:36:18","date_gmt":"2025-04-03T18:36:18","guid":{"rendered":"https:\/\/mx.motorad.com\/def-caps\/"},"modified":"2025-06-13T12:46:26","modified_gmt":"2025-06-13T12:46:26","slug":"def-caps","status":"publish","type":"page","link":"https:\/\/mx.motorad.com\/pl\/produkty\/czapki\/def-caps\/","title":{"rendered":"DEF Caps"},"content":{"rendered":"\n<h1 class=\"wp-block-heading\" id=\"h-def-caps\" style=\"margin-top:var(--wp--preset--spacing--60);margin-bottom:var(--wp--preset--spacing--60)\">DEF Caps<\/h1>\n\n<p style=\"margin-bottom:var(--wp--preset--spacing--60)\">MotoRad oferuje obszerny katalog za\u015blepek DEF zaprojektowanych tak, aby spe\u0142nia\u0142y najwy\u017csze standardy jako\u015bci i wydajno\u015bci. Nasze za\u015blepki DEF s\u0105 kompatybilne z r\u00f3\u017cnymi modelami pojazd\u00f3w, zapewniaj\u0105c bezproblemow\u0105 integracj\u0119 z szerok\u0105 gam\u0105 pojazd\u00f3w. <\/p>\n\n<h2 class=\"wp-block-heading\" id=\"h-what-is-def\" style=\"margin-bottom:var(--wp--preset--spacing--40)\">Co to jest DEF<\/h2>\n\n<p style=\"margin-bottom:var(--wp--preset--spacing--60)\">Wlew p\u0142ynu DEF (Diesel Exhaust Fluid) w samochodzie ci\u0119\u017carowym jest kluczowym elementem, kt\u00f3ry odgrywa kluczow\u0105 rol\u0119 w nowoczesnej technologii silnik\u00f3w wysokopr\u0119\u017cnych. DEF to roztw\u00f3r sk\u0142adaj\u0105cy si\u0119 z mocznika i dejonizowanej wody, kt\u00f3ry jest wtryskiwany do strumienia spalin silnik\u00f3w wysokopr\u0119\u017cnych wyposa\u017conych w systemy selektywnej redukcji katalitycznej (SCR). Korek DEF jest punktem dost\u0119pu, przez kt\u00f3ry p\u0142yn ten jest dodawany do zbiornika DEF ci\u0119\u017car\u00f3wki. Podczas pracy silnika DEF jest wtryskiwany do spalin, zanim przejd\u0105 one przez katalizator SCR. W katalizatorze DEF reaguje z tlenkami azotu (NOx), grup\u0105 szkodliwych zanieczyszcze\u0144, przekszta\u0142caj\u0105c je w nieszkodliwy azot i par\u0119 wodn\u0105. Proces ten znacznie zmniejsza emisj\u0119 tlenk\u00f3w azotu (NOx), kt\u00f3re s\u0105 znanymi czynnikami przyczyniaj\u0105cymi si\u0119 do zanieczyszczenia powietrza i powstawania smogu. Prawid\u0142owe dzia\u0142anie korka DEF zapewnia, \u017ce emisje z ci\u0119\u017car\u00f3wki pozostaj\u0105 w granicach okre\u015blonych przepisami i przyczyniaj\u0105 si\u0119 do poprawy jako\u015bci powietrza i ochrony \u015brodowiska.      <\/p>\n\n<h2 class=\"wp-block-heading\" id=\"h-why-is-a-def-cap-important\" style=\"margin-bottom:var(--wp--preset--spacing--40)\">Dlaczego DEF Cap jest wa\u017cny?<\/h2>\n\n<p>Znaczenie DEF polega nie tylko na jego roli w redukcji emisji, ale tak\u017ce na utrzymaniu og\u00f3lnej wydajno\u015bci i osi\u0105g\u00f3w silnika ci\u0119\u017car\u00f3wki. Bez sprawnego uk\u0142adu DEF silniki wysokopr\u0119\u017cne mog\u0105 nie spe\u0142nia\u0107 rygorystycznych norm emisji okre\u015blonych przez agencje regulacyjne, co prowadzi do kar za nieprzestrzeganie przepis\u00f3w. Co wi\u0119cej, nieprawid\u0142owo dzia\u0142aj\u0105cy uk\u0142ad DEF mo\u017ce powodowa\u0107 za\u015bwiecenie si\u0119 lampek ostrzegawczych silnika, obni\u017cenie wydajno\u015bci paliwowej, a potencjalnie nawet przej\u015bcie silnika w tryb obni\u017conej mocy. Regularne sprawdzanie i prawid\u0142owe zabezpieczanie korka DEF jest niezb\u0119dne, aby zapobiec zanieczyszczeniu p\u0142ynu DEF, co mog\u0142oby wp\u0142yn\u0105\u0107 na jego skuteczno\u015b\u0107 i potencjalnie doprowadzi\u0107 do kosztownych napraw. W ten spos\u00f3b korek DEF s\u0142u\u017cy jako brama do czystszych emisji, lepszej wydajno\u015bci silnika i przestrzegania przepis\u00f3w \u015brodowiskowych dla ci\u0119\u017car\u00f3wek z silnikiem Diesla.    <\/p>\n\n<div class=\"wp-block-columns is-layout-flex wp-container-core-columns-is-layout-95393138 wp-block-columns-is-layout-flex\" style=\"margin-top:var(--wp--preset--spacing--60);margin-bottom:var(--wp--preset--spacing--60)\">\n<div class=\"wp-block-column is-layout-flow wp-block-column-is-layout-flow\">\n<figure class=\"wp-block-image size-full\"><img loading=\"lazy\" decoding=\"async\" width=\"500\" height=\"500\" src=\"https:\/\/mx.motorad.com\/wp-content\/uploads\/2025\/04\/DEF101_Angle.jpg\" alt=\"\" class=\"wp-image-4339\" srcset=\"https:\/\/mx.motorad.com\/wp-content\/uploads\/2025\/04\/DEF101_Angle.jpg 500w, https:\/\/mx.motorad.com\/wp-content\/uploads\/2025\/04\/DEF101_Angle-300x300.jpg 300w, https:\/\/mx.motorad.com\/wp-content\/uploads\/2025\/04\/DEF101_Angle-150x150.jpg 150w\" sizes=\"auto, (max-width: 500px) 100vw, 500px\" \/><\/figure>\n<\/div>\n\n\n\n<div class=\"wp-block-column is-layout-flow wp-block-column-is-layout-flow\">\n<figure class=\"wp-block-image size-full\"><img loading=\"lazy\" decoding=\"async\" width=\"500\" height=\"500\" src=\"https:\/\/mx.motorad.com\/wp-content\/uploads\/2025\/04\/DEF103_Angle-1.jpg\" alt=\"\" class=\"wp-image-4346\" srcset=\"https:\/\/mx.motorad.com\/wp-content\/uploads\/2025\/04\/DEF103_Angle-1.jpg 500w, https:\/\/mx.motorad.com\/wp-content\/uploads\/2025\/04\/DEF103_Angle-1-300x300.jpg 300w, https:\/\/mx.motorad.com\/wp-content\/uploads\/2025\/04\/DEF103_Angle-1-150x150.jpg 150w\" sizes=\"auto, (max-width: 500px) 100vw, 500px\" \/><\/figure>\n<\/div>\n\n\n\n<div class=\"wp-block-column is-layout-flow wp-block-column-is-layout-flow\">\n<figure class=\"wp-block-image size-full\"><img loading=\"lazy\" decoding=\"async\" width=\"500\" height=\"500\" src=\"https:\/\/mx.motorad.com\/wp-content\/uploads\/2025\/04\/DEF108_Angle.jpg\" alt=\"\" class=\"wp-image-4353\" srcset=\"https:\/\/mx.motorad.com\/wp-content\/uploads\/2025\/04\/DEF108_Angle.jpg 500w, https:\/\/mx.motorad.com\/wp-content\/uploads\/2025\/04\/DEF108_Angle-300x300.jpg 300w, https:\/\/mx.motorad.com\/wp-content\/uploads\/2025\/04\/DEF108_Angle-150x150.jpg 150w\" sizes=\"auto, (max-width: 500px) 100vw, 500px\" \/><\/figure>\n<\/div>\n<\/div>\n\n<p style=\"margin-bottom:var(--wp--preset--spacing--20)\"><strong>Jako\u015b\u0107 producenta:  <\/strong><\/p>\n\n<p style=\"margin-bottom:var(--wp--preset--spacing--20)\">MotoRad jest dumny z bycia wiod\u0105cym producentem cz\u0119\u015bci samochodowych, w tym za\u015blepek DEF. Dzi\u0119ki naszemu zaanga\u017cowaniu w doskona\u0142o\u015b\u0107 mo\u017cesz mie\u0107 pewno\u015b\u0107, \u017ce ka\u017cda za\u015blepka DEF jest wykonana z my\u015bl\u0105 o precyzji i trwa\u0142o\u015bci. <\/p>\n\n<p style=\"margin-bottom:var(--wp--preset--spacing--20)\"><strong>Kompatybilno\u015b\u0107 wymiany:  <\/strong><\/p>\n\n<p style=\"margin-bottom:var(--wp--preset--spacing--20)\">Nasze korki DEF s\u0105 zaprojektowane tak, aby by\u0142y kompatybilne z r\u00f3\u017cnymi markami i modelami pojazd\u00f3w, zapewniaj\u0105c wszechstronno\u015b\u0107 i \u0142atwo\u015b\u0107 instalacji. Niezale\u017cnie od tego, czy jeste\u015b mechanikiem, czy w\u0142a\u015bcicielem pojazdu, mo\u017cesz polega\u0107 na nasadkach DEF MotoRad, kt\u00f3re zapewniaj\u0105 bezproblemow\u0105 konserwacj\u0119. <\/p>\n\n<p style=\"margin-bottom:var(--wp--preset--spacing--20)\"><strong>Identyfikacja numeru cz\u0119\u015bci:  <\/strong><\/p>\n\n<p style=\"margin-bottom:var(--wp--preset--spacing--20)\">\u0141atwo zidentyfikuj w\u0142a\u015bciw\u0105 nasadk\u0119 DEF dla swojego pojazdu dzi\u0119ki naszemu systemowi numer\u00f3w cz\u0119\u015bci. Nasz katalog zawiera szczeg\u00f3\u0142owe informacje, kt\u00f3re pomog\u0105 Ci znale\u017a\u0107 idealne dopasowanie do konkretnych potrzeb. <\/p>\n\n<p style=\"margin-bottom:var(--wp--preset--spacing--20)\"><strong>Szeroki zasi\u0119g:  <\/strong><\/p>\n\n<p style=\"margin-bottom:var(--wp--preset--spacing--20)\">MotoRad oferuje filtry DEF o szerokim zasi\u0119gu, dzi\u0119ki czemu mo\u017cna znale\u017a\u0107 odpowiednie rozwi\u0105zanie dla praktycznie ka\u017cdego pojazdu. Od samochod\u00f3w osobowych po ci\u0119\u017ckie ci\u0119\u017car\u00f3wki. <\/p>\n\n<p style=\"margin-bottom:var(--wp--preset--spacing--20)\"><strong>Zaufany dostawca i partner biznesowy:  <\/strong><\/p>\n\n<p style=\"margin-bottom:var(--wp--preset--spacing--20)\">Wybieraj\u0105c MotoRad jako dostawc\u0119, zyskujesz zaufanego partnera biznesowego, kt\u00f3remu zale\u017cy na Twoim sukcesie. Naszym priorytetem jest zadowolenie klienta i d\u0105\u017cenie do przekraczania oczekiwa\u0144 w przypadku ka\u017cdego oferowanego przez nas produktu. <\/p>\n\n<p style=\"margin-bottom:var(--wp--preset--spacing--20)\"><strong>Zapewnienie jako\u015bci OEM:  <\/strong><\/p>\n\n<p style=\"margin-bottom:var(--wp--preset--spacing--20)\">Nasze korki DEF spe\u0142niaj\u0105 lub przewy\u017cszaj\u0105 specyfikacje OEM, gwarantuj\u0105c niezawodne dzia\u0142anie i d\u0142ug\u0105 \u017cywotno\u015b\u0107. Dzi\u0119ki MotoRad mo\u017cesz mie\u0107 pewno\u015b\u0107, \u017ce otrzymujesz jako\u015b\u0107 OEM w konkurencyjnej cenie. <\/p>\n\n<p style=\"margin-bottom:var(--wp--preset--spacing--20)\"><strong>Zalety nak\u0142adek MotoRad DEF Caps:<\/strong><\/p>\n\n<ol class=\"wp-block-list\">\n<li style=\"margin-bottom:var(--wp--preset--spacing--20)\">Precyzja wykonania: Ka\u017cda nasadka DEF jest precyzyjnie wykonana, aby zapewni\u0107 idealne dopasowanie i niezawodne dzia\u0142anie.<\/li>\n\n\n\n<li style=\"margin-bottom:var(--wp--preset--spacing--20)\">Trwa\u0142o\u015b\u0107: Zbudowane, aby wytrzyma\u0107 rygory codziennego u\u017cytkowania, nak\u0142adki MotoRad DEF zosta\u0142y zaprojektowane z my\u015bl\u0105 o trwa\u0142o\u015bci.<\/li>\n\n\n\n<li style=\"margin-bottom:var(--wp--preset--spacing--20)\">\u0141atwa instalacja: Dzi\u0119ki kompatybilno\u015bci wymiennej i jasnej identyfikacji numeru cz\u0119\u015bci, instalacja korka DEF MotoRad jest dziecinnie prosta.<\/li>\n\n\n\n<li style=\"margin-bottom:var(--wp--preset--spacing--20)\">Spok\u00f3j ducha: Zaufaj reputacji MotoRad w zakresie jako\u015bci i niezawodno\u015bci, popartej wieloletnim do\u015bwiadczeniem w bran\u017cy.<\/li>\n<\/ol>\n\n<p style=\"margin-top:var(--wp--preset--spacing--60);margin-right:0;margin-bottom:var(--wp--preset--spacing--60);margin-left:0\">Wybierz nasadki DEF MotoRad, aby uzyska\u0107 niezr\u00f3wnan\u0105 jako\u015b\u0107, kompatybilno\u015b\u0107 i niezawodno\u015b\u0107. Poczuj r\u00f3\u017cnic\u0119 dzi\u0119ki MotoRad jako zaufanemu partnerowi w zakresie rozwi\u0105za\u0144 motoryzacyjnych. <\/p>\n\n<div class=\"wp-block-buttons is-layout-flex wp-block-buttons-is-layout-flex\" style=\"margin-bottom:var(--wp--preset--spacing--70)\">\n<div class=\"wp-block-button\"><a class=\"wp-block-button__link wp-element-button\" href=\"https:\/\/mx.motorad.com\/products\/\">Znajd\u017a nasadk\u0119 DEF do swojego zastosowania<\/a><\/div>\n<\/div>\n","protected":false},"excerpt":{"rendered":"<p>DEF Caps MotoRad oferuje obszerny katalog za\u015blepek DEF zaprojektowanych tak, aby spe\u0142nia\u0142y najwy\u017csze standardy jako\u015bci i wydajno\u015bci. Nasze za\u015blepki DEF [&#8230;]<\/p>\n","protected":false},"author":1,"featured_media":0,"parent":5657,"menu_order":0,"comment_status":"closed","ping_status":"closed","template":"","meta":{"_acf_changed":false,"footnotes":""},"class_list":["post-5646","page","type-page","status-publish","hentry"],"acf":[],"yoast_head":"<!-- This site is optimized with the Yoast SEO Premium plugin v27.2 (Yoast SEO v27.2) - https:\/\/yoast.com\/product\/yoast-seo-premium-wordpress\/ -->\n<title>DEF Caps - MotoRad<\/title>\n<meta name=\"description\" content=\"MotoRad - DEF Caps\" \/>\n<meta name=\"robots\" content=\"index, follow, max-snippet:-1, max-image-preview:large, max-video-preview:-1\" \/>\n<link rel=\"canonical\" href=\"https:\/\/mx.motorad.com\/pl\/produkty\/czapki\/def-caps\/\" \/>\n<meta property=\"og:locale\" content=\"pl_PL\" \/>\n<meta property=\"og:type\" content=\"article\" \/>\n<meta property=\"og:title\" content=\"DEF Caps\" \/>\n<meta property=\"og:description\" content=\"MotoRad - DEF Caps\" \/>\n<meta property=\"og:url\" content=\"https:\/\/mx.motorad.com\/pl\/produkty\/czapki\/def-caps\/\" \/>\n<meta property=\"og:site_name\" content=\"MotoRad\" \/>\n<meta property=\"article:modified_time\" content=\"2025-06-13T12:46:26+00:00\" \/>\n<meta property=\"og:image\" content=\"https:\/\/mx.motorad.com\/wp-content\/uploads\/2025\/04\/DEF101_Angle.jpg\" \/>\n\t<meta property=\"og:image:width\" content=\"500\" \/>\n\t<meta property=\"og:image:height\" content=\"500\" \/>\n\t<meta property=\"og:image:type\" content=\"image\/jpeg\" \/>\n<meta name=\"twitter:card\" content=\"summary_large_image\" \/>\n<meta name=\"twitter:label1\" content=\"Est. reading time\" \/>\n\t<meta name=\"twitter:data1\" content=\"4 minuty\" \/>\n<script type=\"application\/ld+json\" class=\"yoast-schema-graph\">{\"@context\":\"https:\/\/schema.org\",\"@graph\":[{\"@type\":\"WebPage\",\"@id\":\"https:\/\/mx.motorad.com\/pl\/produkty\/czapki\/def-caps\/\",\"url\":\"https:\/\/mx.motorad.com\/pl\/produkty\/czapki\/def-caps\/\",\"name\":\"DEF Caps - MotoRad\",\"isPartOf\":{\"@id\":\"https:\/\/mx.motorad.com\/pl\/#website\"},\"primaryImageOfPage\":{\"@id\":\"https:\/\/mx.motorad.com\/pl\/produkty\/czapki\/def-caps\/#primaryimage\"},\"image\":{\"@id\":\"https:\/\/mx.motorad.com\/pl\/produkty\/czapki\/def-caps\/#primaryimage\"},\"thumbnailUrl\":\"https:\/\/mx.motorad.com\/wp-content\/uploads\/2025\/04\/DEF101_Angle.jpg\",\"datePublished\":\"2025-04-03T18:36:18+00:00\",\"dateModified\":\"2025-06-13T12:46:26+00:00\",\"description\":\"MotoRad - DEF Caps\",\"breadcrumb\":{\"@id\":\"https:\/\/mx.motorad.com\/pl\/produkty\/czapki\/def-caps\/#breadcrumb\"},\"inLanguage\":\"pl-PL\",\"potentialAction\":[{\"@type\":\"ReadAction\",\"target\":[\"https:\/\/mx.motorad.com\/pl\/produkty\/czapki\/def-caps\/\"]}]},{\"@type\":\"ImageObject\",\"inLanguage\":\"pl-PL\",\"@id\":\"https:\/\/mx.motorad.com\/pl\/produkty\/czapki\/def-caps\/#primaryimage\",\"url\":\"https:\/\/mx.motorad.com\/wp-content\/uploads\/2025\/04\/DEF101_Angle.jpg\",\"contentUrl\":\"https:\/\/mx.motorad.com\/wp-content\/uploads\/2025\/04\/DEF101_Angle.jpg\"},{\"@type\":\"BreadcrumbList\",\"@id\":\"https:\/\/mx.motorad.com\/pl\/produkty\/czapki\/def-caps\/#breadcrumb\",\"itemListElement\":[{\"@type\":\"ListItem\",\"position\":1,\"name\":\"Home\",\"item\":\"https:\/\/mx.motorad.com\/pl\/\"},{\"@type\":\"ListItem\",\"position\":2,\"name\":\"Produkty\",\"item\":\"https:\/\/motoradnew.test\/pl\/produkty\/\"},{\"@type\":\"ListItem\",\"position\":3,\"name\":\"Czapki\",\"item\":\"https:\/\/motoradnew.test\/pl\/produkty\/czapki\/\"},{\"@type\":\"ListItem\",\"position\":4,\"name\":\"DEF Caps\"}]},{\"@type\":\"WebSite\",\"@id\":\"https:\/\/mx.motorad.com\/pl\/#website\",\"url\":\"https:\/\/mx.motorad.com\/pl\/\",\"name\":\"MotoRad\",\"description\":\"Trusted to Deliver Better - Thermal Management, Emissions, Powertrain Controls\",\"potentialAction\":[{\"@type\":\"SearchAction\",\"target\":{\"@type\":\"EntryPoint\",\"urlTemplate\":\"https:\/\/mx.motorad.com\/pl\/?s={search_term_string}\"},\"query-input\":{\"@type\":\"PropertyValueSpecification\",\"valueRequired\":true,\"valueName\":\"search_term_string\"}}],\"inLanguage\":\"pl-PL\"}]}<\/script>\n<!-- \/ Yoast SEO Premium plugin. -->","yoast_head_json":{"title":"DEF Caps - MotoRad","description":"MotoRad - DEF Caps","robots":{"index":"index","follow":"follow","max-snippet":"max-snippet:-1","max-image-preview":"max-image-preview:large","max-video-preview":"max-video-preview:-1"},"canonical":"https:\/\/mx.motorad.com\/pl\/produkty\/czapki\/def-caps\/","og_locale":"pl_PL","og_type":"article","og_title":"DEF Caps","og_description":"MotoRad - DEF Caps","og_url":"https:\/\/mx.motorad.com\/pl\/produkty\/czapki\/def-caps\/","og_site_name":"MotoRad","article_modified_time":"2025-06-13T12:46:26+00:00","og_image":[{"width":500,"height":500,"url":"https:\/\/mx.motorad.com\/wp-content\/uploads\/2025\/04\/DEF101_Angle.jpg","type":"image\/jpeg"}],"twitter_card":"summary_large_image","twitter_misc":{"Est. reading time":"4 minuty"},"schema":{"@context":"https:\/\/schema.org","@graph":[{"@type":"WebPage","@id":"https:\/\/mx.motorad.com\/pl\/produkty\/czapki\/def-caps\/","url":"https:\/\/mx.motorad.com\/pl\/produkty\/czapki\/def-caps\/","name":"DEF Caps - MotoRad","isPartOf":{"@id":"https:\/\/mx.motorad.com\/pl\/#website"},"primaryImageOfPage":{"@id":"https:\/\/mx.motorad.com\/pl\/produkty\/czapki\/def-caps\/#primaryimage"},"image":{"@id":"https:\/\/mx.motorad.com\/pl\/produkty\/czapki\/def-caps\/#primaryimage"},"thumbnailUrl":"https:\/\/mx.motorad.com\/wp-content\/uploads\/2025\/04\/DEF101_Angle.jpg","datePublished":"2025-04-03T18:36:18+00:00","dateModified":"2025-06-13T12:46:26+00:00","description":"MotoRad - DEF Caps","breadcrumb":{"@id":"https:\/\/mx.motorad.com\/pl\/produkty\/czapki\/def-caps\/#breadcrumb"},"inLanguage":"pl-PL","potentialAction":[{"@type":"ReadAction","target":["https:\/\/mx.motorad.com\/pl\/produkty\/czapki\/def-caps\/"]}]},{"@type":"ImageObject","inLanguage":"pl-PL","@id":"https:\/\/mx.motorad.com\/pl\/produkty\/czapki\/def-caps\/#primaryimage","url":"https:\/\/mx.motorad.com\/wp-content\/uploads\/2025\/04\/DEF101_Angle.jpg","contentUrl":"https:\/\/mx.motorad.com\/wp-content\/uploads\/2025\/04\/DEF101_Angle.jpg"},{"@type":"BreadcrumbList","@id":"https:\/\/mx.motorad.com\/pl\/produkty\/czapki\/def-caps\/#breadcrumb","itemListElement":[{"@type":"ListItem","position":1,"name":"Home","item":"https:\/\/mx.motorad.com\/pl\/"},{"@type":"ListItem","position":2,"name":"Produkty","item":"https:\/\/motoradnew.test\/pl\/produkty\/"},{"@type":"ListItem","position":3,"name":"Czapki","item":"https:\/\/motoradnew.test\/pl\/produkty\/czapki\/"},{"@type":"ListItem","position":4,"name":"DEF Caps"}]},{"@type":"WebSite","@id":"https:\/\/mx.motorad.com\/pl\/#website","url":"https:\/\/mx.motorad.com\/pl\/","name":"MotoRad","description":"Trusted to Deliver Better - Thermal Management, Emissions, Powertrain Controls","potentialAction":[{"@type":"SearchAction","target":{"@type":"EntryPoint","urlTemplate":"https:\/\/mx.motorad.com\/pl\/?s={search_term_string}"},"query-input":{"@type":"PropertyValueSpecification","valueRequired":true,"valueName":"search_term_string"}}],"inLanguage":"pl-PL"}]}},"_links":{"self":[{"href":"https:\/\/mx.motorad.com\/pl\/wp-json\/wp\/v2\/pages\/5646","targetHints":{"allow":["GET"]}}],"collection":[{"href":"https:\/\/mx.motorad.com\/pl\/wp-json\/wp\/v2\/pages"}],"about":[{"href":"https:\/\/mx.motorad.com\/pl\/wp-json\/wp\/v2\/types\/page"}],"author":[{"embeddable":true,"href":"https:\/\/mx.motorad.com\/pl\/wp-json\/wp\/v2\/users\/1"}],"replies":[{"embeddable":true,"href":"https:\/\/mx.motorad.com\/pl\/wp-json\/wp\/v2\/comments?post=5646"}],"version-history":[{"count":1,"href":"https:\/\/mx.motorad.com\/pl\/wp-json\/wp\/v2\/pages\/5646\/revisions"}],"predecessor-version":[{"id":5648,"href":"https:\/\/mx.motorad.com\/pl\/wp-json\/wp\/v2\/pages\/5646\/revisions\/5648"}],"up":[{"embeddable":true,"href":"https:\/\/mx.motorad.com\/pl\/wp-json\/wp\/v2\/pages\/5657"}],"wp:attachment":[{"href":"https:\/\/mx.motorad.com\/pl\/wp-json\/wp\/v2\/media?parent=5646"}],"curies":[{"name":"wp","href":"https:\/\/api.w.org\/{rel}","templated":true}]}}