{"id":5650,"date":"2025-04-03T18:39:39","date_gmt":"2025-04-03T18:39:39","guid":{"rendered":"https:\/\/mx.motorad.com\/korki-wlewu-paliwa\/"},"modified":"2025-06-13T12:46:26","modified_gmt":"2025-06-13T12:46:26","slug":"korki-wlewu-paliwa","status":"publish","type":"page","link":"https:\/\/mx.motorad.com\/pl\/produkty\/czapki\/korki-wlewu-paliwa\/","title":{"rendered":"Korki wlewu paliwa"},"content":{"rendered":"\n<h1 class=\"wp-block-heading\" id=\"h-fuel-caps\" style=\"margin-top:var(--wp--preset--spacing--60);margin-right:0;margin-bottom:var(--wp--preset--spacing--60);margin-left:0\">KORKI PALIWA<\/h1>\n\n<p style=\"margin-bottom:var(--wp--preset--spacing--30)\">Korki wlewu paliwa s\u0105 ma\u0142e, ale kluczowe i stanowi\u0105 integraln\u0105 cz\u0119\u015b\u0107 pok\u0142adowego systemu diagnostycznego i systemu kontroli emisji spalin.<\/p>\n\n<p>Zapobiegaj\u0105 one wyciekowi opar\u00f3w paliwa z szyjki wlewu, co jest g\u0142\u00f3wnym \u017ar\u00f3d\u0142em emisji w\u0119glowodor\u00f3w, i odgrywaj\u0105 wa\u017cn\u0105 rol\u0119 w bezpiecze\u0144stwie, zapobiegaj\u0105c wyp\u0142ywowi paliwa z szyjki wlewu zbiornika, gdy samoch\u00f3d ulega wypadkowi, w tym przewr\u00f3ceniu si\u0119.<\/p>\n\n<div class=\"wp-block-columns is-layout-flex wp-container-core-columns-is-layout-2d5df727 wp-block-columns-is-layout-flex\" style=\"margin-top:var(--wp--preset--spacing--60);margin-bottom:var(--wp--preset--spacing--60)\">\n<div class=\"wp-block-column is-layout-flow wp-block-column-is-layout-flow\">\n<figure class=\"wp-block-image size-full\"><img loading=\"lazy\" decoding=\"async\" width=\"500\" height=\"500\" src=\"https:\/\/mx.motorad.com\/wp-content\/uploads\/2025\/04\/MGC502_Angle.jpg\" alt=\"\" class=\"wp-image-4373\" srcset=\"https:\/\/mx.motorad.com\/wp-content\/uploads\/2025\/04\/MGC502_Angle.jpg 500w, https:\/\/mx.motorad.com\/wp-content\/uploads\/2025\/04\/MGC502_Angle-300x300.jpg 300w, https:\/\/mx.motorad.com\/wp-content\/uploads\/2025\/04\/MGC502_Angle-150x150.jpg 150w\" sizes=\"auto, (max-width: 500px) 100vw, 500px\" \/><\/figure>\n<\/div>\n\n\n\n<div class=\"wp-block-column is-layout-flow wp-block-column-is-layout-flow\">\n<figure class=\"wp-block-image size-full\"><img loading=\"lazy\" decoding=\"async\" width=\"500\" height=\"500\" src=\"https:\/\/mx.motorad.com\/wp-content\/uploads\/2025\/04\/MGC619_Angle-1.jpg\" alt=\"\" class=\"wp-image-4380\" srcset=\"https:\/\/mx.motorad.com\/wp-content\/uploads\/2025\/04\/MGC619_Angle-1.jpg 500w, https:\/\/mx.motorad.com\/wp-content\/uploads\/2025\/04\/MGC619_Angle-1-300x300.jpg 300w, https:\/\/mx.motorad.com\/wp-content\/uploads\/2025\/04\/MGC619_Angle-1-150x150.jpg 150w\" sizes=\"auto, (max-width: 500px) 100vw, 500px\" \/><\/figure>\n<\/div>\n\n\n\n<div class=\"wp-block-column is-layout-flow wp-block-column-is-layout-flow\">\n<figure class=\"wp-block-image size-full\"><img loading=\"lazy\" decoding=\"async\" width=\"500\" height=\"500\" src=\"https:\/\/mx.motorad.com\/wp-content\/uploads\/2025\/04\/2501-11_Angle.jpg\" alt=\"\" class=\"wp-image-4366\" srcset=\"https:\/\/mx.motorad.com\/wp-content\/uploads\/2025\/04\/2501-11_Angle.jpg 500w, https:\/\/mx.motorad.com\/wp-content\/uploads\/2025\/04\/2501-11_Angle-300x300.jpg 300w, https:\/\/mx.motorad.com\/wp-content\/uploads\/2025\/04\/2501-11_Angle-150x150.jpg 150w\" sizes=\"auto, (max-width: 500px) 100vw, 500px\" \/><\/figure>\n<\/div>\n\n\n\n<div class=\"wp-block-column is-layout-flow wp-block-column-is-layout-flow\">\n<figure class=\"wp-block-image size-full\"><img loading=\"lazy\" decoding=\"async\" width=\"500\" height=\"500\" src=\"https:\/\/mx.motorad.com\/wp-content\/uploads\/2025\/04\/MGC704_Angle.jpg\" alt=\"\" class=\"wp-image-4387\" srcset=\"https:\/\/mx.motorad.com\/wp-content\/uploads\/2025\/04\/MGC704_Angle.jpg 500w, https:\/\/mx.motorad.com\/wp-content\/uploads\/2025\/04\/MGC704_Angle-300x300.jpg 300w, https:\/\/mx.motorad.com\/wp-content\/uploads\/2025\/04\/MGC704_Angle-150x150.jpg 150w\" sizes=\"auto, (max-width: 500px) 100vw, 500px\" \/><\/figure>\n<\/div>\n\n\n\n<div class=\"wp-block-column is-layout-flow wp-block-column-is-layout-flow\">\n<figure class=\"wp-block-image size-full\"><img loading=\"lazy\" decoding=\"async\" width=\"500\" height=\"500\" src=\"https:\/\/mx.motorad.com\/wp-content\/uploads\/2025\/04\/MGC815_Angle.jpg\" alt=\"\" class=\"wp-image-4394\" srcset=\"https:\/\/mx.motorad.com\/wp-content\/uploads\/2025\/04\/MGC815_Angle.jpg 500w, https:\/\/mx.motorad.com\/wp-content\/uploads\/2025\/04\/MGC815_Angle-300x300.jpg 300w, https:\/\/mx.motorad.com\/wp-content\/uploads\/2025\/04\/MGC815_Angle-150x150.jpg 150w\" sizes=\"auto, (max-width: 500px) 100vw, 500px\" \/><\/figure>\n<\/div>\n<\/div>\n\n<p style=\"margin-bottom:var(--wp--preset--spacing--20)\">Badania pokazuj\u0105, \u017ce uszkodzony lub brakuj\u0105cy korek wlewu paliwa mo\u017ce pozwoli\u0107 na wyparowanie do atmosfery do 114 litr\u00f3w (30 galon\u00f3w) paliwa rocznie. Z tych wszystkich powod\u00f3w stosowanie sprawdzonego, wysokiej jako\u015bci korka wlewu paliwa ma kluczowe znaczenie dla bezpiecze\u0144stwa, oszcz\u0119dno\u015bci paliwa i ochrony \u015brodowiska. <\/p>\n\n<p style=\"margin-bottom:var(--wp--preset--spacing--20)\">Korki wlewu paliwa MotoRad zosta\u0142y zaprojektowane i wyprodukowane, aby zapobiec takiej utracie paliwa. Wszystkie korki paliwa MotoRad spe\u0142niaj\u0105 wszystkie wymagania federalne (MVSS301) i I\/M 240. <\/p>\n\n<p style=\"margin-bottom:var(--wp--preset--spacing--20)\"><strong>Standardowe korki wlewu paliwa<\/strong><\/p>\n\n<p style=\"margin-bottom:var(--wp--preset--spacing--20)\">Standardowe korki paliwa MotoRad spe\u0142niaj\u0105 wszystkie stanowe i federalne wymogi dotycz\u0105ce emisji spalin. Korki s\u0105 specjalnie zaprojektowane z zaworami nadmiarowymi ci\u015bnienia i podci\u015bnienia, aby zapobiec parowaniu paliwa. <\/p>\n\n<p style=\"margin-bottom:var(--wp--preset--spacing--20)\"><strong>Korek wlewu paliwa z blokad\u0105<\/strong><\/p>\n\n<p style=\"margin-bottom:var(--wp--preset--spacing--20)\">Korek paliwa MotoRad z blokad\u0105 mo\u017ce dzia\u0142a\u0107 jako korek z blokad\u0105 lub bez blokady. Po przekr\u0119ceniu kluczyka w lewo i wyj\u0119ciu, korek jest odblokowany i nie obraca si\u0119 ju\u017c swobodnie. Korek spe\u0142nia wszystkie specyfikacje emisji zar\u00f3wno w pozycji zablokowanej, jak i odblokowanej.  <\/p>\n\n<p style=\"margin-bottom:var(--wp--preset--spacing--20)\"><strong>Udowodnione wysokie bezpiecze\u0144stwo i \u0142atwo\u015b\u0107 u\u017cytkowania<\/strong><\/p>\n\n<p style=\"margin-bottom:var(--wp--preset--spacing--20)\">MotoRad oferuje ponad 60 r\u00f3\u017cnych rodzaj\u00f3w kork\u00f3w paliwa i ponad 50 rodzaj\u00f3w zamykanych kork\u00f3w paliwa, wszystkie zaprojektowane i wyprodukowane w celu zminimalizowania utraty opar\u00f3w paliwa przy jednoczesnej maksymalizacji bezpiecze\u0144stwa i \u0142atwo\u015bci u\u017cytkowania<\/p>\n\n<p style=\"margin-bottom:var(--wp--preset--spacing--20)\"><strong>Niezamykane i zamykane korki wlewu paliwa<\/strong><\/p>\n\n<p style=\"margin-bottom:var(--wp--preset--spacing--60)\">Korki paliwa MotoRad zosta\u0142y zaprojektowane i wyprodukowane, aby zapobiega\u0107 utracie paliwa g\u0142\u00f3wnie przez parowanie. Dodatkowo, korki MotoRad bez blokady i z blokad\u0105 s\u0105 zaprojektowane tak, aby by\u0142y \u0142atwe do otwierania i zamykania przez wszystkich kierowc\u00f3w, w tym osoby o mniejszych d\u0142oniach. Zamykane korki paliwa s\u0105 zalecane, aby zapobiec kradzie\u017cy paliwa i aktom wandalizmu.<br\/>Wszystkie korki paliwa MotoRad s\u0105 wyposa\u017cone w odpowietrzanie zgodne ze standardami bran\u017cowymi, zintegrowany system zapadkowy zapewniaj\u0105cy pewne zamkni\u0119cie i eliminacj\u0119 nadmiernego momentu obrotowego korka oraz opcjonalny mechanizm blokuj\u0105cy. Wszystkie korki paliwa MotoRad spe\u0142niaj\u0105 lub przekraczaj\u0105 standardowe wymagania bran\u017cy motoryzacyjnej. Spe\u0142niaj\u0105 wszystkie normy kontroli emisji, w tym IM240 i AIR CARE, i zosta\u0142y niezale\u017cnie przetestowane pod k\u0105tem skuteczno\u015bci kontroli emisji. Testy integralno\u015bci korka symuluj\u0105ce zderzenie z pr\u0119dko\u015bci\u0105 90 km\/h (56 mph), test ko\u0144c\u00f3wki i test odpowietrznika dowodz\u0105, \u017ce s\u0105 one w stanie pozosta\u0107 szczelne po zderzeniu bocznym.     <\/p>\n\n<div class=\"wp-block-buttons is-layout-flex wp-block-buttons-is-layout-flex\" style=\"margin-bottom:var(--wp--preset--spacing--70)\">\n<div class=\"wp-block-button\"><a class=\"wp-block-button__link wp-element-button\" href=\"https:\/\/mx.motorad.com\/products\/\">Znajd\u017a korki wlewu paliwa do swojego zastosowania<\/a><\/div>\n<\/div>\n\n<div class=\"wp-block-cover alignfull is-light\" style=\"padding-top:var(--wp--preset--spacing--60);padding-bottom:var(--wp--preset--spacing--60)\"><span aria-hidden=\"true\" class=\"wp-block-cover__background has-background-dim-0 has-background-dim\" style=\"background-color:#ece5d9\"><\/span><img loading=\"lazy\" decoding=\"async\" width=\"1505\" height=\"305\" class=\"wp-block-cover__image-background wp-image-223\" alt=\"\" src=\"https:\/\/mx.motorad.com\/wp-content\/uploads\/2025\/03\/FooterCTA.jpg\" data-object-fit=\"cover\" srcset=\"https:\/\/mx.motorad.com\/wp-content\/uploads\/2025\/03\/FooterCTA.jpg 1505w, https:\/\/mx.motorad.com\/wp-content\/uploads\/2025\/03\/FooterCTA-300x61.jpg 300w, https:\/\/mx.motorad.com\/wp-content\/uploads\/2025\/03\/FooterCTA-1024x208.jpg 1024w, https:\/\/mx.motorad.com\/wp-content\/uploads\/2025\/03\/FooterCTA-768x156.jpg 768w\" sizes=\"auto, (max-width: 1505px) 100vw, 1505px\" \/><div class=\"wp-block-cover__inner-container is-layout-flow wp-block-cover-is-layout-flow\">\n<div class=\"wp-block-columns are-vertically-aligned-center is-layout-flex wp-container-core-columns-is-layout-cbe57604 wp-block-columns-is-layout-flex\">\n<div class=\"wp-block-column is-vertically-aligned-center is-layout-flow wp-block-column-is-layout-flow\" style=\"flex-basis:45%\">\n<h2 class=\"wp-block-heading has-text-align-center has-palette-text-color has-text-color\" id=\"h-need-help-finding-the-right-product\" style=\"margin-bottom:var(--wp--preset--spacing--40)\">Potrzebujesz pomocy w znalezieniu odpowiedniego produktu?<\/h2>\n\n\n\n<p class=\"has-text-align-center has-palette-text-color has-text-color\" style=\"margin-bottom:var(--wp--preset--spacing--50)\">Nasz oddany zesp\u00f3\u0142 jest tutaj, aby poprowadzi\u0107 Ci\u0119 we w\u0142a\u015bciwym kierunku. Kliknij poni\u017cej i daj nam zna\u0107, jak mo\u017cemy Ci pom\u00f3c w znalezieniu idealnego produktu dla Twoich potrzeb. Twoja podr\u00f3\u017c do do\u015bwiadczania BETTER zaczyna si\u0119 tutaj.  <\/p>\n\n\n\n<div class=\"wp-block-buttons is-content-justification-center is-layout-flex wp-container-core-buttons-is-layout-a89b3969 wp-block-buttons-is-layout-flex\">\n<div class=\"wp-block-button\"><a class=\"wp-block-button__link has-text-align-center wp-element-button\" href=\"https:\/\/mx.motorad.com\/contact\/need-help-finding-something\/\">Porozmawiaj ze specjalist\u0105 MotoRad<\/a><\/div>\n<\/div>\n<\/div>\n\n\n\n<div class=\"wp-block-column is-layout-flow wp-block-column-is-layout-flow\" style=\"flex-basis:10%\"><\/div>\n\n\n\n<div class=\"wp-block-column is-layout-flow wp-block-column-is-layout-flow\" style=\"flex-basis:45%\">\n<h2 class=\"wp-block-heading has-text-align-center has-palette-text-color has-text-color\" id=\"h-looking-for-custom-development\" style=\"margin-bottom:var(--wp--preset--spacing--40)\">Szukasz niestandardowego oprogramowania?<\/h2>\n\n\n\n<p class=\"has-text-align-center has-palette-text-color has-text-color\" style=\"margin-bottom:var(--wp--preset--spacing--50)\">Nie chodzi nam tylko o produkty; tworzymy rozwi\u0105zania dostosowane do Twoich potrzeb. Czy jeste\u015b gotowy, aby o\u017cywi\u0107 sw\u00f3j nowy projekt? Kliknij poni\u017cej i wyruszmy razem w podr\u00f3\u017c tworzenia niestandardowych produkt\u00f3w.  <\/p>\n\n\n\n<div class=\"wp-block-buttons is-content-justification-center is-layout-flex wp-container-core-buttons-is-layout-a89b3969 wp-block-buttons-is-layout-flex\">\n<div class=\"wp-block-button is-style-fill\"><a class=\"wp-block-button__link has-palette-bg-color has-palette-text-background-color has-text-color has-background has-text-align-center wp-element-button\" href=\"https:\/\/mx.motorad.com\/contact\/do-you-need-custom-development\/\">Chcemy by\u0107 Twoim dostawc\u0105<\/a><\/div>\n<\/div>\n<\/div>\n<\/div>\n<\/div><\/div>\n","protected":false},"excerpt":{"rendered":"<p>KORKI PALIWA Korki wlewu paliwa s\u0105 ma\u0142e, ale kluczowe i stanowi\u0105 integraln\u0105 cz\u0119\u015b\u0107 pok\u0142adowego systemu diagnostycznego i systemu kontroli emisji [&#8230;]<\/p>\n","protected":false},"author":1,"featured_media":0,"parent":5657,"menu_order":0,"comment_status":"closed","ping_status":"closed","template":"","meta":{"_acf_changed":false,"footnotes":""},"class_list":["post-5650","page","type-page","status-publish","hentry"],"acf":[],"yoast_head":"<!-- This site is optimized with the Yoast SEO Premium plugin v27.2 (Yoast SEO v27.2) - https:\/\/yoast.com\/product\/yoast-seo-premium-wordpress\/ -->\n<title>Korki wlewu paliwa - MotoRad<\/title>\n<meta name=\"description\" content=\"Zapoznaj si\u0119 z naszym obszernym katalogiem kork\u00f3w wlewu paliwa w Motorad. Znajd\u017a idealny zamiennik z \u0142atwo\u015bci\u0105, korzystaj\u0105c z naszej funkcji wymiany numer\u00f3w cz\u0119\u015bci.\" \/>\n<meta name=\"robots\" content=\"index, follow, max-snippet:-1, max-image-preview:large, max-video-preview:-1\" \/>\n<link rel=\"canonical\" href=\"https:\/\/mx.motorad.com\/pl\/produkty\/czapki\/korki-wlewu-paliwa\/\" \/>\n<meta property=\"og:locale\" content=\"pl_PL\" \/>\n<meta property=\"og:type\" content=\"article\" \/>\n<meta property=\"og:title\" content=\"Korki wlewu paliwa\" \/>\n<meta property=\"og:description\" content=\"Zapoznaj si\u0119 z naszym obszernym katalogiem kork\u00f3w wlewu paliwa w Motorad. Znajd\u017a idealny zamiennik z \u0142atwo\u015bci\u0105, korzystaj\u0105c z naszej funkcji wymiany numer\u00f3w cz\u0119\u015bci.\" \/>\n<meta property=\"og:url\" content=\"https:\/\/mx.motorad.com\/pl\/produkty\/czapki\/korki-wlewu-paliwa\/\" \/>\n<meta property=\"og:site_name\" content=\"MotoRad\" \/>\n<meta property=\"article:modified_time\" content=\"2025-06-13T12:46:26+00:00\" \/>\n<meta property=\"og:image\" content=\"https:\/\/mx.motorad.com\/wp-content\/uploads\/2025\/04\/MGC502_Angle.jpg\" \/>\n\t<meta property=\"og:image:width\" content=\"500\" \/>\n\t<meta property=\"og:image:height\" content=\"500\" \/>\n\t<meta property=\"og:image:type\" content=\"image\/jpeg\" \/>\n<meta name=\"twitter:card\" content=\"summary_large_image\" \/>\n<meta name=\"twitter:label1\" content=\"Est. reading time\" \/>\n\t<meta name=\"twitter:data1\" content=\"2 minuty\" \/>\n<script type=\"application\/ld+json\" class=\"yoast-schema-graph\">{\"@context\":\"https:\/\/schema.org\",\"@graph\":[{\"@type\":\"WebPage\",\"@id\":\"https:\/\/mx.motorad.com\/pl\/produkty\/czapki\/korki-wlewu-paliwa\/\",\"url\":\"https:\/\/mx.motorad.com\/pl\/produkty\/czapki\/korki-wlewu-paliwa\/\",\"name\":\"Korki wlewu paliwa - MotoRad\",\"isPartOf\":{\"@id\":\"https:\/\/mx.motorad.com\/pl\/#website\"},\"primaryImageOfPage\":{\"@id\":\"https:\/\/mx.motorad.com\/pl\/produkty\/czapki\/korki-wlewu-paliwa\/#primaryimage\"},\"image\":{\"@id\":\"https:\/\/mx.motorad.com\/pl\/produkty\/czapki\/korki-wlewu-paliwa\/#primaryimage\"},\"thumbnailUrl\":\"https:\/\/mx.motorad.com\/wp-content\/uploads\/2025\/04\/MGC502_Angle.jpg\",\"datePublished\":\"2025-04-03T18:39:39+00:00\",\"dateModified\":\"2025-06-13T12:46:26+00:00\",\"description\":\"Zapoznaj si\u0119 z naszym obszernym katalogiem kork\u00f3w wlewu paliwa w Motorad. Znajd\u017a idealny zamiennik z \u0142atwo\u015bci\u0105, korzystaj\u0105c z naszej funkcji wymiany numer\u00f3w cz\u0119\u015bci.\",\"breadcrumb\":{\"@id\":\"https:\/\/mx.motorad.com\/pl\/produkty\/czapki\/korki-wlewu-paliwa\/#breadcrumb\"},\"inLanguage\":\"pl-PL\",\"potentialAction\":[{\"@type\":\"ReadAction\",\"target\":[\"https:\/\/mx.motorad.com\/pl\/produkty\/czapki\/korki-wlewu-paliwa\/\"]}]},{\"@type\":\"ImageObject\",\"inLanguage\":\"pl-PL\",\"@id\":\"https:\/\/mx.motorad.com\/pl\/produkty\/czapki\/korki-wlewu-paliwa\/#primaryimage\",\"url\":\"https:\/\/mx.motorad.com\/wp-content\/uploads\/2025\/04\/MGC502_Angle.jpg\",\"contentUrl\":\"https:\/\/mx.motorad.com\/wp-content\/uploads\/2025\/04\/MGC502_Angle.jpg\"},{\"@type\":\"BreadcrumbList\",\"@id\":\"https:\/\/mx.motorad.com\/pl\/produkty\/czapki\/korki-wlewu-paliwa\/#breadcrumb\",\"itemListElement\":[{\"@type\":\"ListItem\",\"position\":1,\"name\":\"Home\",\"item\":\"https:\/\/mx.motorad.com\/pl\/\"},{\"@type\":\"ListItem\",\"position\":2,\"name\":\"Produkty\",\"item\":\"https:\/\/motoradnew.test\/pl\/produkty\/\"},{\"@type\":\"ListItem\",\"position\":3,\"name\":\"Czapki\",\"item\":\"https:\/\/motoradnew.test\/pl\/produkty\/czapki\/\"},{\"@type\":\"ListItem\",\"position\":4,\"name\":\"Korki wlewu paliwa\"}]},{\"@type\":\"WebSite\",\"@id\":\"https:\/\/mx.motorad.com\/pl\/#website\",\"url\":\"https:\/\/mx.motorad.com\/pl\/\",\"name\":\"MotoRad\",\"description\":\"Trusted to Deliver Better - Thermal Management, Emissions, Powertrain Controls\",\"potentialAction\":[{\"@type\":\"SearchAction\",\"target\":{\"@type\":\"EntryPoint\",\"urlTemplate\":\"https:\/\/mx.motorad.com\/pl\/?s={search_term_string}\"},\"query-input\":{\"@type\":\"PropertyValueSpecification\",\"valueRequired\":true,\"valueName\":\"search_term_string\"}}],\"inLanguage\":\"pl-PL\"}]}<\/script>\n<!-- \/ Yoast SEO Premium plugin. -->","yoast_head_json":{"title":"Korki wlewu paliwa - MotoRad","description":"Zapoznaj si\u0119 z naszym obszernym katalogiem kork\u00f3w wlewu paliwa w Motorad. Znajd\u017a idealny zamiennik z \u0142atwo\u015bci\u0105, korzystaj\u0105c z naszej funkcji wymiany numer\u00f3w cz\u0119\u015bci.","robots":{"index":"index","follow":"follow","max-snippet":"max-snippet:-1","max-image-preview":"max-image-preview:large","max-video-preview":"max-video-preview:-1"},"canonical":"https:\/\/mx.motorad.com\/pl\/produkty\/czapki\/korki-wlewu-paliwa\/","og_locale":"pl_PL","og_type":"article","og_title":"Korki wlewu paliwa","og_description":"Zapoznaj si\u0119 z naszym obszernym katalogiem kork\u00f3w wlewu paliwa w Motorad. Znajd\u017a idealny zamiennik z \u0142atwo\u015bci\u0105, korzystaj\u0105c z naszej funkcji wymiany numer\u00f3w cz\u0119\u015bci.","og_url":"https:\/\/mx.motorad.com\/pl\/produkty\/czapki\/korki-wlewu-paliwa\/","og_site_name":"MotoRad","article_modified_time":"2025-06-13T12:46:26+00:00","og_image":[{"width":500,"height":500,"url":"https:\/\/mx.motorad.com\/wp-content\/uploads\/2025\/04\/MGC502_Angle.jpg","type":"image\/jpeg"}],"twitter_card":"summary_large_image","twitter_misc":{"Est. reading time":"2 minuty"},"schema":{"@context":"https:\/\/schema.org","@graph":[{"@type":"WebPage","@id":"https:\/\/mx.motorad.com\/pl\/produkty\/czapki\/korki-wlewu-paliwa\/","url":"https:\/\/mx.motorad.com\/pl\/produkty\/czapki\/korki-wlewu-paliwa\/","name":"Korki wlewu paliwa - MotoRad","isPartOf":{"@id":"https:\/\/mx.motorad.com\/pl\/#website"},"primaryImageOfPage":{"@id":"https:\/\/mx.motorad.com\/pl\/produkty\/czapki\/korki-wlewu-paliwa\/#primaryimage"},"image":{"@id":"https:\/\/mx.motorad.com\/pl\/produkty\/czapki\/korki-wlewu-paliwa\/#primaryimage"},"thumbnailUrl":"https:\/\/mx.motorad.com\/wp-content\/uploads\/2025\/04\/MGC502_Angle.jpg","datePublished":"2025-04-03T18:39:39+00:00","dateModified":"2025-06-13T12:46:26+00:00","description":"Zapoznaj si\u0119 z naszym obszernym katalogiem kork\u00f3w wlewu paliwa w Motorad. Znajd\u017a idealny zamiennik z \u0142atwo\u015bci\u0105, korzystaj\u0105c z naszej funkcji wymiany numer\u00f3w cz\u0119\u015bci.","breadcrumb":{"@id":"https:\/\/mx.motorad.com\/pl\/produkty\/czapki\/korki-wlewu-paliwa\/#breadcrumb"},"inLanguage":"pl-PL","potentialAction":[{"@type":"ReadAction","target":["https:\/\/mx.motorad.com\/pl\/produkty\/czapki\/korki-wlewu-paliwa\/"]}]},{"@type":"ImageObject","inLanguage":"pl-PL","@id":"https:\/\/mx.motorad.com\/pl\/produkty\/czapki\/korki-wlewu-paliwa\/#primaryimage","url":"https:\/\/mx.motorad.com\/wp-content\/uploads\/2025\/04\/MGC502_Angle.jpg","contentUrl":"https:\/\/mx.motorad.com\/wp-content\/uploads\/2025\/04\/MGC502_Angle.jpg"},{"@type":"BreadcrumbList","@id":"https:\/\/mx.motorad.com\/pl\/produkty\/czapki\/korki-wlewu-paliwa\/#breadcrumb","itemListElement":[{"@type":"ListItem","position":1,"name":"Home","item":"https:\/\/mx.motorad.com\/pl\/"},{"@type":"ListItem","position":2,"name":"Produkty","item":"https:\/\/motoradnew.test\/pl\/produkty\/"},{"@type":"ListItem","position":3,"name":"Czapki","item":"https:\/\/motoradnew.test\/pl\/produkty\/czapki\/"},{"@type":"ListItem","position":4,"name":"Korki wlewu paliwa"}]},{"@type":"WebSite","@id":"https:\/\/mx.motorad.com\/pl\/#website","url":"https:\/\/mx.motorad.com\/pl\/","name":"MotoRad","description":"Trusted to Deliver Better - Thermal Management, Emissions, Powertrain Controls","potentialAction":[{"@type":"SearchAction","target":{"@type":"EntryPoint","urlTemplate":"https:\/\/mx.motorad.com\/pl\/?s={search_term_string}"},"query-input":{"@type":"PropertyValueSpecification","valueRequired":true,"valueName":"search_term_string"}}],"inLanguage":"pl-PL"}]}},"_links":{"self":[{"href":"https:\/\/mx.motorad.com\/pl\/wp-json\/wp\/v2\/pages\/5650","targetHints":{"allow":["GET"]}}],"collection":[{"href":"https:\/\/mx.motorad.com\/pl\/wp-json\/wp\/v2\/pages"}],"about":[{"href":"https:\/\/mx.motorad.com\/pl\/wp-json\/wp\/v2\/types\/page"}],"author":[{"embeddable":true,"href":"https:\/\/mx.motorad.com\/pl\/wp-json\/wp\/v2\/users\/1"}],"replies":[{"embeddable":true,"href":"https:\/\/mx.motorad.com\/pl\/wp-json\/wp\/v2\/comments?post=5650"}],"version-history":[{"count":1,"href":"https:\/\/mx.motorad.com\/pl\/wp-json\/wp\/v2\/pages\/5650\/revisions"}],"predecessor-version":[{"id":5652,"href":"https:\/\/mx.motorad.com\/pl\/wp-json\/wp\/v2\/pages\/5650\/revisions\/5652"}],"up":[{"embeddable":true,"href":"https:\/\/mx.motorad.com\/pl\/wp-json\/wp\/v2\/pages\/5657"}],"wp:attachment":[{"href":"https:\/\/mx.motorad.com\/pl\/wp-json\/wp\/v2\/media?parent=5650"}],"curies":[{"name":"wp","href":"https:\/\/api.w.org\/{rel}","templated":true}]}}