{"id":5655,"date":"2025-04-03T18:42:47","date_gmt":"2025-04-03T18:42:47","guid":{"rendered":"https:\/\/mx.motorad.com\/zakretki-oleju\/"},"modified":"2025-06-13T12:46:26","modified_gmt":"2025-06-13T12:46:26","slug":"zakretki-oleju","status":"publish","type":"page","link":"https:\/\/mx.motorad.com\/pl\/produkty\/czapki\/zakretki-oleju\/","title":{"rendered":"Zakr\u0119tki oleju"},"content":{"rendered":"\n<h1 class=\"wp-block-heading\" id=\"h-oil-caps\" style=\"margin-top:var(--wp--preset--spacing--60);margin-bottom:var(--wp--preset--spacing--60)\">KORKI OLEJU<\/h1>\n\n<p>Korki oleju s\u0142u\u017c\u0105 przede wszystkim do uszczelniania zbiornika oleju. Cz\u0119sto zawieraj\u0105 one filtry do odpowietrzania skrzyni korbowej, kt\u00f3re powinny by\u0107 wymieniane kilka razy w okresie eksploatacji pojazdu. <\/p>\n\n<div class=\"wp-block-columns is-layout-flex wp-container-core-columns-is-layout-2d5df727 wp-block-columns-is-layout-flex\" style=\"margin-top:var(--wp--preset--spacing--60);margin-bottom:var(--wp--preset--spacing--60)\">\n<div class=\"wp-block-column is-layout-flow wp-block-column-is-layout-flow\">\n<figure class=\"wp-block-image size-full\"><img loading=\"lazy\" decoding=\"async\" width=\"500\" height=\"500\" src=\"https:\/\/mx.motorad.com\/wp-content\/uploads\/2025\/04\/MO109_Angle.jpg\" alt=\"\" class=\"wp-image-4414\" srcset=\"https:\/\/mx.motorad.com\/wp-content\/uploads\/2025\/04\/MO109_Angle.jpg 500w, https:\/\/mx.motorad.com\/wp-content\/uploads\/2025\/04\/MO109_Angle-300x300.jpg 300w, https:\/\/mx.motorad.com\/wp-content\/uploads\/2025\/04\/MO109_Angle-150x150.jpg 150w\" sizes=\"auto, (max-width: 500px) 100vw, 500px\" \/><\/figure>\n<\/div>\n\n\n\n<div class=\"wp-block-column is-layout-flow wp-block-column-is-layout-flow\">\n<figure class=\"wp-block-image size-full\"><img loading=\"lazy\" decoding=\"async\" width=\"500\" height=\"500\" src=\"https:\/\/mx.motorad.com\/wp-content\/uploads\/2025\/04\/MO111_Angle.jpg\" alt=\"\" class=\"wp-image-4421\" srcset=\"https:\/\/mx.motorad.com\/wp-content\/uploads\/2025\/04\/MO111_Angle.jpg 500w, https:\/\/mx.motorad.com\/wp-content\/uploads\/2025\/04\/MO111_Angle-300x300.jpg 300w, https:\/\/mx.motorad.com\/wp-content\/uploads\/2025\/04\/MO111_Angle-150x150.jpg 150w\" sizes=\"auto, (max-width: 500px) 100vw, 500px\" \/><\/figure>\n<\/div>\n\n\n\n<div class=\"wp-block-column is-layout-flow wp-block-column-is-layout-flow\">\n<figure class=\"wp-block-image size-full\"><img loading=\"lazy\" decoding=\"async\" width=\"500\" height=\"500\" src=\"https:\/\/mx.motorad.com\/wp-content\/uploads\/2025\/04\/6032-02_Angle.jpg\" alt=\"\" class=\"wp-image-4407\" srcset=\"https:\/\/mx.motorad.com\/wp-content\/uploads\/2025\/04\/6032-02_Angle.jpg 500w, https:\/\/mx.motorad.com\/wp-content\/uploads\/2025\/04\/6032-02_Angle-300x300.jpg 300w, https:\/\/mx.motorad.com\/wp-content\/uploads\/2025\/04\/6032-02_Angle-150x150.jpg 150w\" sizes=\"auto, (max-width: 500px) 100vw, 500px\" \/><\/figure>\n<\/div>\n\n\n\n<div class=\"wp-block-column is-layout-flow wp-block-column-is-layout-flow\">\n<figure class=\"wp-block-image size-full\"><img loading=\"lazy\" decoding=\"async\" width=\"500\" height=\"500\" src=\"https:\/\/mx.motorad.com\/wp-content\/uploads\/2025\/04\/MO116_Angle.jpg\" alt=\"\" class=\"wp-image-4428\" srcset=\"https:\/\/mx.motorad.com\/wp-content\/uploads\/2025\/04\/MO116_Angle.jpg 500w, https:\/\/mx.motorad.com\/wp-content\/uploads\/2025\/04\/MO116_Angle-300x300.jpg 300w, https:\/\/mx.motorad.com\/wp-content\/uploads\/2025\/04\/MO116_Angle-150x150.jpg 150w\" sizes=\"auto, (max-width: 500px) 100vw, 500px\" \/><\/figure>\n<\/div>\n\n\n\n<div class=\"wp-block-column is-layout-flow wp-block-column-is-layout-flow\">\n<figure class=\"wp-block-image size-full\"><img loading=\"lazy\" decoding=\"async\" width=\"500\" height=\"500\" src=\"https:\/\/mx.motorad.com\/wp-content\/uploads\/2025\/04\/MO120_Angle-1.jpg\" alt=\"\" class=\"wp-image-4435\" srcset=\"https:\/\/mx.motorad.com\/wp-content\/uploads\/2025\/04\/MO120_Angle-1.jpg 500w, https:\/\/mx.motorad.com\/wp-content\/uploads\/2025\/04\/MO120_Angle-1-300x300.jpg 300w, https:\/\/mx.motorad.com\/wp-content\/uploads\/2025\/04\/MO120_Angle-1-150x150.jpg 150w\" sizes=\"auto, (max-width: 500px) 100vw, 500px\" \/><\/figure>\n<\/div>\n<\/div>\n\n<p style=\"margin-bottom:var(--wp--preset--spacing--20)\">MotoRad oferuje r\u00f3\u017cne rodzaje kork\u00f3w oleju do wszystkich rodzaj\u00f3w samochod\u00f3w osobowych i ci\u0119\u017carowych, w tym korki ze zintegrowanymi filtrami i bez nich.<\/p>\n\n<p style=\"margin-bottom:var(--wp--preset--spacing--20)\">W MotoRad jeste\u015bmy dumni z oferowania wysokiej jako\u015bci kork\u00f3w oleju zaprojektowanych w celu zwi\u0119kszenia wydajno\u015bci i niezawodno\u015bci silnika. Nasz obszerny katalog obejmuje szerok\u0105 gam\u0119 kork\u00f3w olejowych skrupulatnie wykonanych, aby spe\u0142ni\u0107 najwy\u017csze standardy jako\u015bci i kompatybilno\u015bci. <\/p>\n\n<p style=\"margin-bottom:var(--wp--preset--spacing--20)\"><strong>Dlaczego warto wybra\u0107 korki olejowe MotoRad?<\/strong><\/p>\n\n<p style=\"margin-bottom:var(--wp--preset--spacing--20)\"><strong>1. Do\u015bwiadczenie producenta:<\/strong> MotoRad jest wiod\u0105cym producentem znanym z d\u0105\u017cenia do doskona\u0142o\u015bci. Dzi\u0119ki wieloletniemu do\u015bwiadczeniu w in\u017cynierii motoryzacyjnej zapewniamy, \u017ce ka\u017cdy korek wlewu oleju spe\u0142nia rygorystyczne standardy jako\u015bci i wydajno\u015bci. <\/p>\n\n<p style=\"margin-bottom:var(--wp--preset--spacing--20)\"><strong>2. Obszerny katalog:<\/strong> Zapoznaj si\u0119 z naszym obszernym katalogiem zawieraj\u0105cym zr\u00f3\u017cnicowany wyb\u00f3r kork\u00f3w olejowych zaprojektowanych dla r\u00f3\u017cnych marek i modeli. Niezale\u017cnie od tego, czy je\u017adzisz kompaktowym sedanem, czy ci\u0119\u017ck\u0105 ci\u0119\u017car\u00f3wk\u0105, MotoRad ma idealne rozwi\u0105zanie dla potrzeb Twojego pojazdu. <\/p>\n\n<p style=\"margin-bottom:var(--wp--preset--spacing--20)\"><strong>3. Zamienno\u015b\u0107:<\/strong> Nasze korki oleju s\u0105 zaprojektowane tak, aby bezproblemowo wymienia\u0107 si\u0119 z komponentami OEM, zapewniaj\u0105c bezproblemowy proces instalacji. Dzi\u0119ki precyzyjnemu dopasowaniu i kompatybilno\u015bci mo\u017cesz zaufa\u0107 MotoRad, \u017ce zapewni optymaln\u0105 wydajno\u015b\u0107 i niezawodno\u015b\u0107. <\/p>\n\n<p style=\"margin-bottom:var(--wp--preset--spacing--20)\"><strong>4. Wyb\u00f3r numeru cz\u0119\u015bci:<\/strong> \u0141atwo zidentyfikuj w\u0142a\u015bciwy korek oleju dla swojego pojazdu dzi\u0119ki naszemu dok\u0142adnemu systemowi numeracji cz\u0119\u015bci. Dzi\u0119ki MotoRad znalezienie idealnego dopasowania do silnika nigdy nie by\u0142o \u0142atwiejsze. <\/p>\n\n<p style=\"margin-bottom:var(--wp--preset--spacing--20)\"><strong>5. Szeroki zakres ochrony:<\/strong> Od pojazd\u00f3w krajowych po zagraniczne, MotoRad zapewnia szeroki zasi\u0119g, aby zaspokoi\u0107 r\u00f3\u017cnorodne potrzeby kierowc\u00f3w na ca\u0142ym \u015bwiecie. Niezale\u017cnie od tego, czy serwisujesz klasyczny samoch\u00f3d, czy nowoczesn\u0105 hybryd\u0119, mo\u017cesz polega\u0107 na MotoRad w zakresie wyj\u0105tkowej jako\u015bci i kompatybilno\u015bci. <\/p>\n\n<p style=\"margin-bottom:var(--wp--preset--spacing--20)\"><strong>6. Zaufana sie\u0107 dostawc\u00f3w:<\/strong> Wsp\u00f3\u0142praca z MotoRad oznacza dost\u0119p do zaufanej sieci dostawc\u00f3w zaanga\u017cowanych w dostarczanie oryginalnych produkt\u00f3w o jako\u015bci OEM. Zapewniamy, \u017ce ka\u017cdy korek wlewu oleju nosz\u0105cy nazw\u0119 MotoRad jest wspierany przez nasze niezachwiane d\u0105\u017cenie do doskona\u0142o\u015bci. <\/p>\n\n<p style=\"margin-bottom:var(--wp--preset--spacing--60)\"><strong>7. Zapewnienie jako\u015bci OEM:<\/strong> Korki olejowe MotoRad s\u0105 projektowane zgodnie ze specyfikacjami OEM, dzi\u0119ki czemu spe\u0142niaj\u0105 najsurowsze normy.<\/p>\n\n<hr class=\"wp-block-separator has-text-color has-palette-brand-3-color has-alpha-channel-opacity has-palette-brand-3-background-color has-background is-style-wide\" style=\"margin-bottom:var(--wp--preset--spacing--60)\"\/>\n\n<div class=\"wp-block-buttons is-layout-flex wp-block-buttons-is-layout-flex\" style=\"margin-bottom:var(--wp--preset--spacing--70)\">\n<div class=\"wp-block-button\"><a class=\"wp-block-button__link wp-element-button\" href=\"https:\/\/mx.motorad.com\/products\/\">Znajd\u017a korek oleju do swojego zastosowania<\/a><\/div>\n<\/div>\n\n<div class=\"wp-block-cover alignfull is-light\" style=\"padding-top:var(--wp--preset--spacing--60);padding-bottom:var(--wp--preset--spacing--60)\"><span aria-hidden=\"true\" class=\"wp-block-cover__background has-background-dim-0 has-background-dim\" style=\"background-color:#ece5d9\"><\/span><img loading=\"lazy\" decoding=\"async\" width=\"1505\" height=\"305\" class=\"wp-block-cover__image-background wp-image-223\" alt=\"\" src=\"https:\/\/mx.motorad.com\/wp-content\/uploads\/2025\/03\/FooterCTA.jpg\" data-object-fit=\"cover\" srcset=\"https:\/\/mx.motorad.com\/wp-content\/uploads\/2025\/03\/FooterCTA.jpg 1505w, https:\/\/mx.motorad.com\/wp-content\/uploads\/2025\/03\/FooterCTA-300x61.jpg 300w, https:\/\/mx.motorad.com\/wp-content\/uploads\/2025\/03\/FooterCTA-1024x208.jpg 1024w, https:\/\/mx.motorad.com\/wp-content\/uploads\/2025\/03\/FooterCTA-768x156.jpg 768w\" sizes=\"auto, (max-width: 1505px) 100vw, 1505px\" \/><div class=\"wp-block-cover__inner-container is-layout-flow wp-block-cover-is-layout-flow\">\n<div class=\"wp-block-columns are-vertically-aligned-center is-layout-flex wp-container-core-columns-is-layout-cbe57604 wp-block-columns-is-layout-flex\">\n<div class=\"wp-block-column is-vertically-aligned-center is-layout-flow wp-block-column-is-layout-flow\" style=\"flex-basis:45%\">\n<h2 class=\"wp-block-heading has-text-align-center has-palette-text-color has-text-color\" id=\"h-need-help-finding-the-right-product\" style=\"margin-bottom:var(--wp--preset--spacing--40)\">Potrzebujesz pomocy w znalezieniu odpowiedniego produktu?<\/h2>\n\n\n\n<p class=\"has-text-align-center has-palette-text-color has-text-color\" style=\"margin-bottom:var(--wp--preset--spacing--50)\">Nasz oddany zesp\u00f3\u0142 jest tutaj, aby poprowadzi\u0107 Ci\u0119 we w\u0142a\u015bciwym kierunku. Kliknij poni\u017cej i daj nam zna\u0107, jak mo\u017cemy Ci pom\u00f3c w znalezieniu idealnego produktu dla Twoich potrzeb. Twoja podr\u00f3\u017c do do\u015bwiadczania BETTER zaczyna si\u0119 tutaj.  <\/p>\n\n\n\n<div class=\"wp-block-buttons is-content-justification-center is-layout-flex wp-container-core-buttons-is-layout-a89b3969 wp-block-buttons-is-layout-flex\">\n<div class=\"wp-block-button\"><a class=\"wp-block-button__link has-text-align-center wp-element-button\" href=\"https:\/\/mx.motorad.com\/contact\/need-help-finding-something\/\">Porozmawiaj ze specjalist\u0105 MotoRad<\/a><\/div>\n<\/div>\n<\/div>\n\n\n\n<div class=\"wp-block-column is-layout-flow wp-block-column-is-layout-flow\" style=\"flex-basis:10%\"><\/div>\n\n\n\n<div class=\"wp-block-column is-layout-flow wp-block-column-is-layout-flow\" style=\"flex-basis:45%\">\n<h2 class=\"wp-block-heading has-text-align-center has-palette-text-color has-text-color\" id=\"h-looking-for-custom-development\" style=\"margin-bottom:var(--wp--preset--spacing--40)\">Szukasz niestandardowego oprogramowania?<\/h2>\n\n\n\n<p class=\"has-text-align-center has-palette-text-color has-text-color\" style=\"margin-bottom:var(--wp--preset--spacing--50)\">Nie chodzi nam tylko o produkty; tworzymy rozwi\u0105zania dostosowane do Twoich potrzeb. Czy jeste\u015b gotowy, aby o\u017cywi\u0107 sw\u00f3j nowy projekt? Kliknij poni\u017cej i wyruszmy razem w podr\u00f3\u017c tworzenia niestandardowych produkt\u00f3w.  <\/p>\n\n\n\n<div class=\"wp-block-buttons is-content-justification-center is-layout-flex wp-container-core-buttons-is-layout-a89b3969 wp-block-buttons-is-layout-flex\">\n<div class=\"wp-block-button is-style-fill\"><a class=\"wp-block-button__link has-palette-bg-color has-palette-text-background-color has-text-color has-background has-text-align-center wp-element-button\" href=\"https:\/\/mx.motorad.com\/contact\/do-you-need-custom-development\/\">Chcemy by\u0107 Twoim dostawc\u0105<\/a><\/div>\n<\/div>\n<\/div>\n<\/div>\n<\/div><\/div>\n","protected":false},"excerpt":{"rendered":"<p>KORKI OLEJU Korki oleju s\u0142u\u017c\u0105 przede wszystkim do uszczelniania zbiornika oleju. Cz\u0119sto zawieraj\u0105 one filtry do odpowietrzania skrzyni korbowej, kt\u00f3re [&#8230;]<\/p>\n","protected":false},"author":1,"featured_media":0,"parent":5657,"menu_order":0,"comment_status":"closed","ping_status":"closed","template":"","meta":{"_acf_changed":false,"footnotes":""},"class_list":["post-5655","page","type-page","status-publish","hentry"],"acf":[],"yoast_head":"<!-- This site is optimized with the Yoast SEO Premium plugin v27.2 (Yoast SEO v27.2) - https:\/\/yoast.com\/product\/yoast-seo-premium-wordpress\/ -->\n<title>Zakr\u0119tki oleju - MotoRad<\/title>\n<meta name=\"description\" content=\"Odkryj obszerny katalog wysokiej jako\u015bci kork\u00f3w olejowych MotoRad zaprojektowanych z my\u015bl\u0105 o doskona\u0142ej wydajno\u015bci i kompatybilno\u015bci. Odkryj wymienno\u015b\u0107, numery cz\u0119\u015bci, zasi\u0119g i jako\u015b\u0107 OEM, a wszystko to wspierane przez nasz\u0105 zaufan\u0105 sie\u0107 dostawc\u00f3w.\" \/>\n<meta name=\"robots\" content=\"index, follow, max-snippet:-1, max-image-preview:large, max-video-preview:-1\" \/>\n<link rel=\"canonical\" href=\"https:\/\/mx.motorad.com\/pl\/produkty\/czapki\/zakretki-oleju\/\" \/>\n<meta property=\"og:locale\" content=\"pl_PL\" \/>\n<meta property=\"og:type\" content=\"article\" \/>\n<meta property=\"og:title\" content=\"Zakr\u0119tki oleju\" \/>\n<meta property=\"og:description\" content=\"Odkryj obszerny katalog wysokiej jako\u015bci kork\u00f3w olejowych MotoRad zaprojektowanych z my\u015bl\u0105 o doskona\u0142ej wydajno\u015bci i kompatybilno\u015bci. Odkryj wymienno\u015b\u0107, numery cz\u0119\u015bci, zasi\u0119g i jako\u015b\u0107 OEM, a wszystko to wspierane przez nasz\u0105 zaufan\u0105 sie\u0107 dostawc\u00f3w.\" \/>\n<meta property=\"og:url\" content=\"https:\/\/mx.motorad.com\/pl\/produkty\/czapki\/zakretki-oleju\/\" \/>\n<meta property=\"og:site_name\" content=\"MotoRad\" \/>\n<meta property=\"article:modified_time\" content=\"2025-06-13T12:46:26+00:00\" \/>\n<meta property=\"og:image\" content=\"https:\/\/mx.motorad.com\/wp-content\/uploads\/2025\/04\/MO109_Angle.jpg\" \/>\n\t<meta property=\"og:image:width\" content=\"500\" \/>\n\t<meta property=\"og:image:height\" content=\"500\" \/>\n\t<meta property=\"og:image:type\" content=\"image\/jpeg\" \/>\n<meta name=\"twitter:card\" content=\"summary_large_image\" \/>\n<meta name=\"twitter:label1\" content=\"Est. reading time\" \/>\n\t<meta name=\"twitter:data1\" content=\"2 minuty\" \/>\n<script type=\"application\/ld+json\" class=\"yoast-schema-graph\">{\"@context\":\"https:\/\/schema.org\",\"@graph\":[{\"@type\":\"WebPage\",\"@id\":\"https:\/\/mx.motorad.com\/pl\/produkty\/czapki\/zakretki-oleju\/\",\"url\":\"https:\/\/mx.motorad.com\/pl\/produkty\/czapki\/zakretki-oleju\/\",\"name\":\"Zakr\u0119tki oleju - MotoRad\",\"isPartOf\":{\"@id\":\"https:\/\/mx.motorad.com\/pl\/#website\"},\"primaryImageOfPage\":{\"@id\":\"https:\/\/mx.motorad.com\/pl\/produkty\/czapki\/zakretki-oleju\/#primaryimage\"},\"image\":{\"@id\":\"https:\/\/mx.motorad.com\/pl\/produkty\/czapki\/zakretki-oleju\/#primaryimage\"},\"thumbnailUrl\":\"https:\/\/mx.motorad.com\/wp-content\/uploads\/2025\/04\/MO109_Angle.jpg\",\"datePublished\":\"2025-04-03T18:42:47+00:00\",\"dateModified\":\"2025-06-13T12:46:26+00:00\",\"description\":\"Odkryj obszerny katalog wysokiej jako\u015bci kork\u00f3w olejowych MotoRad zaprojektowanych z my\u015bl\u0105 o doskona\u0142ej wydajno\u015bci i kompatybilno\u015bci. Odkryj wymienno\u015b\u0107, numery cz\u0119\u015bci, zasi\u0119g i jako\u015b\u0107 OEM, a wszystko to wspierane przez nasz\u0105 zaufan\u0105 sie\u0107 dostawc\u00f3w.\",\"breadcrumb\":{\"@id\":\"https:\/\/mx.motorad.com\/pl\/produkty\/czapki\/zakretki-oleju\/#breadcrumb\"},\"inLanguage\":\"pl-PL\",\"potentialAction\":[{\"@type\":\"ReadAction\",\"target\":[\"https:\/\/mx.motorad.com\/pl\/produkty\/czapki\/zakretki-oleju\/\"]}]},{\"@type\":\"ImageObject\",\"inLanguage\":\"pl-PL\",\"@id\":\"https:\/\/mx.motorad.com\/pl\/produkty\/czapki\/zakretki-oleju\/#primaryimage\",\"url\":\"https:\/\/mx.motorad.com\/wp-content\/uploads\/2025\/04\/MO109_Angle.jpg\",\"contentUrl\":\"https:\/\/mx.motorad.com\/wp-content\/uploads\/2025\/04\/MO109_Angle.jpg\"},{\"@type\":\"BreadcrumbList\",\"@id\":\"https:\/\/mx.motorad.com\/pl\/produkty\/czapki\/zakretki-oleju\/#breadcrumb\",\"itemListElement\":[{\"@type\":\"ListItem\",\"position\":1,\"name\":\"Home\",\"item\":\"https:\/\/mx.motorad.com\/pl\/\"},{\"@type\":\"ListItem\",\"position\":2,\"name\":\"Produkty\",\"item\":\"https:\/\/motoradnew.test\/pl\/produkty\/\"},{\"@type\":\"ListItem\",\"position\":3,\"name\":\"Czapki\",\"item\":\"https:\/\/motoradnew.test\/pl\/produkty\/czapki\/\"},{\"@type\":\"ListItem\",\"position\":4,\"name\":\"Zakr\u0119tki oleju\"}]},{\"@type\":\"WebSite\",\"@id\":\"https:\/\/mx.motorad.com\/pl\/#website\",\"url\":\"https:\/\/mx.motorad.com\/pl\/\",\"name\":\"MotoRad\",\"description\":\"Trusted to Deliver Better - Thermal Management, Emissions, Powertrain Controls\",\"potentialAction\":[{\"@type\":\"SearchAction\",\"target\":{\"@type\":\"EntryPoint\",\"urlTemplate\":\"https:\/\/mx.motorad.com\/pl\/?s={search_term_string}\"},\"query-input\":{\"@type\":\"PropertyValueSpecification\",\"valueRequired\":true,\"valueName\":\"search_term_string\"}}],\"inLanguage\":\"pl-PL\"}]}<\/script>\n<!-- \/ Yoast SEO Premium plugin. -->","yoast_head_json":{"title":"Zakr\u0119tki oleju - MotoRad","description":"Odkryj obszerny katalog wysokiej jako\u015bci kork\u00f3w olejowych MotoRad zaprojektowanych z my\u015bl\u0105 o doskona\u0142ej wydajno\u015bci i kompatybilno\u015bci. Odkryj wymienno\u015b\u0107, numery cz\u0119\u015bci, zasi\u0119g i jako\u015b\u0107 OEM, a wszystko to wspierane przez nasz\u0105 zaufan\u0105 sie\u0107 dostawc\u00f3w.","robots":{"index":"index","follow":"follow","max-snippet":"max-snippet:-1","max-image-preview":"max-image-preview:large","max-video-preview":"max-video-preview:-1"},"canonical":"https:\/\/mx.motorad.com\/pl\/produkty\/czapki\/zakretki-oleju\/","og_locale":"pl_PL","og_type":"article","og_title":"Zakr\u0119tki oleju","og_description":"Odkryj obszerny katalog wysokiej jako\u015bci kork\u00f3w olejowych MotoRad zaprojektowanych z my\u015bl\u0105 o doskona\u0142ej wydajno\u015bci i kompatybilno\u015bci. Odkryj wymienno\u015b\u0107, numery cz\u0119\u015bci, zasi\u0119g i jako\u015b\u0107 OEM, a wszystko to wspierane przez nasz\u0105 zaufan\u0105 sie\u0107 dostawc\u00f3w.","og_url":"https:\/\/mx.motorad.com\/pl\/produkty\/czapki\/zakretki-oleju\/","og_site_name":"MotoRad","article_modified_time":"2025-06-13T12:46:26+00:00","og_image":[{"width":500,"height":500,"url":"https:\/\/mx.motorad.com\/wp-content\/uploads\/2025\/04\/MO109_Angle.jpg","type":"image\/jpeg"}],"twitter_card":"summary_large_image","twitter_misc":{"Est. reading time":"2 minuty"},"schema":{"@context":"https:\/\/schema.org","@graph":[{"@type":"WebPage","@id":"https:\/\/mx.motorad.com\/pl\/produkty\/czapki\/zakretki-oleju\/","url":"https:\/\/mx.motorad.com\/pl\/produkty\/czapki\/zakretki-oleju\/","name":"Zakr\u0119tki oleju - MotoRad","isPartOf":{"@id":"https:\/\/mx.motorad.com\/pl\/#website"},"primaryImageOfPage":{"@id":"https:\/\/mx.motorad.com\/pl\/produkty\/czapki\/zakretki-oleju\/#primaryimage"},"image":{"@id":"https:\/\/mx.motorad.com\/pl\/produkty\/czapki\/zakretki-oleju\/#primaryimage"},"thumbnailUrl":"https:\/\/mx.motorad.com\/wp-content\/uploads\/2025\/04\/MO109_Angle.jpg","datePublished":"2025-04-03T18:42:47+00:00","dateModified":"2025-06-13T12:46:26+00:00","description":"Odkryj obszerny katalog wysokiej jako\u015bci kork\u00f3w olejowych MotoRad zaprojektowanych z my\u015bl\u0105 o doskona\u0142ej wydajno\u015bci i kompatybilno\u015bci. Odkryj wymienno\u015b\u0107, numery cz\u0119\u015bci, zasi\u0119g i jako\u015b\u0107 OEM, a wszystko to wspierane przez nasz\u0105 zaufan\u0105 sie\u0107 dostawc\u00f3w.","breadcrumb":{"@id":"https:\/\/mx.motorad.com\/pl\/produkty\/czapki\/zakretki-oleju\/#breadcrumb"},"inLanguage":"pl-PL","potentialAction":[{"@type":"ReadAction","target":["https:\/\/mx.motorad.com\/pl\/produkty\/czapki\/zakretki-oleju\/"]}]},{"@type":"ImageObject","inLanguage":"pl-PL","@id":"https:\/\/mx.motorad.com\/pl\/produkty\/czapki\/zakretki-oleju\/#primaryimage","url":"https:\/\/mx.motorad.com\/wp-content\/uploads\/2025\/04\/MO109_Angle.jpg","contentUrl":"https:\/\/mx.motorad.com\/wp-content\/uploads\/2025\/04\/MO109_Angle.jpg"},{"@type":"BreadcrumbList","@id":"https:\/\/mx.motorad.com\/pl\/produkty\/czapki\/zakretki-oleju\/#breadcrumb","itemListElement":[{"@type":"ListItem","position":1,"name":"Home","item":"https:\/\/mx.motorad.com\/pl\/"},{"@type":"ListItem","position":2,"name":"Produkty","item":"https:\/\/motoradnew.test\/pl\/produkty\/"},{"@type":"ListItem","position":3,"name":"Czapki","item":"https:\/\/motoradnew.test\/pl\/produkty\/czapki\/"},{"@type":"ListItem","position":4,"name":"Zakr\u0119tki oleju"}]},{"@type":"WebSite","@id":"https:\/\/mx.motorad.com\/pl\/#website","url":"https:\/\/mx.motorad.com\/pl\/","name":"MotoRad","description":"Trusted to Deliver Better - Thermal Management, Emissions, Powertrain Controls","potentialAction":[{"@type":"SearchAction","target":{"@type":"EntryPoint","urlTemplate":"https:\/\/mx.motorad.com\/pl\/?s={search_term_string}"},"query-input":{"@type":"PropertyValueSpecification","valueRequired":true,"valueName":"search_term_string"}}],"inLanguage":"pl-PL"}]}},"_links":{"self":[{"href":"https:\/\/mx.motorad.com\/pl\/wp-json\/wp\/v2\/pages\/5655","targetHints":{"allow":["GET"]}}],"collection":[{"href":"https:\/\/mx.motorad.com\/pl\/wp-json\/wp\/v2\/pages"}],"about":[{"href":"https:\/\/mx.motorad.com\/pl\/wp-json\/wp\/v2\/types\/page"}],"author":[{"embeddable":true,"href":"https:\/\/mx.motorad.com\/pl\/wp-json\/wp\/v2\/users\/1"}],"replies":[{"embeddable":true,"href":"https:\/\/mx.motorad.com\/pl\/wp-json\/wp\/v2\/comments?post=5655"}],"version-history":[{"count":1,"href":"https:\/\/mx.motorad.com\/pl\/wp-json\/wp\/v2\/pages\/5655\/revisions"}],"predecessor-version":[{"id":5656,"href":"https:\/\/mx.motorad.com\/pl\/wp-json\/wp\/v2\/pages\/5655\/revisions\/5656"}],"up":[{"embeddable":true,"href":"https:\/\/mx.motorad.com\/pl\/wp-json\/wp\/v2\/pages\/5657"}],"wp:attachment":[{"href":"https:\/\/mx.motorad.com\/pl\/wp-json\/wp\/v2\/media?parent=5655"}],"curies":[{"name":"wp","href":"https:\/\/api.w.org\/{rel}","templated":true}]}}