{"id":5658,"date":"2025-04-03T18:45:50","date_gmt":"2025-04-03T18:45:50","guid":{"rendered":"https:\/\/mx.motorad.com\/czapki\/zaslepki-filtra-oleju\/"},"modified":"2025-06-13T12:46:26","modified_gmt":"2025-06-13T12:46:26","slug":"zaslepki-filtra-oleju","status":"publish","type":"page","link":"https:\/\/mx.motorad.com\/pl\/produkty\/czapki\/zaslepki-filtra-oleju\/","title":{"rendered":"Za\u015blepki filtra oleju"},"content":{"rendered":"\n<h1 class=\"wp-block-heading\" id=\"h-oil-filter-caps\" style=\"margin-top:var(--wp--preset--spacing--60);margin-bottom:var(--wp--preset--spacing--60)\">ZA\u015aLEPKI FILTRA OLEJU<\/h1>\n\n<p style=\"margin-bottom:var(--wp--preset--spacing--20)\"><\/p>\n\n<p style=\"margin-bottom:var(--wp--preset--spacing--20)\">Kompleksowy katalog za\u015blepek filtr\u00f3w oleju MotoRad zosta\u0142 zaprojektowany tak, aby spe\u0142nia\u0107 wysokie standardy zar\u00f3wno entuzjast\u00f3w motoryzacji, jak i profesjonalist\u00f3w. Za\u015blepki filtra oleju staj\u0105 si\u0119 coraz bardziej powszechne, poniewa\u017c producenci samochod\u00f3w i ci\u0119\u017car\u00f3wek stosuj\u0105 przyjazne dla \u015brodowiska filtry typu cartridge, kt\u00f3re wymagaj\u0105 za\u015blepek do zespo\u0142u filtra oleju.   <\/p>\n\n<p style=\"margin-bottom:var(--wp--preset--spacing--20)\">Przejrzyj nasz obszerny katalog, aby odkry\u0107 r\u00f3\u017cne pokrywy filtra oleju pasuj\u0105ce do r\u00f3\u017cnych marek i modeli. Nasze konstrukcje zgodne z OEM gwarantuj\u0105 bezproblemowe dopasowanie, eliminuj\u0105c k\u0142opoty z kompatybilno\u015bci\u0105. Ka\u017cdy produkt jest skrupulatnie oznaczony odpowiednim numerem cz\u0119\u015bci w celu \u0142atwej identyfikacji i wyboru.  <\/p>\n\n<p style=\"margin-bottom:var(--wp--preset--spacing--20)\">Dzi\u0119ki szerokiemu zasi\u0119gowi we wszystkich popularnych markach pojazd\u00f3w. MotoRad zapewnia idealne dopasowanie do potrzeb Twojego pojazdu. Jako zaufany dostawca i partner biznesowy, stawiamy na jako\u015b\u0107 OEM w ka\u017cdym oferowanym przez nas produkcie, zapewniaj\u0105c spok\u00f3j ducha i niezawodno\u015b\u0107 przy ka\u017cdym zakupie.  <\/p>\n\n<p style=\"margin-bottom:var(--wp--preset--spacing--60)\">Nasza rosn\u0105ca linia za\u015blepek filtra oleju zapewnia doskona\u0142y zamiennik tego cz\u0119sto uszkodzonego lub zgubionego elementu podczas wymiany oleju.  <\/p>\n\n<figure class=\"wp-block-image size-full\"><img loading=\"lazy\" decoding=\"async\" width=\"240\" height=\"248\" src=\"https:\/\/mx.motorad.com\/wp-content\/uploads\/2025\/04\/MO300-1.webp\" alt=\"\" class=\"wp-image-4447\"\/><\/figure>\n\n<ul style=\"margin-top:var(--wp--preset--spacing--60);margin-bottom:var(--wp--preset--spacing--60)\" class=\"wp-block-list\">\n<li style=\"margin-bottom:var(--wp--preset--spacing--20)\">Wyprodukowane z najwy\u017cszej jako\u015bci materia\u0142\u00f3w OEM, aby zapewni\u0107 optymaln\u0105 wydajno\u015b\u0107 i wytrzyma\u0142o\u015b\u0107.<\/li>\n\n\n\n<li>Zaprojektowany, aby spe\u0142nia\u0107 lub przewy\u017csza\u0107 wszystkie specyfikacje OEM w zakresie dopasowania, formy i funkcji.<\/li>\n<\/ul>\n\n<div class=\"wp-block-buttons is-layout-flex wp-block-buttons-is-layout-flex\" style=\"margin-bottom:var(--wp--preset--spacing--70)\">\n<div class=\"wp-block-button\"><a class=\"wp-block-button__link wp-element-button\" href=\"https:\/\/mx.motorad.com\/products\/\">Znajd\u017a korek filtra oleju do swojego zastosowania<\/a><\/div>\n<\/div>\n\n<div class=\"wp-block-cover alignfull is-light\" style=\"padding-top:var(--wp--preset--spacing--60);padding-bottom:var(--wp--preset--spacing--60)\"><span aria-hidden=\"true\" class=\"wp-block-cover__background has-background-dim-0 has-background-dim\" style=\"background-color:#ece5d9\"><\/span><img loading=\"lazy\" decoding=\"async\" width=\"1505\" height=\"305\" class=\"wp-block-cover__image-background wp-image-223\" alt=\"\" src=\"https:\/\/mx.motorad.com\/wp-content\/uploads\/2025\/03\/FooterCTA.jpg\" data-object-fit=\"cover\" srcset=\"https:\/\/mx.motorad.com\/wp-content\/uploads\/2025\/03\/FooterCTA.jpg 1505w, https:\/\/mx.motorad.com\/wp-content\/uploads\/2025\/03\/FooterCTA-300x61.jpg 300w, https:\/\/mx.motorad.com\/wp-content\/uploads\/2025\/03\/FooterCTA-1024x208.jpg 1024w, https:\/\/mx.motorad.com\/wp-content\/uploads\/2025\/03\/FooterCTA-768x156.jpg 768w\" sizes=\"auto, (max-width: 1505px) 100vw, 1505px\" \/><div class=\"wp-block-cover__inner-container is-layout-flow wp-block-cover-is-layout-flow\">\n<div class=\"wp-block-columns are-vertically-aligned-center is-layout-flex wp-container-core-columns-is-layout-cbe57604 wp-block-columns-is-layout-flex\">\n<div class=\"wp-block-column is-vertically-aligned-center is-layout-flow wp-block-column-is-layout-flow\" style=\"flex-basis:45%\">\n<h2 class=\"wp-block-heading has-text-align-center has-palette-text-color has-text-color\" id=\"h-need-help-finding-the-right-product\" style=\"margin-bottom:var(--wp--preset--spacing--40)\">Potrzebujesz pomocy w znalezieniu odpowiedniego produktu?<\/h2>\n\n\n\n<p class=\"has-text-align-center has-palette-text-color has-text-color\" style=\"margin-bottom:var(--wp--preset--spacing--50)\">Nasz oddany zesp\u00f3\u0142 jest tutaj, aby poprowadzi\u0107 Ci\u0119 we w\u0142a\u015bciwym kierunku. Kliknij poni\u017cej i daj nam zna\u0107, jak mo\u017cemy Ci pom\u00f3c w znalezieniu idealnego produktu dla Twoich potrzeb. Twoja podr\u00f3\u017c do do\u015bwiadczania BETTER zaczyna si\u0119 tutaj.  <\/p>\n\n\n\n<div class=\"wp-block-buttons is-content-justification-center is-layout-flex wp-container-core-buttons-is-layout-a89b3969 wp-block-buttons-is-layout-flex\">\n<div class=\"wp-block-button\"><a class=\"wp-block-button__link has-text-align-center wp-element-button\" href=\"https:\/\/mx.motorad.com\/contact\/need-help-finding-something\/\">Porozmawiaj ze specjalist\u0105 MotoRad<\/a><\/div>\n<\/div>\n<\/div>\n\n\n\n<div class=\"wp-block-column is-layout-flow wp-block-column-is-layout-flow\" style=\"flex-basis:10%\"><\/div>\n\n\n\n<div class=\"wp-block-column is-layout-flow wp-block-column-is-layout-flow\" style=\"flex-basis:45%\">\n<h2 class=\"wp-block-heading has-text-align-center has-palette-text-color has-text-color\" id=\"h-looking-for-custom-development\" style=\"margin-bottom:var(--wp--preset--spacing--40)\">Szukasz niestandardowego oprogramowania?<\/h2>\n\n\n\n<p class=\"has-text-align-center has-palette-text-color has-text-color\" style=\"margin-bottom:var(--wp--preset--spacing--50)\">Nie chodzi nam tylko o produkty; tworzymy rozwi\u0105zania dostosowane do Twoich potrzeb. Czy jeste\u015b gotowy, aby o\u017cywi\u0107 sw\u00f3j nowy projekt? Kliknij poni\u017cej i wyruszmy razem w podr\u00f3\u017c tworzenia niestandardowych produkt\u00f3w.  <\/p>\n\n\n\n<div class=\"wp-block-buttons is-content-justification-center is-layout-flex wp-container-core-buttons-is-layout-a89b3969 wp-block-buttons-is-layout-flex\">\n<div class=\"wp-block-button is-style-fill\"><a class=\"wp-block-button__link has-palette-bg-color has-palette-text-background-color has-text-color has-background has-text-align-center wp-element-button\" href=\"https:\/\/mx.motorad.com\/contact\/do-you-need-custom-development\/\">Chcemy by\u0107 Twoim dostawc\u0105<\/a><\/div>\n<\/div>\n<\/div>\n<\/div>\n<\/div><\/div>\n","protected":false},"excerpt":{"rendered":"<p>ZA\u015aLEPKI FILTRA OLEJU Kompleksowy katalog za\u015blepek filtr\u00f3w oleju MotoRad zosta\u0142 zaprojektowany tak, aby spe\u0142nia\u0107 wysokie standardy zar\u00f3wno entuzjast\u00f3w motoryzacji, jak [&#8230;]<\/p>\n","protected":false},"author":1,"featured_media":0,"parent":5657,"menu_order":0,"comment_status":"closed","ping_status":"closed","template":"","meta":{"_acf_changed":false,"footnotes":""},"class_list":["post-5658","page","type-page","status-publish","hentry"],"acf":[],"yoast_head":"<!-- This site is optimized with the Yoast SEO Premium plugin v27.2 (Yoast SEO v27.2) - https:\/\/yoast.com\/product\/yoast-seo-premium-wordpress\/ -->\n<title>Za\u015blepki filtra oleju - MotoRad<\/title>\n<meta name=\"description\" content=\"Zapoznaj si\u0119 z obszernym katalogiem kork\u00f3w filtra oleju Motorad, z kt\u00f3rych ka\u017cdy jest wygodnie uporz\u0105dkowany wed\u0142ug numeru cz\u0119\u015bci i do\u0142\u0105czonej wymiany. Znajd\u017a idealne dopasowanie do potrzeb serwisowych swojego pojazdu dzi\u0119ki Motorad.\" \/>\n<meta name=\"robots\" content=\"index, follow, max-snippet:-1, max-image-preview:large, max-video-preview:-1\" \/>\n<link rel=\"canonical\" href=\"https:\/\/mx.motorad.com\/pl\/produkty\/czapki\/zaslepki-filtra-oleju\/\" \/>\n<meta property=\"og:locale\" content=\"pl_PL\" \/>\n<meta property=\"og:type\" content=\"article\" \/>\n<meta property=\"og:title\" content=\"Za\u015blepki filtra oleju\" \/>\n<meta property=\"og:description\" content=\"Zapoznaj si\u0119 z obszernym katalogiem kork\u00f3w filtra oleju Motorad, z kt\u00f3rych ka\u017cdy jest wygodnie uporz\u0105dkowany wed\u0142ug numeru cz\u0119\u015bci i do\u0142\u0105czonej wymiany. Znajd\u017a idealne dopasowanie do potrzeb serwisowych swojego pojazdu dzi\u0119ki Motorad.\" \/>\n<meta property=\"og:url\" content=\"https:\/\/mx.motorad.com\/pl\/produkty\/czapki\/zaslepki-filtra-oleju\/\" \/>\n<meta property=\"og:site_name\" content=\"MotoRad\" \/>\n<meta property=\"article:modified_time\" content=\"2025-06-13T12:46:26+00:00\" \/>\n<meta property=\"og:image\" content=\"https:\/\/mx.motorad.com\/wp-content\/uploads\/2025\/04\/MO300-1.webp\" \/>\n\t<meta property=\"og:image:width\" content=\"240\" \/>\n\t<meta property=\"og:image:height\" content=\"248\" \/>\n\t<meta property=\"og:image:type\" content=\"image\/webp\" \/>\n<meta name=\"twitter:card\" content=\"summary_large_image\" \/>\n<meta name=\"twitter:label1\" content=\"Est. reading time\" \/>\n\t<meta name=\"twitter:data1\" content=\"1 minuta\" \/>\n<script type=\"application\/ld+json\" class=\"yoast-schema-graph\">{\"@context\":\"https:\/\/schema.org\",\"@graph\":[{\"@type\":\"WebPage\",\"@id\":\"https:\/\/mx.motorad.com\/pl\/produkty\/czapki\/zaslepki-filtra-oleju\/\",\"url\":\"https:\/\/mx.motorad.com\/pl\/produkty\/czapki\/zaslepki-filtra-oleju\/\",\"name\":\"Za\u015blepki filtra oleju - MotoRad\",\"isPartOf\":{\"@id\":\"https:\/\/mx.motorad.com\/pl\/#website\"},\"primaryImageOfPage\":{\"@id\":\"https:\/\/mx.motorad.com\/pl\/produkty\/czapki\/zaslepki-filtra-oleju\/#primaryimage\"},\"image\":{\"@id\":\"https:\/\/mx.motorad.com\/pl\/produkty\/czapki\/zaslepki-filtra-oleju\/#primaryimage\"},\"thumbnailUrl\":\"https:\/\/mx.motorad.com\/wp-content\/uploads\/2025\/04\/MO300-1.webp\",\"datePublished\":\"2025-04-03T18:45:50+00:00\",\"dateModified\":\"2025-06-13T12:46:26+00:00\",\"description\":\"Zapoznaj si\u0119 z obszernym katalogiem kork\u00f3w filtra oleju Motorad, z kt\u00f3rych ka\u017cdy jest wygodnie uporz\u0105dkowany wed\u0142ug numeru cz\u0119\u015bci i do\u0142\u0105czonej wymiany. Znajd\u017a idealne dopasowanie do potrzeb serwisowych swojego pojazdu dzi\u0119ki Motorad.\",\"breadcrumb\":{\"@id\":\"https:\/\/mx.motorad.com\/pl\/produkty\/czapki\/zaslepki-filtra-oleju\/#breadcrumb\"},\"inLanguage\":\"pl-PL\",\"potentialAction\":[{\"@type\":\"ReadAction\",\"target\":[\"https:\/\/mx.motorad.com\/pl\/produkty\/czapki\/zaslepki-filtra-oleju\/\"]}]},{\"@type\":\"ImageObject\",\"inLanguage\":\"pl-PL\",\"@id\":\"https:\/\/mx.motorad.com\/pl\/produkty\/czapki\/zaslepki-filtra-oleju\/#primaryimage\",\"url\":\"https:\/\/mx.motorad.com\/wp-content\/uploads\/2025\/04\/MO300-1.webp\",\"contentUrl\":\"https:\/\/mx.motorad.com\/wp-content\/uploads\/2025\/04\/MO300-1.webp\"},{\"@type\":\"BreadcrumbList\",\"@id\":\"https:\/\/mx.motorad.com\/pl\/produkty\/czapki\/zaslepki-filtra-oleju\/#breadcrumb\",\"itemListElement\":[{\"@type\":\"ListItem\",\"position\":1,\"name\":\"Home\",\"item\":\"https:\/\/mx.motorad.com\/pl\/\"},{\"@type\":\"ListItem\",\"position\":2,\"name\":\"Produkty\",\"item\":\"https:\/\/motoradnew.test\/pl\/produkty\/\"},{\"@type\":\"ListItem\",\"position\":3,\"name\":\"Czapki\",\"item\":\"https:\/\/motoradnew.test\/pl\/produkty\/czapki\/\"},{\"@type\":\"ListItem\",\"position\":4,\"name\":\"Za\u015blepki filtra oleju\"}]},{\"@type\":\"WebSite\",\"@id\":\"https:\/\/mx.motorad.com\/pl\/#website\",\"url\":\"https:\/\/mx.motorad.com\/pl\/\",\"name\":\"MotoRad\",\"description\":\"Trusted to Deliver Better - Thermal Management, Emissions, Powertrain Controls\",\"potentialAction\":[{\"@type\":\"SearchAction\",\"target\":{\"@type\":\"EntryPoint\",\"urlTemplate\":\"https:\/\/mx.motorad.com\/pl\/?s={search_term_string}\"},\"query-input\":{\"@type\":\"PropertyValueSpecification\",\"valueRequired\":true,\"valueName\":\"search_term_string\"}}],\"inLanguage\":\"pl-PL\"}]}<\/script>\n<!-- \/ Yoast SEO Premium plugin. -->","yoast_head_json":{"title":"Za\u015blepki filtra oleju - MotoRad","description":"Zapoznaj si\u0119 z obszernym katalogiem kork\u00f3w filtra oleju Motorad, z kt\u00f3rych ka\u017cdy jest wygodnie uporz\u0105dkowany wed\u0142ug numeru cz\u0119\u015bci i do\u0142\u0105czonej wymiany. Znajd\u017a idealne dopasowanie do potrzeb serwisowych swojego pojazdu dzi\u0119ki Motorad.","robots":{"index":"index","follow":"follow","max-snippet":"max-snippet:-1","max-image-preview":"max-image-preview:large","max-video-preview":"max-video-preview:-1"},"canonical":"https:\/\/mx.motorad.com\/pl\/produkty\/czapki\/zaslepki-filtra-oleju\/","og_locale":"pl_PL","og_type":"article","og_title":"Za\u015blepki filtra oleju","og_description":"Zapoznaj si\u0119 z obszernym katalogiem kork\u00f3w filtra oleju Motorad, z kt\u00f3rych ka\u017cdy jest wygodnie uporz\u0105dkowany wed\u0142ug numeru cz\u0119\u015bci i do\u0142\u0105czonej wymiany. Znajd\u017a idealne dopasowanie do potrzeb serwisowych swojego pojazdu dzi\u0119ki Motorad.","og_url":"https:\/\/mx.motorad.com\/pl\/produkty\/czapki\/zaslepki-filtra-oleju\/","og_site_name":"MotoRad","article_modified_time":"2025-06-13T12:46:26+00:00","og_image":[{"width":240,"height":248,"url":"https:\/\/mx.motorad.com\/wp-content\/uploads\/2025\/04\/MO300-1.webp","type":"image\/webp"}],"twitter_card":"summary_large_image","twitter_misc":{"Est. reading time":"1 minuta"},"schema":{"@context":"https:\/\/schema.org","@graph":[{"@type":"WebPage","@id":"https:\/\/mx.motorad.com\/pl\/produkty\/czapki\/zaslepki-filtra-oleju\/","url":"https:\/\/mx.motorad.com\/pl\/produkty\/czapki\/zaslepki-filtra-oleju\/","name":"Za\u015blepki filtra oleju - MotoRad","isPartOf":{"@id":"https:\/\/mx.motorad.com\/pl\/#website"},"primaryImageOfPage":{"@id":"https:\/\/mx.motorad.com\/pl\/produkty\/czapki\/zaslepki-filtra-oleju\/#primaryimage"},"image":{"@id":"https:\/\/mx.motorad.com\/pl\/produkty\/czapki\/zaslepki-filtra-oleju\/#primaryimage"},"thumbnailUrl":"https:\/\/mx.motorad.com\/wp-content\/uploads\/2025\/04\/MO300-1.webp","datePublished":"2025-04-03T18:45:50+00:00","dateModified":"2025-06-13T12:46:26+00:00","description":"Zapoznaj si\u0119 z obszernym katalogiem kork\u00f3w filtra oleju Motorad, z kt\u00f3rych ka\u017cdy jest wygodnie uporz\u0105dkowany wed\u0142ug numeru cz\u0119\u015bci i do\u0142\u0105czonej wymiany. Znajd\u017a idealne dopasowanie do potrzeb serwisowych swojego pojazdu dzi\u0119ki Motorad.","breadcrumb":{"@id":"https:\/\/mx.motorad.com\/pl\/produkty\/czapki\/zaslepki-filtra-oleju\/#breadcrumb"},"inLanguage":"pl-PL","potentialAction":[{"@type":"ReadAction","target":["https:\/\/mx.motorad.com\/pl\/produkty\/czapki\/zaslepki-filtra-oleju\/"]}]},{"@type":"ImageObject","inLanguage":"pl-PL","@id":"https:\/\/mx.motorad.com\/pl\/produkty\/czapki\/zaslepki-filtra-oleju\/#primaryimage","url":"https:\/\/mx.motorad.com\/wp-content\/uploads\/2025\/04\/MO300-1.webp","contentUrl":"https:\/\/mx.motorad.com\/wp-content\/uploads\/2025\/04\/MO300-1.webp"},{"@type":"BreadcrumbList","@id":"https:\/\/mx.motorad.com\/pl\/produkty\/czapki\/zaslepki-filtra-oleju\/#breadcrumb","itemListElement":[{"@type":"ListItem","position":1,"name":"Home","item":"https:\/\/mx.motorad.com\/pl\/"},{"@type":"ListItem","position":2,"name":"Produkty","item":"https:\/\/motoradnew.test\/pl\/produkty\/"},{"@type":"ListItem","position":3,"name":"Czapki","item":"https:\/\/motoradnew.test\/pl\/produkty\/czapki\/"},{"@type":"ListItem","position":4,"name":"Za\u015blepki filtra oleju"}]},{"@type":"WebSite","@id":"https:\/\/mx.motorad.com\/pl\/#website","url":"https:\/\/mx.motorad.com\/pl\/","name":"MotoRad","description":"Trusted to Deliver Better - Thermal Management, Emissions, Powertrain Controls","potentialAction":[{"@type":"SearchAction","target":{"@type":"EntryPoint","urlTemplate":"https:\/\/mx.motorad.com\/pl\/?s={search_term_string}"},"query-input":{"@type":"PropertyValueSpecification","valueRequired":true,"valueName":"search_term_string"}}],"inLanguage":"pl-PL"}]}},"_links":{"self":[{"href":"https:\/\/mx.motorad.com\/pl\/wp-json\/wp\/v2\/pages\/5658","targetHints":{"allow":["GET"]}}],"collection":[{"href":"https:\/\/mx.motorad.com\/pl\/wp-json\/wp\/v2\/pages"}],"about":[{"href":"https:\/\/mx.motorad.com\/pl\/wp-json\/wp\/v2\/types\/page"}],"author":[{"embeddable":true,"href":"https:\/\/mx.motorad.com\/pl\/wp-json\/wp\/v2\/users\/1"}],"replies":[{"embeddable":true,"href":"https:\/\/mx.motorad.com\/pl\/wp-json\/wp\/v2\/comments?post=5658"}],"version-history":[{"count":1,"href":"https:\/\/mx.motorad.com\/pl\/wp-json\/wp\/v2\/pages\/5658\/revisions"}],"predecessor-version":[{"id":5660,"href":"https:\/\/mx.motorad.com\/pl\/wp-json\/wp\/v2\/pages\/5658\/revisions\/5660"}],"up":[{"embeddable":true,"href":"https:\/\/mx.motorad.com\/pl\/wp-json\/wp\/v2\/pages\/5657"}],"wp:attachment":[{"href":"https:\/\/mx.motorad.com\/pl\/wp-json\/wp\/v2\/media?parent=5658"}],"curies":[{"name":"wp","href":"https:\/\/api.w.org\/{rel}","templated":true}]}}