{"id":5661,"date":"2025-04-03T18:31:19","date_gmt":"2025-04-03T18:31:19","guid":{"rendered":"https:\/\/mx.motorad.com\/czapki\/korki-chlodziwa\/"},"modified":"2025-06-13T12:46:26","modified_gmt":"2025-06-13T12:46:26","slug":"korki-chlodziwa","status":"publish","type":"page","link":"https:\/\/mx.motorad.com\/pl\/produkty\/czapki\/korki-chlodziwa\/","title":{"rendered":"KORKI CH\u0141ODZIWA"},"content":{"rendered":"\n<h1 class=\"wp-block-heading\" id=\"h-coolant-caps\" style=\"margin-top:var(--wp--preset--spacing--60);margin-right:0;margin-bottom:var(--wp--preset--spacing--60);margin-left:0\">KORKI CH\u0141ODZIWA<\/h1>\n\n<p>Korki ci\u015bnieniowe ch\u0142odnicy MotoRad zosta\u0142y zaprojektowane i wyprodukowane w celu zapewnienia precyzyjnej kontroli ci\u015bnienia w samochodowym uk\u0142adzie ch\u0142odzenia. Wi\u0119kszo\u015b\u0107 standardowych kork\u00f3w ch\u0142odnicy jest r\u00f3wnie\u017c oferowana w wersji z d\u017awigni\u0105 bezpiecze\u0144stwa, a ka\u017cda cz\u0119\u015b\u0107 jest fabrycznie testowana przed wysy\u0142k\u0105 do klienta. <\/p>\n\n<figure class=\"wp-block-gallery has-nested-images columns-7 is-cropped wp-block-gallery-1 is-layout-flex wp-block-gallery-is-layout-flex\" style=\"margin-top:var(--wp--preset--spacing--60);margin-bottom:var(--wp--preset--spacing--60)\">\n<figure class=\"wp-block-image size-large\"><img loading=\"lazy\" decoding=\"async\" width=\"1024\" height=\"1024\" data-id=\"4284\" src=\"https:\/\/mx.motorad.com\/wp-content\/uploads\/2025\/04\/ST13R_Angle-1024x1024.jpg\" alt=\"\" class=\"wp-image-4284\" srcset=\"https:\/\/mx.motorad.com\/wp-content\/uploads\/2025\/04\/ST13R_Angle-1024x1024.jpg 1024w, https:\/\/mx.motorad.com\/wp-content\/uploads\/2025\/04\/ST13R_Angle-300x300.jpg 300w, https:\/\/mx.motorad.com\/wp-content\/uploads\/2025\/04\/ST13R_Angle-150x150.jpg 150w, https:\/\/mx.motorad.com\/wp-content\/uploads\/2025\/04\/ST13R_Angle-768x768.jpg 768w, https:\/\/mx.motorad.com\/wp-content\/uploads\/2025\/04\/ST13R_Angle.jpg 1500w\" sizes=\"auto, (max-width: 1024px) 100vw, 1024px\" \/><\/figure>\n\n\n\n<figure class=\"wp-block-image size-large\"><img loading=\"lazy\" decoding=\"async\" width=\"1024\" height=\"1024\" data-id=\"4291\" src=\"https:\/\/mx.motorad.com\/wp-content\/uploads\/2025\/04\/T106_Right-1024x1024.jpg\" alt=\"\" class=\"wp-image-4291\" srcset=\"https:\/\/mx.motorad.com\/wp-content\/uploads\/2025\/04\/T106_Right-1024x1024.jpg 1024w, https:\/\/mx.motorad.com\/wp-content\/uploads\/2025\/04\/T106_Right-300x300.jpg 300w, https:\/\/mx.motorad.com\/wp-content\/uploads\/2025\/04\/T106_Right-150x150.jpg 150w, https:\/\/mx.motorad.com\/wp-content\/uploads\/2025\/04\/T106_Right-768x768.jpg 768w, https:\/\/mx.motorad.com\/wp-content\/uploads\/2025\/04\/T106_Right.jpg 1500w\" sizes=\"auto, (max-width: 1024px) 100vw, 1024px\" \/><\/figure>\n\n\n\n<figure class=\"wp-block-image size-large\"><img loading=\"lazy\" decoding=\"async\" width=\"1024\" height=\"1024\" data-id=\"4298\" src=\"https:\/\/mx.motorad.com\/wp-content\/uploads\/2025\/04\/T110_Angle-1024x1024.jpg\" alt=\"\" class=\"wp-image-4298\" srcset=\"https:\/\/mx.motorad.com\/wp-content\/uploads\/2025\/04\/T110_Angle-1024x1024.jpg 1024w, https:\/\/mx.motorad.com\/wp-content\/uploads\/2025\/04\/T110_Angle-300x300.jpg 300w, https:\/\/mx.motorad.com\/wp-content\/uploads\/2025\/04\/T110_Angle-150x150.jpg 150w, https:\/\/mx.motorad.com\/wp-content\/uploads\/2025\/04\/T110_Angle-768x768.jpg 768w, https:\/\/mx.motorad.com\/wp-content\/uploads\/2025\/04\/T110_Angle.jpg 1500w\" sizes=\"auto, (max-width: 1024px) 100vw, 1024px\" \/><\/figure>\n\n\n\n<figure class=\"wp-block-image size-large\"><img loading=\"lazy\" decoding=\"async\" width=\"1024\" height=\"1024\" data-id=\"4305\" src=\"https:\/\/mx.motorad.com\/wp-content\/uploads\/2025\/04\/T112_Angle-1024x1024.jpg\" alt=\"\" class=\"wp-image-4305\" srcset=\"https:\/\/mx.motorad.com\/wp-content\/uploads\/2025\/04\/T112_Angle-1024x1024.jpg 1024w, https:\/\/mx.motorad.com\/wp-content\/uploads\/2025\/04\/T112_Angle-300x300.jpg 300w, https:\/\/mx.motorad.com\/wp-content\/uploads\/2025\/04\/T112_Angle-150x150.jpg 150w, https:\/\/mx.motorad.com\/wp-content\/uploads\/2025\/04\/T112_Angle-768x768.jpg 768w, https:\/\/mx.motorad.com\/wp-content\/uploads\/2025\/04\/T112_Angle.jpg 1500w\" sizes=\"auto, (max-width: 1024px) 100vw, 1024px\" \/><\/figure>\n\n\n\n<figure class=\"wp-block-image size-large\"><img loading=\"lazy\" decoding=\"async\" width=\"1024\" height=\"1024\" data-id=\"4312\" src=\"https:\/\/mx.motorad.com\/wp-content\/uploads\/2025\/04\/T124_Angle-1024x1024.jpg\" alt=\"\" class=\"wp-image-4312\" srcset=\"https:\/\/mx.motorad.com\/wp-content\/uploads\/2025\/04\/T124_Angle-1024x1024.jpg 1024w, https:\/\/mx.motorad.com\/wp-content\/uploads\/2025\/04\/T124_Angle-300x300.jpg 300w, https:\/\/mx.motorad.com\/wp-content\/uploads\/2025\/04\/T124_Angle-150x150.jpg 150w, https:\/\/mx.motorad.com\/wp-content\/uploads\/2025\/04\/T124_Angle-768x768.jpg 768w, https:\/\/mx.motorad.com\/wp-content\/uploads\/2025\/04\/T124_Angle.jpg 1500w\" sizes=\"auto, (max-width: 1024px) 100vw, 1024px\" \/><\/figure>\n\n\n\n<figure class=\"wp-block-image size-large\"><img loading=\"lazy\" decoding=\"async\" width=\"1024\" height=\"1024\" data-id=\"4319\" src=\"https:\/\/mx.motorad.com\/wp-content\/uploads\/2025\/04\/T126_Right-1024x1024.jpg\" alt=\"\" class=\"wp-image-4319\" srcset=\"https:\/\/mx.motorad.com\/wp-content\/uploads\/2025\/04\/T126_Right-1024x1024.jpg 1024w, https:\/\/mx.motorad.com\/wp-content\/uploads\/2025\/04\/T126_Right-300x300.jpg 300w, https:\/\/mx.motorad.com\/wp-content\/uploads\/2025\/04\/T126_Right-150x150.jpg 150w, https:\/\/mx.motorad.com\/wp-content\/uploads\/2025\/04\/T126_Right-768x768.jpg 768w, https:\/\/mx.motorad.com\/wp-content\/uploads\/2025\/04\/T126_Right.jpg 1500w\" sizes=\"auto, (max-width: 1024px) 100vw, 1024px\" \/><\/figure>\n\n\n\n<figure class=\"wp-block-image size-large\"><img loading=\"lazy\" decoding=\"async\" width=\"1024\" height=\"1024\" data-id=\"4326\" src=\"https:\/\/mx.motorad.com\/wp-content\/uploads\/2025\/04\/T128_Angle-1024x1024.jpg\" alt=\"\" class=\"wp-image-4326\" srcset=\"https:\/\/mx.motorad.com\/wp-content\/uploads\/2025\/04\/T128_Angle-1024x1024.jpg 1024w, https:\/\/mx.motorad.com\/wp-content\/uploads\/2025\/04\/T128_Angle-300x300.jpg 300w, https:\/\/mx.motorad.com\/wp-content\/uploads\/2025\/04\/T128_Angle-150x150.jpg 150w, https:\/\/mx.motorad.com\/wp-content\/uploads\/2025\/04\/T128_Angle-768x768.jpg 768w, https:\/\/mx.motorad.com\/wp-content\/uploads\/2025\/04\/T128_Angle.jpg 1500w\" sizes=\"auto, (max-width: 1024px) 100vw, 1024px\" \/><\/figure>\n<\/figure>\n\n<figure class=\"wp-block-embed is-type-video is-provider-youtube wp-block-embed-youtube wp-embed-aspect-16-9 wp-has-aspect-ratio\"><div class=\"wp-block-embed__wrapper\">\n<iframe loading=\"lazy\" title=\"Radiator Cap Overview by MotoRad\" width=\"500\" height=\"281\" src=\"https:\/\/www.youtube.com\/embed\/8I8luZTK2hw?feature=oembed\" frameborder=\"0\" allow=\"accelerometer; autoplay; clipboard-write; encrypted-media; gyroscope; picture-in-picture; web-share\" referrerpolicy=\"strict-origin-when-cross-origin\" allowfullscreen><\/iframe>\n<\/div><\/figure>\n\n<p style=\"margin-bottom:var(--wp--preset--spacing--20)\">Standardowe korki <strong>ch\u0142odnicy i p\u0142ynu ch\u0142odz\u0105cego<\/strong><br\/>Standardowe korki ch\u0142odnicy MotoRad doskonale zast\u0119puj\u0105 zu\u017cyte lub uszkodzone korki ch\u0142odnicy, kt\u00f3re pojawiaj\u0105 si\u0119 z czasem. Korki ch\u0142odnicy s\u0105 \u0142atwe w monta\u017cu i demonta\u017cu, poniewa\u017c obudowa obraca si\u0119 niezale\u017cnie od uszczelki, trzpienia i dolnej p\u0142yty. <\/p>\n\n<p style=\"margin-bottom:var(--wp--preset--spacing--20)\"><strong>Korek ch\u0142odnicy z d\u017awigni\u0105 bezpiecze\u0144stwa<\/strong><br\/>Korek ch\u0142odnicy z d\u017awigni\u0105 bezpiecze\u0144stwa MotoRad wykorzystuje d\u017awigni\u0119, kt\u00f3ra blokuje korek na szyjce wlewu, wymagaj\u0105c podniesienia d\u017awigni przed zdj\u0119ciem. Po podniesieniu d\u017awigni zaw\u00f3r zwi\u0119kszaj\u0105cy ci\u015bnienie w uk\u0142adzie ch\u0142odzenia zostaje otwarty, a ci\u015bnienie jest odprowadzane przez rurk\u0119 przelewow\u0105, dzi\u0119ki czemu mo\u017cna bezpiecznie zdj\u0105\u0107 korek ch\u0142odnicy. <br\/><\/p>\n\n<hr class=\"wp-block-separator has-text-color has-palette-brand-3-color has-alpha-channel-opacity has-palette-brand-3-background-color has-background is-style-wide\" style=\"margin-top:var(--wp--preset--spacing--60);margin-bottom:var(--wp--preset--spacing--60)\"\/>\n\n<p style=\"margin-bottom:var(--wp--preset--spacing--20)\">Wyb\u00f3r kork\u00f3w p\u0142ynu ch\u0142odz\u0105cego MotoRad zosta\u0142 zaprojektowany tak, aby spe\u0142nia\u0107 najwy\u017csze standardy jako\u015bci i wydajno\u015bci jako zaufany producent i dostawca w bran\u017cy motoryzacyjnej. MotoRad zapewnia, \u017ce ka\u017cdy korek p\u0142ynu ch\u0142odz\u0105cego w naszym katalogu jest zaprojektowany zgodnie z precyzyjnymi specyfikacjami, oferuj\u0105c wymienno\u015b\u0107, niezawodno\u015b\u0107 i gwarancj\u0119 jako\u015bci OEM. <\/p>\n\n<p style=\"margin-bottom:var(--wp--preset--spacing--20)\"><strong>Doskona\u0142o\u015b\u0107 producenta i dostawcy<\/strong><br\/>MotoRad jest wiod\u0105cym producentem i dostawc\u0105 kork\u00f3w p\u0142ynu ch\u0142odz\u0105cego do r\u00f3\u017cnych zastosowa\u0144 motoryzacyjnych. Nasze zaanga\u017cowanie w doskona\u0142o\u015b\u0107 gwarantuje, \u017ce ka\u017cdy produkt spe\u0142nia rygorystyczne standardy jako\u015bci, zapewniaj\u0105c klientom i partnerom biznesowym spok\u00f3j ducha. <\/p>\n\n<p style=\"margin-bottom:var(--wp--preset--spacing--20)\"><strong>Obszerny katalog<\/strong><br\/>Niezale\u017cnie od tego, czy szukasz konkretnego numeru cz\u0119\u015bci, czy potrzebujesz zamiennika z innymi markami, MotoRad ma wszystko pod kontrol\u0105. Nasze korki p\u0142ynu ch\u0142odz\u0105cego oferuj\u0105 kompleksowe pokrycie dla szerokiej gamy marek i modeli pojazd\u00f3w. <\/p>\n\n<p style=\"margin-bottom:var(--wp--preset--spacing--20)\"><strong>Zapewnienie jako\u015bci O<\/strong>EM<br\/>W MotoRad rozumiemy znaczenie jako\u015bci OEM dla cz\u0119\u015bci samochodowych. Dlatego nasze korki wlewu p\u0142ynu ch\u0142odz\u0105cego s\u0105 produkowane zgodnie z tymi samymi wysokimi standardami, kt\u00f3re s\u0105 stosowane przez wiod\u0105cych producent\u00f3w pojazd\u00f3w. Dzi\u0119ki MotoRad mo\u017cesz mie\u0107 pewno\u015b\u0107, \u017ce otrzymujesz produkt, kt\u00f3ry spe\u0142nia lub przekracza specyfikacje OEM, zapewniaj\u0105c optymaln\u0105 wydajno\u015b\u0107 i trwa\u0142o\u015b\u0107.  <\/p>\n\n<p style=\"margin-bottom:var(--wp--preset--spacing--20)\"><strong>Zalety kor<\/strong>k\u00f3w ch\u0142odnicy <strong>MotoRad<\/strong><br\/>Wyb\u00f3r korka ch\u0142odnicy MotoRad ma kilka zalet:<\/p>\n\n<ol style=\"margin-top:var(--wp--preset--spacing--60);margin-bottom:var(--wp--preset--spacing--60)\" class=\"wp-block-list\">\n<li style=\"margin-bottom:var(--wp--preset--spacing--20)\"><strong>Niezawodno\u015b\u0107:<\/strong> Korki ch\u0142odnicy MotoRad s\u0105 zbudowane z my\u015bl\u0105 o trwa\u0142o\u015bci, zapewniaj\u0105c d\u0142ugotrwa\u0142\u0105 wydajno\u015b\u0107 i spok\u00f3j ducha.<\/li>\n\n\n\n<li style=\"margin-bottom:var(--wp--preset--spacing--20)\"><strong>Wydajno\u015b\u0107:<\/strong> Nasze korki ch\u0142odnicy zosta\u0142y zaprojektowane tak, aby utrzymywa\u0107 optymalny poziom ci\u015bnienia w uk\u0142adzie ch\u0142odzenia, zapewniaj\u0105c efektywne rozpraszanie ciep\u0142a i wydajno\u015b\u0107 silnika.<\/li>\n\n\n\n<li style=\"margin-bottom:var(--wp--preset--spacing--20)\"><strong>Trwa\u0142o\u015b\u0107:<\/strong> Wykonane z wysokiej jako\u015bci materia\u0142\u00f3w korki ch\u0142odnicy MotoRad s\u0105 zaprojektowane tak, aby wytrzyma\u0107 rygory codziennej jazdy i trudne warunki \u015brodowiskowe.<\/li>\n\n\n\n<li style=\"margin-bottom:var(--wp--preset--spacing--20)\"><strong>Kompatybilno\u015b\u0107:<\/strong> Korki ch\u0142odnicy MotoRad s\u0105 zaprojektowane tak, aby pasowa\u0142y do szerokiej gamy marek i modeli pojazd\u00f3w, oferuj\u0105c bezproblemow\u0105 instalacj\u0119 i kompatybilno\u015b\u0107 z istniej\u0105cymi uk\u0142adami ch\u0142odzenia.<\/li>\n<\/ol>\n\n<p>Poznaj r\u00f3\u017cnic\u0119 MotoRad ju\u017c dzi\u015b i odkryj, dlaczego nasze korki p\u0142ynu ch\u0142odz\u0105cego s\u0105 preferowanym wyborem entuzjast\u00f3w motoryzacji, mechanik\u00f3w i firm na ca\u0142ym \u015bwiecie. Skontaktuj si\u0119 z nami, aby dowiedzie\u0107 si\u0119 wi\u0119cej o naszych produktach i o tym, jak mo\u017cemy s\u0142u\u017cy\u0107 jako zaufany partner biznesowy dla wszystkich Twoich potrzeb w zakresie cz\u0119\u015bci samochodowych. <\/p>\n\n<div class=\"wp-block-buttons is-layout-flex wp-block-buttons-is-layout-flex\" style=\"margin-top:var(--wp--preset--spacing--60);margin-bottom:var(--wp--preset--spacing--70)\">\n<div class=\"wp-block-button\"><a class=\"wp-block-button__link wp-element-button\" href=\"https:\/\/mx.motorad.com\/products\/\">Znajd\u017a korki ch\u0142odnicy do swojego zastosowania<\/a><\/div>\n<\/div>\n\n<div class=\"wp-block-cover alignfull is-light\" style=\"padding-top:var(--wp--preset--spacing--60);padding-bottom:var(--wp--preset--spacing--60)\"><span aria-hidden=\"true\" class=\"wp-block-cover__background has-background-dim-0 has-background-dim\" style=\"background-color:#ece5d9\"><\/span><img loading=\"lazy\" decoding=\"async\" width=\"1505\" height=\"305\" class=\"wp-block-cover__image-background wp-image-223\" alt=\"\" src=\"https:\/\/mx.motorad.com\/wp-content\/uploads\/2025\/03\/FooterCTA.jpg\" data-object-fit=\"cover\" srcset=\"https:\/\/mx.motorad.com\/wp-content\/uploads\/2025\/03\/FooterCTA.jpg 1505w, https:\/\/mx.motorad.com\/wp-content\/uploads\/2025\/03\/FooterCTA-300x61.jpg 300w, https:\/\/mx.motorad.com\/wp-content\/uploads\/2025\/03\/FooterCTA-1024x208.jpg 1024w, https:\/\/mx.motorad.com\/wp-content\/uploads\/2025\/03\/FooterCTA-768x156.jpg 768w\" sizes=\"auto, (max-width: 1505px) 100vw, 1505px\" \/><div class=\"wp-block-cover__inner-container is-layout-flow wp-block-cover-is-layout-flow\">\n<div class=\"wp-block-columns are-vertically-aligned-center is-layout-flex wp-container-core-columns-is-layout-cbe57604 wp-block-columns-is-layout-flex\">\n<div class=\"wp-block-column is-vertically-aligned-center is-layout-flow wp-block-column-is-layout-flow\" style=\"flex-basis:45%\">\n<h2 class=\"wp-block-heading has-text-align-center has-palette-text-color has-text-color\" id=\"h-need-help-finding-the-right-product\" style=\"margin-bottom:var(--wp--preset--spacing--40)\">Potrzebujesz pomocy w znalezieniu odpowiedniego produktu?<\/h2>\n\n\n\n<p class=\"has-text-align-center has-palette-text-color has-text-color\" style=\"margin-bottom:var(--wp--preset--spacing--50)\">Nasz oddany zesp\u00f3\u0142 jest tutaj, aby poprowadzi\u0107 Ci\u0119 we w\u0142a\u015bciwym kierunku. Kliknij poni\u017cej i daj nam zna\u0107, jak mo\u017cemy Ci pom\u00f3c w znalezieniu idealnego produktu dla Twoich potrzeb. Twoja podr\u00f3\u017c do do\u015bwiadczania BETTER zaczyna si\u0119 tutaj.  <\/p>\n\n\n\n<div class=\"wp-block-buttons is-content-justification-center is-layout-flex wp-container-core-buttons-is-layout-a89b3969 wp-block-buttons-is-layout-flex\">\n<div class=\"wp-block-button\"><a class=\"wp-block-button__link has-text-align-center wp-element-button\" href=\"https:\/\/mx.motorad.com\/contact\/need-help-finding-something\/\">Porozmawiaj ze specjalist\u0105 MotoRad<\/a><\/div>\n<\/div>\n<\/div>\n\n\n\n<div class=\"wp-block-column is-layout-flow wp-block-column-is-layout-flow\" style=\"flex-basis:10%\"><\/div>\n\n\n\n<div class=\"wp-block-column is-layout-flow wp-block-column-is-layout-flow\" style=\"flex-basis:45%\">\n<h2 class=\"wp-block-heading has-text-align-center has-palette-text-color has-text-color\" id=\"h-looking-for-custom-development\" style=\"margin-bottom:var(--wp--preset--spacing--40)\">Szukasz niestandardowego oprogramowania?<\/h2>\n\n\n\n<p class=\"has-text-align-center has-palette-text-color has-text-color\" style=\"margin-bottom:var(--wp--preset--spacing--50)\">Nie chodzi nam tylko o produkty; tworzymy rozwi\u0105zania dostosowane do Twoich potrzeb. Czy jeste\u015b gotowy, aby o\u017cywi\u0107 sw\u00f3j nowy projekt? Kliknij poni\u017cej i wyruszmy razem w podr\u00f3\u017c tworzenia niestandardowych produkt\u00f3w.  <\/p>\n\n\n\n<div class=\"wp-block-buttons is-content-justification-center is-layout-flex wp-container-core-buttons-is-layout-a89b3969 wp-block-buttons-is-layout-flex\">\n<div class=\"wp-block-button is-style-fill\"><a class=\"wp-block-button__link has-palette-bg-color has-palette-text-background-color has-text-color has-background has-text-align-center wp-element-button\" href=\"https:\/\/mx.motorad.com\/contact\/do-you-need-custom-development\/\">Chcemy by\u0107 Twoim dostawc\u0105<\/a><\/div>\n<\/div>\n<\/div>\n<\/div>\n<\/div><\/div>\n","protected":false},"excerpt":{"rendered":"<p>KORKI CH\u0141ODZIWA Korki ci\u015bnieniowe ch\u0142odnicy MotoRad zosta\u0142y zaprojektowane i wyprodukowane w celu zapewnienia precyzyjnej kontroli ci\u015bnienia w samochodowym uk\u0142adzie ch\u0142odzenia. [&#8230;]<\/p>\n","protected":false},"author":1,"featured_media":0,"parent":5657,"menu_order":0,"comment_status":"closed","ping_status":"closed","template":"","meta":{"_acf_changed":false,"footnotes":""},"class_list":["post-5661","page","type-page","status-publish","hentry"],"acf":[],"yoast_head":"<!-- This site is optimized with the Yoast SEO Premium plugin v27.2 (Yoast SEO v27.2) - https:\/\/yoast.com\/product\/yoast-seo-premium-wordpress\/ -->\n<title>KORKI CH\u0141ODZIWA - MotoRad<\/title>\n<meta name=\"description\" content=\"MotoRad - KORKI CH\u0141ODZIWA\" \/>\n<meta name=\"robots\" content=\"index, follow, max-snippet:-1, max-image-preview:large, max-video-preview:-1\" \/>\n<link rel=\"canonical\" href=\"https:\/\/mx.motorad.com\/pl\/produkty\/czapki\/korki-chlodziwa\/\" \/>\n<meta property=\"og:locale\" content=\"pl_PL\" \/>\n<meta property=\"og:type\" content=\"article\" \/>\n<meta property=\"og:title\" content=\"KORKI CH\u0141ODZIWA\" \/>\n<meta property=\"og:description\" content=\"MotoRad - KORKI CH\u0141ODZIWA\" \/>\n<meta property=\"og:url\" content=\"https:\/\/mx.motorad.com\/pl\/produkty\/czapki\/korki-chlodziwa\/\" \/>\n<meta property=\"og:site_name\" content=\"MotoRad\" \/>\n<meta property=\"article:modified_time\" content=\"2025-06-13T12:46:26+00:00\" \/>\n<meta property=\"og:image\" content=\"https:\/\/mx.motorad.com\/wp-content\/uploads\/2025\/04\/ST13R_Angle.jpg\" \/>\n\t<meta property=\"og:image:width\" content=\"1500\" \/>\n\t<meta property=\"og:image:height\" content=\"1500\" \/>\n\t<meta property=\"og:image:type\" content=\"image\/jpeg\" \/>\n<meta name=\"twitter:card\" content=\"summary_large_image\" \/>\n<meta name=\"twitter:label1\" content=\"Est. reading time\" \/>\n\t<meta name=\"twitter:data1\" content=\"3 minuty\" \/>\n<script type=\"application\/ld+json\" class=\"yoast-schema-graph\">{\"@context\":\"https:\/\/schema.org\",\"@graph\":[{\"@type\":\"WebPage\",\"@id\":\"https:\/\/mx.motorad.com\/pl\/produkty\/czapki\/korki-chlodziwa\/\",\"url\":\"https:\/\/mx.motorad.com\/pl\/produkty\/czapki\/korki-chlodziwa\/\",\"name\":\"KORKI CH\u0141ODZIWA - MotoRad\",\"isPartOf\":{\"@id\":\"https:\/\/mx.motorad.com\/pl\/#website\"},\"primaryImageOfPage\":{\"@id\":\"https:\/\/mx.motorad.com\/pl\/produkty\/czapki\/korki-chlodziwa\/#primaryimage\"},\"image\":{\"@id\":\"https:\/\/mx.motorad.com\/pl\/produkty\/czapki\/korki-chlodziwa\/#primaryimage\"},\"thumbnailUrl\":\"https:\/\/mx.motorad.com\/wp-content\/uploads\/2025\/04\/ST13R_Angle-1024x1024.jpg\",\"datePublished\":\"2025-04-03T18:31:19+00:00\",\"dateModified\":\"2025-06-13T12:46:26+00:00\",\"description\":\"MotoRad - KORKI CH\u0141ODZIWA\",\"breadcrumb\":{\"@id\":\"https:\/\/mx.motorad.com\/pl\/produkty\/czapki\/korki-chlodziwa\/#breadcrumb\"},\"inLanguage\":\"pl-PL\",\"potentialAction\":[{\"@type\":\"ReadAction\",\"target\":[\"https:\/\/mx.motorad.com\/pl\/produkty\/czapki\/korki-chlodziwa\/\"]}]},{\"@type\":\"ImageObject\",\"inLanguage\":\"pl-PL\",\"@id\":\"https:\/\/mx.motorad.com\/pl\/produkty\/czapki\/korki-chlodziwa\/#primaryimage\",\"url\":\"https:\/\/mx.motorad.com\/wp-content\/uploads\/2025\/04\/ST13R_Angle-1024x1024.jpg\",\"contentUrl\":\"https:\/\/mx.motorad.com\/wp-content\/uploads\/2025\/04\/ST13R_Angle-1024x1024.jpg\"},{\"@type\":\"BreadcrumbList\",\"@id\":\"https:\/\/mx.motorad.com\/pl\/produkty\/czapki\/korki-chlodziwa\/#breadcrumb\",\"itemListElement\":[{\"@type\":\"ListItem\",\"position\":1,\"name\":\"Home\",\"item\":\"https:\/\/mx.motorad.com\/pl\/\"},{\"@type\":\"ListItem\",\"position\":2,\"name\":\"Produkty\",\"item\":\"https:\/\/motoradnew.test\/pl\/produkty\/\"},{\"@type\":\"ListItem\",\"position\":3,\"name\":\"Czapki\",\"item\":\"https:\/\/motoradnew.test\/pl\/produkty\/czapki\/\"},{\"@type\":\"ListItem\",\"position\":4,\"name\":\"KORKI CH\u0141ODZIWA\"}]},{\"@type\":\"WebSite\",\"@id\":\"https:\/\/mx.motorad.com\/pl\/#website\",\"url\":\"https:\/\/mx.motorad.com\/pl\/\",\"name\":\"MotoRad\",\"description\":\"Trusted to Deliver Better - Thermal Management, Emissions, Powertrain Controls\",\"potentialAction\":[{\"@type\":\"SearchAction\",\"target\":{\"@type\":\"EntryPoint\",\"urlTemplate\":\"https:\/\/mx.motorad.com\/pl\/?s={search_term_string}\"},\"query-input\":{\"@type\":\"PropertyValueSpecification\",\"valueRequired\":true,\"valueName\":\"search_term_string\"}}],\"inLanguage\":\"pl-PL\"}]}<\/script>\n<!-- \/ Yoast SEO Premium plugin. -->","yoast_head_json":{"title":"KORKI CH\u0141ODZIWA - MotoRad","description":"MotoRad - KORKI CH\u0141ODZIWA","robots":{"index":"index","follow":"follow","max-snippet":"max-snippet:-1","max-image-preview":"max-image-preview:large","max-video-preview":"max-video-preview:-1"},"canonical":"https:\/\/mx.motorad.com\/pl\/produkty\/czapki\/korki-chlodziwa\/","og_locale":"pl_PL","og_type":"article","og_title":"KORKI CH\u0141ODZIWA","og_description":"MotoRad - KORKI CH\u0141ODZIWA","og_url":"https:\/\/mx.motorad.com\/pl\/produkty\/czapki\/korki-chlodziwa\/","og_site_name":"MotoRad","article_modified_time":"2025-06-13T12:46:26+00:00","og_image":[{"width":1500,"height":1500,"url":"https:\/\/mx.motorad.com\/wp-content\/uploads\/2025\/04\/ST13R_Angle.jpg","type":"image\/jpeg"}],"twitter_card":"summary_large_image","twitter_misc":{"Est. reading time":"3 minuty"},"schema":{"@context":"https:\/\/schema.org","@graph":[{"@type":"WebPage","@id":"https:\/\/mx.motorad.com\/pl\/produkty\/czapki\/korki-chlodziwa\/","url":"https:\/\/mx.motorad.com\/pl\/produkty\/czapki\/korki-chlodziwa\/","name":"KORKI CH\u0141ODZIWA - MotoRad","isPartOf":{"@id":"https:\/\/mx.motorad.com\/pl\/#website"},"primaryImageOfPage":{"@id":"https:\/\/mx.motorad.com\/pl\/produkty\/czapki\/korki-chlodziwa\/#primaryimage"},"image":{"@id":"https:\/\/mx.motorad.com\/pl\/produkty\/czapki\/korki-chlodziwa\/#primaryimage"},"thumbnailUrl":"https:\/\/mx.motorad.com\/wp-content\/uploads\/2025\/04\/ST13R_Angle-1024x1024.jpg","datePublished":"2025-04-03T18:31:19+00:00","dateModified":"2025-06-13T12:46:26+00:00","description":"MotoRad - KORKI CH\u0141ODZIWA","breadcrumb":{"@id":"https:\/\/mx.motorad.com\/pl\/produkty\/czapki\/korki-chlodziwa\/#breadcrumb"},"inLanguage":"pl-PL","potentialAction":[{"@type":"ReadAction","target":["https:\/\/mx.motorad.com\/pl\/produkty\/czapki\/korki-chlodziwa\/"]}]},{"@type":"ImageObject","inLanguage":"pl-PL","@id":"https:\/\/mx.motorad.com\/pl\/produkty\/czapki\/korki-chlodziwa\/#primaryimage","url":"https:\/\/mx.motorad.com\/wp-content\/uploads\/2025\/04\/ST13R_Angle-1024x1024.jpg","contentUrl":"https:\/\/mx.motorad.com\/wp-content\/uploads\/2025\/04\/ST13R_Angle-1024x1024.jpg"},{"@type":"BreadcrumbList","@id":"https:\/\/mx.motorad.com\/pl\/produkty\/czapki\/korki-chlodziwa\/#breadcrumb","itemListElement":[{"@type":"ListItem","position":1,"name":"Home","item":"https:\/\/mx.motorad.com\/pl\/"},{"@type":"ListItem","position":2,"name":"Produkty","item":"https:\/\/motoradnew.test\/pl\/produkty\/"},{"@type":"ListItem","position":3,"name":"Czapki","item":"https:\/\/motoradnew.test\/pl\/produkty\/czapki\/"},{"@type":"ListItem","position":4,"name":"KORKI CH\u0141ODZIWA"}]},{"@type":"WebSite","@id":"https:\/\/mx.motorad.com\/pl\/#website","url":"https:\/\/mx.motorad.com\/pl\/","name":"MotoRad","description":"Trusted to Deliver Better - Thermal Management, Emissions, Powertrain Controls","potentialAction":[{"@type":"SearchAction","target":{"@type":"EntryPoint","urlTemplate":"https:\/\/mx.motorad.com\/pl\/?s={search_term_string}"},"query-input":{"@type":"PropertyValueSpecification","valueRequired":true,"valueName":"search_term_string"}}],"inLanguage":"pl-PL"}]}},"_links":{"self":[{"href":"https:\/\/mx.motorad.com\/pl\/wp-json\/wp\/v2\/pages\/5661","targetHints":{"allow":["GET"]}}],"collection":[{"href":"https:\/\/mx.motorad.com\/pl\/wp-json\/wp\/v2\/pages"}],"about":[{"href":"https:\/\/mx.motorad.com\/pl\/wp-json\/wp\/v2\/types\/page"}],"author":[{"embeddable":true,"href":"https:\/\/mx.motorad.com\/pl\/wp-json\/wp\/v2\/users\/1"}],"replies":[{"embeddable":true,"href":"https:\/\/mx.motorad.com\/pl\/wp-json\/wp\/v2\/comments?post=5661"}],"version-history":[{"count":1,"href":"https:\/\/mx.motorad.com\/pl\/wp-json\/wp\/v2\/pages\/5661\/revisions"}],"predecessor-version":[{"id":5664,"href":"https:\/\/mx.motorad.com\/pl\/wp-json\/wp\/v2\/pages\/5661\/revisions\/5664"}],"up":[{"embeddable":true,"href":"https:\/\/mx.motorad.com\/pl\/wp-json\/wp\/v2\/pages\/5657"}],"wp:attachment":[{"href":"https:\/\/mx.motorad.com\/pl\/wp-json\/wp\/v2\/media?parent=5661"}],"curies":[{"name":"wp","href":"https:\/\/api.w.org\/{rel}","templated":true}]}}