{"id":5670,"date":"2025-04-03T18:48:17","date_gmt":"2025-04-03T18:48:17","guid":{"rendered":"https:\/\/mx.motorad.com\/czapki\/korek-paliwa-na-uwiezi\/"},"modified":"2025-06-13T12:46:29","modified_gmt":"2025-06-13T12:46:29","slug":"korek-paliwa-na-uwiezi","status":"publish","type":"page","link":"https:\/\/mx.motorad.com\/pl\/produkty\/czapki\/korek-paliwa-na-uwiezi\/","title":{"rendered":"KOREK PALIWA NA UWI\u0118ZI"},"content":{"rendered":"\n<h1 class=\"wp-block-heading\" id=\"h-tethered-fuel-cap\" style=\"margin-top:var(--wp--preset--spacing--60);margin-bottom:var(--wp--preset--spacing--60)\">KOREK PALIWA NA UWI\u0118ZI<\/h1>\n\n<p style=\"margin-bottom:var(--wp--preset--spacing--60)\">Wyb\u00f3r kork\u00f3w paliwa na uwi\u0119zi MotoRad oznacza, \u017ce nie musisz ju\u017c je\u017adzi\u0107 do dealera, aby wymieni\u0107 stary, zu\u017cyty lub zepsuty korek paliwa na uwi\u0119zi. Doskona\u0142a, niedroga opcja jako bezpo\u015bredni zamiennik korka na uwi\u0119zi OE, gotowa do szybkiego i \u0142atwego monta\u017cu. Wykonany z wysokiej jako\u015bci materia\u0142\u00f3w zapewniaj\u0105cych d\u0142ugotrwa\u0142\u0105 wytrzyma\u0142o\u015b\u0107.  <\/p>\n\n<h2 class=\"wp-block-heading\" id=\"h-why-choose-a-tethered-fuel-cap\" style=\"margin-bottom:var(--wp--preset--spacing--40)\">Dlaczego warto wybra\u0107 korek paliwa na uwi\u0119zi?  <\/h2>\n\n<p>Zalety s\u0105 oczywiste. Dzi\u0119ki konstrukcji na uwi\u0119zi mo\u017cesz po\u017cegna\u0107 si\u0119 z zagubionymi lub zgubionymi korkami paliwa, zmniejszaj\u0105c ryzyko odparowania paliwa i zapobiegaj\u0105c zanieczyszczeniu uk\u0142adu paliwowego pojazdu. Ponadto mechanizm na uwi\u0119zi zapewnia wygodny dost\u0119p i bezpieczne zamkni\u0119cie, zapewniaj\u0105c spok\u00f3j kierowcom w trasie.  <\/p>\n\n<div class=\"wp-block-columns is-layout-flex wp-container-core-columns-is-layout-95393138 wp-block-columns-is-layout-flex\" style=\"margin-top:var(--wp--preset--spacing--60);margin-bottom:var(--wp--preset--spacing--60)\">\n<div class=\"wp-block-column is-layout-flow wp-block-column-is-layout-flow\" style=\"flex-basis:33.33%\">\n<figure class=\"wp-block-image alignleft size-full\"><img loading=\"lazy\" decoding=\"async\" width=\"240\" height=\"248\" src=\"https:\/\/mx.motorad.com\/wp-content\/uploads\/2025\/04\/MGC4837T-1.webp\" alt=\"\" class=\"wp-image-4459\"\/><\/figure>\n<\/div>\n\n\n\n<div class=\"wp-block-column is-layout-flow wp-block-column-is-layout-flow\" style=\"flex-basis:66.66%\">\n<ul class=\"wp-block-list\">\n<li>Wst\u0119pnie zmontowane dla szybkiej i \u0142atwej instalacji<\/li>\n\n\n\n<li>Kilka opcji mocowania do pracy z dowoln\u0105 konfiguracj\u0105 komory korka wlewu paliwa<\/li>\n\n\n\n<li>Pasuje do pojazd\u00f3w oryginalnie wyposa\u017conych w tether<\/li>\n\n\n\n<li>Zmniejsza zanieczyszczenie powietrza dzi\u0119ki odpowiedniemu uszczelnieniu i wentylacji<\/li>\n\n\n\n<li>Wykonane z trwa\u0142ych materia\u0142\u00f3w o d\u0142ugiej \u017cywotno\u015bci<\/li>\n<\/ul>\n<\/div>\n<\/div>\n\n<p style=\"margin-bottom:var(--wp--preset--spacing--20)\">Jako zaufany producent cz\u0119\u015bci samochodowych, MotoRad prezentuje obszerny katalog wysokiej jako\u015bci kork\u00f3w wlewu paliwa zaprojektowanych z my\u015bl\u0105 o optymalnej wydajno\u015bci i trwa\u0142o\u015bci. Nasze produkty s\u0105 kompatybilne z r\u00f3\u017cnymi modelami pojazd\u00f3w, co zapewnia ich bezproblemow\u0105 integracj\u0119. <\/p>\n\n<p style=\"margin-bottom:var(--wp--preset--spacing--20)\">Ka\u017cdy korek wlewu paliwa jest projektowany i rygorystycznie testowany w celu spe\u0142nienia standard\u00f3w jako\u015bci OEM, gwarantuj\u0105c niezawodno\u015b\u0107 i trwa\u0142o\u015b\u0107. Dzi\u0119ki naszemu zaanga\u017cowaniu w doskona\u0142o\u015b\u0107, MotoRad jest preferowanym dostawc\u0105 dla firm i os\u00f3b prywatnych poszukuj\u0105cych rozwi\u0105za\u0144 motoryzacyjnych poziomu 1. <\/p>\n\n<p style=\"margin-bottom:var(--wp--preset--spacing--20)\">Zapoznaj si\u0119 z naszym szerokim wyborem kork\u00f3w wlewu paliwa na uwi\u0119zi z r\u00f3\u017cnymi numerami cz\u0119\u015bci i kompleksowym zakresem, aby zaspokoi\u0107 r\u00f3\u017cnorodne potrzeby naszych klient\u00f3w. Niezale\u017cnie od tego, czy jeste\u015b mechanikiem, sprzedawc\u0105 detalicznym czy dystrybutorem, MotoRad jest Twoim zaufanym partnerem biznesowym w zakresie pozyskiwania najwy\u017cszej jako\u015bci cz\u0119\u015bci samochodowych. <\/p>\n\n<div class=\"wp-block-buttons is-layout-flex wp-block-buttons-is-layout-flex\" style=\"margin-top:var(--wp--preset--spacing--60);margin-bottom:var(--wp--preset--spacing--70)\">\n<div class=\"wp-block-button\"><a class=\"wp-block-button__link wp-element-button\" href=\"https:\/\/mx.motorad.com\/products\/?categories=caps&amp;subcategories=tethered-fuel-cap\">Znajd\u017a czapk\u0119 na uwi\u0119zi do swojego zastosowania<\/a><\/div>\n<\/div>\n\n<div class=\"wp-block-cover alignfull is-light\" style=\"padding-top:var(--wp--preset--spacing--60);padding-bottom:var(--wp--preset--spacing--60)\"><span aria-hidden=\"true\" class=\"wp-block-cover__background has-background-dim-0 has-background-dim\" style=\"background-color:#ece5d9\"><\/span><img loading=\"lazy\" decoding=\"async\" width=\"1505\" height=\"305\" class=\"wp-block-cover__image-background wp-image-223\" alt=\"\" src=\"https:\/\/mx.motorad.com\/wp-content\/uploads\/2025\/03\/FooterCTA.jpg\" data-object-fit=\"cover\" srcset=\"https:\/\/mx.motorad.com\/wp-content\/uploads\/2025\/03\/FooterCTA.jpg 1505w, https:\/\/mx.motorad.com\/wp-content\/uploads\/2025\/03\/FooterCTA-300x61.jpg 300w, https:\/\/mx.motorad.com\/wp-content\/uploads\/2025\/03\/FooterCTA-1024x208.jpg 1024w, https:\/\/mx.motorad.com\/wp-content\/uploads\/2025\/03\/FooterCTA-768x156.jpg 768w\" sizes=\"auto, (max-width: 1505px) 100vw, 1505px\" \/><div class=\"wp-block-cover__inner-container is-layout-flow wp-block-cover-is-layout-flow\">\n<div class=\"wp-block-columns are-vertically-aligned-center is-layout-flex wp-container-core-columns-is-layout-cbe57604 wp-block-columns-is-layout-flex\">\n<div class=\"wp-block-column is-vertically-aligned-center is-layout-flow wp-block-column-is-layout-flow\" style=\"flex-basis:45%\">\n<h2 class=\"wp-block-heading has-text-align-center has-palette-text-color has-text-color\" id=\"h-need-help-finding-the-right-product\" style=\"margin-bottom:var(--wp--preset--spacing--40)\">Potrzebujesz pomocy w znalezieniu odpowiedniego produktu?<\/h2>\n\n\n\n<p class=\"has-text-align-center has-palette-text-color has-text-color\" style=\"margin-bottom:var(--wp--preset--spacing--50)\">Nasz oddany zesp\u00f3\u0142 jest tutaj, aby poprowadzi\u0107 Ci\u0119 we w\u0142a\u015bciwym kierunku. Kliknij poni\u017cej i daj nam zna\u0107, jak mo\u017cemy Ci pom\u00f3c w znalezieniu idealnego produktu dla Twoich potrzeb. Twoja podr\u00f3\u017c do do\u015bwiadczania BETTER zaczyna si\u0119 tutaj.  <\/p>\n\n\n\n<div class=\"wp-block-buttons is-content-justification-center is-layout-flex wp-container-core-buttons-is-layout-a89b3969 wp-block-buttons-is-layout-flex\">\n<div class=\"wp-block-button\"><a class=\"wp-block-button__link has-text-align-center wp-element-button\" href=\"https:\/\/mx.motorad.com\/contact\/need-help-finding-something\/\">Porozmawiaj ze specjalist\u0105 MotoRad<\/a><\/div>\n<\/div>\n<\/div>\n\n\n\n<div class=\"wp-block-column is-layout-flow wp-block-column-is-layout-flow\" style=\"flex-basis:10%\"><\/div>\n\n\n\n<div class=\"wp-block-column is-layout-flow wp-block-column-is-layout-flow\" style=\"flex-basis:45%\">\n<h2 class=\"wp-block-heading has-text-align-center has-palette-text-color has-text-color\" id=\"h-looking-for-custom-development\" style=\"margin-bottom:var(--wp--preset--spacing--40)\">Szukasz niestandardowego oprogramowania?<\/h2>\n\n\n\n<p class=\"has-text-align-center has-palette-text-color has-text-color\" style=\"margin-bottom:var(--wp--preset--spacing--50)\">Nie chodzi nam tylko o produkty; tworzymy rozwi\u0105zania dostosowane do Twoich potrzeb. Czy jeste\u015b gotowy, aby o\u017cywi\u0107 sw\u00f3j nowy projekt? Kliknij poni\u017cej i wyruszmy razem w podr\u00f3\u017c tworzenia niestandardowych produkt\u00f3w.  <\/p>\n\n\n\n<div class=\"wp-block-buttons is-content-justification-center is-layout-flex wp-container-core-buttons-is-layout-a89b3969 wp-block-buttons-is-layout-flex\">\n<div class=\"wp-block-button is-style-fill\"><a class=\"wp-block-button__link has-palette-bg-color has-palette-text-background-color has-text-color has-background has-text-align-center wp-element-button\" href=\"https:\/\/mx.motorad.com\/contact\/do-you-need-custom-development\/\">Chcemy by\u0107 Twoim dostawc\u0105<\/a><\/div>\n<\/div>\n<\/div>\n<\/div>\n<\/div><\/div>\n","protected":false},"excerpt":{"rendered":"<p>KOREK PALIWA NA UWI\u0118ZI Wyb\u00f3r kork\u00f3w paliwa na uwi\u0119zi MotoRad oznacza, \u017ce nie musisz ju\u017c je\u017adzi\u0107 do dealera, aby wymieni\u0107 [&#8230;]<\/p>\n","protected":false},"author":1,"featured_media":0,"parent":5657,"menu_order":0,"comment_status":"closed","ping_status":"closed","template":"","meta":{"_acf_changed":false,"footnotes":""},"class_list":["post-5670","page","type-page","status-publish","hentry"],"acf":[],"yoast_head":"<!-- This site is optimized with the Yoast SEO Premium plugin v27.2 (Yoast SEO v27.2) - https:\/\/yoast.com\/product\/yoast-seo-premium-wordpress\/ -->\n<title>KOREK PALIWA NA UWI\u0118ZI - MotoRad<\/title>\n<meta name=\"description\" content=\"MotoRad - KOREK PALIWA NA UWI\u0118ZI\" \/>\n<meta name=\"robots\" content=\"index, follow, max-snippet:-1, max-image-preview:large, max-video-preview:-1\" \/>\n<link rel=\"canonical\" href=\"https:\/\/mx.motorad.com\/pl\/produkty\/czapki\/korek-paliwa-na-uwiezi\/\" \/>\n<meta property=\"og:locale\" content=\"pl_PL\" \/>\n<meta property=\"og:type\" content=\"article\" \/>\n<meta property=\"og:title\" content=\"KOREK PALIWA NA UWI\u0118ZI\" \/>\n<meta property=\"og:description\" content=\"MotoRad - KOREK PALIWA NA UWI\u0118ZI\" \/>\n<meta property=\"og:url\" content=\"https:\/\/mx.motorad.com\/pl\/produkty\/czapki\/korek-paliwa-na-uwiezi\/\" \/>\n<meta property=\"og:site_name\" content=\"MotoRad\" \/>\n<meta property=\"article:modified_time\" content=\"2025-06-13T12:46:29+00:00\" \/>\n<meta property=\"og:image\" content=\"https:\/\/mx.motorad.com\/wp-content\/uploads\/2025\/04\/MGC4837T-1.webp\" \/>\n\t<meta property=\"og:image:width\" content=\"240\" \/>\n\t<meta property=\"og:image:height\" content=\"248\" \/>\n\t<meta property=\"og:image:type\" content=\"image\/webp\" \/>\n<meta name=\"twitter:card\" content=\"summary_large_image\" \/>\n<meta name=\"twitter:label1\" content=\"Est. reading time\" \/>\n\t<meta name=\"twitter:data1\" content=\"2 minuty\" \/>\n<script type=\"application\/ld+json\" class=\"yoast-schema-graph\">{\"@context\":\"https:\/\/schema.org\",\"@graph\":[{\"@type\":\"WebPage\",\"@id\":\"https:\/\/mx.motorad.com\/pl\/produkty\/czapki\/korek-paliwa-na-uwiezi\/\",\"url\":\"https:\/\/mx.motorad.com\/pl\/produkty\/czapki\/korek-paliwa-na-uwiezi\/\",\"name\":\"KOREK PALIWA NA UWI\u0118ZI - MotoRad\",\"isPartOf\":{\"@id\":\"https:\/\/mx.motorad.com\/pl\/#website\"},\"primaryImageOfPage\":{\"@id\":\"https:\/\/mx.motorad.com\/pl\/produkty\/czapki\/korek-paliwa-na-uwiezi\/#primaryimage\"},\"image\":{\"@id\":\"https:\/\/mx.motorad.com\/pl\/produkty\/czapki\/korek-paliwa-na-uwiezi\/#primaryimage\"},\"thumbnailUrl\":\"https:\/\/mx.motorad.com\/wp-content\/uploads\/2025\/04\/MGC4837T-1.webp\",\"datePublished\":\"2025-04-03T18:48:17+00:00\",\"dateModified\":\"2025-06-13T12:46:29+00:00\",\"description\":\"MotoRad - KOREK PALIWA NA UWI\u0118ZI\",\"breadcrumb\":{\"@id\":\"https:\/\/mx.motorad.com\/pl\/produkty\/czapki\/korek-paliwa-na-uwiezi\/#breadcrumb\"},\"inLanguage\":\"pl-PL\",\"potentialAction\":[{\"@type\":\"ReadAction\",\"target\":[\"https:\/\/mx.motorad.com\/pl\/produkty\/czapki\/korek-paliwa-na-uwiezi\/\"]}]},{\"@type\":\"ImageObject\",\"inLanguage\":\"pl-PL\",\"@id\":\"https:\/\/mx.motorad.com\/pl\/produkty\/czapki\/korek-paliwa-na-uwiezi\/#primaryimage\",\"url\":\"https:\/\/mx.motorad.com\/wp-content\/uploads\/2025\/04\/MGC4837T-1.webp\",\"contentUrl\":\"https:\/\/mx.motorad.com\/wp-content\/uploads\/2025\/04\/MGC4837T-1.webp\"},{\"@type\":\"BreadcrumbList\",\"@id\":\"https:\/\/mx.motorad.com\/pl\/produkty\/czapki\/korek-paliwa-na-uwiezi\/#breadcrumb\",\"itemListElement\":[{\"@type\":\"ListItem\",\"position\":1,\"name\":\"Home\",\"item\":\"https:\/\/mx.motorad.com\/pl\/\"},{\"@type\":\"ListItem\",\"position\":2,\"name\":\"Produkty\",\"item\":\"https:\/\/motoradnew.test\/pl\/produkty\/\"},{\"@type\":\"ListItem\",\"position\":3,\"name\":\"Czapki\",\"item\":\"https:\/\/motoradnew.test\/pl\/produkty\/czapki\/\"},{\"@type\":\"ListItem\",\"position\":4,\"name\":\"KOREK PALIWA NA UWI\u0118ZI\"}]},{\"@type\":\"WebSite\",\"@id\":\"https:\/\/mx.motorad.com\/pl\/#website\",\"url\":\"https:\/\/mx.motorad.com\/pl\/\",\"name\":\"MotoRad\",\"description\":\"Trusted to Deliver Better - Thermal Management, Emissions, Powertrain Controls\",\"potentialAction\":[{\"@type\":\"SearchAction\",\"target\":{\"@type\":\"EntryPoint\",\"urlTemplate\":\"https:\/\/mx.motorad.com\/pl\/?s={search_term_string}\"},\"query-input\":{\"@type\":\"PropertyValueSpecification\",\"valueRequired\":true,\"valueName\":\"search_term_string\"}}],\"inLanguage\":\"pl-PL\"}]}<\/script>\n<!-- \/ Yoast SEO Premium plugin. -->","yoast_head_json":{"title":"KOREK PALIWA NA UWI\u0118ZI - MotoRad","description":"MotoRad - KOREK PALIWA NA UWI\u0118ZI","robots":{"index":"index","follow":"follow","max-snippet":"max-snippet:-1","max-image-preview":"max-image-preview:large","max-video-preview":"max-video-preview:-1"},"canonical":"https:\/\/mx.motorad.com\/pl\/produkty\/czapki\/korek-paliwa-na-uwiezi\/","og_locale":"pl_PL","og_type":"article","og_title":"KOREK PALIWA NA UWI\u0118ZI","og_description":"MotoRad - KOREK PALIWA NA UWI\u0118ZI","og_url":"https:\/\/mx.motorad.com\/pl\/produkty\/czapki\/korek-paliwa-na-uwiezi\/","og_site_name":"MotoRad","article_modified_time":"2025-06-13T12:46:29+00:00","og_image":[{"width":240,"height":248,"url":"https:\/\/mx.motorad.com\/wp-content\/uploads\/2025\/04\/MGC4837T-1.webp","type":"image\/webp"}],"twitter_card":"summary_large_image","twitter_misc":{"Est. reading time":"2 minuty"},"schema":{"@context":"https:\/\/schema.org","@graph":[{"@type":"WebPage","@id":"https:\/\/mx.motorad.com\/pl\/produkty\/czapki\/korek-paliwa-na-uwiezi\/","url":"https:\/\/mx.motorad.com\/pl\/produkty\/czapki\/korek-paliwa-na-uwiezi\/","name":"KOREK PALIWA NA UWI\u0118ZI - MotoRad","isPartOf":{"@id":"https:\/\/mx.motorad.com\/pl\/#website"},"primaryImageOfPage":{"@id":"https:\/\/mx.motorad.com\/pl\/produkty\/czapki\/korek-paliwa-na-uwiezi\/#primaryimage"},"image":{"@id":"https:\/\/mx.motorad.com\/pl\/produkty\/czapki\/korek-paliwa-na-uwiezi\/#primaryimage"},"thumbnailUrl":"https:\/\/mx.motorad.com\/wp-content\/uploads\/2025\/04\/MGC4837T-1.webp","datePublished":"2025-04-03T18:48:17+00:00","dateModified":"2025-06-13T12:46:29+00:00","description":"MotoRad - KOREK PALIWA NA UWI\u0118ZI","breadcrumb":{"@id":"https:\/\/mx.motorad.com\/pl\/produkty\/czapki\/korek-paliwa-na-uwiezi\/#breadcrumb"},"inLanguage":"pl-PL","potentialAction":[{"@type":"ReadAction","target":["https:\/\/mx.motorad.com\/pl\/produkty\/czapki\/korek-paliwa-na-uwiezi\/"]}]},{"@type":"ImageObject","inLanguage":"pl-PL","@id":"https:\/\/mx.motorad.com\/pl\/produkty\/czapki\/korek-paliwa-na-uwiezi\/#primaryimage","url":"https:\/\/mx.motorad.com\/wp-content\/uploads\/2025\/04\/MGC4837T-1.webp","contentUrl":"https:\/\/mx.motorad.com\/wp-content\/uploads\/2025\/04\/MGC4837T-1.webp"},{"@type":"BreadcrumbList","@id":"https:\/\/mx.motorad.com\/pl\/produkty\/czapki\/korek-paliwa-na-uwiezi\/#breadcrumb","itemListElement":[{"@type":"ListItem","position":1,"name":"Home","item":"https:\/\/mx.motorad.com\/pl\/"},{"@type":"ListItem","position":2,"name":"Produkty","item":"https:\/\/motoradnew.test\/pl\/produkty\/"},{"@type":"ListItem","position":3,"name":"Czapki","item":"https:\/\/motoradnew.test\/pl\/produkty\/czapki\/"},{"@type":"ListItem","position":4,"name":"KOREK PALIWA NA UWI\u0118ZI"}]},{"@type":"WebSite","@id":"https:\/\/mx.motorad.com\/pl\/#website","url":"https:\/\/mx.motorad.com\/pl\/","name":"MotoRad","description":"Trusted to Deliver Better - Thermal Management, Emissions, Powertrain Controls","potentialAction":[{"@type":"SearchAction","target":{"@type":"EntryPoint","urlTemplate":"https:\/\/mx.motorad.com\/pl\/?s={search_term_string}"},"query-input":{"@type":"PropertyValueSpecification","valueRequired":true,"valueName":"search_term_string"}}],"inLanguage":"pl-PL"}]}},"_links":{"self":[{"href":"https:\/\/mx.motorad.com\/pl\/wp-json\/wp\/v2\/pages\/5670","targetHints":{"allow":["GET"]}}],"collection":[{"href":"https:\/\/mx.motorad.com\/pl\/wp-json\/wp\/v2\/pages"}],"about":[{"href":"https:\/\/mx.motorad.com\/pl\/wp-json\/wp\/v2\/types\/page"}],"author":[{"embeddable":true,"href":"https:\/\/mx.motorad.com\/pl\/wp-json\/wp\/v2\/users\/1"}],"replies":[{"embeddable":true,"href":"https:\/\/mx.motorad.com\/pl\/wp-json\/wp\/v2\/comments?post=5670"}],"version-history":[{"count":1,"href":"https:\/\/mx.motorad.com\/pl\/wp-json\/wp\/v2\/pages\/5670\/revisions"}],"predecessor-version":[{"id":5671,"href":"https:\/\/mx.motorad.com\/pl\/wp-json\/wp\/v2\/pages\/5670\/revisions\/5671"}],"up":[{"embeddable":true,"href":"https:\/\/mx.motorad.com\/pl\/wp-json\/wp\/v2\/pages\/5657"}],"wp:attachment":[{"href":"https:\/\/mx.motorad.com\/pl\/wp-json\/wp\/v2\/media?parent=5670"}],"curies":[{"name":"wp","href":"https:\/\/api.w.org\/{rel}","templated":true}]}}