{"id":5681,"date":"2025-04-03T18:51:06","date_gmt":"2025-04-03T18:51:06","guid":{"rendered":"https:\/\/mx.motorad.com\/czapki\/tester-ukladu-chlodzenia\/"},"modified":"2025-06-13T12:46:29","modified_gmt":"2025-06-13T12:46:29","slug":"tester-ukladu-chlodzenia","status":"publish","type":"page","link":"https:\/\/mx.motorad.com\/pl\/produkty\/czapki\/tester-ukladu-chlodzenia\/","title":{"rendered":"TESTER UK\u0141ADU CH\u0141ODZENIA"},"content":{"rendered":"\n<h1 class=\"wp-block-heading\" id=\"h-coolant-system-tester\" style=\"margin-top:var(--wp--preset--spacing--60);margin-bottom:var(--wp--preset--spacing--60)\">TESTER UK\u0141ADU CH\u0141ODZENIA<\/h1>\n\n<p>Tester ci\u015bnienia uk\u0142adu ch\u0142odzenia MotoRad MT-300 to wyb\u00f3r profesjonalist\u00f3w, je\u015bli chodzi o testowanie uk\u0142ad\u00f3w ch\u0142odzenia pojazd\u00f3w i kork\u00f3w p\u0142ynu ch\u0142odz\u0105cego. Tester ten zapewnia, \u017ce samochodowy uk\u0142ad ch\u0142odzenia dzia\u0142a pod prawid\u0142owym ci\u015bnieniem zapewniaj\u0105cym optymaln\u0105 wydajno\u015b\u0107. <\/p>\n\n<figure class=\"wp-block-embed is-type-video is-provider-youtube wp-block-embed-youtube wp-embed-aspect-16-9 wp-has-aspect-ratio\" style=\"margin-top:var(--wp--preset--spacing--60);margin-bottom:var(--wp--preset--spacing--60)\"><div class=\"wp-block-embed__wrapper\">\n<iframe loading=\"lazy\" title=\"Our NEW MT300 Coolant Pressure Tester\" width=\"500\" height=\"281\" src=\"https:\/\/www.youtube.com\/embed\/_CPOGjEApf0?feature=oembed\" frameborder=\"0\" allow=\"accelerometer; autoplay; clipboard-write; encrypted-media; gyroscope; picture-in-picture; web-share\" referrerpolicy=\"strict-origin-when-cross-origin\" allowfullscreen><\/iframe>\n<\/div><\/figure>\n\n<p>Wykonany z wysokiej jako\u015bci materia\u0142\u00f3w, aby zapewni\u0107 trwa\u0142o\u015b\u0107 przez ca\u0142y okres u\u017cytkowania. Zaprojektowany nie tylko do testowania uk\u0142adu, ale tak\u017ce kork\u00f3w p\u0142ynu ch\u0142odz\u0105cego. Z biegiem czasu uszczelki, spr\u0119\u017cyny i zawory korka p\u0142ynu ch\u0142odz\u0105cego mog\u0105 si\u0119 zu\u017cywa\u0107, powoduj\u0105c spadek ci\u015bnienia w uk\u0142adzie. MT300 zapewnia szybk\u0105 diagnoz\u0119 problem\u00f3w z uk\u0142adem ch\u0142odzenia.   <\/p>\n\n<div class=\"wp-block-columns is-layout-flex wp-container-core-columns-is-layout-95393138 wp-block-columns-is-layout-flex\" style=\"margin-top:var(--wp--preset--spacing--60);margin-bottom:var(--wp--preset--spacing--60)\">\n<div class=\"wp-block-column is-layout-flow wp-block-column-is-layout-flow\">\n<figure class=\"wp-block-image size-full\"><img loading=\"lazy\" decoding=\"async\" width=\"1000\" height=\"1000\" src=\"https:\/\/mx.motorad.com\/wp-content\/uploads\/2025\/04\/MT300_FRONT2.jpg\" alt=\"\" class=\"wp-image-4499\" srcset=\"https:\/\/mx.motorad.com\/wp-content\/uploads\/2025\/04\/MT300_FRONT2.jpg 1000w, https:\/\/mx.motorad.com\/wp-content\/uploads\/2025\/04\/MT300_FRONT2-300x300.jpg 300w, https:\/\/mx.motorad.com\/wp-content\/uploads\/2025\/04\/MT300_FRONT2-150x150.jpg 150w, https:\/\/mx.motorad.com\/wp-content\/uploads\/2025\/04\/MT300_FRONT2-768x768.jpg 768w\" sizes=\"auto, (max-width: 1000px) 100vw, 1000px\" \/><\/figure>\n<\/div>\n\n\n\n<div class=\"wp-block-column is-layout-flow wp-block-column-is-layout-flow\">\n<figure class=\"wp-block-image size-full\"><img loading=\"lazy\" decoding=\"async\" width=\"1000\" height=\"1000\" src=\"https:\/\/mx.motorad.com\/wp-content\/uploads\/2025\/04\/MT300_3.jpg\" alt=\"\" class=\"wp-image-4492\" srcset=\"https:\/\/mx.motorad.com\/wp-content\/uploads\/2025\/04\/MT300_3.jpg 1000w, https:\/\/mx.motorad.com\/wp-content\/uploads\/2025\/04\/MT300_3-300x300.jpg 300w, https:\/\/mx.motorad.com\/wp-content\/uploads\/2025\/04\/MT300_3-150x150.jpg 150w, https:\/\/mx.motorad.com\/wp-content\/uploads\/2025\/04\/MT300_3-768x768.jpg 768w\" sizes=\"auto, (max-width: 1000px) 100vw, 1000px\" \/><\/figure>\n<\/div>\n\n\n\n<div class=\"wp-block-column is-layout-flow wp-block-column-is-layout-flow\">\n<figure class=\"wp-block-image size-full\"><img loading=\"lazy\" decoding=\"async\" width=\"1000\" height=\"1000\" src=\"https:\/\/mx.motorad.com\/wp-content\/uploads\/2025\/04\/MT300_2.jpg\" alt=\"\" class=\"wp-image-4485\" srcset=\"https:\/\/mx.motorad.com\/wp-content\/uploads\/2025\/04\/MT300_2.jpg 1000w, https:\/\/mx.motorad.com\/wp-content\/uploads\/2025\/04\/MT300_2-300x300.jpg 300w, https:\/\/mx.motorad.com\/wp-content\/uploads\/2025\/04\/MT300_2-150x150.jpg 150w, https:\/\/mx.motorad.com\/wp-content\/uploads\/2025\/04\/MT300_2-768x768.jpg 768w\" sizes=\"auto, (max-width: 1000px) 100vw, 1000px\" \/><\/figure>\n<\/div>\n\n\n\n<div class=\"wp-block-column is-layout-flow wp-block-column-is-layout-flow\">\n<figure class=\"wp-block-image size-full\"><img loading=\"lazy\" decoding=\"async\" width=\"300\" height=\"300\" src=\"https:\/\/mx.motorad.com\/wp-content\/uploads\/2025\/04\/MT300_1-300x300-1.jpg\" alt=\"\" class=\"wp-image-4478\" srcset=\"https:\/\/mx.motorad.com\/wp-content\/uploads\/2025\/04\/MT300_1-300x300-1.jpg 300w, https:\/\/mx.motorad.com\/wp-content\/uploads\/2025\/04\/MT300_1-300x300-1-150x150.jpg 150w\" sizes=\"auto, (max-width: 300px) 100vw, 300px\" \/><\/figure>\n<\/div>\n<\/div>\n\n<ul class=\"wp-block-list\">\n<li>Klasa profesjonalna<\/li>\n\n\n\n<li>Wyprodukowane z najwy\u017cszej jako\u015bci materia\u0142\u00f3w od dostawcy OE<\/li>\n\n\n\n<li>Testy uk\u0142ad\u00f3w ch\u0142odzenia i kork\u00f3w p\u0142ynu ch\u0142odz\u0105cego<\/li>\n\n\n\n<li>Zapewnia szybk\u0105 i dok\u0142adn\u0105 diagnoz\u0119 problem\u00f3w z uk\u0142adem ch\u0142odzenia<\/li>\n\n\n\n<li>Zawiera najpopularniejsze adaptery ch\u0142odnicy i korka<\/li>\n\n\n\n<li>Dost\u0119pnych jest wi\u0119cej zestaw\u00f3w adapter\u00f3w. Wi\u0119cej informacji poni\u017cej <\/li>\n<\/ul>\n\n<figure class=\"wp-block-image size-full\" style=\"margin-top:var(--wp--preset--spacing--60);margin-bottom:var(--wp--preset--spacing--60)\"><img loading=\"lazy\" decoding=\"async\" width=\"1000\" height=\"1136\" src=\"https:\/\/mx.motorad.com\/wp-content\/uploads\/2025\/04\/Coolant-System-Tester-Adapaters.jpg\" alt=\"\" class=\"wp-image-4471\" srcset=\"https:\/\/mx.motorad.com\/wp-content\/uploads\/2025\/04\/Coolant-System-Tester-Adapaters.jpg 1000w, https:\/\/mx.motorad.com\/wp-content\/uploads\/2025\/04\/Coolant-System-Tester-Adapaters-264x300.jpg 264w, https:\/\/mx.motorad.com\/wp-content\/uploads\/2025\/04\/Coolant-System-Tester-Adapaters-901x1024.jpg 901w, https:\/\/mx.motorad.com\/wp-content\/uploads\/2025\/04\/Coolant-System-Tester-Adapaters-768x872.jpg 768w\" sizes=\"auto, (max-width: 1000px) 100vw, 1000px\" \/><\/figure>\n\n<div class=\"wp-block-buttons is-layout-flex wp-block-buttons-is-layout-flex\" style=\"margin-bottom:var(--wp--preset--spacing--70)\">\n<div class=\"wp-block-button\"><a class=\"wp-block-button__link wp-element-button\" href=\"https:\/\/mx.motorad.com\/products\/\">Znajd\u017a tester uk\u0142adu ch\u0142odzenia<\/a><\/div>\n<\/div>\n\n<div class=\"wp-block-cover alignfull is-light\" style=\"padding-top:var(--wp--preset--spacing--60);padding-bottom:var(--wp--preset--spacing--60)\"><span aria-hidden=\"true\" class=\"wp-block-cover__background has-background-dim-0 has-background-dim\" style=\"background-color:#ece5d9\"><\/span><img loading=\"lazy\" decoding=\"async\" width=\"1505\" height=\"305\" class=\"wp-block-cover__image-background wp-image-223\" alt=\"\" src=\"https:\/\/mx.motorad.com\/wp-content\/uploads\/2025\/03\/FooterCTA.jpg\" data-object-fit=\"cover\" srcset=\"https:\/\/mx.motorad.com\/wp-content\/uploads\/2025\/03\/FooterCTA.jpg 1505w, https:\/\/mx.motorad.com\/wp-content\/uploads\/2025\/03\/FooterCTA-300x61.jpg 300w, https:\/\/mx.motorad.com\/wp-content\/uploads\/2025\/03\/FooterCTA-1024x208.jpg 1024w, https:\/\/mx.motorad.com\/wp-content\/uploads\/2025\/03\/FooterCTA-768x156.jpg 768w\" sizes=\"auto, (max-width: 1505px) 100vw, 1505px\" \/><div class=\"wp-block-cover__inner-container is-layout-flow wp-block-cover-is-layout-flow\">\n<div class=\"wp-block-columns are-vertically-aligned-center is-layout-flex wp-container-core-columns-is-layout-cbe57604 wp-block-columns-is-layout-flex\">\n<div class=\"wp-block-column is-vertically-aligned-center is-layout-flow wp-block-column-is-layout-flow\" style=\"flex-basis:45%\">\n<h2 class=\"wp-block-heading has-text-align-center has-palette-text-color has-text-color\" id=\"h-need-help-finding-the-right-product\" style=\"margin-bottom:var(--wp--preset--spacing--40)\">Potrzebujesz pomocy w znalezieniu odpowiedniego produktu?<\/h2>\n\n\n\n<p class=\"has-text-align-center has-palette-text-color has-text-color\" style=\"margin-bottom:var(--wp--preset--spacing--50)\">Nasz oddany zesp\u00f3\u0142 jest tutaj, aby poprowadzi\u0107 Ci\u0119 we w\u0142a\u015bciwym kierunku. Kliknij poni\u017cej i daj nam zna\u0107, jak mo\u017cemy Ci pom\u00f3c w znalezieniu idealnego produktu dla Twoich potrzeb. Twoja podr\u00f3\u017c do do\u015bwiadczania BETTER zaczyna si\u0119 tutaj.  <\/p>\n\n\n\n<div class=\"wp-block-buttons is-content-justification-center is-layout-flex wp-container-core-buttons-is-layout-a89b3969 wp-block-buttons-is-layout-flex\">\n<div class=\"wp-block-button\"><a class=\"wp-block-button__link has-text-align-center wp-element-button\" href=\"https:\/\/mx.motorad.com\/contact\/need-help-finding-something\/\">Porozmawiaj ze specjalist\u0105 MotoRad<\/a><\/div>\n<\/div>\n<\/div>\n\n\n\n<div class=\"wp-block-column is-layout-flow wp-block-column-is-layout-flow\" style=\"flex-basis:10%\"><\/div>\n\n\n\n<div class=\"wp-block-column is-layout-flow wp-block-column-is-layout-flow\" style=\"flex-basis:45%\">\n<h2 class=\"wp-block-heading has-text-align-center has-palette-text-color has-text-color\" id=\"h-looking-for-custom-development\" style=\"margin-bottom:var(--wp--preset--spacing--40)\">Szukasz niestandardowego oprogramowania?<\/h2>\n\n\n\n<p class=\"has-text-align-center has-palette-text-color has-text-color\" style=\"margin-bottom:var(--wp--preset--spacing--50)\">Nie chodzi nam tylko o produkty; tworzymy rozwi\u0105zania dostosowane do Twoich potrzeb. Czy jeste\u015b gotowy, aby o\u017cywi\u0107 sw\u00f3j nowy projekt? Kliknij poni\u017cej i wyruszmy razem w podr\u00f3\u017c tworzenia niestandardowych produkt\u00f3w.  <\/p>\n\n\n\n<div class=\"wp-block-buttons is-content-justification-center is-layout-flex wp-container-core-buttons-is-layout-a89b3969 wp-block-buttons-is-layout-flex\">\n<div class=\"wp-block-button is-style-fill\"><a class=\"wp-block-button__link has-palette-bg-color has-palette-text-background-color has-text-color has-background has-text-align-center wp-element-button\" href=\"https:\/\/mx.motorad.com\/contact\/do-you-need-custom-development\/\">Chcemy by\u0107 Twoim dostawc\u0105<\/a><\/div>\n<\/div>\n<\/div>\n<\/div>\n<\/div><\/div>\n","protected":false},"excerpt":{"rendered":"<p>TESTER UK\u0141ADU CH\u0141ODZENIA Tester ci\u015bnienia uk\u0142adu ch\u0142odzenia MotoRad MT-300 to wyb\u00f3r profesjonalist\u00f3w, je\u015bli chodzi o testowanie uk\u0142ad\u00f3w ch\u0142odzenia pojazd\u00f3w i [&#8230;]<\/p>\n","protected":false},"author":1,"featured_media":0,"parent":5657,"menu_order":0,"comment_status":"closed","ping_status":"closed","template":"","meta":{"_acf_changed":false,"footnotes":""},"class_list":["post-5681","page","type-page","status-publish","hentry"],"acf":[],"yoast_head":"<!-- This site is optimized with the Yoast SEO Premium plugin v27.2 (Yoast SEO v27.2) - https:\/\/yoast.com\/product\/yoast-seo-premium-wordpress\/ -->\n<title>TESTER UK\u0141ADU CH\u0141ODZENIA - MotoRad<\/title>\n<meta name=\"description\" content=\"MotoRad - TESTER UK\u0141ADU CH\u0141ODZENIA\" \/>\n<meta name=\"robots\" content=\"index, follow, max-snippet:-1, max-image-preview:large, max-video-preview:-1\" \/>\n<link rel=\"canonical\" href=\"https:\/\/mx.motorad.com\/pl\/produkty\/czapki\/tester-ukladu-chlodzenia\/\" \/>\n<meta property=\"og:locale\" content=\"pl_PL\" \/>\n<meta property=\"og:type\" content=\"article\" \/>\n<meta property=\"og:title\" content=\"TESTER UK\u0141ADU CH\u0141ODZENIA\" \/>\n<meta property=\"og:description\" content=\"MotoRad - TESTER UK\u0141ADU CH\u0141ODZENIA\" \/>\n<meta property=\"og:url\" content=\"https:\/\/mx.motorad.com\/pl\/produkty\/czapki\/tester-ukladu-chlodzenia\/\" \/>\n<meta property=\"og:site_name\" content=\"MotoRad\" \/>\n<meta property=\"article:modified_time\" content=\"2025-06-13T12:46:29+00:00\" \/>\n<meta property=\"og:image\" content=\"https:\/\/mx.motorad.com\/wp-content\/uploads\/2025\/04\/MT300_FRONT2.jpg\" \/>\n\t<meta property=\"og:image:width\" content=\"1000\" \/>\n\t<meta property=\"og:image:height\" content=\"1000\" \/>\n\t<meta property=\"og:image:type\" content=\"image\/jpeg\" \/>\n<meta name=\"twitter:card\" content=\"summary_large_image\" \/>\n<meta name=\"twitter:label1\" content=\"Est. reading time\" \/>\n\t<meta name=\"twitter:data1\" content=\"1 minuta\" \/>\n<script type=\"application\/ld+json\" class=\"yoast-schema-graph\">{\"@context\":\"https:\/\/schema.org\",\"@graph\":[{\"@type\":\"WebPage\",\"@id\":\"https:\/\/mx.motorad.com\/pl\/produkty\/czapki\/tester-ukladu-chlodzenia\/\",\"url\":\"https:\/\/mx.motorad.com\/pl\/produkty\/czapki\/tester-ukladu-chlodzenia\/\",\"name\":\"TESTER UK\u0141ADU CH\u0141ODZENIA - MotoRad\",\"isPartOf\":{\"@id\":\"https:\/\/mx.motorad.com\/pl\/#website\"},\"primaryImageOfPage\":{\"@id\":\"https:\/\/mx.motorad.com\/pl\/produkty\/czapki\/tester-ukladu-chlodzenia\/#primaryimage\"},\"image\":{\"@id\":\"https:\/\/mx.motorad.com\/pl\/produkty\/czapki\/tester-ukladu-chlodzenia\/#primaryimage\"},\"thumbnailUrl\":\"https:\/\/mx.motorad.com\/wp-content\/uploads\/2025\/04\/MT300_FRONT2.jpg\",\"datePublished\":\"2025-04-03T18:51:06+00:00\",\"dateModified\":\"2025-06-13T12:46:29+00:00\",\"description\":\"MotoRad - TESTER UK\u0141ADU CH\u0141ODZENIA\",\"breadcrumb\":{\"@id\":\"https:\/\/mx.motorad.com\/pl\/produkty\/czapki\/tester-ukladu-chlodzenia\/#breadcrumb\"},\"inLanguage\":\"pl-PL\",\"potentialAction\":[{\"@type\":\"ReadAction\",\"target\":[\"https:\/\/mx.motorad.com\/pl\/produkty\/czapki\/tester-ukladu-chlodzenia\/\"]}]},{\"@type\":\"ImageObject\",\"inLanguage\":\"pl-PL\",\"@id\":\"https:\/\/mx.motorad.com\/pl\/produkty\/czapki\/tester-ukladu-chlodzenia\/#primaryimage\",\"url\":\"https:\/\/mx.motorad.com\/wp-content\/uploads\/2025\/04\/MT300_FRONT2.jpg\",\"contentUrl\":\"https:\/\/mx.motorad.com\/wp-content\/uploads\/2025\/04\/MT300_FRONT2.jpg\"},{\"@type\":\"BreadcrumbList\",\"@id\":\"https:\/\/mx.motorad.com\/pl\/produkty\/czapki\/tester-ukladu-chlodzenia\/#breadcrumb\",\"itemListElement\":[{\"@type\":\"ListItem\",\"position\":1,\"name\":\"Home\",\"item\":\"https:\/\/mx.motorad.com\/pl\/\"},{\"@type\":\"ListItem\",\"position\":2,\"name\":\"Produkty\",\"item\":\"https:\/\/motoradnew.test\/pl\/produkty\/\"},{\"@type\":\"ListItem\",\"position\":3,\"name\":\"Czapki\",\"item\":\"https:\/\/motoradnew.test\/pl\/produkty\/czapki\/\"},{\"@type\":\"ListItem\",\"position\":4,\"name\":\"TESTER UK\u0141ADU CH\u0141ODZENIA\"}]},{\"@type\":\"WebSite\",\"@id\":\"https:\/\/mx.motorad.com\/pl\/#website\",\"url\":\"https:\/\/mx.motorad.com\/pl\/\",\"name\":\"MotoRad\",\"description\":\"Trusted to Deliver Better - Thermal Management, Emissions, Powertrain Controls\",\"potentialAction\":[{\"@type\":\"SearchAction\",\"target\":{\"@type\":\"EntryPoint\",\"urlTemplate\":\"https:\/\/mx.motorad.com\/pl\/?s={search_term_string}\"},\"query-input\":{\"@type\":\"PropertyValueSpecification\",\"valueRequired\":true,\"valueName\":\"search_term_string\"}}],\"inLanguage\":\"pl-PL\"}]}<\/script>\n<!-- \/ Yoast SEO Premium plugin. -->","yoast_head_json":{"title":"TESTER UK\u0141ADU CH\u0141ODZENIA - MotoRad","description":"MotoRad - TESTER UK\u0141ADU CH\u0141ODZENIA","robots":{"index":"index","follow":"follow","max-snippet":"max-snippet:-1","max-image-preview":"max-image-preview:large","max-video-preview":"max-video-preview:-1"},"canonical":"https:\/\/mx.motorad.com\/pl\/produkty\/czapki\/tester-ukladu-chlodzenia\/","og_locale":"pl_PL","og_type":"article","og_title":"TESTER UK\u0141ADU CH\u0141ODZENIA","og_description":"MotoRad - TESTER UK\u0141ADU CH\u0141ODZENIA","og_url":"https:\/\/mx.motorad.com\/pl\/produkty\/czapki\/tester-ukladu-chlodzenia\/","og_site_name":"MotoRad","article_modified_time":"2025-06-13T12:46:29+00:00","og_image":[{"width":1000,"height":1000,"url":"https:\/\/mx.motorad.com\/wp-content\/uploads\/2025\/04\/MT300_FRONT2.jpg","type":"image\/jpeg"}],"twitter_card":"summary_large_image","twitter_misc":{"Est. reading time":"1 minuta"},"schema":{"@context":"https:\/\/schema.org","@graph":[{"@type":"WebPage","@id":"https:\/\/mx.motorad.com\/pl\/produkty\/czapki\/tester-ukladu-chlodzenia\/","url":"https:\/\/mx.motorad.com\/pl\/produkty\/czapki\/tester-ukladu-chlodzenia\/","name":"TESTER UK\u0141ADU CH\u0141ODZENIA - MotoRad","isPartOf":{"@id":"https:\/\/mx.motorad.com\/pl\/#website"},"primaryImageOfPage":{"@id":"https:\/\/mx.motorad.com\/pl\/produkty\/czapki\/tester-ukladu-chlodzenia\/#primaryimage"},"image":{"@id":"https:\/\/mx.motorad.com\/pl\/produkty\/czapki\/tester-ukladu-chlodzenia\/#primaryimage"},"thumbnailUrl":"https:\/\/mx.motorad.com\/wp-content\/uploads\/2025\/04\/MT300_FRONT2.jpg","datePublished":"2025-04-03T18:51:06+00:00","dateModified":"2025-06-13T12:46:29+00:00","description":"MotoRad - TESTER UK\u0141ADU CH\u0141ODZENIA","breadcrumb":{"@id":"https:\/\/mx.motorad.com\/pl\/produkty\/czapki\/tester-ukladu-chlodzenia\/#breadcrumb"},"inLanguage":"pl-PL","potentialAction":[{"@type":"ReadAction","target":["https:\/\/mx.motorad.com\/pl\/produkty\/czapki\/tester-ukladu-chlodzenia\/"]}]},{"@type":"ImageObject","inLanguage":"pl-PL","@id":"https:\/\/mx.motorad.com\/pl\/produkty\/czapki\/tester-ukladu-chlodzenia\/#primaryimage","url":"https:\/\/mx.motorad.com\/wp-content\/uploads\/2025\/04\/MT300_FRONT2.jpg","contentUrl":"https:\/\/mx.motorad.com\/wp-content\/uploads\/2025\/04\/MT300_FRONT2.jpg"},{"@type":"BreadcrumbList","@id":"https:\/\/mx.motorad.com\/pl\/produkty\/czapki\/tester-ukladu-chlodzenia\/#breadcrumb","itemListElement":[{"@type":"ListItem","position":1,"name":"Home","item":"https:\/\/mx.motorad.com\/pl\/"},{"@type":"ListItem","position":2,"name":"Produkty","item":"https:\/\/motoradnew.test\/pl\/produkty\/"},{"@type":"ListItem","position":3,"name":"Czapki","item":"https:\/\/motoradnew.test\/pl\/produkty\/czapki\/"},{"@type":"ListItem","position":4,"name":"TESTER UK\u0141ADU CH\u0141ODZENIA"}]},{"@type":"WebSite","@id":"https:\/\/mx.motorad.com\/pl\/#website","url":"https:\/\/mx.motorad.com\/pl\/","name":"MotoRad","description":"Trusted to Deliver Better - Thermal Management, Emissions, Powertrain Controls","potentialAction":[{"@type":"SearchAction","target":{"@type":"EntryPoint","urlTemplate":"https:\/\/mx.motorad.com\/pl\/?s={search_term_string}"},"query-input":{"@type":"PropertyValueSpecification","valueRequired":true,"valueName":"search_term_string"}}],"inLanguage":"pl-PL"}]}},"_links":{"self":[{"href":"https:\/\/mx.motorad.com\/pl\/wp-json\/wp\/v2\/pages\/5681","targetHints":{"allow":["GET"]}}],"collection":[{"href":"https:\/\/mx.motorad.com\/pl\/wp-json\/wp\/v2\/pages"}],"about":[{"href":"https:\/\/mx.motorad.com\/pl\/wp-json\/wp\/v2\/types\/page"}],"author":[{"embeddable":true,"href":"https:\/\/mx.motorad.com\/pl\/wp-json\/wp\/v2\/users\/1"}],"replies":[{"embeddable":true,"href":"https:\/\/mx.motorad.com\/pl\/wp-json\/wp\/v2\/comments?post=5681"}],"version-history":[{"count":1,"href":"https:\/\/mx.motorad.com\/pl\/wp-json\/wp\/v2\/pages\/5681\/revisions"}],"predecessor-version":[{"id":5683,"href":"https:\/\/mx.motorad.com\/pl\/wp-json\/wp\/v2\/pages\/5681\/revisions\/5683"}],"up":[{"embeddable":true,"href":"https:\/\/mx.motorad.com\/pl\/wp-json\/wp\/v2\/pages\/5657"}],"wp:attachment":[{"href":"https:\/\/mx.motorad.com\/pl\/wp-json\/wp\/v2\/media?parent=5681"}],"curies":[{"name":"wp","href":"https:\/\/api.w.org\/{rel}","templated":true}]}}